{"id":48341,"date":"2020-05-01T17:19:45","date_gmt":"2020-05-01T15:19:45","guid":{"rendered":"https:\/\/obera.fr\/%cf%84%ce%b1-%cf%80%cf%81%ce%bf%cf%8a%cf%8c%ce%bd%cf%84%ce%b1-%ce%bc%ce%b1%cf%82\/%ce%b1%ce%bd%ce%b1%ce%bb%cf%85%cf%84%ce%ad%cf%82-%ce%b1%ce%ad%cf%81%ce%b1\/"},"modified":"2025-04-22T09:39:48","modified_gmt":"2025-04-22T07:39:48","slug":"analyseurs-air","status":"publish","type":"page","link":"https:\/\/obera.fr\/el\/produits\/analyseurs-air\/","title":{"rendered":"\u0391\u03bd\u03b1\u03bb\u03c5\u03c4\u03ad\u03c2 \u03b1\u03ad\u03c1\u03b1"},"content":{"rendered":"\n<p>\u0397 OberA \u03b4\u03b9\u03b1\u03b8\u03ad\u03c4\u03b5\u03b9 \u03c3\u03b5\u03b9\u03c1\u03ac 5 \u03b1\u03bd\u03b1\u03bb\u03c5\u03c4\u03ce\u03bd \u03b1\u03ad\u03c1\u03b1. \u03a3\u03ba\u03bf\u03c0\u03cc\u03c2 \u03b1\u03c5\u03c4\u03ce\u03bd \u03c4\u03c9\u03bd \u03c3\u03c5\u03c3\u03ba\u03b5\u03c5\u03ce\u03bd \u03b5\u03af\u03bd\u03b1\u03b9 \u03bd\u03b1 \u03b1\u03c0\u03bf\u03ba\u03b1\u03bb\u03cd\u03c0\u03c4\u03bf\u03c5\u03bd \u03c4\u03b9\u03c2 \u03b4\u03b9\u03ac\u03c6\u03bf\u03c1\u03b5\u03c2 \u03c0\u03b1\u03c1\u03b1\u03bc\u03ad\u03c4\u03c1\u03bf\u03c5\u03c2 \u03c4\u03bf\u03c5 \u03b1\u03ad\u03c1\u03b1 \u03c0\u03bf\u03c5 \u03c5\u03c0\u03ac\u03c1\u03c7\u03bf\u03c5\u03bd \u03c3\u03c4\u03bf \u03c7\u03ce\u03c1\u03bf \u03b5\u03c1\u03b3\u03b1\u03c3\u03af\u03b1\u03c2 \u03c3\u03b1\u03c2. <\/p>\n\n\n<h2 class=\"wp-block-heading\" id=\"les-produits-de-la-gamme-obera\">\u03a0\u03c1\u03bf\u03ca\u03cc\u03bd\u03c4\u03b1 \u03c4\u03b7\u03c2 \u03c3\u03b5\u03b9\u03c1\u03ac\u03c2 OberA<\/h2>\n\n<div class=\"wp-block-columns is-layout-flex wp-container-core-columns-is-layout-28f84493 wp-block-columns-is-layout-flex\">\n<div class=\"wp-block-column is-layout-flow wp-block-column-is-layout-flow\">\n<h3 class=\"wp-block-heading has-text-align-center\" id=\"obcare\"><a href=\"https:\/\/obera.fr\/el\/produits\/analyseurs-air\/%ce%b1%ce%b9%cf%83%ce%b8%ce%b7%cf%84%ce%ae%cf%81%ce%b1%cf%82-co2-obcare\/\">OBCARE<\/a><\/h3>\n\n\n\n<figure class=\"wp-block-image aligncenter size-medium is-resized\"><a href=\"https:\/\/obera.fr\/produits\/analyseurs-air\/capteur-co2-obcare\/\"><img decoding=\"async\" width=\"300\" height=\"212\" src=\"https:\/\/obera.fr\/wp-content\/uploads\/2021\/09\/Capteur_CO2_OBCARE-2-300x212.png\" alt=\"&#x3B1;&#x3B9;&#x3C3;&#x3B8;&#x3B7;&#x3C4;&#x3AE;&#x3C1;&#x3B1;&#x3C2; co2 obcare\" class=\"wp-image-6918\" style=\"aspect-ratio:1.4180327868852458;width:216px;height:auto\" srcset=\"https:\/\/obera.fr\/wp-content\/uploads\/2021\/09\/Capteur_CO2_OBCARE-2-300x212.png 300w, https:\/\/obera.fr\/wp-content\/uploads\/2021\/09\/Capteur_CO2_OBCARE-2-768x542.png 768w, https:\/\/obera.fr\/wp-content\/uploads\/2021\/09\/Capteur_CO2_OBCARE-2.png 921w\" sizes=\"(max-width: 300px) 100vw, 300px\" \/><\/a><\/figure>\n\n\n\n<p><\/p>\n\n\n\n<p><a href=\"https:\/\/obera.fr\/el\/produits\/analyseurs-air\/%ce%b1%ce%b9%cf%83%ce%b8%ce%b7%cf%84%ce%ae%cf%81%ce%b1%cf%82-co2-obcare\/\" data-type=\"page\" data-id=\"6812\"><strong>\u03a4\u03bf OBCARE <\/strong>\u03b5\u03af\u03bd\u03b1\u03b9 \u03ad\u03bd\u03b1\u03c2 \u03ba\u03b1\u03b8\u03b1\u03c1\u03cc\u03c2 \u03b1\u03b9\u03c3\u03b8\u03b7\u03c4\u03ae\u03c1\u03b1\u03c2 C02<\/a>. \u03a7\u03c1\u03b7\u03c3\u03b9\u03bc\u03bf\u03c0\u03bf\u03b9\u03ce\u03bd\u03c4\u03b1\u03c2 \u03c4\u03b5\u03c7\u03bd\u03bf\u03bb\u03bf\u03b3\u03af\u03b1 NDIR (\u03b1\u03b9\u03c3\u03b8\u03b7\u03c4\u03ae\u03c1\u03b5\u03c2 \u03c5\u03c0\u03b5\u03c1\u03cd\u03b8\u03c1\u03c9\u03bd \u03c7\u03c9\u03c1\u03af\u03c2 \u03b4\u03b9\u03b1\u03c3\u03c0\u03bf\u03c1\u03ac) \u03bc\u03b5 \u03b1\u03c5\u03c4\u03cc\u03bc\u03b1\u03c4\u03b7 \u03b2\u03b1\u03b8\u03bc\u03bf\u03bd\u03cc\u03bc\u03b7\u03c3\u03b7, \u03c3\u03c4\u03cc\u03c7\u03bf\u03c2 \u03c4\u03bf\u03c5 \u03b5\u03af\u03bd\u03b1\u03b9 \u03bd\u03b1 \u03b4\u03b5\u03af\u03c7\u03bd\u03b5\u03b9 \u03bc\u03b5 \u03b1\u03ba\u03c1\u03af\u03b2\u03b5\u03b9\u03b1 \u03c4\u03b7 \u03c3\u03c5\u03b3\u03ba\u03ad\u03bd\u03c4\u03c1\u03c9\u03c3\u03b7 \u03c3\u03b5 ppm \u03c3\u03b5 \u03c0\u03c1\u03b1\u03b3\u03bc\u03b1\u03c4\u03b9\u03ba\u03cc \u03c7\u03c1\u03cc\u03bd\u03bf (\u03b1\u03ba\u03c1\u03af\u03b2\u03b5\u03b9\u03b1 \u00b1 60ppm). <\/p>\n<\/div>\n\n\n\n<div class=\"wp-block-column is-layout-flow wp-block-column-is-layout-flow\">\n<h3 class=\"wp-block-heading has-text-align-center\" id=\"compteur-de-particules\"><a href=\"https:\/\/obera.fr\/el\/produits\/analyseurs-air\/%ce%bc%ce%b5%cf%84%cf%81%ce%b7%cf%84%ce%ae%cf%82-%cf%83%cf%89%ce%bc%ce%b1%cf%84%ce%b9%ce%b4%ce%af%cf%89%ce%bd\/\">\u039c\u03b5\u03c4\u03c1\u03b7\u03c4\u03ae\u03c2 \u03c3\u03c9\u03bc\u03b1\u03c4\u03b9\u03b4\u03af\u03c9\u03bd<\/a><\/h3>\n\n\n\n<figure class=\"wp-block-image aligncenter size-thumbnail\"><a href=\"https:\/\/obera.fr\/produits\/analyseurs-air\/compteur-particules\/\"><img decoding=\"async\" width=\"150\" height=\"150\" src=\"https:\/\/obera.fr\/wp-content\/uploads\/2020\/08\/compteur-de-particules-150x150.png\" alt=\"&#x39C;&#x3B5;&#x3C4;&#x3C1;&#x3B7;&#x3C4;&#x3AE;&#x3C2; &#x3C3;&#x3C9;&#x3BC;&#x3B1;&#x3C4;&#x3B9;&#x3B4;&#x3AF;&#x3C9;&#x3BD;\" class=\"wp-image-714\" srcset=\"https:\/\/obera.fr\/wp-content\/uploads\/2020\/08\/compteur-de-particules-150x150.png 150w, https:\/\/obera.fr\/wp-content\/uploads\/2020\/08\/compteur-de-particules-300x300.png 300w, https:\/\/obera.fr\/wp-content\/uploads\/2020\/08\/compteur-de-particules.png 433w\" sizes=\"(max-width: 150px) 100vw, 150px\" \/><\/a><\/figure>\n\n\n\n<p>\u039f <a href=\"https:\/\/obera.fr\/el\/produits\/analyseurs-air\/%ce%bc%ce%b5%cf%84%cf%81%ce%b7%cf%84%ce%ae%cf%82-%cf%83%cf%89%ce%bc%ce%b1%cf%84%ce%b9%ce%b4%ce%af%cf%89%ce%bd\/\" data-type=\"page\" data-id=\"539\">\u03bc\u03b5\u03c4\u03c1\u03b7\u03c4\u03ae\u03c2 \u03c3\u03c9\u03bc\u03b1\u03c4\u03b9\u03b4\u03af\u03c9\u03bd OberA<\/a> \u03b5\u03af\u03bd\u03b1\u03b9 \u03b9\u03ba\u03b1\u03bd\u03cc\u03c2 \u03bd\u03b1 \u03bc\u03b5\u03c4\u03c1\u03ac \u03c3\u03c9\u03bc\u03b1\u03c4\u03af\u03b4\u03b9\u03b1 \u03c3\u03ba\u03cc\u03bd\u03b7\u03c2 PM0.3 \u03ad\u03c9\u03c2 PM10 (\u03c3\u03c9\u03bc\u03b1\u03c4\u03af\u03b4\u03b9\u03b1 \u03b1\u03c0\u03cc 0.3um \u03ad\u03c9\u03c2 10um). \u03a0\u03b1\u03c1\u03b1\u03ba\u03bf\u03bb\u03bf\u03c5\u03b8\u03b5\u03af \u03c4\u03b7 \u03b8\u03b5\u03c1\u03bc\u03bf\u03ba\u03c1\u03b1\u03c3\u03af\u03b1 \u03b1\u03c0\u03cc 0\u00b0C \u03ad\u03c9\u03c2 50\u00b0C \u03ba\u03b1\u03b9 \u03c4\u03b7 \u03c3\u03c7\u03b5\u03c4\u03b9\u03ba\u03ae \u03c5\u03b3\u03c1\u03b1\u03c3\u03af\u03b1. <\/p>\n<\/div>\n<\/div>\n\n<div style=\"height:30px\" aria-hidden=\"true\" class=\"wp-block-spacer\"><\/div>\n\n<div class=\"wp-block-buttons is-horizontal is-content-justification-center is-layout-flex wp-container-core-buttons-is-layout-03627597 wp-block-buttons-is-layout-flex\">\n<div class=\"wp-block-button has-custom-width wp-block-button__width-100\"><a class=\"wp-block-button__link wp-element-button\" href=\"https:\/\/obera.fr\/el\/%CE%B5%CF%80%CE%B9%CE%BA%CE%BF%CE%B9%CE%BD%CF%89%CE%BD%CE%AE%CF%83%CF%84%CE%B5-%CE%BC%CE%B1%CE%B6%CE%AF-%CE%BC%CE%B1%CF%82\/\">\u039c\u03ac\u03b8\u03b5\u03c4\u03b5 \u03c0\u03b5\u03c1\u03b9\u03c3\u03c3\u03cc\u03c4\u03b5\u03c1\u03b1<\/a><\/div>\n<\/div>\n\n<p><\/p>\n\n<h2 class=\"wp-block-heading\" id=\"pourquoi-mesurer-la-qualite-de-mon-air\">\u0393\u03b9\u03b1\u03c4\u03af \u03bd\u03b1 \u03bc\u03b5\u03c4\u03c1\u03ae\u03c3\u03c9 \u03c4\u03b7\u03bd \u03c0\u03bf\u03b9\u03cc\u03c4\u03b7\u03c4\u03b1 \u03c4\u03bf\u03c5 \u03b1\u03ad\u03c1\u03b1 \u03bc\u03bf\u03c5;<\/h2>\n\n<p>\u039f \u03b1\u03ad\u03c1\u03b1\u03c2 \u03b5\u03af\u03bd\u03b1\u03b9 \u03b1\u03c0\u03b1\u03c1\u03b1\u03af\u03c4\u03b7\u03c4\u03bf \u03c3\u03c4\u03bf\u03b9\u03c7\u03b5\u03af\u03bf \u03b3\u03b9\u03b1 \u03c4\u03bf\u03bd \u03ac\u03bd\u03b8\u03c1\u03c9\u03c0\u03bf \u03ba\u03b1\u03b9 \u03b7 \u03b1\u03bd\u03b1\u03c0\u03bd\u03bf\u03ae \u03c5\u03b3\u03b9\u03bf\u03cd\u03c2 \u03b1\u03ad\u03c1\u03b1 \u03b5\u03af\u03bd\u03b1\u03b9 \u03b1\u03c0\u03b1\u03c1\u03b1\u03af\u03c4\u03b7\u03c4\u03b7 \u03b3\u03b9\u03b1 \u03c4\u03b7\u03bd \u03c5\u03b3\u03b5\u03af\u03b1 \u03ba\u03b1\u03b9 \u03c4\u03b7\u03bd \u03b5\u03c5\u03b7\u03bc\u03b5\u03c1\u03af\u03b1 \u03c4\u03c9\u03bd \u03b5\u03c1\u03b3\u03b1\u03b6\u03bf\u03bc\u03ad\u03bd\u03c9\u03bd. \u0391\u03c5\u03c4\u03cc \u03c0\u03b5\u03c1\u03b9\u03bb\u03b1\u03bc\u03b2\u03ac\u03bd\u03b5\u03b9 \u03c4\u03b7\u03bd \u03b1\u03bd\u03ac\u03bb\u03c5\u03c3\u03b7 \u03c4\u03bf\u03c5 \u03b1\u03ad\u03c1\u03b1 \u03c0\u03bf\u03c5 \u03b1\u03bd\u03b1\u03c0\u03bd\u03ad\u03bf\u03c5\u03bd \u03bf\u03b9 \u03b5\u03c1\u03b3\u03b1\u03b6\u03cc\u03bc\u03b5\u03bd\u03bf\u03af \u03c3\u03b1\u03c2 \u03ba\u03b1\u03b9 \u03c4\u03b7\u03bd \u03b1\u03c0\u03cc\u03c6\u03b1\u03c3\u03b7 \u03b3\u03b9\u03b1 \u03c4\u03bf \u03b1\u03bd \u03b1\u03be\u03af\u03b6\u03b5\u03b9 \u03bd\u03b1 \u03b5\u03be\u03bf\u03c0\u03bb\u03af\u03c3\u03b5\u03c4\u03b5 \u03c4\u03bf\u03bd \u03c7\u03ce\u03c1\u03bf \u03b5\u03c1\u03b3\u03b1\u03c3\u03af\u03b1\u03c2 \u03c3\u03b1\u03c2 \u03bc\u03b5 \u03ad\u03bd\u03b1 \u03c3\u03cd\u03c3\u03c4\u03b7\u03bc\u03b1 \u03b5\u03c0\u03b5\u03be\u03b5\u03c1\u03b3\u03b1\u03c3\u03af\u03b1\u03c2 \u03b1\u03ad\u03c1\u03b1. <\/p>\n\n<p>\u0391\u03c5\u03c4\u03ae \u03b7 \u03b1\u03bd\u03ac\u03bb\u03c5\u03c3\u03b7 \u03c4\u03bf\u03c5 \u03b1\u03ad\u03c1\u03b1 \u03b8\u03b1 \u03b1\u03c0\u03bf\u03ba\u03b1\u03bb\u03cd\u03c8\u03b5\u03b9 \u03b5\u03c0\u03af\u03c3\u03b7\u03c2 \u03c4\u03bf\u03bd \u03c4\u03cd\u03c0\u03bf \u03c4\u03c9\u03bd \u03c1\u03cd\u03c0\u03c9\u03bd \u03c0\u03bf\u03c5 \u03c5\u03c0\u03ac\u03c1\u03c7\u03bf\u03c5\u03bd \u03c3\u03c4\u03bf \u03c7\u03ce\u03c1\u03bf \u03b5\u03c1\u03b3\u03b1\u03c3\u03af\u03b1\u03c2 \u03c3\u03b1\u03c2 \u03ba\u03b1\u03b9 \u03c4\u03b1 \u03b5\u03c0\u03af\u03c0\u03b5\u03b4\u03b1 \u03c3\u03c5\u03b3\u03ba\u03ad\u03bd\u03c4\u03c1\u03c9\u03c3\u03ae\u03c2 \u03c4\u03bf\u03c5\u03c2, \u03c4\u03b1 \u03bf\u03c0\u03bf\u03af\u03b1 \u03b8\u03b1 \u03b5\u03af\u03bd\u03b1\u03b9 \u03c7\u03c1\u03ae\u03c3\u03b9\u03bc\u03b1 \u03ba\u03b1\u03c4\u03ac \u03c4\u03b7\u03bd \u03b5\u03c0\u03b9\u03bb\u03bf\u03b3\u03ae \u03c4\u03bf\u03c5 \u03c6\u03af\u03bb\u03c4\u03c1\u03bf\u03c5 \u03b3\u03b9\u03b1 \u03c4\u03bf \u03c3\u03cd\u03c3\u03c4\u03b7\u03bc\u03b1 \u03b4\u03b9\u03b1\u03c7\u03b5\u03af\u03c1\u03b9\u03c3\u03b7\u03c2 \u03b1\u03ad\u03c1\u03b1.<\/p>\n","protected":false},"excerpt":{"rendered":"<p>\u0397 OberA \u03b4\u03b9\u03b1\u03b8\u03ad\u03c4\u03b5\u03b9 \u03c3\u03b5\u03b9\u03c1\u03ac 5 \u03b1\u03bd\u03b1\u03bb\u03c5\u03c4\u03ce\u03bd \u03b1\u03ad\u03c1\u03b1. \u03a3\u03ba\u03bf\u03c0\u03cc\u03c2 \u03b1\u03c5\u03c4\u03ce\u03bd \u03c4\u03c9\u03bd \u03c3\u03c5\u03c3\u03ba\u03b5\u03c5\u03ce\u03bd \u03b5\u03af\u03bd\u03b1\u03b9 \u03bd\u03b1 \u03b1\u03c0\u03bf\u03ba\u03b1\u03bb\u03cd\u03c0\u03c4\u03bf\u03c5\u03bd \u03c4\u03b9\u03c2 \u03b4\u03b9\u03ac\u03c6\u03bf\u03c1\u03b5\u03c2 \u03c0\u03b1\u03c1\u03b1\u03bc\u03ad\u03c4\u03c1\u03bf\u03c5\u03c2 \u03c4\u03bf\u03c5 \u03b1\u03ad\u03c1\u03b1 \u03c0\u03bf\u03c5 \u03c5\u03c0\u03ac\u03c1\u03c7\u03bf\u03c5\u03bd \u03c3\u03c4\u03bf \u03c7\u03ce\u03c1\u03bf \u03b5\u03c1\u03b3\u03b1\u03c3\u03af\u03b1\u03c2 \u03c3\u03b1\u03c2. \u03a0\u03c1\u03bf\u03ca\u03cc\u03bd\u03c4\u03b1 \u03c4\u03b7\u03c2 \u03c3\u03b5\u03b9\u03c1\u03ac\u03c2 OberA OBCARE \u03a4\u03bf OBCARE \u03b5\u03af\u03bd\u03b1\u03b9 \u03ad\u03bd\u03b1\u03c2 \u03ba\u03b1\u03b8\u03b1\u03c1\u03cc\u03c2 \u03b1\u03b9\u03c3\u03b8\u03b7\u03c4\u03ae\u03c1\u03b1\u03c2 C02. \u03a7\u03c1\u03b7\u03c3\u03b9\u03bc\u03bf\u03c0\u03bf\u03b9\u03ce\u03bd\u03c4\u03b1\u03c2 \u03c4\u03b5\u03c7\u03bd\u03bf\u03bb\u03bf\u03b3\u03af\u03b1 NDIR (\u03b1\u03b9\u03c3\u03b8\u03b7\u03c4\u03ae\u03c1\u03b5\u03c2 \u03c5\u03c0\u03b5\u03c1\u03cd\u03b8\u03c1\u03c9\u03bd \u03c7\u03c9\u03c1\u03af\u03c2 \u03b4\u03b9\u03b1\u03c3\u03c0\u03bf\u03c1\u03ac) \u03bc\u03b5 \u03b1\u03c5\u03c4\u03cc\u03bc\u03b1\u03c4\u03b7 \u03b2\u03b1\u03b8\u03bc\u03bf\u03bd\u03cc\u03bc\u03b7\u03c3\u03b7, \u03c3\u03c4\u03cc\u03c7\u03bf\u03c2 \u03c4\u03bf\u03c5 \u03b5\u03af\u03bd\u03b1\u03b9 \u03bd\u03b1 \u03b4\u03b5\u03af\u03c7\u03bd\u03b5\u03b9 \u03bc\u03b5 \u03b1\u03ba\u03c1\u03af\u03b2\u03b5\u03b9\u03b1 \u03c4\u03b7 \u03c3\u03c5\u03b3\u03ba\u03ad\u03bd\u03c4\u03c1\u03c9\u03c3\u03b7 \u03c3\u03b5 ppm \u03c3\u03b5 \u03c0\u03c1\u03b1\u03b3\u03bc\u03b1\u03c4\u03b9\u03ba\u03cc \u03c7\u03c1\u03cc\u03bd\u03bf (\u03b1\u03ba\u03c1\u03af\u03b2\u03b5\u03b9\u03b1 \u00b1 60ppm). \u039c\u03b5\u03c4\u03c1\u03b7\u03c4\u03ae\u03c2 \u03c3\u03c9\u03bc\u03b1\u03c4\u03b9\u03b4\u03af\u03c9\u03bd \u039f \u03bc\u03b5\u03c4\u03c1\u03b7\u03c4\u03ae\u03c2 \u03c3\u03c9\u03bc\u03b1\u03c4\u03b9\u03b4\u03af\u03c9\u03bd OberA \u03b5\u03af\u03bd\u03b1\u03b9 \u03b9\u03ba\u03b1\u03bd\u03cc\u03c2 \u03bd\u03b1 \u03bc\u03b5\u03c4\u03c1\u03ac \u03c3\u03c9\u03bc\u03b1\u03c4\u03af\u03b4\u03b9\u03b1 \u03c3\u03ba\u03cc\u03bd\u03b7\u03c2 PM0.3 \u03ad\u03c9\u03c2 PM10 (\u03c3\u03c9\u03bc\u03b1\u03c4\u03af\u03b4\u03b9\u03b1 \u03b1\u03c0\u03cc 0.3um \u03ad\u03c9\u03c2 10um). \u03a0\u03b1\u03c1\u03b1\u03ba\u03bf\u03bb\u03bf\u03c5\u03b8\u03b5\u03af \u03c4\u03b7 \u03b8\u03b5\u03c1\u03bc\u03bf\u03ba\u03c1\u03b1\u03c3\u03af\u03b1 \u03b1\u03c0\u03cc 0\u00b0C \u03ad\u03c9\u03c2 50\u00b0C \u03ba\u03b1\u03b9 \u03c4\u03b7 \u03c3\u03c7\u03b5\u03c4\u03b9\u03ba\u03ae \u03c5\u03b3\u03c1\u03b1\u03c3\u03af\u03b1. \u0393\u03b9\u03b1\u03c4\u03af \u03bd\u03b1 \u03bc\u03b5\u03c4\u03c1\u03ae\u03c3\u03c9 \u03c4\u03b7\u03bd \u03c0\u03bf\u03b9\u03cc\u03c4\u03b7\u03c4\u03b1 &#8230; <\/p>\n<p class=\"read-more-container\"><a title=\"\u0391\u03bd\u03b1\u03bb\u03c5\u03c4\u03ad\u03c2 \u03b1\u03ad\u03c1\u03b1\" class=\"read-more button\" href=\"https:\/\/obera.fr\/el\/produits\/analyseurs-air\/#more-48341\" aria-label=\"Read more about \u0391\u03bd\u03b1\u03bb\u03c5\u03c4\u03ad\u03c2 \u03b1\u03ad\u03c1\u03b1\">Lire la suite<\/a><\/p>\n","protected":false},"author":4,"featured_media":83740,"parent":38124,"menu_order":7,"comment_status":"closed","ping_status":"closed","template":"","meta":{"_acf_changed":false,"_seopress_robots_primary_cat":"","_seopress_titles_title":"Retrouvez tous nos analyseurs d\u2019air de la gamme oberA","_seopress_titles_desc":"OberA dispose d\u2019une gamme de 5 analyseurs d\u2019air. Ces appareils ont pour but de r\u00e9v\u00e9ler les diff\u00e9rents param\u00e8tres de l\u2019air pr\u00e9sent sur votre lieu de travail.","_seopress_robots_index":"","footnotes":""},"class_list":{"0":"post-48341","1":"page","2":"type-page","3":"status-publish","4":"has-post-thumbnail","6":"no-featured-image-padding","7":"resize-featured-image"},"acf":[],"_links":{"self":[{"href":"https:\/\/obera.fr\/el\/wp-json\/wp\/v2\/pages\/48341","targetHints":{"allow":["GET"]}}],"collection":[{"href":"https:\/\/obera.fr\/el\/wp-json\/wp\/v2\/pages"}],"about":[{"href":"https:\/\/obera.fr\/el\/wp-json\/wp\/v2\/types\/page"}],"author":[{"embeddable":true,"href":"https:\/\/obera.fr\/el\/wp-json\/wp\/v2\/users\/4"}],"replies":[{"embeddable":true,"href":"https:\/\/obera.fr\/el\/wp-json\/wp\/v2\/comments?post=48341"}],"version-history":[{"count":4,"href":"https:\/\/obera.fr\/el\/wp-json\/wp\/v2\/pages\/48341\/revisions"}],"predecessor-version":[{"id":63206,"href":"https:\/\/obera.fr\/el\/wp-json\/wp\/v2\/pages\/48341\/revisions\/63206"}],"up":[{"embeddable":true,"href":"https:\/\/obera.fr\/el\/wp-json\/wp\/v2\/pages\/38124"}],"wp:featuredmedia":[{"embeddable":true,"href":"https:\/\/obera.fr\/el\/wp-json\/wp\/v2\/media\/83740"}],"wp:attachment":[{"href":"https:\/\/obera.fr\/el\/wp-json\/wp\/v2\/media?parent=48341"}],"curies":[{"name":"wp","href":"https:\/\/api.w.org\/{rel}","templated":true}]}}