{"id":48384,"date":"2020-08-26T13:00:52","date_gmt":"2020-08-26T11:00:52","guid":{"rendered":""},"modified":"2025-06-03T15:14:01","modified_gmt":"2025-06-03T13:14:01","slug":"compteur-particules","status":"publish","type":"page","link":"https:\/\/obera.fr\/el\/produits\/analyseurs-air\/compteur-particules\/","title":{"rendered":"\u039c\u03b5\u03c4\u03c1\u03b7\u03c4\u03ae\u03c2 \u03c3\u03c9\u03bc\u03b1\u03c4\u03b9\u03b4\u03af\u03c9\u03bd"},"content":{"rendered":"\n<h2 class=\"wp-block-heading\">\u03a0\u03b1\u03c1\u03b1\u03ba\u03bf\u03bb\u03bf\u03cd\u03b8\u03b7\u03c3\u03b7 \u03c4\u03c9\u03bd \u03b5\u03c0\u03b9\u03c0\u03ad\u03b4\u03c9\u03bd \u03c3\u03ba\u03cc\u03bd\u03b7\u03c2<\/h2>\n\n\n\n<div class=\"wp-block-columns is-layout-flex wp-container-core-columns-is-layout-28f84493 wp-block-columns-is-layout-flex\">\n<div class=\"wp-block-column is-layout-flow wp-block-column-is-layout-flow\" style=\"flex-basis:33.33%\">\n<figure class=\"wp-block-image aligncenter size-thumbnail\"><img decoding=\"async\" width=\"150\" height=\"150\" src=\"https:\/\/obera.fr\/wp-content\/uploads\/2020\/08\/compteur-de-particules-150x150.png\" alt=\"\u039c\u03b5\u03c4\u03c1\u03b7\u03c4\u03ae\u03c2 \u03c3\u03c9\u03bc\u03b1\u03c4\u03b9\u03b4\u03af\u03c9\u03bd\" class=\"wp-image-714\" srcset=\"https:\/\/obera.fr\/wp-content\/uploads\/2020\/08\/compteur-de-particules-150x150.png 150w, https:\/\/obera.fr\/wp-content\/uploads\/2020\/08\/compteur-de-particules-300x300.png 300w, https:\/\/obera.fr\/wp-content\/uploads\/2020\/08\/compteur-de-particules.png 433w\" sizes=\"(max-width: 150px) 100vw, 150px\" \/><figcaption class=\"wp-element-caption\">\u039c\u03b5\u03c4\u03c1\u03b7\u03c4\u03ae\u03c2 \u03c3\u03c9\u03bc\u03b1\u03c4\u03b9\u03b4\u03af\u03c9\u03bd<\/figcaption><\/figure>\n<\/div>\n\n\n\n<div class=\"wp-block-column is-layout-flow wp-block-column-is-layout-flow\" style=\"flex-basis:66.66%\">\n<p>\u039f <strong>\u03bc\u03b5\u03c4\u03c1\u03b7\u03c4\u03ae\u03c2 \u03c3\u03c9\u03bc\u03b1\u03c4\u03b9\u03b4\u03af\u03c9\u03bd OberA<\/strong> \u03b5\u03af\u03bd\u03b1\u03b9 \u03ad\u03bd\u03b1 \u03cc\u03c1\u03b3\u03b1\u03bd\u03bf \u03b3\u03b5\u03bd\u03b9\u03ba\u03ae\u03c2 \u03c7\u03c1\u03ae\u03c3\u03b7\u03c2 \u03b3\u03b9\u03b1 \u03c4\u03b7\u03bd \u03ba\u03b1\u03c4\u03b1\u03bc\u03ad\u03c4\u03c1\u03b7\u03c3\u03b7 \u03c3\u03c9\u03bc\u03b1\u03c4\u03b9\u03b4\u03af\u03c9\u03bd \u03c3\u03c4\u03bf\u03bd \u03b1\u03ad\u03c1\u03b1.  <\/p>\n\n\n\n<p>\u0395\u03af\u03bd\u03b1\u03b9 \u03b9\u03ba\u03b1\u03bd\u03cc \u03bd\u03b1 \u03c5\u03c0\u03bf\u03bb\u03bf\u03b3\u03af\u03b6\u03b5\u03b9 \u03ad\u03be\u03b9 \u03b4\u03b9\u03b1\u03c6\u03bf\u03c1\u03b5\u03c4\u03b9\u03ba\u03ac \u03ba\u03bf\u03ba\u03ba\u03bf\u03bc\u03b5\u03c4\u03c1\u03b9\u03ba\u03ac \u03ba\u03bb\u03ac\u03c3\u03bc\u03b1\u03c4\u03b1 \u03c3\u03ba\u03cc\u03bd\u03b7\u03c2 (\u03c3\u03c9\u03bc\u03b1\u03c4\u03af\u03b4\u03b9\u03b1 \u03b1\u03c0\u03cc 0,3 \u03ad\u03c9\u03c2 10 \u03bcm), \u03ba\u03b1\u03b8\u03ce\u03c2 \u03ba\u03b1\u03b9 \u03bd\u03b1 \u03ba\u03b1\u03c4\u03b1\u03b3\u03c1\u03ac\u03c6\u03b5\u03b9 \u03c4\u03b7\u03bd \u03c5\u03b3\u03c1\u03b1\u03c3\u03af\u03b1 \u03ba\u03b1\u03b9 \u03c4\u03b7 \u03b8\u03b5\u03c1\u03bc\u03bf\u03ba\u03c1\u03b1\u03c3\u03af\u03b1 \u03c4\u03bf\u03c5 \u03c0\u03b5\u03c1\u03b9\u03b2\u03ac\u03bb\u03bb\u03bf\u03bd\u03c4\u03bf\u03c2.  <\/p>\n\n\n\n<p>\u0391\u03c5\u03c4\u03cc \u03ba\u03b1\u03b8\u03b9\u03c3\u03c4\u03ac \u03c4\u03bf\u03bd \u03bc\u03b5\u03c4\u03c1\u03b7\u03c4\u03ae \u03c3\u03c9\u03bc\u03b1\u03c4\u03b9\u03b4\u03af\u03c9\u03bd \u03ad\u03bd\u03b1 \u03ba\u03b1\u03b8\u03bf\u03bb\u03b9\u03ba\u03cc \u03ba\u03bf\u03bc\u03bc\u03ac\u03c4\u03b9 \u03b5\u03be\u03bf\u03c0\u03bb\u03b9\u03c3\u03bc\u03bf\u03cd.<\/p>\n\n\n\n<hr class=\"wp-block-separator has-text-color has-black-color has-css-opacity has-black-background-color has-background is-style-dots\"\/>\n\n\n\n<div class=\"wp-block-columns is-layout-flex wp-container-core-columns-is-layout-28f84493 wp-block-columns-is-layout-flex\">\n<div class=\"wp-block-column is-layout-flow wp-block-column-is-layout-flow\" style=\"flex-basis:33.33%\">\n<div class=\"wp-block-buttons is-layout-flex wp-block-buttons-is-layout-flex\">\n<div class=\"wp-block-button\"><a class=\"wp-block-button__link wp-element-button\" href=\"https:\/\/obera.fr\/wp-content\/uploads\/2025\/04\/brochure-obdt-9883m-en.pdf\"><strong>\u039a\u0391\u03a4\u0395\u0392\u0386\u03a3\u03a4\u0395<\/strong>\u03a4\u039f \u03a6\u03a5\u039b\u039b\u0386\u0394\u0399\u039f<\/a><\/div>\n<\/div>\n<\/div>\n\n\n\n<div class=\"wp-block-column is-layout-flow wp-block-column-is-layout-flow\" style=\"flex-basis:33.34%\">\n<div class=\"wp-block-buttons is-horizontal is-content-justification-center is-layout-flex wp-container-core-buttons-is-layout-03627597 wp-block-buttons-is-layout-flex\">\n<div class=\"wp-block-button has-custom-width wp-block-button__width-100\"><a class=\"wp-block-button__link wp-element-button\" href=\"https:\/\/obera.fr\/el\/%CE%B5%CF%80%CE%B9%CE%BA%CE%BF%CE%B9%CE%BD%CF%89%CE%BD%CE%AE%CF%83%CF%84%CE%B5-%CE%BC%CE%B1%CE%B6%CE%AF-%CE%BC%CE%B1%CF%82\/\">\u039c\u03ac\u03b8\u03b5\u03c4\u03b5 \u03c0\u03b5\u03c1\u03b9\u03c3\u03c3\u03cc\u03c4\u03b5\u03c1\u03b1<\/a><\/div>\n<\/div>\n<\/div>\n\n\n\n<div class=\"wp-block-column is-layout-flow wp-block-column-is-layout-flow\" style=\"flex-basis:33.34%\">\n<div class=\"wp-block-buttons is-content-justification-center is-layout-flex wp-container-core-buttons-is-layout-a89b3969 wp-block-buttons-is-layout-flex\">\n<div class=\"wp-block-button btn-devis-source\"><a class=\"wp-block-button__link wp-element-button\" href=\"https:\/\/obera.fr\/el\/devis\/\">\u0396\u03b7\u03c4\u03ae\u03c3\u03c4\u03b5 \u03c0\u03c1\u03bf\u03c3\u03c6\u03bf\u03c1\u03ac<\/a><\/div>\n<\/div>\n\n\n<script>\r\ndocument.addEventListener('DOMContentLoaded', function() {\r\n    \/\/ 1. On cherche le titre H1 de la page\r\n    var h1 = document.querySelector('h1');\r\n    var productTitle = h1 ? h1.innerText.trim() : \"\";\r\n\r\n    \/\/ 2. On cherche les boutons via la classe CSS .btn-devis-source\r\n    var buttons = document.querySelectorAll('.btn-devis-source a');\r\n\r\n    \/\/ 3. Si on a le titre et les boutons, on ajoute le param\u00e8tre\r\n    if (buttons.length > 0 && productTitle !== \"\") {\r\n        var encodedTitle = encodeURIComponent(productTitle);\r\n\r\n        buttons.forEach(function(btn) {\r\n            var currentHref = btn.getAttribute('href');\r\n            \r\n            \/\/ S\u00e9curit\u00e9 pour ne pas ajouter le param\u00e8tre 2 fois\r\n            if (currentHref.indexOf('sujet=') === -1) {\r\n                var separator = currentHref.indexOf('?') !== -1 ? '&' : '?';\r\n                var newLink = currentHref + separator + 'sujet=' + encodedTitle;\r\n                \r\n                btn.setAttribute('href', newLink);\r\n            }\r\n        });\r\n    }\r\n});\r\n<\/script><\/div>\n<\/div>\n\n\n\n<p><\/p>\n<\/div>\n<\/div>\n\n\n\n<h2 class=\"wp-block-heading\">\u03a4\u03b1 \u03bf\u03c6\u03ad\u03bb\u03b7 \u03c4\u03c9\u03bd \u03bc\u03b5\u03c4\u03c1\u03b7\u03c4\u03ce\u03bd \u03c3\u03c9\u03bc\u03b1\u03c4\u03b9\u03b4\u03af\u03c9\u03bd<\/h2>\n\n\n\n<div class=\"wp-block-columns is-layout-flex wp-container-core-columns-is-layout-28f84493 wp-block-columns-is-layout-flex\">\n<div class=\"wp-block-column is-layout-flow wp-block-column-is-layout-flow\">\n<h3 class=\"wp-block-heading has-text-align-center\"><strong>\u039f\u03c6\u03ad\u03bb\u03b7<\/strong><\/h3>\n\n\n\n<ul class=\"wp-block-list\">\n<li>\u0391\u03bd\u03b9\u03c7\u03bd\u03b5\u03cd\u03b5\u03b9 6 \u03bc\u03b5\u03b3\u03ad\u03b8\u03b7 (0,3\/0,5\/1,0\/2,5\/5,0\/10 \u03bcm)<\/li>\n\n\n\n<li>\u039c\u03ad\u03c4\u03c1\u03b7\u03c3\u03b7 \u03b8\u03b5\u03c1\u03bc\u03bf\u03ba\u03c1\u03b1\u03c3\u03af\u03b1\u03c2 \u03ba\u03b1\u03b9 \u03c5\u03b3\u03c1\u03b1\u03c3\u03af\u03b1\u03c2<\/li>\n\n\n\n<li>\u0395\u03bd\u03c3\u03c9\u03bc\u03b1\u03c4\u03c9\u03bc\u03ad\u03bd\u03b7 \u03ba\u03ac\u03bc\u03b5\u03c1\u03b1 \u03b3\u03b9\u03b1 \u03b5\u03b3\u03b3\u03c1\u03b1\u03c6\u03ae \u03b5\u03b9\u03ba\u03cc\u03bd\u03b1\u03c2 \u03ba\u03b1\u03b9 \u03b2\u03af\u03bd\u03c4\u03b5\u03bf<\/li>\n<\/ul>\n<\/div>\n\n\n\n<div class=\"wp-block-column is-layout-flow wp-block-column-is-layout-flow\">\n<h3 class=\"wp-block-heading has-text-align-center\"><strong>\u03a0\u03b1\u03c1\u03b1\u03b4\u03b5\u03af\u03b3\u03bc\u03b1\u03c4\u03b1 \u03b2\u03b9\u03bf\u03bc\u03b7\u03c7\u03b1\u03bd\u03b9\u03ce\u03bd \u03c7\u03c1\u03b7\u03c3\u03c4\u03ce\u03bd<\/strong><\/h3>\n\n\n\n<ul class=\"wp-block-list\">\n<li>\u0393\u03ba\u03c1\u03af\u03b6\u03b1 \u03b4\u03c9\u03bc\u03ac\u03c4\u03b9\u03b1<\/li>\n\n\n\n<li>\u039c\u03b7\u03c7\u03b1\u03bd\u03bf\u03bb\u03cc\u03b3\u03bf\u03c2 \u03bc\u03b7\u03c7\u03b1\u03bd\u03b9\u03ba\u03cc\u03c2<\/li>\n\n\n\n<li>\u039c\u03b5\u03c4\u03b1\u03bb\u03bb\u03bf\u03c5\u03c1\u03b3\u03af\u03b1<\/li>\n\n\n\n<li>\u03a0\u03bb\u03b1\u03c3\u03c4\u03b9\u03ba\u03ac<\/li>\n\n\n\n<li>\u039e\u03cd\u03bb\u03bf<\/li>\n\n\n\n<li>\u03a0\u03b5\u03c4\u03c1\u03bf\u03c7\u03b7\u03bc\u03b9\u03ba\u03ac<\/li>\n\n\n\n<li>\u03a0\u03bf\u03bb\u03c5\u03bc\u03b5\u03c1\u03ae \u03ba\u03b1\u03b9 \u03c0\u03bb\u03b1\u03c3\u03c4\u03b9\u03ba\u03ac<\/li>\n\n\n\n<li>\u03a6\u03b1\u03c1\u03bc\u03b1\u03ba\u03b5\u03c5\u03c4\u03b9\u03ba\u03ac \u03c0\u03c1\u03bf\u03ca\u03cc\u03bd\u03c4\u03b1<\/li>\n\n\n\n<li>\u0392\u03b9\u03bf\u03bc\u03b7\u03c7\u03b1\u03bd\u03af\u03b1 \u03c4\u03c1\u03bf\u03c6\u03af\u03bc\u03c9\u03bd<\/li>\n<\/ul>\n<\/div>\n<\/div>\n\n\n\n<h2 class=\"wp-block-heading\">\u039c\u03b5\u03c4\u03c1\u03bf\u03cd\u03bc\u03b5\u03bd\u03bf\u03b9 \u03c1\u03cd\u03c0\u03bf\u03b9<\/h2>\n\n\n\n<div class=\"wp-block-columns is-layout-flex wp-container-core-columns-is-layout-28f84493 wp-block-columns-is-layout-flex\">\n<div class=\"wp-block-column is-layout-flow wp-block-column-is-layout-flow\">\n<h3 class=\"wp-block-heading\"><strong>\u0391\u03b9\u03c3\u03b8\u03b7\u03c4\u03ae\u03c1\u03b1\u03c2 \u03c3\u03ba\u03cc\u03bd\u03b7\u03c2 PM 0,3 \u03ad\u03c9\u03c2 PM 10<\/strong><\/h3>\n\n\n\n<p>(\u03c3\u03c9\u03bc\u03b1\u03c4\u03af\u03b4\u03b9\u03b1 \u03bc\u03b5\u03b3\u03b1\u03bb\u03cd\u03c4\u03b5\u03c1\u03b1 \u03b1\u03c0\u03cc 0,3\u03bcg \u03ad\u03c9\u03c2 10\u03bcm)<\/p>\n\n\n\n<p>\u039f \u03b1\u03bd\u03b1\u03bb\u03c5\u03c4\u03ae\u03c2 \u03c3\u03c9\u03bc\u03b1\u03c4\u03b9\u03b4\u03af\u03c9\u03bd oberA \u03bc\u03c0\u03bf\u03c1\u03b5\u03af \u03bd\u03b1 \u03bc\u03b5\u03c4\u03c1\u03ae\u03c3\u03b5\u03b9 \u03c4\u03b1\u03c5\u03c4\u03cc\u03c7\u03c1\u03bf\u03bd\u03b1 6 \u03bc\u03b5\u03b3\u03ad\u03b8\u03b7 \u03c3\u03c9\u03bc\u03b1\u03c4\u03b9\u03b4\u03af\u03c9\u03bd. :<\/p>\n\n\n\n<p>0,3\u03bcm \/ 0,5\u03bcm \/ 1\u03bcm \/ 2,5\u03bcm \/ 5\u03bcm \/ 10\u03bcm<\/p>\n<\/div>\n\n\n\n<div class=\"wp-block-column is-layout-flow wp-block-column-is-layout-flow\">\n<h3 class=\"wp-block-heading\"><strong>\u0391\u03b9\u03c3\u03b8\u03b7\u03c4\u03ae\u03c1\u03b1\u03c2 \u03b8\u03b5\u03c1\u03bc\u03bf\u03ba\u03c1\u03b1\u03c3\u03af\u03b1\u03c2<\/strong><\/h3>\n\n\n\n<p>\u0395\u03cd\u03c1\u03bf\u03c2 \u03bc\u03ad\u03c4\u03c1\u03b7\u03c3\u03b7\u03c2 \u03b1\u03c0\u03cc -0 \u03ad\u03c9\u03c2 +50 \u00b0C<\/p>\n<\/div>\n\n\n\n<div class=\"wp-block-column is-layout-flow wp-block-column-is-layout-flow\">\n<h3 class=\"wp-block-heading\"><strong>\u03a3\u03c7\u03b5\u03c4\u03b9\u03ba\u03ae \u03c5\u03b3\u03c1\u03b1\u03c3\u03af\u03b1<\/strong><\/h3>\n\n\n\n<p>\u039c\u03b5\u03c4\u03c1\u03ac 0 \u03ad\u03c9\u03c2 100% \u03c3\u03c7\u03b5\u03c4\u03b9\u03ba\u03ae \u03c5\u03b3\u03c1\u03b1\u03c3\u03af\u03b1<\/p>\n<\/div>\n<\/div>\n\n\n\n<div class=\"wp-block-buttons is-horizontal is-content-justification-center is-layout-flex wp-container-core-buttons-is-layout-03627597 wp-block-buttons-is-layout-flex\">\n<div class=\"wp-block-button\"><a class=\"wp-block-button__link wp-element-button\" href=\"https:\/\/obera.fr\/wp-content\/uploads\/2024\/02\/brochure-compteur-de-particules-.pdf\">\u039a\u03b1\u03c4\u03b5\u03b2\u03ac\u03c3\u03c4\u03b5 \u03c4\u03bf \u03b4\u03b5\u03bb\u03c4\u03af\u03bf \u03c0\u03c1\u03bf\u03ca\u03cc\u03bd\u03c4\u03bf\u03c2<\/a><\/div>\n<\/div>\n\n\n\n<hr class=\"wp-block-separator has-css-opacity is-style-dots\"\/>\n\n\n\n<h2 class=\"wp-block-heading\">\u0386\u03bb\u03bb\u03bf\u03b9 \u03b1\u03bd\u03b1\u03bb\u03c5\u03c4\u03ad\u03c2 \u03b1\u03ad\u03c1\u03b1 OberA<\/h2>\n\n\n\n<div class=\"wp-block-columns is-layout-flex wp-container-core-columns-is-layout-28f84493 wp-block-columns-is-layout-flex\">\n<div class=\"wp-block-column is-layout-flow wp-block-column-is-layout-flow\"><\/div>\n\n\n\n<div class=\"wp-block-column is-layout-flow wp-block-column-is-layout-flow\">\n<figure class=\"wp-block-image aligncenter size-medium is-resized\"><a href=\"https:\/\/obera.fr\/produits\/analyseurs-air\/capteur-co2-obcare\/\"><img decoding=\"async\" width=\"300\" height=\"212\" src=\"https:\/\/obera.fr\/wp-content\/uploads\/2021\/09\/Capteur_CO2_OBCARE-2-300x212.png\" alt=\"\u03b1\u03b9\u03c3\u03b8\u03b7\u03c4\u03ae\u03c1\u03b1\u03c2 co2 obcare\" class=\"wp-image-6918\" srcset=\"https:\/\/obera.fr\/wp-content\/uploads\/2021\/09\/Capteur_CO2_OBCARE-2-300x212.png 300w, https:\/\/obera.fr\/wp-content\/uploads\/2021\/09\/Capteur_CO2_OBCARE-2-768x542.png 768w, https:\/\/obera.fr\/wp-content\/uploads\/2021\/09\/Capteur_CO2_OBCARE-2.png 921w\" sizes=\"(max-width: 300px) 100vw, 300px\" \/><\/a><figcaption class=\"wp-element-caption\">OBCARE<\/figcaption><\/figure>\n<\/div>\n\n\n\n<div class=\"wp-block-column is-layout-flow wp-block-column-is-layout-flow\"><\/div>\n\n\n\n<div class=\"wp-block-column is-layout-flow wp-block-column-is-layout-flow\"><\/div>\n<\/div>\n\n\n\n<p><\/p>\n","protected":false},"excerpt":{"rendered":"<p>\u03a0\u03b1\u03c1\u03b1\u03ba\u03bf\u03bb\u03bf\u03cd\u03b8\u03b7\u03c3\u03b7 \u03c4\u03c9\u03bd \u03b5\u03c0\u03b9\u03c0\u03ad\u03b4\u03c9\u03bd \u03c3\u03ba\u03cc\u03bd\u03b7\u03c2 \u039f \u03bc\u03b5\u03c4\u03c1\u03b7\u03c4\u03ae\u03c2 \u03c3\u03c9\u03bc\u03b1\u03c4\u03b9\u03b4\u03af\u03c9\u03bd OberA \u03b5\u03af\u03bd\u03b1\u03b9 \u03ad\u03bd\u03b1 \u03cc\u03c1\u03b3\u03b1\u03bd\u03bf \u03b3\u03b5\u03bd\u03b9\u03ba\u03ae\u03c2 \u03c7\u03c1\u03ae\u03c3\u03b7\u03c2 \u03b3\u03b9\u03b1 \u03c4\u03b7\u03bd \u03ba\u03b1\u03c4\u03b1\u03bc\u03ad\u03c4\u03c1\u03b7\u03c3\u03b7 \u03c3\u03c9\u03bc\u03b1\u03c4\u03b9\u03b4\u03af\u03c9\u03bd \u03c3\u03c4\u03bf\u03bd \u03b1\u03ad\u03c1\u03b1. \u0395\u03af\u03bd\u03b1\u03b9 \u03b9\u03ba\u03b1\u03bd\u03cc \u03bd\u03b1 \u03c5\u03c0\u03bf\u03bb\u03bf\u03b3\u03af\u03b6\u03b5\u03b9 \u03ad\u03be\u03b9 \u03b4\u03b9\u03b1\u03c6\u03bf\u03c1\u03b5\u03c4\u03b9\u03ba\u03ac \u03ba\u03bf\u03ba\u03ba\u03bf\u03bc\u03b5\u03c4\u03c1\u03b9\u03ba\u03ac \u03ba\u03bb\u03ac\u03c3\u03bc\u03b1\u03c4\u03b1 \u03c3\u03ba\u03cc\u03bd\u03b7\u03c2 (\u03c3\u03c9\u03bc\u03b1\u03c4\u03af\u03b4\u03b9\u03b1 \u03b1\u03c0\u03cc 0,3 \u03ad\u03c9\u03c2 10 \u03bcm), \u03ba\u03b1\u03b8\u03ce\u03c2 \u03ba\u03b1\u03b9 \u03bd\u03b1 \u03ba\u03b1\u03c4\u03b1\u03b3\u03c1\u03ac\u03c6\u03b5\u03b9 \u03c4\u03b7\u03bd \u03c5\u03b3\u03c1\u03b1\u03c3\u03af\u03b1 \u03ba\u03b1\u03b9 \u03c4\u03b7 \u03b8\u03b5\u03c1\u03bc\u03bf\u03ba\u03c1\u03b1\u03c3\u03af\u03b1 \u03c4\u03bf\u03c5 \u03c0\u03b5\u03c1\u03b9\u03b2\u03ac\u03bb\u03bb\u03bf\u03bd\u03c4\u03bf\u03c2. \u0391\u03c5\u03c4\u03cc \u03ba\u03b1\u03b8\u03b9\u03c3\u03c4\u03ac \u03c4\u03bf\u03bd \u03bc\u03b5\u03c4\u03c1\u03b7\u03c4\u03ae \u03c3\u03c9\u03bc\u03b1\u03c4\u03b9\u03b4\u03af\u03c9\u03bd \u03ad\u03bd\u03b1 \u03ba\u03b1\u03b8\u03bf\u03bb\u03b9\u03ba\u03cc \u03ba\u03bf\u03bc\u03bc\u03ac\u03c4\u03b9 \u03b5\u03be\u03bf\u03c0\u03bb\u03b9\u03c3\u03bc\u03bf\u03cd. \u03a4\u03b1 \u03bf\u03c6\u03ad\u03bb\u03b7 \u03c4\u03c9\u03bd \u03bc\u03b5\u03c4\u03c1\u03b7\u03c4\u03ce\u03bd \u03c3\u03c9\u03bc\u03b1\u03c4\u03b9\u03b4\u03af\u03c9\u03bd \u039f\u03c6\u03ad\u03bb\u03b7 \u03a0\u03b1\u03c1\u03b1\u03b4\u03b5\u03af\u03b3\u03bc\u03b1\u03c4\u03b1 \u03b2\u03b9\u03bf\u03bc\u03b7\u03c7\u03b1\u03bd\u03b9\u03ce\u03bd \u03c7\u03c1\u03b7\u03c3\u03c4\u03ce\u03bd \u039c\u03b5\u03c4\u03c1\u03bf\u03cd\u03bc\u03b5\u03bd\u03bf\u03b9 \u03c1\u03cd\u03c0\u03bf\u03b9 \u0391\u03b9\u03c3\u03b8\u03b7\u03c4\u03ae\u03c1\u03b1\u03c2 \u03c3\u03ba\u03cc\u03bd\u03b7\u03c2 PM 0,3 \u03ad\u03c9\u03c2 PM 10 (\u03c3\u03c9\u03bc\u03b1\u03c4\u03af\u03b4\u03b9\u03b1 \u03bc\u03b5\u03b3\u03b1\u03bb\u03cd\u03c4\u03b5\u03c1\u03b1 \u03b1\u03c0\u03cc 0,3\u03bcg \u03ad\u03c9\u03c2 10\u03bcm) \u039f \u03b1\u03bd\u03b1\u03bb\u03c5\u03c4\u03ae\u03c2 \u03c3\u03c9\u03bc\u03b1\u03c4\u03b9\u03b4\u03af\u03c9\u03bd oberA \u03bc\u03c0\u03bf\u03c1\u03b5\u03af \u03bd\u03b1 \u03bc\u03b5\u03c4\u03c1\u03ae\u03c3\u03b5\u03b9 \u03c4\u03b1\u03c5\u03c4\u03cc\u03c7\u03c1\u03bf\u03bd\u03b1 6 \u03bc\u03b5\u03b3\u03ad\u03b8\u03b7 \u03c3\u03c9\u03bc\u03b1\u03c4\u03b9\u03b4\u03af\u03c9\u03bd. : 0,3\u03bcm \/ 0,5\u03bcm \/ 1\u03bcm \/ 2,5\u03bcm \/ 5\u03bcm \/ &#8230; <\/p>\n<p class=\"read-more-container\"><a title=\"\u039c\u03b5\u03c4\u03c1\u03b7\u03c4\u03ae\u03c2 \u03c3\u03c9\u03bc\u03b1\u03c4\u03b9\u03b4\u03af\u03c9\u03bd\" class=\"read-more button\" href=\"https:\/\/obera.fr\/el\/produits\/analyseurs-air\/compteur-particules\/#more-48384\" aria-label=\"Read more about \u039c\u03b5\u03c4\u03c1\u03b7\u03c4\u03ae\u03c2 \u03c3\u03c9\u03bc\u03b1\u03c4\u03b9\u03b4\u03af\u03c9\u03bd\">Lire la suite<\/a><\/p>\n","protected":false},"author":4,"featured_media":83740,"parent":48341,"menu_order":0,"comment_status":"closed","ping_status":"closed","template":"","meta":{"_acf_changed":false,"_seopress_robots_primary_cat":"","_seopress_titles_title":"Compteur de particules de poussi\u00e8res dans l'air","_seopress_titles_desc":"Le compteur oberA permet de compter des particules dans l\u2019air. Il est capable de calculer six fractions granulom\u00e9triques de poussi\u00e8res diff\u00e9rentes.","_seopress_robots_index":"","footnotes":""},"class_list":{"0":"post-48384","1":"page","2":"type-page","3":"status-publish","4":"has-post-thumbnail","6":"no-featured-image-padding","7":"resize-featured-image"},"acf":[],"_links":{"self":[{"href":"https:\/\/obera.fr\/el\/wp-json\/wp\/v2\/pages\/48384","targetHints":{"allow":["GET"]}}],"collection":[{"href":"https:\/\/obera.fr\/el\/wp-json\/wp\/v2\/pages"}],"about":[{"href":"https:\/\/obera.fr\/el\/wp-json\/wp\/v2\/types\/page"}],"author":[{"embeddable":true,"href":"https:\/\/obera.fr\/el\/wp-json\/wp\/v2\/users\/4"}],"replies":[{"embeddable":true,"href":"https:\/\/obera.fr\/el\/wp-json\/wp\/v2\/comments?post=48384"}],"version-history":[{"count":5,"href":"https:\/\/obera.fr\/el\/wp-json\/wp\/v2\/pages\/48384\/revisions"}],"predecessor-version":[{"id":108443,"href":"https:\/\/obera.fr\/el\/wp-json\/wp\/v2\/pages\/48384\/revisions\/108443"}],"up":[{"embeddable":true,"href":"https:\/\/obera.fr\/el\/wp-json\/wp\/v2\/pages\/48341"}],"wp:featuredmedia":[{"embeddable":true,"href":"https:\/\/obera.fr\/el\/wp-json\/wp\/v2\/media\/83740"}],"wp:attachment":[{"href":"https:\/\/obera.fr\/el\/wp-json\/wp\/v2\/media?parent=48384"}],"curies":[{"name":"wp","href":"https:\/\/api.w.org\/{rel}","templated":true}]}}