{"id":48621,"date":"2020-08-26T13:06:25","date_gmt":"2020-08-26T11:06:25","guid":{"rendered":"https:\/\/obera.fr\/%cf%86%ce%af%ce%bb%cf%84%cf%81%ce%bf-%ce%bf%ce%bc%ce%af%cf%87%ce%bb%ce%b7%cf%82-%ce%bb%ce%b1%ce%b4%ce%b9%ce%bf%cf%8d-afs\/"},"modified":"2025-06-03T13:11:45","modified_gmt":"2025-06-03T11:11:45","slug":"afs","status":"publish","type":"page","link":"https:\/\/obera.fr\/el\/produits\/filtres-brouillard-huile\/afs\/","title":{"rendered":"\u03a6\u03af\u03bb\u03c4\u03c1\u03bf \u03bf\u03bc\u03af\u03c7\u03bb\u03b7\u03c2 \u03bb\u03b1\u03b4\u03b9\u03bf\u03cd AFS"},"content":{"rendered":"\n<p>\u03a4\u03b1 <a href=\"https:\/\/obera.fr\/el\/produits\/filtres-brouillard-huile\/\" data-type=\"page\" data-id=\"376\">\u03c6\u03af\u03bb\u03c4\u03c1\u03b1 \u03bf\u03bc\u03af\u03c7\u03bb\u03b7\u03c2 \u03bb\u03b1\u03b4\u03b9\u03bf\u03cd<\/a> AFS \u03b5\u03af\u03bd\u03b1\u03b9 \u03b7 \u03ba\u03b1\u03c4\u03ac\u03bb\u03bb\u03b7\u03bb\u03b7 \u03bb\u03cd\u03c3\u03b7 \u03b3\u03b9\u03b1 \u03c4\u03bf\u03bd \u03ac\u03bc\u03b5\u03c3\u03bf \u03b5\u03be\u03bf\u03c0\u03bb\u03b9\u03c3\u03bc\u03cc \u03c4\u03c9\u03bd \u03bc\u03b7\u03c7\u03b1\u03bd\u03ce\u03bd \u03ba\u03b1\u03c4\u03b5\u03c1\u03b3\u03b1\u03c3\u03af\u03b1\u03c2 \u03ae \u03c4\u03b7\u03bd \u03ba\u03b5\u03bd\u03c4\u03c1\u03b9\u03ba\u03ae \u03b1\u03bd\u03b1\u03c1\u03c1\u03cc\u03c6\u03b7\u03c3\u03ae \u03c4\u03bf\u03c5\u03c2.<\/p>\n\n\n\n<p>\u0397 \u03c3\u03b5\u03b9\u03c1\u03ac AFS \u03ba\u03b1\u03bb\u03cd\u03c0\u03c4\u03b5\u03b9 <strong>\u03c1\u03bf\u03ad\u03c2 \u03b1\u03bd\u03b1\u03c1\u03c1\u03cc\u03c6\u03b7\u03c3\u03b7\u03c2 \u03b1\u03c0\u03cc 400 \u03ad\u03c9\u03c2 16.000 m\u00b3\/h<\/strong>.<\/p>\n\n\n\n<h2 class=\"wp-block-heading\">\u039a\u03b5\u03bd\u03c4\u03c1\u03b9\u03ba\u03ad\u03c2 \u03b5\u03b3\u03ba\u03b1\u03c4\u03b1\u03c3\u03c4\u03ac\u03c3\u03b5\u03b9\u03c2 \u03b3\u03b9\u03b1 \u03bf\u03bc\u03af\u03c7\u03bb\u03b5\u03c2, \u03ba\u03b1\u03c0\u03bd\u03bf\u03cd\u03c2 \u03ba\u03b1\u03b9 \u03b1\u03b5\u03c1\u03bf\u03bb\u03cd\u03bc\u03b1\u03c4\u03b1 \u03c0\u03b5\u03c4\u03c1\u03b5\u03bb\u03b1\u03af\u03bf\u03c5 \u03ba\u03b1\u03b9 \u03b3\u03b1\u03bb\u03b1\u03ba\u03c4\u03ce\u03bc\u03b1\u03c4\u03bf\u03c2<\/h2>\n\n\n\n<div class=\"wp-block-columns is-layout-flex wp-container-core-columns-is-layout-28f84493 wp-block-columns-is-layout-flex\">\n<div class=\"wp-block-column is-layout-flow wp-block-column-is-layout-flow\" style=\"flex-basis:33.33%\">\n<figure class=\"wp-block-image aligncenter size-medium\"><img decoding=\"async\" width=\"300\" height=\"300\" src=\"https:\/\/obera.fr\/wp-content\/uploads\/2020\/08\/AFS-installation-centralisee-brouillards-huiles-300x300.png\" alt=\"Afs \u0395\u03b3\u03ba\u03b1\u03c4\u03ac\u03c3\u03c4\u03b1\u03c3\u03b7 Centralisee Brouillards Huiles\" class=\"wp-image-643\" srcset=\"https:\/\/obera.fr\/wp-content\/uploads\/2020\/08\/AFS-installation-centralisee-brouillards-huiles-300x300.png 300w, https:\/\/obera.fr\/wp-content\/uploads\/2020\/08\/AFS-installation-centralisee-brouillards-huiles-150x150.png 150w, https:\/\/obera.fr\/wp-content\/uploads\/2020\/08\/AFS-installation-centralisee-brouillards-huiles.png 433w\" sizes=\"(max-width: 300px) 100vw, 300px\" \/><\/figure>\n<\/div>\n\n\n\n<div class=\"wp-block-column is-layout-flow wp-block-column-is-layout-flow\" style=\"flex-basis:66.66%\">\n<p><strong>\u0397 \u03c4\u03b5\u03c7\u03bd\u03bf\u03bb\u03bf\u03b3\u03af\u03b1 AFS<\/strong> \u03b1\u03c0\u03bf\u03c4\u03b5\u03bb\u03b5\u03af\u03c4\u03b1\u03b9 \u03b1\u03c0\u03cc 5 \u03c3\u03c4\u03ac\u03b4\u03b9\u03b1 \u03b5\u03c0\u03b5\u03be\u03b5\u03c1\u03b3\u03b1\u03c3\u03af\u03b1\u03c2: \u03c6\u03af\u03bb\u03c4\u03c1\u03b1 \u03bc\u03b5 \u03bc\u03b5\u03c4\u03b1\u03bb\u03bb\u03b9\u03ba\u03cc \u03c0\u03bb\u03ad\u03b3\u03bc\u03b1, \u03c0\u03bf\u03bb\u03c5\u03b5\u03c3\u03c4\u03b5\u03c1\u03b9\u03ba\u03ac \u03c4\u03c3\u03cc\u03c7\u03b1 \u03ba\u03b1\u03b9 \u03c4\u03bf\u03bd \u03b4\u03b9\u03b1\u03c7\u03c9\u03c1\u03b9\u03c3\u03c4\u03ae AFS-Longlife, \u03bf \u03bf\u03c0\u03bf\u03af\u03bf\u03c2 \u03b1\u03c0\u03bf\u03c4\u03b5\u03bb\u03b5\u03af \u03c4\u03b7\u03bd \u03ba\u03b1\u03c1\u03b4\u03b9\u03ac \u03c4\u03b7\u03c2 \u03b5\u03c0\u03b5\u03be\u03b5\u03c1\u03b3\u03b1\u03c3\u03af\u03b1\u03c2.<\/p>\n\n\n\n<p>&gt;\u039f\u03b9 \u00b5\u03bf\u03bd\u03ac\u03b4\u03b5\u03c2 \u03b5\u03af\u03bd\u03b1\u03b9 \u03b5\u03be\u03bf\u03c0\u03bb\u03b9\u03c3\u00b5\u03ad\u03bd\u03b5\u03c2 \u00b5\u03b5 <strong>\u03b1\u03c0\u03cc\u03bb\u03c5\u03c4\u03bf \u03c4\u03b5\u03c1\u00b5\u03b1\u03c4\u03b9\u03ba\u03cc \u03c6\u03af\u03bb\u03c4\u03c1\u03bf \u03c4\u03cd\u03c0\u03bf\u03c5 HEPA H13<\/strong> (\u03c4\u03c5\u03c0\u03bf\u03c0\u03bf\u03b9\u03b7\u00b5\u03ad\u03bd\u03b7 \u03b1\u03c0\u03cc\u03b4\u03bf\u03c3\u03b7 \u03b5\u03b3\u03b3\u03c5\u03b7\u00b5\u03ad\u03bd\u03b7 99,95% \u03c3\u03b5 \u03c3\u03c9\u00b5\u03b1\u03c4\u03af\u03b4\u03b9\u03b1 0,3\u00b5m). \u0394\u03b5\u03b4\u03bf\u03bc\u03ad\u03bd\u03b7\u03c2 \u03c4\u03b7\u03c2 \u03c0\u03bf\u03bb\u03cd \u03c5\u03c8\u03b7\u03bb\u03ae\u03c2 \u03b1\u03c0\u03cc\u03b4\u03bf\u03c3\u03b7\u03c2 \u03c4\u03b7\u03c2 \u03ba\u03cd\u03c1\u03b9\u03b1\u03c2 \u03b4\u03b9\u03ae\u03b8\u03b7\u03c3\u03b7\u03c2, \u03c4\u03b1 \u03b1\u03c0\u03cc\u03bb\u03c5\u03c4\u03b1 \u03c6\u03af\u03bb\u03c4\u03c1\u03b1 \u03ad\u03c7\u03bf\u03c5\u03bd \u03c0\u03bf\u03bb\u03cd \u03bc\u03b5\u03b3\u03ac\u03bb\u03b7 \u03b4\u03b9\u03ac\u03c1\u03ba\u03b5\u03b9\u03b1 \u03b6\u03c9\u03ae\u03c2, \u03b1\u03ba\u03cc\u03bc\u03b7 \u03ba\u03b1\u03b9 \u03b3\u03b9\u03b1 \u03c3\u03c5\u03bd\u03b5\u03c7\u03ae \u03bb\u03b5\u03b9\u03c4\u03bf\u03c5\u03c1\u03b3\u03af\u03b1 3 \u03c3\u03c4\u03b1\u03b8\u03bc\u03ce\u03bd. <\/p>\n\n\n\n<p>\u0395\u03af\u03bd\u03b1\u03b9 \u03b4\u03c5\u03bd\u03b1\u03c4\u03ad\u03c2 \u03b4\u03b9\u03b1\u03c6\u03bf\u03c1\u03b5\u03c4\u03b9\u03ba\u03ad\u03c2 \u03b4\u03b9\u03b1\u03bc\u03bf\u03c1\u03c6\u03ce\u03c3\u03b5\u03b9\u03c2: \u03b1\u03bd\u03b1\u03ba\u03cd\u03ba\u03bb\u03c9\u03c3\u03b7 \u03ba\u03b1\u03b9 \u03b5\u03c0\u03b1\u03bd\u03b5\u03b9\u03c3\u03b1\u03b3\u03c9\u03b3\u03ae \u03c4\u03bf\u03c5 \u03c6\u03b9\u03bb\u03c4\u03c1\u03b1\u03c1\u03b9\u03c3\u03bc\u03ad\u03bd\u03bf\u03c5 \u03b1\u03ad\u03c1\u03b1 \u03c3\u03c4\u03bf \u03ba\u03c4\u03af\u03c1\u03b9\u03bf \u03ae \u03b5\u03ba\u03ba\u03ad\u03bd\u03c9\u03c3\u03b7 \u03c4\u03bf\u03c5 \u03c6\u03b9\u03bb\u03c4\u03c1\u03b1\u03c1\u03b9\u03c3\u03bc\u03ad\u03bd\u03bf\u03c5 \u03b1\u03ad\u03c1\u03b1 \u03ba\u03b1\u03b9 \u03b5\u03b9\u03c3\u03b1\u03b3\u03c9\u03b3\u03ae \u03c6\u03c1\u03ad\u03c3\u03ba\u03bf\u03c5 \u03b1\u03ad\u03c1\u03b1 \u03bc\u03b5 \u03b1\u03bd\u03ac\u03ba\u03c4\u03b7\u03c3\u03b7 \u03c4\u03c9\u03bd \u03b8\u03b5\u03c1\u03bc\u03af\u03b4\u03c9\u03bd \u03bc\u03ad\u03c3\u03c9 \u03b5\u03bd\u03b1\u03bb\u03bb\u03ac\u03ba\u03c4\u03b7 \u03b8\u03b5\u03c1\u03bc\u03cc\u03c4\u03b7\u03c4\u03b1\u03c2. <strong>\u039f\u03b9 \u03bb\u03cd\u03c3\u03b5\u03b9\u03c2 \u03b5\u03be\u03b1\u03b3\u03c9\u03b3\u03ae\u03c2 AFS<\/strong> (\u03b1\u03bd\u03b1\u03ba\u03cd\u03ba\u03bb\u03c9\u03c3\u03b7 \u03ae \u03b5\u03bd\u03b1\u03bb\u03bb\u03ac\u03ba\u03c4\u03b5\u03c2 \u03b8\u03b5\u03c1\u03bc\u03cc\u03c4\u03b7\u03c4\u03b1\u03c2) \u03b5\u03c0\u03b9\u03c4\u03c1\u03ad\u03c0\u03bf\u03c5\u03bd \u03c4\u03b7 \u03bc\u03ad\u03b3\u03b9\u03c3\u03c4\u03b7 \u03b5\u03c0\u03b1\u03bd\u03b1\u03c7\u03c1\u03b7\u03c3\u03b9\u03bc\u03bf\u03c0\u03bf\u03af\u03b7\u03c3\u03b7 \u03c4\u03b7\u03c2 \u03b8\u03b5\u03c1\u03bc\u03cc\u03c4\u03b7\u03c4\u03b1\u03c2 \u03c0\u03bf\u03c5 \u03c0\u03b5\u03c1\u03b9\u03ad\u03c7\u03b5\u03c4\u03b1\u03b9 \u03c3\u03c4\u03b9\u03c2 \u03c1\u03bf\u03ad\u03c2 \u03c4\u03bf\u03c5 \u03b5\u03be\u03b1\u03b3\u03cc\u03bc\u03b5\u03bd\u03bf\u03c5 \u03b1\u03ad\u03c1\u03b1. <\/p>\n\n\n\n<hr class=\"wp-block-separator has-text-color has-black-color has-css-opacity has-black-background-color has-background is-style-dots\"\/>\n\n\n\n<div class=\"wp-block-columns is-layout-flex wp-container-core-columns-is-layout-28f84493 wp-block-columns-is-layout-flex\">\n<div class=\"wp-block-column is-layout-flow wp-block-column-is-layout-flow\" style=\"flex-basis:33.33%\">\n<div class=\"wp-block-buttons is-layout-flex wp-block-buttons-is-layout-flex\">\n<div class=\"wp-block-button\"><a class=\"wp-block-button__link wp-element-button\" href=\"https:\/\/obera.fr\/wp-content\/uploads\/2025\/06\/brochure-afs-en.pdf\">\u039a\u0391\u03a4\u0395\u0392\u0386\u03a3\u03a4\u0395 \u03a4\u039f \u03a6\u03a5\u039b\u039b\u0386\u0394\u0399\u039f<\/a><\/div>\n<\/div>\n<\/div>\n\n\n\n<div class=\"wp-block-column is-layout-flow wp-block-column-is-layout-flow\" style=\"flex-basis:33.34%\">\n<div class=\"wp-block-buttons is-horizontal is-content-justification-center is-layout-flex wp-container-core-buttons-is-layout-03627597 wp-block-buttons-is-layout-flex\">\n<div class=\"wp-block-button has-custom-width wp-block-button__width-100\"><a class=\"wp-block-button__link wp-element-button\" href=\"https:\/\/obera.fr\/el\/%CE%B5%CF%80%CE%B9%CE%BA%CE%BF%CE%B9%CE%BD%CF%89%CE%BD%CE%AE%CF%83%CF%84%CE%B5-%CE%BC%CE%B1%CE%B6%CE%AF-%CE%BC%CE%B1%CF%82\/\">\u039c\u03ac\u03b8\u03b5\u03c4\u03b5 \u03c0\u03b5\u03c1\u03b9\u03c3\u03c3\u03cc\u03c4\u03b5\u03c1\u03b1<\/a><\/div>\n<\/div>\n<\/div>\n\n\n\n<div class=\"wp-block-column is-layout-flow wp-block-column-is-layout-flow\" style=\"flex-basis:33.34%\">\n<div class=\"wp-block-buttons is-content-justification-center is-layout-flex wp-container-core-buttons-is-layout-a89b3969 wp-block-buttons-is-layout-flex\">\n<div class=\"wp-block-button btn-devis-source\"><a class=\"wp-block-button__link wp-element-button\" href=\"https:\/\/obera.fr\/el\/devis\/\">\u0396\u03b7\u03c4\u03ae\u03c3\u03c4\u03b5 \u03c0\u03c1\u03bf\u03c3\u03c6\u03bf\u03c1\u03ac<\/a><\/div>\n<\/div>\n\n\n<script>\r\ndocument.addEventListener('DOMContentLoaded', function() {\r\n    \/\/ 1. On cherche le titre H1 de la page\r\n    var h1 = document.querySelector('h1');\r\n    var productTitle = h1 ? h1.innerText.trim() : \"\";\r\n\r\n    \/\/ 2. On cherche les boutons via la classe CSS .btn-devis-source\r\n    var buttons = document.querySelectorAll('.btn-devis-source a');\r\n\r\n    \/\/ 3. Si on a le titre et les boutons, on ajoute le param\u00e8tre\r\n    if (buttons.length > 0 && productTitle !== \"\") {\r\n        var encodedTitle = encodeURIComponent(productTitle);\r\n\r\n        buttons.forEach(function(btn) {\r\n            var currentHref = btn.getAttribute('href');\r\n            \r\n            \/\/ S\u00e9curit\u00e9 pour ne pas ajouter le param\u00e8tre 2 fois\r\n            if (currentHref.indexOf('sujet=') === -1) {\r\n                var separator = currentHref.indexOf('?') !== -1 ? '&' : '?';\r\n                var newLink = currentHref + separator + 'sujet=' + encodedTitle;\r\n                \r\n                btn.setAttribute('href', newLink);\r\n            }\r\n        });\r\n    }\r\n});\r\n<\/script><\/div>\n<\/div>\n\n\n\n<p><\/p>\n<\/div>\n<\/div>\n\n\n\n<h2 class=\"wp-block-heading\">\u03a4\u03b1 \u03bf\u03c6\u03ad\u03bb\u03b7 \u03c4\u03bf\u03c5 AFS<\/h2>\n\n\n\n<div class=\"wp-block-columns is-layout-flex wp-container-core-columns-is-layout-28f84493 wp-block-columns-is-layout-flex\">\n<div class=\"wp-block-column is-layout-flow wp-block-column-is-layout-flow\">\n<h3 class=\"wp-block-heading has-text-align-center\"><strong>\u039f\u03c6\u03ad\u03bb\u03b7<\/strong><\/h3>\n\n\n\n<ul class=\"wp-block-list\">\n<li>\u0395\u03cd\u03ba\u03bf\u03bb\u03b7 \u03c3\u03cd\u03bd\u03b4\u03b5\u03c3\u03b7 \u03bc\u03b5 \u03c4\u03b7 \u03bc\u03b7\u03c7\u03b1\u03bd\u03ae \u03c0\u03b1\u03c1\u03b1\u03b3\u03c9\u03b3\u03ae\u03c2<\/li>\n\n\n\n<li>\u03a3\u03c4\u03bf \u03bc\u03b7\u03c7\u03ac\u03bd\u03b7\u03bc\u03b1 \u03ae \u03ba\u03b5\u03bd\u03c4\u03c1\u03b9\u03ba\u03ac<\/li>\n\n\n\n<li>\u03a3\u03c5\u03bc\u03c0\u03b1\u03b3\u03ad\u03c2 \u03c3\u03cd\u03c3\u03c4\u03b7\u03bc\u03b1<\/li>\n\n\n\n<li>5 \u03c3\u03c4\u03ac\u03b4\u03b9\u03b1 \u03c6\u03b9\u03bb\u03c4\u03c1\u03b1\u03c1\u03af\u03c3\u03bc\u03b1\u03c4\u03bf\u03c2 \u03b3\u03b9\u03b1 \u03b1\u03c0\u03bf\u03c4\u03b5\u03bb\u03b5\u03c3\u03bc\u03b1\u03c4\u03b9\u03ba\u03ae \u03b5\u03c0\u03b5\u03be\u03b5\u03c1\u03b3\u03b1\u03c3\u03af\u03b1 \u03c4\u03bf\u03c5 \u03b1\u03ad\u03c1\u03b1<\/li>\n\n\n\n<li>\u0391\u03bd\u03c4\u03b9\u03ba\u03b1\u03c4\u03ac\u03c3\u03c4\u03b1\u03c3\u03b7 \u03ba\u03b1\u03b9 \u03c3\u03c5\u03bd\u03c4\u03ae\u03c1\u03b7\u03c3\u03b7 \u03c6\u03af\u03bb\u03c4\u03c1\u03bf\u03c5 \u03c7\u03c9\u03c1\u03af\u03c2 \u03b5\u03c1\u03b3\u03b1\u03bb\u03b5\u03af\u03b1<\/li>\n<\/ul>\n<\/div>\n\n\n\n<div class=\"wp-block-column is-layout-flow wp-block-column-is-layout-flow\">\n<h3 class=\"wp-block-heading has-text-align-center\"><strong>\u0395\u03b9\u03b4\u03b9\u03ba\u03ac \u03c7\u03b1\u03c1\u03b1\u03ba\u03c4\u03b7\u03c1\u03b9\u03c3\u03c4\u03b9\u03ba\u03ac<\/strong><\/h3>\n\n\n\n<ul class=\"wp-block-list\">\n<li>\u03a0\u03b1\u03c4\u03b5\u03bd\u03c4\u03b1\u03c1\u03b9\u03c3\u03bc\u03ad\u03bd\u03bf \u03c3\u03cd\u03c3\u03c4\u03b7\u03bc\u03b1 \u03b1\u03bd\u03c4\u03b9\u03ba\u03b1\u03c4\u03ac\u03c3\u03c4\u03b1\u03c3\u03b7\u03c2 \u03c6\u03af\u03bb\u03c4\u03c1\u03bf\u03c5 \u03c7\u03c9\u03c1\u03af\u03c2 \u03b5\u03c1\u03b3\u03b1\u03bb\u03b5\u03af\u03b1<\/li>\n\n\n\n<li>\u039a\u03b1\u03b8\u03b1\u03c1\u03b9\u03c3\u03bc\u03cc\u03c2 \u03c4\u03b7\u03c2 \u03c3\u03c5\u03c3\u03ba\u03b5\u03c5\u03ae\u03c2 \u03bc\u03b5 \u03c4\u03bf \u03c7\u03ad\u03c1\u03b9<\/li>\n\n\n\n<li>\u039c\u03b7\u03c7\u03b1\u03bd\u03b9\u03ba\u03ae \u03b4\u03b9\u03ae\u03b8\u03b7\u03c3\u03b7<\/li>\n<\/ul>\n<\/div>\n\n\n\n<div class=\"wp-block-column is-layout-flow wp-block-column-is-layout-flow\">\n<h3 class=\"wp-block-heading has-text-align-center\"><strong>\u03a7\u03b1\u03c1\u03b1\u03ba\u03c4\u03b7\u03c1\u03b9\u03c3\u03c4\u03b9\u03ba\u03ac<\/strong><\/h3>\n\n\n\n<ul class=\"wp-block-list\">\n<li>\u0395\u03ba\u03c7\u03cd\u03bb\u03b9\u03c3\u03b7 \u03bf\u03bc\u03af\u03c7\u03bb\u03b7\u03c2 \u03ba\u03b1\u03b9 \u03b3\u03b1\u03bb\u03b1\u03ba\u03c4\u03ce\u03bc\u03b1\u03c4\u03bf\u03c2 \u03c0\u03b5\u03c4\u03c1\u03b5\u03bb\u03b1\u03af\u03bf\u03c5, \u03ba\u03b1\u03c0\u03bd\u03ce\u03bd \u03ba\u03b1\u03b9 \u03b1\u03b5\u03c1\u03bf\u03bb\u03c5\u03bc\u03ac\u03c4\u03c9\u03bd<\/li>\n\n\n\n<li>\u039c\u03c0\u03bf\u03c1\u03b5\u03af \u03bd\u03b1 \u03b5\u03b3\u03ba\u03b1\u03c4\u03b1\u03c3\u03c4\u03b1\u03b8\u03b5\u03af \u03b1\u03c0\u03b5\u03c5\u03b8\u03b5\u03af\u03b1\u03c2 \u03c3\u03b5 \u03ba\u03ad\u03bd\u03c4\u03c1\u03bf \u03ba\u03b1\u03c4\u03b5\u03c1\u03b3\u03b1\u03c3\u03af\u03b1\u03c2 NC \u03ae \u03ba\u03b5\u03bd\u03c4\u03c1\u03b9\u03ba\u03ac<\/li>\n<\/ul>\n<\/div>\n<\/div>\n\n\n\n<h2 class=\"wp-block-heading\">\u0395\u03c6\u03b1\u03c1\u03bc\u03bf\u03b3\u03ad\u03c2<\/h2>\n\n\n\n<div class=\"wp-block-columns is-layout-flex wp-container-core-columns-is-layout-28f84493 wp-block-columns-is-layout-flex\">\n<div class=\"wp-block-column is-layout-flow wp-block-column-is-layout-flow\">\n<h3 class=\"wp-block-heading has-text-align-center\">\u03a1\u03cd\u03c0\u03bf\u03b9<\/h3>\n\n\n\n<hr class=\"wp-block-separator has-css-opacity is-style-wide\"\/>\n\n\n\n<div class=\"wp-block-columns is-layout-flex wp-container-core-columns-is-layout-28f84493 wp-block-columns-is-layout-flex\">\n<div class=\"wp-block-column is-layout-flow wp-block-column-is-layout-flow\">\n<figure class=\"wp-block-image aligncenter size-large\"><img decoding=\"async\" width=\"70\" height=\"70\" src=\"https:\/\/obera.fr\/wp-content\/uploads\/2020\/08\/industrie-brouillard-huile.jpg\" alt=\"\u0392\u03b9\u03bf\u03bc\u03b7\u03c7\u03b1\u03bd\u03af\u03b1 \u03c0\u03b5\u03c4\u03c1\u03b5\u03bb\u03b1\u03af\u03bf\u03c5 \u03bf\u03bc\u03af\u03c7\u03bb\u03b7\u03c2\" class=\"wp-image-721\"\/><figcaption class=\"wp-element-caption\">\u039f\u03bc\u03af\u03c7\u03bb\u03b7 \u03bb\u03b1\u03b4\u03b9\u03bf\u03cd<\/figcaption><\/figure>\n<\/div>\n\n\n\n<div class=\"wp-block-column is-layout-flow wp-block-column-is-layout-flow\">\n<figure class=\"wp-block-image aligncenter size-large\"><img decoding=\"async\" width=\"70\" height=\"70\" src=\"https:\/\/obera.fr\/wp-content\/uploads\/2020\/08\/industrie-fumees.jpg\" alt=\"\u0392\u03b9\u03bf\u03bc\u03b7\u03c7\u03b1\u03bd\u03af\u03b1 \u039a\u03b1\u03c0\u03bd\u03cc\u03c2\" class=\"wp-image-722\"\/><figcaption class=\"wp-element-caption\">\u0391\u03bd\u03b1\u03b8\u03c5\u03bc\u03b9\u03ac\u03c3\u03b5\u03b9\u03c2<\/figcaption><\/figure>\n\n\n\n<figure class=\"wp-block-image aligncenter size-large\"><img decoding=\"async\" width=\"70\" height=\"70\" src=\"https:\/\/obera.fr\/wp-content\/uploads\/2020\/09\/cov.png\" alt=\"Cov\" class=\"wp-image-959\"\/><figcaption class=\"wp-element-caption\">VOCS<\/figcaption><\/figure>\n<\/div>\n<\/div>\n<\/div>\n\n\n\n<div class=\"wp-block-column is-layout-flow wp-block-column-is-layout-flow\">\n<h3 class=\"wp-block-heading has-text-align-center\">\u0392\u03b9\u03bf\u03bc\u03b7\u03c7\u03b1\u03bd\u03af\u03b5\u03c2<\/h3>\n\n\n\n<hr class=\"wp-block-separator has-css-opacity is-style-wide\"\/>\n\n\n\n<div class=\"wp-block-columns is-layout-flex wp-container-core-columns-is-layout-28f84493 wp-block-columns-is-layout-flex\">\n<div class=\"wp-block-column is-layout-flow wp-block-column-is-layout-flow\">\n<figure class=\"wp-block-image aligncenter size-large\"><img decoding=\"async\" width=\"70\" height=\"70\" src=\"https:\/\/obera.fr\/wp-content\/uploads\/2020\/08\/industrie-metallurgie.jpg\" alt=\"\u0392\u03b9\u03bf\u03bc\u03b7\u03c7\u03b1\u03bd\u03af\u03b1 \u03bc\u03b5\u03c4\u03b1\u03bb\u03bb\u03bf\u03c5\u03c1\u03b3\u03af\u03b1\u03c2\" class=\"wp-image-673\"\/><figcaption class=\"wp-element-caption\">\u039c\u03b5\u03c4\u03b1\u03bb\u03bb\u03bf\u03c5\u03c1\u03b3\u03af\u03b1<\/figcaption><\/figure>\n<\/div>\n\n\n\n<div class=\"wp-block-column is-layout-flow wp-block-column-is-layout-flow\"><\/div>\n<\/div>\n<\/div>\n<\/div>\n\n\n\n<div class=\"wp-block-buttons is-content-justification-center is-layout-flex wp-container-core-buttons-is-layout-a89b3969 wp-block-buttons-is-layout-flex\">\n<div class=\"wp-block-button is-style-outline is-style-outline--1\"><a class=\"wp-block-button__link wp-element-button\" href=\"https:\/\/obera.fr\/wp-content\/uploads\/2024\/02\/brochure-afs.pdf\">\u039a\u03b1\u03c4\u03b5\u03b2\u03ac\u03c3\u03c4\u03b5 \u03c4\u03bf \u03b4\u03b5\u03bb\u03c4\u03af\u03bf \u03c0\u03c1\u03bf\u03ca\u03cc\u03bd\u03c4\u03bf\u03c2<\/a><\/div>\n<\/div>\n\n\n\n<hr class=\"wp-block-separator has-css-opacity is-style-dots\"\/>\n\n\n\n<h2 class=\"wp-block-heading\">\u0386\u03bb\u03bb\u03b1 \u03c6\u03af\u03bb\u03c4\u03c1\u03b1 \u03bf\u03bc\u03af\u03c7\u03bb\u03b7\u03c2 \u03bb\u03b1\u03b4\u03b9\u03bf\u03cd \u03b1\u03c0\u03cc \u03c4\u03b7\u03bd \u03bc\u03ac\u03c1\u03ba\u03b1 OberA<\/h2>\n\n\n\n<div class=\"wp-block-columns is-layout-flex wp-container-core-columns-is-layout-28f84493 wp-block-columns-is-layout-flex\">\n<div class=\"wp-block-column is-layout-flow wp-block-column-is-layout-flow\">\n<figure class=\"wp-block-image aligncenter size-medium\"><a href=\"https:\/\/obera.fr\/produits\/filtres-brouillard-huile\/oilmac\/\"><img decoding=\"async\" width=\"300\" height=\"300\" src=\"https:\/\/obera.fr\/wp-content\/uploads\/2020\/08\/filtre-compact-OILMAC-300x300.png\" alt=\"\u03a3\u03c5\u03bc\u03c0\u03b1\u03b3\u03ad\u03c2 \u03c6\u03af\u03bb\u03c4\u03c1\u03bf OILMAC\" class=\"wp-image-641\" srcset=\"https:\/\/obera.fr\/wp-content\/uploads\/2020\/08\/filtre-compact-OILMAC-300x300.png 300w, https:\/\/obera.fr\/wp-content\/uploads\/2020\/08\/filtre-compact-OILMAC-150x150.png 150w, https:\/\/obera.fr\/wp-content\/uploads\/2020\/08\/filtre-compact-OILMAC.png 600w\" sizes=\"(max-width: 300px) 100vw, 300px\" \/><\/a><figcaption class=\"wp-element-caption\">OILMAC<\/figcaption><\/figure>\n<\/div>\n\n\n\n<div class=\"wp-block-column is-layout-flow wp-block-column-is-layout-flow\"><\/div>\n<\/div>\n\n\n\n<p><\/p>\n","protected":false},"excerpt":{"rendered":"<p>\u03a4\u03b1 \u03c6\u03af\u03bb\u03c4\u03c1\u03b1 \u03bf\u03bc\u03af\u03c7\u03bb\u03b7\u03c2 \u03bb\u03b1\u03b4\u03b9\u03bf\u03cd AFS \u03b5\u03af\u03bd\u03b1\u03b9 \u03b7 \u03ba\u03b1\u03c4\u03ac\u03bb\u03bb\u03b7\u03bb\u03b7 \u03bb\u03cd\u03c3\u03b7 \u03b3\u03b9\u03b1 \u03c4\u03bf\u03bd \u03ac\u03bc\u03b5\u03c3\u03bf \u03b5\u03be\u03bf\u03c0\u03bb\u03b9\u03c3\u03bc\u03cc \u03c4\u03c9\u03bd \u03bc\u03b7\u03c7\u03b1\u03bd\u03ce\u03bd \u03ba\u03b1\u03c4\u03b5\u03c1\u03b3\u03b1\u03c3\u03af\u03b1\u03c2 \u03ae \u03c4\u03b7\u03bd \u03ba\u03b5\u03bd\u03c4\u03c1\u03b9\u03ba\u03ae \u03b1\u03bd\u03b1\u03c1\u03c1\u03cc\u03c6\u03b7\u03c3\u03ae \u03c4\u03bf\u03c5\u03c2. \u0397 \u03c3\u03b5\u03b9\u03c1\u03ac AFS \u03ba\u03b1\u03bb\u03cd\u03c0\u03c4\u03b5\u03b9 \u03c1\u03bf\u03ad\u03c2 \u03b1\u03bd\u03b1\u03c1\u03c1\u03cc\u03c6\u03b7\u03c3\u03b7\u03c2 \u03b1\u03c0\u03cc 400 \u03ad\u03c9\u03c2 16.000 m\u00b3\/h. \u039a\u03b5\u03bd\u03c4\u03c1\u03b9\u03ba\u03ad\u03c2 \u03b5\u03b3\u03ba\u03b1\u03c4\u03b1\u03c3\u03c4\u03ac\u03c3\u03b5\u03b9\u03c2 \u03b3\u03b9\u03b1 \u03bf\u03bc\u03af\u03c7\u03bb\u03b5\u03c2, \u03ba\u03b1\u03c0\u03bd\u03bf\u03cd\u03c2 \u03ba\u03b1\u03b9 \u03b1\u03b5\u03c1\u03bf\u03bb\u03cd\u03bc\u03b1\u03c4\u03b1 \u03c0\u03b5\u03c4\u03c1\u03b5\u03bb\u03b1\u03af\u03bf\u03c5 \u03ba\u03b1\u03b9 \u03b3\u03b1\u03bb\u03b1\u03ba\u03c4\u03ce\u03bc\u03b1\u03c4\u03bf\u03c2 \u0397 \u03c4\u03b5\u03c7\u03bd\u03bf\u03bb\u03bf\u03b3\u03af\u03b1 AFS \u03b1\u03c0\u03bf\u03c4\u03b5\u03bb\u03b5\u03af\u03c4\u03b1\u03b9 \u03b1\u03c0\u03cc 5 \u03c3\u03c4\u03ac\u03b4\u03b9\u03b1 \u03b5\u03c0\u03b5\u03be\u03b5\u03c1\u03b3\u03b1\u03c3\u03af\u03b1\u03c2: \u03c6\u03af\u03bb\u03c4\u03c1\u03b1 \u03bc\u03b5 \u03bc\u03b5\u03c4\u03b1\u03bb\u03bb\u03b9\u03ba\u03cc \u03c0\u03bb\u03ad\u03b3\u03bc\u03b1, \u03c0\u03bf\u03bb\u03c5\u03b5\u03c3\u03c4\u03b5\u03c1\u03b9\u03ba\u03ac \u03c4\u03c3\u03cc\u03c7\u03b1 \u03ba\u03b1\u03b9 \u03c4\u03bf\u03bd \u03b4\u03b9\u03b1\u03c7\u03c9\u03c1\u03b9\u03c3\u03c4\u03ae AFS-Longlife, \u03bf \u03bf\u03c0\u03bf\u03af\u03bf\u03c2 \u03b1\u03c0\u03bf\u03c4\u03b5\u03bb\u03b5\u03af \u03c4\u03b7\u03bd \u03ba\u03b1\u03c1\u03b4\u03b9\u03ac \u03c4\u03b7\u03c2 \u03b5\u03c0\u03b5\u03be\u03b5\u03c1\u03b3\u03b1\u03c3\u03af\u03b1\u03c2. &gt;\u039f\u03b9 \u00b5\u03bf\u03bd\u03ac\u03b4\u03b5\u03c2 \u03b5\u03af\u03bd\u03b1\u03b9 \u03b5\u03be\u03bf\u03c0\u03bb\u03b9\u03c3\u00b5\u03ad\u03bd\u03b5\u03c2 \u00b5\u03b5 \u03b1\u03c0\u03cc\u03bb\u03c5\u03c4\u03bf \u03c4\u03b5\u03c1\u00b5\u03b1\u03c4\u03b9\u03ba\u03cc \u03c6\u03af\u03bb\u03c4\u03c1\u03bf \u03c4\u03cd\u03c0\u03bf\u03c5 HEPA H13 (\u03c4\u03c5\u03c0\u03bf\u03c0\u03bf\u03b9\u03b7\u00b5\u03ad\u03bd\u03b7 \u03b1\u03c0\u03cc\u03b4\u03bf\u03c3\u03b7 \u03b5\u03b3\u03b3\u03c5\u03b7\u00b5\u03ad\u03bd\u03b7 99,95% \u03c3\u03b5 \u03c3\u03c9\u00b5\u03b1\u03c4\u03af\u03b4\u03b9\u03b1 0,3\u00b5m). \u0394\u03b5\u03b4\u03bf\u03bc\u03ad\u03bd\u03b7\u03c2 \u03c4\u03b7\u03c2 \u03c0\u03bf\u03bb\u03cd \u03c5\u03c8\u03b7\u03bb\u03ae\u03c2 \u03b1\u03c0\u03cc\u03b4\u03bf\u03c3\u03b7\u03c2 \u03c4\u03b7\u03c2 \u03ba\u03cd\u03c1\u03b9\u03b1\u03c2 \u03b4\u03b9\u03ae\u03b8\u03b7\u03c3\u03b7\u03c2, \u03c4\u03b1 \u03b1\u03c0\u03cc\u03bb\u03c5\u03c4\u03b1 \u03c6\u03af\u03bb\u03c4\u03c1\u03b1 \u03ad\u03c7\u03bf\u03c5\u03bd \u03c0\u03bf\u03bb\u03cd \u03bc\u03b5\u03b3\u03ac\u03bb\u03b7 \u03b4\u03b9\u03ac\u03c1\u03ba\u03b5\u03b9\u03b1 &#8230; <\/p>\n<p class=\"read-more-container\"><a title=\"\u03a6\u03af\u03bb\u03c4\u03c1\u03bf \u03bf\u03bc\u03af\u03c7\u03bb\u03b7\u03c2 \u03bb\u03b1\u03b4\u03b9\u03bf\u03cd AFS\" class=\"read-more button\" href=\"https:\/\/obera.fr\/el\/produits\/filtres-brouillard-huile\/afs\/#more-48621\" aria-label=\"Read more about \u03a6\u03af\u03bb\u03c4\u03c1\u03bf \u03bf\u03bc\u03af\u03c7\u03bb\u03b7\u03c2 \u03bb\u03b1\u03b4\u03b9\u03bf\u03cd AFS\">Lire la suite<\/a><\/p>\n","protected":false},"author":4,"featured_media":83740,"parent":48618,"menu_order":0,"comment_status":"closed","ping_status":"closed","template":"","meta":{"_acf_changed":false,"_seopress_robots_primary_cat":"","_seopress_titles_title":"\u039a\u03b5\u03bd\u03c4\u03c1\u03b9\u03ba\u03ac \u03c3\u03c5\u03c3\u03c4\u03ae\u03bc\u03b1\u03c4\u03b1 \u03bf\u03bc\u03af\u03c7\u03bb\u03b7\u03c2 \u03bb\u03b1\u03b4\u03b9\u03bf\u03cd AFS","_seopress_titles_desc":"\u03a4\u03b1 \u03c6\u03af\u03bb\u03c4\u03c1\u03b1 \u03bf\u03bc\u03af\u03c7\u03bb\u03b7\u03c2 \u03bb\u03b1\u03b4\u03b9\u03bf\u03cd AFS \u03b5\u03af\u03bd\u03b1\u03b9 \u03b7 \u03ba\u03b1\u03c4\u03ac\u03bb\u03bb\u03b7\u03bb\u03b7 \u03bb\u03cd\u03c3\u03b7 \u03b3\u03b9\u03b1 \u03c4\u03bf\u03bd \u03ac\u03bc\u03b5\u03c3\u03bf \u03b5\u03be\u03bf\u03c0\u03bb\u03b9\u03c3\u03bc\u03cc \u03c4\u03c9\u03bd \u03bc\u03b7\u03c7\u03b1\u03bd\u03ce\u03bd \u03ba\u03b1\u03c4\u03b5\u03c1\u03b3\u03b1\u03c3\u03af\u03b1\u03c2 \u03ae \u03c4\u03b7\u03bd \u03ba\u03b5\u03bd\u03c4\u03c1\u03b9\u03ba\u03ae \u03b1\u03bd\u03b1\u03c1\u03c1\u03cc\u03c6\u03b7\u03c3\u03ae \u03c4\u03bf\u03c5\u03c2.","_seopress_robots_index":"","footnotes":""},"class_list":{"0":"post-48621","1":"page","2":"type-page","3":"status-publish","4":"has-post-thumbnail","6":"no-featured-image-padding","7":"resize-featured-image"},"acf":[],"_links":{"self":[{"href":"https:\/\/obera.fr\/el\/wp-json\/wp\/v2\/pages\/48621","targetHints":{"allow":["GET"]}}],"collection":[{"href":"https:\/\/obera.fr\/el\/wp-json\/wp\/v2\/pages"}],"about":[{"href":"https:\/\/obera.fr\/el\/wp-json\/wp\/v2\/types\/page"}],"author":[{"embeddable":true,"href":"https:\/\/obera.fr\/el\/wp-json\/wp\/v2\/users\/4"}],"replies":[{"embeddable":true,"href":"https:\/\/obera.fr\/el\/wp-json\/wp\/v2\/comments?post=48621"}],"version-history":[{"count":11,"href":"https:\/\/obera.fr\/el\/wp-json\/wp\/v2\/pages\/48621\/revisions"}],"predecessor-version":[{"id":107898,"href":"https:\/\/obera.fr\/el\/wp-json\/wp\/v2\/pages\/48621\/revisions\/107898"}],"up":[{"embeddable":true,"href":"https:\/\/obera.fr\/el\/wp-json\/wp\/v2\/pages\/48618"}],"wp:featuredmedia":[{"embeddable":true,"href":"https:\/\/obera.fr\/el\/wp-json\/wp\/v2\/media\/83740"}],"wp:attachment":[{"href":"https:\/\/obera.fr\/el\/wp-json\/wp\/v2\/media?parent=48621"}],"curies":[{"name":"wp","href":"https:\/\/api.w.org\/{rel}","templated":true}]}}