{"id":115373,"date":"2025-06-26T12:05:10","date_gmt":"2025-06-26T10:05:10","guid":{"rendered":"https:\/\/obera.fr\/clearbox\/"},"modified":"2025-06-26T12:10:01","modified_gmt":"2025-06-26T10:10:01","slug":"clearbox","status":"publish","type":"page","link":"https:\/\/obera.fr\/en\/clearbox\/","title":{"rendered":"Clearbox"},"content":{"rendered":"\n<div class=\"wp-block-columns is-layout-flex wp-container-core-columns-is-layout-28f84493 wp-block-columns-is-layout-flex\">\n<div class=\"wp-block-column is-layout-flow wp-block-column-is-layout-flow\" style=\"flex-basis:33.33%\">\n<figure class=\"wp-block-image aligncenter size-medium\"><img decoding=\"async\" width=\"300\" height=\"267\" src=\"https:\/\/obera.fr\/wp-content\/uploads\/2025\/06\/clearbox-300x267.png\" alt=\"clearbox\" class=\"wp-image-109012\" srcset=\"https:\/\/obera.fr\/wp-content\/uploads\/2025\/06\/clearbox-300x267.png 300w, https:\/\/obera.fr\/wp-content\/uploads\/2025\/06\/clearbox.png 534w\" sizes=\"(max-width: 300px) 100vw, 300px\" \/><figcaption class=\"wp-element-caption\">Clearbox<\/figcaption><\/figure>\n<\/div>\n\n\n\n<div class=\"wp-block-column is-layout-flow wp-block-column-is-layout-flow\" style=\"flex-basis:66.66%\">\n<p class=\"has-drop-cap\"><\/p>\n\n\n\n<hr class=\"wp-block-separator has-text-color has-black-color has-css-opacity has-black-background-color has-background is-style-dots\"\/>\n\n\n\n<div class=\"wp-block-columns is-layout-flex wp-container-core-columns-is-layout-28f84493 wp-block-columns-is-layout-flex\">\n<div class=\"wp-block-column is-layout-flow wp-block-column-is-layout-flow\" style=\"flex-basis:33.33%\">\n<div class=\"wp-block-buttons is-layout-flex wp-block-buttons-is-layout-flex\">\n<div class=\"wp-block-button\"><a class=\"wp-block-button__link wp-element-button\" href=\"https:\/\/obera.fr\/wp-content\/uploads\/2025\/06\/fr-caisson-mobile-daspiration-clearbox-1.pdf\">DOWNLOAD THE BROCHURE<\/a><\/div>\n<\/div>\n<\/div>\n\n\n\n<div class=\"wp-block-column is-layout-flow wp-block-column-is-layout-flow\" style=\"flex-basis:33.34%\">\n<div class=\"wp-block-buttons is-horizontal is-content-justification-center is-layout-flex wp-container-core-buttons-is-layout-03627597 wp-block-buttons-is-layout-flex\">\n<div class=\"wp-block-button\"><a class=\"wp-block-button__link wp-element-button\" href=\"https:\/\/obera.fr\/en\/contact-us\/\">Read more<\/a><\/div>\n<\/div>\n<\/div>\n\n\n\n<div class=\"wp-block-column is-layout-flow wp-block-column-is-layout-flow\" style=\"flex-basis:33.34%\">\n<div class=\"wp-block-buttons is-content-justification-center is-layout-flex wp-container-core-buttons-is-layout-a89b3969 wp-block-buttons-is-layout-flex\">\n<div class=\"wp-block-button btn-devis-source\"><a class=\"wp-block-button__link wp-element-button\" href=\"https:\/\/obera.fr\/en\/request-a-quote\/\">Request a quote<\/a><\/div>\n<\/div>\n\n\n<script>\r\ndocument.addEventListener('DOMContentLoaded', function() {\r\n    \/\/ 1. On cherche le titre H1 de la page\r\n    var h1 = document.querySelector('h1');\r\n    var productTitle = h1 ? h1.innerText.trim() : \"\";\r\n\r\n    \/\/ 2. On cherche les boutons via la classe CSS .btn-devis-source\r\n    var buttons = document.querySelectorAll('.btn-devis-source a');\r\n\r\n    \/\/ 3. Si on a le titre et les boutons, on ajoute le param\u00e8tre\r\n    if (buttons.length > 0 && productTitle !== \"\") {\r\n        var encodedTitle = encodeURIComponent(productTitle);\r\n\r\n        buttons.forEach(function(btn) {\r\n            var currentHref = btn.getAttribute('href');\r\n            \r\n            \/\/ S\u00e9curit\u00e9 pour ne pas ajouter le param\u00e8tre 2 fois\r\n            if (currentHref.indexOf('sujet=') === -1) {\r\n                var separator = currentHref.indexOf('?') !== -1 ? '&' : '?';\r\n                var newLink = currentHref + separator + 'sujet=' + encodedTitle;\r\n                \r\n                btn.setAttribute('href', newLink);\r\n            }\r\n        });\r\n    }\r\n});\r\n<\/script><\/div>\n<\/div>\n\n\n\n<p><\/p>\n<\/div>\n<\/div>\n\n<p>The Clearbox is a <strong>mobile suction unit<\/strong> manufactured in France, with a 5-year guarantee and high-performance flow. It is specially designed for the treatment of volatile organic compounds (VOCs), gases, odors, solvents, dusts and fumes.   <\/p>\n\n<p><\/p>\n\n<p>This unit offers different levels of filtration, from 2 to 3 stages, and can be configured according to your specific needs, guaranteeing optimum efficiency in<strong>pollutant removal<\/strong>. It is equipped with a G4 pre-filter, F9 to H14 saturation filters for dust and fumes, and can incorporate activated carbon for <strong>gas and VOC treatment<\/strong>.   <\/p>\n\n<p><\/p>\n\n<p>What&#8217;s more, it&#8217;s available in three versions: with a suction arm, with a tubed inlet, or in the <strong>form of a suction table<\/strong>. An ATEX dust version is also available. <\/p>\n\n<div class=\"wp-block-columns is-layout-flex wp-container-core-columns-is-layout-28f84493 wp-block-columns-is-layout-flex\">\n<div class=\"wp-block-column is-layout-flow wp-block-column-is-layout-flow\">\n<h2 class=\"wp-block-heading has-text-align-center\"><strong>Advantages<\/strong><\/h2>\n\n\n\n<ul class=\"wp-block-list\">\n<li>Extra-high fan<\/li>\n\n\n\n<li>performance<\/li>\n\n\n\n<li>Silencer<\/li>\n\n\n\n<li>Mobile, lightweight and easy to handle<br\/><\/li>\n\n\n\n<li>Low footprint<br\/><\/li>\n\n\n\n<li>Easy maintenance<br\/>filters<\/li>\n\n\n\n<li>Flow rate adjustable from 0 to<br\/>100%.<\/li>\n\n\n\n<li>Power supply with<br\/>standard 230V socket<\/li>\n<\/ul>\n<\/div>\n\n\n\n<div class=\"wp-block-column is-layout-flow wp-block-column-is-layout-flow\">\n<h2 class=\"wp-block-heading has-text-align-center\"><strong>Special features<\/strong><\/h2>\n\n\n\n<ul class=\"wp-block-list\">\n<li>Replacement of<\/li>\n\n\n\n<li>high performance filter media<\/li>\n\n\n\n<li>easy<\/li>\n\n\n\n<li>Upgradeable and configurable<br\/><\/li>\n\n\n\n<li>High adsorption capacity<br\/><\/li>\n\n\n\n<li>Hour meter<\/li>\n\n\n\n<li><br\/>measurement of<br\/>filter clogging<\/li>\n\n\n\n<li>Flow rate setting from<br\/>0 to 100%.<\/li>\n\n\n\n<li>Plug &amp; Play system<\/li>\n\n\n\n<li>ATEX option<br\/>dust<\/li>\n<\/ul>\n<\/div>\n\n\n\n<div class=\"wp-block-column is-layout-flow wp-block-column-is-layout-flow\">\n<h2 class=\"wp-block-heading has-text-align-center\"><strong>Characteristics<\/strong><\/h2>\n\n\n\n<ul class=\"wp-block-list\">\n<li>Max. flow :<\/li>\n\n\n\n<li>2000m3\/h<\/li>\n\n\n\n<li>Installed power:<br\/>750W<\/li>\n\n\n\n<li>Power supply: 230V<\/li>\n\n\n\n<li>Dimensions: 710 x<br\/>710 x 2050<\/li>\n\n\n\n<li>Weight: 70kg<\/li>\n\n\n\n<li>Noise level:<br\/>72Db<\/li>\n<\/ul>\n<\/div>\n<\/div>\n\n<h2 class=\"wp-block-heading\">For which uses?<\/h2>\n\n<p>The <strong>Clearbox is a handy <\/strong>, compact <strong>device <\/strong>designed to capture and effectively treat gaseous pollutants, odors, dust and fumes. Equipped with castors, it can <strong>be easily integrated into work areas<\/strong>, and can treat both fixed and mobile workstations. <\/p>\n\n<p><br\/>The Clearbox is fitted with a <strong>G4 pre-filter, F9 to H14 saturation filters <\/strong>and, if required, activated carbon. ATEX dust version is also available. Regular filter maintenance is essential to ensure the unit&#8217;s smooth operation.  <\/p>\n\n<div class=\"wp-block-columns is-layout-flex wp-container-core-columns-is-layout-28f84493 wp-block-columns-is-layout-flex\">\n<div class=\"wp-block-column is-layout-flow wp-block-column-is-layout-flow\">\n<h3 class=\"wp-block-heading has-text-align-center\">Pollutants<\/h3>\n\n\n\n<hr class=\"wp-block-separator has-css-opacity is-style-wide\"\/>\n\n\n\n<div class=\"wp-block-columns is-layout-flex wp-container-core-columns-is-layout-28f84493 wp-block-columns-is-layout-flex\">\n<div class=\"wp-block-column is-layout-flow wp-block-column-is-layout-flow\">\n<figure class=\"wp-block-image aligncenter size-large\"><img decoding=\"async\" width=\"70\" height=\"70\" src=\"https:\/\/obera.fr\/wp-content\/uploads\/2020\/08\/industrie-fumees.jpg\" alt=\"Industry Smoke\" class=\"wp-image-722\"\/><figcaption class=\"wp-element-caption\">Smoke industry<\/figcaption><\/figure>\n<\/div>\n\n\n\n<div class=\"wp-block-column is-layout-flow wp-block-column-is-layout-flow\">\n<figure class=\"wp-block-image aligncenter size-large\"><img decoding=\"async\" width=\"70\" height=\"70\" src=\"https:\/\/obera.fr\/wp-content\/uploads\/2020\/08\/polluants-poussieres.jpg\" alt=\"Pollutants Dust\" class=\"wp-image-675\"\/><figcaption class=\"wp-element-caption\">Pollutants Dust<\/figcaption><\/figure>\n<\/div>\n<\/div>\n\n\n\n<div class=\"wp-block-columns is-layout-flex wp-container-core-columns-is-layout-28f84493 wp-block-columns-is-layout-flex\">\n<div class=\"wp-block-column is-layout-flow wp-block-column-is-layout-flow\">\n<figure class=\"wp-block-image aligncenter size-large\"><img decoding=\"async\" width=\"70\" height=\"70\" src=\"https:\/\/obera.fr\/wp-content\/uploads\/2020\/08\/industrie-odeur.jpg\" alt=\"Industry Odor\" class=\"wp-image-723\"\/><figcaption class=\"wp-element-caption\">Odor industry<\/figcaption><\/figure>\n<\/div>\n\n\n\n<div class=\"wp-block-column is-layout-flow wp-block-column-is-layout-flow\">\n<figure class=\"wp-block-image aligncenter size-large is-resized\"><img decoding=\"async\" width=\"70\" height=\"70\" src=\"https:\/\/obera.fr\/wp-content\/uploads\/2020\/10\/industrie-aerosols.jpg\" alt=\"Industry Aerosols\" class=\"wp-image-1201\" style=\"width:70px;height:auto\"\/><figcaption class=\"wp-element-caption\">VOCS<\/figcaption><\/figure>\n<\/div>\n<\/div>\n<\/div>\n\n\n\n<div class=\"wp-block-column is-layout-flow wp-block-column-is-layout-flow\">\n<h3 class=\"wp-block-heading has-text-align-center\">Industries<\/h3>\n\n\n\n<hr class=\"wp-block-separator has-css-opacity is-style-wide\"\/>\n\n\n\n<div class=\"wp-block-columns is-layout-flex wp-container-core-columns-is-layout-28f84493 wp-block-columns-is-layout-flex\">\n<div class=\"wp-block-column is-layout-flow wp-block-column-is-layout-flow\" style=\"flex-basis:100%\">\n<div style=\"height:47px\" aria-hidden=\"true\" class=\"wp-block-spacer\"><\/div>\n\n\n\n<p class=\"has-text-align-center\">Suitable for all types of industry<\/p>\n<\/div>\n\n\n\n<div class=\"wp-block-column is-layout-flow wp-block-column-is-layout-flow\"><\/div>\n<\/div>\n<\/div>\n<\/div>\n\n<div class=\"wp-block-buttons is-horizontal is-content-justification-center is-layout-flex wp-container-core-buttons-is-layout-03627597 wp-block-buttons-is-layout-flex\">\n<div class=\"wp-block-button\"><a class=\"wp-block-button__link wp-element-button\" href=\"https:\/\/obera.fr\/en\/contact-us\/\">Read more<\/a><\/div>\n<\/div>\n\n<h2 class=\"wp-block-heading\">What are the Clearbox&#8217;s features?<\/h2>\n\n<p>The Clearbox is a <strong>mobile vacuum box<\/strong> manufactured in France, with a 5-year warranty and a high-performance 2000 m\u00b3\/h flow rate. It features 3 levels of high-performance filtration, which can be configured according to your needs. It is available in 2 <strong>filtration <\/strong>levels <strong>with a G4 pre-filter <\/strong>and a F9 to H14 saturation filter, or in 3 levels with activated carbon.    <\/p>\n\n<p><\/p>\n\n<p>What&#8217;s more, it&#8217;s available in three versions: with a suction arm, with a tubed inlet, or in the <strong>form of a suction table<\/strong>, and can also be adapted as an ATEX dust version. Thanks to its high adsorption capacity, it eliminates a maximum number of pollutants.   <\/p>\n\n<p><\/p>\n\n<p>Regular filter replacement is essential to keep the unit running smoothly. A built-in <strong>filter clogging measurement system<\/strong> indicates when it&#8217;s time to change filters, and filter media replacement is simple. <\/p>\n\n<p><\/p>\n\n<p>Plug and Play simplifies installation. Equipped with castors and a <strong>particularly compact design<\/strong>, it is easy to handle and adapts to any working environment. <\/p>\n\n<p><\/p>\n\n<figure class=\"wp-block-table\"><table class=\"has-fixed-layout\"><tbody><tr><td><strong>Device  <\/strong><\/td><td><\/td><td><strong>With arm  <\/strong><\/td><td><strong>Tubed inlet  <\/strong><\/td><td><strong>Table<\/strong><\/td><\/tr><tr><td>Maximum flow  <\/td><td>m3\/h  <\/td><td>2000  <\/td><td>2500  <\/td><td>5000<\/td><\/tr><tr><td>Flow control<\/td><td>%\u00a0<\/td><td>0-100  <\/td><td>0-100  <\/td><td>0-100<\/td><\/tr><tr><td>Installed capacity<\/td><td>W  <\/td><td>750  <\/td><td>750  <\/td><td>750<\/td><\/tr><tr><td>Power supply  <\/td><td>V  <\/td><td>230  <\/td><td>230  <\/td><td>230<\/td><\/tr><tr><td>Overall dimensions (WxLxH)<\/td><td>mm  <\/td><td>710x710x2050  <\/td><td>710x710x2050  <\/td><td>710x710x2050<\/td><\/tr><tr><td>Weight  <\/td><td>kg  <\/td><td>70  <\/td><td>75  <\/td><td>75<\/td><\/tr><tr><td>Noise level  <\/td><td>dB  <\/td><td>72  <\/td><td>72  <\/td><td>72<\/td><\/tr><\/tbody><\/table><\/figure>\n","protected":false},"excerpt":{"rendered":"<p>The Clearbox is a mobile suction unit manufactured in France, with a 5-year guarantee and high-performance flow. It is specially designed for the treatment of volatile organic compounds (VOCs), gases, odors, solvents, dusts and fumes. This unit offers different levels of filtration, from 2 to 3 stages, and can be configured according to your specific needs, guaranteeing optimum efficiency inpollutant removal. It is equipped with a G4 pre-filter, F9 to H14 saturation filters for dust and fumes, and can incorporate activated carbon for gas and VOC treatment. What&#8217;s more, it&#8217;s available in three versions: with a suction arm, with a &#8230; <\/p>\n<p class=\"read-more-container\"><a title=\"Clearbox\" class=\"read-more button\" href=\"https:\/\/obera.fr\/en\/clearbox\/#more-115373\" aria-label=\"Read more about Clearbox\">Read more<\/a><\/p>\n","protected":false},"author":4,"featured_media":0,"parent":0,"menu_order":0,"comment_status":"closed","ping_status":"closed","template":"","meta":{"_acf_changed":false,"_seopress_robots_primary_cat":"","_seopress_titles_title":"Clearbox: High-performance mobile suction box","_seopress_titles_desc":"Discover Clearbox, the high-performance mobile extraction unit for VOCs, gases, fumes and dust. Made in France, 5-year warranty, configurable and compact. ","_seopress_robots_index":"","footnotes":""},"class_list":{"0":"post-115373","1":"page","2":"type-page","3":"status-publish","5":"no-featured-image-padding"},"acf":[],"_links":{"self":[{"href":"https:\/\/obera.fr\/en\/wp-json\/wp\/v2\/pages\/115373","targetHints":{"allow":["GET"]}}],"collection":[{"href":"https:\/\/obera.fr\/en\/wp-json\/wp\/v2\/pages"}],"about":[{"href":"https:\/\/obera.fr\/en\/wp-json\/wp\/v2\/types\/page"}],"author":[{"embeddable":true,"href":"https:\/\/obera.fr\/en\/wp-json\/wp\/v2\/users\/4"}],"replies":[{"embeddable":true,"href":"https:\/\/obera.fr\/en\/wp-json\/wp\/v2\/comments?post=115373"}],"version-history":[{"count":2,"href":"https:\/\/obera.fr\/en\/wp-json\/wp\/v2\/pages\/115373\/revisions"}],"predecessor-version":[{"id":115377,"href":"https:\/\/obera.fr\/en\/wp-json\/wp\/v2\/pages\/115373\/revisions\/115377"}],"wp:attachment":[{"href":"https:\/\/obera.fr\/en\/wp-json\/wp\/v2\/media?parent=115373"}],"curies":[{"name":"wp","href":"https:\/\/api.w.org\/{rel}","templated":true}]}}