{"id":12706,"date":"2020-08-26T16:20:18","date_gmt":"2020-08-26T14:20:18","guid":{"rendered":"https:\/\/obera.fr\/discover-obera\/"},"modified":"2025-07-21T15:03:39","modified_gmt":"2025-07-21T13:03:39","slug":"decouvrir","status":"publish","type":"page","link":"https:\/\/obera.fr\/en\/decouvrir\/","title":{"rendered":"Discover OberA"},"content":{"rendered":"\n<h2 class=\"wp-block-heading\">Our slogan: &#8220;OberA, guaranteeing the quality of <mark style=\"background-color:rgba(0, 0, 0, 0)\" class=\"has-inline-color has-global-color-8-color\">your company&#8217;s <\/mark> air!&#8221;<\/h2>\n\n<p><\/p>\n\n<p>Based in Alsace, France, OberA is an expert in industrial air treatment. From design to manufacturing and distribution, our presence extends across France and Europe. With our ecological and cost-effective solutions, tailored to your needs, you can benefit from a healthy working environment that improves working conditions and boosts your company&#8217;s productivity.  <\/p>\n\n<div class=\"wp-block-columns is-layout-flex wp-container-core-columns-is-layout-28f84493 wp-block-columns-is-layout-flex\">\n<div class=\"wp-block-column is-layout-flow wp-block-column-is-layout-flow\" style=\"flex-basis:25%\"><\/div>\n\n\n\n<div class=\"wp-block-column is-layout-flow wp-block-column-is-layout-flow\" style=\"flex-basis:50%\">\n<p><\/p>\n\n\n\n<figure class=\"wp-block-video\"><video height=\"1080\" style=\"aspect-ratio: 1920 \/ 1080;\" width=\"1920\" autoplay=\"\" controls=\"\" loop=\"\" muted=\"\" poster=\"https:\/\/obera.fr\/wp-content\/uploads\/2025\/05\/capture-decran-2025-05-14-100342.png\" src=\"https:\/\/obera.fr\/wp-content\/uploads\/2025\/05\/made_in_france_obera_fr.mp4\"><\/video><\/figure>\n<\/div>\n\n\n\n<div class=\"wp-block-column is-layout-flow wp-block-column-is-layout-flow\" style=\"flex-basis:25%\"><\/div>\n<\/div>\n\n<p><\/p>\n\n<div class=\"wp-block-buttons is-content-justification-center is-layout-flex wp-container-core-buttons-is-layout-a89b3969 wp-block-buttons-is-layout-flex\">\n<div class=\"wp-block-button\"><a class=\"wp-block-button__link wp-element-button\" href=\"https:\/\/obera.fr\/en\/ils-parlent-de-nous-presse-media\/\">They talk about us<\/a><\/div>\n\n\n\n<div class=\"wp-block-button\"><a class=\"wp-block-button__link wp-element-button\" href=\"https:\/\/obera.fr\/en\/decouvrir\/salons\/\">The next fairs<\/a><\/div>\n<\/div>\n\n<h2 class=\"wp-block-heading\">Our mission<\/h2>\n\n<div class=\"wp-block-columns is-layout-flex wp-container-core-columns-is-layout-28f84493 wp-block-columns-is-layout-flex\">\n<div class=\"wp-block-column is-layout-flow wp-block-column-is-layout-flow\" style=\"flex-basis:66.66%\">\n<p>As a specialist in industrial air treatment, OberA guarantees you a healthy working environment, promoting optimal working conditions and helping to improve your company&#8217;s productivity.<\/p>\n\n\n\n<blockquote class=\"wp-block-quote is-layout-flow wp-block-quote-is-layout-flow\">\n<p>Your air quality guarantor  <\/p>\n<\/blockquote>\n<\/div>\n\n\n\n<div class=\"wp-block-column is-layout-flow wp-block-column-is-layout-flow\" style=\"flex-basis:33.33%\">\n<figure class=\"wp-block-image aligncenter size-large is-resized\"><img decoding=\"async\" width=\"1024\" height=\"1024\" src=\"https:\/\/obera.fr\/wp-content\/uploads\/2025\/05\/ic-30-entrepot-travail-1024x1024.png\" alt=\"ic 30 entrepot travail\" class=\"wp-image-93435\" style=\"width:259px;height:auto\" srcset=\"https:\/\/obera.fr\/wp-content\/uploads\/2025\/05\/ic-30-entrepot-travail-1024x1024.png 1024w, https:\/\/obera.fr\/wp-content\/uploads\/2025\/05\/ic-30-entrepot-travail-300x300.png 300w, https:\/\/obera.fr\/wp-content\/uploads\/2025\/05\/ic-30-entrepot-travail-150x150.png 150w, https:\/\/obera.fr\/wp-content\/uploads\/2025\/05\/ic-30-entrepot-travail-768x768.png 768w, https:\/\/obera.fr\/wp-content\/uploads\/2025\/05\/ic-30-entrepot-travail.png 1200w\" sizes=\"(max-width: 1024px) 100vw, 1024px\" \/><\/figure>\n<\/div>\n<\/div>\n\n<h3 class=\"wp-block-heading\">Improving air quality for better health and productivity<\/h3>\n\n<p>At OberA, we know how essential it is to work in a healthy environment. That&#8217;s why we&#8217;ve developed effective, innovative solutions to ensure clean air, improving your working conditions and boosting your productivity. Our tailor-made solutions, adapted to your specific needs, integrate perfectly into your environment. Ecological and economical, our innovations guarantee exceptional results.   <\/p>\n\n<h3 class=\"wp-block-heading\">Tailor-made solutions for every situation<\/h3>\n\n<p>We&#8217;re committed to providing solutions tailored to the unique challenges you face. Whether you need a mobile or fixed solution, we work closely with you to analyze your work environment, understand your specific needs and design air quality improvement systems that perfectly match your expectations. <\/p>\n\n<h2 class=\"wp-block-heading\">OberA&#8217;s business lines<\/h2>\n\n<p>We&#8217;re proud to offer cutting-edge products and services that help our customers solve problems related to <strong>dust, odors, VOCs and heat<\/strong>, while creating a healthier, more productive working environment.<\/p>\n\n<p><\/p>\n\n<div class=\"wp-block-columns is-layout-flex wp-container-core-columns-is-layout-28f84493 wp-block-columns-is-layout-flex\">\n<div class=\"wp-block-column is-layout-flow wp-block-column-is-layout-flow\" style=\"flex-basis:25%\"><\/div>\n\n\n\n<div class=\"wp-block-column is-layout-flow wp-block-column-is-layout-flow\" style=\"flex-basis:50%\">\n<figure class=\"wp-block-video\"><video height=\"1080\" style=\"aspect-ratio: 1920 \/ 1080;\" width=\"1920\" autoplay=\"\" controls=\"\" loop=\"\" poster=\"https:\/\/obera.fr\/wp-content\/uploads\/2025\/05\/capture-decran-2025-05-13-093745.png\" src=\"https:\/\/obera.fr\/wp-content\/uploads\/2025\/05\/le-depoussierage-des-espaces-de-travail-1.mp4\"><\/video><\/figure>\n<\/div>\n\n\n\n<div class=\"wp-block-column is-layout-flow wp-block-column-is-layout-flow\" style=\"flex-basis:25%\"><\/div>\n<\/div>\n\n<p><\/p>\n\n<h2 class=\"wp-block-heading\">Rigorous methodology for reliable results<\/h2>\n\n<p>At OberA, we follow a rigorous methodology to guarantee optimum results for our customers. Before installing our equipment, we offer to carry out a <strong>dust<\/strong> <strong>diagnosis<\/strong>. This approach enables us to determine the level and type of dust present in your workspace. Following this analysis, we <strong>recommend a solution adapted<\/strong> to the situation, as well as an <strong>expected result<\/strong>. Once we have validated this with you, we move on to implementing the solution. To verify the effectiveness of the implemented solution, <strong>a second measurement<\/strong> is carried out at a later date. If the results are in line with those expected, we don&#8217;t change anything. If the solution is not sufficiently effective, we <strong>readjust<\/strong> it.      <\/p>\n\n<div class=\"wp-block-columns is-layout-flex wp-container-core-columns-is-layout-28f84493 wp-block-columns-is-layout-flex\">\n<div class=\"wp-block-column is-layout-flow wp-block-column-is-layout-flow\" style=\"flex-basis:25%\"><\/div>\n\n\n\n<div class=\"wp-block-column is-layout-flow wp-block-column-is-layout-flow\" style=\"flex-basis:50%\">\n<figure class=\"wp-block-video\"><video height=\"1080\" style=\"aspect-ratio: 1920 \/ 1080;\" width=\"1920\" autoplay=\"\" controls=\"\" loop=\"\" poster=\"https:\/\/obera.fr\/wp-content\/uploads\/2025\/05\/capture-decran-2025-05-13-161820.png\" src=\"https:\/\/obera.fr\/wp-content\/uploads\/2025\/05\/mesurer-disgnostiquer.mp4\"><\/video><\/figure>\n<\/div>\n\n\n\n<div class=\"wp-block-column is-layout-flow wp-block-column-is-layout-flow\" style=\"flex-basis:25%\"><\/div>\n<\/div>\n\n<p><\/p>\n\n<p>OberA is the only one to offer this, and to guarantee a safe and efficient investment, it is possible to <strong>test our devices over a period of 1 to 3 months, deductible from the purchase price<\/strong>. For use over a specific period or for short-term requirements, <strong>our<\/strong> <strong>equipment<\/strong> can be <strong>leased<\/strong> <strong>for a period of 12 to 63 months, with purchase option<\/strong>. <\/p>\n\n<p><\/p>\n\n<div class=\"wp-block-columns is-layout-flex wp-container-core-columns-is-layout-28f84493 wp-block-columns-is-layout-flex\">\n<div class=\"wp-block-column is-layout-flow wp-block-column-is-layout-flow\" style=\"flex-basis:25%\"><\/div>\n\n\n\n<div class=\"wp-block-column is-layout-flow wp-block-column-is-layout-flow\" style=\"flex-basis:50%\">\n<figure class=\"wp-block-video\"><video height=\"1080\" style=\"aspect-ratio: 1920 \/ 1080;\" width=\"1920\" autoplay=\"\" controls=\"\" loop=\"\" poster=\"https:\/\/obera.fr\/wp-content\/uploads\/2025\/05\/capture-decran-2025-05-13-093822.png\" src=\"https:\/\/obera.fr\/wp-content\/uploads\/2025\/05\/testez-de-1-a-3-mois-deductibles-du-prix-dacquisition.mp4\"><\/video><\/figure>\n<\/div>\n\n\n\n<div class=\"wp-block-column is-layout-flow wp-block-column-is-layout-flow\" style=\"flex-basis:25%\"><\/div>\n<\/div>\n\n<p><\/p>\n\n<h2 class=\"wp-block-heading\">Our commitment to customer satisfaction<\/h2>\n\n<p>Customer satisfaction is our top priority. We are committed to providing exceptional customer service at every stage of our collaboration. Our highly qualified technical\/SAV team is available to answer all your questions, guide you in choosing the solution best suited to your needs, and offer ongoing support to ensure the smooth operation of our products.  <\/p>\n\n<p>Whether you&#8217;re an industrial company concerned about the health of your employees, or a logistician looking to optimize your working environment, OberA is here to support you. Discover our expertise, our cutting-edge solutions and our commitment to improving air quality. Let&#8217;s work together to create a healthier, more productive working environment.  <\/p>\n\n<p>Contact us today to discuss your specific requirements and find out how OberA can improve air quality in your business.<\/p>\n\n<div class=\"wp-block-buttons is-horizontal is-content-justification-center is-layout-flex wp-container-core-buttons-is-layout-03627597 wp-block-buttons-is-layout-flex\">\n<div class=\"wp-block-button\"><a class=\"wp-block-button__link wp-element-button\" href=\"https:\/\/obera.fr\/en\/contact-us\/\">Read more<\/a><\/div>\n<\/div>\n\n<div style=\"height:30px\" aria-hidden=\"true\" class=\"wp-block-spacer\"><\/div>\n\n<p>Discover our loyal <a href=\"https:\/\/obera.fr\/en\/decouvrir\/nos-clients\/\" data-type=\"page\" data-id=\"743\">customers<\/a> .<\/p>\n\n<p><\/p>\n","protected":false},"excerpt":{"rendered":"<p>Our slogan: &#8220;OberA, guaranteeing the quality of your company&#8217;s air!&#8221; Based in Alsace, France, OberA is an expert in industrial air treatment. From design to manufacturing and distribution, our presence extends across France and Europe. With our ecological and cost-effective solutions, tailored to your needs, you can benefit from a healthy working environment that improves working conditions and boosts your company&#8217;s productivity. Our mission As a specialist in industrial air treatment, OberA guarantees you a healthy working environment, promoting optimal working conditions and helping to improve your company&#8217;s productivity. Your air quality guarantor Improving air quality for better health and &#8230; <\/p>\n<p class=\"read-more-container\"><a title=\"Discover OberA\" class=\"read-more button\" href=\"https:\/\/obera.fr\/en\/decouvrir\/#more-12706\" aria-label=\"Read more about Discover OberA\">Read more<\/a><\/p>\n","protected":false},"author":4,"featured_media":15497,"parent":0,"menu_order":0,"comment_status":"closed","ping_status":"closed","template":"","meta":{"_acf_changed":false,"_seopress_robots_primary_cat":"","_seopress_titles_title":"D\u00e9couvrir oberA : La solution compl\u00e8te pour votre entreprise.","_seopress_titles_desc":"En savoir plus sur oberA, notre mission, nos m\u00e9tiers, notre m\u00e9thodologie et nos implantations g\u00e9ographiques.","_seopress_robots_index":"","footnotes":""},"class_list":{"0":"post-12706","1":"page","2":"type-page","3":"status-publish","4":"has-post-thumbnail","6":"no-featured-image-padding","7":"resize-featured-image"},"acf":[],"_links":{"self":[{"href":"https:\/\/obera.fr\/en\/wp-json\/wp\/v2\/pages\/12706","targetHints":{"allow":["GET"]}}],"collection":[{"href":"https:\/\/obera.fr\/en\/wp-json\/wp\/v2\/pages"}],"about":[{"href":"https:\/\/obera.fr\/en\/wp-json\/wp\/v2\/types\/page"}],"author":[{"embeddable":true,"href":"https:\/\/obera.fr\/en\/wp-json\/wp\/v2\/users\/4"}],"replies":[{"embeddable":true,"href":"https:\/\/obera.fr\/en\/wp-json\/wp\/v2\/comments?post=12706"}],"version-history":[{"count":13,"href":"https:\/\/obera.fr\/en\/wp-json\/wp\/v2\/pages\/12706\/revisions"}],"predecessor-version":[{"id":124542,"href":"https:\/\/obera.fr\/en\/wp-json\/wp\/v2\/pages\/12706\/revisions\/124542"}],"wp:featuredmedia":[{"embeddable":true,"href":"https:\/\/obera.fr\/en\/wp-json\/wp\/v2\/media\/15497"}],"wp:attachment":[{"href":"https:\/\/obera.fr\/en\/wp-json\/wp\/v2\/media?parent=12706"}],"curies":[{"name":"wp","href":"https:\/\/api.w.org\/{rel}","templated":true}]}}