{"id":31419,"date":"2020-10-19T23:22:37","date_gmt":"2020-10-19T21:22:37","guid":{"rendered":"https:\/\/obera.fr\/products\/arms-and-pick-up-devices\/industrial-rectangular-exhaust-hood\/"},"modified":"2025-11-15T06:42:48","modified_gmt":"2025-11-15T04:42:48","slug":"hotte-rectangulaire","status":"publish","type":"page","link":"https:\/\/obera.fr\/en\/produits\/bras-dispositifs-captation\/hotte-rectangulaire\/","title":{"rendered":"Industrial rectangular exhaust hood"},"content":{"rendered":"\n<h2 class=\"wp-block-heading\">Our range of rectangular fume hoods<\/h2>\n\n<div class=\"wp-block-columns is-layout-flex wp-container-core-columns-is-layout-28f84493 wp-block-columns-is-layout-flex\">\n<div class=\"wp-block-column is-layout-flow wp-block-column-is-layout-flow\" style=\"flex-basis:33.33%\">\n<figure class=\"wp-block-image aligncenter size-full\"><img decoding=\"async\" width=\"1200\" height=\"1200\" src=\"https:\/\/obera.fr\/wp-content\/uploads\/2024\/06\/image-hotte-captation.jpg\" alt=\"image hotte captation\" class=\"wp-image-31878\" srcset=\"https:\/\/obera.fr\/wp-content\/uploads\/2024\/06\/image-hotte-captation.jpg 1200w, https:\/\/obera.fr\/wp-content\/uploads\/2024\/06\/image-hotte-captation-300x300.jpg 300w, https:\/\/obera.fr\/wp-content\/uploads\/2024\/06\/image-hotte-captation-1024x1024.jpg 1024w, https:\/\/obera.fr\/wp-content\/uploads\/2024\/06\/image-hotte-captation-150x150.jpg 150w, https:\/\/obera.fr\/wp-content\/uploads\/2024\/06\/image-hotte-captation-768x768.jpg 768w\" sizes=\"(max-width: 1200px) 100vw, 1200px\" \/><figcaption class=\"wp-element-caption\">Industrial rectangular exhaust hood<\/figcaption><\/figure>\n<\/div>\n\n\n\n<div class=\"wp-block-column is-layout-flow wp-block-column-is-layout-flow\" style=\"flex-basis:66.66%\">\n<p><strong>OBERA rectangular capture hoods<\/strong> are ideal for capturing dust, fumes and gaseous pollutants at source. <a href=\"https:\/\/obera.fr\/en\/produits\/bras-dispositifs-captation\/hotte-modulaire\/\">Modular capture hoods<\/a> are also available for these situations.  <\/p>\n\n\n\n<p>OBERA industrial extractor hoods are connected to a collection network or a dust collector. Available in two different sizes, they can be adapted to most capture configurations.<\/p>\n\n\n\n<p>The use of articulated<a href=\"https:\/\/obera.fr\/en\/produits\/bras-dispositifs-captation\/\"> capture arms<\/a> improves the flexibility and efficiency of pollutant capture, even in hard-to-reach areas. The <a href=\"https:\/\/obera.fr\/en\/produits\/bras-dispositifs-captation\/capot-industriel\/\">industrial hood<\/a>, designed to withstand the most demanding environments, ensures enhanced equipment protection and durability. These features make OBERA hoods a complete and reliable solution for air quality management in industrial environments.<\/p>\n\n\n\n<hr class=\"wp-block-separator has-text-color has-black-color has-css-opacity has-black-background-color has-background is-style-dots\"\/>\n\n\n\n<div class=\"wp-block-columns is-layout-flex wp-container-core-columns-is-layout-28f84493 wp-block-columns-is-layout-flex\">\n<div class=\"wp-block-column is-layout-flow wp-block-column-is-layout-flow\" style=\"flex-basis:50%\">\n<div class=\"wp-block-buttons is-horizontal is-content-justification-center is-layout-flex wp-container-core-buttons-is-layout-03627597 wp-block-buttons-is-layout-flex\">\n<div class=\"wp-block-button\"><a class=\"wp-block-button__link wp-element-button\" href=\"https:\/\/obera.fr\/en\/contact-us\/\">Read more<\/a><\/div>\n<\/div>\n<\/div>\n\n\n\n<div class=\"wp-block-column is-layout-flow wp-block-column-is-layout-flow\" style=\"flex-basis:50%\">\n<div class=\"wp-block-buttons is-content-justification-center is-layout-flex wp-container-core-buttons-is-layout-a89b3969 wp-block-buttons-is-layout-flex\">\n<div class=\"wp-block-button btn-devis-source\"><a class=\"wp-block-button__link wp-element-button\" href=\"https:\/\/obera.fr\/en\/request-a-quote\/\">Request a quote<\/a><\/div>\n<\/div>\n\n\n<script>\r\ndocument.addEventListener('DOMContentLoaded', function() {\r\n    \/\/ 1. On cherche le titre H1 de la page\r\n    var h1 = document.querySelector('h1');\r\n    var productTitle = h1 ? h1.innerText.trim() : \"\";\r\n\r\n    \/\/ 2. On cherche les boutons via la classe CSS .btn-devis-source\r\n    var buttons = document.querySelectorAll('.btn-devis-source a');\r\n\r\n    \/\/ 3. Si on a le titre et les boutons, on ajoute le param\u00e8tre\r\n    if (buttons.length > 0 && productTitle !== \"\") {\r\n        var encodedTitle = encodeURIComponent(productTitle);\r\n\r\n        buttons.forEach(function(btn) {\r\n            var currentHref = btn.getAttribute('href');\r\n            \r\n            \/\/ S\u00e9curit\u00e9 pour ne pas ajouter le param\u00e8tre 2 fois\r\n            if (currentHref.indexOf('sujet=') === -1) {\r\n                var separator = currentHref.indexOf('?') !== -1 ? '&' : '?';\r\n                var newLink = currentHref + separator + 'sujet=' + encodedTitle;\r\n                \r\n                btn.setAttribute('href', newLink);\r\n            }\r\n        });\r\n    }\r\n});\r\n<\/script><\/div>\n<\/div>\n<\/div>\n<\/div>\n\n<h2 class=\"wp-block-heading\">The benefits<\/h2>\n\n<div class=\"wp-block-columns is-layout-flex wp-container-core-columns-is-layout-28f84493 wp-block-columns-is-layout-flex\">\n<div class=\"wp-block-column is-layout-flow wp-block-column-is-layout-flow\">\n<h3 class=\"wp-block-heading has-text-align-center\"><strong>Advantages<\/strong><\/h3>\n\n\n\n<ul class=\"wp-block-list\">\n<li>For perfect source capture of fumes, solvents and dust<\/li>\n\n\n\n<li>Vacuuming of one or more workstations<\/li>\n\n\n\n<li>To be connected to a collection network or a dust collector<\/li>\n<\/ul>\n<\/div>\n\n\n\n<div class=\"wp-block-column is-layout-flow wp-block-column-is-layout-flow\">\n<h3 class=\"wp-block-heading has-text-align-center\"><strong>Special features<\/strong><\/h3>\n\n\n\n<ul class=\"wp-block-list\">\n<li>Easy to design<\/li>\n\n\n\n<li>Easy to install<\/li>\n<\/ul>\n<\/div>\n\n\n\n<div class=\"wp-block-column is-layout-flow wp-block-column-is-layout-flow\">\n<h3 class=\"wp-block-heading has-text-align-center\"><strong>Characteristics<\/strong><\/h3>\n\n\n\n<ul class=\"wp-block-list\">\n<li>Two size options<\/li>\n\n\n\n<li>Easy to use and move<\/li>\n\n\n\n<li>Suction as close as possible to the source<\/li>\n<\/ul>\n<\/div>\n<\/div>\n\n<h2 class=\"wp-block-heading\">Applications<\/h2>\n\n<div class=\"wp-block-columns is-layout-flex wp-container-core-columns-is-layout-28f84493 wp-block-columns-is-layout-flex\">\n<div class=\"wp-block-column is-layout-flow wp-block-column-is-layout-flow\">\n<h3 class=\"wp-block-heading has-text-align-center\">Pollutants<\/h3>\n\n\n\n<hr class=\"wp-block-separator has-css-opacity is-style-wide\"\/>\n\n\n\n<div class=\"wp-block-columns is-layout-flex wp-container-core-columns-is-layout-28f84493 wp-block-columns-is-layout-flex\">\n<div class=\"wp-block-column is-layout-flow wp-block-column-is-layout-flow\">\n<figure class=\"wp-block-image aligncenter size-large\"><img decoding=\"async\" width=\"70\" height=\"70\" src=\"https:\/\/obera.fr\/wp-content\/uploads\/2020\/08\/polluants-poussieres.jpg\" alt=\"Pollutants Dust\" class=\"wp-image-675\"\/><figcaption class=\"wp-element-caption\">Smoke industry<\/figcaption><\/figure>\n\n\n\n<figure class=\"wp-block-image aligncenter size-large\"><img decoding=\"async\" width=\"70\" height=\"70\" src=\"https:\/\/obera.fr\/wp-content\/uploads\/2020\/08\/industrie-odeur.jpg\" alt=\"Industry Odor\" class=\"wp-image-723\"\/><figcaption class=\"wp-element-caption\">Odor industry<\/figcaption><\/figure>\n\n\n\n<figure class=\"wp-block-image aligncenter size-large\"><img decoding=\"async\" width=\"70\" height=\"70\" src=\"https:\/\/obera.fr\/wp-content\/uploads\/2020\/08\/industrie-brouillard-huile.jpg\" alt=\"Industry Fog Oil\" class=\"wp-image-721\"\/><figcaption class=\"wp-element-caption\">Oil mist<\/figcaption><\/figure>\n<\/div>\n\n\n\n<div class=\"wp-block-column is-layout-flow wp-block-column-is-layout-flow\">\n<figure class=\"wp-block-image aligncenter size-large\"><img decoding=\"async\" width=\"70\" height=\"70\" src=\"https:\/\/obera.fr\/wp-content\/uploads\/2020\/08\/industrie-fumees.jpg\" alt=\"Industry Smoke\" class=\"wp-image-722\"\/><figcaption class=\"wp-element-caption\">Smoke industry<\/figcaption><\/figure>\n\n\n\n<figure class=\"wp-block-image aligncenter size-large\"><img decoding=\"async\" width=\"70\" height=\"70\" src=\"https:\/\/obera.fr\/wp-content\/uploads\/2020\/09\/cov.png\" alt=\"Cov\" class=\"wp-image-959\"\/><figcaption class=\"wp-element-caption\">VOCS<\/figcaption><\/figure>\n<\/div>\n<\/div>\n\n\n\n<p><\/p>\n<\/div>\n\n\n\n<div class=\"wp-block-column is-layout-flow wp-block-column-is-layout-flow\">\n<h3 class=\"wp-block-heading has-text-align-center\">Industries<\/h3>\n\n\n\n<hr class=\"wp-block-separator has-css-opacity is-style-wide\"\/>\n\n\n\n<div class=\"wp-block-columns is-layout-flex wp-container-core-columns-is-layout-28f84493 wp-block-columns-is-layout-flex\">\n<div class=\"wp-block-column is-layout-flow wp-block-column-is-layout-flow\">\n<figure class=\"wp-block-image aligncenter size-large\"><img decoding=\"async\" width=\"70\" height=\"70\" src=\"https:\/\/obera.fr\/wp-content\/uploads\/2020\/08\/industrie-metallurgie.jpg\" alt=\"Metallurgy industry\" class=\"wp-image-673\"\/><figcaption class=\"wp-element-caption\">Metallurgy<\/figcaption><\/figure>\n\n\n\n<figure class=\"wp-block-image aligncenter size-large\"><img decoding=\"async\" width=\"70\" height=\"70\" src=\"https:\/\/obera.fr\/wp-content\/uploads\/2020\/08\/industrie-chimie.jpg\" alt=\"Chemical industry\" class=\"wp-image-725\"\/><figcaption class=\"wp-element-caption\">Chemical\/Petrochemical<\/figcaption><\/figure>\n\n\n\n<figure class=\"wp-block-image aligncenter size-large\"><img decoding=\"async\" width=\"70\" height=\"70\" src=\"https:\/\/obera.fr\/wp-content\/uploads\/2020\/08\/industrie-textile.jpg\" alt=\"Textile industry\" class=\"wp-image-671\"\/><figcaption class=\"wp-element-caption\">Textile<\/figcaption><\/figure>\n\n\n\n<figure class=\"wp-block-image aligncenter size-large\"><img decoding=\"async\" width=\"70\" height=\"70\" src=\"https:\/\/obera.fr\/wp-content\/uploads\/2020\/08\/industrie-minerai.jpg\" alt=\"Mineral industry\" class=\"wp-image-724\"\/><figcaption class=\"wp-element-caption\">Mineral<\/figcaption><\/figure>\n<\/div>\n\n\n\n<div class=\"wp-block-column is-layout-flow wp-block-column-is-layout-flow\">\n<figure class=\"wp-block-image aligncenter size-large\"><img decoding=\"async\" width=\"70\" height=\"70\" src=\"https:\/\/obera.fr\/wp-content\/uploads\/2020\/08\/industrie-plastique.jpg\" alt=\"Plastics industry\" class=\"wp-image-669\"\/><figcaption class=\"wp-element-caption\">Plastics<\/figcaption><\/figure>\n\n\n\n<figure class=\"wp-block-image aligncenter size-large\"><img decoding=\"async\" width=\"70\" height=\"70\" src=\"https:\/\/obera.fr\/wp-content\/uploads\/2020\/08\/industrie-bois.jpg\" alt=\"Wood industry\" class=\"wp-image-672\"\/><figcaption class=\"wp-element-caption\">Woodworking<\/figcaption><\/figure>\n\n\n\n<figure class=\"wp-block-image aligncenter size-large\"><img decoding=\"async\" width=\"70\" height=\"70\" src=\"https:\/\/obera.fr\/wp-content\/uploads\/2020\/08\/industrie-papier-carton.jpg\" alt=\"Paper industry\" class=\"wp-image-670\"\/><figcaption class=\"wp-element-caption\">Paper\/cardboard<\/figcaption><\/figure>\n\n\n\n<figure class=\"wp-block-image aligncenter size-large\"><img decoding=\"async\" width=\"70\" height=\"70\" src=\"https:\/\/obera.fr\/wp-content\/uploads\/2020\/08\/industrie-dechets.jpg\" alt=\"Waste industry\" class=\"wp-image-726\"\/><figcaption class=\"wp-element-caption\">Waste collection and sorting<\/figcaption><\/figure>\n<\/div>\n<\/div>\n<\/div>\n<\/div>\n\n<h2 class=\"wp-block-heading\">Technical data<\/h2>\n\n<figure class=\"wp-block-table\"><table class=\"has-fixed-layout\"><tbody><tr><td>Rectangular hoods<\/td><td>500&#215;500<\/td><td>600&#215;600<\/td><\/tr><tr><td>Material<\/td><td>Aluminum<\/td><td>Aluminum<\/td><\/tr><tr><td>Weight (Kg)<\/td><td>2,7<\/td><td>3<\/td><\/tr><tr><td>Connection (mm)<\/td><td>\u00d8 150 standard (other diameters available)<\/td><td>\u00d8 160 standard (other diameters available)<\/td><\/tr><\/tbody><\/table><\/figure>\n\n<div class=\"wp-block-buttons is-horizontal is-content-justification-center is-layout-flex wp-container-core-buttons-is-layout-03627597 wp-block-buttons-is-layout-flex\">\n<div class=\"wp-block-button\"><a class=\"wp-block-button__link wp-element-button\" href=\"https:\/\/obera.fr\/en\/contact-us\/\">Read more<\/a><\/div>\n<\/div>\n\n<hr class=\"wp-block-separator has-css-opacity is-style-dots\"\/>\n\n<h2 class=\"wp-block-heading\">OberA&#8217;s other suction and collection products<\/h2>\n\n<div class=\"wp-block-columns is-layout-flex wp-container-core-columns-is-layout-28f84493 wp-block-columns-is-layout-flex\">\n<div class=\"wp-block-column is-layout-flow wp-block-column-is-layout-flow\">\n<figure class=\"wp-block-image aligncenter size-thumbnail is-resized\"><a href=\"https:\/\/obera.fr\/en\/produits\/bras-dispositifs-captation\/bras-hotte-ovale-rectangulaire\/\"><img decoding=\"async\" width=\"150\" height=\"150\" src=\"https:\/\/obera.fr\/wp-content\/uploads\/2020\/09\/Bras-SF-150x150.jpg\" alt=\"Suction arm\" class=\"wp-image-969\" style=\"object-fit:cover;width:120px;height:120px\" srcset=\"https:\/\/obera.fr\/wp-content\/uploads\/2020\/09\/Bras-SF-150x150.jpg 150w, https:\/\/obera.fr\/wp-content\/uploads\/2020\/09\/Bras-SF-300x300.jpg 300w, https:\/\/obera.fr\/wp-content\/uploads\/2020\/09\/Bras-SF.jpg 433w\" sizes=\"(max-width: 150px) 100vw, 150px\" \/><\/a><figcaption class=\"wp-element-caption\">Suction arm<\/figcaption><\/figure>\n<\/div>\n\n\n\n<div class=\"wp-block-column is-layout-flow wp-block-column-is-layout-flow\">\n<figure class=\"wp-block-image aligncenter size-thumbnail is-resized\"><a href=\"https:\/\/obera.fr\/en\/produits\/bras-dispositifs-captation\/bras-de-laboratoire\/\"><img decoding=\"async\" width=\"150\" height=\"150\" src=\"https:\/\/obera.fr\/wp-content\/uploads\/2020\/11\/22-bras-de-labo-150x150.jpg\" alt=\"laboratory arm\" class=\"wp-image-1662\" style=\"object-fit:cover;width:120px;height:120px\" srcset=\"https:\/\/obera.fr\/wp-content\/uploads\/2020\/11\/22-bras-de-labo-150x150.jpg 150w, https:\/\/obera.fr\/wp-content\/uploads\/2020\/11\/22-bras-de-labo-300x300.jpg 300w, https:\/\/obera.fr\/wp-content\/uploads\/2020\/11\/22-bras-de-labo-1024x1024.jpg 1024w, https:\/\/obera.fr\/wp-content\/uploads\/2020\/11\/22-bras-de-labo-768x768.jpg 768w, https:\/\/obera.fr\/wp-content\/uploads\/2020\/11\/22-bras-de-labo.jpg 1500w\" sizes=\"(max-width: 150px) 100vw, 150px\" \/><\/a><figcaption class=\"wp-element-caption\">laboratory arm<\/figcaption><\/figure>\n<\/div>\n\n\n\n<div class=\"wp-block-column is-layout-flow wp-block-column-is-layout-flow\">\n<figure class=\"wp-block-image aligncenter size-thumbnail is-resized\"><a href=\"https:\/\/obera.fr\/en\/produits\/bras-dispositifs-captation\/dosserets-aspirants\/\"><img decoding=\"async\" width=\"150\" height=\"150\" src=\"https:\/\/obera.fr\/wp-content\/uploads\/2020\/10\/Dosserets-oberA-150x150.png\" alt=\"Obera backsplashes\" class=\"wp-image-1174\" style=\"object-fit:cover;width:120px;height:120px\"\/><\/a><figcaption class=\"wp-element-caption\">Vacuum backsplashes<\/figcaption><\/figure>\n<\/div>\n\n\n\n<div class=\"wp-block-column is-layout-flow wp-block-column-is-layout-flow\">\n<figure class=\"wp-block-image aligncenter size-thumbnail is-resized\"><a href=\"https:\/\/obera.fr\/en\/produits\/bras-dispositifs-captation\/anneaux-de-pouyes\/\"><img decoding=\"async\" width=\"150\" height=\"150\" src=\"https:\/\/obera.fr\/wp-content\/uploads\/2022\/09\/Anneau-de-pouyes-2-150x150.jpg\" alt=\"Chicken rings\" class=\"wp-image-14482\" style=\"object-fit:cover;width:120px;height:120px\" srcset=\"https:\/\/obera.fr\/wp-content\/uploads\/2022\/09\/Anneau-de-pouyes-2-150x150.jpg 150w, https:\/\/obera.fr\/wp-content\/uploads\/2022\/09\/Anneau-de-pouyes-2-300x300.jpg 300w, https:\/\/obera.fr\/wp-content\/uploads\/2022\/09\/Anneau-de-pouyes-2.jpg 500w\" sizes=\"(max-width: 150px) 100vw, 150px\" \/><\/a><figcaption class=\"wp-element-caption\">Chicken rings<\/figcaption><\/figure>\n<\/div>\n<\/div>\n\n<div class=\"wp-block-columns is-layout-flex wp-container-core-columns-is-layout-28f84493 wp-block-columns-is-layout-flex\">\n<div class=\"wp-block-column is-layout-flow wp-block-column-is-layout-flow\">\n<figure class=\"wp-block-image aligncenter size-thumbnail is-resized\"><a href=\"https:\/\/obera.fr\/en\/produits\/tables-aspirantes\/\"><img decoding=\"async\" width=\"150\" height=\"150\" src=\"https:\/\/obera.fr\/wp-content\/uploads\/2020\/10\/table-SF-150x150.png\" alt=\"Vacuum tables\" class=\"wp-image-1179\" style=\"object-fit:cover;width:120px;height:120px\" srcset=\"https:\/\/obera.fr\/wp-content\/uploads\/2020\/10\/table-SF-150x150.png 150w, https:\/\/obera.fr\/wp-content\/uploads\/2020\/10\/table-SF-300x300.png 300w, https:\/\/obera.fr\/wp-content\/uploads\/2020\/10\/table-SF.png 433w\" sizes=\"(max-width: 150px) 100vw, 150px\" \/><\/a><figcaption class=\"wp-element-caption\">Vacuum tables<\/figcaption><\/figure>\n<\/div>\n\n\n\n<div class=\"wp-block-column is-layout-flow wp-block-column-is-layout-flow\">\n<figure class=\"wp-block-image aligncenter size-thumbnail is-resized\"><img decoding=\"async\" width=\"150\" height=\"150\" src=\"https:\/\/obera.fr\/wp-content\/uploads\/2024\/06\/hotte-de-captation-modulaire-600x600-1-150x150.png\" alt=\"modular capture hood 600x600 1\" class=\"wp-image-31479\" style=\"object-fit:cover;width:120px;height:120px\" srcset=\"https:\/\/obera.fr\/wp-content\/uploads\/2024\/06\/hotte-de-captation-modulaire-600x600-1-150x150.png 150w, https:\/\/obera.fr\/wp-content\/uploads\/2024\/06\/hotte-de-captation-modulaire-600x600-1-300x300.png 300w, https:\/\/obera.fr\/wp-content\/uploads\/2024\/06\/hotte-de-captation-modulaire-600x600-1-1024x1024.png 1024w, https:\/\/obera.fr\/wp-content\/uploads\/2024\/06\/hotte-de-captation-modulaire-600x600-1-768x768.png 768w, https:\/\/obera.fr\/wp-content\/uploads\/2024\/06\/hotte-de-captation-modulaire-600x600-1.png 1280w\" sizes=\"(max-width: 150px) 100vw, 150px\" \/><figcaption class=\"wp-element-caption\">Modular hoods<\/figcaption><\/figure>\n<\/div>\n\n\n\n<div class=\"wp-block-column is-layout-flow wp-block-column-is-layout-flow\">\n<figure class=\"wp-block-image aligncenter size-full is-resized\"><a href=\"https:\/\/obera.fr\/en\/produits\/bras-dispositifs-captation\/capot-industriel\/\"><img decoding=\"async\" width=\"150\" height=\"150\" src=\"https:\/\/obera.fr\/wp-content\/uploads\/2020\/10\/capots.png\" alt=\"Suction hoods\" class=\"wp-image-1173\" style=\"object-fit:cover;width:120px;height:120px\"\/><\/a><figcaption class=\"wp-element-caption\">Suction and collection hood<\/figcaption><\/figure>\n<\/div>\n\n\n\n<div class=\"wp-block-column is-layout-flow wp-block-column-is-layout-flow\"><\/div>\n<\/div>\n","protected":false},"excerpt":{"rendered":"<p>Our range of rectangular fume hoods OBERA rectangular capture hoods are ideal for capturing dust, fumes and gaseous pollutants at source. Modular capture hoods are also available for these situations. OBERA industrial extractor hoods are connected to a collection network or a dust collector. Available in two different sizes, they can be adapted to most capture configurations. The use of articulated capture arms improves the flexibility and efficiency of pollutant capture, even in hard-to-reach areas. The industrial hood, designed to withstand the most demanding environments, ensures enhanced equipment protection and durability. These features make OBERA hoods a complete and reliable &#8230; <\/p>\n<p class=\"read-more-container\"><a title=\"Industrial rectangular exhaust hood\" class=\"read-more button\" href=\"https:\/\/obera.fr\/en\/produits\/bras-dispositifs-captation\/hotte-rectangulaire\/#more-31419\" aria-label=\"Read more about Industrial rectangular exhaust hood\">Read more<\/a><\/p>\n","protected":false},"author":4,"featured_media":83737,"parent":31210,"menu_order":0,"comment_status":"closed","ping_status":"closed","template":"","meta":{"_acf_changed":false,"_seopress_robots_primary_cat":"","_seopress_titles_title":"oberA industrial rectangular intake hood","_seopress_titles_desc":"oberA rectangular capture hoods are ideal for capturing dust, fumes and gaseous pollutants at source.","_seopress_robots_index":"","footnotes":""},"class_list":{"0":"post-31419","1":"page","2":"type-page","3":"status-publish","4":"has-post-thumbnail","6":"no-featured-image-padding","7":"resize-featured-image"},"acf":[],"_links":{"self":[{"href":"https:\/\/obera.fr\/en\/wp-json\/wp\/v2\/pages\/31419","targetHints":{"allow":["GET"]}}],"collection":[{"href":"https:\/\/obera.fr\/en\/wp-json\/wp\/v2\/pages"}],"about":[{"href":"https:\/\/obera.fr\/en\/wp-json\/wp\/v2\/types\/page"}],"author":[{"embeddable":true,"href":"https:\/\/obera.fr\/en\/wp-json\/wp\/v2\/users\/4"}],"replies":[{"embeddable":true,"href":"https:\/\/obera.fr\/en\/wp-json\/wp\/v2\/comments?post=31419"}],"version-history":[{"count":9,"href":"https:\/\/obera.fr\/en\/wp-json\/wp\/v2\/pages\/31419\/revisions"}],"predecessor-version":[{"id":131795,"href":"https:\/\/obera.fr\/en\/wp-json\/wp\/v2\/pages\/31419\/revisions\/131795"}],"up":[{"embeddable":true,"href":"https:\/\/obera.fr\/en\/wp-json\/wp\/v2\/pages\/31210"}],"wp:featuredmedia":[{"embeddable":true,"href":"https:\/\/obera.fr\/en\/wp-json\/wp\/v2\/media\/83737"}],"wp:attachment":[{"href":"https:\/\/obera.fr\/en\/wp-json\/wp\/v2\/media?parent=31419"}],"curies":[{"name":"wp","href":"https:\/\/api.w.org\/{rel}","templated":true}]}}