{"id":31453,"date":"2020-08-26T12:41:56","date_gmt":"2020-08-26T10:41:56","guid":{"rendered":"https:\/\/obera.fr\/products\/industrial-air-purifiers\/epur-b01-ecoprime-dust-air-purifier\/"},"modified":"2026-02-10T18:16:12","modified_gmt":"2026-02-10T16:16:12","slug":"epur-b01-ecoprime-dust-air-purifier","status":"publish","type":"page","link":"https:\/\/obera.fr\/en\/produits\/purificateurs-air\/epur-b01-ecoprime-dust-air-purifier\/","title":{"rendered":"ePUR B01 Ecoprime dust air purifier"},"content":{"rendered":"\n<p><strong>ePUR B01 Ecoprime<\/strong> is a <a href=\"https:\/\/obera.fr\/en\/produits\/purificateurs-air\/\" data-type=\"page\" data-id=\"26\">professional air purifier<\/a> for small volumes.<\/p>\n\n\n<h2 class=\"wp-block-heading\" id=\"comment-fonctionne-notre-purificateur-d-air\">How does our air purifier work?<\/h2>\n\n<div class=\"wp-block-columns is-layout-flex wp-container-core-columns-is-layout-28f84493 wp-block-columns-is-layout-flex\">\n<div class=\"wp-block-column is-layout-flow wp-block-column-is-layout-flow\" style=\"flex-basis:33.33%\">\n<figure class=\"wp-block-image aligncenter size-medium\"><img decoding=\"async\" width=\"300\" height=\"300\" src=\"https:\/\/obera.fr\/wp-content\/uploads\/2020\/09\/epur-b01-ecoprime-300x300.jpg\" alt=\"Epur B01 Ecoprime\" class=\"wp-image-1008\" srcset=\"https:\/\/obera.fr\/wp-content\/uploads\/2020\/09\/epur-b01-ecoprime-300x300.jpg 300w, https:\/\/obera.fr\/wp-content\/uploads\/2020\/09\/epur-b01-ecoprime-150x150.jpg 150w, https:\/\/obera.fr\/wp-content\/uploads\/2020\/09\/epur-b01-ecoprime.jpg 433w\" sizes=\"(max-width: 300px) 100vw, 300px\" \/><\/figure>\n<\/div>\n\n\n\n<div class=\"wp-block-column is-layout-flow wp-block-column-is-layout-flow\" style=\"flex-basis:66.66%\">\n<p>How it works is simple: polluted air is drawn in at the top of the unit, then passes through several layers of filtration inside the unit, before being discharged at the bottom directly into your workspace.<\/p>\n\n\n\n<h3 class=\"wp-block-heading\" id=\"a-quelles-utilisations-convient-il\">What are its uses?<\/h3>\n\n\n\n<p>This <strong>air-handling<\/strong> unit is suitable for virtually any type of business. It will be effective in small and medium-sized spaces, such as offices, meeting rooms, hair salons, nail salons, hotels, dry cleaners, gyms, doctors&#8217; surgeries, dentists, EPHAD, craftsmen and schools, etc.<\/p>\n\n\n\n<div class=\"wp-block-columns is-layout-flex wp-container-core-columns-is-layout-28f84493 wp-block-columns-is-layout-flex\">\n<div class=\"wp-block-column is-layout-flow wp-block-column-is-layout-flow\" style=\"flex-basis:33.34%\">\n<div class=\"wp-block-buttons is-content-justification-center is-layout-flex wp-container-core-buttons-is-layout-a89b3969 wp-block-buttons-is-layout-flex\">\n<div class=\"wp-block-button\"><a class=\"wp-block-button__link wp-element-button\" href=\"https:\/\/obera.fr\/wp-content\/uploads\/2023\/10\/brochure-ecoprime.pdf\">Download the brochure<\/a><\/div>\n<\/div>\n<\/div>\n\n\n\n<div class=\"wp-block-column is-layout-flow wp-block-column-is-layout-flow\" style=\"flex-basis:33.33%\"><\/div>\n\n\n\n<div class=\"wp-block-column is-layout-flow wp-block-column-is-layout-flow\" style=\"flex-basis:33.33%\">\n<div class=\"wp-block-buttons is-content-justification-center is-layout-flex wp-container-core-buttons-is-layout-a89b3969 wp-block-buttons-is-layout-flex\">\n<div class=\"wp-block-button btn-devis-source\"><a class=\"wp-block-button__link wp-element-button\" href=\"https:\/\/obera.fr\/en\/request-a-quote\/\">Request a quote<\/a><\/div>\n<\/div>\n\n\n<script>\r\ndocument.addEventListener('DOMContentLoaded', function() {\r\n    \/\/ 1. On cherche le titre H1 de la page\r\n    var h1 = document.querySelector('h1');\r\n    var productTitle = h1 ? h1.innerText.trim() : \"\";\r\n\r\n    \/\/ 2. On cherche les boutons via la classe CSS .btn-devis-source\r\n    var buttons = document.querySelectorAll('.btn-devis-source a');\r\n\r\n    \/\/ 3. Si on a le titre et les boutons, on ajoute le param\u00e8tre\r\n    if (buttons.length > 0 && productTitle !== \"\") {\r\n        var encodedTitle = encodeURIComponent(productTitle);\r\n\r\n        buttons.forEach(function(btn) {\r\n            var currentHref = btn.getAttribute('href');\r\n            \r\n            \/\/ S\u00e9curit\u00e9 pour ne pas ajouter le param\u00e8tre 2 fois\r\n            if (currentHref.indexOf('sujet=') === -1) {\r\n                var separator = currentHref.indexOf('?') !== -1 ? '&' : '?';\r\n                var newLink = currentHref + separator + 'sujet=' + encodedTitle;\r\n                \r\n                btn.setAttribute('href', newLink);\r\n            }\r\n        });\r\n    }\r\n});\r\n<\/script><\/div>\n<\/div>\n<\/div>\n<\/div>\n\n<h2 class=\"wp-block-heading\" id=\"quels-polluants-puis-je-traiter-avec-le-purificateur-d-air-epur-b01-ecoprime\">What pollutants can I treat with the ePUR B01 Ecoprime air purifier?<\/h2>\n\n<p>The ePUR B01 Ecoprime air purifier can be fitted with different filtration configurations. As standard, it includes a molecular filtration stage with activated carbon for <strong>gaseous pollutants<\/strong> (VOCs, odors, formaldehydes, etc.) and a <strong>particulate filtration<\/strong> stage (class F to HEPA saturation filter) to treat fine dust, gaseous pollutants, odors, VOCs and airborne viruses and bacteria.<\/p>\n\n<div class=\"wp-block-buttons is-horizontal is-content-justification-center is-layout-flex wp-container-core-buttons-is-layout-03627597 wp-block-buttons-is-layout-flex\">\n<div class=\"wp-block-button\"><a class=\"wp-block-button__link wp-element-button\" href=\"https:\/\/obera.fr\/en\/contact-us\/\">Read more<\/a><\/div>\n<\/div>\n\n<div style=\"height:20px\" aria-hidden=\"true\" class=\"wp-block-spacer\"><\/div>\n\n<div class=\"wp-block-columns is-layout-flex wp-container-core-columns-is-layout-28f84493 wp-block-columns-is-layout-flex\">\n<div class=\"wp-block-column is-layout-flow wp-block-column-is-layout-flow\">\n<h3 class=\"wp-block-heading has-text-align-center\" id=\"polluants\">Pollutants<\/h3>\n\n\n\n<hr class=\"wp-block-separator has-css-opacity is-style-wide\"\/>\n\n\n\n<div class=\"wp-block-columns is-layout-flex wp-container-core-columns-is-layout-28f84493 wp-block-columns-is-layout-flex\">\n<div class=\"wp-block-column is-layout-flow wp-block-column-is-layout-flow\">\n<figure class=\"wp-block-image aligncenter size-large\"><img decoding=\"async\" width=\"70\" height=\"70\" src=\"https:\/\/obera.fr\/wp-content\/uploads\/2020\/08\/polluants-poussieres.jpg\" alt=\"Dust Pollutants\" class=\"wp-image-675\"\/><figcaption class=\"wp-element-caption\">Pollutants Dust<\/figcaption><\/figure>\n<\/div>\n\n\n\n<div class=\"wp-block-column is-layout-flow wp-block-column-is-layout-flow\">\n<figure class=\"wp-block-image aligncenter size-large\"><img decoding=\"async\" width=\"70\" height=\"70\" src=\"https:\/\/obera.fr\/wp-content\/uploads\/2020\/10\/industrie-aerosols.jpg\" alt=\"Industry Aerosols\" class=\"wp-image-1201\"\/><figcaption class=\"wp-element-caption\">Aerosols<\/figcaption><\/figure>\n<\/div>\n<\/div>\n\n\n\n<p><\/p>\n<\/div>\n\n\n\n<div class=\"wp-block-column is-layout-flow wp-block-column-is-layout-flow\">\n<h3 class=\"wp-block-heading has-text-align-center\" id=\"industries\">Industries<\/h3>\n\n\n\n<hr class=\"wp-block-separator has-css-opacity is-style-wide\"\/>\n\n\n\n<p>Suitable for all types of businesses, it will become indispensable in :<\/p>\n\n\n\n<ul class=\"wp-block-list\">\n<li>Offices and meeting rooms<\/li>\n\n\n\n<li>Open-plan areas<\/li>\n\n\n\n<li>Artisans<\/li>\n\n\n\n<li>Hairdressers<\/li>\n\n\n\n<li>Nail art<\/li>\n\n\n\n<li>Trade in electronic cigarettes and e-cigarette liquids<\/li>\n\n\n\n<li>Medical practices<\/li>\n\n\n\n<li>Dentists<\/li>\n\n\n\n<li>Dental technicians<\/li>\n\n\n\n<li>EPHAD<\/li>\n\n\n\n<li>Opticians<\/li>\n\n\n\n<li>Hotels<\/li>\n\n\n\n<li>Restaurants<\/li>\n\n\n\n<li>Ready-to-wear stores<\/li>\n\n\n\n<li>Pressing<\/li>\n\n\n\n<li>Sports and fitness facilities<\/li>\n\n\n\n<li>Primeurs<\/li>\n\n\n\n<li>Nurseries and schools<\/li>\n<\/ul>\n<\/div>\n<\/div>\n\n<h2 class=\"wp-block-heading\" id=\"quelles-sont-les-caracteristiques-du-purificateur-d-air-epur-b01-ecoprime\">What are the features of the ePUR B01 Ecoprime air purifier?<\/h2>\n\n<figure class=\"wp-block-image alignright size-medium\"><img decoding=\"async\" width=\"300\" height=\"206\" src=\"https:\/\/obera.fr\/wp-content\/uploads\/2020\/10\/epur-ecoprime-300x206.jpg\" alt=\"Epur Ecoprime\" class=\"wp-image-1240\" srcset=\"https:\/\/obera.fr\/wp-content\/uploads\/2020\/10\/epur-ecoprime-300x206.jpg 300w, https:\/\/obera.fr\/wp-content\/uploads\/2020\/10\/epur-ecoprime-768x528.jpg 768w, https:\/\/obera.fr\/wp-content\/uploads\/2020\/10\/epur-ecoprime.jpg 900w\" sizes=\"(max-width: 300px) 100vw, 300px\" \/><figcaption class=\"wp-element-caption\">EcoPrime<\/figcaption><\/figure>\n\n<p>This unit features a <strong>high-efficiency, carbon-impregnated particulate filter<\/strong> that captures over 99.9% of dust and gaseous pollutants. Its power is fully adjustable, allowing you to adapt the flow rate to your needs. Compact, with dimensions of 25x25x33cm, it will fit perfectly into even the smallest working environment.  <\/p>\n\n<p>It can effectively treat pollutants from a surface area of up to 60m\u00b2. Energy-efficient, with an A+ rating of just 14W. The ePUR B01 Ecoprime air purifier is <strong>silent<\/strong>, and its low noise level of 48db at full power means you can position it as close to you as possible without it disturbing you.<\/p>\n\n<h2 class=\"wp-block-heading\" id=\"quels-sont-ses-avantages\"><strong>What are the benefits?<\/strong><\/h2>\n\n<p>Firstly, the air purifier protects employees from fine particles and other gaseous pollutants, helping to prevent all types of lung and heart disease. <strong>HEPA filtration<\/strong> also eliminates viruses, bacteria and spores to limit epidemics caused by pathogens, airborne agents and allergens.<\/p>\n\n<p>There&#8217;s also an advantage in terms of cleaning costs. In fact, the unit treats dust and other pollutants that would otherwise settle in your workspace. What&#8217;s more, it&#8217;s virtually maintenance-free. Depending on its use, and the level of pollutants present in the room, its filters only need to be changed once a year. This compact air purifier, with its sleek, modern design, will fit easily into any room.<\/p>\n\n<p>In some cases, our professional air purifiers are used to comply with the Occupational Exposure Limit (OEL).<\/p>\n\n<div class=\"wp-block-columns is-layout-flex wp-container-core-columns-is-layout-28f84493 wp-block-columns-is-layout-flex\">\n<div class=\"wp-block-column is-layout-flow wp-block-column-is-layout-flow\">\n<h3 class=\"wp-block-heading has-text-align-center\" id=\"avantages\">Advantages<\/h3>\n\n\n\n<ul class=\"wp-block-list\">\n<li>Synthetic HEPA filter impregnated with high-efficiency activated carbon.<\/li>\n\n\n\n<li>Econome: max. 14W<\/li>\n\n\n\n<li>Maximum efficiency up to 60m\u00b2.<\/li>\n<\/ul>\n<\/div>\n\n\n\n<div class=\"wp-block-column is-layout-flow wp-block-column-is-layout-flow\">\n<h3 class=\"wp-block-heading has-text-align-center\" id=\"particularites\">Special features<\/h3>\n\n\n\n<ul class=\"wp-block-list\">\n<li>Power adjustable from 0 to 100%.<\/li>\n\n\n\n<li>Sleek, modern design<\/li>\n\n\n\n<li>Compact 25cm x 25cm x 33cm<\/li>\n\n\n\n<li>Silencer: max. 48 dB at full power<\/li>\n<\/ul>\n<\/div>\n\n\n\n<div class=\"wp-block-column is-layout-flow wp-block-column-is-layout-flow\">\n<h3 class=\"wp-block-heading has-text-align-center\" id=\"caracteristiques\">Characteristics<\/h3>\n\n\n\n<ul class=\"wp-block-list\">\n<li>Over 99.9% filtration of fine particles and volatile organic compounds (VOCs)<\/li>\n\n\n\n<li>Filters out viruses, bacteria and spores: helps limit epidemics caused by airborne pathogens<\/li>\n<\/ul>\n<\/div>\n<\/div>\n\n<div class=\"wp-block-buttons is-horizontal is-content-justification-center is-layout-flex wp-container-core-buttons-is-layout-03627597 wp-block-buttons-is-layout-flex\">\n<div class=\"wp-block-button\"><a class=\"wp-block-button__link wp-element-button\" href=\"https:\/\/obera.fr\/en\/contact-us\/\">Read more<\/a><\/div>\n<\/div>\n\n<h2 class=\"wp-block-heading\" id=\"exemples-de-domaine-d-application-pour-le-epur-b01-ecoprime\">Examples of applications for ePUR B01 Ecoprime :<\/h2>\n\n<h3 class=\"wp-block-heading\" id=\"secteur-medical-hopitaux-ehpad-veterinaires-pedicures-podologues-dentistes-et-prothesistes-dentaires-cabinets-medicaux-espaces-funeraires\">Medical sector (hospitals, nursing homes, veterinary surgeons, chiropodists, dentists and dental technicians, medical practices, funeral homes)<\/h3>\n\n<p>The needs are diverse:<\/p>\n\n<ul class=\"wp-block-list\">\n<li>Improve air quality to <strong>reduce airborne contamination<\/strong>(viruses, bacteria)<\/li>\n\n\n\n<li>Disinfect and <strong>prevent the spread of viruses<\/strong>, bacteria, etc.<\/li>\n\n\n\n<li>Eliminate annoying odors and <strong>neutralize various types of olfactory pollution<\/strong><\/li>\n\n\n\n<li><strong>Reducing dust levels<\/strong> in dust-generating activities<\/li>\n<\/ul>\n\n<h2 class=\"wp-block-heading\" id=\"les-autres-purificateur-d-air-de-la-marque-obera\">Other oberA Air Purifiers<\/h2>\n\n<div class=\"wp-block-columns is-layout-flex wp-container-core-columns-is-layout-28f84493 wp-block-columns-is-layout-flex\">\n<div class=\"wp-block-column is-layout-flow wp-block-column-is-layout-flow\">\n<figure class=\"wp-block-image aligncenter size-full is-resized\"><a href=\"https:\/\/obera.fr\/produits\/purificateurs-air\/filtower\/\"><img decoding=\"async\" width=\"184\" height=\"300\" src=\"https:\/\/obera.fr\/wp-content\/uploads\/2026\/01\/image-filtower.png\" alt=\"filtower image\" class=\"wp-image-138903\" style=\"object-fit:contain;width:150px;height:150px\"\/><\/a><figcaption class=\"wp-element-caption\">Filtower<\/figcaption><\/figure>\n<\/div>\n\n\n\n<div class=\"wp-block-column is-layout-flow wp-block-column-is-layout-flow\">\n<figure class=\"wp-block-image aligncenter size-medium is-resized\"><a href=\"https:\/\/obera.fr\/produits\/purificateurs-air\/professionnel-epur-ca\/\"><img decoding=\"async\" width=\"300\" height=\"300\" src=\"https:\/\/obera.fr\/wp-content\/uploads\/2026\/01\/image-epur-ca-300x300.png\" alt=\"epur ca image\" class=\"wp-image-138874\" style=\"width:150px;height:150px\" srcset=\"https:\/\/obera.fr\/wp-content\/uploads\/2026\/01\/image-epur-ca-300x300.png 300w, https:\/\/obera.fr\/wp-content\/uploads\/2026\/01\/image-epur-ca-1024x1024.png 1024w, https:\/\/obera.fr\/wp-content\/uploads\/2026\/01\/image-epur-ca-150x150.png 150w, https:\/\/obera.fr\/wp-content\/uploads\/2026\/01\/image-epur-ca-768x768.png 768w, https:\/\/obera.fr\/wp-content\/uploads\/2026\/01\/image-epur-ca.png 1200w\" sizes=\"(max-width: 300px) 100vw, 300px\" \/><\/a><figcaption class=\"wp-element-caption\">ePUR AC<\/figcaption><\/figure>\n<\/div>\n\n\n\n<div class=\"wp-block-column is-layout-flow wp-block-column-is-layout-flow\">\n<figure class=\"wp-block-image aligncenter size-full is-resized\"><a href=\"https:\/\/obera.fr\/produits\/purificateurs-air\/industriel-epur\/\"><img decoding=\"async\" width=\"1200\" height=\"1200\" src=\"https:\/\/obera.fr\/wp-content\/uploads\/2026\/01\/image-gamme-epur.png\" alt=\"epur range image\" class=\"wp-image-138868\" style=\"width:180px;height:auto\" srcset=\"https:\/\/obera.fr\/wp-content\/uploads\/2026\/01\/image-gamme-epur.png 1200w, https:\/\/obera.fr\/wp-content\/uploads\/2026\/01\/image-gamme-epur-300x300.png 300w, https:\/\/obera.fr\/wp-content\/uploads\/2026\/01\/image-gamme-epur-1024x1024.png 1024w, https:\/\/obera.fr\/wp-content\/uploads\/2026\/01\/image-gamme-epur-150x150.png 150w, https:\/\/obera.fr\/wp-content\/uploads\/2026\/01\/image-gamme-epur-768x768.png 768w\" sizes=\"(max-width: 1200px) 100vw, 1200px\" \/><\/a><figcaption class=\"wp-element-caption\">EPUR<\/figcaption><\/figure>\n<\/div>\n\n\n\n<div class=\"wp-block-column is-layout-flow wp-block-column-is-layout-flow\">\n<figure class=\"wp-block-image aligncenter size-full\"><a href=\"https:\/\/obera.fr\/produits\/purificateurs-air\/purificateur-rafraichisseur-epur150-fresh\/\"><img decoding=\"async\" width=\"150\" height=\"150\" src=\"https:\/\/obera.fr\/wp-content\/uploads\/2023\/04\/epur150-fresh-4.png\" alt=\"epur150 fresh (4)\" class=\"wp-image-22427\"\/><\/a><figcaption class=\"wp-element-caption\">ePUR150 FRESH<\/figcaption><\/figure>\n<\/div>\n<\/div>\n","protected":false},"excerpt":{"rendered":"<p>ePUR B01 Ecoprime is a professional air purifier for small volumes. How does our air purifier work? How it works is simple: polluted air is drawn in at the top of the unit, then passes through several layers of filtration inside the unit, before being discharged at the bottom directly into your workspace. What are its uses? This air-handling unit is suitable for virtually any type of business. It will be effective in small and medium-sized spaces, such as offices, meeting rooms, hair salons, nail salons, hotels, dry cleaners, gyms, doctors&#8217; surgeries, dentists, EPHAD, craftsmen and schools, etc. What pollutants &#8230; <\/p>\n<p class=\"read-more-container\"><a title=\"ePUR B01 Ecoprime dust air purifier\" class=\"read-more button\" href=\"https:\/\/obera.fr\/en\/produits\/purificateurs-air\/epur-b01-ecoprime-dust-air-purifier\/#more-31453\" aria-label=\"Read more about ePUR B01 Ecoprime dust air purifier\">Read more<\/a><\/p>\n","protected":false},"author":4,"featured_media":83737,"parent":31432,"menu_order":0,"comment_status":"closed","ping_status":"closed","template":"","meta":{"_acf_changed":false,"_seopress_robots_primary_cat":"","_seopress_titles_title":"Purificateur d\u2019air poussi\u00e8re l\u2019ePUR B01 Ecoprime - oberA","_seopress_titles_desc":"Le purificateur d\u2019air ePUR B01 Ecoprime est \u00e9quip\u00e9 de diff\u00e9rentes configurations de filtration. Cet appareil de traitement d\u2019air convient \u00e0 toutes les entreprises","_seopress_robots_index":"","footnotes":""},"class_list":{"0":"post-31453","1":"page","2":"type-page","3":"status-publish","4":"has-post-thumbnail","6":"no-featured-image-padding","7":"resize-featured-image"},"acf":[],"_links":{"self":[{"href":"https:\/\/obera.fr\/en\/wp-json\/wp\/v2\/pages\/31453","targetHints":{"allow":["GET"]}}],"collection":[{"href":"https:\/\/obera.fr\/en\/wp-json\/wp\/v2\/pages"}],"about":[{"href":"https:\/\/obera.fr\/en\/wp-json\/wp\/v2\/types\/page"}],"author":[{"embeddable":true,"href":"https:\/\/obera.fr\/en\/wp-json\/wp\/v2\/users\/4"}],"replies":[{"embeddable":true,"href":"https:\/\/obera.fr\/en\/wp-json\/wp\/v2\/comments?post=31453"}],"version-history":[{"count":3,"href":"https:\/\/obera.fr\/en\/wp-json\/wp\/v2\/pages\/31453\/revisions"}],"predecessor-version":[{"id":141961,"href":"https:\/\/obera.fr\/en\/wp-json\/wp\/v2\/pages\/31453\/revisions\/141961"}],"up":[{"embeddable":true,"href":"https:\/\/obera.fr\/en\/wp-json\/wp\/v2\/pages\/31432"}],"wp:featuredmedia":[{"embeddable":true,"href":"https:\/\/obera.fr\/en\/wp-json\/wp\/v2\/media\/83737"}],"wp:attachment":[{"href":"https:\/\/obera.fr\/en\/wp-json\/wp\/v2\/media?parent=31453"}],"curies":[{"name":"wp","href":"https:\/\/api.w.org\/{rel}","templated":true}]}}