{"id":32036,"date":"2020-08-26T12:54:02","date_gmt":"2020-08-26T10:54:02","guid":{"rendered":"https:\/\/obera.fr\/small-industrial-dust-collectors\/welding-fume-extraction-and-laser-epur-b-ex\/"},"modified":"2026-03-02T12:25:17","modified_gmt":"2026-03-02T10:25:17","slug":"aspiration-fumees-soudage-laser-epur-b-ex","status":"publish","type":"page","link":"https:\/\/obera.fr\/en\/produits\/depoussiereurs-industriels\/petits\/aspiration-fumees-soudage-laser-epur-b-ex\/","title":{"rendered":"Welding fume extraction and laser ePUR Ex"},"content":{"rendered":"\n<p><strong>EPUR Ex<\/strong> is a range of 3 ATEX-certified<a href=\"https:\/\/obera.fr\/en\/produits\/depoussiereurs-industriels\/petits\/\" data-type=\"page\" data-id=\"393\">mobile air extraction<\/a> systems.<\/p>\n\n\n<h2 class=\"wp-block-heading\">How does welding\/laser fume extraction work?<\/h2>\n\n<div class=\"wp-block-columns is-layout-flex wp-container-core-columns-is-layout-28f84493 wp-block-columns-is-layout-flex\">\n<div class=\"wp-block-column is-layout-flow wp-block-column-is-layout-flow\" style=\"flex-basis:33.33%\">\n<figure class=\"wp-block-image aligncenter size-full is-resized\"><img decoding=\"async\" width=\"670\" height=\"713\" src=\"https:\/\/obera.fr\/wp-content\/uploads\/2026\/02\/output-4-modifie.png\" alt=\"Mobile ePUR EX unit&#10;\" class=\"wp-image-144056\" style=\"aspect-ratio:0.9397256050562663;width:313px;height:auto\" srcset=\"https:\/\/obera.fr\/wp-content\/uploads\/2026\/02\/output-4-modifie.png 670w, https:\/\/obera.fr\/wp-content\/uploads\/2026\/02\/output-4-modifie-282x300.png 282w\" sizes=\"(max-width: 670px) 100vw, 670px\" \/><\/figure>\n<\/div>\n\n\n\n<div class=\"wp-block-column is-layout-flow wp-block-column-is-layout-flow\" style=\"flex-basis:66.66%\">\n<p>Operation is simple: <strong>polluted air is drawn in directly via a suction hose connected to the machine<\/strong>, a suction arm, an extraction hood or directly onto a production machine via a network of ducts.<\/p>\n\n\n\n<p>The<strong>polluted air<\/strong> is captured and treated by the various filter stages.<\/p>\n\n\n\n<p>The<strong>purified air<\/strong> is then discharged from the bottom of the unit, either directly into the work area or outside, via a network of exhaust ducts.<\/p>\n\n\n\n<div style=\"height:15px\" aria-hidden=\"true\" class=\"wp-block-spacer\"><\/div>\n\n\n\n<div class=\"wp-block-columns is-layout-flex wp-container-core-columns-is-layout-28f84493 wp-block-columns-is-layout-flex\">\n<div class=\"wp-block-column is-layout-flow wp-block-column-is-layout-flow\" style=\"flex-basis:33.34%\">\n<div class=\"wp-block-buttons is-content-justification-center is-layout-flex wp-container-core-buttons-is-layout-a89b3969 wp-block-buttons-is-layout-flex\">\n<div class=\"wp-block-button\"><a class=\"wp-block-button__link wp-element-button\" href=\"https:\/\/obera.fr\/wp-content\/uploads\/2025\/04\/brochure-epur-ex-fr.pdf\">Download the brochure<\/a><\/div>\n<\/div>\n<\/div>\n\n\n\n<div class=\"wp-block-column is-layout-flow wp-block-column-is-layout-flow\" style=\"flex-basis:33.34%\">\n<div class=\"wp-block-buttons is-horizontal is-content-justification-center is-layout-flex wp-container-core-buttons-is-layout-03627597 wp-block-buttons-is-layout-flex\">\n<div class=\"wp-block-button\"><a class=\"wp-block-button__link wp-element-button\" href=\"https:\/\/obera.fr\/en\/contact-us\/\">Read more<\/a><\/div>\n<\/div>\n<\/div>\n\n\n\n<div class=\"wp-block-column is-layout-flow wp-block-column-is-layout-flow\" style=\"flex-basis:33.33%\">\n<div class=\"wp-block-buttons is-content-justification-center is-layout-flex wp-container-core-buttons-is-layout-a89b3969 wp-block-buttons-is-layout-flex\">\n<div class=\"wp-block-button btn-devis-source\"><a class=\"wp-block-button__link wp-element-button\" href=\"https:\/\/obera.fr\/en\/request-a-quote\/\">Request a quote<\/a><\/div>\n<\/div>\n\n\n<script>\r\ndocument.addEventListener('DOMContentLoaded', function() {\r\n    \/\/ 1. On cherche le titre H1 de la page\r\n    var h1 = document.querySelector('h1');\r\n    var productTitle = h1 ? h1.innerText.trim() : \"\";\r\n\r\n    \/\/ 2. On cherche les boutons via la classe CSS .btn-devis-source\r\n    var buttons = document.querySelectorAll('.btn-devis-source a');\r\n\r\n    \/\/ 3. Si on a le titre et les boutons, on ajoute le param\u00e8tre\r\n    if (buttons.length > 0 && productTitle !== \"\") {\r\n        var encodedTitle = encodeURIComponent(productTitle);\r\n\r\n        buttons.forEach(function(btn) {\r\n            var currentHref = btn.getAttribute('href');\r\n            \r\n            \/\/ S\u00e9curit\u00e9 pour ne pas ajouter le param\u00e8tre 2 fois\r\n            if (currentHref.indexOf('sujet=') === -1) {\r\n                var separator = currentHref.indexOf('?') !== -1 ? '&' : '?';\r\n                var newLink = currentHref + separator + 'sujet=' + encodedTitle;\r\n                \r\n                btn.setAttribute('href', newLink);\r\n            }\r\n        });\r\n    }\r\n});\r\n<\/script><\/div>\n<\/div>\n<\/div>\n<\/div>\n\n<p><\/p>\n\n<h2 class=\"wp-block-heading\">For which uses?<\/h2>\n\n<p>These suction units have been designed to <strong>extract welding<\/strong> and <strong>soldering<\/strong> <strong>fumes<\/strong>, <strong>dust<\/strong>, <strong>vapors<\/strong>, <strong>solvents<\/strong>, <strong>gases<\/strong>, <strong>odors<\/strong> and all types of <strong>gaseous pollutants<\/strong>. The units are mounted on castors and can be used to extract <a href=\"https:\/\/obera.fr\/en\/produits\/depoussiereurs-industriels\/fixes\/\">fixed or mobile workstations<\/a> (up to 3 workstations or production machines).  Compact and space-saving, they are suitable for all types of industry. <a href=\"https:\/\/obera.fr\/en\/produits\/atex\/\" data-type=\"page\" data-id=\"372\">ATEX certified<\/a>, they are designed for use in ATEX22 zones.<\/p>\n\n<p>The <strong>EPUR Ex range<\/strong> is equipped with saturation filters (to be replaced when saturated), meaning that the dust or fume load is relatively low. For higher pollutant loads and large quantities of dust, regenerable (uncloggable) filter media such as the <a href=\"https:\/\/obera.fr\/en\/produits\/depoussiereurs-industriels\/mobiles\/extracteur-poussiere-dustomat-4\/\" data-type=\"page\" data-id=\"440\">DUSTOMAT<\/a> or <a href=\"https:\/\/obera.fr\/en\/produits\/depoussiereurs-industriels\/fixes\/aspiration-centralisee-industrielle-dustmac\/\" data-type=\"page\" data-id=\"467\">DUSTMAC<\/a>&#8230;. ranges are preferable. <\/p>\n\n<div class=\"wp-block-columns is-layout-flex wp-container-core-columns-is-layout-28f84493 wp-block-columns-is-layout-flex\">\n<div class=\"wp-block-column is-layout-flow wp-block-column-is-layout-flow\">\n<h3 class=\"wp-block-heading has-text-align-center\">Pollutants<\/h3>\n\n\n\n<hr class=\"wp-block-separator has-css-opacity is-style-wide\"\/>\n\n\n\n<div class=\"wp-block-columns is-layout-flex wp-container-core-columns-is-layout-28f84493 wp-block-columns-is-layout-flex\">\n<div class=\"wp-block-column is-layout-flow wp-block-column-is-layout-flow\">\n<figure class=\"wp-block-image aligncenter size-large\"><img decoding=\"async\" width=\"70\" height=\"70\" src=\"https:\/\/obera.fr\/wp-content\/uploads\/2020\/08\/industrie-chimie.jpg\" alt=\"Chemical industry\" class=\"wp-image-725\"\/><figcaption class=\"wp-element-caption\">Chemical dusts<\/figcaption><\/figure>\n\n\n\n<figure class=\"wp-block-image aligncenter size-large\"><img decoding=\"async\" width=\"70\" height=\"70\" src=\"https:\/\/obera.fr\/wp-content\/uploads\/2020\/08\/industrie-odeur.jpg\" alt=\"Industry Odor\" class=\"wp-image-723\"\/><figcaption class=\"wp-element-caption\">Odor industry<\/figcaption><\/figure>\n<\/div>\n\n\n\n<div class=\"wp-block-column is-layout-flow wp-block-column-is-layout-flow\">\n<figure class=\"wp-block-image aligncenter size-large\"><img decoding=\"async\" width=\"70\" height=\"70\" src=\"https:\/\/obera.fr\/wp-content\/uploads\/2020\/08\/industrie-fumees.jpg\" alt=\"Industry Smoke\" class=\"wp-image-722\"\/><figcaption class=\"wp-element-caption\">Smoke industry<\/figcaption><\/figure>\n\n\n\n<figure class=\"wp-block-image aligncenter size-large\"><img decoding=\"async\" width=\"70\" height=\"70\" src=\"https:\/\/obera.fr\/wp-content\/uploads\/2020\/09\/cov.png\" alt=\"Cov\" class=\"wp-image-959\"\/><figcaption class=\"wp-element-caption\">VOCS<\/figcaption><\/figure>\n<\/div>\n<\/div>\n<\/div>\n\n\n\n<div class=\"wp-block-column is-layout-flow wp-block-column-is-layout-flow\">\n<h3 class=\"wp-block-heading has-text-align-center\">Industries<\/h3>\n\n\n\n<hr class=\"wp-block-separator has-css-opacity is-style-wide\"\/>\n\n\n\n<p class=\"has-text-align-center\">Suitable for all types of industry<\/p>\n<\/div>\n<\/div>\n\n<h2 class=\"wp-block-heading\">What are the features of ePUR Ex?<\/h2>\n\n<p>The <strong>ePUR Ex 1000, 3000 and 5000<\/strong> are capable of <strong>holding up to 3 stages of high-performance filtration<\/strong>. Several configurations are possible, either 2-stage with a 13\/14 HEPA filter accompanied by 6 kg of activated carbon. Either in 3 stages with a first filter configurable to your needs, followed by another filter half HEPA 13\/14 and half activated carbon (3kg).  <\/p>\n\n<p>For the<strong>ePUR Ex 3000<\/strong>, the midrange device in the range, you&#8217;ll find a first filter that can be fully configured to your specific needs. The second filter box is a HEPA 13\/14 with a filter surface area of 5.6m\u00b2. Finally, the third filter box is a 6 kg activated carbon cassette. Its maximum flow rate is <strong>260 m3\/h <\/strong>(under load). It weighs 65 kg and is 99 cm high (weight without filter).    <\/p>\n\n<p>The<strong>ePUR Ex 5000<\/strong> stands out for its suction power, with a <strong>high flow rate of 2800 m3\/h<\/strong>. Filters are just as customizable as on the previous 2 devices. As standard, the unit comes with an E10 pre-filter with a 19m\u00b2 filtering surface and an H14 HEPA filter with a 20m\u00b2 filtering surface.  <\/p>\n\n<p>The ePUR Ex 1000 weighs 58kg for a height of 63cm, and the ePUR Ex 5000 weighs 240kg for a height of 159cm (weight with filter).<\/p>\n\n<p>Their operating noise level is relatively low (62db). Stainless steel materials make them robust and reliable. They are also equipped with a control screen for easy parameter setting.<\/p>\n\n<figure class=\"wp-block-table\"><table class=\"has-fixed-layout\"><thead><tr><th>Device<\/th><th><\/th><th>ePUR Ex 1000<\/th><th>ePUR Ex 3000<\/th><th>ePUR Ex 5000<\/th><\/tr><\/thead><tbody><tr><td>Flow<\/td><td>m3\/h<\/td><td>350<\/td><td>460<\/td><td>2.800<\/td><\/tr><tr><td>Inlet diameter<\/td><td>mm<\/td><td>50<\/td><td>50<\/td><td>150<\/td><\/tr><tr><td>max negative pressure<\/td><td>Pa<\/td><td>10 000<\/td><td>10 000<\/td><td>6000<\/td><\/tr><tr><td>Supply voltage<\/td><td>V<\/td><td>230 (or 110)<\/td><td>230 (or 110)<\/td><td>400<\/td><\/tr><tr><td>Power<\/td><td>kW<\/td><td>1.1<\/td><td>1.1<\/td><td>2.4<\/td><\/tr><tr><td>Filter surface 1st floor<\/td><td>m\u00b2<\/td><td>2.2<\/td><td>2.5<\/td><td>19<\/td><\/tr><tr><td>Filter surface 2nd floor<\/td><td>m\u00b2<\/td><td>2.8<\/td><td>5.6<\/td><td>20<\/td><\/tr><tr><td>Quantity of activated carbon 3rd stage<\/td><td>kg<\/td><td>3<\/td><td>5.8<\/td><td>X<\/td><\/tr><tr><td>Dimensions<\/td><td>l\/L\/h (mm)<\/td><td>436 x 527 x 638<\/td><td>430 x 400 x 996<\/td><td>780 x 970 x 1590<\/td><\/tr><tr><td>Weight (without filters)<\/td><td>kg<\/td><td>58<\/td><td>65<\/td><td>240<\/td><\/tr><tr><td>Noise level<\/td><td>dB(A)<\/td><td>62<\/td><td>62<\/td><td>75<\/td><\/tr><\/tbody><\/table><\/figure>\n\n<h2 class=\"wp-block-heading\">What are the advantages of our electronic welding fume extraction units?<\/h2>\n\n<p><\/p>\n\n<div class=\"wp-block-columns is-layout-flex wp-container-core-columns-is-layout-28f84493 wp-block-columns-is-layout-flex\">\n<div class=\"wp-block-column is-layout-flow wp-block-column-is-layout-flow\" style=\"flex-basis:25%\"><\/div>\n\n\n\n<div class=\"wp-block-column is-layout-flow wp-block-column-is-layout-flow\" style=\"flex-basis:50%\">\n<figure class=\"wp-block-embed is-type-video is-provider-youtube wp-block-embed-youtube wp-embed-aspect-16-9 wp-has-aspect-ratio\"><div class=\"wp-block-embed__wrapper\">\n<iframe title=\"TRAITEMENT COV, ODEURS, POUSSI\u00c8RES ET POLLUANTS GAZEUX - ePUR EX1000 - Obera\" width=\"1200\" height=\"675\" src=\"https:\/\/www.youtube.com\/embed\/05A45bNzFEY?feature=oembed&#038;enablejsapi=1&#038;origin=https:\/\/obera.fr\" frameborder=\"0\" allow=\"accelerometer; autoplay; clipboard-write; encrypted-media; gyroscope; picture-in-picture; web-share\" referrerpolicy=\"strict-origin-when-cross-origin\" allowfullscreen><\/iframe>\n<\/div><\/figure>\n\n\n\n<p><\/p>\n<\/div>\n\n\n\n<div class=\"wp-block-column is-layout-flow wp-block-column-is-layout-flow\" style=\"flex-basis:25%\"><\/div>\n<\/div>\n\n<p>There are many benefits, but first and foremost <strong>protecting employees<\/strong> against the many respiratory and skin diseases they are exposed to. Another benefit is the protection of production equipment, leading to fewer breakdowns and therefore a longer service life.  The various possible filter configurations allow full adaptation to the issue. <\/p>\n\n<blockquote class=\"wp-block-quote is-layout-flow wp-block-quote-is-layout-flow\">\n<p>Low operating noise allows direct installation in the work area.  <\/p>\n<\/blockquote>\n\n<p>The units have been designed using robust materials such as stainless steel to make them more resistant. Filter replacement is quick and easy. <strong>Electronically commutated EC fans<\/strong> are included for optimized performance and infinitely variable adjustment. The control panel also offers numerous settings, such as remote control and viewing the unit\u2019s status (clogging, punctured filter, etc.), for optimal ease of use.    From a regulatory standpoint, our units enable you to comply with the Occupational Exposure Limit Values (OELVs) threshold.<\/p>\n\n<div class=\"wp-block-columns is-layout-flex wp-container-core-columns-is-layout-28f84493 wp-block-columns-is-layout-flex\">\n<div class=\"wp-block-column is-layout-flow wp-block-column-is-layout-flow\">\n<h3 class=\"wp-block-heading has-text-align-center\">Advantages<\/h3>\n\n\n\n<ul class=\"wp-block-list\">\n<li>3 high-performance filtration stages<\/li>\n\n\n\n<li>Silencer<\/li>\n\n\n\n<li>Quick and easy replacement of filter stages<\/li>\n\n\n\n<li>Mobile and space-saving<\/li>\n\n\n\n<li>Can be used to vacuum up to 3 workstations or production machines<\/li>\n<\/ul>\n<\/div>\n\n\n\n<div class=\"wp-block-column is-layout-flow wp-block-column-is-layout-flow\">\n<h3 class=\"wp-block-heading has-text-align-center\">Special features<\/h3>\n\n\n\n<ul class=\"wp-block-list\">\n<li>ATEX certification<\/li>\n\n\n\n<li>Electronically commutated EC fan for optimized efficiency and infinite adjustability<\/li>\n\n\n\n<li>Configurable with a wide range of accessories<\/li>\n<\/ul>\n<\/div>\n\n\n\n<div class=\"wp-block-column is-layout-flow wp-block-column-is-layout-flow\">\n<h3 class=\"wp-block-heading has-text-align-center\">Characteristics<\/h3>\n\n\n\n<ul class=\"wp-block-list\">\n<li>Significantly improves air quality by eliminating odors, VOCs and other gaseous pollutants.<\/li>\n<\/ul>\n<\/div>\n<\/div>\n\n<h2 class=\"wp-block-heading\">How to choose the right dust collection system?<\/h2>\n\n<p>It&#8217;s essential to choose the right dust collector to avoid premature wear and tear that could lead to malfunction.<\/p>\n\n<p>The ePUR Ex range is <strong>powerful<\/strong>, <strong>simple<\/strong>, <strong>compact<\/strong> and equipped with saturation filters. The combination of filter stages can be freely and judiciously selected to optimize media life. Make sure, however, that saturation particulate filters are well suited to the quantities of dust and fumes you want to extract. Other devices are available with regenerable filter media.   <\/p>\n\n<p>If you&#8217;re doing your own research, be sure to ask about the unit&#8217;s filtering capacity, which will depend on your pollutant, particle size, state (solid or gaseous) and concentration. This search will enable you to select the ideal type of filter for your dust collector. Secondly, find out about the unit&#8217;s power rating, in other words, its flow rate. The unit&#8217;s flow rate will once again depend on the quantity of your pollutant, but also on the surface area of the room to be treated.    The larger the space, the greater the flow required.<\/p>\n\n<p>Next, you&#8217;ll need to decide which accessory to equip your machine with: a sheath connected to the production machine, or a<a href=\"https:\/\/obera.fr\/en\/produits\/bras-dispositifs-captation\/capot-industriel\/\"> suction arm<\/a> for a workstation.<\/p>\n\n<hr class=\"wp-block-separator has-css-opacity is-style-dots\"\/>\n\n<div class=\"wp-block-buttons is-horizontal is-content-justification-center is-layout-flex wp-container-core-buttons-is-layout-03627597 wp-block-buttons-is-layout-flex\">\n<div class=\"wp-block-button\"><a class=\"wp-block-button__link wp-element-button\" href=\"https:\/\/obera.fr\/en\/contact-us\/\">Read more<\/a><\/div>\n<\/div>\n\n<h2 class=\"wp-block-heading\">OberA&#8217;s other small dust collectors<\/h2>\n\n<div class=\"wp-block-columns is-layout-flex wp-container-core-columns-is-layout-28f84493 wp-block-columns-is-layout-flex\">\n<div class=\"wp-block-column is-layout-flow wp-block-column-is-layout-flow\">\n<figure class=\"wp-block-image aligncenter size-medium\"><a href=\"https:\/\/obera.fr\/en\/produits\/depoussiereurs-industriels\/petits\/jumbo\/\"><img decoding=\"async\" width=\"300\" height=\"300\" src=\"https:\/\/obera.fr\/wp-content\/uploads\/2020\/10\/jumbo-300x300.png\" alt=\"jumbo\" class=\"wp-image-1171\" srcset=\"https:\/\/obera.fr\/wp-content\/uploads\/2020\/10\/jumbo-300x300.png 300w, https:\/\/obera.fr\/wp-content\/uploads\/2020\/10\/jumbo-150x150.png 150w, https:\/\/obera.fr\/wp-content\/uploads\/2020\/10\/jumbo.png 500w\" sizes=\"(max-width: 300px) 100vw, 300px\" \/><\/a><figcaption class=\"wp-element-caption\">jumbo<\/figcaption><\/figure>\n<\/div>\n\n\n\n<div class=\"wp-block-column is-layout-flow wp-block-column-is-layout-flow\">\n<figure class=\"wp-block-image aligncenter size-medium\"><a href=\"https:\/\/obera.fr\/en\/produits\/depoussiereurs-industriels\/petits\/tk-serie\/\"><img decoding=\"async\" width=\"300\" height=\"300\" src=\"https:\/\/obera.fr\/wp-content\/uploads\/2020\/11\/tk-series-300x300.jpg\" alt=\"TK Series\" class=\"wp-image-1607\" srcset=\"https:\/\/obera.fr\/wp-content\/uploads\/2020\/11\/tk-series-300x300.jpg 300w, https:\/\/obera.fr\/wp-content\/uploads\/2020\/11\/tk-series-150x150.jpg 150w, https:\/\/obera.fr\/wp-content\/uploads\/2020\/11\/tk-series.jpg 600w\" sizes=\"(max-width: 300px) 100vw, 300px\" \/><\/a><figcaption class=\"wp-element-caption\">TK Serie<\/figcaption><\/figure>\n<\/div>\n\n\n\n<div class=\"wp-block-column is-layout-flow wp-block-column-is-layout-flow\">\n<figure class=\"wp-block-image aligncenter size-medium\"><a href=\"https:\/\/obera.fr\/en\/produits\/depoussiereurs-industriels\/petits\/srf-t\/\"><img decoding=\"async\" width=\"300\" height=\"300\" src=\"https:\/\/obera.fr\/wp-content\/uploads\/2020\/10\/SRF-T-SF-300x300.png\" alt=\"Srf T Sf\" class=\"wp-image-1310\" srcset=\"https:\/\/obera.fr\/wp-content\/uploads\/2020\/10\/SRF-T-SF-300x300.png 300w, https:\/\/obera.fr\/wp-content\/uploads\/2020\/10\/SRF-T-SF-150x150.png 150w, https:\/\/obera.fr\/wp-content\/uploads\/2020\/10\/SRF-T-SF.png 600w\" sizes=\"(max-width: 300px) 100vw, 300px\" \/><\/a><figcaption class=\"wp-element-caption\">SRF-T<\/figcaption><\/figure>\n<\/div>\n<\/div>\n","protected":false},"excerpt":{"rendered":"<p>EPUR Ex is a range of 3 ATEX-certifiedmobile air extraction systems. How does welding\/laser fume extraction work? Operation is simple: polluted air is drawn in directly via a suction hose connected to the machine, a suction arm, an extraction hood or directly onto a production machine via a network of ducts. Thepolluted air is captured and treated by the various filter stages. Thepurified air is then discharged from the bottom of the unit, either directly into the work area or outside, via a network of exhaust ducts. For which uses? These suction units have been designed to extract welding and &#8230; <\/p>\n<p class=\"read-more-container\"><a title=\"Welding fume extraction and laser ePUR Ex\" class=\"read-more button\" href=\"https:\/\/obera.fr\/en\/produits\/depoussiereurs-industriels\/petits\/aspiration-fumees-soudage-laser-epur-b-ex\/#more-32036\" aria-label=\"Read more about Welding fume extraction and laser ePUR Ex\">Read more<\/a><\/p>\n","protected":false},"author":4,"featured_media":83737,"parent":32027,"menu_order":0,"comment_status":"closed","ping_status":"closed","template":"","meta":{"_acf_changed":false,"_seopress_robots_primary_cat":"","_seopress_titles_title":"Welding fume extraction and laser ePUR Ex oberA","_seopress_titles_desc":"ePUR Ex 1000 \/ 3000 \/ 5000 is a range of 3 ATEX-certified mobile air extraction systems. oberA small dust collector","_seopress_robots_index":"","footnotes":""},"class_list":{"0":"post-32036","1":"page","2":"type-page","3":"status-publish","4":"has-post-thumbnail","6":"no-featured-image-padding","7":"resize-featured-image"},"acf":[],"_links":{"self":[{"href":"https:\/\/obera.fr\/en\/wp-json\/wp\/v2\/pages\/32036","targetHints":{"allow":["GET"]}}],"collection":[{"href":"https:\/\/obera.fr\/en\/wp-json\/wp\/v2\/pages"}],"about":[{"href":"https:\/\/obera.fr\/en\/wp-json\/wp\/v2\/types\/page"}],"author":[{"embeddable":true,"href":"https:\/\/obera.fr\/en\/wp-json\/wp\/v2\/users\/4"}],"replies":[{"embeddable":true,"href":"https:\/\/obera.fr\/en\/wp-json\/wp\/v2\/comments?post=32036"}],"version-history":[{"count":25,"href":"https:\/\/obera.fr\/en\/wp-json\/wp\/v2\/pages\/32036\/revisions"}],"predecessor-version":[{"id":145580,"href":"https:\/\/obera.fr\/en\/wp-json\/wp\/v2\/pages\/32036\/revisions\/145580"}],"up":[{"embeddable":true,"href":"https:\/\/obera.fr\/en\/wp-json\/wp\/v2\/pages\/32027"}],"wp:featuredmedia":[{"embeddable":true,"href":"https:\/\/obera.fr\/en\/wp-json\/wp\/v2\/media\/83737"}],"wp:attachment":[{"href":"https:\/\/obera.fr\/en\/wp-json\/wp\/v2\/media?parent=32036"}],"curies":[{"name":"wp","href":"https:\/\/api.w.org\/{rel}","templated":true}]}}