{"id":32101,"date":"2024-04-01T13:32:19","date_gmt":"2024-04-01T11:32:19","guid":{"rendered":"https:\/\/obera.fr\/products\/industrial-air-coolers\/ic-12-22-and-30-evaporative-air-coolers\/ic22-evaporative-filter-air-cooler\/"},"modified":"2025-12-30T12:00:20","modified_gmt":"2025-12-30T10:00:20","slug":"ic22-filtrant-par-evaporation","status":"publish","type":"page","link":"https:\/\/obera.fr\/en\/produits\/rafraichisseurs-air\/rafraichisseurs-par-evaporation-ic\/ic22-filtrant-par-evaporation\/","title":{"rendered":"IC22 evaporative filter air cooler"},"content":{"rendered":"\n<p>Ecological and economical, the <strong>evaporative filter air freshener<\/strong> is ideal for generating cooler air in your workspaces of around 10 to 20\u00b0C.<\/p>\n\n<h2 class=\"wp-block-heading\">OberA evaporative filter cooler: how does it work?<\/h2>\n\n<div class=\"wp-block-columns is-layout-flex wp-container-core-columns-is-layout-28f84493 wp-block-columns-is-layout-flex\">\n<div class=\"wp-block-column is-vertically-aligned-top is-layout-flow wp-block-column-is-layout-flow\" style=\"flex-basis:50%\">\n<figure class=\"wp-block-image aligncenter size-full is-resized\"><img decoding=\"async\" width=\"600\" height=\"600\" src=\"https:\/\/obera.fr\/wp-content\/uploads\/2024\/02\/ic22-carre.jpg\" alt=\"IC22 evaporative filter air cooler\" class=\"wp-image-28148\" style=\"width:370px;height:auto\" srcset=\"https:\/\/obera.fr\/wp-content\/uploads\/2024\/02\/ic22-carre.jpg 600w, https:\/\/obera.fr\/wp-content\/uploads\/2024\/02\/ic22-carre-300x300.jpg 300w, https:\/\/obera.fr\/wp-content\/uploads\/2024\/02\/ic22-carre-150x150.jpg 150w\" sizes=\"(max-width: 600px) 100vw, 600px\" \/><figcaption class=\"wp-element-caption\">IC 22<\/figcaption><\/figure>\n<\/div>\n\n\n\n<div class=\"wp-block-column is-vertically-aligned-center is-layout-flow wp-block-column-is-layout-flow\" style=\"flex-basis:66.66%\">\n<p>The IC22 evaporative cooler range features honeycomb panels that are constantly soaked with water. The axial helical fan at the rear of the unit draws in hot air and passes it through the cooling panels. Hot air vaporizes and cools on contact with water. This phenomenon, known as the &#8221; <strong>cooling effect<\/strong> &#8220;, reduces the temperature of the intake air by up to 20\u00b0C. The cooler, filtered air is then pushed through the unit and circulated around the workspace. It&#8217;s essential that the room is well ventilated to allow air to circulate freely, evacuate humidity and bring in new warm air to be filtered by the <strong>mobile cooler<\/strong>. In short, the warmer the air, the better the cooling.<\/p>\n\n\n\n<p>The <a href=\"https:\/\/obera.fr\/en\/produits\/rafraichisseurs-air\/rafraichisseurs-par-evaporation-ic\/\" data-type=\"page\" data-id=\"18698\">IC adiabatic air cooler is designed for<\/a> use in <strong>all sectors of<\/strong> industry, logistics warehouses and agriculture. It can be used to cool employees&#8217; workstations or a room. It is particularly popular in factories, garages, storage halls, workshops, greenhouses and warehouses.<\/p>\n\n\n\n<div class=\"wp-block-columns is-layout-flex wp-container-core-columns-is-layout-28f84493 wp-block-columns-is-layout-flex\">\n<div class=\"wp-block-column is-layout-flow wp-block-column-is-layout-flow\" style=\"flex-basis:33.33%\">\n<div class=\"wp-block-buttons is-layout-flex wp-block-buttons-is-layout-flex\">\n<div class=\"wp-block-button\"><a class=\"wp-block-button__link wp-element-button\" href=\"https:\/\/obera.fr\/wp-content\/uploads\/2025\/04\/brochure-ic-22-fr.pdf\">DOWNLOAD THE BROCHURE<\/a><\/div>\n<\/div>\n<\/div>\n\n\n\n<div class=\"wp-block-column is-layout-flow wp-block-column-is-layout-flow\" style=\"flex-basis:33.34%\">\n<div class=\"wp-block-buttons is-horizontal is-content-justification-center is-layout-flex wp-container-core-buttons-is-layout-03627597 wp-block-buttons-is-layout-flex\">\n<div class=\"wp-block-button\"><a class=\"wp-block-button__link wp-element-button\" href=\"https:\/\/obera.fr\/en\/contact-us\/\">Read more<\/a><\/div>\n<\/div>\n\n\n\n<p><\/p>\n<\/div>\n\n\n\n<div class=\"wp-block-column is-layout-flow wp-block-column-is-layout-flow\" style=\"flex-basis:33.34%\">\n<div class=\"wp-block-buttons is-content-justification-center is-layout-flex wp-container-core-buttons-is-layout-a89b3969 wp-block-buttons-is-layout-flex\">\n<div class=\"wp-block-button btn-devis-source\"><a class=\"wp-block-button__link wp-element-button\" href=\"https:\/\/obera.fr\/en\/request-a-quote\/\">Request a quote<\/a><\/div>\n<\/div>\n\n\n<script>\r\ndocument.addEventListener('DOMContentLoaded', function() {\r\n    \/\/ 1. On cherche le titre H1 de la page\r\n    var h1 = document.querySelector('h1');\r\n    var productTitle = h1 ? h1.innerText.trim() : \"\";\r\n\r\n    \/\/ 2. On cherche les boutons via la classe CSS .btn-devis-source\r\n    var buttons = document.querySelectorAll('.btn-devis-source a');\r\n\r\n    \/\/ 3. Si on a le titre et les boutons, on ajoute le param\u00e8tre\r\n    if (buttons.length > 0 && productTitle !== \"\") {\r\n        var encodedTitle = encodeURIComponent(productTitle);\r\n\r\n        buttons.forEach(function(btn) {\r\n            var currentHref = btn.getAttribute('href');\r\n            \r\n            \/\/ S\u00e9curit\u00e9 pour ne pas ajouter le param\u00e8tre 2 fois\r\n            if (currentHref.indexOf('sujet=') === -1) {\r\n                var separator = currentHref.indexOf('?') !== -1 ? '&' : '?';\r\n                var newLink = currentHref + separator + 'sujet=' + encodedTitle;\r\n                \r\n                btn.setAttribute('href', newLink);\r\n            }\r\n        });\r\n    }\r\n});\r\n<\/script><\/div>\n<\/div>\n<\/div>\n<\/div>\n\n<div class=\"wp-block-columns is-layout-flex wp-container-core-columns-is-layout-28f84493 wp-block-columns-is-layout-flex\">\n<div class=\"wp-block-column is-layout-flow wp-block-column-is-layout-flow\" style=\"flex-basis:25%\"><\/div>\n\n\n\n<div class=\"wp-block-column is-layout-flow wp-block-column-is-layout-flow\" style=\"flex-basis:50%\">\n<figure class=\"wp-block-embed is-type-video is-provider-youtube wp-block-embed-youtube wp-embed-aspect-16-9 wp-has-aspect-ratio\"><div class=\"wp-block-embed__wrapper\">\n<iframe title=\"Rafraichisseur d&#039;air - Gamme IC - OberA\" width=\"1200\" height=\"675\" src=\"https:\/\/www.youtube.com\/embed\/NG-Ssy2oM70?feature=oembed\" frameborder=\"0\" allow=\"accelerometer; autoplay; clipboard-write; encrypted-media; gyroscope; picture-in-picture; web-share\" referrerpolicy=\"strict-origin-when-cross-origin\" allowfullscreen><\/iframe>\n<\/div><\/figure>\n\n\n\n<p><\/p>\n<\/div>\n\n\n\n<div class=\"wp-block-column is-layout-flow wp-block-column-is-layout-flow\" style=\"flex-basis:25%\"><\/div>\n<\/div>\n\n<h2 class=\"wp-block-heading\">What are the features of the IC22 air cooler?<\/h2>\n\n<p>The IC22 mobile evaporative cooler features 3 speeds to keep power under control and adapt to team needs. The control panel allows you to configure the direction of the unit&#8217;s blast, water treatment via an ionizer and activation of water flow over the filter media.<\/p>\n\n<p>Its powerful 22,000m3\/h capacity can cool a maximum surface area of 250 m2. The water tank can store up to 130 L of water, guaranteeing uninterrupted operation over a large area.<\/p>\n\n<p>Another technical advantage, and not the least, is that an <strong>air cooler requires low water and electricity consumption<\/strong>. Water consumption is between 10 and 15 L\/h. Much more efficient than a humidifier or ventilation system for cooling large spaces.<\/p>\n\n<p>Finally, the IC22 air cooler is mobile and stable. It weighs <strong>50 kg<\/strong> and has soft castors for easy movement. A remote control is included for easy remote control.<\/p>\n\n<blockquote class=\"wp-block-quote is-layout-flow wp-block-quote-is-layout-flow\">\n<figure class=\"wp-block-image aligncenter size-full\"><img decoding=\"async\" width=\"290\" height=\"98\" src=\"https:\/\/obera.fr\/wp-content\/uploads\/2025\/02\/green-modern-marketing-logo.png\" alt=\"green modern marketing logo\" class=\"wp-image-61494\"\/><\/figure>\n\n\n\n<p>G4 filter: the IC22 evaporative cooler features a G4 air filter to improve air quality. A definite advantage for employee health and machine performance. What&#8217;s more, it extends the life of the cooler, which is less clogged with dirt and dust.<\/p>\n<\/blockquote>\n\n<div class=\"wp-block-columns is-layout-flex wp-container-core-columns-is-layout-28f84493 wp-block-columns-is-layout-flex\">\n<div class=\"wp-block-column is-layout-flow wp-block-column-is-layout-flow\"><\/div>\n\n\n\n<div class=\"wp-block-column is-layout-flow wp-block-column-is-layout-flow\"><\/div>\n\n\n\n<div class=\"wp-block-column is-layout-flow wp-block-column-is-layout-flow\"><\/div>\n<\/div>\n\n<h3 class=\"wp-block-heading has-text-align-center\">INDUSTRIES<\/h3>\n\n<div class=\"wp-block-columns is-layout-flex wp-container-core-columns-is-layout-28f84493 wp-block-columns-is-layout-flex\">\n<div class=\"wp-block-column is-layout-flow wp-block-column-is-layout-flow\">\n<hr class=\"wp-block-separator has-alpha-channel-opacity\"\/>\n\n\n\n<div class=\"wp-block-columns is-layout-flex wp-container-core-columns-is-layout-28f84493 wp-block-columns-is-layout-flex\">\n<div class=\"wp-block-column is-layout-flow wp-block-column-is-layout-flow\">\n<figure class=\"wp-block-image aligncenter size-thumbnail is-resized\"><img decoding=\"async\" width=\"150\" height=\"150\" src=\"https:\/\/obera.fr\/wp-content\/uploads\/2022\/02\/Textile-150x150.png\" alt=\"Textile\" class=\"wp-image-8855\"\/><figcaption class=\"wp-element-caption\">Textile<\/figcaption><\/figure>\n\n\n\n<figure class=\"wp-block-image aligncenter size-thumbnail is-resized\"><img decoding=\"async\" width=\"150\" height=\"150\" src=\"https:\/\/obera.fr\/wp-content\/uploads\/2022\/02\/Plastique-150x150.png\" alt=\"Plastics\" class=\"wp-image-8854\"\/><figcaption class=\"wp-element-caption\">Plastic industry<\/figcaption><\/figure>\n\n\n\n<figure class=\"wp-block-image aligncenter size-thumbnail is-resized\"><img decoding=\"async\" width=\"150\" height=\"150\" src=\"https:\/\/obera.fr\/wp-content\/uploads\/2023\/02\/sans-titre-2023-02-14t104609.147-150x150.png\" alt=\"Logistics\" class=\"wp-image-18825\"\/><figcaption class=\"wp-element-caption\">Logistics<\/figcaption><\/figure>\n<\/div>\n\n\n\n<div class=\"wp-block-column is-layout-flow wp-block-column-is-layout-flow\">\n<figure class=\"wp-block-image aligncenter size-thumbnail is-resized\"><img decoding=\"async\" width=\"150\" height=\"150\" src=\"https:\/\/obera.fr\/wp-content\/uploads\/2022\/02\/MINERAIS-150x150.png\" alt=\"Mineral\" class=\"wp-image-8847\"\/><figcaption class=\"wp-element-caption\">Mineral<\/figcaption><\/figure>\n\n\n\n<figure class=\"wp-block-image aligncenter size-thumbnail is-resized\"><img decoding=\"async\" width=\"150\" height=\"150\" src=\"https:\/\/obera.fr\/wp-content\/uploads\/2022\/02\/Metalurgie-150x150.png\" alt=\"metallurgy\" class=\"wp-image-8857\"\/><figcaption class=\"wp-element-caption\">Metallurgy<\/figcaption><\/figure>\n\n\n\n<figure class=\"wp-block-image aligncenter size-thumbnail is-resized\"><img decoding=\"async\" width=\"150\" height=\"150\" src=\"https:\/\/obera.fr\/wp-content\/uploads\/2023\/02\/sans-titre-2023-02-14t102211.641-150x150.png\" alt=\"Agriculture\" class=\"wp-image-18828\"\/><figcaption class=\"wp-element-caption\">Agriculture<\/figcaption><\/figure>\n<\/div>\n<\/div>\n<\/div>\n\n\n\n<div class=\"wp-block-column is-layout-flow wp-block-column-is-layout-flow\">\n<hr class=\"wp-block-separator has-alpha-channel-opacity\"\/>\n\n\n\n<div class=\"wp-block-columns is-layout-flex wp-container-core-columns-is-layout-28f84493 wp-block-columns-is-layout-flex\">\n<div class=\"wp-block-column is-layout-flow wp-block-column-is-layout-flow\">\n<figure class=\"wp-block-image aligncenter size-thumbnail is-resized\"><img decoding=\"async\" width=\"150\" height=\"150\" src=\"https:\/\/obera.fr\/wp-content\/uploads\/2022\/02\/Chimie-150x150.png\" alt=\"Chemicals\" class=\"wp-image-8846\"\/><figcaption class=\"wp-element-caption\">Chemical industry<\/figcaption><\/figure>\n\n\n\n<figure class=\"wp-block-image aligncenter size-thumbnail is-resized\"><img decoding=\"async\" width=\"150\" height=\"150\" src=\"https:\/\/obera.fr\/wp-content\/uploads\/2022\/02\/Travail-du-bois-150x150.png\" alt=\"Woodworking\" class=\"wp-image-8856\"\/><figcaption class=\"wp-element-caption\">Woodworking<\/figcaption><\/figure>\n\n\n\n<figure class=\"wp-block-image aligncenter size-thumbnail is-resized\"><img decoding=\"async\" width=\"150\" height=\"150\" src=\"https:\/\/obera.fr\/wp-content\/uploads\/2023\/02\/sans-titre-2023-02-14t101920.185-150x150.png\" alt=\"Aviation\" class=\"wp-image-18831\"\/><figcaption class=\"wp-element-caption\">Aviation<\/figcaption><\/figure>\n<\/div>\n\n\n\n<div class=\"wp-block-column is-layout-flow wp-block-column-is-layout-flow\">\n<figure class=\"wp-block-image aligncenter size-thumbnail is-resized\"><img decoding=\"async\" width=\"150\" height=\"150\" src=\"https:\/\/obera.fr\/wp-content\/uploads\/2022\/02\/AGROALIMENTAIRE-150x150.png\" alt=\"Food industry\" class=\"wp-image-8844\"\/><figcaption class=\"wp-element-caption\">Food industry<\/figcaption><\/figure>\n\n\n\n<figure class=\"wp-block-image aligncenter size-thumbnail is-resized\"><img decoding=\"async\" width=\"150\" height=\"150\" src=\"https:\/\/obera.fr\/wp-content\/uploads\/2022\/02\/Papier-carton-150x150.png\" alt=\"Paper\/cardboard\" class=\"wp-image-8853\"\/><figcaption class=\"wp-element-caption\">Paper\/Cardboard<\/figcaption><\/figure>\n\n\n\n<figure class=\"wp-block-image aligncenter size-thumbnail is-resized\"><img decoding=\"async\" width=\"150\" height=\"150\" src=\"https:\/\/obera.fr\/wp-content\/uploads\/2023\/02\/sans-titre-2023-02-14t101712.416-150x150.png\" alt=\"Automotive\" class=\"wp-image-18834\"\/><figcaption class=\"wp-element-caption\">Automotive<\/figcaption><\/figure>\n<\/div>\n<\/div>\n<\/div>\n<\/div>\n\n<figure class=\"wp-block-table\"><table class=\"has-fixed-layout\"><tbody><tr><td>Flow<\/td><td>m3\/h<\/td><td>22 000<\/td><\/tr><tr><td>Number of speeds<\/td><td><\/td><td>3<\/td><\/tr><tr><td>Voltage<\/td><td>V<\/td><td>230<\/td><\/tr><tr><td>Rated current<\/td><td>A<\/td><td>2.8<\/td><\/tr><tr><td>Power<\/td><td>W<\/td><td>640<\/td><\/tr><tr><td>Dimensions<\/td><td>l\/L\/h (mm)<\/td><td>1120 x 640 x 1600<\/td><\/tr><tr><td>Weight<\/td><td>kg<\/td><td>50<\/td><\/tr><tr><td>Noise level<\/td><td>dB(A)<\/td><td>58\/64\/68<\/td><\/tr><tr><td>Surface treated<\/td><td>m\u00b2<\/td><td>150 \u00e0 250<\/td><\/tr><tr><td>Tank capacity<\/td><td>L<\/td><td>130<\/td><\/tr><tr><td>Water consumption<\/td><td>L\/h<\/td><td>10 \u00e0 15<\/td><\/tr><\/tbody><\/table><\/figure>\n\n<div class=\"wp-block-columns is-layout-flex wp-container-core-columns-is-layout-28f84493 wp-block-columns-is-layout-flex\">\n<div class=\"wp-block-column is-layout-flow wp-block-column-is-layout-flow\">\n<div class=\"wp-block-buttons is-content-justification-center is-layout-flex wp-container-core-buttons-is-layout-a89b3969 wp-block-buttons-is-layout-flex\">\n<div class=\"wp-block-button\"><a class=\"wp-block-button__link wp-element-button\" href=\"https:\/\/obera.fr\/wp-content\/uploads\/2025\/04\/brochure-ic-22-fr.pdf\">DOWNLOAD THE BROCHURE<\/a><\/div>\n<\/div>\n<\/div>\n\n\n\n<div class=\"wp-block-column is-layout-flow wp-block-column-is-layout-flow\">\n<div class=\"wp-block-buttons is-horizontal is-content-justification-center is-layout-flex wp-container-core-buttons-is-layout-03627597 wp-block-buttons-is-layout-flex\">\n<div class=\"wp-block-button\"><a class=\"wp-block-button__link wp-element-button\" href=\"https:\/\/obera.fr\/en\/contact-us\/\">Read more<\/a><\/div>\n<\/div>\n<\/div>\n<\/div>\n\n<blockquote class=\"wp-block-quote is-layout-flow wp-block-quote-is-layout-flow\">\n<p>Good to know: <strong>OberA offers new and used equipment<\/strong> for sale. Used products are repaired, overhauled and refurbished, and come with a one-year warranty. Each pre-owned product has a classification: class A (almost new), class B (intermediate condition with slight signs of wear) and class C (deteriorated condition, but only cosmetically). Our online store guarantees secure payment and fast delivery of products.<\/p>\n<\/blockquote>\n\n<h2 class=\"wp-block-heading\">Evaporative coolers: the benefits of the IC22 model<\/h2>\n\n<p>The design of the IC22 air cooler makes it particularly <strong>comfortable for your employees<\/strong>. It makes a major contribution to their well-being by spreading fresh air without any chill effect. With a sound level of 66 dB(A), the unit is quiet without compromising on performance. Easy to handle, teams can move it wherever they like to enjoy pleasant ambient air.<\/p>\n\n<p>The humidity level generated in the air (5% to 10%) also contributes to the respect of your equipment. This feature is particularly <strong>well suited to greenhouses or agricultural premises<\/strong> with equipment and products sensitive to heat and dry air.<\/p>\n\n<p>On the investment side, this <a href=\"https:\/\/obera.fr\/en\/produits\/rafraichisseurs-air\/\" data-type=\"page\" data-id=\"368\">adiabatic air cooler<\/a> consumes up to 80% less energy than a conventional air conditioner. In addition to electricity consumption, <strong>a chiller uses a compressor and a refrigerant to cool the ambient air<\/strong>, which is also a less environmentally-friendly component.<\/p>\n\n<div class=\"wp-block-columns is-layout-flex wp-container-core-columns-is-layout-28f84493 wp-block-columns-is-layout-flex\">\n<div class=\"wp-block-column is-layout-flow wp-block-column-is-layout-flow\">\n<h3 class=\"wp-block-heading\">Advantages :<\/h3>\n\n\n\n<ul class=\"wp-block-list\">\n<li>Environmentally friendly;<\/li>\n\n\n\n<li>Easy-to-handle mobile equipment;<\/li>\n\n\n\n<li>Cooling capacity for spaces of 250 m2 ;<\/li>\n\n\n\n<li>Plug &amp; play.<\/li>\n<\/ul>\n<\/div>\n\n\n\n<div class=\"wp-block-column is-layout-flow wp-block-column-is-layout-flow\">\n<h3 class=\"wp-block-heading\">Special features:<\/h3>\n\n\n\n<ul class=\"wp-block-list\">\n<li>Energy-efficient (water and electricity);<\/li>\n\n\n\n<li>Dust filtration (G4 filter) ;<\/li>\n\n\n\n<li>Timer function for automatic start and stop<\/li>\n\n\n\n<li>No installation of piping and extraction ducts;<\/li>\n\n\n\n<li>No installation costs.<\/li>\n<\/ul>\n<\/div>\n\n\n\n<div class=\"wp-block-column is-layout-flow wp-block-column-is-layout-flow\">\n<h3 class=\"wp-block-heading\">Features :<\/h3>\n\n\n\n<ul class=\"wp-block-list\">\n<li>No &#8220;cold snap&#8221; effect;<\/li>\n\n\n\n<li>Airflow oscillation mode ;<\/li>\n\n\n\n<li>Maintain optimum humidity levels.<\/li>\n<\/ul>\n<\/div>\n<\/div>\n\n<h2 class=\"wp-block-heading\">Test our IC22 air cooler<\/h2>\n\n<p>We offer<strong> the option of renting\/testing this equipment for an average of one month<\/strong>, with rapid delivery for an almost instant trial run in your workshop. If you decide to validate the solution, you won&#8217;t pay any difference! If not, we&#8217;ll evaluate the unit&#8217;s performance and suggest a cooler better suited to your needs and specifications.<\/p>\n\n<div class=\"wp-block-buttons is-content-justification-center is-layout-flex wp-container-core-buttons-is-layout-a89b3969 wp-block-buttons-is-layout-flex\">\n<div class=\"wp-block-button\"><a class=\"wp-block-button__link wp-element-button\" href=\"https:\/\/obera.fr\/en\/contact\/\">CONTACT US<\/a><\/div>\n<\/div>\n","protected":false},"excerpt":{"rendered":"<p>Ecological and economical, the evaporative filter air freshener is ideal for generating cooler air in your workspaces of around 10 to 20\u00b0C. OberA evaporative filter cooler: how does it work? The IC22 evaporative cooler range features honeycomb panels that are constantly soaked with water. The axial helical fan at the rear of the unit draws in hot air and passes it through the cooling panels. Hot air vaporizes and cools on contact with water. This phenomenon, known as the &#8221; cooling effect &#8220;, reduces the temperature of the intake air by up to 20\u00b0C. The cooler, filtered air is then &#8230; <\/p>\n<p class=\"read-more-container\"><a title=\"IC22 evaporative filter air cooler\" class=\"read-more button\" href=\"https:\/\/obera.fr\/en\/produits\/rafraichisseurs-air\/rafraichisseurs-par-evaporation-ic\/ic22-filtrant-par-evaporation\/#more-32101\" aria-label=\"Read more about IC22 evaporative filter air cooler\">Read more<\/a><\/p>\n","protected":false},"author":4,"featured_media":83737,"parent":32090,"menu_order":0,"comment_status":"closed","ping_status":"closed","template":"","meta":{"_acf_changed":false,"_seopress_robots_primary_cat":"","_seopress_titles_title":"IC22, Evaporative filtering industrial air cooler","_seopress_titles_desc":"Ecological and economical, the IC22 evaporative filter air freshener is ideal for generating cooler air in your workspaces of around 10 to 20\u00b0C.","_seopress_robots_index":"","footnotes":""},"class_list":{"0":"post-32101","1":"page","2":"type-page","3":"status-publish","4":"has-post-thumbnail","6":"no-featured-image-padding","7":"resize-featured-image"},"acf":[],"_links":{"self":[{"href":"https:\/\/obera.fr\/en\/wp-json\/wp\/v2\/pages\/32101","targetHints":{"allow":["GET"]}}],"collection":[{"href":"https:\/\/obera.fr\/en\/wp-json\/wp\/v2\/pages"}],"about":[{"href":"https:\/\/obera.fr\/en\/wp-json\/wp\/v2\/types\/page"}],"author":[{"embeddable":true,"href":"https:\/\/obera.fr\/en\/wp-json\/wp\/v2\/users\/4"}],"replies":[{"embeddable":true,"href":"https:\/\/obera.fr\/en\/wp-json\/wp\/v2\/comments?post=32101"}],"version-history":[{"count":11,"href":"https:\/\/obera.fr\/en\/wp-json\/wp\/v2\/pages\/32101\/revisions"}],"predecessor-version":[{"id":136396,"href":"https:\/\/obera.fr\/en\/wp-json\/wp\/v2\/pages\/32101\/revisions\/136396"}],"up":[{"embeddable":true,"href":"https:\/\/obera.fr\/en\/wp-json\/wp\/v2\/pages\/32090"}],"wp:featuredmedia":[{"embeddable":true,"href":"https:\/\/obera.fr\/en\/wp-json\/wp\/v2\/media\/83737"}],"wp:attachment":[{"href":"https:\/\/obera.fr\/en\/wp-json\/wp\/v2\/media?parent=32101"}],"curies":[{"name":"wp","href":"https:\/\/api.w.org\/{rel}","templated":true}]}}