{"id":32112,"date":"2021-09-17T09:11:07","date_gmt":"2021-09-17T07:11:07","guid":{"rendered":"https:\/\/obera.fr\/obcare-co2-sensor\/"},"modified":"2025-06-03T14:57:17","modified_gmt":"2025-06-03T12:57:17","slug":"capteur-co2-obcare","status":"publish","type":"page","link":"https:\/\/obera.fr\/en\/produits\/analyseurs-air\/capteur-co2-obcare\/","title":{"rendered":"OBCARE CO2 sensor"},"content":{"rendered":"\n<h2 class=\"wp-block-heading\">Air quality measurement with traffic lights<\/h2>\n\n\n\n<div class=\"wp-block-columns is-layout-flex wp-container-core-columns-is-layout-28f84493 wp-block-columns-is-layout-flex\">\n<div class=\"wp-block-column is-layout-flow wp-block-column-is-layout-flow\" style=\"flex-basis:33.33%\">\n<figure class=\"wp-block-image aligncenter size-full is-resized\"><img decoding=\"async\" width=\"300\" height=\"212\" src=\"https:\/\/obera.fr\/wp-content\/uploads\/2021\/11\/Capteur_CO2_OBCARE.png\" alt=\"obcare co2 sensor\" class=\"wp-image-7611\" style=\"width:300px;height:212px\"\/><figcaption class=\"wp-element-caption\">OBCARE<\/figcaption><\/figure>\n<\/div>\n\n\n\n<div class=\"wp-block-column is-vertically-aligned-center is-layout-flow wp-block-column-is-layout-flow\" style=\"flex-basis:66.66%\">\n<p>The <strong>OBCARE <\/strong>CO2 sensor enables real-time monitoring of air quality in enclosed spaces. Its multicolored display with traffic lights provides an immediate overview of air quality and displays <strong>CO2 concentration in ppm<\/strong>. These lights provide clear visual cues, alerting users to the steps they need to take: <strong>purify the air <\/strong>by installing mobile air purification units and\/or <strong>ventilate naturally<\/strong>.  <\/p>\n\n\n\n<div class=\"wp-block-columns is-layout-flex wp-container-core-columns-is-layout-28f84493 wp-block-columns-is-layout-flex\">\n<div class=\"wp-block-column is-layout-flow wp-block-column-is-layout-flow\" style=\"flex-basis:33.34%\">\n<div class=\"wp-block-buttons is-content-justification-center is-layout-flex wp-container-core-buttons-is-layout-a89b3969 wp-block-buttons-is-layout-flex\">\n<div class=\"wp-block-button\"><a class=\"wp-block-button__link wp-element-button\" href=\"https:\/\/obera.fr\/wp-content\/uploads\/2025\/06\/en-brochure-obcare.pdf\">Download the brochure<\/a><\/div>\n<\/div>\n<\/div>\n\n\n\n<div class=\"wp-block-column is-layout-flow wp-block-column-is-layout-flow\" style=\"flex-basis:33.34%\">\n<div class=\"wp-block-buttons is-horizontal is-content-justification-center is-layout-flex wp-container-core-buttons-is-layout-03627597 wp-block-buttons-is-layout-flex\">\n<div class=\"wp-block-button\"><a class=\"wp-block-button__link wp-element-button\" href=\"https:\/\/boutique.obera.fr\/52-acheter-capteur-co2-obcare.html\" target=\"_blank\" rel=\"noreferrer noopener\">Buy the OBCARE CO2 sensor  <\/a><\/div>\n<\/div>\n<\/div>\n\n\n\n<div class=\"wp-block-column is-layout-flow wp-block-column-is-layout-flow\" style=\"flex-basis:33.33%\">\n<div class=\"wp-block-buttons is-content-justification-center is-layout-flex wp-container-core-buttons-is-layout-a89b3969 wp-block-buttons-is-layout-flex\">\n<div class=\"wp-block-button btn-devis-source\"><a class=\"wp-block-button__link wp-element-button\" href=\"https:\/\/obera.fr\/en\/request-a-quote\/\">Request a quote<\/a><\/div>\n<\/div>\n\n\n<script>\r\ndocument.addEventListener('DOMContentLoaded', function() {\r\n    \/\/ 1. On cherche le titre H1 de la page\r\n    var h1 = document.querySelector('h1');\r\n    var productTitle = h1 ? h1.innerText.trim() : \"\";\r\n\r\n    \/\/ 2. On cherche les boutons via la classe CSS .btn-devis-source\r\n    var buttons = document.querySelectorAll('.btn-devis-source a');\r\n\r\n    \/\/ 3. Si on a le titre et les boutons, on ajoute le param\u00e8tre\r\n    if (buttons.length > 0 && productTitle !== \"\") {\r\n        var encodedTitle = encodeURIComponent(productTitle);\r\n\r\n        buttons.forEach(function(btn) {\r\n            var currentHref = btn.getAttribute('href');\r\n            \r\n            \/\/ S\u00e9curit\u00e9 pour ne pas ajouter le param\u00e8tre 2 fois\r\n            if (currentHref.indexOf('sujet=') === -1) {\r\n                var separator = currentHref.indexOf('?') !== -1 ? '&' : '?';\r\n                var newLink = currentHref + separator + 'sujet=' + encodedTitle;\r\n                \r\n                btn.setAttribute('href', newLink);\r\n            }\r\n        });\r\n    }\r\n});\r\n<\/script><\/div>\n<\/div>\n<\/div>\n<\/div>\n\n\n\n<h2 class=\"wp-block-heading\">The benefits of OBCARE<\/h2>\n\n\n\n<div class=\"wp-block-columns is-layout-flex wp-container-core-columns-is-layout-28f84493 wp-block-columns-is-layout-flex\">\n<div class=\"wp-block-column is-layout-flow wp-block-column-is-layout-flow\">\n<h3 class=\"wp-block-heading has-text-align-left\">caPTEUR CO2<\/h3>\n\n\n\n<p>The <strong>OBCARE <\/strong>CO2 sensor measures air quality continuously. Information displayed in ppm is given in real time. The unit is easy to set up and move around.    <\/p>\n<\/div>\n\n\n\n<div class=\"wp-block-column is-layout-flow wp-block-column-is-layout-flow\">\n<h3 class=\"wp-block-heading has-text-align-left\">EXAMPLES OF INDUSTRIES<\/h3>\n\n\n\n<ul class=\"wp-block-list\">\n<li>ERP<\/li>\n\n\n\n<li>Offices<\/li>\n\n\n\n<li>Sports halls  <\/li>\n\n\n\n<li>Waiting rooms<\/li>\n\n\n\n<li>Schools<\/li>\n\n\n\n<li>Open-spaces<\/li>\n\n\n\n<li>Stocks<\/li>\n<\/ul>\n<\/div>\n<\/div>\n\n\n\n<h2 class=\"wp-block-heading\">Types of assembly<\/h2>\n\n\n\n<p>The air quality meter can be mounted on a table or wall. Its<strong>optional<\/strong> stainless steel base allows it to be optimally positioned within the room. Good positioning is essential and will have an impact on the representativeness of the measurements. In particular, avoid placing sensors on or near windows.   <\/p>\n\n\n\n<blockquote class=\"wp-block-quote is-layout-flow wp-block-quote-is-layout-flow\">\n<p>We recommend installing <strong>one CO2 sensor per 40 m\u00b2 space<\/strong>.<\/p>\n<\/blockquote>\n\n\n\n<div class=\"wp-block-buttons is-horizontal is-content-justification-center is-layout-flex wp-container-core-buttons-is-layout-03627597 wp-block-buttons-is-layout-flex\">\n<div class=\"wp-block-button\"><a class=\"wp-block-button__link wp-element-button\" href=\"https:\/\/obera.fr\/en\/contact-us\/\">Read more<\/a><\/div>\n<\/div>\n\n\n\n<h2 class=\"wp-block-heading\">Technical data<\/h2>\n\n\n\n<figure class=\"wp-block-table\"><table class=\"has-fixed-layout\"><tbody><tr><td>CO2 sensor<\/td><td>NDIR technology (non-dispersive infrared sensor) with auto-calibration<br>Measurement range: 0 to 5000 ppm (+- 60ppm)<\/td><\/tr><tr><td>Humidity and temperature sensor<\/td><td>Optional<\/td><\/tr><tr><td>Signal light display Green\/Yellow\/Red<\/td><td>Green: &lt; 800 ppm<br>Yellow: 800 &#8211; 2000 ppm<br>Red &gt; 2000 ppm<\/td><\/tr><tr><td>Audible alarm<\/td><td>Option<br>Alarm sounds every minute when threshold is exceeded<\/td><\/tr><tr><td>Power cable<\/td><td>12V power supply with EU connector included (length: 1.5 m)<\/td><\/tr><tr><td>Power supply<\/td><td>12V &#8211; 34V AC\/DC<\/td><\/tr><tr><td>Power consumption<\/td><td>40 &#8211; 80 mA<\/td><\/tr><tr><td>Physical quantities measured<\/td><td>CO2 in ppm<\/td><\/tr><tr><td>Housing<\/td><td>ABS shell, white RAL 9010<br>Holes for wall mounting<br>Dimensions 87.5 x 87.5 x 30mm<\/td><\/tr><tr><td>Stand for desk mounting<\/td><td>Optional display stand<br>Stainless steel base<\/td><\/tr><tr><td>Protection class<\/td><td>IP30<\/td><\/tr><\/tbody><\/table><\/figure>\n\n\n\n<div style=\"height:25px\" aria-hidden=\"true\" class=\"wp-block-spacer\"><\/div>\n\n\n\n<h2 class=\"wp-block-heading\">Other OberA air analyzers<\/h2>\n\n\n\n<div class=\"wp-block-columns is-layout-flex wp-container-core-columns-is-layout-28f84493 wp-block-columns-is-layout-flex\">\n<div class=\"wp-block-column is-layout-flow wp-block-column-is-layout-flow\">\n<figure class=\"wp-block-image aligncenter size-thumbnail is-resized\"><a href=\"https:\/\/obera.fr\/produits\/analyseurs-air\/compteur-particules\/\"><img decoding=\"async\" width=\"150\" height=\"150\" src=\"https:\/\/obera.fr\/wp-content\/uploads\/2020\/08\/compteur-de-particules-150x150.png\" alt=\"Particle Counter Trotec PC220 - Particle Counter\" class=\"wp-image-714\" style=\"width:150px;height:150px\" srcset=\"https:\/\/obera.fr\/wp-content\/uploads\/2020\/08\/compteur-de-particules-150x150.png 150w, https:\/\/obera.fr\/wp-content\/uploads\/2020\/08\/compteur-de-particules-300x300.png 300w, https:\/\/obera.fr\/wp-content\/uploads\/2020\/08\/compteur-de-particules.png 433w\" sizes=\"(max-width: 150px) 100vw, 150px\" \/><\/a><figcaption class=\"wp-element-caption\">Particle Counter<\/figcaption><\/figure>\n<\/div>\n<\/div>\n","protected":false},"excerpt":{"rendered":"<p>Air quality measurement with traffic lights The OBCARE CO2 sensor enables real-time monitoring of air quality in enclosed spaces. Its multicolored display with traffic lights provides an immediate overview of air quality and displays CO2 concentration in ppm. These lights provide clear visual cues, alerting users to the steps they need to take: purify the air by installing mobile air purification units and\/or ventilate naturally. The benefits of OBCARE caPTEUR CO2 The OBCARE CO2 sensor measures air quality continuously. Information displayed in ppm is given in real time. The unit is easy to set up and move around. EXAMPLES OF &#8230; <\/p>\n<p class=\"read-more-container\"><a title=\"OBCARE CO2 sensor\" class=\"read-more button\" href=\"https:\/\/obera.fr\/en\/produits\/analyseurs-air\/capteur-co2-obcare\/#more-32112\" aria-label=\"Read more about OBCARE CO2 sensor\">Read more<\/a><\/p>\n","protected":false},"author":4,"featured_media":83737,"parent":32117,"menu_order":0,"comment_status":"closed","ping_status":"closed","template":"","meta":{"_acf_changed":false,"_seopress_robots_primary_cat":"","_seopress_titles_title":"OBCARE CO2 sensor for air quality measurement","_seopress_titles_desc":"Discover our CO2 sensor, ideal to complement a treatment against covid-19. Indicates CO2 levels in ppm and provides live air quality information.","_seopress_robots_index":"","footnotes":""},"class_list":{"0":"post-32112","1":"page","2":"type-page","3":"status-publish","4":"has-post-thumbnail","6":"no-featured-image-padding","7":"resize-featured-image"},"acf":[],"_links":{"self":[{"href":"https:\/\/obera.fr\/en\/wp-json\/wp\/v2\/pages\/32112","targetHints":{"allow":["GET"]}}],"collection":[{"href":"https:\/\/obera.fr\/en\/wp-json\/wp\/v2\/pages"}],"about":[{"href":"https:\/\/obera.fr\/en\/wp-json\/wp\/v2\/types\/page"}],"author":[{"embeddable":true,"href":"https:\/\/obera.fr\/en\/wp-json\/wp\/v2\/users\/4"}],"replies":[{"embeddable":true,"href":"https:\/\/obera.fr\/en\/wp-json\/wp\/v2\/comments?post=32112"}],"version-history":[{"count":6,"href":"https:\/\/obera.fr\/en\/wp-json\/wp\/v2\/pages\/32112\/revisions"}],"predecessor-version":[{"id":108402,"href":"https:\/\/obera.fr\/en\/wp-json\/wp\/v2\/pages\/32112\/revisions\/108402"}],"up":[{"embeddable":true,"href":"https:\/\/obera.fr\/en\/wp-json\/wp\/v2\/pages\/32117"}],"wp:featuredmedia":[{"embeddable":true,"href":"https:\/\/obera.fr\/en\/wp-json\/wp\/v2\/media\/83737"}],"wp:attachment":[{"href":"https:\/\/obera.fr\/en\/wp-json\/wp\/v2\/media?parent=32112"}],"curies":[{"name":"wp","href":"https:\/\/api.w.org\/{rel}","templated":true}]}}