{"id":32145,"date":"2024-04-05T22:42:52","date_gmt":"2024-04-05T20:42:52","guid":{"rendered":"https:\/\/obera.fr\/products\/industrial-vacuum-cleaners\/w2-industrial-vacuum-cleaner\/"},"modified":"2025-06-03T10:29:13","modified_gmt":"2025-06-03T08:29:13","slug":"w2-haute-filtration-polyvalence","status":"publish","type":"page","link":"https:\/\/obera.fr\/en\/produits\/aspirateurs-industriels\/w2-haute-filtration-polyvalence\/","title":{"rendered":"W2 industrial vacuum cleaner"},"content":{"rendered":"\n<p>Compact and mobile, the W2<a href=\"https:\/\/obera.fr\/en\/produits\/aspirateurs-industriels\/\" data-type=\"page\" data-id=\"41\">industrial vacuum cleaner<\/a> is one of the most efficient pieces of equipment on the market, renowned for its sturdiness, high filtration capacity and performance.<\/p>\n\n\n\n<h2 class=\"wp-block-heading\">W2 wet and dry industrial vacuum: how does it work and where is it used?<\/h2>\n\n\n\n<div class=\"wp-block-columns is-layout-flex wp-container-core-columns-is-layout-28f84493 wp-block-columns-is-layout-flex\">\n<div class=\"wp-block-column is-layout-flow wp-block-column-is-layout-flow\" style=\"flex-basis:33.33%\">\n<figure class=\"wp-block-image size-full is-resized\"><img decoding=\"async\" width=\"711\" height=\"622\" src=\"https:\/\/obera.fr\/wp-content\/uploads\/2024\/10\/w2.png\" alt=\"Industrial vacuum cleaners\" class=\"wp-image-35424\" style=\"object-fit:cover;width:300px;height:300px\" srcset=\"https:\/\/obera.fr\/wp-content\/uploads\/2024\/10\/w2.png 711w, https:\/\/obera.fr\/wp-content\/uploads\/2024\/10\/w2-300x262.png 300w\" sizes=\"(max-width: 711px) 100vw, 711px\" \/><\/figure>\n<\/div>\n\n\n\n<div class=\"wp-block-column is-layout-flow wp-block-column-is-layout-flow\" style=\"flex-basis:66.66%\">\n<p>The main advantage of the<strong>W2 wet\/dry vacuum cleaner<\/strong> is its versatility. Its suction power lifts and vacuums solid and liquid materials simultaneously. It incorporates two single-phase by-pass motors protected by a sturdy steel motor head and soundproofed internally. The vacuum cleaner features a water\/dust separation system to filter liquids from dry particles. Vacuumed dust particles are stored in a steel bin, while liquids are collected in a tank.<\/p>\n\n\n\n<p>The W2 industrial vacuum cleaner is ideal for <strong>cleaning<\/strong> and <strong>handling<\/strong> <strong>small to medium quantities of dust<\/strong>. It&#8217;s equally effective at extracting solids and liquids. Its versatility makes it perfect for all types of industry. It is particularly effective in the chemical, pharmaceutical, food and milling industries, as well as in bakeries and oven cleaning.<\/p>\n\n\n\n<div class=\"wp-block-columns is-layout-flex wp-container-core-columns-is-layout-28f84493 wp-block-columns-is-layout-flex\">\n<div class=\"wp-block-column is-layout-flow wp-block-column-is-layout-flow\">\n<div class=\"wp-block-buttons is-layout-flex wp-block-buttons-is-layout-flex\">\n<div class=\"wp-block-button\"><a class=\"wp-block-button__link wp-element-button\" href=\"https:\/\/obera.fr\/wp-content\/uploads\/2025\/06\/brochure-w2-en.pdf\">DOWNLOAD THE BROCHURE<\/a><\/div>\n<\/div>\n<\/div>\n\n\n\n<div class=\"wp-block-column is-layout-flow wp-block-column-is-layout-flow\">\n<div class=\"wp-block-buttons is-horizontal is-content-justification-center is-layout-flex wp-container-core-buttons-is-layout-03627597 wp-block-buttons-is-layout-flex\">\n<div class=\"wp-block-button\"><a class=\"wp-block-button__link wp-element-button\" href=\"https:\/\/obera.fr\/en\/contact-us\/\">Read more<\/a><\/div>\n<\/div>\n<\/div>\n\n\n\n<div class=\"wp-block-column is-layout-flow wp-block-column-is-layout-flow\">\n<div class=\"wp-block-buttons is-content-justification-center is-layout-flex wp-container-core-buttons-is-layout-a89b3969 wp-block-buttons-is-layout-flex\">\n<div class=\"wp-block-button btn-devis-source\"><a class=\"wp-block-button__link wp-element-button\" href=\"https:\/\/obera.fr\/en\/request-a-quote\/\">Request a quote<\/a><\/div>\n<\/div>\n\n\n<script>\r\ndocument.addEventListener('DOMContentLoaded', function() {\r\n    \/\/ 1. On cherche le titre H1 de la page\r\n    var h1 = document.querySelector('h1');\r\n    var productTitle = h1 ? h1.innerText.trim() : \"\";\r\n\r\n    \/\/ 2. On cherche les boutons via la classe CSS .btn-devis-source\r\n    var buttons = document.querySelectorAll('.btn-devis-source a');\r\n\r\n    \/\/ 3. Si on a le titre et les boutons, on ajoute le param\u00e8tre\r\n    if (buttons.length > 0 && productTitle !== \"\") {\r\n        var encodedTitle = encodeURIComponent(productTitle);\r\n\r\n        buttons.forEach(function(btn) {\r\n            var currentHref = btn.getAttribute('href');\r\n            \r\n            \/\/ S\u00e9curit\u00e9 pour ne pas ajouter le param\u00e8tre 2 fois\r\n            if (currentHref.indexOf('sujet=') === -1) {\r\n                var separator = currentHref.indexOf('?') !== -1 ? '&' : '?';\r\n                var newLink = currentHref + separator + 'sujet=' + encodedTitle;\r\n                \r\n                btn.setAttribute('href', newLink);\r\n            }\r\n        });\r\n    }\r\n});\r\n<\/script><\/div>\n<\/div>\n<\/div>\n<\/div>\n\n\n\n<h2 class=\"wp-block-heading\">W2 industrial vacuum cleaner: high filtration, high mobility&#8230; all its technical features<\/h2>\n\n\n\n<p>The W2 industrial vacuum cleaner has nothing to envy from larger models:<strong> its suction power and 20,000 cm2 filter surface<\/strong> give this equipment high filtration and mobility. With an airflow of 360 m3\/h, the vacuum cleaner guarantees enhanced filtration to improve air quality and remove dirt faster.  <\/p>\n\n\n\n<p>Featuring a 420 mm polyester bag filter and an industrial steel design (motor, filter chamber, container and frame), the equipment offers maximum durability. Its two single-phase motors are calibrated for continuous operation, 24\/7. Another advantage is the vacuum cleaner&#8217;s unclogging system, which loosens settled material and prevents clogging.<\/p>\n\n\n\n<p>Another essential technical feature: its filtration efficiency down to 3 microns and its pocket filter, which ensures high dust retention, guarantee the purity of the air ejected by the W2 vacuum cleaner.<\/p>\n\n\n\n<p>The W2 wet\/dry vacuum cleaner comes with <strong>accessories dedicated to cleaning professionals<\/strong> (flexible suction hose, brushes, nozzle, adapters).<\/p>\n\n\n\n<blockquote class=\"wp-block-quote is-layout-flow wp-block-quote-is-layout-flow\">\n<p>Options: the W2 industrial vacuum cleaner is available in an <strong>ATEX 22 zone<\/strong> version for safe cleaning in environments generating explosive dust. It can also be fitted with nomex filters (heat-resistant up to 250\u00b0), Hepa H14, class M PTFE, class L, M or M water-oleophobic Teflon. Depending on your industry, our teams will advise you on the filter best suited to your production units.<\/p>\n<\/blockquote>\n\n\n\n<h3 class=\"wp-block-heading has-text-align-center\">INDUSTRIES<\/h3>\n\n\n\n<div class=\"wp-block-columns is-layout-flex wp-container-core-columns-is-layout-28f84493 wp-block-columns-is-layout-flex\">\n<div class=\"wp-block-column is-layout-flow wp-block-column-is-layout-flow\">\n<hr class=\"wp-block-separator has-alpha-channel-opacity\"\/>\n\n\n\n<div class=\"wp-block-columns is-layout-flex wp-container-core-columns-is-layout-28f84493 wp-block-columns-is-layout-flex\">\n<div class=\"wp-block-column is-layout-flow wp-block-column-is-layout-flow\">\n<figure class=\"wp-block-image aligncenter size-thumbnail is-resized\"><img decoding=\"async\" width=\"150\" height=\"150\" src=\"https:\/\/obera.fr\/wp-content\/uploads\/2022\/02\/Textile-150x150.png\" alt=\"Textile\" class=\"wp-image-8855\"\/><figcaption class=\"wp-element-caption\">Textile<\/figcaption><\/figure>\n\n\n\n<figure class=\"wp-block-image aligncenter size-thumbnail is-resized\"><img decoding=\"async\" width=\"150\" height=\"150\" src=\"https:\/\/obera.fr\/wp-content\/uploads\/2022\/02\/Plastique-150x150.png\" alt=\"Plastics\" class=\"wp-image-8854\"\/><figcaption class=\"wp-element-caption\">Plastic industry<\/figcaption><\/figure>\n<\/div>\n\n\n\n<div class=\"wp-block-column is-layout-flow wp-block-column-is-layout-flow\">\n<figure class=\"wp-block-image aligncenter size-thumbnail is-resized\"><img decoding=\"async\" width=\"150\" height=\"150\" src=\"https:\/\/obera.fr\/wp-content\/uploads\/2022\/02\/MINERAIS-150x150.png\" alt=\"Mineral\" class=\"wp-image-8847\"\/><figcaption class=\"wp-element-caption\">Mineral<\/figcaption><\/figure>\n\n\n\n<figure class=\"wp-block-image aligncenter size-thumbnail is-resized\"><img decoding=\"async\" width=\"150\" height=\"150\" src=\"https:\/\/obera.fr\/wp-content\/uploads\/2022\/02\/Metalurgie-150x150.png\" alt=\"metallurgy\" class=\"wp-image-8857\"\/><figcaption class=\"wp-element-caption\">Metallurgy<\/figcaption><\/figure>\n\n\n\n<figure class=\"wp-block-image aligncenter size-thumbnail is-resized\"><img decoding=\"async\" width=\"150\" height=\"150\" src=\"https:\/\/obera.fr\/wp-content\/uploads\/2023\/02\/sans-titre-2023-02-14t102211.641-150x150.png\" alt=\"Agriculture\" class=\"wp-image-18828\"\/><figcaption class=\"wp-element-caption\">Agriculture<\/figcaption><\/figure>\n<\/div>\n<\/div>\n<\/div>\n\n\n\n<div class=\"wp-block-column is-layout-flow wp-block-column-is-layout-flow\">\n<hr class=\"wp-block-separator has-alpha-channel-opacity\"\/>\n\n\n\n<div class=\"wp-block-columns is-layout-flex wp-container-core-columns-is-layout-28f84493 wp-block-columns-is-layout-flex\">\n<div class=\"wp-block-column is-layout-flow wp-block-column-is-layout-flow\">\n<figure class=\"wp-block-image aligncenter size-thumbnail is-resized\"><img decoding=\"async\" width=\"150\" height=\"150\" src=\"https:\/\/obera.fr\/wp-content\/uploads\/2022\/02\/Chimie-150x150.png\" alt=\"Chemicals\" class=\"wp-image-8846\"\/><figcaption class=\"wp-element-caption\">Chemical industry<\/figcaption><\/figure>\n\n\n\n<figure class=\"wp-block-image aligncenter size-thumbnail is-resized\"><img decoding=\"async\" width=\"150\" height=\"150\" src=\"https:\/\/obera.fr\/wp-content\/uploads\/2022\/02\/Travail-du-bois-150x150.png\" alt=\"Woodworking\" class=\"wp-image-8856\"\/><figcaption class=\"wp-element-caption\">Woodworking<\/figcaption><\/figure>\n\n\n\n<figure class=\"wp-block-image aligncenter size-thumbnail is-resized\"><img decoding=\"async\" width=\"150\" height=\"150\" src=\"https:\/\/obera.fr\/wp-content\/uploads\/2023\/02\/sans-titre-2023-02-14t101920.185-150x150.png\" alt=\"Aviation\" class=\"wp-image-18831\"\/><figcaption class=\"wp-element-caption\">Aviation<\/figcaption><\/figure>\n<\/div>\n\n\n\n<div class=\"wp-block-column is-layout-flow wp-block-column-is-layout-flow\">\n<figure class=\"wp-block-image aligncenter size-thumbnail is-resized\"><img decoding=\"async\" width=\"150\" height=\"150\" src=\"https:\/\/obera.fr\/wp-content\/uploads\/2022\/02\/AGROALIMENTAIRE-150x150.png\" alt=\"Food industry\" class=\"wp-image-8844\"\/><figcaption class=\"wp-element-caption\">Food industry<\/figcaption><\/figure>\n\n\n\n<figure class=\"wp-block-image aligncenter size-thumbnail is-resized\"><img decoding=\"async\" width=\"150\" height=\"150\" src=\"https:\/\/obera.fr\/wp-content\/uploads\/2022\/02\/Papier-carton-150x150.png\" alt=\"Paper\/cardboard\" class=\"wp-image-8853\"\/><figcaption class=\"wp-element-caption\">Paper\/Cardboard<\/figcaption><\/figure>\n\n\n\n<figure class=\"wp-block-image aligncenter size-thumbnail is-resized\"><img decoding=\"async\" width=\"150\" height=\"150\" src=\"https:\/\/obera.fr\/wp-content\/uploads\/2023\/02\/sans-titre-2023-02-14t101712.416-150x150.png\" alt=\"Automotive\" class=\"wp-image-18834\"\/><figcaption class=\"wp-element-caption\">Automotive<\/figcaption><\/figure>\n<\/div>\n<\/div>\n<\/div>\n<\/div>\n\n\n\n<figure class=\"wp-block-table\"><table class=\"has-fixed-layout\"><tbody><tr><td>Voltage<\/td><td>V-HZ<\/td><td>230-50<\/td><\/tr><tr><td>Power<\/td><td>kW<\/td><td>2&#215;1.1<\/td><\/tr><tr><td>Maximum vacuum<\/td><td>Pa<\/td><td>2,400 Pa<\/td><\/tr><tr><td>Max. air flow<\/td><td>m3\/h<\/td><td>360<\/td><\/tr><tr><td>Mouthpiece diameter<\/td><td>mm<\/td><td>50<\/td><\/tr><tr><td>Filter type<\/td><td><\/td><td>With star-shaped pockets<\/td><\/tr><tr><td>Surface<\/td><td>cm2<\/td><td>20.000<\/td><\/tr><tr><td>Cleaning system<\/td><td><\/td><td>Manuel<\/td><\/tr><tr><td>Harvesting bin<\/td><td><\/td><td>Steel<\/td><\/tr><tr><td>Drain system<\/td><td><\/td><td>Detachable bin<\/td><\/tr><tr><td>Capacity<\/td><td>liter<\/td><td>40<\/td><\/tr><tr><td>Dimensions<\/td><td>cm<\/td><td>55x63x115<\/td><\/tr><\/tbody><\/table><\/figure>\n\n\n\n<div class=\"wp-block-buttons is-content-justification-center is-layout-flex wp-container-core-buttons-is-layout-a89b3969 wp-block-buttons-is-layout-flex\">\n<div class=\"wp-block-button\"><a class=\"wp-block-button__link wp-element-button\" href=\"https:\/\/obera.fr\/wp-content\/uploads\/2024\/04\/obera_brochure-w2-fr.pdf\">DOWNLOAD PRODUCT DATA SHEET<\/a><\/div>\n<\/div>\n\n\n\n<h2 class=\"wp-block-heading\">Performance and versatility: all the benefits of the W2 vacuum cleaner<\/h2>\n\n\n\n<p>The W2 combines the ease of use of compact equipment with the power of an industrial vacuum cleaner. In addition to its high mobility and suction performance, its sound-absorbing coating minimizes noise during use, so as not to disturb the operator or other employees in the workshop. Also for ease of use, its downward-facing exit area prevents dust from being stirred up on the surface and hindering the operator.<\/p>\n\n\n\n<p>This maintenance-free vacuum cleaner is equipped with a vertical filter shaker to prevent saturation and, above all, facilitate manual cleaning.<\/p>\n\n\n\n<p>Last but not least, its versatility is its main advantage, since the suction of solid and liquid materials enables a multitude of uses: cleaning floors, walls, construction sites, workshops, machines, catering equipment, etc.<\/p>\n\n\n\n<div class=\"wp-block-columns is-layout-flex wp-container-core-columns-is-layout-28f84493 wp-block-columns-is-layout-flex\">\n<div class=\"wp-block-column is-layout-flow wp-block-column-is-layout-flow\" style=\"flex-basis:33.34%\">\n<h3 class=\"wp-block-heading\">Advantages :<\/h3>\n\n\n\n<ul class=\"wp-block-list\">\n<li>High-filtration system to extract solid and liquid dusts simultaneously;<\/li>\n\n\n\n<li>Ultra-compact and mobile;<\/li>\n\n\n\n<li>Very quiet in use.  <\/li>\n<\/ul>\n<\/div>\n\n\n\n<div class=\"wp-block-column is-layout-flow wp-block-column-is-layout-flow\" style=\"flex-basis:33.34%\">\n<h3 class=\"wp-block-heading\">Special features:<\/h3>\n\n\n\n<ul class=\"wp-block-list\">\n<li>Two single-phase motors with independent switches;<\/li>\n\n\n\n<li>Optional: Hepa H14 filter, class M, L, M water-oleophobic Teflon, M PTFE, nomex filter ;<\/li>\n\n\n\n<li>ATEX zone 22 version available.<\/li>\n<\/ul>\n<\/div>\n\n\n\n<div class=\"wp-block-column is-layout-flow wp-block-column-is-layout-flow\" style=\"flex-basis:33.33%\">\n<h3 class=\"wp-block-heading\">Features :<\/h3>\n\n\n\n<ul class=\"wp-block-list\">\n<li>Clogged filter indicator light ;<\/li>\n\n\n\n<li>Suction unit protection with star filter (polyester).<\/li>\n<\/ul>\n<\/div>\n<\/div>\n\n\n\n<h2 class=\"wp-block-heading\">Would you like to test the W2 industrial vacuum cleaner on your production site?<\/h2>\n\n\n\n<p>Test the solution in your workshops! For all our solutions, we offer a test phase with an option to purchase for an average of 1 month. At the end of the test, you either adopt it, or we propose a solution better adapted to your needs.<\/p>\n\n\n\n<div class=\"wp-block-buttons is-content-justification-center is-layout-flex wp-container-core-buttons-is-layout-a89b3969 wp-block-buttons-is-layout-flex\">\n<div class=\"wp-block-button\"><a class=\"wp-block-button__link wp-element-button\" href=\"https:\/\/obera.fr\/en\/contact\/\">TEST THE W2 VACUUM CLEANER<\/a><\/div>\n<\/div>\n\n\n\n<h2 class=\"wp-block-heading\">Other industrial vacuum cleaners in the range<\/h2>\n\n\n\n<div class=\"wp-block-columns is-layout-flex wp-container-core-columns-is-layout-28f84493 wp-block-columns-is-layout-flex\">\n<div class=\"wp-block-column is-layout-flow wp-block-column-is-layout-flow\">\n<figure class=\"wp-block-image aligncenter size-full is-resized\"><a href=\"https:\/\/obera.fr\/produits\/aspirateurs-industriels\/w2-xr-atex-22\/\"><img decoding=\"async\" width=\"566\" height=\"671\" src=\"https:\/\/obera.fr\/wp-content\/uploads\/2024\/10\/w2-xr-2.png\" alt=\"Industrial vacuum cleaners\" class=\"wp-image-35431\" style=\"object-fit:cover;width:300px;height:300px\" srcset=\"https:\/\/obera.fr\/wp-content\/uploads\/2024\/10\/w2-xr-2.png 566w, https:\/\/obera.fr\/wp-content\/uploads\/2024\/10\/w2-xr-2-253x300.png 253w\" sizes=\"(max-width: 566px) 100vw, 566px\" \/><\/a><figcaption class=\"wp-element-caption\">W2 XR<\/figcaption><\/figure>\n<\/div>\n\n\n\n<div class=\"wp-block-column is-layout-flow wp-block-column-is-layout-flow\">\n<figure class=\"wp-block-image aligncenter size-full\"><a href=\"https:\/\/obera.fr\/produits\/aspirateurs-industriels\/ventilateurs-aspiration-gamme-eurosog-rg-100-800\/\"><img decoding=\"async\" width=\"600\" height=\"600\" src=\"https:\/\/obera.fr\/wp-content\/uploads\/2024\/04\/obera-ventilateur-aspiration-rg-300-400.jpg\" alt=\"obera suction fan rg 300 400\" class=\"wp-image-29437\" srcset=\"https:\/\/obera.fr\/wp-content\/uploads\/2024\/04\/obera-ventilateur-aspiration-rg-300-400.jpg 600w, https:\/\/obera.fr\/wp-content\/uploads\/2024\/04\/obera-ventilateur-aspiration-rg-300-400-300x300.jpg 300w, https:\/\/obera.fr\/wp-content\/uploads\/2024\/04\/obera-ventilateur-aspiration-rg-300-400-150x150.jpg 150w\" sizes=\"(max-width: 600px) 100vw, 600px\" \/><\/a><figcaption class=\"wp-element-caption\">RG 300\/400<\/figcaption><\/figure>\n<\/div>\n\n\n\n<div class=\"wp-block-column is-layout-flow wp-block-column-is-layout-flow\">\n<figure class=\"wp-block-image aligncenter size-full is-resized\"><a href=\"https:\/\/obera.fr\/produits\/aspirateurs-industriels\/w3-pour-nettoyage-general\/\"><img decoding=\"async\" width=\"658\" height=\"652\" src=\"https:\/\/obera.fr\/wp-content\/uploads\/2024\/10\/w3.png\" alt=\"w3\" class=\"wp-image-35427\" style=\"object-fit:cover;width:300px;height:300px\" srcset=\"https:\/\/obera.fr\/wp-content\/uploads\/2024\/10\/w3.png 658w, https:\/\/obera.fr\/wp-content\/uploads\/2024\/10\/w3-300x297.png 300w, https:\/\/obera.fr\/wp-content\/uploads\/2024\/10\/w3-150x150.png 150w, https:\/\/obera.fr\/wp-content\/uploads\/2024\/10\/w3-24x24.png 24w, https:\/\/obera.fr\/wp-content\/uploads\/2024\/10\/w3-48x48.png 48w, https:\/\/obera.fr\/wp-content\/uploads\/2024\/10\/w3-96x96.png 96w\" sizes=\"(max-width: 658px) 100vw, 658px\" \/><\/a><figcaption class=\"wp-element-caption\">W3<\/figcaption><\/figure>\n<\/div>\n<\/div>\n","protected":false},"excerpt":{"rendered":"<p>Compact and mobile, the W2industrial vacuum cleaner is one of the most efficient pieces of equipment on the market, renowned for its sturdiness, high filtration capacity and performance. W2 wet and dry industrial vacuum: how does it work and where is it used? The main advantage of theW2 wet\/dry vacuum cleaner is its versatility. Its suction power lifts and vacuums solid and liquid materials simultaneously. It incorporates two single-phase by-pass motors protected by a sturdy steel motor head and soundproofed internally. The vacuum cleaner features a water\/dust separation system to filter liquids from dry particles. Vacuumed dust particles are stored &#8230; <\/p>\n<p class=\"read-more-container\"><a title=\"W2 industrial vacuum cleaner\" class=\"read-more button\" href=\"https:\/\/obera.fr\/en\/produits\/aspirateurs-industriels\/w2-haute-filtration-polyvalence\/#more-32145\" aria-label=\"Read more about W2 industrial vacuum cleaner\">Read more<\/a><\/p>\n","protected":false},"author":4,"featured_media":83737,"parent":32130,"menu_order":0,"comment_status":"closed","ping_status":"closed","template":"","meta":{"_acf_changed":false,"_seopress_robots_primary_cat":"","_seopress_titles_title":"W2 industrial vacuum: high filtration and versatility","_seopress_titles_desc":"Choose the W2 Series with its high-filtration system for simultaneous suction of solid and liquid dusts.","_seopress_robots_index":"","footnotes":""},"class_list":{"0":"post-32145","1":"page","2":"type-page","3":"status-publish","4":"has-post-thumbnail","6":"no-featured-image-padding","7":"resize-featured-image"},"acf":[],"_links":{"self":[{"href":"https:\/\/obera.fr\/en\/wp-json\/wp\/v2\/pages\/32145","targetHints":{"allow":["GET"]}}],"collection":[{"href":"https:\/\/obera.fr\/en\/wp-json\/wp\/v2\/pages"}],"about":[{"href":"https:\/\/obera.fr\/en\/wp-json\/wp\/v2\/types\/page"}],"author":[{"embeddable":true,"href":"https:\/\/obera.fr\/en\/wp-json\/wp\/v2\/users\/4"}],"replies":[{"embeddable":true,"href":"https:\/\/obera.fr\/en\/wp-json\/wp\/v2\/comments?post=32145"}],"version-history":[{"count":15,"href":"https:\/\/obera.fr\/en\/wp-json\/wp\/v2\/pages\/32145\/revisions"}],"predecessor-version":[{"id":107370,"href":"https:\/\/obera.fr\/en\/wp-json\/wp\/v2\/pages\/32145\/revisions\/107370"}],"up":[{"embeddable":true,"href":"https:\/\/obera.fr\/en\/wp-json\/wp\/v2\/pages\/32130"}],"wp:featuredmedia":[{"embeddable":true,"href":"https:\/\/obera.fr\/en\/wp-json\/wp\/v2\/media\/83737"}],"wp:attachment":[{"href":"https:\/\/obera.fr\/en\/wp-json\/wp\/v2\/media?parent=32145"}],"curies":[{"name":"wp","href":"https:\/\/api.w.org\/{rel}","templated":true}]}}