{"id":32153,"date":"2024-04-05T23:01:46","date_gmt":"2024-04-05T21:01:46","guid":{"rendered":"https:\/\/obera.fr\/products\/industrial-vacuum-cleaners\/w3-industrial-vacuum-cleaner\/"},"modified":"2025-06-03T10:47:53","modified_gmt":"2025-06-03T08:47:53","slug":"w3-pour-nettoyage-general","status":"publish","type":"page","link":"https:\/\/obera.fr\/en\/produits\/aspirateurs-industriels\/w3-pour-nettoyage-general\/","title":{"rendered":"W3 industrial vacuum cleaner"},"content":{"rendered":"\n<p>A high-performance, easy-to-use <a href=\"https:\/\/obera.fr\/en\/produits\/aspirateurs-industriels\/\" data-type=\"page\" data-id=\"41\">vacuuming solution<\/a>, the W3 industrial vacuum cleaner is a general cleaning essential that adapts to every need.<\/p>\n\n\n\n<h2 class=\"wp-block-heading\">Principle and application of the W3 industrial vacuum cleaner<\/h2>\n\n\n\n<div class=\"wp-block-columns is-layout-flex wp-container-core-columns-is-layout-28f84493 wp-block-columns-is-layout-flex\">\n<div class=\"wp-block-column is-layout-flow wp-block-column-is-layout-flow\" style=\"flex-basis:33.33%\">\n<figure class=\"wp-block-image aligncenter size-full is-resized\"><img decoding=\"async\" width=\"658\" height=\"652\" src=\"https:\/\/obera.fr\/wp-content\/uploads\/2024\/10\/w3.png\" alt=\"Industrial vacuum cleaners\" class=\"wp-image-35427\" style=\"object-fit:cover;width:300px;height:300px\" srcset=\"https:\/\/obera.fr\/wp-content\/uploads\/2024\/10\/w3.png 658w, https:\/\/obera.fr\/wp-content\/uploads\/2024\/10\/w3-300x297.png 300w, https:\/\/obera.fr\/wp-content\/uploads\/2024\/10\/w3-150x150.png 150w, https:\/\/obera.fr\/wp-content\/uploads\/2024\/10\/w3-24x24.png 24w, https:\/\/obera.fr\/wp-content\/uploads\/2024\/10\/w3-48x48.png 48w, https:\/\/obera.fr\/wp-content\/uploads\/2024\/10\/w3-96x96.png 96w\" sizes=\"(max-width: 658px) 100vw, 658px\" \/><\/figure>\n<\/div>\n\n\n\n<div class=\"wp-block-column is-layout-flow wp-block-column-is-layout-flow\" style=\"flex-basis:66.66%\">\n<p>The<strong>W3 industrial vacuum cleaner<\/strong> is renowned for its versatility and quiet operation. It features three powerful by-pass motors that draw in air and divide it into two streams: one stream is used to cool the motor, the second to extract dust and solids. A suction system that not only prevents motor clogging, but also retains fine particles by passing the airflow through the dust filter. W3 Series by-pass motors offer high suction power, less maintenance and longer equipment life (less risk of overheating and clogging).<\/p>\n\n\n\n<p>For which applications? Versatile, agile and practical, the W3 single-phase vacuum cleaner is ideal for general cleaning: floors, walls, construction sites, workshops, production machines&#8230; It&#8217;s also an excellent choice for fine dust and allergenic particles. Its construction and numerous customization options make it easy to adapt to all industrial sectors. It is particularly effective for extracting dust and solids in mechanical workshops, food processing companies, carpentries, craft workshops, sandblasting, cement works and surface treatment.<\/p>\n\n\n\n<div class=\"wp-block-columns is-layout-flex wp-container-core-columns-is-layout-28f84493 wp-block-columns-is-layout-flex\">\n<div class=\"wp-block-column is-layout-flow wp-block-column-is-layout-flow\">\n<div class=\"wp-block-buttons is-layout-flex wp-block-buttons-is-layout-flex\">\n<div class=\"wp-block-button\"><a class=\"wp-block-button__link wp-element-button\" href=\"https:\/\/obera.fr\/wp-content\/uploads\/2025\/06\/brochure-w3-en.pdf\">DOWNLOAD THE BROCHURE<\/a><\/div>\n<\/div>\n<\/div>\n\n\n\n<div class=\"wp-block-column is-layout-flow wp-block-column-is-layout-flow\">\n<div class=\"wp-block-buttons is-layout-flex wp-block-buttons-is-layout-flex\">\n<div class=\"wp-block-button\"><a class=\"wp-block-button__link wp-element-button\" href=\"https:\/\/obera.fr\/contact\/\">NEED PERSONALIZED ADVICE?<\/a><\/div>\n<\/div>\n<\/div>\n\n\n\n<div class=\"wp-block-column is-layout-flow wp-block-column-is-layout-flow\">\n<div class=\"wp-block-buttons is-content-justification-center is-layout-flex wp-container-core-buttons-is-layout-a89b3969 wp-block-buttons-is-layout-flex\">\n<div class=\"wp-block-button btn-devis-source\"><a class=\"wp-block-button__link wp-element-button\" href=\"https:\/\/obera.fr\/en\/request-a-quote\/\">Request a quote<\/a><\/div>\n<\/div>\n\n\n<script>\r\ndocument.addEventListener('DOMContentLoaded', function() {\r\n    \/\/ 1. On cherche le titre H1 de la page\r\n    var h1 = document.querySelector('h1');\r\n    var productTitle = h1 ? h1.innerText.trim() : \"\";\r\n\r\n    \/\/ 2. On cherche les boutons via la classe CSS .btn-devis-source\r\n    var buttons = document.querySelectorAll('.btn-devis-source a');\r\n\r\n    \/\/ 3. Si on a le titre et les boutons, on ajoute le param\u00e8tre\r\n    if (buttons.length > 0 && productTitle !== \"\") {\r\n        var encodedTitle = encodeURIComponent(productTitle);\r\n\r\n        buttons.forEach(function(btn) {\r\n            var currentHref = btn.getAttribute('href');\r\n            \r\n            \/\/ S\u00e9curit\u00e9 pour ne pas ajouter le param\u00e8tre 2 fois\r\n            if (currentHref.indexOf('sujet=') === -1) {\r\n                var separator = currentHref.indexOf('?') !== -1 ? '&' : '?';\r\n                var newLink = currentHref + separator + 'sujet=' + encodedTitle;\r\n                \r\n                btn.setAttribute('href', newLink);\r\n            }\r\n        });\r\n    }\r\n});\r\n<\/script><\/div>\n<\/div>\n<\/div>\n<\/div>\n\n\n\n<h2 class=\"wp-block-heading\">General cleaning: W3 vacuum cleaner features<\/h2>\n\n\n\n<p>The W3 industrial vacuum cleaner is available in two versions. It is equipped with 3 single-phase motors of 1.1 kW in the 65-liter version, and 1.3 kW in the 100-liter version. This special technical feature makes the machine particularly efficient for vacuuming high specific weight materials (gravel, sand, nails, screws, glass shards). The vacuum cleaner offers a maximum vacuum of between 2,400 and 3,600 Pa and a maximum flow rate of between 540 m3\/h and 450 m3\/h, depending on the version chosen.<\/p>\n\n\n\n<p>Despite its 3 by-pass motors, the W3 industrial vacuum cleaner is silent. The suction unit is soundproofed to reduce noise to a minimum.<\/p>\n\n\n\n<p>The robust suction device features a solid steel head. The filter unit is also made of stainless steel (filter chamber), as is its wheeled container and chassis.  <\/p>\n\n\n\n<p>Finally, the filter unit is equipped with a polyester bag filter for protection and high dust retention. The large 2m2 surface area and high filtration efficiency (3 microns) also guarantee the purity of the outgoing air.<\/p>\n\n\n\n<p>The W3 vacuum cleaner includes accessories dedicated to cleaning professionals: flexible suction hose, brushes, crevice tool, etc.<\/p>\n\n\n\n<blockquote class=\"wp-block-quote is-layout-flow wp-block-quote-is-layout-flow\">\n<p>Available versions: the W3 industrial vacuum cleaner is available in two versions! One with a 65-liter capacity, the second with a 100-liter capacity. It is also available with 3 single-phase, 3-stage motors to handle the suction of materials with a high specific weight.<\/p>\n<\/blockquote>\n\n\n\n<h3 class=\"wp-block-heading has-text-align-center\">Optional<\/h3>\n\n\n\n<div class=\"wp-block-columns is-layout-flex wp-container-core-columns-is-layout-28f84493 wp-block-columns-is-layout-flex\">\n<div class=\"wp-block-column is-layout-flow wp-block-column-is-layout-flow\" style=\"flex-basis:50%\">\n<ul class=\"wp-block-list\">\n<li>Nomex filter &#8211; heat-resistant up to 250\u00b0 ;<\/li>\n\n\n\n<li>Hepa H14 absolute filter;<\/li>\n\n\n\n<li>Class M PTFE filter ;<\/li>\n\n\n\n<li>Class M water-oleophobic Teflon filter ;  <\/li>\n\n\n\n<li>Class M antistatic filter ;<\/li>\n<\/ul>\n<\/div>\n\n\n\n<div class=\"wp-block-column is-layout-flow wp-block-column-is-layout-flow\" style=\"flex-basis:50%\">\n<ul class=\"wp-block-list\">\n<li>Stainless steel container and filter chamber;<\/li>\n\n\n\n<li>Grounding ;<\/li>\n\n\n\n<li>Grilled basket with discharge valve and level indicator ;<\/li>\n\n\n\n<li>Bagging container long mat 20mt ;<\/li>\n\n\n\n<li>Cyclone for filter protection.<\/li>\n<\/ul>\n<\/div>\n<\/div>\n\n\n\n<h3 class=\"wp-block-heading has-text-align-center\">INDUSTRIES<\/h3>\n\n\n\n<div class=\"wp-block-columns is-layout-flex wp-container-core-columns-is-layout-28f84493 wp-block-columns-is-layout-flex\">\n<div class=\"wp-block-column is-layout-flow wp-block-column-is-layout-flow\">\n<hr class=\"wp-block-separator has-alpha-channel-opacity\"\/>\n\n\n\n<div class=\"wp-block-columns is-layout-flex wp-container-core-columns-is-layout-28f84493 wp-block-columns-is-layout-flex\">\n<div class=\"wp-block-column is-layout-flow wp-block-column-is-layout-flow\">\n<figure class=\"wp-block-image aligncenter size-thumbnail is-resized\"><img decoding=\"async\" width=\"150\" height=\"150\" src=\"https:\/\/obera.fr\/wp-content\/uploads\/2022\/02\/Textile-150x150.png\" alt=\"Textile\" class=\"wp-image-8855\"\/><figcaption class=\"wp-element-caption\">Textile<\/figcaption><\/figure>\n\n\n\n<figure class=\"wp-block-image aligncenter size-thumbnail is-resized\"><img decoding=\"async\" width=\"150\" height=\"150\" src=\"https:\/\/obera.fr\/wp-content\/uploads\/2022\/02\/Plastique-150x150.png\" alt=\"Plastics\" class=\"wp-image-8854\"\/><figcaption class=\"wp-element-caption\">Plastic industry<\/figcaption><\/figure>\n<\/div>\n\n\n\n<div class=\"wp-block-column is-layout-flow wp-block-column-is-layout-flow\">\n<figure class=\"wp-block-image aligncenter size-thumbnail is-resized\"><img decoding=\"async\" width=\"150\" height=\"150\" src=\"https:\/\/obera.fr\/wp-content\/uploads\/2022\/02\/MINERAIS-150x150.png\" alt=\"Mineral\" class=\"wp-image-8847\"\/><figcaption class=\"wp-element-caption\">Mineral<\/figcaption><\/figure>\n\n\n\n<figure class=\"wp-block-image aligncenter size-thumbnail is-resized\"><img decoding=\"async\" width=\"150\" height=\"150\" src=\"https:\/\/obera.fr\/wp-content\/uploads\/2022\/02\/Metalurgie-150x150.png\" alt=\"metallurgy\" class=\"wp-image-8857\"\/><figcaption class=\"wp-element-caption\">Metallurgy<\/figcaption><\/figure>\n\n\n\n<figure class=\"wp-block-image aligncenter size-thumbnail is-resized\"><img decoding=\"async\" width=\"150\" height=\"150\" src=\"https:\/\/obera.fr\/wp-content\/uploads\/2023\/02\/sans-titre-2023-02-14t102211.641-150x150.png\" alt=\"Agriculture\" class=\"wp-image-18828\"\/><figcaption class=\"wp-element-caption\">Agriculture<\/figcaption><\/figure>\n<\/div>\n<\/div>\n<\/div>\n\n\n\n<div class=\"wp-block-column is-layout-flow wp-block-column-is-layout-flow\">\n<hr class=\"wp-block-separator has-alpha-channel-opacity\"\/>\n\n\n\n<div class=\"wp-block-columns is-layout-flex wp-container-core-columns-is-layout-28f84493 wp-block-columns-is-layout-flex\">\n<div class=\"wp-block-column is-layout-flow wp-block-column-is-layout-flow\">\n<figure class=\"wp-block-image aligncenter size-thumbnail is-resized\"><img decoding=\"async\" width=\"150\" height=\"150\" src=\"https:\/\/obera.fr\/wp-content\/uploads\/2022\/02\/Chimie-150x150.png\" alt=\"Chemicals\" class=\"wp-image-8846\"\/><figcaption class=\"wp-element-caption\">Chemical industry<\/figcaption><\/figure>\n\n\n\n<figure class=\"wp-block-image aligncenter size-thumbnail is-resized\"><img decoding=\"async\" width=\"150\" height=\"150\" src=\"https:\/\/obera.fr\/wp-content\/uploads\/2022\/02\/Travail-du-bois-150x150.png\" alt=\"Woodworking\" class=\"wp-image-8856\"\/><figcaption class=\"wp-element-caption\">Woodworking<\/figcaption><\/figure>\n\n\n\n<figure class=\"wp-block-image aligncenter size-thumbnail is-resized\"><img decoding=\"async\" width=\"150\" height=\"150\" src=\"https:\/\/obera.fr\/wp-content\/uploads\/2023\/02\/sans-titre-2023-02-14t101920.185-150x150.png\" alt=\"Aviation\" class=\"wp-image-18831\"\/><figcaption class=\"wp-element-caption\">Aviation<\/figcaption><\/figure>\n<\/div>\n\n\n\n<div class=\"wp-block-column is-layout-flow wp-block-column-is-layout-flow\">\n<figure class=\"wp-block-image aligncenter size-thumbnail is-resized\"><img decoding=\"async\" width=\"150\" height=\"150\" src=\"https:\/\/obera.fr\/wp-content\/uploads\/2022\/02\/AGROALIMENTAIRE-150x150.png\" alt=\"Food industry\" class=\"wp-image-8844\"\/><figcaption class=\"wp-element-caption\">Food industry<\/figcaption><\/figure>\n\n\n\n<figure class=\"wp-block-image aligncenter size-thumbnail is-resized\"><img decoding=\"async\" width=\"150\" height=\"150\" src=\"https:\/\/obera.fr\/wp-content\/uploads\/2022\/02\/Papier-carton-150x150.png\" alt=\"Paper\/cardboard\" class=\"wp-image-8853\"\/><figcaption class=\"wp-element-caption\">Paper\/Cardboard<\/figcaption><\/figure>\n\n\n\n<figure class=\"wp-block-image aligncenter size-thumbnail is-resized\"><img decoding=\"async\" width=\"150\" height=\"150\" src=\"https:\/\/obera.fr\/wp-content\/uploads\/2023\/02\/sans-titre-2023-02-14t101712.416-150x150.png\" alt=\"Automotive\" class=\"wp-image-18834\"\/><figcaption class=\"wp-element-caption\">Automotive<\/figcaption><\/figure>\n<\/div>\n<\/div>\n<\/div>\n<\/div>\n\n\n\n<figure class=\"wp-block-table\"><table class=\"has-fixed-layout\"><tbody><tr><td>Voltage<\/td><td>V-HZ<\/td><td>230<\/td><td>230-50<\/td><\/tr><tr><td>Power<\/td><td>kW<\/td><td>3&#215;1.1<\/td><td>3&#215;1.3<\/td><\/tr><tr><td>Maximum vacuum<\/td><td>Pa<\/td><td>2,400 Pa<\/td><td>3,600 Pa<\/td><\/tr><tr><td>Max. air flow<\/td><td>m3\/h<\/td><td>540<\/td><td>450<\/td><\/tr><tr><td>Mouthpiece diameter<\/td><td>mm<\/td><td>80<\/td><td>80<\/td><\/tr><tr><td>Filter type<\/td><td><\/td><td>With star-shaped pockets<\/td><td>With star-shaped pockets<\/td><\/tr><tr><td>Surface<\/td><td>cm2<\/td><td>20.000<\/td><td>20.000<\/td><\/tr><tr><td>Cleaning system<\/td><td><\/td><td>Manuel<\/td><td>Manuel<\/td><\/tr><tr><td>Harvesting bin<\/td><td><\/td><td>Steel<\/td><td>Steel<\/td><\/tr><tr><td>Drain system<\/td><td><\/td><td>Detachable bin<\/td><td>Detachable bin<\/td><\/tr><tr><td>Capacity<\/td><td>liter<\/td><td>65\/100<\/td><td>65\/100<\/td><\/tr><tr><td>Dimensions<\/td><td>cm<\/td><td>58x60x135<\/td><td>58x60x145<\/td><\/tr><tr><td>Filtering equipment &#8211; class<\/td><td><\/td><td><\/td><td>Polyester-L<\/td><\/tr><\/tbody><\/table><\/figure>\n\n\n\n<div class=\"wp-block-buttons is-content-justification-center is-layout-flex wp-container-core-buttons-is-layout-a89b3969 wp-block-buttons-is-layout-flex\">\n<div class=\"wp-block-button\"><a class=\"wp-block-button__link wp-element-button\" href=\"https:\/\/obera.fr\/wp-content\/uploads\/2024\/04\/obera_brochure-w3-fr.pdf\">DOWNLOAD PRODUCT DATA SHEET<\/a><\/div>\n<\/div>\n\n\n\n<h2 class=\"wp-block-heading\">W3 vacuum cleaner benefits<\/h2>\n\n\n\n<p>The W3 series is particularly appreciated for its ease of use. Everything is designed to simplify the operator&#8217;s general cleaning service as much as possible. It features a vacuum gauge with indicator light to detect filter saturation. Two handles are provided on the motor head for easy lifting when replacing the filter. The single-phase vacuum cleaner also features a manual unclogging system that can be activated with a simple gesture, allowing the surface technician to enjoy maximum vacuuming performance.<\/p>\n\n\n\n<div class=\"wp-block-columns is-layout-flex wp-container-core-columns-is-layout-28f84493 wp-block-columns-is-layout-flex\">\n<div class=\"wp-block-column is-layout-flow wp-block-column-is-layout-flow\" style=\"flex-basis:33.34%\">\n<h3 class=\"wp-block-heading\">Advantages :<\/h3>\n\n\n\n<ul class=\"wp-block-list\">\n<li>Vacuum gauge with indicator light to anticipate filter saturation;<\/li>\n\n\n\n<li>Downward air discharge ;<\/li>\n\n\n\n<li>Compact, mobile and easy to handle;<\/li>\n\n\n\n<li>Versatile and quiet.<\/li>\n<\/ul>\n<\/div>\n\n\n\n<div class=\"wp-block-column is-layout-flow wp-block-column-is-layout-flow\" style=\"flex-basis:33.34%\">\n<h3 class=\"wp-block-heading\">Special features:<\/h3>\n\n\n\n<ul class=\"wp-block-list\">\n<li>Three single-phase shunt motors with independent switches;<\/li>\n\n\n\n<li>Polyester star filter ;<\/li>\n\n\n\n<li>Wide range of filters available.<\/li>\n<\/ul>\n<\/div>\n\n\n\n<div class=\"wp-block-column is-layout-flow wp-block-column-is-layout-flow\" style=\"flex-basis:33.33%\">\n<h3 class=\"wp-block-heading\">Features :<\/h3>\n\n\n\n<ul class=\"wp-block-list\">\n<li>Available in 65-litre or 100-litre versions;<\/li>\n\n\n\n<li>3-stage version available ;<\/li>\n\n\n\n<li>Suction unit protection with star filter (polyester).<\/li>\n<\/ul>\n<\/div>\n<\/div>\n\n\n\n<h2 class=\"wp-block-heading\">Test the single-phase industrial vacuum cleaner for general cleaning<\/h2>\n\n\n\n<p>We offer a full-scale test in your workshops with an option to purchase over an average period of 1 month.<\/p>\n\n\n\n<div class=\"wp-block-buttons is-content-justification-center is-layout-flex wp-container-core-buttons-is-layout-a89b3969 wp-block-buttons-is-layout-flex\">\n<div class=\"wp-block-button\"><a class=\"wp-block-button__link wp-element-button\" href=\"https:\/\/obera.fr\/en\/contact\/\">TEST THE W2 VACUUM CLEANER<\/a><\/div>\n<\/div>\n\n\n\n<h2 class=\"wp-block-heading\">Other industrial vacuum cleaners in the range<\/h2>\n\n\n\n<div class=\"wp-block-columns is-layout-flex wp-container-core-columns-is-layout-28f84493 wp-block-columns-is-layout-flex\">\n<div class=\"wp-block-column is-layout-flow wp-block-column-is-layout-flow\">\n<figure class=\"wp-block-image aligncenter size-full is-resized\"><a href=\"https:\/\/obera.fr\/produits\/aspirateurs-industriels\/w2-xr-atex-22\/\"><img decoding=\"async\" width=\"566\" height=\"671\" src=\"https:\/\/obera.fr\/wp-content\/uploads\/2024\/10\/w2-xr-2.png\" alt=\"Industrial vacuum cleaners\" class=\"wp-image-35431\" style=\"object-fit:cover;width:300px;height:300px\" srcset=\"https:\/\/obera.fr\/wp-content\/uploads\/2024\/10\/w2-xr-2.png 566w, https:\/\/obera.fr\/wp-content\/uploads\/2024\/10\/w2-xr-2-253x300.png 253w\" sizes=\"(max-width: 566px) 100vw, 566px\" \/><\/a><figcaption class=\"wp-element-caption\">W2 XR<\/figcaption><\/figure>\n<\/div>\n\n\n\n<div class=\"wp-block-column is-layout-flow wp-block-column-is-layout-flow\">\n<figure class=\"wp-block-image aligncenter size-full is-resized\"><a href=\"https:\/\/obera.fr\/produits\/aspirateurs-industriels\/w2-haute-filtration-polyvalence\/\"><img decoding=\"async\" width=\"711\" height=\"622\" src=\"https:\/\/obera.fr\/wp-content\/uploads\/2024\/10\/w2.png\" alt=\"Industrial vacuum cleaners\" class=\"wp-image-35424\" style=\"width:343px;height:auto\" srcset=\"https:\/\/obera.fr\/wp-content\/uploads\/2024\/10\/w2.png 711w, https:\/\/obera.fr\/wp-content\/uploads\/2024\/10\/w2-300x262.png 300w\" sizes=\"(max-width: 711px) 100vw, 711px\" \/><\/a><figcaption class=\"wp-element-caption\">W2<\/figcaption><\/figure>\n<\/div>\n\n\n\n<div class=\"wp-block-column is-layout-flow wp-block-column-is-layout-flow\">\n<figure class=\"wp-block-image aligncenter size-full is-resized\"><a href=\"https:\/\/obera.fr\/produits\/aspirateurs-industriels\/ventilateurs-aspiration-gamme-eurosog-rg-100-800\/\"><img decoding=\"async\" width=\"600\" height=\"600\" src=\"https:\/\/obera.fr\/wp-content\/uploads\/2024\/04\/obera-ventilateur-aspiration-rg-300-400.jpg\" alt=\"obera suction fan rg 300 400\" class=\"wp-image-29437\" style=\"object-fit:cover;width:300px;height:300px\" srcset=\"https:\/\/obera.fr\/wp-content\/uploads\/2024\/04\/obera-ventilateur-aspiration-rg-300-400.jpg 600w, https:\/\/obera.fr\/wp-content\/uploads\/2024\/04\/obera-ventilateur-aspiration-rg-300-400-300x300.jpg 300w, https:\/\/obera.fr\/wp-content\/uploads\/2024\/04\/obera-ventilateur-aspiration-rg-300-400-150x150.jpg 150w\" sizes=\"(max-width: 600px) 100vw, 600px\" \/><\/a><figcaption class=\"wp-element-caption\">RG 300\/400<\/figcaption><\/figure>\n<\/div>\n<\/div>\n","protected":false},"excerpt":{"rendered":"<p>A high-performance, easy-to-use vacuuming solution, the W3 industrial vacuum cleaner is a general cleaning essential that adapts to every need. Principle and application of the W3 industrial vacuum cleaner TheW3 industrial vacuum cleaner is renowned for its versatility and quiet operation. It features three powerful by-pass motors that draw in air and divide it into two streams: one stream is used to cool the motor, the second to extract dust and solids. A suction system that not only prevents motor clogging, but also retains fine particles by passing the airflow through the dust filter. W3 Series by-pass motors offer high &#8230; <\/p>\n<p class=\"read-more-container\"><a title=\"W3 industrial vacuum cleaner\" class=\"read-more button\" href=\"https:\/\/obera.fr\/en\/produits\/aspirateurs-industriels\/w3-pour-nettoyage-general\/#more-32153\" aria-label=\"Read more about W3 industrial vacuum cleaner\">Read more<\/a><\/p>\n","protected":false},"author":4,"featured_media":83737,"parent":32130,"menu_order":0,"comment_status":"closed","ping_status":"closed","template":"","meta":{"_acf_changed":false,"_seopress_robots_primary_cat":"","_seopress_titles_title":"W3 industrial vacuum cleaner for general cleaning OberA","_seopress_titles_desc":"Indispensable for general cleaning, the W3 series features 3 single-phase motors to combine performance and ease of use.","_seopress_robots_index":"","footnotes":""},"class_list":{"0":"post-32153","1":"page","2":"type-page","3":"status-publish","4":"has-post-thumbnail","6":"no-featured-image-padding","7":"resize-featured-image"},"acf":[],"_links":{"self":[{"href":"https:\/\/obera.fr\/en\/wp-json\/wp\/v2\/pages\/32153","targetHints":{"allow":["GET"]}}],"collection":[{"href":"https:\/\/obera.fr\/en\/wp-json\/wp\/v2\/pages"}],"about":[{"href":"https:\/\/obera.fr\/en\/wp-json\/wp\/v2\/types\/page"}],"author":[{"embeddable":true,"href":"https:\/\/obera.fr\/en\/wp-json\/wp\/v2\/users\/4"}],"replies":[{"embeddable":true,"href":"https:\/\/obera.fr\/en\/wp-json\/wp\/v2\/comments?post=32153"}],"version-history":[{"count":14,"href":"https:\/\/obera.fr\/en\/wp-json\/wp\/v2\/pages\/32153\/revisions"}],"predecessor-version":[{"id":107495,"href":"https:\/\/obera.fr\/en\/wp-json\/wp\/v2\/pages\/32153\/revisions\/107495"}],"up":[{"embeddable":true,"href":"https:\/\/obera.fr\/en\/wp-json\/wp\/v2\/pages\/32130"}],"wp:featuredmedia":[{"embeddable":true,"href":"https:\/\/obera.fr\/en\/wp-json\/wp\/v2\/media\/83737"}],"wp:attachment":[{"href":"https:\/\/obera.fr\/en\/wp-json\/wp\/v2\/media?parent=32153"}],"curies":[{"name":"wp","href":"https:\/\/api.w.org\/{rel}","templated":true}]}}