{"id":32175,"date":"2020-08-26T13:06:25","date_gmt":"2020-08-26T11:06:25","guid":{"rendered":"https:\/\/obera.fr\/products\/oil-mist-filters\/afs-oil-mist-filter\/"},"modified":"2025-06-03T13:07:10","modified_gmt":"2025-06-03T11:07:10","slug":"afs","status":"publish","type":"page","link":"https:\/\/obera.fr\/en\/produits\/filtres-brouillard-huile\/afs\/","title":{"rendered":"AFS oil mist filter"},"content":{"rendered":"\n<p>AFS <a href=\"https:\/\/obera.fr\/en\/produits\/oil-mist-filters\/\" data-type=\"page\" data-id=\"376\">oil mist filters<\/a> are the tailor-made solution for direct installation on your machining centres or for centralized extraction.<\/p>\n\n\n\n<p>The AFS range covers <strong>suction flows from 400 to 16,000 m\u00b3\/h<\/strong>.<\/p>\n\n\n\n<h2 class=\"wp-block-heading\">Centralized systems for oil and emulsion mists, fumes and aerosols<\/h2>\n\n\n\n<div class=\"wp-block-columns is-layout-flex wp-container-core-columns-is-layout-28f84493 wp-block-columns-is-layout-flex\">\n<div class=\"wp-block-column is-layout-flow wp-block-column-is-layout-flow\" style=\"flex-basis:33.33%\">\n<figure class=\"wp-block-image aligncenter size-medium\"><img decoding=\"async\" width=\"300\" height=\"300\" src=\"https:\/\/obera.fr\/wp-content\/uploads\/2020\/08\/AFS-installation-centralisee-brouillards-huiles-300x300.png\" alt=\"Afs Centralized Installation Oil Mists\" class=\"wp-image-643\" srcset=\"https:\/\/obera.fr\/wp-content\/uploads\/2020\/08\/AFS-installation-centralisee-brouillards-huiles-300x300.png 300w, https:\/\/obera.fr\/wp-content\/uploads\/2020\/08\/AFS-installation-centralisee-brouillards-huiles-150x150.png 150w, https:\/\/obera.fr\/wp-content\/uploads\/2020\/08\/AFS-installation-centralisee-brouillards-huiles.png 433w\" sizes=\"(max-width: 300px) 100vw, 300px\" \/><\/figure>\n<\/div>\n\n\n\n<div class=\"wp-block-column is-layout-flow wp-block-column-is-layout-flow\" style=\"flex-basis:66.66%\">\n<p><strong>AFS technology<\/strong> consists of 5 treatment stages: metal mesh filters, polyester felts, and the AFS-Longlife separator, which forms the heart of the treatment.<\/p>\n\n\n\n<p>The units are equipped with <strong>HEPA H13-type absolute terminal filtration<\/strong> (guaranteed standardized efficiency &gt;99.95% on 0.3\u00b5m particles). Given the high efficiency of the main filtration, absolute filters have a very long service life, even for continuous 3-station operation. <\/p>\n\n\n\n<p>Different configurations are possible: recycling and reintroduction of filtered air into the building, or evacuation of filtered air and introduction of fresh air with heat recovery via a heat exchanger. <strong>AFS extraction solutions<\/strong> (recirculation or heat exchangers) enable maximum re-use of the heat contained in extracted air flows. <\/p>\n\n\n\n<hr class=\"wp-block-separator has-text-color has-black-color has-css-opacity has-black-background-color has-background is-style-dots\"\/>\n\n\n\n<div class=\"wp-block-columns is-layout-flex wp-container-core-columns-is-layout-28f84493 wp-block-columns-is-layout-flex\">\n<div class=\"wp-block-column is-layout-flow wp-block-column-is-layout-flow\" style=\"flex-basis:33.33%\">\n<div class=\"wp-block-buttons is-layout-flex wp-block-buttons-is-layout-flex\">\n<div class=\"wp-block-button\"><a class=\"wp-block-button__link wp-element-button\" href=\"https:\/\/obera.fr\/wp-content\/uploads\/2025\/06\/brochure-afs-en.pdf\">DOWNLOAD THE BROCHURE<\/a><\/div>\n<\/div>\n<\/div>\n\n\n\n<div class=\"wp-block-column is-layout-flow wp-block-column-is-layout-flow\" style=\"flex-basis:33.34%\">\n<div class=\"wp-block-buttons is-horizontal is-content-justification-center is-layout-flex wp-container-core-buttons-is-layout-03627597 wp-block-buttons-is-layout-flex\">\n<div class=\"wp-block-button\"><a class=\"wp-block-button__link wp-element-button\" href=\"https:\/\/obera.fr\/en\/contact-us\/\">Read more<\/a><\/div>\n<\/div>\n<\/div>\n\n\n\n<div class=\"wp-block-column is-layout-flow wp-block-column-is-layout-flow\" style=\"flex-basis:33.34%\">\n<div class=\"wp-block-buttons is-content-justification-center is-layout-flex wp-container-core-buttons-is-layout-a89b3969 wp-block-buttons-is-layout-flex\">\n<div class=\"wp-block-button btn-devis-source\"><a class=\"wp-block-button__link wp-element-button\" href=\"https:\/\/obera.fr\/en\/request-a-quote\/\">Request a quote<\/a><\/div>\n<\/div>\n\n\n<script>\r\ndocument.addEventListener('DOMContentLoaded', function() {\r\n    \/\/ 1. On cherche le titre H1 de la page\r\n    var h1 = document.querySelector('h1');\r\n    var productTitle = h1 ? h1.innerText.trim() : \"\";\r\n\r\n    \/\/ 2. On cherche les boutons via la classe CSS .btn-devis-source\r\n    var buttons = document.querySelectorAll('.btn-devis-source a');\r\n\r\n    \/\/ 3. Si on a le titre et les boutons, on ajoute le param\u00e8tre\r\n    if (buttons.length > 0 && productTitle !== \"\") {\r\n        var encodedTitle = encodeURIComponent(productTitle);\r\n\r\n        buttons.forEach(function(btn) {\r\n            var currentHref = btn.getAttribute('href');\r\n            \r\n            \/\/ S\u00e9curit\u00e9 pour ne pas ajouter le param\u00e8tre 2 fois\r\n            if (currentHref.indexOf('sujet=') === -1) {\r\n                var separator = currentHref.indexOf('?') !== -1 ? '&' : '?';\r\n                var newLink = currentHref + separator + 'sujet=' + encodedTitle;\r\n                \r\n                btn.setAttribute('href', newLink);\r\n            }\r\n        });\r\n    }\r\n});\r\n<\/script><\/div>\n<\/div>\n\n\n\n<p><\/p>\n<\/div>\n<\/div>\n\n\n\n<h2 class=\"wp-block-heading\">The benefits of AFS<\/h2>\n\n\n\n<div class=\"wp-block-columns is-layout-flex wp-container-core-columns-is-layout-28f84493 wp-block-columns-is-layout-flex\">\n<div class=\"wp-block-column is-layout-flow wp-block-column-is-layout-flow\">\n<h3 class=\"wp-block-heading has-text-align-center\"><strong>Advantages<\/strong><\/h3>\n\n\n\n<ul class=\"wp-block-list\">\n<li>Easy to connect to the production machine<\/li>\n\n\n\n<li>On machine or centralized<\/li>\n\n\n\n<li>Compact system<\/li>\n\n\n\n<li>5 stages of filtration for efficient air treatment<\/li>\n\n\n\n<li>Tool-free filter replacement and maintenance<\/li>\n<\/ul>\n<\/div>\n\n\n\n<div class=\"wp-block-column is-layout-flow wp-block-column-is-layout-flow\">\n<h3 class=\"wp-block-heading has-text-align-center\"><strong>Special features<\/strong><\/h3>\n\n\n\n<ul class=\"wp-block-list\">\n<li>Patented tool-free filter replacement system<\/li>\n\n\n\n<li>Manual cleaning<\/li>\n\n\n\n<li>Mechanical filtration<\/li>\n<\/ul>\n<\/div>\n\n\n\n<div class=\"wp-block-column is-layout-flow wp-block-column-is-layout-flow\">\n<h3 class=\"wp-block-heading has-text-align-center\"><strong>Characteristics<\/strong><\/h3>\n\n\n\n<ul class=\"wp-block-list\">\n<li>Extraction of oil and emulsion mists, fumes and aerosols<\/li>\n\n\n\n<li>Installation directly on NC machine or centrally<\/li>\n<\/ul>\n<\/div>\n<\/div>\n\n\n\n<h2 class=\"wp-block-heading\">Applications<\/h2>\n\n\n\n<div class=\"wp-block-columns is-layout-flex wp-container-core-columns-is-layout-28f84493 wp-block-columns-is-layout-flex\">\n<div class=\"wp-block-column is-layout-flow wp-block-column-is-layout-flow\">\n<h3 class=\"wp-block-heading has-text-align-center\">Pollutants<\/h3>\n\n\n\n<hr class=\"wp-block-separator has-css-opacity is-style-wide\"\/>\n\n\n\n<div class=\"wp-block-columns is-layout-flex wp-container-core-columns-is-layout-28f84493 wp-block-columns-is-layout-flex\">\n<div class=\"wp-block-column is-layout-flow wp-block-column-is-layout-flow\">\n<figure class=\"wp-block-image aligncenter size-large\"><img decoding=\"async\" width=\"70\" height=\"70\" src=\"https:\/\/obera.fr\/wp-content\/uploads\/2020\/08\/industrie-brouillard-huile.jpg\" alt=\"Industry Fog Oil\" class=\"wp-image-721\"\/><figcaption class=\"wp-element-caption\">Oil mist<\/figcaption><\/figure>\n<\/div>\n\n\n\n<div class=\"wp-block-column is-layout-flow wp-block-column-is-layout-flow\">\n<figure class=\"wp-block-image aligncenter size-large\"><img decoding=\"async\" width=\"70\" height=\"70\" src=\"https:\/\/obera.fr\/wp-content\/uploads\/2020\/08\/industrie-fumees.jpg\" alt=\"Industry Smoke\" class=\"wp-image-722\"\/><figcaption class=\"wp-element-caption\">Smoke industry<\/figcaption><\/figure>\n\n\n\n<figure class=\"wp-block-image aligncenter size-large\"><img decoding=\"async\" width=\"70\" height=\"70\" src=\"https:\/\/obera.fr\/wp-content\/uploads\/2020\/09\/cov.png\" alt=\"Cov\" class=\"wp-image-959\"\/><figcaption class=\"wp-element-caption\">VOCS<\/figcaption><\/figure>\n<\/div>\n<\/div>\n<\/div>\n\n\n\n<div class=\"wp-block-column is-layout-flow wp-block-column-is-layout-flow\">\n<h3 class=\"wp-block-heading has-text-align-center\">Industries<\/h3>\n\n\n\n<hr class=\"wp-block-separator has-css-opacity is-style-wide\"\/>\n\n\n\n<div class=\"wp-block-columns is-layout-flex wp-container-core-columns-is-layout-28f84493 wp-block-columns-is-layout-flex\">\n<div class=\"wp-block-column is-layout-flow wp-block-column-is-layout-flow\">\n<figure class=\"wp-block-image aligncenter size-large\"><img decoding=\"async\" width=\"70\" height=\"70\" src=\"https:\/\/obera.fr\/wp-content\/uploads\/2020\/08\/industrie-metallurgie.jpg\" alt=\"Metallurgy industry\" class=\"wp-image-673\"\/><figcaption class=\"wp-element-caption\">Metallurgy<\/figcaption><\/figure>\n<\/div>\n\n\n\n<div class=\"wp-block-column is-layout-flow wp-block-column-is-layout-flow\"><\/div>\n<\/div>\n<\/div>\n<\/div>\n\n\n\n<div class=\"wp-block-buttons is-content-justification-center is-layout-flex wp-container-core-buttons-is-layout-a89b3969 wp-block-buttons-is-layout-flex\">\n<div class=\"wp-block-button is-style-outline is-style-outline--1\"><a class=\"wp-block-button__link wp-element-button\" href=\"https:\/\/obera.fr\/wp-content\/uploads\/2025\/03\/brochure-afs-en.pdf\">Download the product sheet<\/a><\/div>\n<\/div>\n\n\n\n<hr class=\"wp-block-separator has-css-opacity is-style-dots\"\/>\n\n\n\n<h2 class=\"wp-block-heading\">Other oil mist filters from the brand OberA<\/h2>\n\n\n\n<div class=\"wp-block-columns is-layout-flex wp-container-core-columns-is-layout-28f84493 wp-block-columns-is-layout-flex\">\n<div class=\"wp-block-column is-layout-flow wp-block-column-is-layout-flow\">\n<figure class=\"wp-block-image aligncenter size-medium\"><a href=\"https:\/\/obera.fr\/produits\/filtres-brouillard-huile\/oilmac\/\"><img decoding=\"async\" width=\"300\" height=\"300\" src=\"https:\/\/obera.fr\/wp-content\/uploads\/2020\/08\/filtre-compact-OILMAC-300x300.png\" alt=\"OILMAC Compact Filter\" class=\"wp-image-641\" srcset=\"https:\/\/obera.fr\/wp-content\/uploads\/2020\/08\/filtre-compact-OILMAC-300x300.png 300w, https:\/\/obera.fr\/wp-content\/uploads\/2020\/08\/filtre-compact-OILMAC-150x150.png 150w, https:\/\/obera.fr\/wp-content\/uploads\/2020\/08\/filtre-compact-OILMAC.png 600w\" sizes=\"(max-width: 300px) 100vw, 300px\" \/><\/a><figcaption class=\"wp-element-caption\">OILMAC<\/figcaption><\/figure>\n<\/div>\n\n\n\n<div class=\"wp-block-column is-layout-flow wp-block-column-is-layout-flow\"><\/div>\n<\/div>\n\n\n\n<p><\/p>\n","protected":false},"excerpt":{"rendered":"<p>AFS oil mist filters are the tailor-made solution for direct installation on your machining centres or for centralized extraction. The AFS range covers suction flows from 400 to 16,000 m\u00b3\/h. Centralized systems for oil and emulsion mists, fumes and aerosols AFS technology consists of 5 treatment stages: metal mesh filters, polyester felts, and the AFS-Longlife separator, which forms the heart of the treatment. The units are equipped with HEPA H13-type absolute terminal filtration (guaranteed standardized efficiency &gt;99.95% on 0.3\u00b5m particles). Given the high efficiency of the main filtration, absolute filters have a very long service life, even for continuous 3-station &#8230; <\/p>\n<p class=\"read-more-container\"><a title=\"AFS oil mist filter\" class=\"read-more button\" href=\"https:\/\/obera.fr\/en\/produits\/filtres-brouillard-huile\/afs\/#more-32175\" aria-label=\"Read more about AFS oil mist filter\">Read more<\/a><\/p>\n","protected":false},"author":4,"featured_media":83737,"parent":32169,"menu_order":0,"comment_status":"closed","ping_status":"closed","template":"","meta":{"_acf_changed":false,"_seopress_robots_primary_cat":"","_seopress_titles_title":"AFS centralized oil mist systems","_seopress_titles_desc":"AFS oil mist filters are the tailor-made solution for direct installation on your machining centres or for centralized extraction.","_seopress_robots_index":"","footnotes":""},"class_list":{"0":"post-32175","1":"page","2":"type-page","3":"status-publish","4":"has-post-thumbnail","6":"no-featured-image-padding","7":"resize-featured-image"},"acf":[],"_links":{"self":[{"href":"https:\/\/obera.fr\/en\/wp-json\/wp\/v2\/pages\/32175","targetHints":{"allow":["GET"]}}],"collection":[{"href":"https:\/\/obera.fr\/en\/wp-json\/wp\/v2\/pages"}],"about":[{"href":"https:\/\/obera.fr\/en\/wp-json\/wp\/v2\/types\/page"}],"author":[{"embeddable":true,"href":"https:\/\/obera.fr\/en\/wp-json\/wp\/v2\/users\/4"}],"replies":[{"embeddable":true,"href":"https:\/\/obera.fr\/en\/wp-json\/wp\/v2\/comments?post=32175"}],"version-history":[{"count":8,"href":"https:\/\/obera.fr\/en\/wp-json\/wp\/v2\/pages\/32175\/revisions"}],"predecessor-version":[{"id":107863,"href":"https:\/\/obera.fr\/en\/wp-json\/wp\/v2\/pages\/32175\/revisions\/107863"}],"up":[{"embeddable":true,"href":"https:\/\/obera.fr\/en\/wp-json\/wp\/v2\/pages\/32169"}],"wp:featuredmedia":[{"embeddable":true,"href":"https:\/\/obera.fr\/en\/wp-json\/wp\/v2\/media\/83737"}],"wp:attachment":[{"href":"https:\/\/obera.fr\/en\/wp-json\/wp\/v2\/media?parent=32175"}],"curies":[{"name":"wp","href":"https:\/\/api.w.org\/{rel}","templated":true}]}}