{"id":67272,"date":"2025-01-17T11:13:01","date_gmt":"2025-01-17T09:13:01","guid":{"rendered":"https:\/\/obera.fr\/produits\/depoussiereurs-industriels\/dustlight\/"},"modified":"2025-07-11T11:18:47","modified_gmt":"2025-07-11T09:18:47","slug":"dustlight","status":"publish","type":"page","link":"https:\/\/obera.fr\/en\/produits\/depoussiereurs-industriels\/dustlight\/","title":{"rendered":"Take control of your working environment with Dustlight"},"content":{"rendered":"\n<div class=\"wp-block-columns is-layout-flex wp-container-core-columns-is-layout-28f84493 wp-block-columns-is-layout-flex\">\n<div class=\"wp-block-column is-layout-flow wp-block-column-is-layout-flow\">\n<div class=\"wp-block-media-text has-media-on-the-right is-stacked-on-mobile\" style=\"grid-template-columns:auto 33%\"><div class=\"wp-block-media-text__content\">\n<p>OberA is proud to present the <strong>Dustlight<\/strong>, an innovative hand-held analyzer designed to accurately detect and analyze fine dust.  <\/p>\n\n\n\n<p>Compact, reliable and easy to use, this device is the ideal tool for professional and industrial users wishing to monitor air quality and identify suspended particles.<\/p>\n<\/div><figure class=\"wp-block-media-text__media\"><img decoding=\"async\" src=\"https:\/\/lh7-rt.googleusercontent.com\/docsz\/AD_4nXePsRD5Y4gAIBhHibguQOn0U6fgzh-p6iUVppCy2PUUWG4S_QIvoTfNJeagK6httptlC4XtT9kmxghV9258tIgq2J0QFwvU7BowEB_Xe_4_rgzVdEW0mM97dpA7WZj9dGkQUsTtMadi1obMqCXsxII?key=QO8r7RmlolM9MhCfcv5-73XE\" alt=\"The prevention of dust-related risks | Travail-emploi.gouv.fr | Minist\u00e8re du Travail, de la Sant\u00e9, des Solidarit\u00e9s et des Familles\"\/><\/figure><\/div>\n\n\n\n<div style=\"height:41px\" aria-hidden=\"true\" class=\"wp-block-spacer\"><\/div>\n\n\n\n<div class=\"wp-block-buttons is-content-justification-center is-layout-flex wp-container-core-buttons-is-layout-a89b3969 wp-block-buttons-is-layout-flex\">\n<div class=\"wp-block-button\"><a class=\"wp-block-button__link has-text-align-center wp-element-button\" href=\"https:\/\/obera.fr\/formulaire-dustlight\/\">FREE 20-DAY TEST<\/a><\/div>\n<\/div>\n<\/div>\n<\/div>\n\n<p><\/p>\n\n<p><\/p>\n\n<h2 class=\"wp-block-heading\">Protect yourself from the invisible danger of respirable dust in the workplace<\/h2>\n\n<figure class=\"wp-block-image aligncenter is-resized\"><img decoding=\"async\" src=\"https:\/\/lh7-rt.googleusercontent.com\/docsz\/AD_4nXcOS0Hfg67TC29tD0YKTlwhEbY82uCB9DoKqHN4byLMiiWnWb6_cUR2kTh4CxjF9WQI7qzrJx1chS1E8L9qU3zGeBgcCaStWF9a7mYnCr73_ylzp9tDc1LItbkRpO8_Eg6aBoXNFQRLSfcDQnw1RmM?key=QO8r7RmlolM9MhCfcv5-73XE\" alt=\"An image containing text, Electronic devices, Electronic devices, Screenshot&#10;&#10;Automatically generated description\" style=\"width:617px;height:auto\"\/><figcaption class=\"wp-element-caption\"><strong>Portable fine dust analyzer<\/strong><\/figcaption><\/figure>\n\n<p>Use the Dustlight to precisely measure dust concentration  <\/p>\n\n<p>in industrial environments and protect your health and that of your employees.<\/p>\n\n<p><\/p>\n\n<p>Respirable fine dusts can lead to serious health problems such as respiratory disease, cardiovascular problems and cancer.<\/p>\n\n<p><\/p>\n\n<p>With <strong>Dustlight<\/strong>, you can effectively minimize these risks by measuring dust exposure and taking appropriate protective measures.<\/p>\n\n<p><\/p>\n\n<p><strong>Dustlight<\/strong> measures dust exposure every second.  <\/p>\n\n<p>The values can be viewed in our smartphone and web application and downloaded as a report.  <\/p>\n\n<p><\/p>\n\n<h2 class=\"wp-block-heading\">Create a safe working environment and invest in your employees&#8217; health with the Dustlight dust monitor.<\/h2>\n\n<p><\/p>\n\n<p><strong>Just switch it on and work safely!<\/strong><\/p>\n\n<p><\/p>\n\n<ul class=\"wp-block-list\">\n<li><strong>Map and monitor dust concentrations in real time<\/strong>: <strong>PM10, PM2.5, and PM1 <\/strong> <\/li>\n\n\n\n<li><strong>Quickly warn of the need to wear respiratory protection<\/strong><\/li>\n\n\n\n<li><strong>Making the risk of exposure to hazardous dusts (CMR) visible<\/strong><\/li>\n\n\n\n<li><strong>Identify sources of pollution and make them visible for better treatment<\/strong><\/li>\n\n\n\n<li><strong>Protecting plant and site operators<\/strong><\/li>\n\n\n\n<li><strong>Identify respirable dust<\/strong><\/li>\n\n\n\n<li><strong>Anticipating regulatory measures<\/strong><\/li>\n\n\n\n<li><strong>Validate an implemented solution<\/strong><\/li>\n<\/ul>\n\n<div class=\"wp-block-media-text has-media-on-the-right is-stacked-on-mobile\" style=\"grid-template-columns:auto 20%\"><div class=\"wp-block-media-text__content\">\n<p class=\"has-text-align-center\"><strong>Innovative solution  <\/strong><\/p>\n\n\n\n<p class=\"has-text-align-center\"><strong>Helps identify critical situations in real time,<\/strong> <strong>helping to protect<\/strong> <strong>workers&#8217; health: PREVENTION <\/strong> <\/p>\n<\/div><figure class=\"wp-block-media-text__media\"><img decoding=\"async\" src=\"https:\/\/lh7-rt.googleusercontent.com\/docsz\/AD_4nXeMFP13jbj-PgQg3zsXKleNzM21nevJo4ZMdadvv0-GNt5HN84xZQB6mAnWebn-wFPR-rT_1JpVNez2htbLY9d4Ve75JkuKUHIqs0fLQs9OeMiTljWOFxzfyO-fptezwx-JAYi4g5NCkfxQYE6Rrw?key=QO8r7RmlolM9MhCfcv5-73XE\" alt=\"Click Fast - Chest Strap\"\/><\/figure><\/div>\n\n<h3 class=\"wp-block-heading\">Simple, reliable and robust<\/h3>\n\n<p>Immediate detection: a highly efficient and precise measurement.<\/p>\n\n<p>Quick evaluation of dust load with coloured display and audible warning.<\/p>\n\n<p>A traffic light system that quickly and clearly indicates when limit values are exceeded, so you can take immediate action.<\/p>\n\n<h3 class=\"wp-block-heading\">Fields of application<\/h3>\n\n<ul class=\"wp-block-list\">\n<li>Wood industry: special algorithm for measuring hardwood and softwood dust<\/li>\n\n\n\n<li>Welding: monitoring welding fumes and metal dust.<\/li>\n\n\n\n<li>Measurement suitable for substances such as silica and powders<\/li>\n\n\n\n<li>Food industry<\/li>\n\n\n\n<li>Configurable for specific applications<\/li>\n<\/ul>\n\n<h3 class=\"wp-block-heading\">Technology and innovation<\/h3>\n\n<ul class=\"wp-block-list\">\n<li>Photometric laser sensor<\/li>\n\n\n\n<li>Fast, accurate particle detection<\/li>\n\n\n\n<li>Sensor protection<\/li>\n\n\n\n<li>Filtered airflow and automatic cleaning system for extended service life.<\/li>\n<\/ul>\n\n<h3 class=\"wp-block-heading\">Tested and approved<\/h3>\n\n<p>Validated by the French Research Institute for Hazardous Substances (IGF)  <\/p>\n\n<p><\/p>\n\n<figure class=\"wp-block-image aligncenter is-resized\"><img decoding=\"async\" src=\"https:\/\/lh7-rt.googleusercontent.com\/docsz\/AD_4nXdpqfRaq3oGk9dAXgZ7x3rjs5SzASfAHYKydUkBgvmnTjZ5JgpSdlKbZKnVxPfWPOjTUifc5SLMAcyDv4ciV6yYT5AQcLkpX61KeDgoaoVP7TC-bwCWL_w0JA6woMYYZDAlgg7ewWyzWQmlIVx4LA?key=QO8r7RmlolM9MhCfcv5-73XE\" alt=\"Dustlight respirable dust Measuring device for monitoring air quality in the workplace, robust and portable for industrial use. Green LED indicates dust exposure below the threshold value.\" style=\"width:458px;height:auto\"\/><\/figure>\n\n<h2 class=\"wp-block-heading\">Key features<\/h2>\n\n<h3 class=\"wp-block-heading\">Precise measurements<\/h3>\n\n<p>PM10, PM2.5, and PM1 dust monitoring with a resolution of 1 \u00b5g\/m\u00b3.<\/p>\n\n<h3 class=\"wp-block-heading\">Visual Alert System  <\/h3>\n\n<ul class=\"wp-block-list\">\n<li>LED display and light signal (green, yellow, red) based on limit values<\/li>\n\n\n\n<li>TRGS 900 (equivalent to VLEP in Germany)<\/li>\n\n\n\n<li>Display of current respirable dust load<\/li>\n\n\n\n<li>Battery life up to 40 hours (eco mode) + charge status<\/li>\n<\/ul>\n\n<h3 class=\"wp-block-heading\">Robustness<\/h3>\n\n<ul class=\"wp-block-list\">\n<li>Advanced dust protection equipment  <\/li>\n\n\n\n<li>for maximum service life (pre-filters, filtered air, self-cleaning)<\/li>\n\n\n\n<li>Patented protection system for permanently clean sensors<\/li>\n\n\n\n<li>Dust-proof charging socket<\/li>\n<\/ul>\n\n<h3 class=\"wp-block-heading\">Modular mounting<\/h3>\n\n<ul class=\"wp-block-list\">\n<li>Patented, adaptable Klick-Fast system (clip, Velcro strap, patch)<\/li>\n<\/ul>\n\n<h3 class=\"wp-block-heading\">Technical data<\/h3>\n\n<ul class=\"wp-block-list\">\n<li>Dimensions: 69 x 69 x 32.5 mm (without clip)<\/li>\n\n\n\n<li>Weight: 149 g<\/li>\n\n\n\n<li>Battery: Lithium-ion, a<\/li>\n\n\n\n<li>Protection rating: IP4X<\/li>\n\n\n\n<li>Operating temperature : -10 to +50 \u00b0C<\/li>\n\n\n\n<li>Measuring range: 0 &#8211; 10,000 \u00b5g\/m\u00b3.<\/li>\n\n\n\n<li>Related services<\/li>\n\n\n\n<li>Specific configurations: Adaptation for specific environments  <\/li>\n\n\n\n<li>(e.g. wood, welding).<\/li>\n\n\n\n<li>Maintenance: Annual service including cleaning, recalibration and software updates.<\/li>\n<\/ul>\n\n<h2 class=\"wp-block-heading\">Dustlight is now available via the new web application and smartphone app.  <\/h2>\n\n<ul class=\"wp-block-list\">\n<li>State-of-the-art measurement technology records dust levels to the second.  <\/li>\n\n\n\n<li>Integrated warning system helps meet air quality standards<\/li>\n\n\n\n<li>Individual adjustment of limit values in the application and web application<\/li>\n\n\n\n<li>Audible and coloured warnings as soon as self-defined limit values are exceeded for early decision-making<\/li>\n\n\n\n<li>Advanced reporting and data analysis &#8211; download risk assessment reports directly &#8211; an important support for ESG reporting.\n<ul class=\"wp-block-list\">\n<li>CSV or PDF format<\/li>\n<\/ul>\n<\/li>\n<\/ul>\n\n<figure class=\"wp-block-image aligncenter is-resized\"><img decoding=\"async\" src=\"https:\/\/lh7-rt.googleusercontent.com\/docsz\/AD_4nXfpUeAu-RQ97rEMo0ogKOvI3id8fXZbwSMJwAgs-GtmaJ_Q5nyjpb40R12sTCs5kSWbL5tB4dLEl37jMKzpdX0-E-_fW3yQnN7Lb1c_7lYFSPlGmw0UjR5Ubi1ZHw8JTmPjIJIIkzYCGP9bS9qSE6Y?key=QO8r7RmlolM9MhCfcv5-73XE\" alt=\"An image containing text, multimedia, electronic devices, software&#10;&#10;Automatically generated description\" style=\"width:800px;height:auto\"\/><\/figure>\n\n<p class=\"has-text-align-center\"><strong>Order your Dustlight today  <\/strong><\/p>\n\n<p class=\"has-text-align-center\"><strong>and guarantee a safer working environment!<\/strong><\/p>\n\n<div class=\"wp-block-buttons is-content-justification-center is-layout-flex wp-container-core-buttons-is-layout-a89b3969 wp-block-buttons-is-layout-flex\">\n<div class=\"wp-block-button\"><a class=\"wp-block-button__link has-text-align-center wp-element-button\" href=\"https:\/\/obera.fr\/formulaire-dustlight\/\">FREE 20-DAY TEST<\/a><\/div>\n<\/div>\n","protected":false},"excerpt":{"rendered":"<p>OberA is proud to present the Dustlight, an innovative hand-held analyzer designed to accurately detect and analyze fine dust. Compact, reliable and easy to use, this device is the ideal tool for professional and industrial users wishing to monitor air quality and identify suspended particles. Protect yourself from the invisible danger of respirable dust in the workplace Use the Dustlight to precisely measure dust concentration in industrial environments and protect your health and that of your employees. Respirable fine dusts can lead to serious health problems such as respiratory disease, cardiovascular problems and cancer. With Dustlight, you can effectively minimize &#8230; <\/p>\n<p class=\"read-more-container\"><a title=\"Take control of your working environment with Dustlight\" class=\"read-more button\" href=\"https:\/\/obera.fr\/en\/produits\/depoussiereurs-industriels\/dustlight\/#more-67272\" aria-label=\"Read more about Take control of your working environment with Dustlight\">Read more<\/a><\/p>\n","protected":false},"author":4,"featured_media":103616,"parent":35735,"menu_order":0,"comment_status":"closed","ping_status":"closed","template":"","meta":{"_acf_changed":false,"_seopress_robots_primary_cat":"","_seopress_titles_title":"Take control of your working environment with Dustlight","_seopress_titles_desc":"Discover OberA's Dustlight, a precise and compact hand-held analyzer for fine dust detection. Ideal for monitoring air quality.","_seopress_robots_index":"","footnotes":""},"class_list":{"0":"post-67272","1":"page","2":"type-page","3":"status-publish","4":"has-post-thumbnail","6":"no-featured-image-padding","7":"resize-featured-image"},"acf":[],"_links":{"self":[{"href":"https:\/\/obera.fr\/en\/wp-json\/wp\/v2\/pages\/67272","targetHints":{"allow":["GET"]}}],"collection":[{"href":"https:\/\/obera.fr\/en\/wp-json\/wp\/v2\/pages"}],"about":[{"href":"https:\/\/obera.fr\/en\/wp-json\/wp\/v2\/types\/page"}],"author":[{"embeddable":true,"href":"https:\/\/obera.fr\/en\/wp-json\/wp\/v2\/users\/4"}],"replies":[{"embeddable":true,"href":"https:\/\/obera.fr\/en\/wp-json\/wp\/v2\/comments?post=67272"}],"version-history":[{"count":4,"href":"https:\/\/obera.fr\/en\/wp-json\/wp\/v2\/pages\/67272\/revisions"}],"predecessor-version":[{"id":121581,"href":"https:\/\/obera.fr\/en\/wp-json\/wp\/v2\/pages\/67272\/revisions\/121581"}],"up":[{"embeddable":true,"href":"https:\/\/obera.fr\/en\/wp-json\/wp\/v2\/pages\/35735"}],"wp:featuredmedia":[{"embeddable":true,"href":"https:\/\/obera.fr\/en\/wp-json\/wp\/v2\/media\/103616"}],"wp:attachment":[{"href":"https:\/\/obera.fr\/en\/wp-json\/wp\/v2\/media?parent=67272"}],"curies":[{"name":"wp","href":"https:\/\/api.w.org\/{rel}","templated":true}]}}