{"id":115343,"date":"2025-06-26T12:05:10","date_gmt":"2025-06-26T10:05:10","guid":{"rendered":"https:\/\/obera.fr\/clearbox\/"},"modified":"2025-06-26T12:08:58","modified_gmt":"2025-06-26T10:08:58","slug":"clearbox","status":"publish","type":"page","link":"https:\/\/obera.fr\/es\/clearbox\/","title":{"rendered":"Caja transparente"},"content":{"rendered":"\n<div class=\"wp-block-columns is-layout-flex wp-container-core-columns-is-layout-28f84493 wp-block-columns-is-layout-flex\">\n<div class=\"wp-block-column is-layout-flow wp-block-column-is-layout-flow\" style=\"flex-basis:33.33%\">\n<figure class=\"wp-block-image aligncenter size-medium\"><img decoding=\"async\" width=\"300\" height=\"267\" src=\"https:\/\/obera.fr\/wp-content\/uploads\/2025\/06\/clearbox-300x267.png\" alt=\"clearbox\" class=\"wp-image-109012\" srcset=\"https:\/\/obera.fr\/wp-content\/uploads\/2025\/06\/clearbox-300x267.png 300w, https:\/\/obera.fr\/wp-content\/uploads\/2025\/06\/clearbox.png 534w\" sizes=\"(max-width: 300px) 100vw, 300px\" \/><figcaption class=\"wp-element-caption\">Caja transparente<\/figcaption><\/figure>\n<\/div>\n\n\n\n<div class=\"wp-block-column is-layout-flow wp-block-column-is-layout-flow\" style=\"flex-basis:66.66%\">\n<p class=\"has-drop-cap\"><\/p>\n\n\n\n<hr class=\"wp-block-separator has-text-color has-black-color has-css-opacity has-black-background-color has-background is-style-dots\"\/>\n\n\n\n<div class=\"wp-block-columns is-layout-flex wp-container-core-columns-is-layout-28f84493 wp-block-columns-is-layout-flex\">\n<div class=\"wp-block-column is-layout-flow wp-block-column-is-layout-flow\" style=\"flex-basis:33.33%\">\n<div class=\"wp-block-buttons is-layout-flex wp-block-buttons-is-layout-flex\">\n<div class=\"wp-block-button\"><a class=\"wp-block-button__link wp-element-button\" href=\"https:\/\/obera.fr\/wp-content\/uploads\/2025\/06\/fr-caisson-mobile-daspiration-clearbox-1.pdf\">DESCARGAR EL FOLLETO<\/a><\/div>\n<\/div>\n<\/div>\n\n\n\n<div class=\"wp-block-column is-layout-flow wp-block-column-is-layout-flow\" style=\"flex-basis:33.34%\">\n<div class=\"wp-block-buttons is-horizontal is-content-justification-center is-layout-flex wp-container-core-buttons-is-layout-03627597 wp-block-buttons-is-layout-flex\">\n<div class=\"wp-block-button has-custom-width wp-block-button__width-100\"><a class=\"wp-block-button__link wp-element-button\" href=\"https:\/\/obera.fr\/es\/contacta-con-nosotros\/\">M\u00e1s informaci\u00f3n<\/a><\/div>\n<\/div>\n<\/div>\n\n\n\n<div class=\"wp-block-column is-layout-flow wp-block-column-is-layout-flow\" style=\"flex-basis:33.34%\">\n<div class=\"wp-block-buttons is-content-justification-center is-layout-flex wp-container-core-buttons-is-layout-a89b3969 wp-block-buttons-is-layout-flex\">\n<div class=\"wp-block-button btn-devis-source\"><a class=\"wp-block-button__link wp-element-button\" href=\"https:\/\/obera.fr\/es\/devis\/\">Pide un presupuesto<\/a><\/div>\n<\/div>\n\n\n<script>\r\ndocument.addEventListener('DOMContentLoaded', function() {\r\n    \/\/ 1. On cherche le titre H1 de la page\r\n    var h1 = document.querySelector('h1');\r\n    var productTitle = h1 ? h1.innerText.trim() : \"\";\r\n\r\n    \/\/ 2. On cherche les boutons via la classe CSS .btn-devis-source\r\n    var buttons = document.querySelectorAll('.btn-devis-source a');\r\n\r\n    \/\/ 3. Si on a le titre et les boutons, on ajoute le param\u00e8tre\r\n    if (buttons.length > 0 && productTitle !== \"\") {\r\n        var encodedTitle = encodeURIComponent(productTitle);\r\n\r\n        buttons.forEach(function(btn) {\r\n            var currentHref = btn.getAttribute('href');\r\n            \r\n            \/\/ S\u00e9curit\u00e9 pour ne pas ajouter le param\u00e8tre 2 fois\r\n            if (currentHref.indexOf('sujet=') === -1) {\r\n                var separator = currentHref.indexOf('?') !== -1 ? '&' : '?';\r\n                var newLink = currentHref + separator + 'sujet=' + encodedTitle;\r\n                \r\n                btn.setAttribute('href', newLink);\r\n            }\r\n        });\r\n    }\r\n});\r\n<\/script><\/div>\n<\/div>\n\n\n\n<p><\/p>\n<\/div>\n<\/div>\n\n<p>El Clearbox es una <strong>unidad de extracci\u00f3n m\u00f3vil<\/strong> fabricada en Francia, con 5 a\u00f1os de garant\u00eda y un caudal de alto rendimiento. Est\u00e1 especialmente dise\u00f1ada para tratar compuestos org\u00e1nicos vol\u00e1tiles (COV), gases, olores, disolventes, polvo y humos.   <\/p>\n\n<p><\/p>\n\n<p>Esta unidad ofrece distintos niveles de filtraci\u00f3n, de 2 a 3 etapas, y puede configurarse seg\u00fan tus necesidades espec\u00edficas, garantizando una eficacia \u00f3ptima en la<strong>eliminaci\u00f3n de contaminantes<\/strong>. Est\u00e1 equipada con un prefiltro G4, filtros de saturaci\u00f3n F9 a H14 para polvo y humos, y puede incorporar carb\u00f3n activado para el <strong>tratamiento de gases y COV<\/strong>.   <\/p>\n\n<p><\/p>\n\n<p>Adem\u00e1s, est\u00e1 disponible en tres versiones: con brazo de aspiraci\u00f3n, con entrada entubada o en <strong>forma de mesa de aspiraci\u00f3n<\/strong>. Tambi\u00e9n hay disponible una versi\u00f3n ATEX para polvo. <\/p>\n\n<div class=\"wp-block-columns is-layout-flex wp-container-core-columns-is-layout-28f84493 wp-block-columns-is-layout-flex\">\n<div class=\"wp-block-column is-layout-flow wp-block-column-is-layout-flow\">\n<h2 class=\"wp-block-heading has-text-align-center\"><strong>Beneficios<\/strong><\/h2>\n\n\n\n<ul class=\"wp-block-list\">\n<li>Ventilador muy alto<\/li>\n\n\n\n<li>rendimiento<\/li>\n\n\n\n<li>Silenciador<\/li>\n\n\n\n<li>M\u00f3vil, ligero y f\u00e1cil de manejar<br\/><\/li>\n\n\n\n<li>Huella peque\u00f1a<br\/><\/li>\n\n\n\n<li>F\u00e1cil mantenimiento<br\/>de filtros<\/li>\n\n\n\n<li>Caudal regulable de 0 a<br\/>100%.<\/li>\n\n\n\n<li>Fuente de alimentaci\u00f3n con toma est\u00e1ndar de 230 V<br\/><\/li>\n<\/ul>\n<\/div>\n\n\n\n<div class=\"wp-block-column is-layout-flow wp-block-column-is-layout-flow\">\n<h2 class=\"wp-block-heading has-text-align-center\"><strong>Caracter\u00edsticas especiales<\/strong><\/h2>\n\n\n\n<ul class=\"wp-block-list\">\n<li>Sustituci\u00f3n de<\/li>\n\n\n\n<li>medios filtrantes de alto rendimiento<\/li>\n\n\n\n<li>f\u00e1cil<\/li>\n\n\n\n<li>Actualizable y configurable<br\/><\/li>\n\n\n\n<li>Gran capacidad de adsorci\u00f3n<br\/><\/li>\n\n\n\n<li>Contador horario<\/li>\n\n\n\n<li>Medici\u00f3n<br\/>de la suciedad en los filtros<br\/><\/li>\n\n\n\n<li>Ajuste del caudal de<br\/>0 a 100%.<\/li>\n\n\n\n<li>Sistema Plug &amp; Play<\/li>\n\n\n\n<li>Opci\u00f3n ATEX<br\/>polvo<\/li>\n<\/ul>\n<\/div>\n\n\n\n<div class=\"wp-block-column is-layout-flow wp-block-column-is-layout-flow\">\n<h2 class=\"wp-block-heading has-text-align-center\"><strong>Caracter\u00edsticas<\/strong><\/h2>\n\n\n\n<ul class=\"wp-block-list\">\n<li>Caudal m\u00e1x. :<\/li>\n\n\n\n<li>2000 m3\/h<\/li>\n\n\n\n<li>Potencia instalada:<br\/>750W<\/li>\n\n\n\n<li>Alimentaci\u00f3n: 230 V<\/li>\n\n\n\n<li>Dimensiones: 710 x<br\/>710 x 2050<\/li>\n\n\n\n<li>Peso: 70 kg<\/li>\n\n\n\n<li>Nivel de ruido:<br\/>72Db<\/li>\n<\/ul>\n<\/div>\n<\/div>\n\n<h2 class=\"wp-block-heading\">\u00bfPara qu\u00e9 usos?<\/h2>\n\n<p>El <strong>Clearbox es un dispositivo manejable <\/strong>y compacto dise\u00f1ado para capturar y tratar eficazmente contaminantes gaseosos, olores, polvo y humos. Equipado con ruedas, <strong>se adapta f\u00e1cilmente a cualquier espacio de trabajo<\/strong>, y puede tratar tanto puestos fijos como m\u00f3viles. <\/p>\n\n<p><br\/>El Clearbox est\u00e1 equipado con un <strong>prefiltro G4, filtros de saturaci\u00f3n F9 a H14 <\/strong>y, si es necesario, carb\u00f3n activado. Tambi\u00e9n est\u00e1 disponible en versi\u00f3n polvo ATEX. El mantenimiento regular de los filtros es esencial para que la unidad funcione correctamente.  <\/p>\n\n<div class=\"wp-block-columns is-layout-flex wp-container-core-columns-is-layout-28f84493 wp-block-columns-is-layout-flex\">\n<div class=\"wp-block-column is-layout-flow wp-block-column-is-layout-flow\">\n<h3 class=\"wp-block-heading has-text-align-center\">Contaminantes<\/h3>\n\n\n\n<hr class=\"wp-block-separator has-css-opacity is-style-wide\"\/>\n\n\n\n<div class=\"wp-block-columns is-layout-flex wp-container-core-columns-is-layout-28f84493 wp-block-columns-is-layout-flex\">\n<div class=\"wp-block-column is-layout-flow wp-block-column-is-layout-flow\">\n<figure class=\"wp-block-image aligncenter size-large\"><img decoding=\"async\" width=\"70\" height=\"70\" src=\"https:\/\/obera.fr\/wp-content\/uploads\/2020\/08\/industrie-fumees.jpg\" alt=\"Humo industrial\" class=\"wp-image-722\"\/><figcaption class=\"wp-element-caption\">Humos<\/figcaption><\/figure>\n<\/div>\n\n\n\n<div class=\"wp-block-column is-layout-flow wp-block-column-is-layout-flow\">\n<figure class=\"wp-block-image aligncenter size-large\"><img decoding=\"async\" width=\"70\" height=\"70\" src=\"https:\/\/obera.fr\/wp-content\/uploads\/2020\/08\/polluants-poussieres.jpg\" alt=\"Contaminantes Polvo\" class=\"wp-image-675\"\/><figcaption class=\"wp-element-caption\">Polvo<\/figcaption><\/figure>\n<\/div>\n<\/div>\n\n\n\n<div class=\"wp-block-columns is-layout-flex wp-container-core-columns-is-layout-28f84493 wp-block-columns-is-layout-flex\">\n<div class=\"wp-block-column is-layout-flow wp-block-column-is-layout-flow\">\n<figure class=\"wp-block-image aligncenter size-large\"><img decoding=\"async\" width=\"70\" height=\"70\" src=\"https:\/\/obera.fr\/wp-content\/uploads\/2020\/08\/industrie-odeur.jpg\" alt=\"Industria Olor\" class=\"wp-image-723\"\/><figcaption class=\"wp-element-caption\">Olores<\/figcaption><\/figure>\n<\/div>\n\n\n\n<div class=\"wp-block-column is-layout-flow wp-block-column-is-layout-flow\">\n<figure class=\"wp-block-image aligncenter size-large is-resized\"><img decoding=\"async\" width=\"70\" height=\"70\" src=\"https:\/\/obera.fr\/wp-content\/uploads\/2020\/10\/industrie-aerosols.jpg\" alt=\"Aerosoles industriales\" class=\"wp-image-1201\" style=\"width:70px;height:auto\"\/><figcaption class=\"wp-element-caption\">VOCS<\/figcaption><\/figure>\n<\/div>\n<\/div>\n<\/div>\n\n\n\n<div class=\"wp-block-column is-layout-flow wp-block-column-is-layout-flow\">\n<h3 class=\"wp-block-heading has-text-align-center\">Industrias<\/h3>\n\n\n\n<hr class=\"wp-block-separator has-css-opacity is-style-wide\"\/>\n\n\n\n<div class=\"wp-block-columns is-layout-flex wp-container-core-columns-is-layout-28f84493 wp-block-columns-is-layout-flex\">\n<div class=\"wp-block-column is-layout-flow wp-block-column-is-layout-flow\" style=\"flex-basis:100%\">\n<div style=\"height:47px\" aria-hidden=\"true\" class=\"wp-block-spacer\"><\/div>\n\n\n\n<p class=\"has-text-align-center\">Adecuado para todo tipo de industria<\/p>\n<\/div>\n\n\n\n<div class=\"wp-block-column is-layout-flow wp-block-column-is-layout-flow\"><\/div>\n<\/div>\n<\/div>\n<\/div>\n\n<div class=\"wp-block-buttons is-horizontal is-content-justification-center is-layout-flex wp-container-core-buttons-is-layout-03627597 wp-block-buttons-is-layout-flex\">\n<div class=\"wp-block-button has-custom-width wp-block-button__width-100\"><a class=\"wp-block-button__link wp-element-button\" href=\"https:\/\/obera.fr\/es\/contacta-con-nosotros\/\">M\u00e1s informaci\u00f3n<\/a><\/div>\n<\/div>\n\n<h2 class=\"wp-block-heading\">\u00bfCu\u00e1les son las caracter\u00edsticas del Clearbox?<\/h2>\n\n<p>El Clearbox es un <strong>aspirador m\u00f3vil<\/strong> fabricado en Francia, con 5 a\u00f1os de garant\u00eda y un caudal de alto rendimiento de 2000 m\u00b3\/h. Dispone de 3 niveles de filtraci\u00f3n de alto rendimiento, configurables seg\u00fan tus necesidades. Est\u00e1 disponible en 2 niveles de filtraci\u00f3n <strong>con un prefiltro G4 <\/strong>y un filtro de saturaci\u00f3n F9 a H14, o en 3 niveles con carb\u00f3n activado.    <\/p>\n\n<p><\/p>\n\n<p>Adem\u00e1s, est\u00e1 disponible en tres versiones: con brazo de aspiraci\u00f3n, con entrada entubada o en <strong>forma de mesa de aspiraci\u00f3n<\/strong>, y tambi\u00e9n se puede adaptar a una versi\u00f3n ATEX para polvo. Gracias a su gran capacidad de adsorci\u00f3n, elimina un m\u00e1ximo de contaminantes.   <\/p>\n\n<p><\/p>\n\n<p>La sustituci\u00f3n peri\u00f3dica de los filtros es esencial para que el aparato funcione sin problemas. Un <strong>sistema<\/strong> integrado <strong>de medici\u00f3n de la obstrucci\u00f3n de los<\/strong> filtros indica cu\u00e1ndo ha llegado el momento de cambiarlos, y la sustituci\u00f3n del material filtrante es sencilla. <\/p>\n\n<p><\/p>\n\n<p>Es Plug and Play, por lo que es f\u00e1cil de instalar. Equipada con ruedas y un <strong>dise\u00f1o especialmente compacto<\/strong>, es f\u00e1cil de maniobrar y se adapta a cualquier entorno de trabajo. <\/p>\n\n<p><\/p>\n\n<figure class=\"wp-block-table\"><table class=\"has-fixed-layout\"><tbody><tr><td><strong>Dispositivo  <\/strong><\/td><td><\/td><td><strong>Con brazo  <\/strong><\/td><td><strong>Entrada entubada  <\/strong><\/td><td><strong>Tabla<\/strong><\/td><\/tr><tr><td>Caudal m\u00e1ximo  <\/td><td>m3\/h  <\/td><td>2000  <\/td><td>2500  <\/td><td>5000<\/td><\/tr><tr><td>Regulaci\u00f3n del caudal<\/td><td>%\u00a0<\/td><td>0-100  <\/td><td>0-100  <\/td><td>0-100<\/td><\/tr><tr><td>Capacidad instalada<\/td><td>W  <\/td><td>750  <\/td><td>750  <\/td><td>750<\/td><\/tr><tr><td>Fuente de alimentaci\u00f3n  <\/td><td>V  <\/td><td>230  <\/td><td>230  <\/td><td>230<\/td><\/tr><tr><td>Dimensiones totales (AnxLxAl)<\/td><td>mm  <\/td><td>710x710x2050  <\/td><td>710x710x2050  <\/td><td>710x710x2050<\/td><\/tr><tr><td>Peso  <\/td><td>kg  <\/td><td>70  <\/td><td>75  <\/td><td>75<\/td><\/tr><tr><td>Nivel de ruido  <\/td><td>dB  <\/td><td>72  <\/td><td>72  <\/td><td>72<\/td><\/tr><\/tbody><\/table><\/figure>\n","protected":false},"excerpt":{"rendered":"<p>El Clearbox es una unidad de extracci\u00f3n m\u00f3vil fabricada en Francia, con 5 a\u00f1os de garant\u00eda y un caudal de alto rendimiento. Est\u00e1 especialmente dise\u00f1ada para tratar compuestos org\u00e1nicos vol\u00e1tiles (COV), gases, olores, disolventes, polvo y humos. Esta unidad ofrece distintos niveles de filtraci\u00f3n, de 2 a 3 etapas, y puede configurarse seg\u00fan tus necesidades espec\u00edficas, garantizando una eficacia \u00f3ptima en laeliminaci\u00f3n de contaminantes. Est\u00e1 equipada con un prefiltro G4, filtros de saturaci\u00f3n F9 a H14 para polvo y humos, y puede incorporar carb\u00f3n activado para el tratamiento de gases y COV. Adem\u00e1s, est\u00e1 disponible en tres versiones: con brazo &#8230; <\/p>\n<p class=\"read-more-container\"><a title=\"Caja transparente\" class=\"read-more button\" href=\"https:\/\/obera.fr\/es\/clearbox\/#more-115343\" aria-label=\"Leer m\u00e1s sobre Caja transparente\">Lire la suite<\/a><\/p>\n","protected":false},"author":4,"featured_media":0,"parent":0,"menu_order":0,"comment_status":"closed","ping_status":"closed","template":"","meta":{"_acf_changed":false,"_seopress_robots_primary_cat":"","_seopress_titles_title":"Clearbox: Unidad m\u00f3vil de aspiraci\u00f3n de alto rendimiento","_seopress_titles_desc":"Descubre Clearbox, la unidad de extracci\u00f3n m\u00f3vil de alto rendimiento para COV, gases, humo y polvo. Fabricada en Francia, garantizada durante 5 a\u00f1os, configurable y compacta. ","_seopress_robots_index":"","footnotes":""},"class_list":{"0":"post-115343","1":"page","2":"type-page","3":"status-publish","5":"no-featured-image-padding"},"acf":[],"_links":{"self":[{"href":"https:\/\/obera.fr\/es\/wp-json\/wp\/v2\/pages\/115343","targetHints":{"allow":["GET"]}}],"collection":[{"href":"https:\/\/obera.fr\/es\/wp-json\/wp\/v2\/pages"}],"about":[{"href":"https:\/\/obera.fr\/es\/wp-json\/wp\/v2\/types\/page"}],"author":[{"embeddable":true,"href":"https:\/\/obera.fr\/es\/wp-json\/wp\/v2\/users\/4"}],"replies":[{"embeddable":true,"href":"https:\/\/obera.fr\/es\/wp-json\/wp\/v2\/comments?post=115343"}],"version-history":[{"count":1,"href":"https:\/\/obera.fr\/es\/wp-json\/wp\/v2\/pages\/115343\/revisions"}],"predecessor-version":[{"id":115345,"href":"https:\/\/obera.fr\/es\/wp-json\/wp\/v2\/pages\/115343\/revisions\/115345"}],"wp:attachment":[{"href":"https:\/\/obera.fr\/es\/wp-json\/wp\/v2\/media?parent=115343"}],"curies":[{"name":"wp","href":"https:\/\/api.w.org\/{rel}","templated":true}]}}