{"id":37778,"date":"2020-08-26T12:58:52","date_gmt":"2020-08-26T10:58:52","guid":{"rendered":"https:\/\/obera.fr\/materiales-y-equipos-atex\/valvula-antirretorno-atex\/"},"modified":"2025-06-02T10:32:28","modified_gmt":"2025-06-02T08:32:28","slug":"clapet-anti-retour","status":"publish","type":"page","link":"https:\/\/obera.fr\/es\/produits\/atex\/clapet-anti-retour\/","title":{"rendered":"V\u00e1lvula antirretorno ATEX"},"content":{"rendered":"\n<div class=\"wp-block-columns is-layout-flex wp-container-core-columns-is-layout-28f84493 wp-block-columns-is-layout-flex\">\n<div class=\"wp-block-column is-layout-flow wp-block-column-is-layout-flow\" style=\"flex-basis:33.33%\">\n<figure class=\"wp-block-image aligncenter size-full\"><img decoding=\"async\" width=\"175\" height=\"175\" src=\"https:\/\/obera.fr\/wp-content\/uploads\/2020\/09\/Clapet-anti-retour-ATEX-1-175x175-1.png\" alt=\"V\u00e1lvula de retenci\u00f3n Atex 1 175x175 1\" class=\"wp-image-990\" srcset=\"https:\/\/obera.fr\/wp-content\/uploads\/2020\/09\/Clapet-anti-retour-ATEX-1-175x175-1.png 175w, https:\/\/obera.fr\/wp-content\/uploads\/2020\/09\/Clapet-anti-retour-ATEX-1-175x175-1-150x150.png 150w\" sizes=\"(max-width: 175px) 100vw, 175px\" \/><figcaption class=\"wp-element-caption\">V\u00e1lvula antirretorno ATEX<\/figcaption><\/figure>\n<\/div>\n\n\n\n<div class=\"wp-block-column is-layout-flow wp-block-column-is-layout-flow\" style=\"flex-basis:66.66%\">\n<p><strong>Las v\u00e1lvulas antirretorno ATEX<\/strong> son dispositivos de seguridad utilizados en la industria para impedir que los gases o l\u00edquidos retornen a las tuber\u00edas y conductos. Est\u00e1n dise\u00f1adas para su uso en entornos potencialmente explosivos, donde la presencia de gases o polvos inflamables puede causar explosiones y poner en peligro la seguridad de los trabajadores. El t\u00e9rmino ATEX hace referencia a la Directiva Europea 2014\/34\/UE, que establece los requisitos para los equipos utilizados en entornos explosivos.  <\/p>\n\n\n\n<p>Las v\u00e1lvulas antirretorno ATEX cumplen esta directiva y est\u00e1n dise\u00f1adas para satisfacer las normas de seguridad m\u00e1s estrictas en materia de protecci\u00f3n contra explosiones.<\/p>\n\n\n\n<div class=\"wp-block-columns is-layout-flex wp-container-core-columns-is-layout-28f84493 wp-block-columns-is-layout-flex\">\n<div class=\"wp-block-column is-layout-flow wp-block-column-is-layout-flow\" style=\"flex-basis:33.34%\">\n<div class=\"wp-block-buttons is-content-justification-center is-layout-flex wp-container-core-buttons-is-layout-a89b3969 wp-block-buttons-is-layout-flex\">\n<div class=\"wp-block-button\"><a class=\"wp-block-button__link wp-element-button\" href=\"https:\/\/obera.fr\/wp-content\/uploads\/2025\/06\/clapet-anti-retour-atex-en.pdf\" target=\"_blank\" rel=\"noreferrer noopener\">Descargar el folleto<\/a><\/div>\n<\/div>\n<\/div>\n\n\n\n<div class=\"wp-block-column is-layout-flow wp-block-column-is-layout-flow\" style=\"flex-basis:33.34%\">\n<div class=\"wp-block-buttons is-horizontal is-content-justification-center is-layout-flex wp-container-core-buttons-is-layout-03627597 wp-block-buttons-is-layout-flex\">\n<div class=\"wp-block-button has-custom-width wp-block-button__width-100\"><a class=\"wp-block-button__link wp-element-button\" href=\"https:\/\/obera.fr\/es\/contacta-con-nosotros\/\">M\u00e1s informaci\u00f3n<\/a><\/div>\n<\/div>\n<\/div>\n\n\n\n<div class=\"wp-block-column is-layout-flow wp-block-column-is-layout-flow\" style=\"flex-basis:33.33%\">\n<div class=\"wp-block-buttons is-content-justification-center is-layout-flex wp-container-core-buttons-is-layout-a89b3969 wp-block-buttons-is-layout-flex\">\n<div class=\"wp-block-button btn-devis-source\"><a class=\"wp-block-button__link wp-element-button\" href=\"https:\/\/obera.fr\/es\/devis\/\">Pide un presupuesto<\/a><\/div>\n<\/div>\n\n\n<script>\r\ndocument.addEventListener('DOMContentLoaded', function() {\r\n    \/\/ 1. On cherche le titre H1 de la page\r\n    var h1 = document.querySelector('h1');\r\n    var productTitle = h1 ? h1.innerText.trim() : \"\";\r\n\r\n    \/\/ 2. On cherche les boutons via la classe CSS .btn-devis-source\r\n    var buttons = document.querySelectorAll('.btn-devis-source a');\r\n\r\n    \/\/ 3. Si on a le titre et les boutons, on ajoute le param\u00e8tre\r\n    if (buttons.length > 0 && productTitle !== \"\") {\r\n        var encodedTitle = encodeURIComponent(productTitle);\r\n\r\n        buttons.forEach(function(btn) {\r\n            var currentHref = btn.getAttribute('href');\r\n            \r\n            \/\/ S\u00e9curit\u00e9 pour ne pas ajouter le param\u00e8tre 2 fois\r\n            if (currentHref.indexOf('sujet=') === -1) {\r\n                var separator = currentHref.indexOf('?') !== -1 ? '&' : '?';\r\n                var newLink = currentHref + separator + 'sujet=' + encodedTitle;\r\n                \r\n                btn.setAttribute('href', newLink);\r\n            }\r\n        });\r\n    }\r\n});\r\n<\/script><\/div>\n<\/div>\n<\/div>\n<\/div>\n\n\n\n<h2 class=\"wp-block-heading\">C\u00f3mo funciona una v\u00e1lvula antirretorno ATEX<\/h2>\n\n\n\n<p>El funcionamiento de las v\u00e1lvulas antirretorno ATEX es bastante sencillo. Se instalan en tuber\u00edas y conductos para impedir que los fluidos fluyan en sentido contrario.<\/p>\n\n\n\n<p>El funcionamiento de las v\u00e1lvulas antirretorno ATEX es bastante sencillo. Constan de una carcasa, un disco y un muelle. La carcasa se instala en el conducto o tubo de transporte, y el disco se coloca dentro de la carcasa. El muelle est\u00e1 situado en el disco y sirve para mantener una presi\u00f3n constante en la v\u00e1lvula. Cuando el fluido fluye en la direcci\u00f3n correcta, el disco se levanta, permitiendo que el fluido pase a trav\u00e9s de la v\u00e1lvula. Cuando el fluido intenta retroceder, el disco se cierra autom\u00e1ticamente, impidiendo que el fluido retroceda.<\/p>\n\n\n\n<h2 class=\"wp-block-heading\">El uso de v\u00e1lvulas antirretorno ATEX<\/h2>\n\n\n\n<p>Las v\u00e1lvulas antirretorno ATEX se utilizan en una amplia variedad de aplicaciones industriales, como los sectores del petr\u00f3leo y el gas, qu\u00edmico, farmac\u00e9utico, alimentario y de generaci\u00f3n de energ\u00eda. Suelen utilizarse en sistemas de tuber\u00edas para evitar explosiones e incendios, pero tambi\u00e9n pueden emplearse en equipos individuales, como v\u00e1lvulas o bombas.<\/p>\n\n\n\n<p>Las v\u00e1lvulas antirretorno ATEX son especialmente importantes en industrias con riesgo de explosi\u00f3n o incendio. Si una v\u00e1lvula antirretorno falla o funciona mal, los gases o l\u00edquidos inflamables pueden volver al sistema, provocando una acumulaci\u00f3n de presi\u00f3n y una posible explosi\u00f3n o incendio. Por tanto, las v\u00e1lvulas antirretorno ATEX son esenciales para garantizar la seguridad de los trabajadores, los equipos y el medio ambiente en estas industrias.<\/p>\n\n\n\n<p>Adem\u00e1s de su utilidad para evitar explosiones e incendios, las v\u00e1lvulas antirretorno ATEX tienen otras ventajas para las empresas. Por ejemplo, pueden reducir los costes de mantenimiento alargando la vida \u00fatil de los equipos, reduciendo el tiempo de inactividad y evitando costosas reparaciones. Tambi\u00e9n pueden ayudar a mejorar la eficiencia energ\u00e9tica reduciendo las p\u00e9rdidas de presi\u00f3n y minimizando las fugas de productos peligrosos.<\/p>\n\n\n\n<p>Debido al entorno potencialmente peligroso en el que se utilizan, las v\u00e1lvulas antirretorno ATEX est\u00e1n sujetas a normativas estrictas para garantizar su fiabilidad y seguridad. Las normas de dise\u00f1o y rendimiento las establecen organismos como la Agencia Europea para la Seguridad y la Salud en el Trabajo (EU-OSHA).<\/p>\n\n\n\n<h2 class=\"wp-block-heading\">Especificaciones t\u00e9cnicas<\/h2>\n\n\n\n<figure class=\"wp-block-table\"><table class=\"has-fixed-layout\"><tbody><tr><td>V\u00e1lvula antirretorno<\/td><td>Caracter\u00edsticas<\/td><\/tr><tr><td>Temperatura de funcionamiento<\/td><td>-20\u00b0C M\u00e1x +40\u00b0C<\/td><\/tr><tr><td>Kst m\u00e1x<\/td><td>200 bar m\/s<\/td><\/tr><tr><td>Velocidad m\u00e1xima del aire<\/td><td>30 m\/s<\/td><\/tr><tr><td>Pred max<\/td><td>0,5 bar<\/td><\/tr><tr><td>Presi\u00f3n de trabajo<\/td><td>50.000 Pa<\/td><\/tr><tr><td>Nivel de protecci\u00f3n<\/td><td>St1 (org\u00e1nico y no met\u00e1lico)<\/td><\/tr><tr><td>\u00c1rea de aplicaci\u00f3n<\/td><td>20 &#8211; 21 &#8211; 22 (interior)<br>21 &#8211; 22 (exterior)<\/td><\/tr><\/tbody><\/table><\/figure>\n\n\n\n<div class=\"wp-block-columns is-layout-flex wp-container-core-columns-is-layout-28f84493 wp-block-columns-is-layout-flex\">\n<div class=\"wp-block-column is-vertically-aligned-center is-layout-flow wp-block-column-is-layout-flow\">\n<div class=\"wp-block-buttons is-content-justification-center is-layout-flex wp-container-core-buttons-is-layout-a89b3969 wp-block-buttons-is-layout-flex\">\n<div class=\"wp-block-button\"><a class=\"wp-block-button__link wp-element-button\" href=\"https:\/\/obera.fr\/contact\/\">\u00bfNecesitas asesoramiento personalizado?<\/a><\/div>\n<\/div>\n<\/div>\n<\/div>\n\n\n\n<h2 class=\"wp-block-heading\">Los beneficios<\/h2>\n\n\n\n<div class=\"wp-block-columns is-layout-flex wp-container-core-columns-is-layout-28f84493 wp-block-columns-is-layout-flex\">\n<div class=\"wp-block-column is-layout-flow wp-block-column-is-layout-flow\">\n<h3 class=\"wp-block-heading has-text-align-center\"><strong>Beneficios<\/strong><\/h3>\n\n\n\n<ul class=\"wp-block-list\">\n<li>Elimina el riesgo de propagaci\u00f3n de una explosi\u00f3n.<\/li>\n\n\n\n<li>Evita que el polvo retroceda cuando se apaga el sistema.<\/li>\n\n\n\n<li>Alta resistencia a la presi\u00f3n<\/li>\n\n\n\n<li>Sin consumo de energ\u00eda<\/li>\n\n\n\n<li>Totalmente mec\u00e1nico, no requiere mantenimiento.<\/li>\n<\/ul>\n<\/div>\n\n\n\n<div class=\"wp-block-column is-layout-flow wp-block-column-is-layout-flow\">\n<h3 class=\"wp-block-heading has-text-align-center\"><strong>Caracter\u00edsticas especiales<\/strong><\/h3>\n\n\n\n<ul class=\"wp-block-list\">\n<li>Sistema de protecci\u00f3n certificado<\/li>\n\n\n\n<li>Normas ATEX<\/li>\n<\/ul>\n<\/div>\n\n\n\n<div class=\"wp-block-column is-layout-flow wp-block-column-is-layout-flow\">\n<h3 class=\"wp-block-heading has-text-align-center\"><strong>Caracter\u00edsticas<\/strong><\/h3>\n\n\n\n<ul class=\"wp-block-list\">\n<li>Equipos fabricados con garant\u00eda de calidad de producci\u00f3n<\/li>\n\n\n\n<li>Disponible en versiones de abrazadera o brida.<\/li>\n\n\n\n<li>Adecuado para transportar polvos explosivos de clase St1.<\/li>\n<\/ul>\n<\/div>\n<\/div>\n\n\n\n<h2 class=\"wp-block-heading\">Aplicaciones<\/h2>\n\n\n\n<div class=\"wp-block-columns is-layout-flex wp-container-core-columns-is-layout-28f84493 wp-block-columns-is-layout-flex\">\n<div class=\"wp-block-column is-layout-flow wp-block-column-is-layout-flow\">\n<h3 class=\"wp-block-heading has-text-align-center\">Industrias<\/h3>\n\n\n\n<hr class=\"wp-block-separator has-css-opacity is-style-wide\"\/>\n\n\n\n<div class=\"wp-block-columns is-layout-flex wp-container-core-columns-is-layout-28f84493 wp-block-columns-is-layout-flex\">\n<div class=\"wp-block-column is-layout-flow wp-block-column-is-layout-flow\">\n<figure class=\"wp-block-image aligncenter size-large\"><img decoding=\"async\" width=\"70\" height=\"70\" src=\"https:\/\/obera.fr\/wp-content\/uploads\/2020\/08\/industrie-metallurgie.jpg\" alt=\"Industria metal\u00fargica\" class=\"wp-image-673\"\/><figcaption class=\"wp-element-caption\">Metalurgia<\/figcaption><\/figure>\n<\/div>\n\n\n\n<div class=\"wp-block-column is-layout-flow wp-block-column-is-layout-flow\">\n<figure class=\"wp-block-image aligncenter size-large\"><img decoding=\"async\" width=\"70\" height=\"70\" src=\"https:\/\/obera.fr\/wp-content\/uploads\/2020\/08\/industrie-agroalimentaire.jpg\" alt=\"Industria alimentaria\" class=\"wp-image-727\"\/><figcaption class=\"wp-element-caption\">Industria alimentaria<\/figcaption><\/figure>\n<\/div>\n\n\n\n<div class=\"wp-block-column is-layout-flow wp-block-column-is-layout-flow\">\n<figure class=\"wp-block-image aligncenter size-large\"><img decoding=\"async\" width=\"70\" height=\"70\" src=\"https:\/\/obera.fr\/wp-content\/uploads\/2020\/08\/industrie-minerai.jpg\" alt=\"Industria del mineral\" class=\"wp-image-724\"\/><figcaption class=\"wp-element-caption\">Minerales<\/figcaption><\/figure>\n<\/div>\n\n\n\n<div class=\"wp-block-column is-layout-flow wp-block-column-is-layout-flow\">\n<figure class=\"wp-block-image aligncenter size-large\"><img decoding=\"async\" width=\"70\" height=\"70\" src=\"https:\/\/obera.fr\/wp-content\/uploads\/2020\/08\/industrie-bois.jpg\" alt=\"Industria maderera\" class=\"wp-image-672\"\/><figcaption class=\"wp-element-caption\">Carpinter\u00eda<\/figcaption><\/figure>\n<\/div>\n\n\n\n<div class=\"wp-block-column is-layout-flow wp-block-column-is-layout-flow\">\n<figure class=\"wp-block-image aligncenter size-large\"><img decoding=\"async\" width=\"70\" height=\"70\" src=\"https:\/\/obera.fr\/wp-content\/uploads\/2020\/08\/industrie-papier-carton.jpg\" alt=\"Industria del papel y cart\u00f3n\" class=\"wp-image-670\"\/><figcaption class=\"wp-element-caption\">Papel\/cart\u00f3n<\/figcaption><\/figure>\n<\/div>\n\n\n\n<div class=\"wp-block-column is-layout-flow wp-block-column-is-layout-flow\">\n<figure class=\"wp-block-image aligncenter size-large\"><img decoding=\"async\" width=\"70\" height=\"70\" src=\"https:\/\/obera.fr\/wp-content\/uploads\/2020\/08\/industrie-textile.jpg\" alt=\"Industria textil\" class=\"wp-image-671\"\/><figcaption class=\"wp-element-caption\">Textiles<\/figcaption><\/figure>\n<\/div>\n<\/div>\n\n\n\n<p><\/p>\n<\/div>\n<\/div>\n","protected":false},"excerpt":{"rendered":"<p>Las v\u00e1lvulas antirretorno ATEX son dispositivos de seguridad utilizados en la industria para impedir que los gases o l\u00edquidos retornen a las tuber\u00edas y conductos. Est\u00e1n dise\u00f1adas para su uso en entornos potencialmente explosivos, donde la presencia de gases o polvos inflamables puede causar explosiones y poner en peligro la seguridad de los trabajadores. El t\u00e9rmino ATEX hace referencia a la Directiva Europea 2014\/34\/UE, que establece los requisitos para los equipos utilizados en entornos explosivos. Las v\u00e1lvulas antirretorno ATEX cumplen esta directiva y est\u00e1n dise\u00f1adas para satisfacer las normas de seguridad m\u00e1s estrictas en materia de protecci\u00f3n contra explosiones. C\u00f3mo &#8230; <\/p>\n<p class=\"read-more-container\"><a title=\"V\u00e1lvula antirretorno ATEX\" class=\"read-more button\" href=\"https:\/\/obera.fr\/es\/produits\/atex\/clapet-anti-retour\/#more-37778\" aria-label=\"Leer m\u00e1s sobre V\u00e1lvula antirretorno ATEX\">Lire la suite<\/a><\/p>\n","protected":false},"author":4,"featured_media":83751,"parent":37731,"menu_order":0,"comment_status":"closed","ping_status":"closed","template":"","meta":{"_acf_changed":false,"_seopress_robots_primary_cat":"","_seopress_titles_title":"V\u00e1lvula antirretorno ATEX dise\u00f1ada para resistir una explosi\u00f3n","_seopress_titles_desc":"Pueden impedir la transmisi\u00f3n de los efectos peligrosos de una explosi\u00f3n y aislar las zonas con una atm\u00f3sfera de polvo potencialmente explosiva.","_seopress_robots_index":"","footnotes":""},"class_list":{"0":"post-37778","1":"page","2":"type-page","3":"status-publish","4":"has-post-thumbnail","6":"no-featured-image-padding","7":"resize-featured-image"},"acf":[],"_links":{"self":[{"href":"https:\/\/obera.fr\/es\/wp-json\/wp\/v2\/pages\/37778","targetHints":{"allow":["GET"]}}],"collection":[{"href":"https:\/\/obera.fr\/es\/wp-json\/wp\/v2\/pages"}],"about":[{"href":"https:\/\/obera.fr\/es\/wp-json\/wp\/v2\/types\/page"}],"author":[{"embeddable":true,"href":"https:\/\/obera.fr\/es\/wp-json\/wp\/v2\/users\/4"}],"replies":[{"embeddable":true,"href":"https:\/\/obera.fr\/es\/wp-json\/wp\/v2\/comments?post=37778"}],"version-history":[{"count":6,"href":"https:\/\/obera.fr\/es\/wp-json\/wp\/v2\/pages\/37778\/revisions"}],"predecessor-version":[{"id":105727,"href":"https:\/\/obera.fr\/es\/wp-json\/wp\/v2\/pages\/37778\/revisions\/105727"}],"up":[{"embeddable":true,"href":"https:\/\/obera.fr\/es\/wp-json\/wp\/v2\/pages\/37731"}],"wp:featuredmedia":[{"embeddable":true,"href":"https:\/\/obera.fr\/es\/wp-json\/wp\/v2\/media\/83751"}],"wp:attachment":[{"href":"https:\/\/obera.fr\/es\/wp-json\/wp\/v2\/media?parent=37778"}],"curies":[{"name":"wp","href":"https:\/\/api.w.org\/{rel}","templated":true}]}}