{"id":39639,"date":"2024-05-07T15:48:45","date_gmt":"2024-05-07T13:48:45","guid":{"rendered":"https:\/\/obera.fr\/nuestros-productos\/aspiradores-moviles\/"},"modified":"2025-11-15T06:43:46","modified_gmt":"2025-11-15T04:43:46","slug":"caissons-mobiles-aspiration","status":"publish","type":"page","link":"https:\/\/obera.fr\/es\/produits\/caissons-mobiles-aspiration\/","title":{"rendered":"Aspiradores m\u00f3viles"},"content":{"rendered":"\n\n<h2 class=\"wp-block-heading\">\u00bfQu\u00e9 es una unidad m\u00f3vil de aspiraci\u00f3n?<\/h2>\n\n<p>Una unidad m\u00f3vil de aspiraci\u00f3n, tambi\u00e9n conocida como<strong> unidad<\/strong> m\u00f3vil de filtraci\u00f3n<strong>,<\/strong> unidad<strong> m\u00f3vil de aspiraci\u00f3n<\/strong> o unidad m\u00f3vil de filtraci\u00f3n, es generalmente un peque\u00f1o dispositivo m\u00f3vil para extraer contaminantes en origen y filtrarlos. Suele llevar un <a href=\"https:\/\/obera.fr\/es\/produits\/bras-dispositifs-captation\/capot-industriel\/\">brazo de aspiraci\u00f3n en el aparato<\/a> o una entrada entubada que permite conectar una o varias mangueras de aspiraci\u00f3n flexibles a una m\u00e1quina, una campana, una <strong>peque\u00f1a mesa de aspiraci\u00f3n<\/strong> o brazos remotos. <\/p>\n\n<p><\/p>\n\n<div class=\"wp-block-columns is-layout-flex wp-container-core-columns-is-layout-28f84493 wp-block-columns-is-layout-flex\">\n<div class=\"wp-block-column is-layout-flow wp-block-column-is-layout-flow\" style=\"flex-basis:66.66%\">\n<p>Las unidades m\u00f3viles de aspiraci\u00f3n constan de un brazo colector o una entrada entubada, una carcasa con varias etapas, filtros de saturaci\u00f3n y un <strong>ventilador centr\u00edfugo, normalmente monof\u00e1sico<\/strong>. Las carcasas est\u00e1n equipadas con ruedas para facilitar su desplazamiento. El aire aspirado por el dispositivo de recogida (brazo, mesa, etc.) entra en la caja y pasa por etapas de filtraci\u00f3n mec\u00e1nica cada vez m\u00e1s finas, una o varias etapas de filtraci\u00f3n molecular (carb\u00f3n activado) y, por \u00faltimo, una etapa de filtraci\u00f3n HEPA de alta eficacia si el <strong>producto aspirado es peligroso y requiere filtraci\u00f3n HEPA <\/strong>para liberar aire limpio en el edificio.  <\/p>\n\n\n\n<p><\/p>\n<\/div>\n\n\n\n<div class=\"wp-block-column is-layout-flow wp-block-column-is-layout-flow\" style=\"flex-basis:33.33%\">\n<figure class=\"wp-block-image aligncenter size-large is-resized\"><img decoding=\"async\" width=\"1024\" height=\"549\" src=\"https:\/\/obera.fr\/wp-content\/uploads\/2025\/03\/charbon-actif-purple-1024x549.png\" alt=\"carb&#xF3;n activado p&#xFA;rpura\" class=\"wp-image-76468\" style=\"width:269px;height:auto\" srcset=\"https:\/\/obera.fr\/wp-content\/uploads\/2025\/03\/charbon-actif-purple-1024x549.png 1024w, https:\/\/obera.fr\/wp-content\/uploads\/2025\/03\/charbon-actif-purple-300x161.png 300w, https:\/\/obera.fr\/wp-content\/uploads\/2025\/03\/charbon-actif-purple-768x412.png 768w, https:\/\/obera.fr\/wp-content\/uploads\/2025\/03\/charbon-actif-purple.png 1200w\" sizes=\"(max-width: 1024px) 100vw, 1024px\" \/><\/figure>\n<\/div>\n<\/div>\n\n<p>Las unidades de aspiraci\u00f3n est\u00e1n disponibles con caudales muy bajos, de 80-300 m3\/h, para una aspiraci\u00f3n fina en el puesto de trabajo (encolado, soldadura, soldadura electr\u00f3nica, operaciones meticulosas de amolado o lijado, etc.), hasta caudales de 3.000 m3\/h para la aspiraci\u00f3n en varios puestos de trabajo con una sola unidad o para superficies de trabajo m\u00e1s grandes a aspirar (salpicaderos de aspiraci\u00f3n, brazos colectores m\u00e1s grandes). Las <strong>unidades suelen estar equipadas con un potenci\u00f3metro <\/strong>para ajustar el caudal de aspiraci\u00f3n del ventilador centr\u00edfugo a las necesidades de aspiraci\u00f3n. <\/p>\n\n<p>Las unidades m\u00f3viles de aspiraci\u00f3n se utilizan para extraer contaminantes como humo, polvo, contaminantes gaseosos, vapores, disolventes, COV y olores. El principio de caj\u00f3n permite <strong>superponer varias etapas sucesivas de filtraci\u00f3n<\/strong> para tratar   <\/p>\n\n<h2 class=\"wp-block-heading\" id=\"a-quelles-utilisations-conviennent-elles\">Nuestra gama de aspiradores m\u00f3viles  <\/h2>\n\n<div style=\"height:37px\" aria-hidden=\"true\" class=\"wp-block-spacer\"><\/div>\n\n<div class=\"wp-block-columns is-layout-flex wp-container-core-columns-is-layout-28f84493 wp-block-columns-is-layout-flex\">\n<div class=\"wp-block-column is-layout-flow wp-block-column-is-layout-flow\">\n<h3 class=\"wp-block-heading has-text-align-center\">ePURBox ATEX<\/h3>\n\n\n\n<p class=\"has-text-align-center\"><strong>Modularidad y versatilidad<\/strong><\/p>\n\n\n\n<p class=\"has-text-align-center\">Tratamiento de polvos, humos, vapores y disolventes.<\/p>\n\n\n\n<figure class=\"wp-block-image aligncenter size-medium is-resized\"><a href=\"https:\/\/obera.fr\/es\/produits\/caissons-mobiles-aspiration\/epurbox-atex\/#more-115628\"><img decoding=\"async\" width=\"300\" height=\"300\" src=\"https:\/\/obera.fr\/wp-content\/uploads\/2025\/10\/visuel-epurbox-brs-logo-atex-300x300.png\" alt=\"visual epurbox brs logo atex\" class=\"wp-image-130378\" style=\"width:315px;height:auto\" srcset=\"https:\/\/obera.fr\/wp-content\/uploads\/2025\/10\/visuel-epurbox-brs-logo-atex-300x300.png 300w, https:\/\/obera.fr\/wp-content\/uploads\/2025\/10\/visuel-epurbox-brs-logo-atex-1024x1024.png 1024w, https:\/\/obera.fr\/wp-content\/uploads\/2025\/10\/visuel-epurbox-brs-logo-atex-150x150.png 150w, https:\/\/obera.fr\/wp-content\/uploads\/2025\/10\/visuel-epurbox-brs-logo-atex-768x768.png 768w, https:\/\/obera.fr\/wp-content\/uploads\/2025\/10\/visuel-epurbox-brs-logo-atex.png 1200w\" sizes=\"(max-width: 300px) 100vw, 300px\" \/><\/a><\/figure>\n\n\n\n<p class=\"has-text-align-center\">Caudal m\u00e1ximo 1200 m3\/h &#8211; Salida entubada o de brazo<\/p>\n<\/div>\n\n\n\n<div class=\"wp-block-column is-layout-flow wp-block-column-is-layout-flow\">\n<h3 class=\"wp-block-heading has-text-align-center\">Caja transparente<\/h3>\n\n\n\n<p class=\"has-text-align-center\">Tratamiento de humos, vapores y disolventes<\/p>\n\n\n\n<figure class=\"wp-block-image aligncenter size-medium is-resized\"><a href=\"https:\/\/obera.fr\/es\/produits\/caissons-mobiles-aspiration\/clearbox\/\"><img decoding=\"async\" width=\"300\" height=\"300\" src=\"https:\/\/obera.fr\/wp-content\/uploads\/2025\/10\/visuel-clearbox-brs-300x300.png\" alt=\"imagen clearbox brs\" class=\"wp-image-129934\" style=\"object-fit:cover;width:335px;height:auto\" srcset=\"https:\/\/obera.fr\/wp-content\/uploads\/2025\/10\/visuel-clearbox-brs-300x300.png 300w, https:\/\/obera.fr\/wp-content\/uploads\/2025\/10\/visuel-clearbox-brs-1024x1024.png 1024w, https:\/\/obera.fr\/wp-content\/uploads\/2025\/10\/visuel-clearbox-brs-150x150.png 150w, https:\/\/obera.fr\/wp-content\/uploads\/2025\/10\/visuel-clearbox-brs-768x768.png 768w, https:\/\/obera.fr\/wp-content\/uploads\/2025\/10\/visuel-clearbox-brs.png 1200w\" sizes=\"(max-width: 300px) 100vw, 300px\" \/><\/a><\/figure>\n\n\n\n<p class=\"has-text-align-center\">Caudal m\u00e1ximo 2000m3\/h<\/p>\n<\/div>\n<\/div>\n\n<div style=\"height:58px\" aria-hidden=\"true\" class=\"wp-block-spacer\"><\/div>\n\n<div style=\"height:58px\" aria-hidden=\"true\" class=\"wp-block-spacer\"><\/div>\n\n<div class=\"wp-block-columns is-layout-flex wp-container-core-columns-is-layout-28f84493 wp-block-columns-is-layout-flex\">\n<div class=\"wp-block-column is-layout-flow wp-block-column-is-layout-flow\">\n<h3 class=\"wp-block-heading has-text-align-center\">ePUR EX<\/h3>\n\n\n\n<p class=\"has-text-align-center\">Tratamiento de humos, vapores y disolventes<\/p>\n\n\n\n<figure class=\"wp-block-image aligncenter size-medium is-resized\"><a href=\"https:\/\/obera.fr\/es\/produits\/depoussiereurs-industriels\/petits\/aspiration-fumees-soudage-laser-epur-b-ex\/\"><img decoding=\"async\" width=\"300\" height=\"300\" src=\"https:\/\/obera.fr\/wp-content\/uploads\/2023\/10\/epurb-ex-1000-3000-5000-300x300.png\" alt=\"oberA epur b ex 1000 3000 5000\" class=\"wp-image-25016\" style=\"object-fit:cover\" srcset=\"https:\/\/obera.fr\/wp-content\/uploads\/2023\/10\/epurb-ex-1000-3000-5000-300x300.png 300w, https:\/\/obera.fr\/wp-content\/uploads\/2023\/10\/epurb-ex-1000-3000-5000-150x150.png 150w, https:\/\/obera.fr\/wp-content\/uploads\/2023\/10\/epurb-ex-1000-3000-5000.png 600w\" sizes=\"(max-width: 300px) 100vw, 300px\" \/><\/a><\/figure>\n\n\n\n<p class=\"has-text-align-center\">Caudal m\u00e1ximo 350 &#8211; 2800 m3\/h<\/p>\n<\/div>\n\n\n\n<div class=\"wp-block-column is-layout-flow wp-block-column-is-layout-flow\">\n<h3 class=\"wp-block-heading has-text-align-center\">Jumbo<\/h3>\n\n\n\n<p class=\"has-text-align-center\">Tratamiento de humos, vapores y disolventes<\/p>\n\n\n\n<figure class=\"wp-block-image aligncenter size-full is-resized\"><a href=\"https:\/\/obera.fr\/es\/produits\/depoussiereurs-industriels\/petits\/jumbo\/\"><img decoding=\"async\" width=\"500\" height=\"500\" src=\"https:\/\/obera.fr\/wp-content\/uploads\/2020\/10\/jumbo.png\" alt=\"Jumbo\" class=\"wp-image-1171\" style=\"width:302px;height:auto\" srcset=\"https:\/\/obera.fr\/wp-content\/uploads\/2020\/10\/jumbo.png 500w, https:\/\/obera.fr\/wp-content\/uploads\/2020\/10\/jumbo-300x300.png 300w, https:\/\/obera.fr\/wp-content\/uploads\/2020\/10\/jumbo-150x150.png 150w\" sizes=\"(max-width: 500px) 100vw, 500px\" \/><\/a><\/figure>\n\n\n\n<p class=\"has-text-align-center\">Caudal m\u00e1ximo 170 m3\/h<\/p>\n<\/div>\n<\/div>\n\n<div style=\"height:58px\" aria-hidden=\"true\" class=\"wp-block-spacer\"><\/div>\n\n<div class=\"wp-block-columns is-layout-flex wp-container-core-columns-is-layout-28f84493 wp-block-columns-is-layout-flex\">\n<div class=\"wp-block-column is-layout-flow wp-block-column-is-layout-flow\">\n<h3 class=\"wp-block-heading has-text-align-center\">ePUR010 CA<\/h3>\n\n\n\n<p class=\"has-text-align-center\">Tratamiento de humos, vapores y disolventes<\/p>\n\n\n\n<figure class=\"wp-block-image aligncenter size-medium is-resized\"><a href=\"https:\/\/obera.fr\/es\/produits\/traitement-cov\/filtre-anti-poussiere-epur010-b-ca\/\"><img decoding=\"async\" width=\"221\" height=\"300\" src=\"https:\/\/obera.fr\/wp-content\/uploads\/2022\/02\/EPUR010-B-CA-221x300.png\" alt=\"epur010 b ca\" class=\"wp-image-8919\" style=\"object-fit:cover;width:239px;height:auto\" srcset=\"https:\/\/obera.fr\/wp-content\/uploads\/2022\/02\/EPUR010-B-CA-221x300.png 221w, https:\/\/obera.fr\/wp-content\/uploads\/2022\/02\/EPUR010-B-CA-753x1024.png 753w, https:\/\/obera.fr\/wp-content\/uploads\/2022\/02\/EPUR010-B-CA-768x1044.png 768w, https:\/\/obera.fr\/wp-content\/uploads\/2022\/02\/EPUR010-B-CA-1130x1536.png 1130w, https:\/\/obera.fr\/wp-content\/uploads\/2022\/02\/EPUR010-B-CA-1507x2048.png 1507w, https:\/\/obera.fr\/wp-content\/uploads\/2022\/02\/EPUR010-B-CA.png 1788w\" sizes=\"(max-width: 221px) 100vw, 221px\" \/><\/a><\/figure>\n\n\n\n<p class=\"has-text-align-center\">Caudal m\u00e1ximo 150 m3\/h<\/p>\n<\/div>\n<\/div>\n\n<p class=\"has-text-align-center\"><\/p>\n\n<p><\/p>\n\n<div class=\"wp-block-buttons is-horizontal is-content-justification-center is-layout-flex wp-container-core-buttons-is-layout-03627597 wp-block-buttons-is-layout-flex\">\n<div class=\"wp-block-button has-custom-width wp-block-button__width-100\"><a class=\"wp-block-button__link wp-element-button\" href=\"https:\/\/obera.fr\/es\/contacta-con-nosotros\/\">M\u00e1s informaci\u00f3n<\/a><\/div>\n<\/div>\n\n<h2 class=\"wp-block-heading\">\u00bfPor qu\u00e9 utilizar una unidad m\u00f3vil de aspiraci\u00f3n?<\/h2>\n\n<p>Una caja de aspiraci\u00f3n m\u00f3vil se utiliza generalmente para <strong>captar contaminantes en un puesto de trabajo<\/strong>. La caja de aspiraci\u00f3n m\u00f3vil puede trasladarse f\u00e1cilmente de un puesto de trabajo a otro. Adem\u00e1s, si el cliente no dispone de una red de aspiraci\u00f3n cercana, es m\u00e1s sencillo colocar una caja de aspiraci\u00f3n m\u00f3vil que desplegar una red de tuber\u00edas desde una instalaci\u00f3n de aspiraci\u00f3n centralizada. Del mismo modo, a menudo es dif\u00edcil<strong>evacuar el contaminante al exterior<\/strong>, por lo que la caja m\u00f3vil capta el producto all\u00ed donde se genera, lo filtra y descarga el aire tratado en la propia zona. La filtraci\u00f3n debe adaptarse a los contaminantes, y en particular debe elegirse una filtraci\u00f3n HEPA H13 o H14 de alta eficacia cuando haya que filtrar compuestos CMR. La mayor\u00eda de las unidades m\u00f3viles de filtraci\u00f3n pueden<strong> equiparse con una salida de aire<\/strong> limpio entubada si el cliente desea descargar el aire limpio al exterior.     <\/p>\n\n<h2 class=\"wp-block-heading\">\u00bfQu\u00e9 aplicaciones cubren las unidades m\u00f3viles de filtraci\u00f3n?<\/h2>\n\n<div class=\"wp-block-columns is-layout-flex wp-container-core-columns-is-layout-28f84493 wp-block-columns-is-layout-flex\">\n<div class=\"wp-block-column is-layout-flow wp-block-column-is-layout-flow\" style=\"flex-basis:33.33%\">\n<figure class=\"wp-block-image aligncenter size-large is-resized\"><img decoding=\"async\" width=\"1024\" height=\"1024\" src=\"https:\/\/obera.fr\/wp-content\/uploads\/2025\/03\/2-1024x1024.png\" alt=\"Soluci&#xF3;n OberA\" class=\"wp-image-77618\" style=\"width:271px;height:auto\" srcset=\"https:\/\/obera.fr\/wp-content\/uploads\/2025\/03\/2-1024x1024.png 1024w, https:\/\/obera.fr\/wp-content\/uploads\/2025\/03\/2-300x300.png 300w, https:\/\/obera.fr\/wp-content\/uploads\/2025\/03\/2-150x150.png 150w, https:\/\/obera.fr\/wp-content\/uploads\/2025\/03\/2-768x768.png 768w, https:\/\/obera.fr\/wp-content\/uploads\/2025\/03\/2.png 1200w\" sizes=\"(max-width: 1024px) 100vw, 1024px\" \/><\/figure>\n<\/div>\n\n\n\n<div class=\"wp-block-column is-layout-flow wp-block-column-is-layout-flow\" style=\"flex-basis:66.66%\">\n<ul class=\"wp-block-list\">\n<li><strong>Las unidades m\u00f3viles de extracci\u00f3n <\/strong>se utilizan generalmente en las siguientes aplicaciones:<\/li>\n\n\n\n<li>Soldadura fuerte, soldadura blanda, industria electr\u00f3nica<\/li>\n\n\n\n<li>Laboratorios, manipulaci\u00f3n, dosificaci\u00f3n y decantaci\u00f3n de productos qu\u00edmicos l\u00edquidos, en resina o en polvo<\/li>\n\n\n\n<li>Joyer\u00eda<\/li>\n\n\n\n<li>M\u00e1quina l\u00e1ser (corte de cart\u00f3n, pl\u00e1sticos, &#8230;.)<\/li>\n\n\n\n<li>Fabricaci\u00f3n aditiva (m\u00e1quina 3D, etc.)<\/li>\n\n\n\n<li><strong>Estaciones de encolado<\/strong><\/li>\n\n\n\n<li>Limpieza y desengrase de piezas ;<\/li>\n\n\n\n<li>Restauraci\u00f3n de obras de arte, vernissage<\/li>\n\n\n\n<li><strong>Lijado, esmerilado, decapado, pulido y<\/strong> desbarbado de piezas peque\u00f1as de metal, materiales compuestos o pl\u00e1sticos.<\/li>\n<\/ul>\n<\/div>\n<\/div>\n\n<h2 class=\"wp-block-heading\">\u00bfC\u00f3mo elijo mi unidad m\u00f3vil de aspiraci\u00f3n?<\/h2>\n\n<p>Para <strong>elegir el aspirador adecuado<\/strong>, primero tienes que validar los tipos de contaminantes a tratar. Si s\u00f3lo se trata de polvo o humos, bastar\u00e1 con etapas de filtraci\u00f3n mec\u00e1nica. Si hay que tratar vapores, disolventes o COV, hay que utilizar filtros de carb\u00f3n activo. Cada vez m\u00e1s, los procesos generan ambas cosas, ya que el calentamiento del <g id=\"gid_1\">material vaporiza los materiales y emite contaminantes<\/g> en forma de humos (s\u00f3lidos) y gases (normalmente COV). En estos casos, se requiere una combinaci\u00f3n de etapas de filtraci\u00f3n de part\u00edculas (filtros mec\u00e1nicos) y etapas de filtraci\u00f3n molecular (carbones activados).    <\/p>\n\n<p>Adem\u00e1s, si los contaminantes son t\u00f3xicos, tendr\u00e1s que elegir una filtraci\u00f3n HEPA adecuada. Si el equipo tiene que extraer polvos o gases explosivos, deber\u00e1s elegir <strong>un dispositivo ATEX adaptado a los riesgos<\/strong>. <\/p>\n\n<p>El caudal de aspiraci\u00f3n es obviamente un factor determinante en la elecci\u00f3n del aparato. Podemos ayudarte a determinarlo. <\/p>\n\n<h2 class=\"wp-block-heading\">Costes de funcionamiento y mantenimiento<\/h2>\n\n<p><strong>Las unidades m\u00f3viles de extracci\u00f3n<\/strong> est\u00e1n equipadas con filtros de saturaci\u00f3n. Dependiendo del tama\u00f1o de las part\u00edculas del polvo y los humos a tratar, hay que seleccionar la combinaci\u00f3n adecuada de filtros. <\/p>\n\n<p>Cuanto m\u00e1s eficaces sean los filtros, m\u00e1s caros ser\u00e1n. Por tanto, el objetivo es saturar al m\u00e1ximo las<strong> etapas<\/strong> superiores<strong> para conservar los filtros<\/strong> m\u00e1s precisos. Si es posible, hay que aumentar las etapas de prefiltraci\u00f3n (por ejemplo, G4, M6, F9&#8230; para proteger los filtros HEPA de alta eficacia H13 o H14). La longevidad de los filtros depender\u00e1 de la cantidad de contaminantes, el tiempo de uso y la distribuci\u00f3n del tama\u00f1o de las part\u00edculas del contaminante. En algunos casos, es posible realizar una medici\u00f3n para seleccionar las etapas de filtraci\u00f3n adecuadas.    <\/p>\n","protected":false},"excerpt":{"rendered":"<p>\u00bfQu\u00e9 es una unidad m\u00f3vil de aspiraci\u00f3n? Una unidad m\u00f3vil de aspiraci\u00f3n, tambi\u00e9n conocida como unidad m\u00f3vil de filtraci\u00f3n, unidad m\u00f3vil de aspiraci\u00f3n o unidad m\u00f3vil de filtraci\u00f3n, es generalmente un peque\u00f1o dispositivo m\u00f3vil para extraer contaminantes en origen y filtrarlos. Suele llevar un brazo de aspiraci\u00f3n en el aparato o una entrada entubada que permite conectar una o varias mangueras de aspiraci\u00f3n flexibles a una m\u00e1quina, una campana, una peque\u00f1a mesa de aspiraci\u00f3n o brazos remotos. Las unidades m\u00f3viles de aspiraci\u00f3n constan de un brazo colector o una entrada entubada, una carcasa con varias etapas, filtros de saturaci\u00f3n y &#8230; <\/p>\n<p class=\"read-more-container\"><a title=\"Aspiradores m\u00f3viles\" class=\"read-more button\" href=\"https:\/\/obera.fr\/es\/produits\/caissons-mobiles-aspiration\/#more-39639\" aria-label=\"Leer m\u00e1s sobre Aspiradores m\u00f3viles\">Lire la suite<\/a><\/p>\n","protected":false},"author":4,"featured_media":83751,"parent":37908,"menu_order":0,"comment_status":"closed","ping_status":"closed","template":"","meta":{"_acf_changed":false,"_seopress_robots_primary_cat":"","_seopress_titles_title":"oberA aspiradores m\u00f3viles","_seopress_titles_desc":"Nuestra gama de aspiradores m\u00f3viles: ePURBox: Modularidad y Versatilidad, ePUR010 B CA, Jumbo y EPUR B EX","_seopress_robots_index":"","footnotes":""},"class_list":{"0":"post-39639","1":"page","2":"type-page","3":"status-publish","4":"has-post-thumbnail","6":"no-featured-image-padding","7":"resize-featured-image"},"acf":[],"_links":{"self":[{"href":"https:\/\/obera.fr\/es\/wp-json\/wp\/v2\/pages\/39639","targetHints":{"allow":["GET"]}}],"collection":[{"href":"https:\/\/obera.fr\/es\/wp-json\/wp\/v2\/pages"}],"about":[{"href":"https:\/\/obera.fr\/es\/wp-json\/wp\/v2\/types\/page"}],"author":[{"embeddable":true,"href":"https:\/\/obera.fr\/es\/wp-json\/wp\/v2\/users\/4"}],"replies":[{"embeddable":true,"href":"https:\/\/obera.fr\/es\/wp-json\/wp\/v2\/comments?post=39639"}],"version-history":[{"count":14,"href":"https:\/\/obera.fr\/es\/wp-json\/wp\/v2\/pages\/39639\/revisions"}],"predecessor-version":[{"id":131952,"href":"https:\/\/obera.fr\/es\/wp-json\/wp\/v2\/pages\/39639\/revisions\/131952"}],"up":[{"embeddable":true,"href":"https:\/\/obera.fr\/es\/wp-json\/wp\/v2\/pages\/37908"}],"wp:featuredmedia":[{"embeddable":true,"href":"https:\/\/obera.fr\/es\/wp-json\/wp\/v2\/media\/83751"}],"wp:attachment":[{"href":"https:\/\/obera.fr\/es\/wp-json\/wp\/v2\/media?parent=39639"}],"curies":[{"name":"wp","href":"https:\/\/api.w.org\/{rel}","templated":true}]}}