{"id":41958,"date":"2024-05-07T09:40:24","date_gmt":"2024-05-07T07:40:24","guid":{"rendered":"https:\/\/obera.fr\/nuestros-productos\/aspiradores-moviles\/caja-de-aspiracion-movil-epurbox-brs\/"},"modified":"2025-06-30T13:59:55","modified_gmt":"2025-06-30T11:59:55","slug":"epurbox-brs","status":"publish","type":"page","link":"https:\/\/obera.fr\/es\/produits\/caissons-mobiles-aspiration\/epurbox-brs\/","title":{"rendered":"Caja de aspiraci\u00f3n m\u00f3vil ePURbox BRS"},"content":{"rendered":"\n<div class=\"wp-block-columns is-layout-flex wp-container-core-columns-is-layout-28f84493 wp-block-columns-is-layout-flex\">\n<div class=\"wp-block-column is-layout-flow wp-block-column-is-layout-flow\" style=\"flex-basis:33.33%\">\n<figure class=\"wp-block-image aligncenter size-medium\"><img decoding=\"async\" width=\"300\" height=\"300\" src=\"https:\/\/obera.fr\/wp-content\/uploads\/2024\/05\/epurbox-brs-300x300.png\" alt=\"epurbox brs\" class=\"wp-image-30328\" srcset=\"https:\/\/obera.fr\/wp-content\/uploads\/2024\/05\/epurbox-brs-300x300.png 300w, https:\/\/obera.fr\/wp-content\/uploads\/2024\/05\/epurbox-brs-1024x1024.png 1024w, https:\/\/obera.fr\/wp-content\/uploads\/2024\/05\/epurbox-brs-150x150.png 150w, https:\/\/obera.fr\/wp-content\/uploads\/2024\/05\/epurbox-brs-768x768.png 768w, https:\/\/obera.fr\/wp-content\/uploads\/2024\/05\/epurbox-brs.png 1200w\" sizes=\"(max-width: 300px) 100vw, 300px\" \/><figcaption class=\"wp-element-caption\">ePURbox BRS<\/figcaption><\/figure>\n<\/div>\n\n\n\n<div class=\"wp-block-column is-layout-flow wp-block-column-is-layout-flow\" style=\"flex-basis:66.66%\">\n<p class=\"has-drop-cap\"><\/p>\n\n\n\n<hr class=\"wp-block-separator has-text-color has-black-color has-css-opacity has-black-background-color has-background is-style-dots\"\/>\n\n\n\n<div class=\"wp-block-columns is-layout-flex wp-container-core-columns-is-layout-28f84493 wp-block-columns-is-layout-flex\">\n<div class=\"wp-block-column is-layout-flow wp-block-column-is-layout-flow\" style=\"flex-basis:33.33%\">\n<div class=\"wp-block-buttons is-layout-flex wp-block-buttons-is-layout-flex\">\n<div class=\"wp-block-button\"><a class=\"wp-block-button__link wp-element-button\" href=\"https:\/\/obera.fr\/wp-content\/uploads\/2025\/04\/brochure-epurbox-atex-brs-fr.pdf\">DESCARGAR EL FOLLETO<\/a><\/div>\n<\/div>\n<\/div>\n\n\n\n<div class=\"wp-block-column is-layout-flow wp-block-column-is-layout-flow\" style=\"flex-basis:33.34%\">\n<div class=\"wp-block-buttons is-horizontal is-content-justification-center is-layout-flex wp-container-core-buttons-is-layout-03627597 wp-block-buttons-is-layout-flex\">\n<div class=\"wp-block-button has-custom-width wp-block-button__width-100\"><a class=\"wp-block-button__link wp-element-button\" href=\"https:\/\/obera.fr\/es\/contacta-con-nosotros\/\">M\u00e1s informaci\u00f3n<\/a><\/div>\n<\/div>\n<\/div>\n\n\n\n<div class=\"wp-block-column is-layout-flow wp-block-column-is-layout-flow\" style=\"flex-basis:33.34%\">\n<div class=\"wp-block-buttons is-content-justification-center is-layout-flex wp-container-core-buttons-is-layout-a89b3969 wp-block-buttons-is-layout-flex\">\n<div class=\"wp-block-button btn-devis-source\"><a class=\"wp-block-button__link wp-element-button\" href=\"https:\/\/obera.fr\/es\/devis\/\">Pide un presupuesto<\/a><\/div>\n<\/div>\n\n\n<script>\r\ndocument.addEventListener('DOMContentLoaded', function() {\r\n    \/\/ 1. On cherche le titre H1 de la page\r\n    var h1 = document.querySelector('h1');\r\n    var productTitle = h1 ? h1.innerText.trim() : \"\";\r\n\r\n    \/\/ 2. On cherche les boutons via la classe CSS .btn-devis-source\r\n    var buttons = document.querySelectorAll('.btn-devis-source a');\r\n\r\n    \/\/ 3. Si on a le titre et les boutons, on ajoute le param\u00e8tre\r\n    if (buttons.length > 0 && productTitle !== \"\") {\r\n        var encodedTitle = encodeURIComponent(productTitle);\r\n\r\n        buttons.forEach(function(btn) {\r\n            var currentHref = btn.getAttribute('href');\r\n            \r\n            \/\/ S\u00e9curit\u00e9 pour ne pas ajouter le param\u00e8tre 2 fois\r\n            if (currentHref.indexOf('sujet=') === -1) {\r\n                var separator = currentHref.indexOf('?') !== -1 ? '&' : '?';\r\n                var newLink = currentHref + separator + 'sujet=' + encodedTitle;\r\n                \r\n                btn.setAttribute('href', newLink);\r\n            }\r\n        });\r\n    }\r\n});\r\n<\/script><\/div>\n<\/div>\n\n\n\n<p><\/p>\n<\/div>\n<\/div>\n\n<div class=\"wp-block-columns is-layout-flex wp-container-core-columns-is-layout-28f84493 wp-block-columns-is-layout-flex\">\n<div class=\"wp-block-column is-layout-flow wp-block-column-is-layout-flow\">\n<h2 class=\"wp-block-heading has-text-align-center\"><strong>Beneficios<\/strong><\/h2>\n\n\n\n<ul class=\"wp-block-list\">\n<li>Ventilador de muy alta eficiencia<\/li>\n\n\n\n<li>Silenciador<\/li>\n\n\n\n<li>M\u00f3vil, ligero, f\u00e1cil de manejar<\/li>\n\n\n\n<li>Ocupa poco espacio<\/li>\n\n\n\n<li>F\u00e1cil mantenimiento del filtro<\/li>\n\n\n\n<li>Caudal regulable de 0 a 100%.<\/li>\n\n\n\n<li>Sistema Plug &amp; Play<\/li>\n<\/ul>\n\n\n\n<p><\/p>\n<\/div>\n\n\n\n<div class=\"wp-block-column is-layout-flow wp-block-column-is-layout-flow\">\n<h2 class=\"wp-block-heading has-text-align-center\"><strong>Caracter\u00edsticas especiales<\/strong><\/h2>\n\n\n\n<ul class=\"wp-block-list\">\n<li>F\u00e1cil sustituci\u00f3n del medio filtrante<\/li>\n\n\n\n<li>Actualizable y configurable<\/li>\n\n\n\n<li>Atex 2 gas \/ Atex 22 polvo<\/li>\n\n\n\n<li>Gran capacidad de adsorci\u00f3n<\/li>\n\n\n\n<li>Contador horario<\/li>\n\n\n\n<li>Indicador de obstrucci\u00f3n del filtro<\/li>\n\n\n\n<li>220V<\/li>\n<\/ul>\n\n\n\n<p><\/p>\n<\/div>\n\n\n\n<div class=\"wp-block-column is-layout-flow wp-block-column-is-layout-flow\">\n<h2 class=\"wp-block-heading has-text-align-center\"><strong>Caracter\u00edsticas<\/strong><\/h2>\n\n\n\n<ul class=\"wp-block-list\">\n<li>Caudal m\u00e1ximo 1200 m3\/h<\/li>\n\n\n\n<li>di\u00e1metro de entrada 140 mm<\/li>\n\n\n\n<li>Vac\u00edo m\u00e1ximo 1350 Pa<\/li>\n\n\n\n<li>Potencia nominal 0,75 kW<\/li>\n\n\n\n<li>15 kg de filtro de carb\u00f3n activado<\/li>\n\n\n\n<li>Dimensiones: 700 x 710 x 1060 mm<\/li>\n\n\n\n<li>Peso 90 kg<\/li>\n\n\n\n<li>Nivel de ruido 68 db<\/li>\n<\/ul>\n\n\n\n<figure class=\"wp-block-image aligncenter size-large is-resized\"><img decoding=\"async\" width=\"1024\" height=\"549\" src=\"https:\/\/obera.fr\/wp-content\/uploads\/2025\/03\/charbon-actif-mix-1024x549.jpg\" alt=\"mezcla de carb&#xF3;n activado\" class=\"wp-image-76515\" style=\"width:207px;height:auto\" srcset=\"https:\/\/obera.fr\/wp-content\/uploads\/2025\/03\/charbon-actif-mix-1024x549.jpg 1024w, https:\/\/obera.fr\/wp-content\/uploads\/2025\/03\/charbon-actif-mix-300x161.jpg 300w, https:\/\/obera.fr\/wp-content\/uploads\/2025\/03\/charbon-actif-mix-768x412.jpg 768w, https:\/\/obera.fr\/wp-content\/uploads\/2025\/03\/charbon-actif-mix.jpg 1200w\" sizes=\"(max-width: 1024px) 100vw, 1024px\" \/><\/figure>\n<\/div>\n<\/div>\n\n<div class=\"wp-block-columns is-layout-flex wp-container-core-columns-is-layout-28f84493 wp-block-columns-is-layout-flex\">\n<div class=\"wp-block-column is-layout-flow wp-block-column-is-layout-flow\" style=\"flex-basis:25%\"><\/div>\n\n\n\n<div class=\"wp-block-column is-layout-flow wp-block-column-is-layout-flow\" style=\"flex-basis:50%\">\n<figure class=\"wp-block-embed is-type-video is-provider-youtube wp-block-embed-youtube wp-embed-aspect-16-9 wp-has-aspect-ratio\"><div class=\"wp-block-embed__wrapper\">\n<iframe title=\"Caisson mobile d&#039;aspiration - ePURbox Atex - OberA\" width=\"1200\" height=\"675\" src=\"https:\/\/www.youtube.com\/embed\/vpDttbOwJGQ?feature=oembed\" frameborder=\"0\" allow=\"accelerometer; autoplay; clipboard-write; encrypted-media; gyroscope; picture-in-picture; web-share\" referrerpolicy=\"strict-origin-when-cross-origin\" allowfullscreen><\/iframe>\n<\/div><\/figure>\n\n\n\n<p><\/p>\n<\/div>\n<\/div>\n\n<h2 class=\"wp-block-heading\">\u00bfEn qu\u00e9 sectores industriales se utiliza?<\/h2>\n\n<div class=\"wp-block-columns is-layout-flex wp-container-core-columns-is-layout-28f84493 wp-block-columns-is-layout-flex\">\n<div class=\"wp-block-column is-layout-flow wp-block-column-is-layout-flow\">\n<h3 class=\"wp-block-heading has-text-align-center\">Contaminantes<\/h3>\n\n\n\n<hr class=\"wp-block-separator has-css-opacity is-style-wide\"\/>\n\n\n\n<div class=\"wp-block-columns is-layout-flex wp-container-core-columns-is-layout-28f84493 wp-block-columns-is-layout-flex\">\n<div class=\"wp-block-column is-layout-flow wp-block-column-is-layout-flow\">\n<figure class=\"wp-block-image aligncenter size-large\"><img decoding=\"async\" width=\"70\" height=\"70\" src=\"https:\/\/obera.fr\/wp-content\/uploads\/2020\/08\/industrie-fumees.jpg\" alt=\"Humo industrial\" class=\"wp-image-722\"\/><figcaption class=\"wp-element-caption\">Humos<\/figcaption><\/figure>\n<\/div>\n\n\n\n<div class=\"wp-block-column is-layout-flow wp-block-column-is-layout-flow\"><\/div>\n<\/div>\n\n\n\n<p><\/p>\n<\/div>\n\n\n\n<div class=\"wp-block-column is-layout-flow wp-block-column-is-layout-flow\">\n<h3 class=\"wp-block-heading has-text-align-center\">Industrias<\/h3>\n\n\n\n<hr class=\"wp-block-separator has-css-opacity is-style-wide\"\/>\n\n\n\n<div class=\"wp-block-columns is-layout-flex wp-container-core-columns-is-layout-28f84493 wp-block-columns-is-layout-flex\">\n<div class=\"wp-block-column is-layout-flow wp-block-column-is-layout-flow\">\n<figure class=\"wp-block-image aligncenter size-large\"><img decoding=\"async\" width=\"70\" height=\"70\" src=\"https:\/\/obera.fr\/wp-content\/uploads\/2020\/08\/industrie-metallurgie.jpg\" alt=\"Industria metal&#xFA;rgica\" class=\"wp-image-673\"\/><figcaption class=\"wp-element-caption\">Metalurgia<\/figcaption><\/figure>\n<\/div>\n\n\n\n<div class=\"wp-block-column is-layout-flow wp-block-column-is-layout-flow\"><\/div>\n<\/div>\n<\/div>\n<\/div>\n\n<div class=\"wp-block-buttons is-horizontal is-content-justification-center is-layout-flex wp-container-core-buttons-is-layout-03627597 wp-block-buttons-is-layout-flex\">\n<div class=\"wp-block-button has-custom-width wp-block-button__width-100\"><a class=\"wp-block-button__link wp-element-button\" href=\"https:\/\/obera.fr\/es\/contacta-con-nosotros\/\">M\u00e1s informaci\u00f3n<\/a><\/div>\n<\/div>\n\n<h2 class=\"wp-block-heading\">Especificaciones t\u00e9cnicas<\/h2>\n\n<figure class=\"wp-block-table\"><table class=\"has-fixed-layout\"><thead><tr><th>Dispositivo<\/th><th><\/th><th>ePURBOX<\/th><\/tr><\/thead><tbody><tr><td>Flujo<\/td><td>m3\/h<\/td><td>1 200<\/td><\/tr><tr><td>Di\u00e1metro de entrada<\/td><td>mm<\/td><td>140<\/td><\/tr><tr><td>Vac\u00edo m\u00e1x.<\/td><td>Pa<\/td><td>1 350<\/td><\/tr><tr><td>Tensi\u00f3n de alimentaci\u00f3n<\/td><td>V<\/td><td>230<\/td><\/tr><tr><td>Potencia<\/td><td>kW<\/td><td>0.75<\/td><\/tr><tr><td>Dimensiones<\/td><td>l\/L\/h (mm)<\/td><td>700 x 710 x 1060 mm<\/td><\/tr><tr><td>Peso<\/td><td>kg<\/td><td>90<\/td><\/tr><tr><td>Nivel de ruido<\/td><td>dB(A)<\/td><td>68<\/td><\/tr><\/tbody><\/table><\/figure>\n\n<div class=\"wp-block-buttons is-content-justification-center is-layout-flex wp-container-core-buttons-is-layout-a89b3969 wp-block-buttons-is-layout-flex\">\n<div class=\"wp-block-button is-style-fill\"><a class=\"wp-block-button__link wp-element-button\" href=\"https:\/\/obera.fr\/wp-content\/uploads\/2025\/04\/brochure-epurbox-atex-brs-fr.pdf\">Descargar la ficha de producto<\/a><\/div>\n<\/div>\n\n<hr class=\"wp-block-separator has-css-opacity is-style-dots\"\/>\n","protected":false},"excerpt":{"rendered":"<p>Beneficios Caracter\u00edsticas especiales Caracter\u00edsticas \u00bfEn qu\u00e9 sectores industriales se utiliza? Contaminantes Industrias Especificaciones t\u00e9cnicas Dispositivo ePURBOX Flujo m3\/h 1 200 Di\u00e1metro de entrada mm 140 Vac\u00edo m\u00e1x. Pa 1 350 Tensi\u00f3n de alimentaci\u00f3n V 230 Potencia kW 0.75 Dimensiones l\/L\/h (mm) 700 x 710 x 1060 mm Peso kg 90 Nivel de ruido dB(A) 68<\/p>\n","protected":false},"author":4,"featured_media":83751,"parent":39639,"menu_order":0,"comment_status":"closed","ping_status":"closed","template":"","meta":{"_acf_changed":false,"_seopress_robots_primary_cat":"","_seopress_titles_title":"Caisson mobile d'aspiration ePURBOX BRS - oberA","_seopress_titles_desc":"Un caisson mobile d\u2019aspiration, aussi appel\u00e9 caisson mobile de filtration ou unit\u00e9 mobile d\u2019aspiration ou encore unit\u00e9 mobile de filtration, est g\u00e9n\u00e9ralement un petit appareil mobile permettant d\u2019aspirer les polluants \u00e0 la source et de les filtrer.","_seopress_robots_index":"","footnotes":""},"class_list":{"0":"post-41958","1":"page","2":"type-page","3":"status-publish","4":"has-post-thumbnail","6":"no-featured-image-padding","7":"resize-featured-image"},"acf":[],"_links":{"self":[{"href":"https:\/\/obera.fr\/es\/wp-json\/wp\/v2\/pages\/41958","targetHints":{"allow":["GET"]}}],"collection":[{"href":"https:\/\/obera.fr\/es\/wp-json\/wp\/v2\/pages"}],"about":[{"href":"https:\/\/obera.fr\/es\/wp-json\/wp\/v2\/types\/page"}],"author":[{"embeddable":true,"href":"https:\/\/obera.fr\/es\/wp-json\/wp\/v2\/users\/4"}],"replies":[{"embeddable":true,"href":"https:\/\/obera.fr\/es\/wp-json\/wp\/v2\/comments?post=41958"}],"version-history":[{"count":18,"href":"https:\/\/obera.fr\/es\/wp-json\/wp\/v2\/pages\/41958\/revisions"}],"predecessor-version":[{"id":116616,"href":"https:\/\/obera.fr\/es\/wp-json\/wp\/v2\/pages\/41958\/revisions\/116616"}],"up":[{"embeddable":true,"href":"https:\/\/obera.fr\/es\/wp-json\/wp\/v2\/pages\/39639"}],"wp:featuredmedia":[{"embeddable":true,"href":"https:\/\/obera.fr\/es\/wp-json\/wp\/v2\/media\/83751"}],"wp:attachment":[{"href":"https:\/\/obera.fr\/es\/wp-json\/wp\/v2\/media?parent=41958"}],"curies":[{"name":"wp","href":"https:\/\/api.w.org\/{rel}","templated":true}]}}