{"id":42912,"date":"2024-05-07T09:40:58","date_gmt":"2024-05-07T07:40:58","guid":{"rendered":"https:\/\/obera.fr\/nuestros-productos\/aspiradores-moviles\/mesa-movil-epurbox-tsp\/"},"modified":"2025-06-30T14:00:12","modified_gmt":"2025-06-30T12:00:12","slug":"epurbox-tsp","status":"publish","type":"page","link":"https:\/\/obera.fr\/es\/produits\/caissons-mobiles-aspiration\/epurbox-tsp\/","title":{"rendered":"EpurBox TSP"},"content":{"rendered":"\n<div class=\"wp-block-columns is-layout-flex wp-container-core-columns-is-layout-28f84493 wp-block-columns-is-layout-flex\">\n<div class=\"wp-block-column is-vertically-aligned-top is-layout-flow wp-block-column-is-layout-flow\" style=\"flex-basis:33.33%\">\n<figure class=\"wp-block-image aligncenter size-full is-resized\"><img decoding=\"async\" width=\"1200\" height=\"1200\" src=\"https:\/\/obera.fr\/wp-content\/uploads\/2024\/05\/epurbox-tsp.png\" alt=\"mesa de aspiraci&#xF3;n epurbox tsp\" class=\"wp-image-30348\" style=\"width:296px;height:346px\" srcset=\"https:\/\/obera.fr\/wp-content\/uploads\/2024\/05\/epurbox-tsp.png 1200w, https:\/\/obera.fr\/wp-content\/uploads\/2024\/05\/epurbox-tsp-300x300.png 300w, https:\/\/obera.fr\/wp-content\/uploads\/2024\/05\/epurbox-tsp-1024x1024.png 1024w, https:\/\/obera.fr\/wp-content\/uploads\/2024\/05\/epurbox-tsp-150x150.png 150w, https:\/\/obera.fr\/wp-content\/uploads\/2024\/05\/epurbox-tsp-768x768.png 768w\" sizes=\"(max-width: 1200px) 100vw, 1200px\" \/><figcaption class=\"wp-element-caption\">ePURbox TSP<\/figcaption><\/figure>\n<\/div>\n\n\n\n<div class=\"wp-block-column is-layout-flow wp-block-column-is-layout-flow\" style=\"flex-basis:66.66%\">\n<p>La <strong>mesa de aspiraci\u00f3n e<\/strong> PURBOX est\u00e1 directamente integrada en el aparato ePURBOX. Tiene su propio sistema de filtraci\u00f3n y su propio ventilador para tratar los olores y los COV. El revestimiento de la pared trasera garantiza una aspiraci\u00f3n muy eficaz y la captura de contaminantes en toda la superficie de la mesa de aspiraci\u00f3n.  <\/p>\n\n\n\n<p>Las part\u00edculas gruesas se filtran antes mediante un prefiltro integrado (G4) para prolongar la vida \u00fatil de los cartuchos de carb\u00f3n activado.<\/p>\n\n\n\n<p>El revestimiento de las paredes laterales garantiza un nivel muy alto de captura de olores en la superficie de la mesa. Por \u00faltimo, el aire de proceso se filtra mediante carb\u00f3n activado (tipo A) y puede reintroducirse en el espacio de trabajo. <\/p>\n\n\n\n<hr class=\"wp-block-separator has-css-opacity is-style-dots\"\/>\n\n\n\n<div class=\"wp-block-columns is-layout-flex wp-container-core-columns-is-layout-28f84493 wp-block-columns-is-layout-flex\">\n<div class=\"wp-block-column is-layout-flow wp-block-column-is-layout-flow\" style=\"flex-basis:33.33%\">\n<div class=\"wp-block-buttons is-layout-flex wp-block-buttons-is-layout-flex\">\n<div class=\"wp-block-button\"><a class=\"wp-block-button__link wp-element-button\" href=\"https:\/\/obera.fr\/wp-content\/uploads\/2025\/04\/brochure-epurbox-tsp-atex-fr.pdf\">DESCARGAR EL FOLLETO<\/a><\/div>\n<\/div>\n<\/div>\n\n\n\n<div class=\"wp-block-column is-layout-flow wp-block-column-is-layout-flow\" style=\"flex-basis:33.34%\">\n<div class=\"wp-block-buttons is-horizontal is-content-justification-center is-layout-flex wp-container-core-buttons-is-layout-03627597 wp-block-buttons-is-layout-flex\">\n<div class=\"wp-block-button has-custom-width wp-block-button__width-100\"><a class=\"wp-block-button__link wp-element-button\" href=\"https:\/\/obera.fr\/es\/contacta-con-nosotros\/\">M\u00e1s informaci\u00f3n<\/a><\/div>\n<\/div>\n<\/div>\n\n\n\n<div class=\"wp-block-column is-layout-flow wp-block-column-is-layout-flow\" style=\"flex-basis:33.34%\">\n<div class=\"wp-block-buttons is-content-justification-center is-layout-flex wp-container-core-buttons-is-layout-a89b3969 wp-block-buttons-is-layout-flex\">\n<div class=\"wp-block-button btn-devis-source\"><a class=\"wp-block-button__link wp-element-button\" href=\"https:\/\/obera.fr\/es\/devis\/\">Pide un presupuesto<\/a><\/div>\n<\/div>\n\n\n<script>\r\ndocument.addEventListener('DOMContentLoaded', function() {\r\n    \/\/ 1. On cherche le titre H1 de la page\r\n    var h1 = document.querySelector('h1');\r\n    var productTitle = h1 ? h1.innerText.trim() : \"\";\r\n\r\n    \/\/ 2. On cherche les boutons via la classe CSS .btn-devis-source\r\n    var buttons = document.querySelectorAll('.btn-devis-source a');\r\n\r\n    \/\/ 3. Si on a le titre et les boutons, on ajoute le param\u00e8tre\r\n    if (buttons.length > 0 && productTitle !== \"\") {\r\n        var encodedTitle = encodeURIComponent(productTitle);\r\n\r\n        buttons.forEach(function(btn) {\r\n            var currentHref = btn.getAttribute('href');\r\n            \r\n            \/\/ S\u00e9curit\u00e9 pour ne pas ajouter le param\u00e8tre 2 fois\r\n            if (currentHref.indexOf('sujet=') === -1) {\r\n                var separator = currentHref.indexOf('?') !== -1 ? '&' : '?';\r\n                var newLink = currentHref + separator + 'sujet=' + encodedTitle;\r\n                \r\n                btn.setAttribute('href', newLink);\r\n            }\r\n        });\r\n    }\r\n});\r\n<\/script><\/div>\n<\/div>\n\n\n\n<div style=\"height:45px\" aria-hidden=\"true\" class=\"wp-block-spacer\"><\/div>\n<\/div>\n<\/div>\n\n<div class=\"wp-block-columns is-layout-flex wp-container-core-columns-is-layout-28f84493 wp-block-columns-is-layout-flex\">\n<div class=\"wp-block-column is-layout-flow wp-block-column-is-layout-flow\" style=\"flex-basis:33.34%\">\n<h3 class=\"wp-block-heading\">Beneficios<\/h3>\n\n\n\n<ul class=\"wp-block-list\">\n<li>Ventilador de muy alta eficiencia<\/li>\n\n\n\n<li>Silenciador<\/li>\n\n\n\n<li>M\u00f3vil, ligero, f\u00e1cil de manejar<\/li>\n\n\n\n<li>Ocupa poco espacio<\/li>\n\n\n\n<li>F\u00e1cil mantenimiento del filtro<\/li>\n\n\n\n<li>Caudal regulable de 0 a 100%.<\/li>\n\n\n\n<li>Sistema Plug &amp; Play<\/li>\n<\/ul>\n<\/div>\n\n\n\n<div class=\"wp-block-column is-layout-flow wp-block-column-is-layout-flow\" style=\"flex-basis:33.34%\">\n<h3 class=\"wp-block-heading\">Caracter\u00edsticas especiales<\/h3>\n\n\n\n<ul class=\"wp-block-list\">\n<li>F\u00e1cil sustituci\u00f3n del medio filtrante<\/li>\n\n\n\n<li>Actualizable y configurable<\/li>\n\n\n\n<li>Atex 2 gas \/ Atex 22 polvo<\/li>\n\n\n\n<li>Gran capacidad de adsorci\u00f3n<\/li>\n\n\n\n<li>Contador horario<\/li>\n\n\n\n<li>Indicador de obstrucci\u00f3n del filtro<\/li>\n\n\n\n<li>220V<\/li>\n<\/ul>\n<\/div>\n\n\n\n<div class=\"wp-block-column is-layout-flow wp-block-column-is-layout-flow\" style=\"flex-basis:33.33%\">\n<h3 class=\"wp-block-heading\">Caracter\u00edsticas<\/h3>\n\n\n\n<ul class=\"wp-block-list\">\n<li>Caudal m\u00e1ximo 1200 m3\/h<\/li>\n\n\n\n<li>di\u00e1metro de entrada 140 mm<\/li>\n\n\n\n<li>Vac\u00edo m\u00e1ximo 1350 Pa<\/li>\n\n\n\n<li>Potencia nominal 0,75 kW<\/li>\n\n\n\n<li>15 kg de filtro de carb\u00f3n activado<\/li>\n\n\n\n<li>Dimensiones: 700 x 710 x 1060 mm<\/li>\n\n\n\n<li>Peso 90 kg<\/li>\n\n\n\n<li>Nivel de ruido 68 db<\/li>\n<\/ul>\n<\/div>\n<\/div>\n\n<h3 class=\"wp-block-heading\">Beneficios<\/h3>\n\n<p>La mesa de extracci\u00f3n ePURBOX ha sido dise\u00f1ada para su <strong>uso m\u00f3vil y es adecuada para un funcionamiento continuo<\/strong>. Su robusta construcci\u00f3n la convierte en una mesa de extracci\u00f3n compacta y f\u00e1cil de manejar. Debajo de la rejilla hay un caj\u00f3n para eliminar de forma sencilla y limpia los residuos recogidos durante el proceso. La tecnolog\u00eda EC garantiza un<strong> funcionamiento silencioso <\/strong>y econ\u00f3mico.   <\/p>\n\n<h3 class=\"wp-block-heading\">Caracter\u00edsticas especiales<\/h3>\n\n<p>La mesa de aspiraci\u00f3n ePURBOX tiene un mando de ajuste continuo del caudal de aire. <strong>Puedes ajustar manualmente el caudal de aire <\/strong>seg\u00fan necesites mediante un <strong>mando giratorio <\/strong>. Tambi\u00e9n dispone de un contador de horas de funcionamiento para que sepas, por ejemplo, cu\u00e1nto tiempo llevan los filtros en su interior y as\u00ed saber cu\u00e1ndo debes cambiarlos.  <\/p>\n\n<h3 class=\"wp-block-heading\">Caracter\u00edsticas<\/h3>\n\n<p>Los materiales utilizados en el dise\u00f1o de la<strong> mesa de aspiraci\u00f3n ePURBOX<\/strong> la hacen robusta y f\u00e1cil de manejar. Su movilidad y dimensiones hacen de esta mesa un espacio de trabajo eficaz. <\/p>\n\n<h3 class=\"wp-block-heading\">\u00bfQu\u00e9 contaminantes se pueden tratar con la mesa ePURBOX?<\/h3>\n\n<p>La mesa de aspiraci\u00f3n ePURBOX TSP es eficaz contra .<\/p>\n\n<ul class=\"wp-block-list\">\n<li>Part\u00edculas generadas por el lijado y esmerilado.<\/li>\n\n\n\n<li>Polvo fino y ultrafino ;<\/li>\n\n\n\n<li>Humos met\u00e1licos ;<\/li>\n\n\n\n<li>Gases y vapores nocivos ;<\/li>\n<\/ul>\n\n<p><\/p>\n\n<div class=\"wp-block-columns is-layout-flex wp-container-core-columns-is-layout-28f84493 wp-block-columns-is-layout-flex\">\n<div class=\"wp-block-column is-layout-flow wp-block-column-is-layout-flow\" style=\"flex-basis:25%\"><\/div>\n\n\n\n<div class=\"wp-block-column is-layout-flow wp-block-column-is-layout-flow\" style=\"flex-basis:50%\">\n<figure class=\"wp-block-embed is-type-video is-provider-youtube wp-block-embed-youtube wp-embed-aspect-16-9 wp-has-aspect-ratio\"><div class=\"wp-block-embed__wrapper\">\n<iframe title=\"Caisson mobile d&#039;aspiration - ePURbox Atex - OberA\" width=\"1200\" height=\"675\" src=\"https:\/\/www.youtube.com\/embed\/vpDttbOwJGQ?start=1&#038;feature=oembed\" frameborder=\"0\" allow=\"accelerometer; autoplay; clipboard-write; encrypted-media; gyroscope; picture-in-picture; web-share\" referrerpolicy=\"strict-origin-when-cross-origin\" allowfullscreen><\/iframe>\n<\/div><\/figure>\n\n\n\n<p><\/p>\n<\/div>\n\n\n\n<div class=\"wp-block-column is-layout-flow wp-block-column-is-layout-flow\" style=\"flex-basis:25%\"><\/div>\n<\/div>\n\n<h2 class=\"wp-block-heading\">Aplicaciones industriales de las mesas de aspiraci\u00f3n ATEX<\/h2>\n\n<div class=\"wp-block-columns is-layout-flex wp-container-core-columns-is-layout-28f84493 wp-block-columns-is-layout-flex\">\n<div class=\"wp-block-column is-layout-flow wp-block-column-is-layout-flow\">\n<h3 class=\"wp-block-heading has-text-align-center\">Contaminantes<\/h3>\n\n\n\n<div class=\"wp-block-columns is-layout-flex wp-container-core-columns-is-layout-28f84493 wp-block-columns-is-layout-flex\">\n<div class=\"wp-block-column is-layout-flow wp-block-column-is-layout-flow\">\n<figure class=\"wp-block-image aligncenter size-large\"><img decoding=\"async\" width=\"70\" height=\"70\" src=\"https:\/\/obera.fr\/wp-content\/uploads\/2021\/03\/industrie-fumees.jpg\" alt=\"humos de la industria\" class=\"wp-image-4971\"\/><figcaption class=\"wp-element-caption\">Humos<\/figcaption><\/figure>\n\n\n\n<figure class=\"wp-block-image aligncenter size-large\"><img decoding=\"async\" width=\"70\" height=\"70\" src=\"https:\/\/obera.fr\/wp-content\/uploads\/2021\/03\/industrie-odeur-2.jpg\" alt=\"industria del olor 2\" class=\"wp-image-4972\"\/><figcaption class=\"wp-element-caption\">Olores<\/figcaption><\/figure>\n<\/div>\n\n\n\n<div class=\"wp-block-column is-layout-flow wp-block-column-is-layout-flow\">\n<figure class=\"wp-block-image aligncenter size-large\"><img decoding=\"async\" width=\"70\" height=\"70\" src=\"https:\/\/obera.fr\/wp-content\/uploads\/2021\/03\/polluants-poussieres-1.jpg\" alt=\"contaminantes del polvo 1\" class=\"wp-image-4969\"\/><figcaption class=\"wp-element-caption\">Polvo<\/figcaption><\/figure>\n<\/div>\n<\/div>\n\n\n\n<p><\/p>\n<\/div>\n\n\n\n<div class=\"wp-block-column is-layout-flow wp-block-column-is-layout-flow\">\n<h3 class=\"wp-block-heading has-text-align-center\">industrias<\/h3>\n\n\n\n<div class=\"wp-block-columns is-layout-flex wp-container-core-columns-is-layout-28f84493 wp-block-columns-is-layout-flex\">\n<div class=\"wp-block-column is-layout-flow wp-block-column-is-layout-flow\">\n<figure class=\"wp-block-image aligncenter size-large\"><img decoding=\"async\" width=\"70\" height=\"70\" src=\"https:\/\/obera.fr\/wp-content\/uploads\/2021\/03\/industrie-metallurgie-1.jpg\" alt=\"industria metal&#xFA;rgica 1\" class=\"wp-image-4975\"\/><figcaption class=\"wp-element-caption\">Metalurgia<\/figcaption><\/figure>\n\n\n\n<figure class=\"wp-block-image aligncenter size-large\"><img decoding=\"async\" width=\"70\" height=\"70\" src=\"https:\/\/obera.fr\/wp-content\/uploads\/2021\/03\/industrie-textile.jpg\" alt=\"industria textil\" class=\"wp-image-4980\"\/><figcaption class=\"wp-element-caption\">Textiles<\/figcaption><\/figure>\n\n\n\n<figure class=\"wp-block-image aligncenter size-large\"><img decoding=\"async\" width=\"70\" height=\"70\" src=\"https:\/\/obera.fr\/wp-content\/uploads\/2021\/03\/industrie-chimie-1.jpg\" alt=\"industria qu&#xED;mica 1\" class=\"wp-image-4981\"\/><figcaption class=\"wp-element-caption\">Qu\u00edmica<\/figcaption><\/figure>\n\n\n\n<figure class=\"wp-block-image aligncenter size-large\"><img decoding=\"async\" width=\"70\" height=\"70\" src=\"https:\/\/obera.fr\/wp-content\/uploads\/2021\/03\/industrie-minerai.jpg\" alt=\"industria mineral\" class=\"wp-image-4977\"\/><figcaption class=\"wp-element-caption\">Minerales<\/figcaption><\/figure>\n<\/div>\n\n\n\n<div class=\"wp-block-column is-layout-flow wp-block-column-is-layout-flow\">\n<figure class=\"wp-block-image aligncenter size-large\"><img decoding=\"async\" width=\"70\" height=\"70\" src=\"https:\/\/obera.fr\/wp-content\/uploads\/2020\/08\/industrie-bois.jpg\" alt=\"INSTITUTO DE CIENCIA PARAM&#xC9;DICA Y GESTI&#xD3;N - Gesti&#xF3;n\" class=\"wp-image-672\"\/><figcaption class=\"wp-element-caption\">Carpinter\u00eda<\/figcaption><\/figure>\n\n\n\n<figure class=\"wp-block-image aligncenter size-large\"><img decoding=\"async\" width=\"70\" height=\"70\" src=\"https:\/\/obera.fr\/wp-content\/uploads\/2021\/03\/industrie-plastique.jpg\" alt=\"industria del pl&#xE1;stico\" class=\"wp-image-4976\"\/><figcaption class=\"wp-element-caption\">Pl\u00e1sticos<\/figcaption><\/figure>\n\n\n\n<figure class=\"wp-block-image aligncenter size-large\"><img decoding=\"async\" width=\"70\" height=\"70\" src=\"https:\/\/obera.fr\/wp-content\/uploads\/2021\/03\/industrie-papier-carton.jpg\" alt=\"industria del papel y cart&#xF3;n\" class=\"wp-image-4982\"\/><figcaption class=\"wp-element-caption\">Papel\/cart\u00f3n<\/figcaption><\/figure>\n\n\n\n<figure class=\"wp-block-image aligncenter size-large\"><img decoding=\"async\" width=\"70\" height=\"70\" src=\"https:\/\/obera.fr\/wp-content\/uploads\/2020\/08\/industrie-dechets.jpg\" alt=\"Producto - Marca\" class=\"wp-image-726\"\/><figcaption class=\"wp-element-caption\">Recogida y clasificaci\u00f3n de residuos<\/figcaption><\/figure>\n<\/div>\n<\/div>\n<\/div>\n<\/div>\n\n<p>En la industria aeroespacial, la <strong>unidad m\u00f3vil de aspiraci\u00f3n de polvo ePURbox TSP<\/strong> se utiliza para lijar piezas de aluminio, que generan polvo fino. Estos polvos de aluminio presentan riesgos para la salud de los operarios, as\u00ed como <strong>riesgos ATEX<\/strong>. Al optar por el modelo ePURbox ATEX TSP, el fabricante ha reducido considerablemente los riesgos asociados a los polvos combustibles y ha satisfecho su necesidad de flexibilidad eligiendo un equipo m\u00f3vil.  <\/p>\n\n<div class=\"wp-block-buttons is-horizontal is-content-justification-center is-layout-flex wp-container-core-buttons-is-layout-03627597 wp-block-buttons-is-layout-flex\">\n<div class=\"wp-block-button has-custom-width wp-block-button__width-100\"><a class=\"wp-block-button__link wp-element-button\" href=\"https:\/\/obera.fr\/es\/contacta-con-nosotros\/\">M\u00e1s informaci\u00f3n<\/a><\/div>\n<\/div>\n\n<figure class=\"wp-block-table\"><table class=\"has-fixed-layout\"><thead><tr><th>Producto<\/th><th><\/th><th>ePURbox<\/th><\/tr><\/thead><tbody><tr><td>Caudal m\u00e1x. de aire<\/td><td>m3\/h<\/td><td>1200<\/td><\/tr><tr><td>Tensi\u00f3n de alimentaci\u00f3n<\/td><td>V<\/td><td>220<\/td><\/tr><tr><td>Potencia<\/td><td>kW<\/td><td>0.75<\/td><\/tr><tr><td>Superficie de succi\u00f3n<\/td><td>mm<\/td><td>570 x 460<\/td><\/tr><tr><td>Filtro de carb\u00f3n activado<\/td><td>kg<\/td><td>15<\/td><\/tr><tr><td>Dimensiones<\/td><td>mm (L x A x A)<\/td><td>700 x 710 x 1060 mm<\/td><\/tr><tr><td>Peso<\/td><td>kg<\/td><td>90<\/td><\/tr><tr><td>Nivel de ruido<\/td><td>dB(A)<\/td><td>68<\/td><\/tr><\/tbody><\/table><\/figure>\n","protected":false},"excerpt":{"rendered":"<p>La mesa de aspiraci\u00f3n e PURBOX est\u00e1 directamente integrada en el aparato ePURBOX. Tiene su propio sistema de filtraci\u00f3n y su propio ventilador para tratar los olores y los COV. El revestimiento de la pared trasera garantiza una aspiraci\u00f3n muy eficaz y la captura de contaminantes en toda la superficie de la mesa de aspiraci\u00f3n. Las part\u00edculas gruesas se filtran antes mediante un prefiltro integrado (G4) para prolongar la vida \u00fatil de los cartuchos de carb\u00f3n activado. El revestimiento de las paredes laterales garantiza un nivel muy alto de captura de olores en la superficie de la mesa. Por \u00faltimo, &#8230; <\/p>\n<p class=\"read-more-container\"><a title=\"EpurBox TSP\" class=\"read-more button\" href=\"https:\/\/obera.fr\/es\/produits\/caissons-mobiles-aspiration\/epurbox-tsp\/#more-42912\" aria-label=\"Leer m\u00e1s sobre EpurBox TSP\">Lire la suite<\/a><\/p>\n","protected":false},"author":4,"featured_media":83751,"parent":39639,"menu_order":0,"comment_status":"closed","ping_status":"closed","template":"","meta":{"_acf_changed":false,"_seopress_robots_primary_cat":"","_seopress_titles_title":"Table mobile ePURBOX TSP - oberA","_seopress_titles_desc":"","_seopress_robots_index":"","footnotes":""},"class_list":{"0":"post-42912","1":"page","2":"type-page","3":"status-publish","4":"has-post-thumbnail","6":"no-featured-image-padding","7":"resize-featured-image"},"acf":[],"_links":{"self":[{"href":"https:\/\/obera.fr\/es\/wp-json\/wp\/v2\/pages\/42912","targetHints":{"allow":["GET"]}}],"collection":[{"href":"https:\/\/obera.fr\/es\/wp-json\/wp\/v2\/pages"}],"about":[{"href":"https:\/\/obera.fr\/es\/wp-json\/wp\/v2\/types\/page"}],"author":[{"embeddable":true,"href":"https:\/\/obera.fr\/es\/wp-json\/wp\/v2\/users\/4"}],"replies":[{"embeddable":true,"href":"https:\/\/obera.fr\/es\/wp-json\/wp\/v2\/comments?post=42912"}],"version-history":[{"count":20,"href":"https:\/\/obera.fr\/es\/wp-json\/wp\/v2\/pages\/42912\/revisions"}],"predecessor-version":[{"id":116253,"href":"https:\/\/obera.fr\/es\/wp-json\/wp\/v2\/pages\/42912\/revisions\/116253"}],"up":[{"embeddable":true,"href":"https:\/\/obera.fr\/es\/wp-json\/wp\/v2\/pages\/39639"}],"wp:featuredmedia":[{"embeddable":true,"href":"https:\/\/obera.fr\/es\/wp-json\/wp\/v2\/media\/83751"}],"wp:attachment":[{"href":"https:\/\/obera.fr\/es\/wp-json\/wp\/v2\/media?parent=42912"}],"curies":[{"name":"wp","href":"https:\/\/api.w.org\/{rel}","templated":true}]}}