{"id":44138,"date":"2020-08-26T12:41:56","date_gmt":"2020-08-26T10:41:56","guid":{"rendered":"https:\/\/obera.fr\/nuestros-productos\/purificadores-de-aire-industriales\/epur-b01-purificador-de-aire-ecoprime-para-polvo\/"},"modified":"2026-02-10T18:16:16","modified_gmt":"2026-02-10T16:16:16","slug":"epur-b01-purificador-de-aire-ecoprime-para-polvo","status":"publish","type":"page","link":"https:\/\/obera.fr\/es\/produits\/purificateurs-air\/epur-b01-purificador-de-aire-ecoprime-para-polvo\/","title":{"rendered":"ePUR B01 Purificador de aire Ecoprime para polvo"},"content":{"rendered":"\n<p><strong>ePUR B01 Ecoprime<\/strong> es un <a href=\"https:\/\/obera.fr\/es\/produits\/purificateurs-air\/\" data-type=\"page\" data-id=\"26\">purificador de aire profesional<\/a> para peque\u00f1os vol\u00famenes.<\/p>\n\n\n<h2 class=\"wp-block-heading\" id=\"comment-fonctionne-notre-purificateur-d-air\">\u00bfC\u00f3mo funciona nuestro purificador de aire?<\/h2>\n\n<div class=\"wp-block-columns is-layout-flex wp-container-core-columns-is-layout-28f84493 wp-block-columns-is-layout-flex\">\n<div class=\"wp-block-column is-layout-flow wp-block-column-is-layout-flow\" style=\"flex-basis:33.33%\">\n<figure class=\"wp-block-image aligncenter size-medium\"><img decoding=\"async\" width=\"300\" height=\"300\" src=\"https:\/\/obera.fr\/wp-content\/uploads\/2020\/09\/epur-b01-ecoprime-300x300.jpg\" alt=\"Epur B01 Ecoprime\" class=\"wp-image-1008\" srcset=\"https:\/\/obera.fr\/wp-content\/uploads\/2020\/09\/epur-b01-ecoprime-300x300.jpg 300w, https:\/\/obera.fr\/wp-content\/uploads\/2020\/09\/epur-b01-ecoprime-150x150.jpg 150w, https:\/\/obera.fr\/wp-content\/uploads\/2020\/09\/epur-b01-ecoprime.jpg 433w\" sizes=\"(max-width: 300px) 100vw, 300px\" \/><\/figure>\n<\/div>\n\n\n\n<div class=\"wp-block-column is-layout-flow wp-block-column-is-layout-flow\" style=\"flex-basis:66.66%\">\n<p>Su funcionamiento es sencillo: el aire contaminado se aspira por la parte superior de la unidad, luego pasa por varias capas de filtraci\u00f3n en su interior, antes de ser expulsado por la parte inferior directamente a tu espacio de trabajo.<\/p>\n\n\n\n<h3 class=\"wp-block-heading\" id=\"a-quelles-utilisations-convient-il\">\u00bfCu\u00e1les son sus usos?<\/h3>\n\n\n\n<p>Este equipo de <strong>tratamiento de aire<\/strong> es adecuado pr\u00e1cticamente para todo tipo de empresas. Ser\u00e1 eficaz en espacios de peque\u00f1o y mediano tama\u00f1o, como oficinas, salas de reuniones, peluquer\u00edas, salones de manicura, hoteles, tintorer\u00edas, gimnasios, consultas m\u00e9dicas, dentistas, residencias de ancianos, talleres artesanales o incluso escuelas, etc.<\/p>\n\n\n\n<div class=\"wp-block-columns is-layout-flex wp-container-core-columns-is-layout-28f84493 wp-block-columns-is-layout-flex\">\n<div class=\"wp-block-column is-layout-flow wp-block-column-is-layout-flow\" style=\"flex-basis:33.34%\">\n<div class=\"wp-block-buttons is-content-justification-center is-layout-flex wp-container-core-buttons-is-layout-a89b3969 wp-block-buttons-is-layout-flex\">\n<div class=\"wp-block-button\"><a class=\"wp-block-button__link wp-element-button\" href=\"https:\/\/obera.fr\/wp-content\/uploads\/2023\/10\/brochure-ecoprime.pdf\">Descargar el folleto<\/a><\/div>\n<\/div>\n<\/div>\n\n\n\n<div class=\"wp-block-column is-layout-flow wp-block-column-is-layout-flow\" style=\"flex-basis:33.33%\"><\/div>\n\n\n\n<div class=\"wp-block-column is-layout-flow wp-block-column-is-layout-flow\" style=\"flex-basis:33.33%\">\n<div class=\"wp-block-buttons is-content-justification-center is-layout-flex wp-container-core-buttons-is-layout-a89b3969 wp-block-buttons-is-layout-flex\">\n<div class=\"wp-block-button btn-devis-source\"><a class=\"wp-block-button__link wp-element-button\" href=\"https:\/\/obera.fr\/es\/devis\/\">Pide un presupuesto<\/a><\/div>\n<\/div>\n\n\n<script>\r\ndocument.addEventListener('DOMContentLoaded', function() {\r\n    \/\/ 1. On cherche le titre H1 de la page\r\n    var h1 = document.querySelector('h1');\r\n    var productTitle = h1 ? h1.innerText.trim() : \"\";\r\n\r\n    \/\/ 2. On cherche les boutons via la classe CSS .btn-devis-source\r\n    var buttons = document.querySelectorAll('.btn-devis-source a');\r\n\r\n    \/\/ 3. Si on a le titre et les boutons, on ajoute le param\u00e8tre\r\n    if (buttons.length > 0 && productTitle !== \"\") {\r\n        var encodedTitle = encodeURIComponent(productTitle);\r\n\r\n        buttons.forEach(function(btn) {\r\n            var currentHref = btn.getAttribute('href');\r\n            \r\n            \/\/ S\u00e9curit\u00e9 pour ne pas ajouter le param\u00e8tre 2 fois\r\n            if (currentHref.indexOf('sujet=') === -1) {\r\n                var separator = currentHref.indexOf('?') !== -1 ? '&' : '?';\r\n                var newLink = currentHref + separator + 'sujet=' + encodedTitle;\r\n                \r\n                btn.setAttribute('href', newLink);\r\n            }\r\n        });\r\n    }\r\n});\r\n<\/script><\/div>\n<\/div>\n<\/div>\n<\/div>\n\n<h2 class=\"wp-block-heading\" id=\"quels-polluants-puis-je-traiter-avec-le-purificateur-d-air-epur-b01-ecoprime\">\u00bfQu\u00e9 contaminantes puedo tratar con el purificador de aire ePUR B01 Ecoprime?<\/h2>\n\n<p>El purificador de aire ePUR B01 Ecoprime puede equiparse con diferentes configuraciones de filtraci\u00f3n. De serie, contiene una etapa de filtraci\u00f3n molecular de carb\u00f3n activo para los <strong>contaminantes gaseosos<\/strong> (COV, olores, formaldeh\u00eddos, etc.) y una etapa de <strong>filtraci\u00f3n particulada<\/strong> (filtro de saturaci\u00f3n clase F a HEPA para tratar el polvo fino, los contaminantes gaseosos, los olores, los COV as\u00ed como los virus y bacterias presentes en el aire.<\/p>\n\n<div class=\"wp-block-buttons is-horizontal is-content-justification-center is-layout-flex wp-container-core-buttons-is-layout-03627597 wp-block-buttons-is-layout-flex\">\n<div class=\"wp-block-button has-custom-width wp-block-button__width-100\"><a class=\"wp-block-button__link wp-element-button\" href=\"https:\/\/obera.fr\/es\/contacta-con-nosotros\/\">M\u00e1s informaci\u00f3n<\/a><\/div>\n<\/div>\n\n<div style=\"height:20px\" aria-hidden=\"true\" class=\"wp-block-spacer\"><\/div>\n\n<div class=\"wp-block-columns is-layout-flex wp-container-core-columns-is-layout-28f84493 wp-block-columns-is-layout-flex\">\n<div class=\"wp-block-column is-layout-flow wp-block-column-is-layout-flow\">\n<h3 class=\"wp-block-heading has-text-align-center\" id=\"polluants\">Contaminantes<\/h3>\n\n\n\n<hr class=\"wp-block-separator has-css-opacity is-style-wide\"\/>\n\n\n\n<div class=\"wp-block-columns is-layout-flex wp-container-core-columns-is-layout-28f84493 wp-block-columns-is-layout-flex\">\n<div class=\"wp-block-column is-layout-flow wp-block-column-is-layout-flow\">\n<figure class=\"wp-block-image aligncenter size-large\"><img decoding=\"async\" width=\"70\" height=\"70\" src=\"https:\/\/obera.fr\/wp-content\/uploads\/2020\/08\/polluants-poussieres.jpg\" alt=\"Contaminantes Polvo\" class=\"wp-image-675\"\/><figcaption class=\"wp-element-caption\">Polvo<\/figcaption><\/figure>\n<\/div>\n\n\n\n<div class=\"wp-block-column is-layout-flow wp-block-column-is-layout-flow\">\n<figure class=\"wp-block-image aligncenter size-large\"><img decoding=\"async\" width=\"70\" height=\"70\" src=\"https:\/\/obera.fr\/wp-content\/uploads\/2020\/10\/industrie-aerosols.jpg\" alt=\"Aerosoles industriales\" class=\"wp-image-1201\"\/><figcaption class=\"wp-element-caption\">Aerosoles<\/figcaption><\/figure>\n<\/div>\n<\/div>\n\n\n\n<p><\/p>\n<\/div>\n\n\n\n<div class=\"wp-block-column is-layout-flow wp-block-column-is-layout-flow\">\n<h3 class=\"wp-block-heading has-text-align-center\" id=\"industries\">Industrias<\/h3>\n\n\n\n<hr class=\"wp-block-separator has-css-opacity is-style-wide\"\/>\n\n\n\n<p>Adecuado para todo tipo de empresas, ser\u00e1 indispensable en :<\/p>\n\n\n\n<ul class=\"wp-block-list\">\n<li>Despachos y salas de reuniones<\/li>\n\n\n\n<li>Espacios abiertos<\/li>\n\n\n\n<li>Artesanos<\/li>\n\n\n\n<li>Peluqueros<\/li>\n\n\n\n<li>Arte de u\u00f1as<\/li>\n\n\n\n<li>Comercio de cigarrillos electr\u00f3nicos y l\u00edquidos para cigarrillos electr\u00f3nicos<\/li>\n\n\n\n<li>Consultas m\u00e9dicas<\/li>\n\n\n\n<li>Dentistas<\/li>\n\n\n\n<li>Prot\u00e9sicos dentales<\/li>\n\n\n\n<li>EPHAD<\/li>\n\n\n\n<li>\u00d3pticos<\/li>\n\n\n\n<li>Hoteles<\/li>\n\n\n\n<li>Restaurantes<\/li>\n\n\n\n<li>Tiendas de pr\u00eat-\u00e0-porter<\/li>\n\n\n\n<li>Pulsando<\/li>\n\n\n\n<li>Centros deportivos y de fitness<\/li>\n\n\n\n<li>Primeurs<\/li>\n\n\n\n<li>Guarder\u00edas y escuelas<\/li>\n<\/ul>\n<\/div>\n<\/div>\n\n<h2 class=\"wp-block-heading\" id=\"quelles-sont-les-caracteristiques-du-purificateur-d-air-epur-b01-ecoprime\">\u00bfQu\u00e9 caracter\u00edsticas tiene el purificador de aire ePUR B01 Ecoprime?<\/h2>\n\n<figure class=\"wp-block-image alignright size-medium\"><img decoding=\"async\" width=\"300\" height=\"206\" src=\"https:\/\/obera.fr\/wp-content\/uploads\/2020\/10\/epur-ecoprime-300x206.jpg\" alt=\"Epur Ecoprime\" class=\"wp-image-1240\" srcset=\"https:\/\/obera.fr\/wp-content\/uploads\/2020\/10\/epur-ecoprime-300x206.jpg 300w, https:\/\/obera.fr\/wp-content\/uploads\/2020\/10\/epur-ecoprime-768x528.jpg 768w, https:\/\/obera.fr\/wp-content\/uploads\/2020\/10\/epur-ecoprime.jpg 900w\" sizes=\"(max-width: 300px) 100vw, 300px\" \/><figcaption class=\"wp-element-caption\">EcoPrime<\/figcaption><\/figure>\n\n<p>Este equipo est\u00e1 dotado de un <strong>filtro particulado de alta eficiencia impregnado de carb\u00f3n<\/strong>, lo que le permite captar m\u00e1s del 99,9% del polvo y contaminantes gaseosos. Su potencia es completamente regulable y permite adaptar el caudal seg\u00fan las necesidades. Compacto, sus dimensiones son de 25x25x33 cm, por lo que se adaptar\u00e1 muy bien incluso a un peque\u00f1o entorno de trabajo. <\/p>\n\n<p>Puede tratar eficazmente los contaminantes de una superficie de hasta 60 m\u00b2. Econ\u00f3mico, su consumo energ\u00e9tico clasificado A+ es de solo 14 W. El purificador de aire ePUR B01 Ecoprime es <strong>silencioso<\/strong>, su bajo nivel sonoro de 48 dB a plena potencia le permitir\u00e1 colocarlo muy cerca sin que le moleste.<\/p>\n\n<h2 class=\"wp-block-heading\" id=\"quels-sont-ses-avantages\"><strong>\u00bfCu\u00e1les son sus ventajas?<\/strong><\/h2>\n\n<p>En primer lugar, el purificador de aire protege a los empleados de las part\u00edculas finas y otros contaminantes gaseosos, permitiendo evitar todo tipo de enfermedades pulmonares o card\u00edacas. La <strong>filtraci\u00f3n HEPA<\/strong> tambi\u00e9n permite eliminar virus, bacterias y esporas para limitar las epidemias por agentes pat\u00f3genos, aerotransportados y al\u00e9rgenos.<\/p>\n\n<p>Tambi\u00e9n existe una ventaja en t\u00e9rminos de coste de limpieza. En efecto, el equipo trata el polvo y otros contaminantes que, en su ausencia, se depositar\u00edan en su espacio de trabajo. Adem\u00e1s, requiere pr\u00e1cticamente ning\u00fan mantenimiento. Seg\u00fan su uso y la tasa de contaminantes presente en la habitaci\u00f3n, sus filtros deben cambiarse solo una vez al a\u00f1o. Este purificador de aire compacto, de dise\u00f1o moderno y depurado, se adaptar\u00e1 f\u00e1cilmente a su habitaci\u00f3n.<\/p>\n\n<p>En algunos casos, nuestro purificador de aire profesional se utiliza para cumplir el L\u00edmite de Exposici\u00f3n Profesional (LEP).<\/p>\n\n<div class=\"wp-block-columns is-layout-flex wp-container-core-columns-is-layout-28f84493 wp-block-columns-is-layout-flex\">\n<div class=\"wp-block-column is-layout-flow wp-block-column-is-layout-flow\">\n<h3 class=\"wp-block-heading has-text-align-center\" id=\"avantages\">Beneficios<\/h3>\n\n\n\n<ul class=\"wp-block-list\">\n<li>Filtro HEPA sint\u00e9tico impregnado de carb\u00f3n activado de alta eficacia.<\/li>\n\n\n\n<li>Econ\u00f3mico: m\u00e1x. 14 W<\/li>\n\n\n\n<li>M\u00e1xima eficacia hasta 60 m\u00b2.<\/li>\n<\/ul>\n<\/div>\n\n\n\n<div class=\"wp-block-column is-layout-flow wp-block-column-is-layout-flow\">\n<h3 class=\"wp-block-heading has-text-align-center\" id=\"particularites\">Caracter\u00edsticas especiales<\/h3>\n\n\n\n<ul class=\"wp-block-list\">\n<li>Potencia regulable de 0 a 100%.<\/li>\n\n\n\n<li>Un dise\u00f1o moderno y despejado<\/li>\n\n\n\n<li>Compacto 25cm x 25cm x 33cm<\/li>\n\n\n\n<li>Silencioso: m\u00e1x. 48 dB a plena potencia<\/li>\n<\/ul>\n<\/div>\n\n\n\n<div class=\"wp-block-column is-layout-flow wp-block-column-is-layout-flow\">\n<h3 class=\"wp-block-heading has-text-align-center\" id=\"caracteristiques\">Caracter\u00edsticas<\/h3>\n\n\n\n<ul class=\"wp-block-list\">\n<li>M\u00e1s del 99,9% de filtraci\u00f3n de part\u00edculas finas y compuestos org\u00e1nicos vol\u00e1tiles (COV)<\/li>\n\n\n\n<li>Filtra virus, bacterias y esporas: ayuda a limitar las epidemias causadas por pat\u00f3genos transportados por el aire.<\/li>\n<\/ul>\n<\/div>\n<\/div>\n\n<div class=\"wp-block-buttons is-horizontal is-content-justification-center is-layout-flex wp-container-core-buttons-is-layout-03627597 wp-block-buttons-is-layout-flex\">\n<div class=\"wp-block-button has-custom-width wp-block-button__width-100\"><a class=\"wp-block-button__link wp-element-button\" href=\"https:\/\/obera.fr\/es\/contacta-con-nosotros\/\">M\u00e1s informaci\u00f3n<\/a><\/div>\n<\/div>\n\n<h2 class=\"wp-block-heading\" id=\"exemples-de-domaine-d-application-pour-le-epur-b01-ecoprime\">Ejemplos de aplicaciones para ePUR B01 Ecoprime :<\/h2>\n\n<h3 class=\"wp-block-heading\" id=\"secteur-medical-hopitaux-ehpad-veterinaires-pedicures-podologues-dentistes-et-prothesistes-dentaires-cabinets-medicaux-espaces-funeraires\">Sector m\u00e9dico (hospitales, residencias de ancianos, veterinarios, pod\u00f3logos, dentistas y prot\u00e9sicos dentales, consultas m\u00e9dicas, funerarias)<\/h3>\n\n<p>Las necesidades son diversas:<\/p>\n\n<ul class=\"wp-block-list\">\n<li>Mejorar la calidad del aire para <strong>reducir la contaminaci\u00f3n atmosf\u00e9rica<\/strong>(virus, bacterias)<\/li>\n\n\n\n<li>Desinfecta y <strong>evita la propagaci\u00f3n de virus<\/strong>, bacterias, etc.<\/li>\n\n\n\n<li>Eliminaci\u00f3n de olores molestos y <strong>neutralizaci\u00f3n de diversos tipos de contaminaci\u00f3n odor\u00edfera<\/strong><\/li>\n\n\n\n<li><strong>Reducir los niveles de polvo<\/strong> de las actividades generadoras de polvo<\/li>\n<\/ul>\n\n<h2 class=\"wp-block-heading\" id=\"les-autres-purificateur-d-air-de-la-marque-obera\">Los otros purificadores de aire de la marca oberA<\/h2>\n\n<div class=\"wp-block-columns is-layout-flex wp-container-core-columns-is-layout-28f84493 wp-block-columns-is-layout-flex\">\n<div class=\"wp-block-column is-layout-flow wp-block-column-is-layout-flow\">\n<figure class=\"wp-block-image aligncenter size-full is-resized\"><a href=\"https:\/\/obera.fr\/produits\/purificateurs-air\/filtower\/\"><img decoding=\"async\" width=\"184\" height=\"300\" src=\"https:\/\/obera.fr\/wp-content\/uploads\/2026\/01\/image-filtower.png\" alt=\"image filtower\" class=\"wp-image-138903\" style=\"object-fit:contain;width:150px;height:150px\"\/><\/a><figcaption class=\"wp-element-caption\">Filtower<\/figcaption><\/figure>\n<\/div>\n\n\n\n<div class=\"wp-block-column is-layout-flow wp-block-column-is-layout-flow\">\n<figure class=\"wp-block-image aligncenter size-medium is-resized\"><a href=\"https:\/\/obera.fr\/produits\/purificateurs-air\/professionnel-epur-ca\/\"><img decoding=\"async\" width=\"300\" height=\"300\" src=\"https:\/\/obera.fr\/wp-content\/uploads\/2026\/01\/image-epur-ca-300x300.png\" alt=\"image epur ca\" class=\"wp-image-138874\" style=\"width:150px;height:150px\" srcset=\"https:\/\/obera.fr\/wp-content\/uploads\/2026\/01\/image-epur-ca-300x300.png 300w, https:\/\/obera.fr\/wp-content\/uploads\/2026\/01\/image-epur-ca-1024x1024.png 1024w, https:\/\/obera.fr\/wp-content\/uploads\/2026\/01\/image-epur-ca-150x150.png 150w, https:\/\/obera.fr\/wp-content\/uploads\/2026\/01\/image-epur-ca-768x768.png 768w, https:\/\/obera.fr\/wp-content\/uploads\/2026\/01\/image-epur-ca.png 1200w\" sizes=\"(max-width: 300px) 100vw, 300px\" \/><\/a><figcaption class=\"wp-element-caption\">ePUR CA<\/figcaption><\/figure>\n<\/div>\n\n\n\n<div class=\"wp-block-column is-layout-flow wp-block-column-is-layout-flow\">\n<figure class=\"wp-block-image aligncenter size-full is-resized\"><a href=\"https:\/\/obera.fr\/produits\/purificateurs-air\/industriel-epur\/\"><img decoding=\"async\" width=\"1200\" height=\"1200\" src=\"https:\/\/obera.fr\/wp-content\/uploads\/2026\/01\/image-gamme-epur.png\" alt=\"image gamme epur\" class=\"wp-image-138868\" style=\"width:180px;height:auto\" srcset=\"https:\/\/obera.fr\/wp-content\/uploads\/2026\/01\/image-gamme-epur.png 1200w, https:\/\/obera.fr\/wp-content\/uploads\/2026\/01\/image-gamme-epur-300x300.png 300w, https:\/\/obera.fr\/wp-content\/uploads\/2026\/01\/image-gamme-epur-1024x1024.png 1024w, https:\/\/obera.fr\/wp-content\/uploads\/2026\/01\/image-gamme-epur-150x150.png 150w, https:\/\/obera.fr\/wp-content\/uploads\/2026\/01\/image-gamme-epur-768x768.png 768w\" sizes=\"(max-width: 1200px) 100vw, 1200px\" \/><\/a><figcaption class=\"wp-element-caption\">ePUR<\/figcaption><\/figure>\n<\/div>\n\n\n\n<div class=\"wp-block-column is-layout-flow wp-block-column-is-layout-flow\">\n<figure class=\"wp-block-image aligncenter size-full\"><a href=\"https:\/\/obera.fr\/produits\/purificateurs-air\/purificateur-rafraichisseur-epur150-fresh\/\"><img decoding=\"async\" width=\"150\" height=\"150\" src=\"https:\/\/obera.fr\/wp-content\/uploads\/2023\/04\/epur150-fresh-4.png\" alt=\"epur150 fresco (4)\" class=\"wp-image-22427\"\/><\/a><figcaption class=\"wp-element-caption\">ePUR150 FRESCO<\/figcaption><\/figure>\n<\/div>\n<\/div>\n","protected":false},"excerpt":{"rendered":"<p>ePUR B01 Ecoprime es un purificador de aire profesional para peque\u00f1os vol\u00famenes. \u00bfC\u00f3mo funciona nuestro purificador de aire? Su funcionamiento es sencillo: el aire contaminado se aspira por la parte superior de la unidad, luego pasa por varias capas de filtraci\u00f3n en su interior, antes de ser expulsado por la parte inferior directamente a tu espacio de trabajo. \u00bfCu\u00e1les son sus usos? Este equipo de tratamiento de aire es adecuado pr\u00e1cticamente para todo tipo de empresas. Ser\u00e1 eficaz en espacios de peque\u00f1o y mediano tama\u00f1o, como oficinas, salas de reuniones, peluquer\u00edas, salones de manicura, hoteles, tintorer\u00edas, gimnasios, consultas m\u00e9dicas, dentistas, &#8230; <\/p>\n<p class=\"read-more-container\"><a title=\"ePUR B01 Purificador de aire Ecoprime para polvo\" class=\"read-more button\" href=\"https:\/\/obera.fr\/es\/produits\/purificateurs-air\/epur-b01-purificador-de-aire-ecoprime-para-polvo\/#more-44138\" aria-label=\"Leer m\u00e1s sobre ePUR B01 Purificador de aire Ecoprime para polvo\">Lire la suite<\/a><\/p>\n","protected":false},"author":4,"featured_media":83751,"parent":37693,"menu_order":0,"comment_status":"closed","ping_status":"closed","template":"","meta":{"_acf_changed":false,"_seopress_robots_primary_cat":"","_seopress_titles_title":"Purificateur d\u2019air poussi\u00e8re l\u2019ePUR B01 Ecoprime - oberA","_seopress_titles_desc":"Le purificateur d\u2019air ePUR B01 Ecoprime est \u00e9quip\u00e9 de diff\u00e9rentes configurations de filtration. Cet appareil de traitement d\u2019air convient \u00e0 toutes les entreprises","_seopress_robots_index":"","footnotes":""},"class_list":{"0":"post-44138","1":"page","2":"type-page","3":"status-publish","4":"has-post-thumbnail","6":"no-featured-image-padding","7":"resize-featured-image"},"acf":[],"_links":{"self":[{"href":"https:\/\/obera.fr\/es\/wp-json\/wp\/v2\/pages\/44138","targetHints":{"allow":["GET"]}}],"collection":[{"href":"https:\/\/obera.fr\/es\/wp-json\/wp\/v2\/pages"}],"about":[{"href":"https:\/\/obera.fr\/es\/wp-json\/wp\/v2\/types\/page"}],"author":[{"embeddable":true,"href":"https:\/\/obera.fr\/es\/wp-json\/wp\/v2\/users\/4"}],"replies":[{"embeddable":true,"href":"https:\/\/obera.fr\/es\/wp-json\/wp\/v2\/comments?post=44138"}],"version-history":[{"count":5,"href":"https:\/\/obera.fr\/es\/wp-json\/wp\/v2\/pages\/44138\/revisions"}],"predecessor-version":[{"id":141962,"href":"https:\/\/obera.fr\/es\/wp-json\/wp\/v2\/pages\/44138\/revisions\/141962"}],"up":[{"embeddable":true,"href":"https:\/\/obera.fr\/es\/wp-json\/wp\/v2\/pages\/37693"}],"wp:featuredmedia":[{"embeddable":true,"href":"https:\/\/obera.fr\/es\/wp-json\/wp\/v2\/media\/83751"}],"wp:attachment":[{"href":"https:\/\/obera.fr\/es\/wp-json\/wp\/v2\/media?parent=44138"}],"curies":[{"name":"wp","href":"https:\/\/api.w.org\/{rel}","templated":true}]}}