{"id":44146,"date":"2020-08-26T12:38:40","date_gmt":"2020-08-26T10:38:40","guid":{"rendered":"https:\/\/obera.fr\/nuestros-productos\/purificadores-de-aire-industriales\/purificador-de-aire-filtower\/"},"modified":"2026-02-06T13:19:42","modified_gmt":"2026-02-06T11:19:42","slug":"filtower","status":"publish","type":"page","link":"https:\/\/obera.fr\/es\/produits\/purificateurs-air\/filtower\/","title":{"rendered":"Purificador de aire Filtower"},"content":{"rendered":"\n\n<h2 class=\"wp-block-heading\" id=\"centrale-de-traitement-d-air-sans-tuyauterie-ni-montage\">Unidad de tratamiento de aire sin tuber\u00edas ni montaje<\/h2>\n\n<div class=\"wp-block-columns is-layout-flex wp-container-core-columns-is-layout-28f84493 wp-block-columns-is-layout-flex\">\n<div class=\"wp-block-column is-layout-flow wp-block-column-is-layout-flow\" style=\"flex-basis:33.33%\">\n<figure class=\"wp-block-image aligncenter size-medium\"><img decoding=\"async\" width=\"184\" height=\"300\" src=\"https:\/\/obera.fr\/wp-content\/uploads\/2024\/02\/design-sans-titre-1-184x300.png\" alt=\"dise&#xF1;o sin t&#xED;tulo 1\" class=\"wp-image-28336\" srcset=\"https:\/\/obera.fr\/wp-content\/uploads\/2024\/02\/design-sans-titre-1-184x300.png 184w, https:\/\/obera.fr\/wp-content\/uploads\/2024\/02\/design-sans-titre-1.png 496w\" sizes=\"(max-width: 184px) 100vw, 184px\" \/><\/figure>\n<\/div>\n\n\n\n<div class=\"wp-block-column is-layout-flow wp-block-column-is-layout-flow\" style=\"flex-basis:66.66%\">\n<p>El <a href=\"https:\/\/obera.fr\/es\/produits\/purificateurs-air\/\" data-type=\"page\" data-id=\"26\">purificador de aire<\/a> FILTOWER se utiliza a menudo, junto con un sistema de extracci\u00f3n en origen, para extraer y filtrar polvo, humos de soldadura y neblina de aceite.<\/p>\n\n\n\n<p>FILTOWER se utiliza para :<\/p>\n\n\n\n<ul class=\"wp-block-list\">\n<li>Mejorar significativamente la calidad del aire en el taller.<\/li>\n\n\n\n<li>Cumplir los valores reglamentarios en el puesto de trabajo.<\/li>\n\n\n\n<li>Completa un sistema de captura de fuentes.<\/li>\n\n\n\n<li>Procesos de soldadura en los que la captaci\u00f3n en origen no es posible o no es muy eficaz.<\/li>\n\n\n\n<li>Capta las emisiones difusas.<\/li>\n<\/ul>\n\n\n\n<p>Las unidades de la gama <strong>FILTOWER<\/strong> pueden ahorrar hasta un 70% en costes de calefacci\u00f3n, ya que el calor del aire filtrado se reintroduce en el edificio.<\/p>\n\n\n\n<div class=\"wp-block-columns is-layout-flex wp-container-core-columns-is-layout-28f84493 wp-block-columns-is-layout-flex\">\n<div class=\"wp-block-column is-layout-flow wp-block-column-is-layout-flow\" style=\"flex-basis:33.34%\">\n<div class=\"wp-block-buttons is-content-justification-center is-layout-flex wp-container-core-buttons-is-layout-a89b3969 wp-block-buttons-is-layout-flex\">\n<div class=\"wp-block-button\"><a class=\"wp-block-button__link wp-element-button\" href=\"https:\/\/obera.fr\/wp-content\/uploads\/2024\/02\/brochure-filtower.pdf\">Descargar el folleto<\/a><\/div>\n<\/div>\n<\/div>\n\n\n\n<div class=\"wp-block-column is-layout-flow wp-block-column-is-layout-flow\" style=\"flex-basis:33.34%\">\n<div class=\"wp-block-buttons is-horizontal is-content-justification-center is-layout-flex wp-container-core-buttons-is-layout-03627597 wp-block-buttons-is-layout-flex\">\n<div class=\"wp-block-button has-custom-width wp-block-button__width-100\"><a class=\"wp-block-button__link wp-element-button\" href=\"https:\/\/obera.fr\/es\/contacta-con-nosotros\/\">M\u00e1s informaci\u00f3n<\/a><\/div>\n<\/div>\n<\/div>\n\n\n\n<div class=\"wp-block-column is-layout-flow wp-block-column-is-layout-flow\" style=\"flex-basis:33.33%\">\n<div class=\"wp-block-buttons is-content-justification-center is-layout-flex wp-container-core-buttons-is-layout-a89b3969 wp-block-buttons-is-layout-flex\">\n<div class=\"wp-block-button btn-devis-source\"><a class=\"wp-block-button__link wp-element-button\" href=\"https:\/\/obera.fr\/es\/devis\/\">Pide un presupuesto<\/a><\/div>\n<\/div>\n\n\n<script>\r\ndocument.addEventListener('DOMContentLoaded', function() {\r\n    \/\/ 1. On cherche le titre H1 de la page\r\n    var h1 = document.querySelector('h1');\r\n    var productTitle = h1 ? h1.innerText.trim() : \"\";\r\n\r\n    \/\/ 2. On cherche les boutons via la classe CSS .btn-devis-source\r\n    var buttons = document.querySelectorAll('.btn-devis-source a');\r\n\r\n    \/\/ 3. Si on a le titre et les boutons, on ajoute le param\u00e8tre\r\n    if (buttons.length > 0 && productTitle !== \"\") {\r\n        var encodedTitle = encodeURIComponent(productTitle);\r\n\r\n        buttons.forEach(function(btn) {\r\n            var currentHref = btn.getAttribute('href');\r\n            \r\n            \/\/ S\u00e9curit\u00e9 pour ne pas ajouter le param\u00e8tre 2 fois\r\n            if (currentHref.indexOf('sujet=') === -1) {\r\n                var separator = currentHref.indexOf('?') !== -1 ? '&' : '?';\r\n                var newLink = currentHref + separator + 'sujet=' + encodedTitle;\r\n                \r\n                btn.setAttribute('href', newLink);\r\n            }\r\n        });\r\n    }\r\n});\r\n<\/script><\/div>\n<\/div>\n<\/div>\n<\/div>\n\n<figure class=\"wp-block-gallery has-nested-images columns-default is-cropped wp-block-gallery-1 is-layout-flex wp-block-gallery-is-layout-flex\">\n<figure class=\"wp-block-image size-large\"><img decoding=\"async\" width=\"1024\" height=\"683\" data-id=\"1247\" src=\"https:\/\/obera.fr\/wp-content\/uploads\/2020\/10\/FILTOWER-fonctionnement.jpg\" alt=\"Filtower Funcionamiento\" class=\"wp-image-1247\" srcset=\"https:\/\/obera.fr\/wp-content\/uploads\/2020\/10\/FILTOWER-fonctionnement.jpg 1024w, https:\/\/obera.fr\/wp-content\/uploads\/2020\/10\/FILTOWER-fonctionnement-300x200.jpg 300w, https:\/\/obera.fr\/wp-content\/uploads\/2020\/10\/FILTOWER-fonctionnement-768x512.jpg 768w\" sizes=\"(max-width: 1024px) 100vw, 1024px\" \/><figcaption class=\"wp-element-caption\">C\u00f3mo funciona<\/figcaption><\/figure>\n\n\n\n<figure class=\"wp-block-image size-large\"><img decoding=\"async\" width=\"1024\" height=\"683\" data-id=\"1250\" src=\"https:\/\/obera.fr\/wp-content\/uploads\/2020\/10\/filtower-ouvert.jpg\" alt=\"Filtro abierto\" class=\"wp-image-1250\" srcset=\"https:\/\/obera.fr\/wp-content\/uploads\/2020\/10\/filtower-ouvert.jpg 1024w, https:\/\/obera.fr\/wp-content\/uploads\/2020\/10\/filtower-ouvert-300x200.jpg 300w, https:\/\/obera.fr\/wp-content\/uploads\/2020\/10\/filtower-ouvert-768x512.jpg 768w\" sizes=\"(max-width: 1024px) 100vw, 1024px\" \/><figcaption class=\"wp-element-caption\">Abre<\/figcaption><\/figure>\n\n\n\n<figure class=\"wp-block-image size-large\"><img decoding=\"async\" width=\"1024\" height=\"576\" data-id=\"1246\" src=\"https:\/\/obera.fr\/wp-content\/uploads\/2020\/10\/FILTOWER-BAC.jpg\" alt=\"Filtower Bac\" class=\"wp-image-1246\" srcset=\"https:\/\/obera.fr\/wp-content\/uploads\/2020\/10\/FILTOWER-BAC.jpg 1024w, https:\/\/obera.fr\/wp-content\/uploads\/2020\/10\/FILTOWER-BAC-300x169.jpg 300w, https:\/\/obera.fr\/wp-content\/uploads\/2020\/10\/FILTOWER-BAC-768x432.jpg 768w\" sizes=\"(max-width: 1024px) 100vw, 1024px\" \/><figcaption class=\"wp-element-caption\">Papeleras<\/figcaption><\/figure>\n<\/figure>\n\n<div class=\"wp-block-columns is-layout-flex wp-container-core-columns-is-layout-28f84493 wp-block-columns-is-layout-flex\">\n<div class=\"wp-block-column is-layout-flow wp-block-column-is-layout-flow\">\n<h3 class=\"wp-block-heading has-text-align-center\" id=\"avantages\">Beneficios<\/h3>\n\n\n\n<ul class=\"wp-block-list\">\n<li>Plug &amp; Play: lo conectas a la corriente, al aire comprimido y listo.<\/li>\n\n\n\n<li>Potente y poco ruidoso<\/li>\n\n\n\n<li>Sin conductos de extracci\u00f3n<\/li>\n\n\n\n<li>Dise\u00f1ado para que sea f\u00e1cil de mover con una carretilla elevadora o un puente gr\u00faa<\/li>\n\n\n\n<li>Bajos costes de mantenimiento gracias a la limpieza autom\u00e1tica del cartucho filtrante<\/li>\n<\/ul>\n<\/div>\n\n\n\n<div class=\"wp-block-column is-layout-flow wp-block-column-is-layout-flow\">\n<h3 class=\"wp-block-heading has-text-align-center\" id=\"particularites\">Caracter\u00edsticas especiales<\/h3>\n\n\n\n<ul class=\"wp-block-list\">\n<li>Hasta un 70% de ahorro en calefacci\u00f3n<\/li>\n\n\n\n<li>Cambio de filtro f\u00e1cil y sin polvo<\/li>\n\n\n\n<li>Cartuchos filtrantes de larga duraci\u00f3n<\/li>\n\n\n\n<li>Nanofibras para una eficacia de filtraci\u00f3n superior al 99,95<\/li>\n\n\n\n<li>Sistema patentado de preseparaci\u00f3n de part\u00edculas<\/li>\n\n\n\n<li>Baja velocidad de expulsi\u00f3n del aire filtrado<\/li>\n\n\n\n<li>Descarga f\u00e1cil y limpia del polvo aspirado<\/li>\n<\/ul>\n<\/div>\n\n\n\n<div class=\"wp-block-column is-layout-flow wp-block-column-is-layout-flow\">\n<h3 class=\"wp-block-heading has-text-align-center\" id=\"caracteristiques\">Caracter\u00edsticas<\/h3>\n\n\n\n<ul class=\"wp-block-list\">\n<li>Mejora significativamente la calidad del aire de los talleres de producci\u00f3n como complemento de los dispositivos existentes<\/li>\n<\/ul>\n<\/div>\n<\/div>\n\n<h2 class=\"wp-block-heading\" id=\"applications\">Aplicaciones<\/h2>\n\n<div class=\"wp-block-columns is-layout-flex wp-container-core-columns-is-layout-28f84493 wp-block-columns-is-layout-flex\">\n<div class=\"wp-block-column is-layout-flow wp-block-column-is-layout-flow\">\n<h3 class=\"wp-block-heading has-text-align-center\" id=\"polluants\">Contaminantes<\/h3>\n\n\n\n<hr class=\"wp-block-separator has-css-opacity is-style-wide\"\/>\n\n\n\n<div class=\"wp-block-columns is-layout-flex wp-container-core-columns-is-layout-28f84493 wp-block-columns-is-layout-flex\">\n<div class=\"wp-block-column is-layout-flow wp-block-column-is-layout-flow\">\n<figure class=\"wp-block-image aligncenter size-large\"><img decoding=\"async\" width=\"70\" height=\"70\" src=\"https:\/\/obera.fr\/wp-content\/uploads\/2020\/08\/polluants-poussieres.jpg\" alt=\"Contaminantes Polvo\" class=\"wp-image-675\"\/><figcaption class=\"wp-element-caption\">Polvo<\/figcaption><\/figure>\n\n\n\n<figure class=\"wp-block-image aligncenter size-large\"><img decoding=\"async\" width=\"70\" height=\"70\" src=\"https:\/\/obera.fr\/wp-content\/uploads\/2020\/08\/industrie-fumees.jpg\" alt=\"Humo industrial\" class=\"wp-image-722\"\/><figcaption class=\"wp-element-caption\">Humos<\/figcaption><\/figure>\n\n\n\n<figure class=\"wp-block-image aligncenter size-large\"><img decoding=\"async\" width=\"70\" height=\"70\" src=\"https:\/\/obera.fr\/wp-content\/uploads\/2020\/09\/cov.png\" alt=\"Cov\" class=\"wp-image-959\"\/><figcaption class=\"wp-element-caption\">VOCS<\/figcaption><\/figure>\n<\/div>\n\n\n\n<div class=\"wp-block-column is-layout-flow wp-block-column-is-layout-flow\">\n<figure class=\"wp-block-image aligncenter size-large\"><img decoding=\"async\" width=\"70\" height=\"70\" src=\"https:\/\/obera.fr\/wp-content\/uploads\/2020\/08\/industrie-odeur.jpg\" alt=\"Industria Olor\" class=\"wp-image-723\"\/><figcaption class=\"wp-element-caption\">Olores<\/figcaption><\/figure>\n\n\n\n<figure class=\"wp-block-image aligncenter size-large\"><img decoding=\"async\" width=\"70\" height=\"70\" src=\"https:\/\/obera.fr\/wp-content\/uploads\/2020\/08\/industrie-brouillard-huile.jpg\" alt=\"Aceite de niebla industrial\" class=\"wp-image-721\"\/><figcaption class=\"wp-element-caption\">Niebla de aceite<\/figcaption><\/figure>\n<\/div>\n<\/div>\n<\/div>\n\n\n\n<div class=\"wp-block-column is-layout-flow wp-block-column-is-layout-flow\">\n<h3 class=\"wp-block-heading has-text-align-center\" id=\"industries\">Industrias<\/h3>\n\n\n\n<hr class=\"wp-block-separator has-css-opacity is-style-wide\"\/>\n\n\n\n<div class=\"wp-block-columns is-layout-flex wp-container-core-columns-is-layout-28f84493 wp-block-columns-is-layout-flex\">\n<div class=\"wp-block-column is-layout-flow wp-block-column-is-layout-flow\">\n<figure class=\"wp-block-image aligncenter size-large\"><img decoding=\"async\" width=\"70\" height=\"70\" src=\"https:\/\/obera.fr\/wp-content\/uploads\/2020\/08\/industrie-metallurgie.jpg\" alt=\"Industria metal&#xFA;rgica\" class=\"wp-image-673\"\/><figcaption class=\"wp-element-caption\">Metalurgia<\/figcaption><\/figure>\n\n\n\n<figure class=\"wp-block-image aligncenter size-large\"><img decoding=\"async\" width=\"70\" height=\"70\" src=\"https:\/\/obera.fr\/wp-content\/uploads\/2020\/08\/industrie-plastique.jpg\" alt=\"Industria del pl&#xE1;stico\" class=\"wp-image-669\"\/><figcaption class=\"wp-element-caption\">Pl\u00e1sticos<\/figcaption><\/figure>\n\n\n\n<figure class=\"wp-block-image aligncenter size-large\"><img decoding=\"async\" width=\"70\" height=\"70\" src=\"https:\/\/obera.fr\/wp-content\/uploads\/2020\/08\/industrie-chimie.jpg\" alt=\"Industria qu&#xED;mica\" class=\"wp-image-725\"\/><figcaption class=\"wp-element-caption\">Qu\u00edmica\/Petroqu\u00edmica<\/figcaption><\/figure>\n<\/div>\n\n\n\n<div class=\"wp-block-column is-layout-flow wp-block-column-is-layout-flow\">\n<figure class=\"wp-block-image aligncenter size-large\"><img decoding=\"async\" width=\"70\" height=\"70\" src=\"https:\/\/obera.fr\/wp-content\/uploads\/2020\/08\/industrie-bois.jpg\" alt=\"Industria maderera\" class=\"wp-image-672\"\/><figcaption class=\"wp-element-caption\">Carpinter\u00eda<\/figcaption><\/figure>\n\n\n\n<figure class=\"wp-block-image aligncenter size-large\"><img decoding=\"async\" width=\"70\" height=\"70\" src=\"https:\/\/obera.fr\/wp-content\/uploads\/2020\/08\/industrie-papier-carton.jpg\" alt=\"Industria del papel y cart&#xF3;n\" class=\"wp-image-670\"\/><figcaption class=\"wp-element-caption\">Papel\/cart\u00f3n<\/figcaption><\/figure>\n\n\n\n<figure class=\"wp-block-image aligncenter size-large\"><img decoding=\"async\" width=\"70\" height=\"70\" src=\"https:\/\/obera.fr\/wp-content\/uploads\/2020\/08\/industrie-minerai.jpg\" alt=\"Industria del mineral\" class=\"wp-image-724\"\/><figcaption class=\"wp-element-caption\">Minerales<\/figcaption><\/figure>\n<\/div>\n<\/div>\n<\/div>\n<\/div>\n\n<h2 class=\"wp-block-heading\" id=\"caracteristiques-techniques\">Especificaciones t\u00e9cnicas<\/h2>\n\n<figure class=\"wp-block-table\"><table class=\"has-fixed-layout\"><thead><tr><th>Dispositivo<\/th><th><\/th><th>FILTRO 100<\/th><th>FILTRO 160<\/th><th>FILTRO 200<\/th><\/tr><\/thead><tbody><tr><td>Flujo<\/td><td>m3\/h<\/td><td>10 000<\/td><td>15 000<\/td><td>20 000<\/td><\/tr><tr><td>presi\u00f3n negativa m\u00e1xima<\/td><td>Pa<\/td><td>2 800<\/td><td>2 800<\/td><td>2 800<\/td><\/tr><tr><td>Tensi\u00f3n de alimentaci\u00f3n<\/td><td>V<\/td><td>400<\/td><td>400<\/td><td>400<\/td><\/tr><tr><td>Potencia<\/td><td>kW<\/td><td>2 x 3.0<\/td><td>2 x 4.0<\/td><td>2 x 7.5<\/td><\/tr><tr><td>Superficie filtrante<\/td><td>m\u00b2<\/td><td>100<\/td><td>160<\/td><td>200<\/td><\/tr><tr><td>N\u00famero de filtros<\/td><td>Pieza<\/td><td>4<\/td><td>4<\/td><td>4<\/td><\/tr><tr><td>Capacidad de almacenamiento de polvo<\/td><td>l<\/td><td>150<\/td><td>150<\/td><td>150<\/td><\/tr><tr><td>Dimensiones<\/td><td>l\/L\/h (mm)<\/td><td>2060x1510x2950<\/td><td>2060x1510x3350<\/td><td>2060x1510x3850<\/td><\/tr><tr><td>Peso<\/td><td>kg<\/td><td>1 100<\/td><td>1 200<\/td><td>1 500<\/td><\/tr><tr><td>Nivel sonoro<\/td><td>dB(A)<\/td><td>71<\/td><td>75<\/td><td>77<\/td><\/tr><\/tbody><\/table><\/figure>\n\n<h3 class=\"wp-block-heading\" id=\"en-option\">Opcional<\/h3>\n\n<div class=\"wp-block-columns is-layout-flex wp-container-core-columns-is-layout-28f84493 wp-block-columns-is-layout-flex\">\n<div class=\"wp-block-column is-layout-flow wp-block-column-is-layout-flow\">\n<figure class=\"wp-block-image aligncenter size-large\"><img decoding=\"async\" width=\"100\" height=\"100\" src=\"https:\/\/obera.fr\/wp-content\/uploads\/2020\/09\/Appareil-de-controle.jpg\" alt=\"Dispositivo de control\" class=\"wp-image-961\"\/><figcaption class=\"wp-element-caption\">Medici\u00f3n continua<\/figcaption><\/figure>\n<\/div>\n\n\n\n<div class=\"wp-block-column is-layout-flow wp-block-column-is-layout-flow\">\n<figure class=\"wp-block-image aligncenter size-large\"><img decoding=\"async\" width=\"100\" height=\"100\" src=\"https:\/\/obera.fr\/wp-content\/uploads\/2020\/09\/Charbon-actif-100x100-1.jpg\" alt=\"Carb&#xF3;n activado 100x100\" class=\"wp-image-963\"\/><\/figure>\n\n\n\n<p class=\"has-text-align-center\">Filtro de carb\u00f3n activado<\/p>\n<\/div>\n\n\n\n<div class=\"wp-block-column is-layout-flow wp-block-column-is-layout-flow\">\n<figure class=\"wp-block-image aligncenter size-large\"><img decoding=\"async\" width=\"150\" height=\"150\" src=\"https:\/\/obera.fr\/wp-content\/uploads\/2020\/11\/4-industrie-4-0.jpg\" alt=\"4 Industria 4 0\" class=\"wp-image-1641\"\/><figcaption class=\"wp-element-caption\">Industria 4.0<\/figcaption><\/figure>\n<\/div>\n<\/div>\n\n<hr class=\"wp-block-separator has-css-opacity is-style-dots\"\/>\n\n<div class=\"wp-block-buttons is-horizontal is-content-justification-center is-layout-flex wp-container-core-buttons-is-layout-03627597 wp-block-buttons-is-layout-flex\">\n<div class=\"wp-block-button has-custom-width wp-block-button__width-100\"><a class=\"wp-block-button__link wp-element-button\" href=\"https:\/\/obera.fr\/es\/contacta-con-nosotros\/\">M\u00e1s informaci\u00f3n<\/a><\/div>\n<\/div>\n\n<h2 class=\"wp-block-heading\" id=\"les-autres-purificateurs-d-air\">Otros purificadores de aire<\/h2>\n\n<div class=\"wp-block-columns is-layout-flex wp-container-core-columns-is-layout-28f84493 wp-block-columns-is-layout-flex\">\n<div class=\"wp-block-column is-vertically-aligned-center is-layout-flow wp-block-column-is-layout-flow\">\n<figure class=\"wp-block-image aligncenter size-thumbnail\"><a href=\"https:\/\/obera.fr\/es\/produits\/purificateurs-air\/epur-b01-purificador-de-aire-ecoprime-para-polvo\/\"><img decoding=\"async\" width=\"150\" height=\"150\" src=\"https:\/\/obera.fr\/wp-content\/uploads\/2020\/09\/epur-b01-ecoprime-150x150.jpg\" alt=\"Epur B01 Ecoprime\" class=\"wp-image-1008\" srcset=\"https:\/\/obera.fr\/wp-content\/uploads\/2020\/09\/epur-b01-ecoprime-150x150.jpg 150w, https:\/\/obera.fr\/wp-content\/uploads\/2020\/09\/epur-b01-ecoprime-300x300.jpg 300w, https:\/\/obera.fr\/wp-content\/uploads\/2020\/09\/epur-b01-ecoprime.jpg 433w\" sizes=\"(max-width: 150px) 100vw, 150px\" \/><\/a><figcaption class=\"wp-element-caption\">ePUR B01 Ecoprime<\/figcaption><\/figure>\n<\/div>\n\n\n\n<div class=\"wp-block-column is-layout-flow wp-block-column-is-layout-flow\">\n<figure class=\"wp-block-image aligncenter size-medium is-resized\"><a href=\"https:\/\/obera.fr\/es\/produits\/purificateurs-air\/professionnel-epur-ca\/\"><img decoding=\"async\" width=\"300\" height=\"300\" src=\"https:\/\/obera.fr\/wp-content\/uploads\/2026\/01\/image-epur-ca-300x300.png\" alt=\"image epur ca\" class=\"wp-image-138874\" style=\"width:204px;height:auto\" srcset=\"https:\/\/obera.fr\/wp-content\/uploads\/2026\/01\/image-epur-ca-300x300.png 300w, https:\/\/obera.fr\/wp-content\/uploads\/2026\/01\/image-epur-ca-1024x1024.png 1024w, https:\/\/obera.fr\/wp-content\/uploads\/2026\/01\/image-epur-ca-150x150.png 150w, https:\/\/obera.fr\/wp-content\/uploads\/2026\/01\/image-epur-ca-768x768.png 768w, https:\/\/obera.fr\/wp-content\/uploads\/2026\/01\/image-epur-ca.png 1200w\" sizes=\"(max-width: 300px) 100vw, 300px\" \/><\/a><figcaption class=\"wp-element-caption\">ePUR CA<\/figcaption><\/figure>\n<\/div>\n\n\n\n<div class=\"wp-block-column is-layout-flow wp-block-column-is-layout-flow\">\n<figure class=\"wp-block-image aligncenter size-full is-resized\"><a href=\"https:\/\/obera.fr\/es\/produits\/purificateurs-air\/industriel-epur\/\"><img decoding=\"async\" width=\"1200\" height=\"1200\" src=\"https:\/\/obera.fr\/wp-content\/uploads\/2026\/01\/image-gamme-epur.png\" alt=\"image gamme epur\" class=\"wp-image-138868\" style=\"width:218px;height:auto\" srcset=\"https:\/\/obera.fr\/wp-content\/uploads\/2026\/01\/image-gamme-epur.png 1200w, https:\/\/obera.fr\/wp-content\/uploads\/2026\/01\/image-gamme-epur-300x300.png 300w, https:\/\/obera.fr\/wp-content\/uploads\/2026\/01\/image-gamme-epur-1024x1024.png 1024w, https:\/\/obera.fr\/wp-content\/uploads\/2026\/01\/image-gamme-epur-150x150.png 150w, https:\/\/obera.fr\/wp-content\/uploads\/2026\/01\/image-gamme-epur-768x768.png 768w\" sizes=\"(max-width: 1200px) 100vw, 1200px\" \/><\/a><figcaption class=\"wp-element-caption\">ePUR<\/figcaption><\/figure>\n<\/div>\n\n\n\n<div class=\"wp-block-column is-layout-flow wp-block-column-is-layout-flow\">\n<figure class=\"wp-block-image aligncenter size-full is-resized\"><a href=\"https:\/\/obera.fr\/es\/produits\/purificateurs-air\/purificateur-rafraichisseur-epur150-fresh\/\"><img decoding=\"async\" width=\"150\" height=\"150\" src=\"https:\/\/obera.fr\/wp-content\/uploads\/2023\/04\/epur150-fresh-4.png\" alt=\"epur150 fresco (4)\" class=\"wp-image-22427\" style=\"width:150px;height:150px\"\/><\/a><figcaption class=\"wp-element-caption\">ePUR150 FRESCO<\/figcaption><\/figure>\n<\/div>\n<\/div>\n","protected":false},"excerpt":{"rendered":"<p>Unidad de tratamiento de aire sin tuber\u00edas ni montaje El purificador de aire FILTOWER se utiliza a menudo, junto con un sistema de extracci\u00f3n en origen, para extraer y filtrar polvo, humos de soldadura y neblina de aceite. FILTOWER se utiliza para : Las unidades de la gama FILTOWER pueden ahorrar hasta un 70% en costes de calefacci\u00f3n, ya que el calor del aire filtrado se reintroduce en el edificio. Beneficios Caracter\u00edsticas especiales Caracter\u00edsticas Aplicaciones Contaminantes Industrias Especificaciones t\u00e9cnicas Dispositivo FILTRO 100 FILTRO 160 FILTRO 200 Flujo m3\/h 10 000 15 000 20 000 presi\u00f3n negativa m\u00e1xima Pa 2 800 &#8230; <\/p>\n<p class=\"read-more-container\"><a title=\"Purificador de aire Filtower\" class=\"read-more button\" href=\"https:\/\/obera.fr\/es\/produits\/purificateurs-air\/filtower\/#more-44146\" aria-label=\"Leer m\u00e1s sobre Purificador de aire Filtower\">Lire la suite<\/a><\/p>\n","protected":false},"author":4,"featured_media":83751,"parent":37693,"menu_order":0,"comment_status":"closed","ping_status":"closed","template":"","meta":{"_acf_changed":false,"_seopress_robots_primary_cat":"","_seopress_titles_title":"Descubre el purificador de aire Filtower de OberA","_seopress_titles_desc":"l purificador de aire FILTOWER de oberA se utiliza para extraer y filtrar polvo, humos de soldadura y neblina de aceite.","_seopress_robots_index":"","footnotes":""},"class_list":{"0":"post-44146","1":"page","2":"type-page","3":"status-publish","4":"has-post-thumbnail","6":"no-featured-image-padding","7":"resize-featured-image"},"acf":[],"_links":{"self":[{"href":"https:\/\/obera.fr\/es\/wp-json\/wp\/v2\/pages\/44146","targetHints":{"allow":["GET"]}}],"collection":[{"href":"https:\/\/obera.fr\/es\/wp-json\/wp\/v2\/pages"}],"about":[{"href":"https:\/\/obera.fr\/es\/wp-json\/wp\/v2\/types\/page"}],"author":[{"embeddable":true,"href":"https:\/\/obera.fr\/es\/wp-json\/wp\/v2\/users\/4"}],"replies":[{"embeddable":true,"href":"https:\/\/obera.fr\/es\/wp-json\/wp\/v2\/comments?post=44146"}],"version-history":[{"count":6,"href":"https:\/\/obera.fr\/es\/wp-json\/wp\/v2\/pages\/44146\/revisions"}],"predecessor-version":[{"id":141630,"href":"https:\/\/obera.fr\/es\/wp-json\/wp\/v2\/pages\/44146\/revisions\/141630"}],"up":[{"embeddable":true,"href":"https:\/\/obera.fr\/es\/wp-json\/wp\/v2\/pages\/37693"}],"wp:featuredmedia":[{"embeddable":true,"href":"https:\/\/obera.fr\/es\/wp-json\/wp\/v2\/media\/83751"}],"wp:attachment":[{"href":"https:\/\/obera.fr\/es\/wp-json\/wp\/v2\/media?parent=44146"}],"curies":[{"name":"wp","href":"https:\/\/api.w.org\/{rel}","templated":true}]}}