{"id":44207,"date":"2024-04-06T01:24:32","date_gmt":"2024-04-05T23:24:32","guid":{"rendered":"https:\/\/obera.fr\/na-2-2-aspirador-humedo-movil\/"},"modified":"2025-06-27T15:38:53","modified_gmt":"2025-06-27T13:38:53","slug":"na-2-2-depoussiereur-a-voie-humide","status":"publish","type":"page","link":"https:\/\/obera.fr\/es\/produits\/depoussiereurs-industriels\/mobiles\/na-2-2-depoussiereur-a-voie-humide\/","title":{"rendered":"NA 2.2 : aspirador h\u00famedo m\u00f3vil"},"content":{"rendered":"\n<p>Descubre el aspirador de polvo h\u00famedo NA 2.2 para aspirar las sustancias pegajosas y los polvos con efecto hoz que se generan en tus talleres.<\/p>\n\n<h2 class=\"wp-block-heading\">NA 2.2 colector de polvo h\u00famedo: funcionamiento y uso<\/h2>\n\n<div class=\"wp-block-columns is-layout-flex wp-container-core-columns-is-layout-28f84493 wp-block-columns-is-layout-flex\">\n<div class=\"wp-block-column is-layout-flow wp-block-column-is-layout-flow\" style=\"flex-basis:33.33%\">\n<figure class=\"wp-block-image aligncenter size-full\"><img decoding=\"async\" width=\"600\" height=\"600\" src=\"https:\/\/obera.fr\/wp-content\/uploads\/2024\/04\/obera-na-2-2-depoussiereur-a-voie-humide-mobile.jpg\" alt=\"NA 2.2 : aspirador h&#xFA;medo m&#xF3;vil\" class=\"wp-image-29475\" srcset=\"https:\/\/obera.fr\/wp-content\/uploads\/2024\/04\/obera-na-2-2-depoussiereur-a-voie-humide-mobile.jpg 600w, https:\/\/obera.fr\/wp-content\/uploads\/2024\/04\/obera-na-2-2-depoussiereur-a-voie-humide-mobile-300x300.jpg 300w, https:\/\/obera.fr\/wp-content\/uploads\/2024\/04\/obera-na-2-2-depoussiereur-a-voie-humide-mobile-150x150.jpg 150w\" sizes=\"(max-width: 600px) 100vw, 600px\" \/><\/figure>\n<\/div>\n\n\n\n<div class=\"wp-block-column is-layout-flow wp-block-column-is-layout-flow\" style=\"flex-basis:66.66%\">\n<p>El sistema de filtraci\u00f3n de los captadores de polvo h\u00famedo utiliza el principio de la fuerza centr\u00edfuga y aprovecha el agua como medio de filtraci\u00f3n. En la pr\u00e1ctica, el aire cargado de part\u00edculas finas y polvo es captado en el colector de polvo por el ventilador incorporado. A continuaci\u00f3n, el aire se satura con agua a trav\u00e9s de boquillas pulverizadoras, lo que aglomera el polvo y facilita su captura. Para separar las part\u00edculas, el aire y el agua giran a gran velocidad para lanzarlas contra la pared del colector de polvo (principio del v\u00f3rtice). El aire limpio se extrae y se libera a la atm\u00f3sfera mediante el ventilador centr\u00edfugo de extracci\u00f3n.<\/p>\n\n\n\n<p>Ideal para serrar, cortar y rebanar, pero tambi\u00e9n para esmerilar, pulir, arrancar virutas, fresar, decantar, rellenar y mezclar. Versi\u00f3n ATEX disponible como opci\u00f3n.<\/p>\n\n\n\n<p>\u00bfPara qu\u00e9 usos? El aspirador de polvo h\u00famedo NA 2.2 funciona especialmente bien al aspirar sustancias pegajosas y durante operaciones que generan fuertes chispas. Es ideal para extraer polvos met\u00e1licos, polvos pegajosos y polvos combustibles. Esto hace que sea ideal para su uso en la industria alimentaria y metal\u00fargica.<\/p>\n\n\n\n<div class=\"wp-block-columns is-layout-flex wp-container-core-columns-is-layout-28f84493 wp-block-columns-is-layout-flex\">\n<div class=\"wp-block-column is-layout-flow wp-block-column-is-layout-flow\">\n<div class=\"wp-block-buttons is-layout-flex wp-block-buttons-is-layout-flex\">\n<div class=\"wp-block-button\"><a class=\"wp-block-button__link wp-element-button\" href=\"https:\/\/obera.fr\/wp-content\/uploads\/2025\/04\/brochure-na-2.2-fr.pdf\">Descargar el folleto<\/a><\/div>\n<\/div>\n<\/div>\n\n\n\n<div class=\"wp-block-column is-layout-flow wp-block-column-is-layout-flow\">\n<div class=\"wp-block-buttons is-layout-flex wp-block-buttons-is-layout-flex\">\n<div class=\"wp-block-button\"><a class=\"wp-block-button__link wp-element-button\" href=\"https:\/\/obera.fr\/contact\/\">\u00bfNecesitas asesoramiento personalizado?<\/a><\/div>\n<\/div>\n<\/div>\n\n\n\n<div class=\"wp-block-column is-layout-flow wp-block-column-is-layout-flow\">\n<div class=\"wp-block-buttons is-content-justification-center is-layout-flex wp-container-core-buttons-is-layout-a89b3969 wp-block-buttons-is-layout-flex\">\n<div class=\"wp-block-button btn-devis-source\"><a class=\"wp-block-button__link wp-element-button\" href=\"https:\/\/obera.fr\/es\/devis\/\">Pide un presupuesto<\/a><\/div>\n<\/div>\n\n\n<script>\r\ndocument.addEventListener('DOMContentLoaded', function() {\r\n    \/\/ 1. On cherche le titre H1 de la page\r\n    var h1 = document.querySelector('h1');\r\n    var productTitle = h1 ? h1.innerText.trim() : \"\";\r\n\r\n    \/\/ 2. On cherche les boutons via la classe CSS .btn-devis-source\r\n    var buttons = document.querySelectorAll('.btn-devis-source a');\r\n\r\n    \/\/ 3. Si on a le titre et les boutons, on ajoute le param\u00e8tre\r\n    if (buttons.length > 0 && productTitle !== \"\") {\r\n        var encodedTitle = encodeURIComponent(productTitle);\r\n\r\n        buttons.forEach(function(btn) {\r\n            var currentHref = btn.getAttribute('href');\r\n            \r\n            \/\/ S\u00e9curit\u00e9 pour ne pas ajouter le param\u00e8tre 2 fois\r\n            if (currentHref.indexOf('sujet=') === -1) {\r\n                var separator = currentHref.indexOf('?') !== -1 ? '&' : '?';\r\n                var newLink = currentHref + separator + 'sujet=' + encodedTitle;\r\n                \r\n                btn.setAttribute('href', newLink);\r\n            }\r\n        });\r\n    }\r\n});\r\n<\/script><\/div>\n<\/div>\n<\/div>\n<\/div>\n\n<h2 class=\"wp-block-heading\">Caracter\u00edsticas del aspirador h\u00famedo NA 2.2<\/h2>\n\n<p>Adem\u00e1s de ser muy m\u00f3vil, su dise\u00f1o tambi\u00e9n ofrece algo nunca visto en los dispositivos NA: un dise\u00f1o compacto que ocupa poco espacio. Hasta ahora, los separadores de agua s\u00f3lo pod\u00edan ser fijos, de mayor tama\u00f1o (dimensiones mucho mayores) para cubrir una amplia gama de aplicaciones. En la actualidad, los aspiradores NA han conseguido combinar rendimiento y facilidad de uso con unidades m\u00f3viles flexibles y compactas. Adem\u00e1s, los equipos NA siempre est\u00e1n equipados con una secci\u00f3n superior basculante para facilitar el acceso al interior del aparato.<\/p>\n\n<p>La serie NA tambi\u00e9n emite muy poco ruido: 68 dB(A). Esto significa que puede utilizarse directamente en los distintos puestos de trabajo sin molestar a los operarios.<\/p>\n\n<blockquote class=\"wp-block-quote is-layout-flow wp-block-quote-is-layout-flow\">\n<p>Opciones: el aspirador de polvo h\u00famedo NA 2.2 tambi\u00e9n est\u00e1 disponible como aspirador de limpieza con una manguera de 50 mm de di\u00e1metro. Est\u00e1 disponible en versi\u00f3n de acero inoxidable para cumplir los requisitos de la industria alimentaria, que genera polvo fino y org\u00e1nico y est\u00e1 sujeta a estrictas normas de higiene y seguridad alimentaria. Otra opci\u00f3n esencial para las industrias que operan en \u00e1reas potencialmente explosivas (Zona 22): la versi\u00f3n ATEX, para la aspiraci\u00f3n segura de polvo seco, combustible y no conductor.<\/p>\n<\/blockquote>\n\n<h3 class=\"wp-block-heading has-text-align-center\">INDUSTRIAS<\/h3>\n\n<div class=\"wp-block-columns is-layout-flex wp-container-core-columns-is-layout-28f84493 wp-block-columns-is-layout-flex\">\n<div class=\"wp-block-column is-layout-flow wp-block-column-is-layout-flow\">\n<hr class=\"wp-block-separator has-alpha-channel-opacity\"\/>\n\n\n\n<div class=\"wp-block-columns is-layout-flex wp-container-core-columns-is-layout-28f84493 wp-block-columns-is-layout-flex\">\n<div class=\"wp-block-column is-layout-flow wp-block-column-is-layout-flow\">\n<figure class=\"wp-block-image aligncenter size-thumbnail is-resized\"><img decoding=\"async\" width=\"150\" height=\"150\" src=\"https:\/\/obera.fr\/wp-content\/uploads\/2022\/02\/Metalurgie-150x150.png\" alt=\"metalurgia\" class=\"wp-image-8857\"\/><figcaption class=\"wp-element-caption\">Metalurgia<\/figcaption><\/figure>\n<\/div>\n\n\n\n<div class=\"wp-block-column is-layout-flow wp-block-column-is-layout-flow\">\n<figure class=\"wp-block-image aligncenter size-thumbnail is-resized\"><img decoding=\"async\" width=\"150\" height=\"150\" src=\"https:\/\/obera.fr\/wp-content\/uploads\/2022\/02\/AGROALIMENTAIRE-150x150.png\" alt=\"agroalimentario\" class=\"wp-image-8844\"\/><figcaption class=\"wp-element-caption\">Industria alimentaria<\/figcaption><\/figure>\n<\/div>\n<\/div>\n<\/div>\n\n\n\n<div class=\"wp-block-column is-layout-flow wp-block-column-is-layout-flow\">\n<hr class=\"wp-block-separator has-alpha-channel-opacity\"\/>\n\n\n\n<div class=\"wp-block-columns is-layout-flex wp-container-core-columns-is-layout-28f84493 wp-block-columns-is-layout-flex\">\n<div class=\"wp-block-column is-layout-flow wp-block-column-is-layout-flow\"><\/div>\n\n\n\n<div class=\"wp-block-column is-layout-flow wp-block-column-is-layout-flow\"><\/div>\n<\/div>\n<\/div>\n<\/div>\n\n<table id=\"tablepress-201\" class=\"tablepress tablepress-id-201\">\n<tbody class=\"row-striping row-hover\">\n<tr class=\"row-1\">\n\t<td class=\"column-1\">Volume d\u2019air max. D\u00e9bit d\u2019air<\/td><td class=\"column-2\">M3\/h<\/td><td class=\"column-3\">300<\/td>\n<\/tr>\n<tr class=\"row-2\">\n\t<td class=\"column-1\">Diam\u00e8tre d\u2019entr\u00e9e\/de sortie<\/td><td class=\"column-2\">mm<\/td><td class=\"column-3\">50\/-<\/td>\n<\/tr>\n<tr class=\"row-3\">\n\t<td class=\"column-1\">Pression d\u2019air max. D\u00e9pression<\/td><td class=\"column-2\">Pa<\/td><td class=\"column-3\">21.000<\/td>\n<\/tr>\n<tr class=\"row-4\">\n\t<td class=\"column-1\">Puissance d\u2019entra\u00eenement<\/td><td class=\"column-2\">kW<\/td><td class=\"column-3\">2.2<\/td>\n<\/tr>\n<tr class=\"row-5\">\n\t<td class=\"column-1\">Contenu en eau<\/td><td class=\"column-2\">L<\/td><td class=\"column-3\">40<\/td>\n<\/tr>\n<tr class=\"row-6\">\n\t<td class=\"column-1\">R\u00e9servoir de collecte de volume<\/td><td class=\"column-2\">L<\/td><td class=\"column-3\">100<\/td>\n<\/tr>\n<tr class=\"row-7\">\n\t<td class=\"column-1\">Dimensions (L\/l\/h)<\/td><td class=\"column-2\">mm<\/td><td class=\"column-3\">1.260x630x1.560<\/td>\n<\/tr>\n<tr class=\"row-8\">\n\t<td class=\"column-1\">Poids (sans eau)<\/td><td class=\"column-2\">kg<\/td><td class=\"column-3\">130<\/td>\n<\/tr>\n<tr class=\"row-9\">\n\t<td class=\"column-1\">\u00c9missions sonores<\/td><td class=\"column-2\">dB(A)<\/td><td class=\"column-3\">68<\/td>\n<\/tr>\n<\/tbody>\n<\/table>\n<!-- #tablepress-201 from cache -->\n\n<div class=\"wp-block-buttons is-content-justification-center is-layout-flex wp-container-core-buttons-is-layout-a89b3969 wp-block-buttons-is-layout-flex\">\n<div class=\"wp-block-button\"><a class=\"wp-block-button__link wp-element-button\" href=\"https:\/\/obera.fr\/wp-content\/uploads\/2025\/04\/brochure-na-2.2-de.pdf\">DESCARGAR FICHA T\u00c9CNICA DEL PRODUCTO<\/a><\/div>\n<\/div>\n\n<figure class=\"wp-block-table\"><table class=\"has-fixed-layout\"><tbody><tr><td>Volumen m\u00e1x. de aire Caudal de aire<\/td><td>M3\/h<\/td><td>300<\/td><\/tr><tr><td>Di\u00e1metro de entrada\/salida<\/td><td>mm<\/td><td>50\/-<\/td><\/tr><tr><td>Presi\u00f3n de aire m\u00e1x. Vac\u00edo <\/td><td>Pa<\/td><td>21.000<\/td><\/tr><tr><td>Potencia motriz<\/td><td>kW<\/td><td>2.2<\/td><\/tr><tr><td>Contenido en agua<\/td><td>L<\/td><td>40<\/td><\/tr><tr><td>Dep\u00f3sito de recogida de volumen<\/td><td>L<\/td><td>100<\/td><\/tr><tr><td>Dimensiones (L\/A\/A)<\/td><td>mm<\/td><td>1.260x630x1.560 cm<\/td><\/tr><tr><td>Peso (sin agua)<\/td><td>kg<\/td><td>130<\/td><\/tr><tr><td>Emisiones ac\u00fasticas<\/td><td>dB(A)<\/td><td>68<\/td><\/tr><\/tbody><\/table><\/figure>\n\n<div style=\"height:34px\" aria-hidden=\"true\" class=\"wp-block-spacer\"><\/div>\n\n<h2 class=\"wp-block-heading\">\u00bfCu\u00e1les son las ventajas del aspirador h\u00famedo NA 2.2?<\/h2>\n\n<p>El colector de polvo h\u00famedo utiliza tecnolog\u00eda de filtraci\u00f3n para garantizar una calidad \u00f3ptima del aire en las plantas de producci\u00f3n. Adem\u00e1s de proteger la salud de tus equipos, reduces el riesgo de aver\u00edas y da\u00f1os en tu maquinaria y equipos.<\/p>\n\n<p>M\u00f3vil y flexible, el aspirador de polvo h\u00famedo NA 2.2 es f\u00e1cil de maniobrar gracias a sus ruedas lisas. Es ideal para los cambios frecuentes de ubicaci\u00f3n, para la m\u00e1xima comodidad del usuario. Tambi\u00e9n es compacto, ocupa poco espacio.<\/p>\n\n<p>El aspirador de polvo h\u00famedo NA 2.2 puede combinarse con otros equipos para mayor comodidad del usuario, como el control autom\u00e1tico del nivel de agua o una electrov\u00e1lvula para suministrar agua autom\u00e1ticamente a la unidad.<\/p>\n\n<div class=\"wp-block-columns is-layout-flex wp-container-core-columns-is-layout-28f84493 wp-block-columns-is-layout-flex\">\n<div class=\"wp-block-column is-layout-flow wp-block-column-is-layout-flow\" style=\"flex-basis:33.34%\">\n<h3 class=\"wp-block-heading\">Ventajas :<\/h3>\n\n\n\n<ul class=\"wp-block-list\">\n<li>Silenciosa y compacta;<\/li>\n\n\n\n<li>Posibilidades de aplicaci\u00f3n flexibles.<\/li>\n<\/ul>\n<\/div>\n\n\n\n<div class=\"wp-block-column is-layout-flow wp-block-column-is-layout-flow\" style=\"flex-basis:33.34%\">\n<h3 class=\"wp-block-heading\">Caracter\u00edsticas especiales:<\/h3>\n\n\n\n<ul class=\"wp-block-list\">\n<li>Extracci\u00f3n de polvos pegajosos, adecuada para procesos de trabajo con proyecci\u00f3n de chispas;<\/li>\n\n\n\n<li>Disponible como aspirador de limpieza.<\/li>\n<\/ul>\n\n\n\n<div style=\"height:26px\" aria-hidden=\"true\" class=\"wp-block-spacer\"><\/div>\n<\/div>\n\n\n\n<div class=\"wp-block-column is-layout-flow wp-block-column-is-layout-flow\" style=\"flex-basis:33.33%\">\n<h3 class=\"wp-block-heading\">Caracter\u00edsticas :<\/h3>\n\n\n\n<ul class=\"wp-block-list\">\n<li>Versi\u00f3n <a href=\"https:\/\/obera.fr\/es\/produits\/atex\/\" data-type=\"page\" data-id=\"372\">ATEX<\/a> opcional ;<\/li>\n\n\n\n<li>Disponible en acero inoxidable.<\/li>\n<\/ul>\n<\/div>\n<\/div>\n\n<div class=\"wp-block-buttons is-content-justification-center is-layout-flex wp-container-core-buttons-is-layout-a89b3969 wp-block-buttons-is-layout-flex\">\n<div class=\"wp-block-button\"><a class=\"wp-block-button__link wp-element-button\" href=\"https:\/\/obera.fr\/es\/contact\/\">PRUEBA DEL ASPIRADOR NA 2.2<\/a><\/div>\n<\/div>\n\n<div style=\"height:25px\" aria-hidden=\"true\" class=\"wp-block-spacer\"><\/div>\n\n<h2 class=\"wp-block-heading\">Otros aspiradores m\u00f3viles de la marca OberA<\/h2>\n\n<div class=\"wp-block-columns is-layout-flex wp-container-core-columns-is-layout-28f84493 wp-block-columns-is-layout-flex\">\n<div class=\"wp-block-column is-layout-flow wp-block-column-is-layout-flow\">\n<figure class=\"wp-block-image aligncenter size-medium\"><a href=\"https:\/\/obera.fr\/produits\/depoussiereurs-industriels\/mobiles\/srf-k\/\"><img decoding=\"async\" width=\"300\" height=\"300\" src=\"https:\/\/obera.fr\/wp-content\/uploads\/2020\/10\/SRF-K-SF-300x300.png\" alt=\"Srf K Sf\" class=\"wp-image-1309\" srcset=\"https:\/\/obera.fr\/wp-content\/uploads\/2020\/10\/SRF-K-SF-300x300.png 300w, https:\/\/obera.fr\/wp-content\/uploads\/2020\/10\/SRF-K-SF-150x150.png 150w, https:\/\/obera.fr\/wp-content\/uploads\/2020\/10\/SRF-K-SF.png 600w\" sizes=\"(max-width: 300px) 100vw, 300px\" \/><\/a><figcaption class=\"wp-element-caption\">SRF-K<\/figcaption><\/figure>\n<\/div>\n\n\n\n<div class=\"wp-block-column is-layout-flow wp-block-column-is-layout-flow\">\n<figure class=\"wp-block-image aligncenter size-medium\"><a href=\"https:\/\/obera.fr\/produits\/depoussiereurs-industriels\/mobiles\/aspiration-poussiere-dustomat-10\/\"><img decoding=\"async\" width=\"300\" height=\"300\" src=\"https:\/\/obera.fr\/wp-content\/uploads\/2020\/10\/extracteur-poussiere-mobile-DUSTOMAT-10-300x300.png\" alt=\"Aspirador m&#xF3;vil Dustomat 10\" class=\"wp-image-1306\" srcset=\"https:\/\/obera.fr\/wp-content\/uploads\/2020\/10\/extracteur-poussiere-mobile-DUSTOMAT-10-300x300.png 300w, https:\/\/obera.fr\/wp-content\/uploads\/2020\/10\/extracteur-poussiere-mobile-DUSTOMAT-10-150x150.png 150w, https:\/\/obera.fr\/wp-content\/uploads\/2020\/10\/extracteur-poussiere-mobile-DUSTOMAT-10.png 600w\" sizes=\"(max-width: 300px) 100vw, 300px\" \/><\/a><figcaption class=\"wp-element-caption\">DUSTOMAT 10<\/figcaption><\/figure>\n<\/div>\n\n\n\n<div class=\"wp-block-column is-layout-flow wp-block-column-is-layout-flow\">\n<figure class=\"wp-block-image aligncenter size-medium\"><a href=\"https:\/\/obera.fr\/produits\/depoussiereurs-industriels\/mobiles\/extracteur-poussiere-pulverulente-dustomat-16m\/\"><img decoding=\"async\" width=\"300\" height=\"300\" src=\"https:\/\/obera.fr\/wp-content\/uploads\/2020\/10\/extracteur-poussiere-pulverulente-DUSTOMAT-16-300x300.png\" alt=\"Extractor de Polvo Pulverulento Dustomat 16\" class=\"wp-image-1307\" srcset=\"https:\/\/obera.fr\/wp-content\/uploads\/2020\/10\/extracteur-poussiere-pulverulente-DUSTOMAT-16-300x300.png 300w, https:\/\/obera.fr\/wp-content\/uploads\/2020\/10\/extracteur-poussiere-pulverulente-DUSTOMAT-16-150x150.png 150w, https:\/\/obera.fr\/wp-content\/uploads\/2020\/10\/extracteur-poussiere-pulverulente-DUSTOMAT-16.png 600w\" sizes=\"(max-width: 300px) 100vw, 300px\" \/><\/a><figcaption class=\"wp-element-caption\">DUSTOMAT 16<\/figcaption><\/figure>\n<\/div>\n\n\n\n<div class=\"wp-block-column is-layout-flow wp-block-column-is-layout-flow\">\n<figure class=\"wp-block-image aligncenter size-medium\"><a href=\"https:\/\/obera.fr\/produits\/depoussiereurs-industriels\/mobiles\/extracteur-poussiere-dustomat-4\/\"><img decoding=\"async\" width=\"300\" height=\"300\" src=\"https:\/\/obera.fr\/wp-content\/uploads\/2023\/02\/dustomat-4-300x300.png\" alt=\"Aspirador Dustomat 4\" class=\"wp-image-19008\" srcset=\"https:\/\/obera.fr\/wp-content\/uploads\/2023\/02\/dustomat-4-300x300.png 300w, https:\/\/obera.fr\/wp-content\/uploads\/2023\/02\/dustomat-4-150x150.png 150w, https:\/\/obera.fr\/wp-content\/uploads\/2023\/02\/dustomat-4.png 500w\" sizes=\"(max-width: 300px) 100vw, 300px\" \/><\/a><figcaption class=\"wp-element-caption\">Dustomat 4<\/figcaption><\/figure>\n<\/div>\n<\/div>\n\n<div class=\"wp-block-columns is-layout-flex wp-container-core-columns-is-layout-28f84493 wp-block-columns-is-layout-flex\">\n<div class=\"wp-block-column is-layout-flow wp-block-column-is-layout-flow\">\n<figure class=\"wp-block-image aligncenter size-medium is-resized\"><a href=\"https:\/\/obera.fr\/produits\/depoussiereurs-industriels\/mobiles\/extracteur-de-poussiere-dustomat-dry\/#more-24274\"><img decoding=\"async\" width=\"300\" height=\"300\" src=\"https:\/\/obera.fr\/wp-content\/uploads\/2023\/09\/dustomat-dry-300x300.png\" alt=\"dustomat seco\" class=\"wp-image-24355\" style=\"width:auto;height:250px\" srcset=\"https:\/\/obera.fr\/wp-content\/uploads\/2023\/09\/dustomat-dry-300x300.png 300w, https:\/\/obera.fr\/wp-content\/uploads\/2023\/09\/dustomat-dry-150x150.png 150w, https:\/\/obera.fr\/wp-content\/uploads\/2023\/09\/dustomat-dry.png 320w\" sizes=\"(max-width: 300px) 100vw, 300px\" \/><\/a><figcaption class=\"wp-element-caption\">DUSTOMAT SECO<\/figcaption><\/figure>\n<\/div>\n\n\n\n<div class=\"wp-block-column is-layout-flow wp-block-column-is-layout-flow\"><\/div>\n<\/div>\n","protected":false},"excerpt":{"rendered":"<p>Descubre el aspirador de polvo h\u00famedo NA 2.2 para aspirar las sustancias pegajosas y los polvos con efecto hoz que se generan en tus talleres. NA 2.2 colector de polvo h\u00famedo: funcionamiento y uso El sistema de filtraci\u00f3n de los captadores de polvo h\u00famedo utiliza el principio de la fuerza centr\u00edfuga y aprovecha el agua como medio de filtraci\u00f3n. En la pr\u00e1ctica, el aire cargado de part\u00edculas finas y polvo es captado en el colector de polvo por el ventilador incorporado. A continuaci\u00f3n, el aire se satura con agua a trav\u00e9s de boquillas pulverizadoras, lo que aglomera el polvo y &#8230; <\/p>\n<p class=\"read-more-container\"><a title=\"NA 2.2 : aspirador h\u00famedo m\u00f3vil\" class=\"read-more button\" href=\"https:\/\/obera.fr\/es\/produits\/depoussiereurs-industriels\/mobiles\/na-2-2-depoussiereur-a-voie-humide\/#more-44207\" aria-label=\"Leer m\u00e1s sobre NA 2.2 : aspirador h\u00famedo m\u00f3vil\">Lire la suite<\/a><\/p>\n","protected":false},"author":4,"featured_media":83751,"parent":46845,"menu_order":0,"comment_status":"closed","ping_status":"closed","template":"","meta":{"_acf_changed":false,"_seopress_robots_primary_cat":"","_seopress_titles_title":"","_seopress_titles_desc":"","_seopress_robots_index":"","footnotes":""},"class_list":{"0":"post-44207","1":"page","2":"type-page","3":"status-publish","4":"has-post-thumbnail","6":"no-featured-image-padding","7":"resize-featured-image"},"acf":[],"_links":{"self":[{"href":"https:\/\/obera.fr\/es\/wp-json\/wp\/v2\/pages\/44207","targetHints":{"allow":["GET"]}}],"collection":[{"href":"https:\/\/obera.fr\/es\/wp-json\/wp\/v2\/pages"}],"about":[{"href":"https:\/\/obera.fr\/es\/wp-json\/wp\/v2\/types\/page"}],"author":[{"embeddable":true,"href":"https:\/\/obera.fr\/es\/wp-json\/wp\/v2\/users\/4"}],"replies":[{"embeddable":true,"href":"https:\/\/obera.fr\/es\/wp-json\/wp\/v2\/comments?post=44207"}],"version-history":[{"count":9,"href":"https:\/\/obera.fr\/es\/wp-json\/wp\/v2\/pages\/44207\/revisions"}],"predecessor-version":[{"id":117242,"href":"https:\/\/obera.fr\/es\/wp-json\/wp\/v2\/pages\/44207\/revisions\/117242"}],"up":[{"embeddable":true,"href":"https:\/\/obera.fr\/es\/wp-json\/wp\/v2\/pages\/46845"}],"wp:featuredmedia":[{"embeddable":true,"href":"https:\/\/obera.fr\/es\/wp-json\/wp\/v2\/media\/83751"}],"wp:attachment":[{"href":"https:\/\/obera.fr\/es\/wp-json\/wp\/v2\/media?parent=44207"}],"curies":[{"name":"wp","href":"https:\/\/api.w.org\/{rel}","templated":true}]}}