{"id":44436,"date":"2021-03-09T13:26:35","date_gmt":"2021-03-09T11:26:35","guid":{"rendered":"https:\/\/obera.fr\/mesa-de-aspiracion-de-360\/"},"modified":"2025-06-30T10:08:09","modified_gmt":"2025-06-30T08:08:09","slug":"table-rotative-360","status":"publish","type":"page","link":"https:\/\/obera.fr\/es\/produits\/mesas-de-aspiracion\/table-rotative-360\/","title":{"rendered":"Mesa de aspiraci\u00f3n de 360"},"content":{"rendered":"\n\n<h2 class=\"wp-block-heading\" id=\"table-d-extraction-rotative\">Mesa de extracci\u00f3n giratoria<\/h2>\n\n<div class=\"wp-block-columns is-layout-flex wp-container-core-columns-is-layout-28f84493 wp-block-columns-is-layout-flex\">\n<div class=\"wp-block-column is-layout-flow wp-block-column-is-layout-flow\" style=\"flex-basis:33.33%\">\n<figure class=\"wp-block-image aligncenter size-large\"><img decoding=\"async\" width=\"1024\" height=\"1024\" src=\"https:\/\/obera.fr\/wp-content\/uploads\/2025\/01\/image-table-aspirante-rotative-1024x1024.jpg\" alt=\"imagen mesa de aspiraci&#xF3;n giratoria\" class=\"wp-image-57698\" srcset=\"https:\/\/obera.fr\/wp-content\/uploads\/2025\/01\/image-table-aspirante-rotative-1024x1024.jpg 1024w, https:\/\/obera.fr\/wp-content\/uploads\/2025\/01\/image-table-aspirante-rotative-300x300.jpg 300w, https:\/\/obera.fr\/wp-content\/uploads\/2025\/01\/image-table-aspirante-rotative-150x150.jpg 150w, https:\/\/obera.fr\/wp-content\/uploads\/2025\/01\/image-table-aspirante-rotative-768x768.jpg 768w, https:\/\/obera.fr\/wp-content\/uploads\/2025\/01\/image-table-aspirante-rotative-400x400.jpg 400w, https:\/\/obera.fr\/wp-content\/uploads\/2025\/01\/image-table-aspirante-rotative-600x600.jpg 600w, https:\/\/obera.fr\/wp-content\/uploads\/2025\/01\/image-table-aspirante-rotative.jpg 1200w\" sizes=\"(max-width: 1024px) 100vw, 1024px\" \/><figcaption class=\"wp-element-caption\">\nImagen de la mesa de aspiraci\u00f3n giratoria<\/figcaption><\/figure>\n<\/div>\n\n\n\n<div class=\"wp-block-column is-layout-flow wp-block-column-is-layout-flow\" style=\"flex-basis:66.66%\">\n<p>La mesa de extracci\u00f3n de 360\u00b0 es especialmente adecuada para los procesos de separaci\u00f3n mec\u00e1nica y t\u00e9rmica. La funci\u00f3n de giro de la mesa alrededor de su propio eje proporciona a los usuarios un acceso completo a su pieza de trabajo, reduciendo los tediosos procesos de sujeci\u00f3n.  <\/p>\n\n\n\n<p>Gracias a su flujo de aire optimizado y a su capota flexible sobre la zona de trabajo, la mesa de aspiraci\u00f3n de 360\u00b0 protege eficazmente a los empleados del polvo y el humo.  <\/p>\n\n\n\n<p>La construcci\u00f3n ergon\u00f3mica de esta mesa permite ajustar su altura si es necesario, garantizando unas condiciones de trabajo seguras y agradables.<\/p>\n\n\n\n<div style=\"height:30px\" aria-hidden=\"true\" class=\"wp-block-spacer\"><\/div>\n\n\n\n<div class=\"wp-block-columns is-layout-flex wp-container-core-columns-is-layout-28f84493 wp-block-columns-is-layout-flex\">\n<div class=\"wp-block-column is-layout-flow wp-block-column-is-layout-flow\" style=\"flex-basis:33.33%\">\n<div class=\"wp-block-buttons is-layout-flex wp-block-buttons-is-layout-flex\">\n<div class=\"wp-block-button\"><a class=\"wp-block-button__link wp-element-button\" href=\"https:\/\/obera.fr\/wp-content\/uploads\/2025\/04\/brochure-table-aspirante-rotative-.pdf\">DESCARGAR EL FOLLETO<\/a><\/div>\n<\/div>\n<\/div>\n\n\n\n<div class=\"wp-block-column is-layout-flow wp-block-column-is-layout-flow\" style=\"flex-basis:33.34%\">\n<div class=\"wp-block-buttons is-horizontal is-content-justification-center is-layout-flex wp-container-core-buttons-is-layout-03627597 wp-block-buttons-is-layout-flex\">\n<div class=\"wp-block-button has-custom-width wp-block-button__width-100\"><a class=\"wp-block-button__link wp-element-button\" href=\"https:\/\/obera.fr\/es\/contacta-con-nosotros\/\">M\u00e1s informaci\u00f3n<\/a><\/div>\n<\/div>\n<\/div>\n\n\n\n<div class=\"wp-block-column is-layout-flow wp-block-column-is-layout-flow\" style=\"flex-basis:33.34%\">\n<div class=\"wp-block-buttons is-content-justification-center is-layout-flex wp-container-core-buttons-is-layout-a89b3969 wp-block-buttons-is-layout-flex\">\n<div class=\"wp-block-button btn-devis-source\"><a class=\"wp-block-button__link wp-element-button\" href=\"https:\/\/obera.fr\/es\/devis\/\">Pide un presupuesto<\/a><\/div>\n<\/div>\n\n\n<script>\r\ndocument.addEventListener('DOMContentLoaded', function() {\r\n    \/\/ 1. On cherche le titre H1 de la page\r\n    var h1 = document.querySelector('h1');\r\n    var productTitle = h1 ? h1.innerText.trim() : \"\";\r\n\r\n    \/\/ 2. On cherche les boutons via la classe CSS .btn-devis-source\r\n    var buttons = document.querySelectorAll('.btn-devis-source a');\r\n\r\n    \/\/ 3. Si on a le titre et les boutons, on ajoute le param\u00e8tre\r\n    if (buttons.length > 0 && productTitle !== \"\") {\r\n        var encodedTitle = encodeURIComponent(productTitle);\r\n\r\n        buttons.forEach(function(btn) {\r\n            var currentHref = btn.getAttribute('href');\r\n            \r\n            \/\/ S\u00e9curit\u00e9 pour ne pas ajouter le param\u00e8tre 2 fois\r\n            if (currentHref.indexOf('sujet=') === -1) {\r\n                var separator = currentHref.indexOf('?') !== -1 ? '&' : '?';\r\n                var newLink = currentHref + separator + 'sujet=' + encodedTitle;\r\n                \r\n                btn.setAttribute('href', newLink);\r\n            }\r\n        });\r\n    }\r\n});\r\n<\/script><\/div>\n<\/div>\n<\/div>\n<\/div>\n\n<p><\/p>\n\n<div class=\"wp-block-columns is-layout-flex wp-container-core-columns-is-layout-28f84493 wp-block-columns-is-layout-flex\">\n<div class=\"wp-block-column is-layout-flow wp-block-column-is-layout-flow\">\n<h3 class=\"wp-block-heading has-text-align-center\" id=\"avantages\">PRESTACIONES<\/h3>\n\n\n\n<ul class=\"wp-block-list\">\n<li>Mayor eficacia en el mecanizado de piezas<\/li>\n\n\n\n<li>Ahorro de tiempo  <\/li>\n\n\n\n<li>Alta ergonom\u00eda<\/li>\n\n\n\n<li>Reducir la contaminaci\u00f3n en el lugar de trabajo<\/li>\n\n\n\n<li>Seguridad laboral optimizada<\/li>\n<\/ul>\n<\/div>\n\n\n\n<div class=\"wp-block-column is-layout-flow wp-block-column-is-layout-flow\">\n<h3 class=\"wp-block-heading has-text-align-center\" id=\"particularites\">Caracter\u00edsticas especiales<\/h3>\n\n\n\n<ul class=\"wp-block-list\">\n<li>Panel lateral plegable (sin tapa)<\/li>\n\n\n\n<li>Sala accesible desde todos los lados (hasta 360 grados)<\/li>\n\n\n\n<li>Anchura m\u00e1xima de la sala: 900 mm (con paredes cerradas)<\/li>\n\n\n\n<li>Requiere aproximadamente 2500 m3\/h de volumen de aire<\/li>\n\n\n\n<li>Boquilla de aspiraci\u00f3n en la zona delantera<\/li>\n\n\n\n<li>Tope ajustable<\/li>\n<\/ul>\n<\/div>\n\n\n\n<div class=\"wp-block-column is-layout-flow wp-block-column-is-layout-flow\">\n<h3 class=\"wp-block-heading has-text-align-center\" id=\"caracteristiques\">caracter\u00edsticas<\/h3>\n\n\n\n<ul class=\"wp-block-list\">\n<li>Regulaci\u00f3n el\u00e9ctrica continua de la altura (de 980 a 1800 mm)<\/li>\n\n\n\n<li>Rejilla met\u00e1lica o mordaza<\/li>\n\n\n\n<li>Mordazas de protecci\u00f3n magn\u00e9tica<\/li>\n\n\n\n<li>Iluminaci\u00f3n<\/li>\n\n\n\n<li>Plataforma individual<\/li>\n\n\n\n<li>Conformidad ATEX  <\/li>\n<\/ul>\n\n\n\n<p><\/p>\n<\/div>\n<\/div>\n\n<div class=\"wp-block-buttons is-content-justification-center is-layout-flex wp-container-core-buttons-is-layout-a89b3969 wp-block-buttons-is-layout-flex\">\n<div class=\"wp-block-button\"><a class=\"wp-block-button__link wp-element-button\" href=\"https:\/\/obera.fr\/wp-content\/uploads\/2024\/02\/brochure-table-aspirante-rotative-.pdf\">Descargar la documentaci\u00f3n<\/a><\/div>\n<\/div>\n\n<h3 class=\"wp-block-heading\" id=\"quels-polluants-traiter-sur-notre-table-aspirante\">\u00bfQu\u00e9 contaminantes deben tratarse en nuestra mesa de aspiraci\u00f3n?<\/h3>\n\n<p>Nuestra <a href=\"https:\/\/obera.fr\/es\/produits\/tables-aspirantes\/\">mesa de aspiraci\u00f3n<\/a> de 360\u00b0 puede manipular una amplia gama de contaminantes, idealmente contaminantes pesados que tienden a sedimentarse.  <\/p>\n\n<p>Algunos ejemplos son los polvos met\u00e1licos, los humos de soldadura, las virutas de pl\u00e1stico, los polvos minerales, los polvos de hormig\u00f3n, los vapores y los materiales compuestos.<\/p>\n\n<h2 class=\"wp-block-heading\" id=\"a-quelles-utilisations-convient-elle\">\u00bfCu\u00e1les son sus usos?<\/h2>\n\n<p>Estos contaminantes se generan en gran medida durante procesos como la soldadura, la soldadura fuerte, el aserrado, el corte, el esmerilado, el pulido, el mecanizado, el fresado y la separaci\u00f3n de materiales. Estos procesos tienen lugar en industrias como la metalurgia, los pl\u00e1sticos, la madera, los textiles, los minerales, los productos qu\u00edmicos\/petroqu\u00edmicos y el papel\/cart\u00f3n.<\/p>\n\n<div class=\"wp-block-columns is-layout-flex wp-container-core-columns-is-layout-28f84493 wp-block-columns-is-layout-flex\">\n<div class=\"wp-block-column is-layout-flow wp-block-column-is-layout-flow\">\n<h3 class=\"wp-block-heading has-text-align-center\" id=\"polluants\">CONTAMINANTES<\/h3>\n\n\n\n<div class=\"wp-block-columns is-layout-flex wp-container-core-columns-is-layout-28f84493 wp-block-columns-is-layout-flex\">\n<div class=\"wp-block-column is-layout-flow wp-block-column-is-layout-flow\">\n<figure class=\"wp-block-image aligncenter size-large\"><img decoding=\"async\" width=\"70\" height=\"70\" src=\"https:\/\/obera.fr\/wp-content\/uploads\/2021\/03\/polluants-poussieres-1.jpg\" alt=\"contaminantes del polvo 1\" class=\"wp-image-4969\"\/><figcaption class=\"wp-element-caption\">Polvo<\/figcaption><\/figure>\n\n\n\n<figure class=\"wp-block-image aligncenter size-large\"><img decoding=\"async\" width=\"70\" height=\"70\" src=\"https:\/\/obera.fr\/wp-content\/uploads\/2021\/03\/industrie-fumees.jpg\" alt=\"humos de la industria\" class=\"wp-image-4971\"\/><figcaption class=\"wp-element-caption\">Humos<\/figcaption><\/figure>\n\n\n\n<figure class=\"wp-block-image aligncenter size-large\"><img decoding=\"async\" width=\"70\" height=\"70\" src=\"https:\/\/obera.fr\/wp-content\/uploads\/2021\/03\/industrie-brouillard-huile.jpg\" alt=\"industria de la niebla aceitosa\" class=\"wp-image-4973\"\/><figcaption class=\"wp-element-caption\">Niebla de aceite<\/figcaption><\/figure>\n<\/div>\n\n\n\n<div class=\"wp-block-column is-layout-flow wp-block-column-is-layout-flow\">\n<figure class=\"wp-block-image aligncenter size-large\"><img decoding=\"async\" width=\"70\" height=\"70\" src=\"https:\/\/obera.fr\/wp-content\/uploads\/2021\/03\/polluants-copeaux-bois.jpg\" alt=\"contaminantes de las virutas de madera\" class=\"wp-image-4970\"\/><figcaption class=\"wp-element-caption\">Patatas fritas<\/figcaption><\/figure>\n\n\n\n<figure class=\"wp-block-image aligncenter size-large\"><img decoding=\"async\" width=\"70\" height=\"70\" src=\"https:\/\/obera.fr\/wp-content\/uploads\/2021\/03\/industrie-odeur-2.jpg\" alt=\"industria del olor 2\" class=\"wp-image-4972\"\/><figcaption class=\"wp-element-caption\">Olores<\/figcaption><\/figure>\n\n\n\n<figure class=\"wp-block-image aligncenter size-large\"><img decoding=\"async\" width=\"70\" height=\"70\" src=\"https:\/\/obera.fr\/wp-content\/uploads\/2021\/03\/cov.jpg\" alt=\"cov\" class=\"wp-image-4974\"\/><figcaption class=\"wp-element-caption\">VOCS<\/figcaption><\/figure>\n<\/div>\n<\/div>\n<\/div>\n\n\n\n<div class=\"wp-block-column is-layout-flow wp-block-column-is-layout-flow\">\n<h3 class=\"wp-block-heading has-text-align-center\" id=\"industries\">industrias<\/h3>\n\n\n\n<div class=\"wp-block-columns is-layout-flex wp-container-core-columns-is-layout-28f84493 wp-block-columns-is-layout-flex\">\n<div class=\"wp-block-column is-layout-flow wp-block-column-is-layout-flow\">\n<figure class=\"wp-block-image aligncenter size-large\"><img decoding=\"async\" width=\"70\" height=\"70\" src=\"https:\/\/obera.fr\/wp-content\/uploads\/2021\/03\/industrie-metallurgie-1.jpg\" alt=\"industria metal&#xFA;rgica 1\" class=\"wp-image-4975\"\/><figcaption class=\"wp-element-caption\">Metalurgia<\/figcaption><\/figure>\n\n\n\n<figure class=\"wp-block-image aligncenter size-large\"><img decoding=\"async\" width=\"70\" height=\"70\" src=\"https:\/\/obera.fr\/wp-content\/uploads\/2021\/03\/industrie-plastique.jpg\" alt=\"industria del pl&#xE1;stico\" class=\"wp-image-4976\"\/><figcaption class=\"wp-element-caption\">Pl\u00e1sticos<\/figcaption><\/figure>\n\n\n\n<figure class=\"wp-block-image aligncenter size-large\"><img decoding=\"async\" width=\"70\" height=\"70\" src=\"https:\/\/obera.fr\/wp-content\/uploads\/2021\/03\/industrie-minerai.jpg\" alt=\"industria mineral\" class=\"wp-image-4977\"\/><figcaption class=\"wp-element-caption\">Minerales<\/figcaption><\/figure>\n\n\n\n<figure class=\"wp-block-image aligncenter size-large\"><img decoding=\"async\" width=\"70\" height=\"70\" src=\"https:\/\/obera.fr\/wp-content\/uploads\/2021\/03\/industrie-dechets.jpg\" alt=\"industria de residuos\" class=\"wp-image-4978\"\/><figcaption class=\"wp-element-caption\">Recogida y clasificaci\u00f3n de residuos<\/figcaption><\/figure>\n<\/div>\n\n\n\n<div class=\"wp-block-column is-layout-flow wp-block-column-is-layout-flow\">\n<figure class=\"wp-block-image aligncenter size-large\"><img decoding=\"async\" width=\"70\" height=\"70\" src=\"https:\/\/obera.fr\/wp-content\/uploads\/2021\/03\/industrie-bois.jpg\" alt=\"industria maderera\" class=\"wp-image-4979\"\/><figcaption class=\"wp-element-caption\">Carpinter\u00eda<\/figcaption><\/figure>\n\n\n\n<figure class=\"wp-block-image aligncenter size-large\"><img decoding=\"async\" width=\"70\" height=\"70\" src=\"https:\/\/obera.fr\/wp-content\/uploads\/2021\/03\/industrie-textile.jpg\" alt=\"industria textil\" class=\"wp-image-4980\"\/><figcaption class=\"wp-element-caption\">Textiles<\/figcaption><\/figure>\n\n\n\n<figure class=\"wp-block-image aligncenter size-large\"><img decoding=\"async\" width=\"70\" height=\"70\" src=\"https:\/\/obera.fr\/wp-content\/uploads\/2021\/03\/industrie-chimie-1.jpg\" alt=\"industria qu&#xED;mica 1\" class=\"wp-image-4981\"\/><figcaption class=\"wp-element-caption\">Qu\u00edmica\/Petroqu\u00edmica<\/figcaption><\/figure>\n\n\n\n<figure class=\"wp-block-image aligncenter size-large\"><img decoding=\"async\" width=\"70\" height=\"70\" src=\"https:\/\/obera.fr\/wp-content\/uploads\/2021\/03\/industrie-papier-carton.jpg\" alt=\"industria del papel y cart&#xF3;n\" class=\"wp-image-4982\"\/><figcaption class=\"wp-element-caption\">Papel\/cart\u00f3n<\/figcaption><\/figure>\n\n\n\n<p><\/p>\n<\/div>\n<\/div>\n\n\n\n<p><\/p>\n<\/div>\n<\/div>\n\n<h2 class=\"wp-block-heading\" id=\"les-autres-produits-de-captation-et-d-aspiration-obera\">Otras mesas de aspiraci\u00f3n OberA<\/h2>\n\n<div class=\"wp-block-columns is-layout-flex wp-container-core-columns-is-layout-28f84493 wp-block-columns-is-layout-flex\">\n<div class=\"wp-block-column is-layout-flow wp-block-column-is-layout-flow\">\n<figure class=\"wp-block-image aligncenter size-medium is-resized\"><a href=\"https:\/\/obera.fr\/produits\/tables-aspirantes\/table-aspirante-a-at\/\"><img decoding=\"async\" width=\"300\" height=\"300\" src=\"https:\/\/obera.fr\/wp-content\/uploads\/2020\/10\/table-SF-300x300.png\" alt=\"Mesas de aspiraci&#xF3;n\" class=\"wp-image-1179\" style=\"width:auto;height:150px\" srcset=\"https:\/\/obera.fr\/wp-content\/uploads\/2020\/10\/table-SF-300x300.png 300w, https:\/\/obera.fr\/wp-content\/uploads\/2020\/10\/table-SF-150x150.png 150w, https:\/\/obera.fr\/wp-content\/uploads\/2020\/10\/table-SF.png 433w\" sizes=\"(max-width: 300px) 100vw, 300px\" \/><\/a><figcaption class=\"wp-element-caption\">Mesa de aspiraci\u00f3n A &amp; AT<\/figcaption><\/figure>\n<\/div>\n\n\n\n<div class=\"wp-block-column is-layout-flow wp-block-column-is-layout-flow\">\n<figure class=\"wp-block-image aligncenter size-full\"><a href=\"https:\/\/obera.fr\/produits\/tables-aspirantes\/table-autonome\/\"><img decoding=\"async\" width=\"150\" height=\"150\" src=\"https:\/\/obera.fr\/wp-content\/uploads\/2022\/06\/Sans-titre-2022-06-07T101130.850.png\" alt=\"Mesas de aspiraci&#xF3;n aut&#xF3;nomas\" class=\"wp-image-13083\"\/><\/a><figcaption class=\"wp-element-caption\">Mesa de aspiraci\u00f3n aut\u00f3noma<\/figcaption><\/figure>\n<\/div>\n\n\n\n<div class=\"wp-block-column is-layout-flow wp-block-column-is-layout-flow\">\n<figure class=\"wp-block-image aligncenter size-medium is-resized\"><img decoding=\"async\" width=\"300\" height=\"300\" src=\"https:\/\/obera.fr\/wp-content\/uploads\/2024\/05\/epurbox-tsp-300x300.png\" alt=\"epurbox tsp\" class=\"wp-image-30348\" style=\"width:auto;height:150px\" srcset=\"https:\/\/obera.fr\/wp-content\/uploads\/2024\/05\/epurbox-tsp-300x300.png 300w, https:\/\/obera.fr\/wp-content\/uploads\/2024\/05\/epurbox-tsp-1024x1024.png 1024w, https:\/\/obera.fr\/wp-content\/uploads\/2024\/05\/epurbox-tsp-150x150.png 150w, https:\/\/obera.fr\/wp-content\/uploads\/2024\/05\/epurbox-tsp-768x768.png 768w, https:\/\/obera.fr\/wp-content\/uploads\/2024\/05\/epurbox-tsp.png 1200w\" sizes=\"(max-width: 300px) 100vw, 300px\" \/><figcaption class=\"wp-element-caption\">ePURBOX Atex<\/figcaption><\/figure>\n<\/div>\n<\/div>\n","protected":false},"excerpt":{"rendered":"<p>Mesa de extracci\u00f3n giratoria La mesa de extracci\u00f3n de 360\u00b0 es especialmente adecuada para los procesos de separaci\u00f3n mec\u00e1nica y t\u00e9rmica. La funci\u00f3n de giro de la mesa alrededor de su propio eje proporciona a los usuarios un acceso completo a su pieza de trabajo, reduciendo los tediosos procesos de sujeci\u00f3n. Gracias a su flujo de aire optimizado y a su capota flexible sobre la zona de trabajo, la mesa de aspiraci\u00f3n de 360\u00b0 protege eficazmente a los empleados del polvo y el humo. La construcci\u00f3n ergon\u00f3mica de esta mesa permite ajustar su altura si es necesario, garantizando unas condiciones &#8230; <\/p>\n<p class=\"read-more-container\"><a title=\"Mesa de aspiraci\u00f3n de 360\" class=\"read-more button\" href=\"https:\/\/obera.fr\/es\/produits\/mesas-de-aspiracion\/table-rotative-360\/#more-44436\" aria-label=\"Leer m\u00e1s sobre Mesa de aspiraci\u00f3n de 360\">Lire la suite<\/a><\/p>\n","protected":false},"author":4,"featured_media":83751,"parent":154229,"menu_order":0,"comment_status":"closed","ping_status":"closed","template":"","meta":{"_acf_changed":false,"_seopress_robots_primary_cat":"","_seopress_titles_title":"oberUna mesa de aspiraci\u00f3n de 360\u00b0 o una mesa de extracci\u00f3n giratoria","_seopress_titles_desc":"La mesa de extracci\u00f3n de 360\u00b0 es especialmente adecuada para los procesos de separaci\u00f3n mec\u00e1nica y t\u00e9rmica. Proporciona una protecci\u00f3n eficaz a los trabajadores.","_seopress_robots_index":"","footnotes":""},"class_list":{"0":"post-44436","1":"page","2":"type-page","3":"status-publish","4":"has-post-thumbnail","6":"no-featured-image-padding","7":"resize-featured-image"},"acf":[],"_links":{"self":[{"href":"https:\/\/obera.fr\/es\/wp-json\/wp\/v2\/pages\/44436","targetHints":{"allow":["GET"]}}],"collection":[{"href":"https:\/\/obera.fr\/es\/wp-json\/wp\/v2\/pages"}],"about":[{"href":"https:\/\/obera.fr\/es\/wp-json\/wp\/v2\/types\/page"}],"author":[{"embeddable":true,"href":"https:\/\/obera.fr\/es\/wp-json\/wp\/v2\/users\/4"}],"replies":[{"embeddable":true,"href":"https:\/\/obera.fr\/es\/wp-json\/wp\/v2\/comments?post=44436"}],"version-history":[{"count":6,"href":"https:\/\/obera.fr\/es\/wp-json\/wp\/v2\/pages\/44436\/revisions"}],"predecessor-version":[{"id":117761,"href":"https:\/\/obera.fr\/es\/wp-json\/wp\/v2\/pages\/44436\/revisions\/117761"}],"up":[{"embeddable":true,"href":"https:\/\/obera.fr\/es\/wp-json\/wp\/v2\/pages\/154229"}],"wp:featuredmedia":[{"embeddable":true,"href":"https:\/\/obera.fr\/es\/wp-json\/wp\/v2\/media\/83751"}],"wp:attachment":[{"href":"https:\/\/obera.fr\/es\/wp-json\/wp\/v2\/media?parent=44436"}],"curies":[{"name":"wp","href":"https:\/\/api.w.org\/{rel}","templated":true}]}}