{"id":44889,"date":"2021-05-03T16:10:49","date_gmt":"2021-05-03T14:10:49","guid":{"rendered":"https:\/\/obera.fr\/purificador-de-aire-epur05\/"},"modified":"2024-11-06T11:29:02","modified_gmt":"2024-11-06T09:29:02","slug":"purificador-de-aire-epur05","status":"publish","type":"page","link":"https:\/\/obera.fr\/es\/produits\/purificateurs-air\/purificadores-de-aire-antivirus-y-antibacterianos-covid-19\/purificador-de-aire-epur05\/","title":{"rendered":"Purificador de aire ePUR05"},"content":{"rendered":"\n\n<h2 class=\"wp-block-heading\" id=\"comment-fonctionne-le-purificateur-d-air-epur05\">C\u00f3mo funciona el purificador de aire ePUR05<\/h2>\n\n<div class=\"wp-block-columns is-layout-flex wp-container-core-columns-is-layout-28f84493 wp-block-columns-is-layout-flex\">\n<div class=\"wp-block-column is-vertically-aligned-center is-layout-flow wp-block-column-is-layout-flow\" style=\"flex-basis:33.33%\">\n<figure class=\"wp-block-image aligncenter size-large is-resized\"><img decoding=\"async\" width=\"667\" height=\"500\" src=\"https:\/\/obera.fr\/wp-content\/uploads\/2021\/05\/ePUR05.jpg\" alt=\"epur05\" class=\"wp-image-5528\" style=\"width:280px;height:210px\" srcset=\"https:\/\/obera.fr\/wp-content\/uploads\/2021\/05\/ePUR05.jpg 667w, https:\/\/obera.fr\/wp-content\/uploads\/2021\/05\/ePUR05-300x225.jpg 300w\" sizes=\"(max-width: 667px) 100vw, 667px\" \/><figcaption class=\"wp-element-caption\">ePUR05<\/figcaption><\/figure>\n<\/div>\n\n\n\n<div class=\"wp-block-column is-layout-flow wp-block-column-is-layout-flow\"><\/div>\n\n\n\n<div class=\"wp-block-column is-vertically-aligned-center is-layout-flow wp-block-column-is-layout-flow\" style=\"flex-basis:66.66%\">\n<p>El purificador de aire ePUR05 funciona de forma sencilla y eficaz. Los contaminantes son aspirados desde la parte superior de la unidad por un ventilador de alta eficacia.   <\/p>\n\n\n\n<p class=\"has-text-align-left\">A continuaci\u00f3n, el polvo pasa por dos etapas de filtraci\u00f3n, empezando por el prefiltro, que separa el polvo grueso para que el filtro principal sea m\u00e1s eficaz y tenga una vida \u00fatil m\u00e1s larga. El filtro principal H13, o V-protect, es un filtro de muy alta precisi\u00f3n, capaz de tratar eficazmente virus y bacterias, as\u00ed como polvo fino, CMR y aerosoles.   <\/p>\n\n\n\n<p>A continuaci\u00f3n, el aire tratado sale por la parte inferior de la unidad, creando un bucle de renovaci\u00f3n de aire.  <\/p>\n\n\n\n<div style=\"height:20px\" aria-hidden=\"true\" class=\"wp-block-spacer\"><\/div>\n\n\n\n<div class=\"wp-block-columns is-layout-flex wp-container-core-columns-is-layout-28f84493 wp-block-columns-is-layout-flex\">\n<div class=\"wp-block-column is-layout-flow wp-block-column-is-layout-flow\" style=\"flex-basis:33.34%\">\n<div class=\"wp-block-buttons is-content-justification-center is-layout-flex wp-container-core-buttons-is-layout-a89b3969 wp-block-buttons-is-layout-flex\">\n<div class=\"wp-block-button\"><a class=\"wp-block-button__link wp-element-button\" href=\"https:\/\/obera.fr\/wp-content\/uploads\/2023\/10\/brochure-epur05.pdf\">Descargar el folleto<\/a><\/div>\n<\/div>\n<\/div>\n\n\n\n<div class=\"wp-block-column is-layout-flow wp-block-column-is-layout-flow\" style=\"flex-basis:33.34%\">\n<div class=\"wp-block-buttons is-horizontal is-content-justification-center is-layout-flex wp-container-core-buttons-is-layout-03627597 wp-block-buttons-is-layout-flex\">\n<div class=\"wp-block-button has-custom-width wp-block-button__width-100\"><a class=\"wp-block-button__link wp-element-button\" href=\"https:\/\/obera.fr\/es\/contacta-con-nosotros\/\">M\u00e1s informaci\u00f3n<\/a><\/div>\n<\/div>\n<\/div>\n\n\n\n<div class=\"wp-block-column is-layout-flow wp-block-column-is-layout-flow\" style=\"flex-basis:33.33%\">\n<div class=\"wp-block-buttons is-content-justification-center is-layout-flex wp-container-core-buttons-is-layout-a89b3969 wp-block-buttons-is-layout-flex\">\n<div class=\"wp-block-button btn-devis-source\"><a class=\"wp-block-button__link wp-element-button\" href=\"https:\/\/obera.fr\/es\/devis\/\">Pide un presupuesto<\/a><\/div>\n<\/div>\n\n\n<script>\r\ndocument.addEventListener('DOMContentLoaded', function() {\r\n    \/\/ 1. On cherche le titre H1 de la page\r\n    var h1 = document.querySelector('h1');\r\n    var productTitle = h1 ? h1.innerText.trim() : \"\";\r\n\r\n    \/\/ 2. On cherche les boutons via la classe CSS .btn-devis-source\r\n    var buttons = document.querySelectorAll('.btn-devis-source a');\r\n\r\n    \/\/ 3. Si on a le titre et les boutons, on ajoute le param\u00e8tre\r\n    if (buttons.length > 0 && productTitle !== \"\") {\r\n        var encodedTitle = encodeURIComponent(productTitle);\r\n\r\n        buttons.forEach(function(btn) {\r\n            var currentHref = btn.getAttribute('href');\r\n            \r\n            \/\/ S\u00e9curit\u00e9 pour ne pas ajouter le param\u00e8tre 2 fois\r\n            if (currentHref.indexOf('sujet=') === -1) {\r\n                var separator = currentHref.indexOf('?') !== -1 ? '&' : '?';\r\n                var newLink = currentHref + separator + 'sujet=' + encodedTitle;\r\n                \r\n                btn.setAttribute('href', newLink);\r\n            }\r\n        });\r\n    }\r\n});\r\n<\/script><\/div>\n<\/div>\n<\/div>\n<\/div>\n\n<div style=\"height:20px\" aria-hidden=\"true\" class=\"wp-block-spacer\"><\/div>\n\n<figure class=\"wp-block-image aligncenter size-large\"><img decoding=\"async\" width=\"800\" height=\"250\" src=\"https:\/\/obera.fr\/wp-content\/uploads\/2021\/05\/ePUR05_Salle_de_classe.jpg\" alt=\"aula epur05\" class=\"wp-image-5556\" srcset=\"https:\/\/obera.fr\/wp-content\/uploads\/2021\/05\/ePUR05_Salle_de_classe.jpg 800w, https:\/\/obera.fr\/wp-content\/uploads\/2021\/05\/ePUR05_Salle_de_classe-300x94.jpg 300w, https:\/\/obera.fr\/wp-content\/uploads\/2021\/05\/ePUR05_Salle_de_classe-768x240.jpg 768w\" sizes=\"(max-width: 800px) 100vw, 800px\" \/><\/figure>\n\n<div style=\"height:20px\" aria-hidden=\"true\" class=\"wp-block-spacer\"><\/div>\n\n<div class=\"wp-block-columns is-layout-flex wp-container-core-columns-is-layout-28f84493 wp-block-columns-is-layout-flex\">\n<div class=\"wp-block-column is-layout-flow wp-block-column-is-layout-flow\">\n<h3 class=\"wp-block-heading has-text-align-center\" id=\"avantages\">PRESTACIONES<\/h3>\n\n\n\n<ul class=\"wp-block-list\">\n<li>Filtros de larga duraci\u00f3n<\/li>\n\n\n\n<li>Bajo consumo (35W)<\/li>\n\n\n\n<li>F\u00e1cil de transportar gracias a su peso y tama\u00f1o<\/li>\n<\/ul>\n<\/div>\n\n\n\n<div class=\"wp-block-column is-layout-flow wp-block-column-is-layout-flow\">\n<h3 class=\"wp-block-heading has-text-align-center\" id=\"particularites\">caracter\u00edsticas especiales<\/h3>\n\n\n\n<ul class=\"wp-block-list\">\n<li>Carcasa reductora del ruido (47 dB)<\/li>\n\n\n\n<li>Ventilador de alta eficiencia de conmutaci\u00f3n electr\u00f3nica<\/li>\n\n\n\n<li>Caudal regulable<\/li>\n<\/ul>\n\n\n\n<p><\/p>\n<\/div>\n\n\n\n<div class=\"wp-block-column is-layout-flow wp-block-column-is-layout-flow\">\n<h3 class=\"wp-block-heading has-text-align-center\" id=\"caracteristiques\">caracter\u00edsticas<\/h3>\n\n\n\n<ul class=\"wp-block-list\">\n<li>Filtraci\u00f3n HEPA o V-Protect de alta eficacia<\/li>\n\n\n\n<li>Ligero, s\u00f3lo 16 kg<\/li>\n\n\n\n<li>Ideal para superficies de hasta 100 m\u00b2.<\/li>\n\n\n\n<li>Bajo ruido de funcionamiento<\/li>\n<\/ul>\n<\/div>\n<\/div>\n\n<h2 class=\"wp-block-heading\" id=\"applications\">Aplicaciones<\/h2>\n\n<div class=\"wp-block-columns is-layout-flex wp-container-core-columns-is-layout-28f84493 wp-block-columns-is-layout-flex\">\n<div class=\"wp-block-column is-layout-flow wp-block-column-is-layout-flow\">\n<h3 class=\"wp-block-heading has-text-align-center\" id=\"polluants\">Contaminantes<\/h3>\n\n\n\n<div class=\"wp-block-columns is-layout-flex wp-container-core-columns-is-layout-28f84493 wp-block-columns-is-layout-flex\">\n<div class=\"wp-block-column is-layout-flow wp-block-column-is-layout-flow\">\n<figure class=\"wp-block-image aligncenter size-large\"><img decoding=\"async\" width=\"70\" height=\"70\" src=\"https:\/\/obera.fr\/wp-content\/uploads\/2021\/03\/polluants-poussieres-1.jpg\" alt=\"contaminantes del polvo 1\" class=\"wp-image-4969\"\/><figcaption class=\"wp-element-caption\">Polvo<\/figcaption><\/figure>\n\n\n\n<figure class=\"wp-block-image aligncenter size-thumbnail is-resized\"><img decoding=\"async\" width=\"150\" height=\"150\" src=\"https:\/\/obera.fr\/wp-content\/uploads\/2021\/03\/virus-150x150.jpg\" alt=\"virus y bacterias\" class=\"wp-image-4914\" style=\"width:75px;height:75px\"\/><figcaption class=\"wp-element-caption\">Virus y bacterias<\/figcaption><\/figure>\n<\/div>\n\n\n\n<div class=\"wp-block-column is-layout-flow wp-block-column-is-layout-flow\">\n<figure class=\"wp-block-image aligncenter size-large\"><img decoding=\"async\" width=\"70\" height=\"70\" src=\"https:\/\/obera.fr\/wp-content\/uploads\/2020\/10\/industrie-aerosols.jpg\" alt=\"Sitio de aprobaci&#xF3;n c&#xED;vica - Residuos\" class=\"wp-image-1201\"\/><figcaption class=\"wp-element-caption\">Aerosoles<\/figcaption><\/figure>\n<\/div>\n<\/div>\n<\/div>\n\n\n\n<div class=\"wp-block-column is-layout-flow wp-block-column-is-layout-flow\">\n<h3 class=\"wp-block-heading has-text-align-center\" id=\"industries\">industrias<\/h3>\n\n\n\n<p class=\"has-text-align-center\">Especialmente adecuado para grandes espacios (terciarios y ERP) como oficinas, espacios abiertos, salas de reuniones, aulas, pabellones deportivos, talleres, laboratorios, tiendas, peluquer\u00edas, salones de belleza, salones de manicura, etc.<\/p>\n<\/div>\n<\/div>\n\n<div class=\"wp-block-buttons is-horizontal is-content-justification-center is-layout-flex wp-container-core-buttons-is-layout-03627597 wp-block-buttons-is-layout-flex\">\n<div class=\"wp-block-button has-custom-width wp-block-button__width-100\"><a class=\"wp-block-button__link wp-element-button\" href=\"https:\/\/obera.fr\/es\/contacta-con-nosotros\/\">M\u00e1s informaci\u00f3n<\/a><\/div>\n<\/div>\n\n<h2 class=\"wp-block-heading\" id=\"caracteristiques-techniques\">Especificaciones t\u00e9cnicas<\/h2>\n\n<table id=\"tablepress-158\" class=\"tablepress tablepress-id-158\">\n<thead>\n<tr class=\"row-1\">\n\t<th class=\"column-1\">Appareil<\/th><td class=\"column-2\"><\/td><th class=\"column-3\">ePUR05<\/th>\n<\/tr>\n<\/thead>\n<tbody class=\"row-striping row-hover\">\n<tr class=\"row-2\">\n\t<td class=\"column-1\">D\u00e9bit nominal<\/td><td class=\"column-2\">m3\/h<\/td><td class=\"column-3\">500<\/td>\n<\/tr>\n<tr class=\"row-3\">\n\t<td class=\"column-1\">Tension d'alimentation<\/td><td class=\"column-2\">V<\/td><td class=\"column-3\">230<\/td>\n<\/tr>\n<tr class=\"row-4\">\n\t<td class=\"column-1\">Puissance \u00e9l\u00e9ctrique<\/td><td class=\"column-2\">kW<\/td><td class=\"column-3\">0,035<\/td>\n<\/tr>\n<tr class=\"row-5\">\n\t<td class=\"column-1\">Dimensions<\/td><td class=\"column-2\">L\/l\/h (cm)<\/td><td class=\"column-3\"> 32 x 32 x 71<\/td>\n<\/tr>\n<tr class=\"row-6\">\n\t<td class=\"column-1\">Poids<\/td><td class=\"column-2\">kg<\/td><td class=\"column-3\">16<\/td>\n<\/tr>\n<tr class=\"row-7\">\n\t<td class=\"column-1\">Niveau de Bruyance <\/td><td class=\"column-2\">dB(A)<\/td><td class=\"column-3\">47<\/td>\n<\/tr>\n<\/tbody>\n<\/table>\n\n\n<div style=\"height:20px\" aria-hidden=\"true\" class=\"wp-block-spacer\"><\/div>\n\n<h2 class=\"wp-block-heading\" id=\"les-autres-destructeurs-de-virus-et-bacteries\">Otros antivirus y bactericidas<\/h2>\n\n<div class=\"wp-block-columns is-layout-flex wp-container-core-columns-is-layout-28f84493 wp-block-columns-is-layout-flex\">\n<div class=\"wp-block-column is-layout-flow wp-block-column-is-layout-flow\">\n<figure class=\"wp-block-image aligncenter size-medium is-resized\"><a href=\"https:\/\/obera.fr\/produits\/purificateurs-air\/anti-covid-virus-bacteries\/virbox\/\"><img decoding=\"async\" width=\"300\" height=\"300\" src=\"https:\/\/obera.fr\/wp-content\/uploads\/2021\/04\/Virbox_2021-removebg-preview-300x300.png\" alt=\"virbox 2021\" class=\"wp-image-5383\" style=\"width:225px;height:225px\" srcset=\"https:\/\/obera.fr\/wp-content\/uploads\/2021\/04\/Virbox_2021-removebg-preview.png 300w, https:\/\/obera.fr\/wp-content\/uploads\/2021\/04\/Virbox_2021-removebg-preview-150x150.png 150w\" sizes=\"(max-width: 300px) 100vw, 300px\" \/><\/a><figcaption class=\"wp-element-caption\">VIRBOX<\/figcaption><\/figure>\n<\/div>\n\n\n\n<div class=\"wp-block-column is-layout-flow wp-block-column-is-layout-flow\">\n<figure class=\"wp-block-image aligncenter size-medium is-resized\"><a href=\"https:\/\/obera.fr\/es\/produits\/purificateurs-air\/industriel-epur\/\"><img decoding=\"async\" width=\"300\" height=\"300\" src=\"https:\/\/obera.fr\/wp-content\/uploads\/2021\/04\/Purificateur-dair-ePUR-2020-600-300x300.jpg\" alt=\"Purificadores de aire OBERA epur\" class=\"wp-image-5340\" style=\"width:225px;height:225px\" srcset=\"https:\/\/obera.fr\/wp-content\/uploads\/2021\/04\/Purificateur-dair-ePUR-2020-600-300x300.jpg 300w, https:\/\/obera.fr\/wp-content\/uploads\/2021\/04\/Purificateur-dair-ePUR-2020-600-150x150.jpg 150w, https:\/\/obera.fr\/wp-content\/uploads\/2021\/04\/Purificateur-dair-ePUR-2020-600.jpg 600w\" sizes=\"(max-width: 300px) 100vw, 300px\" \/><\/a><figcaption class=\"wp-element-caption\">Purificador de aire EPUR<\/figcaption><\/figure>\n<\/div>\n\n\n\n<div class=\"wp-block-column is-layout-flow wp-block-column-is-layout-flow\">\n<figure class=\"wp-block-image aligncenter size-medium is-resized\"><a href=\"https:\/\/obera.fr\/es\/produits\/purificateurs-air\/epur-b01-purificador-de-aire-ecoprime-para-polvo\/\"><img decoding=\"async\" width=\"300\" height=\"300\" src=\"https:\/\/obera.fr\/wp-content\/uploads\/2021\/04\/ePUR-B01-ecoprime-600-300x300.jpg\" alt=\"Epur B01 Ecoprime\" class=\"wp-image-5342\" style=\"width:225px;height:225px\" srcset=\"https:\/\/obera.fr\/wp-content\/uploads\/2021\/04\/ePUR-B01-ecoprime-600-300x300.jpg 300w, https:\/\/obera.fr\/wp-content\/uploads\/2021\/04\/ePUR-B01-ecoprime-600-150x150.jpg 150w, https:\/\/obera.fr\/wp-content\/uploads\/2021\/04\/ePUR-B01-ecoprime-600.jpg 600w\" sizes=\"(max-width: 300px) 100vw, 300px\" \/><\/a><figcaption class=\"wp-element-caption\">Epur B01 Ecoprime<\/figcaption><\/figure>\n<\/div>\n\n\n\n<div class=\"wp-block-column is-layout-flow wp-block-column-is-layout-flow\"><\/div>\n<\/div>\n\n<p><\/p>\n","protected":false},"excerpt":{"rendered":"<p>C\u00f3mo funciona el purificador de aire ePUR05 El purificador de aire ePUR05 funciona de forma sencilla y eficaz. Los contaminantes son aspirados desde la parte superior de la unidad por un ventilador de alta eficacia. A continuaci\u00f3n, el polvo pasa por dos etapas de filtraci\u00f3n, empezando por el prefiltro, que separa el polvo grueso para que el filtro principal sea m\u00e1s eficaz y tenga una vida \u00fatil m\u00e1s larga. El filtro principal H13, o V-protect, es un filtro de muy alta precisi\u00f3n, capaz de tratar eficazmente virus y bacterias, as\u00ed como polvo fino, CMR y aerosoles. A continuaci\u00f3n, el aire &#8230; <\/p>\n<p class=\"read-more-container\"><a title=\"Purificador de aire ePUR05\" class=\"read-more button\" href=\"https:\/\/obera.fr\/es\/produits\/purificateurs-air\/purificadores-de-aire-antivirus-y-antibacterianos-covid-19\/purificador-de-aire-epur05\/#more-44889\" aria-label=\"Leer m\u00e1s sobre Purificador de aire ePUR05\">Lire la suite<\/a><\/p>\n","protected":false},"author":4,"featured_media":44925,"parent":48104,"menu_order":0,"comment_status":"closed","ping_status":"closed","template":"","meta":{"_acf_changed":false,"_seopress_robots_primary_cat":"","_seopress_titles_title":"Purificador de aire antivirus y antibacteriano ePUR05","_seopress_titles_desc":"El EPUR05 es un purificador de aire dise\u00f1ado para tratar virus y bacterias, as\u00ed como polvo fino, CMR y aerosoles.","_seopress_robots_index":"","footnotes":""},"class_list":{"0":"post-44889","1":"page","2":"type-page","3":"status-publish","4":"has-post-thumbnail","6":"no-featured-image-padding","7":"resize-featured-image"},"acf":[],"_links":{"self":[{"href":"https:\/\/obera.fr\/es\/wp-json\/wp\/v2\/pages\/44889","targetHints":{"allow":["GET"]}}],"collection":[{"href":"https:\/\/obera.fr\/es\/wp-json\/wp\/v2\/pages"}],"about":[{"href":"https:\/\/obera.fr\/es\/wp-json\/wp\/v2\/types\/page"}],"author":[{"embeddable":true,"href":"https:\/\/obera.fr\/es\/wp-json\/wp\/v2\/users\/4"}],"replies":[{"embeddable":true,"href":"https:\/\/obera.fr\/es\/wp-json\/wp\/v2\/comments?post=44889"}],"version-history":[{"count":5,"href":"https:\/\/obera.fr\/es\/wp-json\/wp\/v2\/pages\/44889\/revisions"}],"predecessor-version":[{"id":48106,"href":"https:\/\/obera.fr\/es\/wp-json\/wp\/v2\/pages\/44889\/revisions\/48106"}],"up":[{"embeddable":true,"href":"https:\/\/obera.fr\/es\/wp-json\/wp\/v2\/pages\/48104"}],"wp:featuredmedia":[{"embeddable":true,"href":"https:\/\/obera.fr\/es\/wp-json\/wp\/v2\/media\/44925"}],"wp:attachment":[{"href":"https:\/\/obera.fr\/es\/wp-json\/wp\/v2\/media?parent=44889"}],"curies":[{"name":"wp","href":"https:\/\/api.w.org\/{rel}","templated":true}]}}