{"id":45085,"date":"2024-04-05T22:55:29","date_gmt":"2024-04-05T20:55:29","guid":{"rendered":"https:\/\/obera.fr\/aspiradora-industrial-w2-xr\/"},"modified":"2026-02-05T11:45:18","modified_gmt":"2026-02-05T09:45:18","slug":"w2-xr-atex-22","status":"publish","type":"page","link":"https:\/\/obera.fr\/es\/produits\/aspirateurs-industriels\/w2-xr-atex-22\/","title":{"rendered":"Aspirador industrial W2 XR"},"content":{"rendered":"\n<p>Descubre la aspiradora industrial W2 XR para la aspiraci\u00f3n antideflagrante de s\u00f3lidos y l\u00edquidos. Equipos compactos, m\u00f3viles y de alto rendimiento para reducir el riesgo de ignici\u00f3n y explosi\u00f3n en tus unidades de producci\u00f3n.<\/p>\n\n\n\n<h2 class=\"wp-block-heading\">Aspiradora industrial W2 XR con certificaci\u00f3n ATEX Zona 22: principio y aplicaci\u00f3n<\/h2>\n\n\n\n<div class=\"wp-block-columns is-layout-flex wp-container-core-columns-is-layout-28f84493 wp-block-columns-is-layout-flex\">\n<div class=\"wp-block-column is-layout-flow wp-block-column-is-layout-flow\" style=\"flex-basis:33.33%\">\n<figure class=\"wp-block-image size-full is-resized\"><img decoding=\"async\" width=\"566\" height=\"671\" src=\"https:\/\/obera.fr\/wp-content\/uploads\/2024\/10\/w2-xr-2.png\" alt=\"Aspiradoras industriales\" class=\"wp-image-35431\" style=\"object-fit:cover;width:300px;height:300px\" srcset=\"https:\/\/obera.fr\/wp-content\/uploads\/2024\/10\/w2-xr-2.png 566w, https:\/\/obera.fr\/wp-content\/uploads\/2024\/10\/w2-xr-2-253x300.png 253w\" sizes=\"(max-width: 566px) 100vw, 566px\" \/><\/figure>\n<\/div>\n\n\n\n<div class=\"wp-block-column is-layout-flow wp-block-column-is-layout-flow\" style=\"flex-basis:66.66%\">\n<p>La<strong>aspiradora industrial en seco y h\u00famedo W2 XR<\/strong> est\u00e1 dise\u00f1ada para aspirar s\u00f3lidos y l\u00edquidos a prueba de explosiones. Su construcci\u00f3n est\u00e1 dise\u00f1ada para evitar la acumulaci\u00f3n de electricidad est\u00e1tica gracias a su filtro de bolsa de poli\u00e9ster antiest\u00e1tico (protecci\u00f3n de la unidad de filtrado). Para evitar el sobrecalentamiento, la unidad est\u00e1 equipada con un motor monof\u00e1sico sin escobillas, que genera menos calor y fricci\u00f3n que un motor de escobillas. Este dise\u00f1o cumple plenamente la normativa ATEX para zonas de Clase 22.   <\/p>\n\n\n\n<p>\u00bfPara qu\u00e9 usos? La serie W2 XR est\u00e1 calibrada para minimizar los riesgos en atm\u00f3sferas explosivas: plantas de fabricaci\u00f3n de productos qu\u00edmicos, plantas de procesamiento de alimentos, plantas de fabricaci\u00f3n de madera, plantas de fabricaci\u00f3n de metales, plantas de producci\u00f3n de energ\u00eda, etc. La aspiradora industrial W2 XR cumple los requisitos de todo tipo de industrias que generan polvo combustible que, adem\u00e1s, es perjudicial para la salud de los operarios. <\/p>\n\n\n\n<div class=\"wp-block-columns is-layout-flex wp-container-core-columns-is-layout-28f84493 wp-block-columns-is-layout-flex\">\n<div class=\"wp-block-column is-layout-flow wp-block-column-is-layout-flow\">\n<div class=\"wp-block-buttons is-layout-flex wp-block-buttons-is-layout-flex\">\n<div class=\"wp-block-button\"><a class=\"wp-block-button__link wp-element-button\" href=\"https:\/\/obera.fr\/wp-content\/uploads\/2025\/06\/brochure-w2-xr-en.pdf\">DESCARGAR EL FOLLETO<\/a><\/div>\n<\/div>\n<\/div>\n\n\n\n<div class=\"wp-block-column is-layout-flow wp-block-column-is-layout-flow\">\n<div class=\"wp-block-buttons is-layout-flex wp-block-buttons-is-layout-flex\">\n<div class=\"wp-block-button\"><a class=\"wp-block-button__link wp-element-button\" href=\"https:\/\/obera.fr\/contact\/\">\u00bfNECESITAS ASESORAMIENTO PERSONALIZADO?<\/a><\/div>\n<\/div>\n<\/div>\n\n\n\n<div class=\"wp-block-column is-layout-flow wp-block-column-is-layout-flow\">\n<div class=\"wp-block-buttons is-content-justification-center is-layout-flex wp-container-core-buttons-is-layout-a89b3969 wp-block-buttons-is-layout-flex\">\n<div class=\"wp-block-button btn-devis-source\"><a class=\"wp-block-button__link wp-element-button\" href=\"https:\/\/obera.fr\/es\/devis\/\">Pide un presupuesto<\/a><\/div>\n<\/div>\n\n\n<script>\r\ndocument.addEventListener('DOMContentLoaded', function() {\r\n    \/\/ 1. On cherche le titre H1 de la page\r\n    var h1 = document.querySelector('h1');\r\n    var productTitle = h1 ? h1.innerText.trim() : \"\";\r\n\r\n    \/\/ 2. On cherche les boutons via la classe CSS .btn-devis-source\r\n    var buttons = document.querySelectorAll('.btn-devis-source a');\r\n\r\n    \/\/ 3. Si on a le titre et les boutons, on ajoute le param\u00e8tre\r\n    if (buttons.length > 0 && productTitle !== \"\") {\r\n        var encodedTitle = encodeURIComponent(productTitle);\r\n\r\n        buttons.forEach(function(btn) {\r\n            var currentHref = btn.getAttribute('href');\r\n            \r\n            \/\/ S\u00e9curit\u00e9 pour ne pas ajouter le param\u00e8tre 2 fois\r\n            if (currentHref.indexOf('sujet=') === -1) {\r\n                var separator = currentHref.indexOf('?') !== -1 ? '&' : '?';\r\n                var newLink = currentHref + separator + 'sujet=' + encodedTitle;\r\n                \r\n                btn.setAttribute('href', newLink);\r\n            }\r\n        });\r\n    }\r\n});\r\n<\/script><\/div>\n<\/div>\n<\/div>\n<\/div>\n\n\n\n<h2 class=\"wp-block-heading\">\u00bfCu\u00e1les son las especificaciones t\u00e9cnicas de la aspiradora industrial W2 XR?<\/h2>\n\n\n\n<p>La aspiradora industrial W2 XR produce un caudal de aire de hasta 215 m3\/h y una potencia de 1,1 kW, lo que le confiere una gran capacidad de aspiraci\u00f3n. Est\u00e1 equipada con un sistema de limpieza de desplazamiento vertical para facilitar la limpieza y garantizar la m\u00e1xima vida \u00fatil. <a href=\"https:\/\/obera.fr\/es\/produits\/aspirateurs-industriels\/\" data-type=\"page\" data-id=\"41\">La aspiradora<\/a> tiene un dep\u00f3sito de 40 litros y un sistema de vaciado desmontable para trasladar el cubo al punto de eliminaci\u00f3n de residuos. Para cumplir los requisitos de todas las industrias, las unidades de aspiraci\u00f3n, filtrado y recogida son de acero inoxidable.  <\/p>\n\n\n\n<p>En el interior, la unidad de aspiraci\u00f3n est\u00e1 insonorizada y la unidad de filtrado est\u00e1 protegida por un filtro de bolsa de poli\u00e9ster antiest\u00e1tico. El sistema de aspiraci\u00f3n tiene una entrada de 50 di\u00e1metros situada bajo el filtro, lo que le permite aspirar polvo, s\u00f3lidos y l\u00edquidos simult\u00e1neamente.<\/p>\n\n\n\n<p>Una ventaja para los profesionales de la limpieza: la aspiradora incluye accesorios como una manguera de aspiraci\u00f3n flexible, una varilla telesc\u00f3pica, cepillos y una herramienta para hendiduras.<\/p>\n\n\n\n<blockquote class=\"wp-block-quote is-layout-flow wp-block-quote-is-layout-flow\">\n<p>\u00bfCu\u00e1les son las opciones? La versi\u00f3n ATEX de la aspiradora W2 XR dispone de varias opciones para adaptarse a tus necesidades: filtro de nomex (resistente al calor hasta 250\u00b0), filtro absoluto Hepa H14, cesta de accesorios, filtro de clase M, PTFE M, tefl\u00f3n ole\u00f3fobo M, antiest\u00e1tico de clase L y M, recipiente y c\u00e1mara de filtro de acero inoxidable, toma de tierra. Pide consejo a nuestros equipos sobre las opciones m\u00e1s adecuadas para tu sector.<\/p>\n<\/blockquote>\n\n\n\n<h3 class=\"wp-block-heading has-text-align-center\">INDUSTRIAS<\/h3>\n\n\n\n<div class=\"wp-block-columns is-layout-flex wp-container-core-columns-is-layout-28f84493 wp-block-columns-is-layout-flex\">\n<div class=\"wp-block-column is-layout-flow wp-block-column-is-layout-flow\">\n<hr class=\"wp-block-separator has-alpha-channel-opacity\"\/>\n\n\n\n<div class=\"wp-block-columns is-layout-flex wp-container-core-columns-is-layout-28f84493 wp-block-columns-is-layout-flex\">\n<div class=\"wp-block-column is-layout-flow wp-block-column-is-layout-flow\">\n<figure class=\"wp-block-image aligncenter size-thumbnail is-resized\"><img decoding=\"async\" width=\"150\" height=\"150\" src=\"https:\/\/obera.fr\/wp-content\/uploads\/2022\/02\/Textile-150x150.png\" alt=\"textil\" class=\"wp-image-8855\"\/><figcaption class=\"wp-element-caption\">Textiles<\/figcaption><\/figure>\n\n\n\n<figure class=\"wp-block-image aligncenter size-thumbnail is-resized\"><img decoding=\"async\" width=\"150\" height=\"150\" src=\"https:\/\/obera.fr\/wp-content\/uploads\/2022\/02\/Plastique-150x150.png\" alt=\"pl\u00e1stico\" class=\"wp-image-8854\"\/><figcaption class=\"wp-element-caption\">Pl\u00e1stico<\/figcaption><\/figure>\n<\/div>\n\n\n\n<div class=\"wp-block-column is-layout-flow wp-block-column-is-layout-flow\">\n<figure class=\"wp-block-image aligncenter size-thumbnail is-resized\"><img decoding=\"async\" width=\"150\" height=\"150\" src=\"https:\/\/obera.fr\/wp-content\/uploads\/2022\/02\/MINERAIS-150x150.png\" alt=\"minerales\" class=\"wp-image-8847\"\/><figcaption class=\"wp-element-caption\">Minerales<\/figcaption><\/figure>\n\n\n\n<figure class=\"wp-block-image aligncenter size-thumbnail is-resized\"><img decoding=\"async\" width=\"150\" height=\"150\" src=\"https:\/\/obera.fr\/wp-content\/uploads\/2022\/02\/Metalurgie-150x150.png\" alt=\"metalurgia\" class=\"wp-image-8857\"\/><figcaption class=\"wp-element-caption\">Metalurgia<\/figcaption><\/figure>\n\n\n\n<figure class=\"wp-block-image aligncenter size-thumbnail is-resized\"><img decoding=\"async\" width=\"150\" height=\"150\" src=\"https:\/\/obera.fr\/wp-content\/uploads\/2023\/02\/sans-titre-2023-02-14t102211.641-150x150.png\" alt=\"Agricultura\" class=\"wp-image-18828\"\/><figcaption class=\"wp-element-caption\">Agricultura<\/figcaption><\/figure>\n<\/div>\n<\/div>\n<\/div>\n\n\n\n<div class=\"wp-block-column is-layout-flow wp-block-column-is-layout-flow\">\n<hr class=\"wp-block-separator has-alpha-channel-opacity\"\/>\n\n\n\n<div class=\"wp-block-columns is-layout-flex wp-container-core-columns-is-layout-28f84493 wp-block-columns-is-layout-flex\">\n<div class=\"wp-block-column is-layout-flow wp-block-column-is-layout-flow\">\n<figure class=\"wp-block-image aligncenter size-thumbnail is-resized\"><img decoding=\"async\" width=\"150\" height=\"150\" src=\"https:\/\/obera.fr\/wp-content\/uploads\/2022\/02\/Chimie-150x150.png\" alt=\"qu\u00edmica\" class=\"wp-image-8846\"\/><figcaption class=\"wp-element-caption\">Qu\u00edmica<\/figcaption><\/figure>\n\n\n\n<figure class=\"wp-block-image aligncenter size-thumbnail is-resized\"><img decoding=\"async\" width=\"150\" height=\"150\" src=\"https:\/\/obera.fr\/wp-content\/uploads\/2022\/02\/Travail-du-bois-150x150.png\" alt=\"carpinter\u00eda\" class=\"wp-image-8856\"\/><figcaption class=\"wp-element-caption\">Carpinter\u00eda<\/figcaption><\/figure>\n\n\n\n<figure class=\"wp-block-image aligncenter size-thumbnail is-resized\"><img decoding=\"async\" width=\"150\" height=\"150\" src=\"https:\/\/obera.fr\/wp-content\/uploads\/2023\/02\/sans-titre-2023-02-14t101920.185-150x150.png\" alt=\"Aviaci\u00f3n\" class=\"wp-image-18831\"\/><figcaption class=\"wp-element-caption\">Aviaci\u00f3n<\/figcaption><\/figure>\n<\/div>\n\n\n\n<div class=\"wp-block-column is-layout-flow wp-block-column-is-layout-flow\">\n<figure class=\"wp-block-image aligncenter size-thumbnail is-resized\"><img decoding=\"async\" width=\"150\" height=\"150\" src=\"https:\/\/obera.fr\/wp-content\/uploads\/2022\/02\/AGROALIMENTAIRE-150x150.png\" alt=\"agroalimentario\" class=\"wp-image-8844\"\/><figcaption class=\"wp-element-caption\">Industria alimentaria<\/figcaption><\/figure>\n\n\n\n<figure class=\"wp-block-image aligncenter size-thumbnail is-resized\"><img decoding=\"async\" width=\"150\" height=\"150\" src=\"https:\/\/obera.fr\/wp-content\/uploads\/2022\/02\/Papier-carton-150x150.png\" alt=\"papel y cart\u00f3n\" class=\"wp-image-8853\"\/><figcaption class=\"wp-element-caption\">Papel\/Cart\u00f3n<\/figcaption><\/figure>\n\n\n\n<figure class=\"wp-block-image aligncenter size-thumbnail is-resized\"><img decoding=\"async\" width=\"150\" height=\"150\" src=\"https:\/\/obera.fr\/wp-content\/uploads\/2023\/02\/sans-titre-2023-02-14t101712.416-150x150.png\" alt=\"Autom\u00f3vil\" class=\"wp-image-18834\"\/><figcaption class=\"wp-element-caption\">Autom\u00f3vil<\/figcaption><\/figure>\n<\/div>\n<\/div>\n<\/div>\n<\/div>\n\n\n\n<table id=\"tablepress-198\" class=\"tablepress tablepress-id-198\">\n<tbody class=\"row-striping row-hover\">\n<tr class=\"row-1\">\n\t<td class=\"column-1\">Zones ATEX<\/td><td class=\"column-2\"><\/td><td class=\"column-3\">22<\/td>\n<\/tr>\n<tr class=\"row-2\">\n\t<td class=\"column-1\">Marquage<\/td><td class=\"column-2\"><\/td><td class=\"column-3\">EX II 3D Ex tc IIIB T135\u00b0C X Dc<\/td>\n<\/tr>\n<tr class=\"row-3\">\n\t<td class=\"column-1\">Tension<\/td><td class=\"column-2\">V-HZ<\/td><td class=\"column-3\">230<\/td>\n<\/tr>\n<tr class=\"row-4\">\n\t<td class=\"column-1\">Puissance<\/td><td class=\"column-2\">kW<\/td><td class=\"column-3\">1.1<\/td>\n<\/tr>\n<tr class=\"row-5\">\n\t<td class=\"column-1\">Protection \u00e9lectrique<\/td><td class=\"column-2\">IP<\/td><td class=\"column-3\">55<\/td>\n<\/tr>\n<tr class=\"row-6\">\n\t<td class=\"column-1\">D\u00e9pression maximum<\/td><td class=\"column-2\">Pa<\/td><td class=\"column-3\">2.250 Pa<\/td>\n<\/tr>\n<tr class=\"row-7\">\n\t<td class=\"column-1\">D\u00e9bit d\u2019air max<\/td><td class=\"column-2\">m3\/h<\/td><td class=\"column-3\">215<\/td>\n<\/tr>\n<tr class=\"row-8\">\n\t<td class=\"column-1\">Diam\u00e8tre embouchure<\/td><td class=\"column-2\">mm<\/td><td class=\"column-3\">50<\/td>\n<\/tr>\n<tr class=\"row-9\">\n\t<td class=\"column-1\">Type de filtre<\/td><td class=\"column-2\"><\/td><td class=\"column-3\">\u00c0 poches en \u00e9toile<\/td>\n<\/tr>\n<tr class=\"row-10\">\n\t<td class=\"column-1\">Surface<\/td><td class=\"column-2\">cm2<\/td><td class=\"column-3\">20.000<\/td>\n<\/tr>\n<tr class=\"row-11\">\n\t<td class=\"column-1\">Syst\u00e8me de nettoyage<\/td><td class=\"column-2\"><\/td><td class=\"column-3\">Manuel<\/td>\n<\/tr>\n<tr class=\"row-12\">\n\t<td class=\"column-1\">Bac de r\u00e9colte<\/td><td class=\"column-2\"><\/td><td class=\"column-3\">Acier<\/td>\n<\/tr>\n<tr class=\"row-13\">\n\t<td class=\"column-1\">Syst\u00e8me de vidange<\/td><td class=\"column-2\"><\/td><td class=\"column-3\">Bac d\u00e9crochable<\/td>\n<\/tr>\n<tr class=\"row-14\">\n\t<td class=\"column-1\">Capacit\u00e9<\/td><td class=\"column-2\">litre<\/td><td class=\"column-3\">40<\/td>\n<\/tr>\n<tr class=\"row-15\">\n\t<td class=\"column-1\">Dimensions<\/td><td class=\"column-2\">cm<\/td><td class=\"column-3\">55x63x124<\/td>\n<\/tr>\n<\/tbody>\n<\/table>\n\n\n\n\n<div class=\"wp-block-buttons is-content-justification-center is-layout-flex wp-container-core-buttons-is-layout-a89b3969 wp-block-buttons-is-layout-flex\">\n<div class=\"wp-block-button\"><a class=\"wp-block-button__link wp-element-button\" href=\"https:\/\/obera.fr\/wp-content\/uploads\/2024\/04\/obera_brochure-w2-xr-fr.pdf\">DESCARGAR FICHA T\u00c9CNICA DEL PRODUCTO<\/a><\/div>\n<\/div>\n\n\n\n<h2 class=\"wp-block-heading\">Aspiradora W2 XR: las ventajas de una aspiradora compacta de alta filtraci\u00f3n<\/h2>\n\n\n\n<p>La aspiradora industrial W2 XR ofrece todas las ventajas de la serie W2, es decir, una gran movilidad para un uso f\u00e1cil y c\u00f3modo por parte de los operarios. Un revestimiento fonoabsorbente alrededor del motor para reducir al m\u00e1ximo el ruido y evitar molestias a las tripulaciones.  <\/p>\n\n\n\n<p>Su versatilidad es obviamente un criterio clave para los industriales, ya que su tecnolog\u00eda h\u00famedo-seco combinada con su conformidad ATEX significa que puede manipular polvo, s\u00f3lidos y l\u00edquidos a prueba de explosiones. Tambi\u00e9n es f\u00e1cil de mantener, gracias a su filtro agitador incorporado que facilita la limpieza. Todo lo que tiene que hacer el operario es accionar la palanca agitadora para una limpieza manual instant\u00e1nea.<\/p>\n\n\n\n<p>Por \u00faltimo, la principal ventaja de la Serie W2 XR es su certificaci\u00f3n ATEX Zona 22. Con esta aspiradora industrial, cumples tus obligaciones de conformidad. Utilizar una aspiradora con certificaci\u00f3n ATEX Zona 22 es esencial para garantizar la seguridad de tus equipos y tus bienes.  <\/p>\n\n\n\n<div class=\"wp-block-columns is-layout-flex wp-container-core-columns-is-layout-28f84493 wp-block-columns-is-layout-flex\">\n<div class=\"wp-block-column is-layout-flow wp-block-column-is-layout-flow\" style=\"flex-basis:33.34%\">\n<h3 class=\"wp-block-heading\">Ventajas :<\/h3>\n\n\n\n<ul class=\"wp-block-list\">\n<li>Aspiradora compacta y m\u00f3vil;<\/li>\n\n\n\n<li>Reducci\u00f3n del riesgo de alergias y enfermedades respiratorias;<\/li>\n\n\n\n<li>Cumple los requisitos de la normativa ATEX.<\/li>\n<\/ul>\n<\/div>\n\n\n\n<div class=\"wp-block-column is-layout-flow wp-block-column-is-layout-flow\" style=\"flex-basis:33.34%\">\n<h3 class=\"wp-block-heading\">Caracter\u00edsticas especiales:<\/h3>\n\n\n\n<ul class=\"wp-block-list\">\n<li>Aspiraci\u00f3n de part\u00edculas, s\u00f3lidos y l\u00edquidos a prueba de explosiones, conforme a ATEX Zona 22.<\/li>\n<\/ul>\n<\/div>\n\n\n\n<div class=\"wp-block-column is-layout-flow wp-block-column-is-layout-flow\" style=\"flex-basis:33.33%\">\n<h3 class=\"wp-block-heading\">Caracter\u00edsticas :<\/h3>\n\n\n\n<ul class=\"wp-block-list\">\n<li>Filtro de bolsa de poli\u00e9ster antiest\u00e1tico;<\/li>\n\n\n\n<li>Motor monof\u00e1sico sin escobillas ;<\/li>\n\n\n\n<li>Sistema de obstrucci\u00f3n con indicador luminoso.<\/li>\n<\/ul>\n<\/div>\n<\/div>\n\n\n\n<h2 class=\"wp-block-heading\">\u00bfTodav\u00eda tienes dudas sobre la eficacia de la aspiradora W2 XR para tu sector?<\/h2>\n\n\n\n<p>En OberA, sabemos que el nivel de riesgo de explosi\u00f3n en la zona 22 var\u00eda en funci\u00f3n de varios factores: tipo de polvo, cantidad, fuentes de ignici\u00f3n, etc. Para adoptar la soluci\u00f3n de extracci\u00f3n adecuada, realizamos un diagn\u00f3stico en tus talleres y te ofrecemos una prueba del equipo con opci\u00f3n de compra.<\/p>\n\n\n\n<div class=\"wp-block-buttons is-content-justification-center is-layout-flex wp-container-core-buttons-is-layout-a89b3969 wp-block-buttons-is-layout-flex\">\n<div class=\"wp-block-button\"><a class=\"wp-block-button__link wp-element-button\" href=\"https:\/\/obera.fr\/es\/contact\/\">PRUEBA LA ASPIRADORA W2 XR<\/a><\/div>\n<\/div>\n\n\n\n<h2 class=\"wp-block-heading\">Otras aspiradoras industriales de la gama<\/h2>\n\n\n\n<div class=\"wp-block-columns is-layout-flex wp-container-core-columns-is-layout-28f84493 wp-block-columns-is-layout-flex\">\n<div class=\"wp-block-column is-layout-flow wp-block-column-is-layout-flow\">\n<figure class=\"wp-block-image aligncenter size-full is-resized\"><a href=\"https:\/\/obera.fr\/produits\/aspirateurs-industriels\/ventilateurs-aspiration-gamme-eurosog-rg-100-800\/\"><img decoding=\"async\" width=\"600\" height=\"600\" src=\"https:\/\/obera.fr\/wp-content\/uploads\/2024\/04\/obera-ventilateur-aspiration-rg-300-400.jpg\" alt=\"ventilador de aspiraci\u00f3n obera rg 300 400\" class=\"wp-image-29437\" style=\"width:349px;height:auto\" srcset=\"https:\/\/obera.fr\/wp-content\/uploads\/2024\/04\/obera-ventilateur-aspiration-rg-300-400.jpg 600w, https:\/\/obera.fr\/wp-content\/uploads\/2024\/04\/obera-ventilateur-aspiration-rg-300-400-300x300.jpg 300w, https:\/\/obera.fr\/wp-content\/uploads\/2024\/04\/obera-ventilateur-aspiration-rg-300-400-150x150.jpg 150w\" sizes=\"(max-width: 600px) 100vw, 600px\" \/><\/a><figcaption class=\"wp-element-caption\">RG 300\/400<\/figcaption><\/figure>\n<\/div>\n\n\n\n<div class=\"wp-block-column is-layout-flow wp-block-column-is-layout-flow\">\n<figure class=\"wp-block-image aligncenter size-full is-resized\"><a href=\"https:\/\/obera.fr\/produits\/aspirateurs-industriels\/w2-haute-filtration-polyvalence\/\"><img decoding=\"async\" width=\"711\" height=\"622\" src=\"https:\/\/obera.fr\/wp-content\/uploads\/2024\/10\/w2.png\" alt=\"Aspiradoras industriales\" class=\"wp-image-35424\" style=\"object-fit:cover;width:300px;height:300px\" srcset=\"https:\/\/obera.fr\/wp-content\/uploads\/2024\/10\/w2.png 711w, https:\/\/obera.fr\/wp-content\/uploads\/2024\/10\/w2-300x262.png 300w\" sizes=\"(max-width: 711px) 100vw, 711px\" \/><\/a><figcaption class=\"wp-element-caption\">W2<\/figcaption><\/figure>\n<\/div>\n\n\n\n<div class=\"wp-block-column is-layout-flow wp-block-column-is-layout-flow\">\n<figure class=\"wp-block-image aligncenter size-full is-resized\"><a href=\"https:\/\/obera.fr\/produits\/aspirateurs-industriels\/w3-pour-nettoyage-general\/\"><img decoding=\"async\" width=\"658\" height=\"652\" src=\"https:\/\/obera.fr\/wp-content\/uploads\/2024\/10\/w3.png\" alt=\"w3\" class=\"wp-image-35427\" style=\"object-fit:cover;width:300px;height:300px\" srcset=\"https:\/\/obera.fr\/wp-content\/uploads\/2024\/10\/w3.png 658w, https:\/\/obera.fr\/wp-content\/uploads\/2024\/10\/w3-300x297.png 300w, https:\/\/obera.fr\/wp-content\/uploads\/2024\/10\/w3-150x150.png 150w, https:\/\/obera.fr\/wp-content\/uploads\/2024\/10\/w3-24x24.png 24w, https:\/\/obera.fr\/wp-content\/uploads\/2024\/10\/w3-48x48.png 48w, https:\/\/obera.fr\/wp-content\/uploads\/2024\/10\/w3-96x96.png 96w\" sizes=\"(max-width: 658px) 100vw, 658px\" \/><\/a><figcaption class=\"wp-element-caption\">W3<\/figcaption><\/figure>\n<\/div>\n<\/div>\n","protected":false},"excerpt":{"rendered":"<p>Descubre la aspiradora industrial W2 XR para la aspiraci\u00f3n antideflagrante de s\u00f3lidos y l\u00edquidos. Equipos compactos, m\u00f3viles y de alto rendimiento para reducir el riesgo de ignici\u00f3n y explosi\u00f3n en tus unidades de producci\u00f3n. Aspiradora industrial W2 XR con certificaci\u00f3n ATEX Zona 22: principio y aplicaci\u00f3n Laaspiradora industrial en seco y h\u00famedo W2 XR est\u00e1 dise\u00f1ada para aspirar s\u00f3lidos y l\u00edquidos a prueba de explosiones. Su construcci\u00f3n est\u00e1 dise\u00f1ada para evitar la acumulaci\u00f3n de electricidad est\u00e1tica gracias a su filtro de bolsa de poli\u00e9ster antiest\u00e1tico (protecci\u00f3n de la unidad de filtrado). Para evitar el sobrecalentamiento, la unidad est\u00e1 equipada con &#8230; <\/p>\n<p class=\"read-more-container\"><a title=\"Aspirador industrial W2 XR\" class=\"read-more button\" href=\"https:\/\/obera.fr\/es\/produits\/aspirateurs-industriels\/w2-xr-atex-22\/#more-45085\" aria-label=\"Leer m\u00e1s sobre Aspirador industrial W2 XR\">Lire la suite<\/a><\/p>\n","protected":false},"author":4,"featured_media":83751,"parent":48457,"menu_order":0,"comment_status":"closed","ping_status":"closed","template":"","meta":{"_acf_changed":false,"_seopress_robots_primary_cat":"","_seopress_titles_title":"Aspirador industrial W2 XR ATEX 22 oberA","_seopress_titles_desc":"Compacto y eficiente, descubra la serie W2 XR para la aspiraci\u00f3n de materias s\u00f3lidas y l\u00edquidas antideflagrantes. Un equipo que puede probar con opci\u00f3n de compra gracias a OberA.","_seopress_robots_index":"","footnotes":""},"class_list":{"0":"post-45085","1":"page","2":"type-page","3":"status-publish","4":"has-post-thumbnail","6":"no-featured-image-padding","7":"resize-featured-image"},"acf":[],"_links":{"self":[{"href":"https:\/\/obera.fr\/es\/wp-json\/wp\/v2\/pages\/45085","targetHints":{"allow":["GET"]}}],"collection":[{"href":"https:\/\/obera.fr\/es\/wp-json\/wp\/v2\/pages"}],"about":[{"href":"https:\/\/obera.fr\/es\/wp-json\/wp\/v2\/types\/page"}],"author":[{"embeddable":true,"href":"https:\/\/obera.fr\/es\/wp-json\/wp\/v2\/users\/4"}],"replies":[{"embeddable":true,"href":"https:\/\/obera.fr\/es\/wp-json\/wp\/v2\/comments?post=45085"}],"version-history":[{"count":8,"href":"https:\/\/obera.fr\/es\/wp-json\/wp\/v2\/pages\/45085\/revisions"}],"predecessor-version":[{"id":140577,"href":"https:\/\/obera.fr\/es\/wp-json\/wp\/v2\/pages\/45085\/revisions\/140577"}],"up":[{"embeddable":true,"href":"https:\/\/obera.fr\/es\/wp-json\/wp\/v2\/pages\/48457"}],"wp:featuredmedia":[{"embeddable":true,"href":"https:\/\/obera.fr\/es\/wp-json\/wp\/v2\/media\/83751"}],"wp:attachment":[{"href":"https:\/\/obera.fr\/es\/wp-json\/wp\/v2\/media?parent=45085"}],"curies":[{"name":"wp","href":"https:\/\/api.w.org\/{rel}","templated":true}]}}