{"id":45270,"date":"2024-04-05T23:01:46","date_gmt":"2024-04-05T21:01:46","guid":{"rendered":"https:\/\/obera.fr\/aspiradora-industrial-w3\/"},"modified":"2026-02-05T18:17:09","modified_gmt":"2026-02-05T16:17:09","slug":"w3-pour-nettoyage-general","status":"publish","type":"page","link":"https:\/\/obera.fr\/es\/produits\/aspirateurs-industriels\/w3-pour-nettoyage-general\/","title":{"rendered":"Aspirador industrial W3"},"content":{"rendered":"\n<p>La aspiradora industrial W3, una <a href=\"https:\/\/obera.fr\/es\/produits\/aspirateurs-industriels\/\" data-type=\"page\" data-id=\"41\">soluci\u00f3n de<\/a> alto rendimiento y f\u00e1cil de usar, es un elemento esencial para la limpieza general que puede adaptarse a todas las necesidades.<\/p>\n\n\n\n<h2 class=\"wp-block-heading\">Principio y campo de aplicaci\u00f3n de la aspiradora industrial W3<\/h2>\n\n\n\n<div class=\"wp-block-columns is-layout-flex wp-container-core-columns-is-layout-28f84493 wp-block-columns-is-layout-flex\">\n<div class=\"wp-block-column is-layout-flow wp-block-column-is-layout-flow\" style=\"flex-basis:33.33%\">\n<figure class=\"wp-block-image aligncenter size-full is-resized\"><img decoding=\"async\" width=\"658\" height=\"652\" src=\"https:\/\/obera.fr\/wp-content\/uploads\/2024\/10\/w3.png\" alt=\"Aspiradoras industriales\" class=\"wp-image-35427\" style=\"object-fit:cover;width:300px;height:300px\" srcset=\"https:\/\/obera.fr\/wp-content\/uploads\/2024\/10\/w3.png 658w, https:\/\/obera.fr\/wp-content\/uploads\/2024\/10\/w3-300x297.png 300w, https:\/\/obera.fr\/wp-content\/uploads\/2024\/10\/w3-150x150.png 150w, https:\/\/obera.fr\/wp-content\/uploads\/2024\/10\/w3-24x24.png 24w, https:\/\/obera.fr\/wp-content\/uploads\/2024\/10\/w3-48x48.png 48w, https:\/\/obera.fr\/wp-content\/uploads\/2024\/10\/w3-96x96.png 96w\" sizes=\"(max-width: 658px) 100vw, 658px\" \/><\/figure>\n<\/div>\n\n\n\n<div class=\"wp-block-column is-layout-flow wp-block-column-is-layout-flow\" style=\"flex-basis:66.66%\">\n<p>La<strong>aspiradora industrial W3<\/strong> es famosa por su versatilidad y funcionamiento silencioso. Incorpora tres potentes motores by-pass que aspiran el aire y lo dividen en dos corrientes: una corriente se utiliza para refrigerar el motor, y la segunda para aspirar el polvo y los s\u00f3lidos. Este sistema de aspiraci\u00f3n no s\u00f3lo evita que el motor se atasque, sino que retiene las part\u00edculas finas haciendo pasar el flujo de aire a trav\u00e9s del filtro antipolvo. Los motores by-pass de la Serie W3 ofrecen una gran potencia de aspiraci\u00f3n, menos mantenimiento y una mayor vida \u00fatil del equipo (menos riesgo de sobrecalentamiento y atasco).   <\/p>\n\n\n\n<p>\u00bfPara qu\u00e9 sirve? Vers\u00e1til, \u00e1gil y pr\u00e1ctica, la aspiradora monof\u00e1sica W3 es ideal para la limpieza general: limpieza de suelos, paredes, obras, talleres, m\u00e1quinas de producci\u00f3n, etc. Tambi\u00e9n es una opci\u00f3n excelente para aspirar polvo fino y part\u00edculas alerg\u00e9nicas. Su construcci\u00f3n y su amplia gama de opciones de personalizaci\u00f3n facilitan su adaptaci\u00f3n a todos los sectores de la industria. Es especialmente eficaz para aspirar polvo y s\u00f3lidos en talleres mec\u00e1nicos, empresas de procesamiento de alimentos, carpinter\u00edas, talleres artesanales, chorreado de arena, cementeras y tratamiento de superficies.   <\/p>\n\n\n\n<div class=\"wp-block-columns is-layout-flex wp-container-core-columns-is-layout-28f84493 wp-block-columns-is-layout-flex\">\n<div class=\"wp-block-column is-layout-flow wp-block-column-is-layout-flow\">\n<div class=\"wp-block-buttons is-layout-flex wp-block-buttons-is-layout-flex\">\n<div class=\"wp-block-button\"><a class=\"wp-block-button__link wp-element-button\" href=\"https:\/\/obera.fr\/wp-content\/uploads\/2025\/06\/brochure-w3-en.pdf\">DESCARGAR EL FOLLETO<\/a><\/div>\n<\/div>\n<\/div>\n\n\n\n<div class=\"wp-block-column is-layout-flow wp-block-column-is-layout-flow\">\n<div class=\"wp-block-buttons is-layout-flex wp-block-buttons-is-layout-flex\">\n<div class=\"wp-block-button\"><a class=\"wp-block-button__link wp-element-button\" href=\"https:\/\/obera.fr\/contact\/\">\u00bfNECESITAS ASESORAMIENTO PERSONALIZADO?<\/a><\/div>\n<\/div>\n<\/div>\n\n\n\n<div class=\"wp-block-column is-layout-flow wp-block-column-is-layout-flow\">\n<div class=\"wp-block-buttons is-content-justification-center is-layout-flex wp-container-core-buttons-is-layout-a89b3969 wp-block-buttons-is-layout-flex\">\n<div class=\"wp-block-button btn-devis-source\"><a class=\"wp-block-button__link wp-element-button\" href=\"https:\/\/obera.fr\/es\/devis\/\">Pide un presupuesto<\/a><\/div>\n<\/div>\n\n\n<script>\r\ndocument.addEventListener('DOMContentLoaded', function() {\r\n    \/\/ 1. On cherche le titre H1 de la page\r\n    var h1 = document.querySelector('h1');\r\n    var productTitle = h1 ? h1.innerText.trim() : \"\";\r\n\r\n    \/\/ 2. On cherche les boutons via la classe CSS .btn-devis-source\r\n    var buttons = document.querySelectorAll('.btn-devis-source a');\r\n\r\n    \/\/ 3. Si on a le titre et les boutons, on ajoute le param\u00e8tre\r\n    if (buttons.length > 0 && productTitle !== \"\") {\r\n        var encodedTitle = encodeURIComponent(productTitle);\r\n\r\n        buttons.forEach(function(btn) {\r\n            var currentHref = btn.getAttribute('href');\r\n            \r\n            \/\/ S\u00e9curit\u00e9 pour ne pas ajouter le param\u00e8tre 2 fois\r\n            if (currentHref.indexOf('sujet=') === -1) {\r\n                var separator = currentHref.indexOf('?') !== -1 ? '&' : '?';\r\n                var newLink = currentHref + separator + 'sujet=' + encodedTitle;\r\n                \r\n                btn.setAttribute('href', newLink);\r\n            }\r\n        });\r\n    }\r\n});\r\n<\/script><\/div>\n<\/div>\n<\/div>\n<\/div>\n\n\n\n<h2 class=\"wp-block-heading\">Limpieza general: las caracter\u00edsticas de la aspiradora W3<\/h2>\n\n\n\n<p>La aspiradora industrial W3 est\u00e1 disponible en dos versiones. Est\u00e1 equipada con 3 motores monof\u00e1sicos de 1,1 kW en la versi\u00f3n de 65 litros, y de 1,3 kW en la versi\u00f3n de 100 litros. Esta caracter\u00edstica t\u00e9cnica espec\u00edfica hace que la m\u00e1quina sea especialmente eficaz para aspirar materiales con un peso espec\u00edfico elevado (grava, arena, clavos, tornillos, restos de vidrio). La aspiradora ofrece un vac\u00edo m\u00e1ximo de entre 2.400 y 3.600 Pa y un caudal m\u00e1ximo de entre 540 m3\/h y 450 m3\/h, seg\u00fan la versi\u00f3n elegida.<\/p>\n\n\n\n<p>A pesar de sus 3 motores by-pass, la aspiradora industrial W3 es silenciosa. La unidad de aspiraci\u00f3n est\u00e1 insonorizada para reducir el ruido al m\u00ednimo.<\/p>\n\n\n\n<p>El robusto aspirador tiene un cabezal de acero macizo. La unidad de filtrado tambi\u00e9n es de acero inoxidable (c\u00e1mara de filtrado), al igual que su bandeja con ruedas y su chasis.  <\/p>\n\n\n\n<p>Por \u00faltimo, la unidad de filtrado est\u00e1 equipada con un filtro de mangas de poli\u00e9ster para mayor protecci\u00f3n y retenci\u00f3n del polvo. La gran superficie de 2m2 y la alta eficacia de filtraci\u00f3n (3 micras) tambi\u00e9n garantizan la pureza del aire saliente.<\/p>\n\n\n\n<p>La aspiradora W3 incluye accesorios dedicados a los profesionales de la limpieza: manguera de aspiraci\u00f3n flexible, cepillos, herramienta para hendiduras, etc.<\/p>\n\n\n\n<blockquote class=\"wp-block-quote is-layout-flow wp-block-quote-is-layout-flow\">\n<p>Versiones disponibles: \u00a1la aspiradora industrial W3 est\u00e1 disponible en dos versiones! Una con una capacidad de 65 litros, la segunda con una capacidad de 100 litros. Tambi\u00e9n est\u00e1 disponible con 3 motores monof\u00e1sicos de 3 etapas para poder aspirar materiales con un peso espec\u00edfico elevado.<\/p>\n<\/blockquote>\n\n\n\n<h3 class=\"wp-block-heading has-text-align-center\">Opcional<\/h3>\n\n\n\n<div class=\"wp-block-columns is-layout-flex wp-container-core-columns-is-layout-28f84493 wp-block-columns-is-layout-flex\">\n<div class=\"wp-block-column is-layout-flow wp-block-column-is-layout-flow\" style=\"flex-basis:50%\">\n<ul class=\"wp-block-list\">\n<li>Filtro de Nomex &#8211; resistente al calor hasta 250\u00b0;<\/li>\n\n\n\n<li>Filtro absoluto Hepa H14 ;<\/li>\n\n\n\n<li>Filtro PTFE clase M ;<\/li>\n\n\n\n<li>Filtro de tefl\u00f3n ole\u00f3fobo al agua de clase M ;  <\/li>\n\n\n\n<li>Filtro antiest\u00e1tico de clase M ;<\/li>\n<\/ul>\n<\/div>\n\n\n\n<div class=\"wp-block-column is-layout-flow wp-block-column-is-layout-flow\" style=\"flex-basis:50%\">\n<ul class=\"wp-block-list\">\n<li>Recipiente y c\u00e1mara filtrante de acero inoxidable;<\/li>\n\n\n\n<li>Toma de tierra ;<\/li>\n\n\n\n<li>Cesta de parrilla con v\u00e1lvula de descarga e indicador de nivel ;<\/li>\n\n\n\n<li>Contenedor embolsado estera larga 20mt ;<\/li>\n\n\n\n<li>Cicl\u00f3n para protecci\u00f3n del filtro.<\/li>\n<\/ul>\n<\/div>\n<\/div>\n\n\n\n<h3 class=\"wp-block-heading has-text-align-center\">INDUSTRIAS<\/h3>\n\n\n\n<div class=\"wp-block-columns is-layout-flex wp-container-core-columns-is-layout-28f84493 wp-block-columns-is-layout-flex\">\n<div class=\"wp-block-column is-layout-flow wp-block-column-is-layout-flow\">\n<hr class=\"wp-block-separator has-alpha-channel-opacity\"\/>\n\n\n\n<div class=\"wp-block-columns is-layout-flex wp-container-core-columns-is-layout-28f84493 wp-block-columns-is-layout-flex\">\n<div class=\"wp-block-column is-layout-flow wp-block-column-is-layout-flow\">\n<figure class=\"wp-block-image aligncenter size-thumbnail is-resized\"><img decoding=\"async\" width=\"150\" height=\"150\" src=\"https:\/\/obera.fr\/wp-content\/uploads\/2022\/02\/Textile-150x150.png\" alt=\"textil\" class=\"wp-image-8855\"\/><figcaption class=\"wp-element-caption\">Textiles<\/figcaption><\/figure>\n\n\n\n<figure class=\"wp-block-image aligncenter size-thumbnail is-resized\"><img decoding=\"async\" width=\"150\" height=\"150\" src=\"https:\/\/obera.fr\/wp-content\/uploads\/2022\/02\/Plastique-150x150.png\" alt=\"pl\u00e1stico\" class=\"wp-image-8854\"\/><figcaption class=\"wp-element-caption\">Pl\u00e1stico<\/figcaption><\/figure>\n<\/div>\n\n\n\n<div class=\"wp-block-column is-layout-flow wp-block-column-is-layout-flow\">\n<figure class=\"wp-block-image aligncenter size-thumbnail is-resized\"><img decoding=\"async\" width=\"150\" height=\"150\" src=\"https:\/\/obera.fr\/wp-content\/uploads\/2022\/02\/MINERAIS-150x150.png\" alt=\"minerales\" class=\"wp-image-8847\"\/><figcaption class=\"wp-element-caption\">Minerales<\/figcaption><\/figure>\n\n\n\n<figure class=\"wp-block-image aligncenter size-thumbnail is-resized\"><img decoding=\"async\" width=\"150\" height=\"150\" src=\"https:\/\/obera.fr\/wp-content\/uploads\/2022\/02\/Metalurgie-150x150.png\" alt=\"metalurgia\" class=\"wp-image-8857\"\/><figcaption class=\"wp-element-caption\">Metalurgia<\/figcaption><\/figure>\n\n\n\n<figure class=\"wp-block-image aligncenter size-thumbnail is-resized\"><img decoding=\"async\" width=\"150\" height=\"150\" src=\"https:\/\/obera.fr\/wp-content\/uploads\/2023\/02\/sans-titre-2023-02-14t102211.641-150x150.png\" alt=\"Agricultura\" class=\"wp-image-18828\"\/><figcaption class=\"wp-element-caption\">Agricultura<\/figcaption><\/figure>\n<\/div>\n<\/div>\n<\/div>\n\n\n\n<div class=\"wp-block-column is-layout-flow wp-block-column-is-layout-flow\">\n<hr class=\"wp-block-separator has-alpha-channel-opacity\"\/>\n\n\n\n<div class=\"wp-block-columns is-layout-flex wp-container-core-columns-is-layout-28f84493 wp-block-columns-is-layout-flex\">\n<div class=\"wp-block-column is-layout-flow wp-block-column-is-layout-flow\">\n<figure class=\"wp-block-image aligncenter size-thumbnail is-resized\"><img decoding=\"async\" width=\"150\" height=\"150\" src=\"https:\/\/obera.fr\/wp-content\/uploads\/2022\/02\/Chimie-150x150.png\" alt=\"qu\u00edmica\" class=\"wp-image-8846\"\/><figcaption class=\"wp-element-caption\">Qu\u00edmica<\/figcaption><\/figure>\n\n\n\n<figure class=\"wp-block-image aligncenter size-thumbnail is-resized\"><img decoding=\"async\" width=\"150\" height=\"150\" src=\"https:\/\/obera.fr\/wp-content\/uploads\/2022\/02\/Travail-du-bois-150x150.png\" alt=\"carpinter\u00eda\" class=\"wp-image-8856\"\/><figcaption class=\"wp-element-caption\">Carpinter\u00eda<\/figcaption><\/figure>\n\n\n\n<figure class=\"wp-block-image aligncenter size-thumbnail is-resized\"><img decoding=\"async\" width=\"150\" height=\"150\" src=\"https:\/\/obera.fr\/wp-content\/uploads\/2023\/02\/sans-titre-2023-02-14t101920.185-150x150.png\" alt=\"Aviaci\u00f3n\" class=\"wp-image-18831\"\/><figcaption class=\"wp-element-caption\">Aviaci\u00f3n<\/figcaption><\/figure>\n<\/div>\n\n\n\n<div class=\"wp-block-column is-layout-flow wp-block-column-is-layout-flow\">\n<figure class=\"wp-block-image aligncenter size-thumbnail is-resized\"><img decoding=\"async\" width=\"150\" height=\"150\" src=\"https:\/\/obera.fr\/wp-content\/uploads\/2022\/02\/AGROALIMENTAIRE-150x150.png\" alt=\"agroalimentario\" class=\"wp-image-8844\"\/><figcaption class=\"wp-element-caption\">Industria alimentaria<\/figcaption><\/figure>\n\n\n\n<figure class=\"wp-block-image aligncenter size-thumbnail is-resized\"><img decoding=\"async\" width=\"150\" height=\"150\" src=\"https:\/\/obera.fr\/wp-content\/uploads\/2022\/02\/Papier-carton-150x150.png\" alt=\"papel y cart\u00f3n\" class=\"wp-image-8853\"\/><figcaption class=\"wp-element-caption\">Papel\/Cart\u00f3n<\/figcaption><\/figure>\n\n\n\n<figure class=\"wp-block-image aligncenter size-thumbnail is-resized\"><img decoding=\"async\" width=\"150\" height=\"150\" src=\"https:\/\/obera.fr\/wp-content\/uploads\/2023\/02\/sans-titre-2023-02-14t101712.416-150x150.png\" alt=\"Autom\u00f3vil\" class=\"wp-image-18834\"\/><figcaption class=\"wp-element-caption\">Autom\u00f3vil<\/figcaption><\/figure>\n<\/div>\n<\/div>\n<\/div>\n<\/div>\n\n\n\n<figure class=\"wp-block-table\"><table class=\"has-fixed-layout\"><tbody><tr><td>Tensi\u00f3n<\/td><td>V-HZ<\/td><td>230<\/td><td>230-50<\/td><\/tr><tr><td>Potencia<\/td><td>kW<\/td><td>3&#215;1.1<\/td><td>3&#215;1.3<\/td><\/tr><tr><td>Depresi\u00f3n m\u00e1xima<\/td><td>Pa<\/td><td>2.400 Pa<\/td><td>3.600 Pa<\/td><\/tr><tr><td>Caudal m\u00e1ximo de aire<\/td><td>m3\/h<\/td><td>540<\/td><td>450<\/td><\/tr><tr><td>Di\u00e1metro de la boquilla<\/td><td>mm<\/td><td>80<\/td><td>80<\/td><\/tr><tr><td>Tipo de filtro<\/td><td><\/td><td>Con bolsillos de estrella<\/td><td>Con bolsillos de estrella<\/td><\/tr><tr><td>Superficie<\/td><td>cm2<\/td><td>20.000<\/td><td>20.000<\/td><\/tr><tr><td>Sistema de limpieza<\/td><td><\/td><td>Manuel<\/td><td>Manuel<\/td><\/tr><tr><td>Cubo de recogida<\/td><td><\/td><td>Acero<\/td><td>Acero<\/td><\/tr><tr><td>Sistema de drenaje<\/td><td><\/td><td>Cubo extra\u00edble<\/td><td>Cubo extra\u00edble<\/td><\/tr><tr><td>Capacidad<\/td><td>litro<\/td><td>65\/100<\/td><td>65\/100<\/td><\/tr><tr><td>Dimensiones<\/td><td>cm<\/td><td>58x60x135cm<\/td><td>58x60x145cm<\/td><\/tr><tr><td>Equipo de filtrado &#8211; clase<\/td><td><\/td><td><\/td><td>Poli\u00e9ster-L<\/td><\/tr><\/tbody><\/table><\/figure>\n\n\n\n<div class=\"wp-block-buttons is-content-justification-center is-layout-flex wp-container-core-buttons-is-layout-a89b3969 wp-block-buttons-is-layout-flex\">\n<div class=\"wp-block-button\"><a class=\"wp-block-button__link wp-element-button\" href=\"https:\/\/obera.fr\/wp-content\/uploads\/2024\/04\/obera_brochure-w3-fr.pdf\">DESCARGAR FICHA T\u00c9CNICA DEL PRODUCTO<\/a><\/div>\n<\/div>\n\n\n\n<h2 class=\"wp-block-heading\">Ventajas de la aspiradora W3<\/h2>\n\n\n\n<p>La serie W3 es especialmente popular por su facilidad de uso. Todo est\u00e1 dise\u00f1ado para simplificar al m\u00e1ximo el servicio de limpieza general del operario. Incorpora un vacu\u00f3metro con indicador luminoso para detectar cualquier saturaci\u00f3n del filtro. Hay dos asas en el cabezal del motor para levantarlo f\u00e1cilmente al cambiar el filtro. La aspiradora monof\u00e1sica tambi\u00e9n dispone de un sistema de desatasco manual que se activa con s\u00f3lo pulsar un interruptor, para que los t\u00e9cnicos de superficies puedan disfrutar del m\u00e1ximo rendimiento de aspiraci\u00f3n.<\/p>\n\n\n\n<div class=\"wp-block-columns is-layout-flex wp-container-core-columns-is-layout-28f84493 wp-block-columns-is-layout-flex\">\n<div class=\"wp-block-column is-layout-flow wp-block-column-is-layout-flow\" style=\"flex-basis:33.34%\">\n<h3 class=\"wp-block-heading\">Ventajas :<\/h3>\n\n\n\n<ul class=\"wp-block-list\">\n<li>Vacu\u00f3metro con indicador luminoso para anticipar la saturaci\u00f3n del filtro;<\/li>\n\n\n\n<li>Descarga de aire hacia abajo ;<\/li>\n\n\n\n<li>Compacta, m\u00f3vil y f\u00e1cil de manejar;<\/li>\n\n\n\n<li>Vers\u00e1til y silencioso.<\/li>\n<\/ul>\n<\/div>\n\n\n\n<div class=\"wp-block-column is-layout-flow wp-block-column-is-layout-flow\" style=\"flex-basis:33.34%\">\n<h3 class=\"wp-block-heading\">Caracter\u00edsticas especiales:<\/h3>\n\n\n\n<ul class=\"wp-block-list\">\n<li>Tres motores shunt monof\u00e1sicos con interruptores independientes;<\/li>\n\n\n\n<li>Filtro de estrella de poli\u00e9ster ;<\/li>\n\n\n\n<li>Amplia gama de filtros disponibles.<\/li>\n<\/ul>\n<\/div>\n\n\n\n<div class=\"wp-block-column is-layout-flow wp-block-column-is-layout-flow\" style=\"flex-basis:33.33%\">\n<h3 class=\"wp-block-heading\">Caracter\u00edsticas :<\/h3>\n\n\n\n<ul class=\"wp-block-list\">\n<li>Disponible en versiones de 65 o 100 litros;<\/li>\n\n\n\n<li>Disponible versi\u00f3n de 3 etapas;<\/li>\n\n\n\n<li>Protecci\u00f3n de la unidad de aspiraci\u00f3n con su filtro de estrella (poli\u00e9ster).<\/li>\n<\/ul>\n<\/div>\n<\/div>\n\n\n\n<h2 class=\"wp-block-heading\">Prueba la aspiradora industrial monof\u00e1sica para limpieza general<\/h2>\n\n\n\n<p>Te ofrecemos una prueba a escala real en tus talleres con opci\u00f3n de compra en un plazo medio de 1 mes.<\/p>\n\n\n\n<div class=\"wp-block-buttons is-content-justification-center is-layout-flex wp-container-core-buttons-is-layout-a89b3969 wp-block-buttons-is-layout-flex\">\n<div class=\"wp-block-button\"><a class=\"wp-block-button__link wp-element-button\" href=\"https:\/\/obera.fr\/es\/contact\/\">PRUEBA LA ASPIRADORA W2<\/a><\/div>\n<\/div>\n\n\n\n<h2 class=\"wp-block-heading\">Otras aspiradoras industriales de la gama<\/h2>\n\n\n\n<div class=\"wp-block-columns is-layout-flex wp-container-core-columns-is-layout-28f84493 wp-block-columns-is-layout-flex\">\n<div class=\"wp-block-column is-layout-flow wp-block-column-is-layout-flow\">\n<figure class=\"wp-block-image aligncenter size-full is-resized\"><a href=\"https:\/\/obera.fr\/produits\/aspirateurs-industriels\/w2-xr-atex-22\/\"><img decoding=\"async\" width=\"566\" height=\"671\" src=\"https:\/\/obera.fr\/wp-content\/uploads\/2024\/10\/w2-xr-2.png\" alt=\"Aspiradoras industriales\" class=\"wp-image-35431\" style=\"object-fit:cover;width:300px;height:300px\" srcset=\"https:\/\/obera.fr\/wp-content\/uploads\/2024\/10\/w2-xr-2.png 566w, https:\/\/obera.fr\/wp-content\/uploads\/2024\/10\/w2-xr-2-253x300.png 253w\" sizes=\"(max-width: 566px) 100vw, 566px\" \/><\/a><figcaption class=\"wp-element-caption\">W2 XR<\/figcaption><\/figure>\n<\/div>\n\n\n\n<div class=\"wp-block-column is-layout-flow wp-block-column-is-layout-flow\">\n<figure class=\"wp-block-image aligncenter size-full is-resized\"><a href=\"https:\/\/obera.fr\/produits\/aspirateurs-industriels\/w2-haute-filtration-polyvalence\/\"><img decoding=\"async\" width=\"711\" height=\"622\" src=\"https:\/\/obera.fr\/wp-content\/uploads\/2024\/10\/w2.png\" alt=\"Aspiradoras industriales\" class=\"wp-image-35424\" style=\"width:343px;height:auto\" srcset=\"https:\/\/obera.fr\/wp-content\/uploads\/2024\/10\/w2.png 711w, https:\/\/obera.fr\/wp-content\/uploads\/2024\/10\/w2-300x262.png 300w\" sizes=\"(max-width: 711px) 100vw, 711px\" \/><\/a><figcaption class=\"wp-element-caption\">W2<\/figcaption><\/figure>\n<\/div>\n\n\n\n<div class=\"wp-block-column is-layout-flow wp-block-column-is-layout-flow\">\n<figure class=\"wp-block-image aligncenter size-full is-resized\"><a href=\"https:\/\/obera.fr\/produits\/aspirateurs-industriels\/ventilateurs-aspiration-gamme-eurosog-rg-100-800\/\"><img decoding=\"async\" width=\"600\" height=\"600\" src=\"https:\/\/obera.fr\/wp-content\/uploads\/2024\/04\/obera-ventilateur-aspiration-rg-300-400.jpg\" alt=\"ventilador de aspiraci\u00f3n obera rg 300 400\" class=\"wp-image-29437\" style=\"object-fit:cover;width:300px;height:300px\" srcset=\"https:\/\/obera.fr\/wp-content\/uploads\/2024\/04\/obera-ventilateur-aspiration-rg-300-400.jpg 600w, https:\/\/obera.fr\/wp-content\/uploads\/2024\/04\/obera-ventilateur-aspiration-rg-300-400-300x300.jpg 300w, https:\/\/obera.fr\/wp-content\/uploads\/2024\/04\/obera-ventilateur-aspiration-rg-300-400-150x150.jpg 150w\" sizes=\"(max-width: 600px) 100vw, 600px\" \/><\/a><figcaption class=\"wp-element-caption\">RG 300\/400<\/figcaption><\/figure>\n<\/div>\n<\/div>\n","protected":false},"excerpt":{"rendered":"<p>La aspiradora industrial W3, una soluci\u00f3n de alto rendimiento y f\u00e1cil de usar, es un elemento esencial para la limpieza general que puede adaptarse a todas las necesidades. Principio y campo de aplicaci\u00f3n de la aspiradora industrial W3 Laaspiradora industrial W3 es famosa por su versatilidad y funcionamiento silencioso. Incorpora tres potentes motores by-pass que aspiran el aire y lo dividen en dos corrientes: una corriente se utiliza para refrigerar el motor, y la segunda para aspirar el polvo y los s\u00f3lidos. Este sistema de aspiraci\u00f3n no s\u00f3lo evita que el motor se atasque, sino que retiene las part\u00edculas finas &#8230; <\/p>\n<p class=\"read-more-container\"><a title=\"Aspirador industrial W3\" class=\"read-more button\" href=\"https:\/\/obera.fr\/es\/produits\/aspirateurs-industriels\/w3-pour-nettoyage-general\/#more-45270\" aria-label=\"Leer m\u00e1s sobre Aspirador industrial W3\">Lire la suite<\/a><\/p>\n","protected":false},"author":4,"featured_media":83751,"parent":48457,"menu_order":0,"comment_status":"closed","ping_status":"closed","template":"","meta":{"_acf_changed":false,"_seopress_robots_primary_cat":"","_seopress_titles_title":"Aspirador industrial W3 para la limpieza general OberA","_seopress_titles_desc":"Indispensable para la limpieza general, la serie W3 dispone de 3 motores monof\u00e1sicos para combinar rendimiento y comodidad de uso.","_seopress_robots_index":"","footnotes":""},"class_list":{"0":"post-45270","1":"page","2":"type-page","3":"status-publish","4":"has-post-thumbnail","6":"no-featured-image-padding","7":"resize-featured-image"},"acf":[],"_links":{"self":[{"href":"https:\/\/obera.fr\/es\/wp-json\/wp\/v2\/pages\/45270","targetHints":{"allow":["GET"]}}],"collection":[{"href":"https:\/\/obera.fr\/es\/wp-json\/wp\/v2\/pages"}],"about":[{"href":"https:\/\/obera.fr\/es\/wp-json\/wp\/v2\/types\/page"}],"author":[{"embeddable":true,"href":"https:\/\/obera.fr\/es\/wp-json\/wp\/v2\/users\/4"}],"replies":[{"embeddable":true,"href":"https:\/\/obera.fr\/es\/wp-json\/wp\/v2\/comments?post=45270"}],"version-history":[{"count":11,"href":"https:\/\/obera.fr\/es\/wp-json\/wp\/v2\/pages\/45270\/revisions"}],"predecessor-version":[{"id":140667,"href":"https:\/\/obera.fr\/es\/wp-json\/wp\/v2\/pages\/45270\/revisions\/140667"}],"up":[{"embeddable":true,"href":"https:\/\/obera.fr\/es\/wp-json\/wp\/v2\/pages\/48457"}],"wp:featuredmedia":[{"embeddable":true,"href":"https:\/\/obera.fr\/es\/wp-json\/wp\/v2\/media\/83751"}],"wp:attachment":[{"href":"https:\/\/obera.fr\/es\/wp-json\/wp\/v2\/media?parent=45270"}],"curies":[{"name":"wp","href":"https:\/\/api.w.org\/{rel}","templated":true}]}}