{"id":45280,"date":"2022-10-10T09:41:03","date_gmt":"2022-10-10T07:41:03","guid":{"rendered":"https:\/\/obera.fr\/nuestros-productos\/purificadores-de-aire-industriales\/purificador-de-aire-refrescante-epur150-fresh\/"},"modified":"2026-02-05T18:16:28","modified_gmt":"2026-02-05T16:16:28","slug":"purificateur-rafraichisseur-epur150-fresh","status":"publish","type":"page","link":"https:\/\/obera.fr\/es\/produits\/purificateurs-air\/purificateur-rafraichisseur-epur150-fresh\/","title":{"rendered":"Purificador de aire refrescante ePUR150 FRESH"},"content":{"rendered":"\n<h2 class=\"wp-block-heading\">Purificar y refrescar<\/h2>\n\n<p>El purificador de aire industrial refrescante <strong>ePUR150 FRESH<\/strong> es ideal para purificar y enfriar todo tipo de zonas de trabajo, naves industriales, puntos calientes, etc. de manera totalmente natural con un bajo consumo energ\u00e9tico.<\/p>\n\n<h2 class=\"wp-block-heading\">\u00bfC\u00f3mo funciona?<\/h2>\n\n<div class=\"wp-block-columns is-layout-flex wp-container-core-columns-is-layout-28f84493 wp-block-columns-is-layout-flex\">\n<div class=\"wp-block-column is-vertically-aligned-top is-layout-flow wp-block-column-is-layout-flow\" style=\"flex-basis:33.33%\">\n<figure class=\"wp-block-image aligncenter size-full is-resized\"><img decoding=\"async\" width=\"700\" height=\"700\" src=\"https:\/\/obera.fr\/wp-content\/uploads\/2023\/04\/epur150-fresh-3.png\" alt=\"epur150 fresh 3\" class=\"wp-image-22417\" style=\"width:350px\" srcset=\"https:\/\/obera.fr\/wp-content\/uploads\/2023\/04\/epur150-fresh-3.png 700w, https:\/\/obera.fr\/wp-content\/uploads\/2023\/04\/epur150-fresh-3-300x300.png 300w, https:\/\/obera.fr\/wp-content\/uploads\/2023\/04\/epur150-fresh-3-150x150.png 150w\" sizes=\"(max-width: 700px) 100vw, 700px\" \/><\/figure>\n\n\n\n<div class=\"wp-block-columns is-layout-flex wp-container-core-columns-is-layout-28f84493 wp-block-columns-is-layout-flex\">\n<div class=\"wp-block-column is-layout-flow wp-block-column-is-layout-flow\">\n<figure class=\"wp-block-image alignright size-thumbnail is-resized\"><img decoding=\"async\" width=\"150\" height=\"150\" src=\"https:\/\/obera.fr\/wp-content\/uploads\/2023\/10\/design-sans-titre-36-150x150.png\" alt=\"design sans titre 36\" class=\"wp-image-24781\" style=\"object-fit:cover;width:80px;height:80px\" srcset=\"https:\/\/obera.fr\/wp-content\/uploads\/2023\/10\/design-sans-titre-36-150x150.png 150w, https:\/\/obera.fr\/wp-content\/uploads\/2023\/10\/design-sans-titre-36.png 300w\" sizes=\"(max-width: 150px) 100vw, 150px\" \/><\/figure>\n<\/div>\n\n\n\n<div class=\"wp-block-column is-layout-flow wp-block-column-is-layout-flow\">\n<figure class=\"wp-block-image alignleft size-full is-resized\"><img decoding=\"async\" width=\"300\" height=\"300\" src=\"https:\/\/obera.fr\/wp-content\/uploads\/2023\/10\/design-sans-titre-37.png\" alt=\"design sans titre 37\" class=\"wp-image-24784\" style=\"object-fit:cover;width:80px;height:80px\" srcset=\"https:\/\/obera.fr\/wp-content\/uploads\/2023\/10\/design-sans-titre-37.png 300w, https:\/\/obera.fr\/wp-content\/uploads\/2023\/10\/design-sans-titre-37-150x150.png 150w\" sizes=\"(max-width: 300px) 100vw, 300px\" \/><\/figure>\n<\/div>\n<\/div>\n<\/div>\n\n\n\n<div class=\"wp-block-column is-vertically-aligned-center is-layout-flow wp-block-column-is-layout-flow\" style=\"flex-basis:66.66%\">\n<p>Su principio de funcionamiento b\u00e1sico es la aspiraci\u00f3n del aire, haci\u00e9ndolo pasar a trav\u00e9s de <strong>varias etapas de filtraci\u00f3n (G4\/F8)<\/strong>. En caso de calor intenso, los paneles alveolares presentes pueden ser humidificados, <strong>refrescando<\/strong> as\u00ed el espacio de trabajo con aire purificado.<\/p>\n\n\n\n<p>El aire <strong>purificado y\/o refrescado<\/strong> es impulsado al interior de la habitaci\u00f3n, para alcanzar una calidad del aire y un confort t\u00e9rmico \u00f3ptimos.<\/p>\n\n\n\n<p>El purificador de aire industrial refrescante desarrolla un caudal de aire de <strong>15.000 m3\/h<\/strong>, con una presi\u00f3n disponible a un caudal m\u00e1ximo de <strong>100 Pa<\/strong>. Su capacidad es adecuada para locales de <strong>70 m\u00b2 a 400 m\u00b2<\/strong>.<\/p>\n\n\n\n<div class=\"wp-block-columns is-layout-flex wp-container-core-columns-is-layout-28f84493 wp-block-columns-is-layout-flex\">\n<div class=\"wp-block-column is-layout-flow wp-block-column-is-layout-flow\">\n<div class=\"wp-block-buttons is-horizontal is-content-justification-center is-layout-flex wp-container-core-buttons-is-layout-03627597 wp-block-buttons-is-layout-flex\">\n<div class=\"wp-block-button has-custom-width wp-block-button__width-100\"><a class=\"wp-block-button__link wp-element-button\" href=\"https:\/\/obera.fr\/es\/contacta-con-nosotros\/\">M\u00e1s informaci\u00f3n<\/a><\/div>\n<\/div>\n<\/div>\n\n\n\n<div class=\"wp-block-column is-layout-flow wp-block-column-is-layout-flow\">\n<div class=\"wp-block-buttons is-layout-flex wp-block-buttons-is-layout-flex\">\n<div class=\"wp-block-button\"><a class=\"wp-block-button__link wp-element-button\" href=\"https:\/\/obera.fr\/wp-content\/uploads\/2025\/05\/catalogue-obera-2025-epur150.pdf\">descargar el folleto<\/a><\/div>\n<\/div>\n<\/div>\n\n\n\n<div class=\"wp-block-column is-layout-flow wp-block-column-is-layout-flow\">\n<div class=\"wp-block-buttons is-content-justification-center is-layout-flex wp-container-core-buttons-is-layout-a89b3969 wp-block-buttons-is-layout-flex\">\n<div class=\"wp-block-button btn-devis-source\"><a class=\"wp-block-button__link wp-element-button\" href=\"https:\/\/obera.fr\/es\/devis\/\">Pide un presupuesto<\/a><\/div>\n<\/div>\n\n\n<script>\r\ndocument.addEventListener('DOMContentLoaded', function() {\r\n    \/\/ 1. On cherche le titre H1 de la page\r\n    var h1 = document.querySelector('h1');\r\n    var productTitle = h1 ? h1.innerText.trim() : \"\";\r\n\r\n    \/\/ 2. On cherche les boutons via la classe CSS .btn-devis-source\r\n    var buttons = document.querySelectorAll('.btn-devis-source a');\r\n\r\n    \/\/ 3. Si on a le titre et les boutons, on ajoute le param\u00e8tre\r\n    if (buttons.length > 0 && productTitle !== \"\") {\r\n        var encodedTitle = encodeURIComponent(productTitle);\r\n\r\n        buttons.forEach(function(btn) {\r\n            var currentHref = btn.getAttribute('href');\r\n            \r\n            \/\/ S\u00e9curit\u00e9 pour ne pas ajouter le param\u00e8tre 2 fois\r\n            if (currentHref.indexOf('sujet=') === -1) {\r\n                var separator = currentHref.indexOf('?') !== -1 ? '&' : '?';\r\n                var newLink = currentHref + separator + 'sujet=' + encodedTitle;\r\n                \r\n                btn.setAttribute('href', newLink);\r\n            }\r\n        });\r\n    }\r\n});\r\n<\/script><\/div>\n<\/div>\n<\/div>\n<\/div>\n\n<div style=\"height:20px\" aria-hidden=\"true\" class=\"wp-block-spacer\"><\/div>\n\n<h3 class=\"wp-block-heading\">\u00bfCu\u00e1les son sus ventajas?<\/h3>\n\n<p>El purificador <strong>ePUR150 FRESH<\/strong> ofrece numerosas ventajas, entre ellas la mejora de la calidad del aire. Tiene como objetivo principal la protecci\u00f3n de los empleados contra las part\u00edculas finas y el polvo grueso, para evitar el desarrollo de enfermedades pulmonares o card\u00edacas.<\/p>\n\n<p>Adem\u00e1s de mejorar la calidad del aire, el <strong>ePUR150 FRESH<\/strong> puede convertirse en refrescador ante las altas temperaturas. Gracias al flujo de agua sobre los paneles alveolares, el aire purificado puede ser refrescado, y as\u00ed enfriar el aire en los espacios de trabajo.<\/p>\n\n<p>Tambi\u00e9n debe tenerse en cuenta un ahorro energ\u00e9tico. El flujo de aire generado por el aparato acondiciona el espacio de trabajo llevando el aire caliente de arriba hacia abajo.<\/p>\n\n<h3 class=\"wp-block-heading\">ePUR150 FRESH en algunos puntos <\/h3>\n\n<div class=\"wp-block-columns is-layout-flex wp-container-core-columns-is-layout-28f84493 wp-block-columns-is-layout-flex\">\n<div class=\"wp-block-column is-layout-flow wp-block-column-is-layout-flow\">\n<ul class=\"wp-block-list\">\n<li>Purificador convertible como refrescador<\/li>\n\n\n\n<li>Apertura r\u00e1pida de los paneles con cierres de media vuelta<\/li>\n\n\n\n<li>Refrescador: no requiere ning\u00fan seguimiento con su alimentaci\u00f3n de agua autom\u00e1tica<\/li>\n\n\n\n<li>Potente y poco ruidoso<\/li>\n\n\n\n<li>Consumo energ\u00e9tico muy bajo<\/li>\n<\/ul>\n<\/div>\n\n\n\n<div class=\"wp-block-column is-layout-flow wp-block-column-is-layout-flow\">\n<ul class=\"wp-block-list\">\n<li>Personalizaci\u00f3n de los filtros (G4 \/ F8)<\/li>\n\n\n\n<li>Plug &amp; Play: conexi\u00f3n simple y r\u00e1pida<\/li>\n\n\n\n<li>Sin montaje ni conductos de extracci\u00f3n<\/li>\n\n\n\n<li>M\u00f3vil y estable gracias a las ruedas de nylon con frenos<\/li>\n\n\n\n<li>Sistema de vaciado manual<\/li>\n\n\n\n<li>Limpieza f\u00e1cil<\/li>\n<\/ul>\n<\/div>\n<\/div>\n\n<h2 class=\"wp-block-heading\">Composici\u00f3n del purificador ePUR150 FRESH<\/h2>\n\n<div class=\"wp-block-columns is-layout-flex wp-container-core-columns-is-layout-28f84493 wp-block-columns-is-layout-flex\">\n<div class=\"wp-block-column is-layout-flow wp-block-column-is-layout-flow\">\n<ul class=\"wp-block-list\">\n<li>Dep\u00f3sito de agua y techo de polipropileno grueso con protecci\u00f3n UV.<\/li>\n\n\n\n<li>Postes de esquina de acero inoxidable AISI-304.<\/li>\n\n\n\n<li>Paneles refrigerantes tipo 5090, espesor 100 mm.<\/li>\n\n\n\n<li>Rejillas de aspiraci\u00f3n pintadas al horno (pintura poli\u00e9ster gris RAL 7035).<\/li>\n\n\n\n<li>Grupo de ventiladores centr\u00edfugos de acero galvanizado.<\/li>\n\n\n\n<li>Cubierta de protecci\u00f3n de los rodamientos para evitar la oxidaci\u00f3n.<\/li>\n<\/ul>\n\n\n\n<p><\/p>\n<\/div>\n\n\n\n<div class=\"wp-block-column is-layout-flow wp-block-column-is-layout-flow\">\n<ul class=\"wp-block-list\">\n<li>Ruedas de nylon con frenos para facilitar el transporte y la instalaci\u00f3n.<\/li>\n\n\n\n<li>Sistema de vaciado manual con v\u00e1lvula anticorrosiva.<\/li>\n\n\n\n<li>Manguera de 10 m con toma r\u00e1pida.<\/li>\n\n\n\n<li>Cuadro el\u00e9ctrico de 1 velocidad o velocidad variable.<\/li>\n\n\n\n<li>Instalaci\u00f3n hidr\u00e1ulica y el\u00e9ctrica conectada en f\u00e1brica.<\/li>\n\n\n\n<li>Posibilidad de suministro de paneles en acero inoxidable.<\/li>\n<\/ul>\n<\/div>\n<\/div>\n\n<div class=\"wp-block-buttons is-content-justification-center is-layout-flex wp-container-core-buttons-is-layout-a89b3969 wp-block-buttons-is-layout-flex\">\n<div class=\"wp-block-button\"><a class=\"wp-block-button__link wp-element-button\" href=\"https:\/\/obera.fr\/wp-content\/uploads\/2025\/05\/catalogue-obera-2025-epur150.pdf\">Descargar el folleto<\/a><\/div>\n<\/div>\n\n<h3 class=\"wp-block-heading\"><strong>Detalles constructivos<\/strong><\/h3>\n\n<div class=\"wp-block-columns is-layout-flex wp-container-core-columns-is-layout-28f84493 wp-block-columns-is-layout-flex\">\n<div class=\"wp-block-column is-layout-flow wp-block-column-is-layout-flow\">\n<figure class=\"wp-block-image aligncenter size-full is-resized\"><img decoding=\"async\" width=\"600\" height=\"600\" src=\"https:\/\/obera.fr\/wp-content\/uploads\/2022\/10\/Panneau-alevolaire.jpg\" alt=\"panneau al&#xE9;volaire\" class=\"wp-image-14984\" style=\"width:150px;height:150px\" srcset=\"https:\/\/obera.fr\/wp-content\/uploads\/2022\/10\/Panneau-alevolaire.jpg 600w, https:\/\/obera.fr\/wp-content\/uploads\/2022\/10\/Panneau-alevolaire-300x300.jpg 300w, https:\/\/obera.fr\/wp-content\/uploads\/2022\/10\/Panneau-alevolaire-150x150.jpg 150w\" sizes=\"(max-width: 600px) 100vw, 600px\" \/><figcaption class=\"wp-element-caption\">Panel alveolar<\/figcaption><\/figure>\n<\/div>\n\n\n\n<div class=\"wp-block-column is-layout-flow wp-block-column-is-layout-flow\">\n<figure class=\"wp-block-image aligncenter size-full is-resized\"><img decoding=\"async\" width=\"600\" height=\"600\" src=\"https:\/\/obera.fr\/wp-content\/uploads\/2022\/10\/Diffuseur-dair-1.jpg\" alt=\"diffuseur d'air\" class=\"wp-image-14981\" style=\"width:150px;height:150px\" srcset=\"https:\/\/obera.fr\/wp-content\/uploads\/2022\/10\/Diffuseur-dair-1.jpg 600w, https:\/\/obera.fr\/wp-content\/uploads\/2022\/10\/Diffuseur-dair-1-300x300.jpg 300w, https:\/\/obera.fr\/wp-content\/uploads\/2022\/10\/Diffuseur-dair-1-150x150.jpg 150w\" sizes=\"(max-width: 600px) 100vw, 600px\" \/><figcaption class=\"wp-element-caption\">Difusor de aire<\/figcaption><\/figure>\n<\/div>\n\n\n\n<div class=\"wp-block-column is-layout-flow wp-block-column-is-layout-flow\">\n<figure class=\"wp-block-image aligncenter size-full is-resized\"><img decoding=\"async\" width=\"600\" height=\"600\" src=\"https:\/\/obera.fr\/wp-content\/uploads\/2022\/10\/Tuyau-10m-avec-raccord.jpg\" alt=\"tuyau 10m avec raccord\" class=\"wp-image-14978\" style=\"width:150px;height:150px\" srcset=\"https:\/\/obera.fr\/wp-content\/uploads\/2022\/10\/Tuyau-10m-avec-raccord.jpg 600w, https:\/\/obera.fr\/wp-content\/uploads\/2022\/10\/Tuyau-10m-avec-raccord-300x300.jpg 300w, https:\/\/obera.fr\/wp-content\/uploads\/2022\/10\/Tuyau-10m-avec-raccord-150x150.jpg 150w\" sizes=\"(max-width: 600px) 100vw, 600px\" \/><figcaption class=\"wp-element-caption\">Manguera de 10 m con racor<\/figcaption><\/figure>\n<\/div>\n\n\n\n<div class=\"wp-block-column is-layout-flow wp-block-column-is-layout-flow\">\n<figure class=\"wp-block-image aligncenter size-full is-resized\"><img decoding=\"async\" width=\"600\" height=\"600\" src=\"https:\/\/obera.fr\/wp-content\/uploads\/2022\/10\/Pompe-a-eau.jpg\" alt=\"pompe &#xE0; eau\" class=\"wp-image-14975\" style=\"width:150px;height:150px\" srcset=\"https:\/\/obera.fr\/wp-content\/uploads\/2022\/10\/Pompe-a-eau.jpg 600w, https:\/\/obera.fr\/wp-content\/uploads\/2022\/10\/Pompe-a-eau-300x300.jpg 300w, https:\/\/obera.fr\/wp-content\/uploads\/2022\/10\/Pompe-a-eau-150x150.jpg 150w\" sizes=\"(max-width: 600px) 100vw, 600px\" \/><figcaption class=\"wp-element-caption\">Bomba de agua<\/figcaption><\/figure>\n<\/div>\n\n\n\n<div class=\"wp-block-column is-vertically-aligned-bottom is-layout-flow wp-block-column-is-layout-flow\">\n<figure class=\"wp-block-image aligncenter size-medium is-resized\"><img decoding=\"async\" width=\"300\" height=\"257\" src=\"https:\/\/obera.fr\/wp-content\/uploads\/2023\/01\/prefiltre-g4-3-300x257.png\" alt=\"prefiltre g4 3\" class=\"wp-image-18378\" style=\"width:150px;height:129px\" srcset=\"https:\/\/obera.fr\/wp-content\/uploads\/2023\/01\/prefiltre-g4-3-300x257.png 300w, https:\/\/obera.fr\/wp-content\/uploads\/2023\/01\/prefiltre-g4-3.png 350w\" sizes=\"(max-width: 300px) 100vw, 300px\" \/><figcaption class=\"wp-element-caption\">Prefiltro G4 y filtro principal hasta F8<\/figcaption><\/figure>\n<\/div>\n<\/div>\n\n<h2 class=\"wp-block-heading\">Descubrir los purificadores de aire industriales<\/h2>\n\n<div class=\"wp-block-columns is-layout-flex wp-container-core-columns-is-layout-28f84493 wp-block-columns-is-layout-flex\">\n<div class=\"wp-block-column is-layout-flow wp-block-column-is-layout-flow\">\n<figure class=\"wp-block-image aligncenter size-medium is-resized\"><a href=\"https:\/\/obera.fr\/es\/produits\/purificateurs-air\/industriel-epur\/\"><img decoding=\"async\" width=\"300\" height=\"300\" src=\"https:\/\/obera.fr\/wp-content\/uploads\/2026\/01\/image-gamme-epur-300x300.png\" alt=\"image gamme epur\" class=\"wp-image-138868\" style=\"width:225px;height:225px\" srcset=\"https:\/\/obera.fr\/wp-content\/uploads\/2026\/01\/image-gamme-epur-300x300.png 300w, https:\/\/obera.fr\/wp-content\/uploads\/2026\/01\/image-gamme-epur-1024x1024.png 1024w, https:\/\/obera.fr\/wp-content\/uploads\/2026\/01\/image-gamme-epur-150x150.png 150w, https:\/\/obera.fr\/wp-content\/uploads\/2026\/01\/image-gamme-epur-768x768.png 768w, https:\/\/obera.fr\/wp-content\/uploads\/2026\/01\/image-gamme-epur.png 1200w\" sizes=\"(max-width: 300px) 100vw, 300px\" \/><\/a><figcaption class=\"wp-element-caption\">Gama ePUR oberA<\/figcaption><\/figure>\n<\/div>\n\n\n\n<div class=\"wp-block-column is-layout-flow wp-block-column-is-layout-flow\">\n<figure class=\"wp-block-image aligncenter size-medium is-resized\"><a href=\"https:\/\/obera.fr\/es\/produits\/purificateurs-air\/epur-b01-purificador-de-aire-ecoprime-para-polvo\/\"><img decoding=\"async\" width=\"300\" height=\"300\" src=\"https:\/\/obera.fr\/wp-content\/uploads\/2023\/02\/ecoprime-300x300.png\" alt=\"ecoprime\" class=\"wp-image-19002\" style=\"width:225px;height:225px\" srcset=\"https:\/\/obera.fr\/wp-content\/uploads\/2023\/02\/ecoprime-300x300.png 300w, https:\/\/obera.fr\/wp-content\/uploads\/2023\/02\/ecoprime-150x150.png 150w, https:\/\/obera.fr\/wp-content\/uploads\/2023\/02\/ecoprime.png 500w\" sizes=\"(max-width: 300px) 100vw, 300px\" \/><\/a><figcaption class=\"wp-element-caption\">ePUR B01 ecoPRIME<\/figcaption><\/figure>\n<\/div>\n\n\n\n<div class=\"wp-block-column is-layout-flow wp-block-column-is-layout-flow\">\n<figure class=\"wp-block-image aligncenter size-full is-resized\"><a href=\"https:\/\/obera.fr\/es\/produits\/purificateurs-air\/filtower\/\"><img decoding=\"async\" width=\"184\" height=\"300\" src=\"https:\/\/obera.fr\/wp-content\/uploads\/2026\/01\/image-filtower.png\" alt=\"image filtower\" class=\"wp-image-138903\" style=\"object-fit:contain;width:225px;height:225px\"\/><\/a><figcaption class=\"wp-element-caption\">Filtower<\/figcaption><\/figure>\n<\/div>\n\n\n\n<div class=\"wp-block-column is-layout-flow wp-block-column-is-layout-flow\">\n<figure class=\"wp-block-image aligncenter size-medium is-resized\"><a href=\"https:\/\/obera.fr\/es\/produits\/purificateurs-air\/professionnel-epur-ca\/\"><img decoding=\"async\" width=\"300\" height=\"300\" src=\"https:\/\/obera.fr\/wp-content\/uploads\/2026\/01\/image-epur-ca-300x300.png\" alt=\"image epur ca\" class=\"wp-image-138874\" style=\"width:225px;height:225px\" srcset=\"https:\/\/obera.fr\/wp-content\/uploads\/2026\/01\/image-epur-ca-300x300.png 300w, https:\/\/obera.fr\/wp-content\/uploads\/2026\/01\/image-epur-ca-1024x1024.png 1024w, https:\/\/obera.fr\/wp-content\/uploads\/2026\/01\/image-epur-ca-150x150.png 150w, https:\/\/obera.fr\/wp-content\/uploads\/2026\/01\/image-epur-ca-768x768.png 768w, https:\/\/obera.fr\/wp-content\/uploads\/2026\/01\/image-epur-ca.png 1200w\" sizes=\"(max-width: 300px) 100vw, 300px\" \/><\/a><figcaption class=\"wp-element-caption\">ePUR CA<\/figcaption><\/figure>\n<\/div>\n<\/div>\n","protected":false},"excerpt":{"rendered":"<p>Purificar y refrescar El purificador de aire industrial refrescante ePUR150 FRESH es ideal para purificar y enfriar todo tipo de zonas de trabajo, naves industriales, puntos calientes, etc. de manera totalmente natural con un bajo consumo energ\u00e9tico. \u00bfC\u00f3mo funciona? Su principio de funcionamiento b\u00e1sico es la aspiraci\u00f3n del aire, haci\u00e9ndolo pasar a trav\u00e9s de varias etapas de filtraci\u00f3n (G4\/F8). En caso de calor intenso, los paneles alveolares presentes pueden ser humidificados, refrescando as\u00ed el espacio de trabajo con aire purificado. El aire purificado y\/o refrescado es impulsado al interior de la habitaci\u00f3n, para alcanzar una calidad del aire y un &#8230; <\/p>\n<p class=\"read-more-container\"><a title=\"Purificador de aire refrescante ePUR150 FRESH\" class=\"read-more button\" href=\"https:\/\/obera.fr\/es\/produits\/purificateurs-air\/purificateur-rafraichisseur-epur150-fresh\/#more-45280\" aria-label=\"Leer m\u00e1s sobre Purificador de aire refrescante ePUR150 FRESH\">Lire la suite<\/a><\/p>\n","protected":false},"author":4,"featured_media":83751,"parent":37693,"menu_order":0,"comment_status":"closed","ping_status":"closed","template":"","meta":{"_acf_changed":false,"_seopress_robots_primary_cat":"","_seopress_titles_title":"Purificador de aire refrescante ePUR150 FRESH","_seopress_titles_desc":"Descubra nuestro aparato \u00fanico de purificaci\u00f3n de aire que tambi\u00e9n ofrece la posibilidad de refrescar su puesto de trabajo.","_seopress_robots_index":"s\u00ed","footnotes":""},"class_list":{"0":"post-45280","1":"page","2":"type-page","3":"status-publish","4":"has-post-thumbnail","6":"no-featured-image-padding","7":"resize-featured-image"},"acf":[],"_links":{"self":[{"href":"https:\/\/obera.fr\/es\/wp-json\/wp\/v2\/pages\/45280","targetHints":{"allow":["GET"]}}],"collection":[{"href":"https:\/\/obera.fr\/es\/wp-json\/wp\/v2\/pages"}],"about":[{"href":"https:\/\/obera.fr\/es\/wp-json\/wp\/v2\/types\/page"}],"author":[{"embeddable":true,"href":"https:\/\/obera.fr\/es\/wp-json\/wp\/v2\/users\/4"}],"replies":[{"embeddable":true,"href":"https:\/\/obera.fr\/es\/wp-json\/wp\/v2\/comments?post=45280"}],"version-history":[{"count":7,"href":"https:\/\/obera.fr\/es\/wp-json\/wp\/v2\/pages\/45280\/revisions"}],"predecessor-version":[{"id":140629,"href":"https:\/\/obera.fr\/es\/wp-json\/wp\/v2\/pages\/45280\/revisions\/140629"}],"up":[{"embeddable":true,"href":"https:\/\/obera.fr\/es\/wp-json\/wp\/v2\/pages\/37693"}],"wp:featuredmedia":[{"embeddable":true,"href":"https:\/\/obera.fr\/es\/wp-json\/wp\/v2\/media\/83751"}],"wp:attachment":[{"href":"https:\/\/obera.fr\/es\/wp-json\/wp\/v2\/media?parent=45280"}],"curies":[{"name":"wp","href":"https:\/\/api.w.org\/{rel}","templated":true}]}}