{"id":45325,"date":"2024-04-05T23:11:29","date_gmt":"2024-04-05T21:11:29","guid":{"rendered":"https:\/\/obera.fr\/extractores-la-gama-eurosog-rg-100-800\/"},"modified":"2026-02-05T18:17:19","modified_gmt":"2026-02-05T16:17:19","slug":"ventilateurs-aspiration-gamme-eurosog-rg-100-800","status":"publish","type":"page","link":"https:\/\/obera.fr\/es\/produits\/aspirateurs-industriels\/ventilateurs-aspiration-gamme-eurosog-rg-100-800\/","title":{"rendered":"Ventiladores de aspiraci\u00f3n: la gama EUROSOG RG 100-800"},"content":{"rendered":"\n<p>Nuestra gama de ventiladores compactos RG 100 a RG 800 garantiza un entorno m\u00e1s saludable al aspirar y propulsar el aire contaminado presente en sus espacios de trabajo.<\/p>\n\n<h2 class=\"wp-block-heading\">Serie RG: funcionamiento y utilizaci\u00f3n de los ventiladores de extracci\u00f3n<\/h2>\n\n<div class=\"wp-block-columns is-layout-flex wp-container-core-columns-is-layout-28f84493 wp-block-columns-is-layout-flex\">\n<div class=\"wp-block-column is-layout-flow wp-block-column-is-layout-flow\" style=\"flex-basis:33.33%\">\n<figure class=\"wp-block-image size-full\"><img decoding=\"async\" width=\"600\" height=\"600\" src=\"https:\/\/obera.fr\/wp-content\/uploads\/2024\/04\/obera-ventilateur-aspiration-rg-300-400.jpg\" alt=\"obera ventilador aspiraci&#xF3;n rg 300 400\" class=\"wp-image-29437\" srcset=\"https:\/\/obera.fr\/wp-content\/uploads\/2024\/04\/obera-ventilateur-aspiration-rg-300-400.jpg 600w, https:\/\/obera.fr\/wp-content\/uploads\/2024\/04\/obera-ventilateur-aspiration-rg-300-400-300x300.jpg 300w, https:\/\/obera.fr\/wp-content\/uploads\/2024\/04\/obera-ventilateur-aspiration-rg-300-400-150x150.jpg 150w\" sizes=\"(max-width: 600px) 100vw, 600px\" \/><\/figure>\n<\/div>\n\n\n\n<div class=\"wp-block-column is-layout-flow wp-block-column-is-layout-flow\" style=\"flex-basis:66.66%\">\n<p>Los ventiladores de la serie RG (100, 200, 300, 400, 500, 600, 700, 800) son soluciones de extracci\u00f3n de polvo, humos industriales y cualquier otro contaminante generado por sus unidades de producci\u00f3n. Permiten la circulaci\u00f3n de un aire saneado y la despresurizaci\u00f3n. Polivalente y compacto, el sistema aspira el aire creando una depresi\u00f3n en la entrada del ventilador (rotaci\u00f3n de la rueda de \u00e1labes) gracias a un motor el\u00e9ctrico presente en la carcasa. La carcasa canaliza y propulsa el aire aspirado hacia la salida (en el exterior) para evacuarlo del espacio de trabajo. La serie RG permite aspirar uno o varios puestos de trabajo\/m\u00e1quinas a la vez. <\/p>\n\n\n\n<p>\u00bfPara qu\u00e9 uso? Estos equipos son ideales para todo tipo de industrias, ya que pueden extraer polvo, gases, olores y humos. Pueden equiparse con filtros para capturar las part\u00edculas finas.<\/p>\n\n\n\n<div class=\"wp-block-columns is-layout-flex wp-container-core-columns-is-layout-28f84493 wp-block-columns-is-layout-flex\">\n<div class=\"wp-block-column is-layout-flow wp-block-column-is-layout-flow\" style=\"flex-basis:30%\">\n<div class=\"wp-block-buttons is-layout-flex wp-block-buttons-is-layout-flex\">\n<div class=\"wp-block-button\"><a class=\"wp-block-button__link wp-element-button\" href=\"https:\/\/obera.fr\/wp-content\/uploads\/2025\/06\/brochure-rg-100-800-fr.pdf\">DESCARGAR EL FOLLETO<\/a><\/div>\n<\/div>\n<\/div>\n\n\n\n<div class=\"wp-block-column is-layout-flow wp-block-column-is-layout-flow\" style=\"flex-basis:30%\">\n<div class=\"wp-block-buttons is-layout-flex wp-block-buttons-is-layout-flex\">\n<div class=\"wp-block-button\"><a class=\"wp-block-button__link wp-element-button\" href=\"https:\/\/obera.fr\/es\/contact\/\">\u00bfNECESITA UN CONSEJO PERSONALIZADO?<\/a><\/div>\n<\/div>\n<\/div>\n\n\n\n<div class=\"wp-block-column is-layout-flow wp-block-column-is-layout-flow\" style=\"flex-basis:30%\">\n<div class=\"wp-block-buttons is-content-justification-center is-layout-flex wp-container-core-buttons-is-layout-a89b3969 wp-block-buttons-is-layout-flex\">\n<div class=\"wp-block-button btn-devis-source\"><a class=\"wp-block-button__link wp-element-button\" href=\"https:\/\/obera.fr\/es\/devis\/\">Pide un presupuesto<\/a><\/div>\n<\/div>\n\n\n<script>\r\ndocument.addEventListener('DOMContentLoaded', function() {\r\n    \/\/ 1. On cherche le titre H1 de la page\r\n    var h1 = document.querySelector('h1');\r\n    var productTitle = h1 ? h1.innerText.trim() : \"\";\r\n\r\n    \/\/ 2. On cherche les boutons via la classe CSS .btn-devis-source\r\n    var buttons = document.querySelectorAll('.btn-devis-source a');\r\n\r\n    \/\/ 3. Si on a le titre et les boutons, on ajoute le param\u00e8tre\r\n    if (buttons.length > 0 && productTitle !== \"\") {\r\n        var encodedTitle = encodeURIComponent(productTitle);\r\n\r\n        buttons.forEach(function(btn) {\r\n            var currentHref = btn.getAttribute('href');\r\n            \r\n            \/\/ S\u00e9curit\u00e9 pour ne pas ajouter le param\u00e8tre 2 fois\r\n            if (currentHref.indexOf('sujet=') === -1) {\r\n                var separator = currentHref.indexOf('?') !== -1 ? '&' : '?';\r\n                var newLink = currentHref + separator + 'sujet=' + encodedTitle;\r\n                \r\n                btn.setAttribute('href', newLink);\r\n            }\r\n        });\r\n    }\r\n});\r\n<\/script><\/div>\n<\/div>\n<\/div>\n<\/div>\n\n<h2 class=\"wp-block-heading\">\u00bfCu\u00e1les son las caracter\u00edsticas t\u00e9cnicas de los ventiladores de aspiraci\u00f3n OberA?<\/h2>\n\n<p>La gama RG propone varias potencias de motor que van de 0,55 kW a 7,5 kW. Lo que permite encontrar el modelo de ventilador de extracci\u00f3n m\u00e1s adecuado a su superficie. <\/p>\n\n<p>Con el fin de resistir mejor los riesgos de corrosi\u00f3n y cualquier deterioro relacionado con el polvo, los ventiladores est\u00e1n fabricados con materiales robustos y existen en versi\u00f3n de acero inoxidable alimentario para las industrias agroalimentarias (opcional). Otra opci\u00f3n posible: una versi\u00f3n anti-chispas para las actividades que generan polvo inflamable.<\/p>\n\n<blockquote class=\"wp-block-quote is-layout-flow wp-block-quote-is-layout-flow\">\n<p>Informaci\u00f3n \u00fatil: nuestras soluciones de extracci\u00f3n pueden combinarse con nuestros sistemas de evacuaci\u00f3n de captaci\u00f3n. Seg\u00fan sus necesidades (tipo de contaminante, superficie, sector de actividad), le aconsejamos la mejor combinaci\u00f3n posible para garantizar una extracci\u00f3n y una renovaci\u00f3n del aire lo m\u00e1s \u00f3ptimas posible.<\/p>\n<\/blockquote>\n\n<p>En cuanto a las dimensiones, los ventiladores RG 100 a RG 800 requieren una escasa superficie: de L535 x A450 x H480 para su versi\u00f3n m\u00e1s compacta a L820 x A1.000 x H1.198 para el modelo m\u00e1s grande, siguen siendo equipos que requieren poco espacio. Para la comodidad de los trabajadores, tambi\u00e9n ofrecen un bajo nivel sonoro de 83 dB(A) a 84 dB(A).<\/p>\n\n<h3 class=\"wp-block-heading has-text-align-center\">INDUSTRIAS<\/h3>\n\n<div class=\"wp-block-columns is-layout-flex wp-container-core-columns-is-layout-28f84493 wp-block-columns-is-layout-flex\">\n<div class=\"wp-block-column is-layout-flow wp-block-column-is-layout-flow\">\n<hr class=\"wp-block-separator has-alpha-channel-opacity\"\/>\n\n\n\n<div class=\"wp-block-columns is-layout-flex wp-container-core-columns-is-layout-28f84493 wp-block-columns-is-layout-flex\">\n<div class=\"wp-block-column is-layout-flow wp-block-column-is-layout-flow\">\n<figure class=\"wp-block-image aligncenter size-thumbnail is-resized\"><img decoding=\"async\" width=\"150\" height=\"150\" src=\"https:\/\/obera.fr\/wp-content\/uploads\/2022\/02\/Textile-150x150.png\" alt=\"textil\" class=\"wp-image-8855\"\/><figcaption class=\"wp-element-caption\">Textiles<\/figcaption><\/figure>\n\n\n\n<figure class=\"wp-block-image aligncenter size-thumbnail is-resized\"><img decoding=\"async\" width=\"150\" height=\"150\" src=\"https:\/\/obera.fr\/wp-content\/uploads\/2022\/02\/Plastique-150x150.png\" alt=\"pl&#xE1;stico\" class=\"wp-image-8854\"\/><figcaption class=\"wp-element-caption\">Pl\u00e1stico<\/figcaption><\/figure>\n<\/div>\n\n\n\n<div class=\"wp-block-column is-layout-flow wp-block-column-is-layout-flow\">\n<figure class=\"wp-block-image aligncenter size-thumbnail is-resized\"><img decoding=\"async\" width=\"150\" height=\"150\" src=\"https:\/\/obera.fr\/wp-content\/uploads\/2022\/02\/MINERAIS-150x150.png\" alt=\"minerales\" class=\"wp-image-8847\"\/><figcaption class=\"wp-element-caption\">Minerales<\/figcaption><\/figure>\n\n\n\n<figure class=\"wp-block-image aligncenter size-thumbnail is-resized\"><img decoding=\"async\" width=\"150\" height=\"150\" src=\"https:\/\/obera.fr\/wp-content\/uploads\/2022\/02\/Metalurgie-150x150.png\" alt=\"metalurgia\" class=\"wp-image-8857\"\/><figcaption class=\"wp-element-caption\">Metalurgia<\/figcaption><\/figure>\n\n\n\n<figure class=\"wp-block-image aligncenter size-thumbnail is-resized\"><img decoding=\"async\" width=\"150\" height=\"150\" src=\"https:\/\/obera.fr\/wp-content\/uploads\/2023\/02\/sans-titre-2023-02-14t102211.641-150x150.png\" alt=\"Agricultura\" class=\"wp-image-18828\"\/><figcaption class=\"wp-element-caption\">Agricultura<\/figcaption><\/figure>\n<\/div>\n<\/div>\n<\/div>\n\n\n\n<div class=\"wp-block-column is-layout-flow wp-block-column-is-layout-flow\">\n<hr class=\"wp-block-separator has-alpha-channel-opacity\"\/>\n\n\n\n<div class=\"wp-block-columns is-layout-flex wp-container-core-columns-is-layout-28f84493 wp-block-columns-is-layout-flex\">\n<div class=\"wp-block-column is-layout-flow wp-block-column-is-layout-flow\">\n<figure class=\"wp-block-image aligncenter size-thumbnail is-resized\"><img decoding=\"async\" width=\"150\" height=\"150\" src=\"https:\/\/obera.fr\/wp-content\/uploads\/2022\/02\/Chimie-150x150.png\" alt=\"qu&#xED;mica\" class=\"wp-image-8846\"\/><figcaption class=\"wp-element-caption\">Qu\u00edmica<\/figcaption><\/figure>\n\n\n\n<figure class=\"wp-block-image aligncenter size-thumbnail is-resized\"><img decoding=\"async\" width=\"150\" height=\"150\" src=\"https:\/\/obera.fr\/wp-content\/uploads\/2022\/02\/Travail-du-bois-150x150.png\" alt=\"carpinter&#xED;a\" class=\"wp-image-8856\"\/><figcaption class=\"wp-element-caption\">Carpinter\u00eda<\/figcaption><\/figure>\n\n\n\n<figure class=\"wp-block-image aligncenter size-thumbnail is-resized\"><img decoding=\"async\" width=\"150\" height=\"150\" src=\"https:\/\/obera.fr\/wp-content\/uploads\/2023\/02\/sans-titre-2023-02-14t101920.185-150x150.png\" alt=\"Aviaci&#xF3;n\" class=\"wp-image-18831\"\/><figcaption class=\"wp-element-caption\">Aviaci\u00f3n<\/figcaption><\/figure>\n<\/div>\n\n\n\n<div class=\"wp-block-column is-layout-flow wp-block-column-is-layout-flow\">\n<figure class=\"wp-block-image aligncenter size-thumbnail is-resized\"><img decoding=\"async\" width=\"150\" height=\"150\" src=\"https:\/\/obera.fr\/wp-content\/uploads\/2022\/02\/AGROALIMENTAIRE-150x150.png\" alt=\"agroalimentario\" class=\"wp-image-8844\"\/><figcaption class=\"wp-element-caption\">Industria alimentaria<\/figcaption><\/figure>\n\n\n\n<figure class=\"wp-block-image aligncenter size-thumbnail is-resized\"><img decoding=\"async\" width=\"150\" height=\"150\" src=\"https:\/\/obera.fr\/wp-content\/uploads\/2022\/02\/Papier-carton-150x150.png\" alt=\"papel y cart&#xF3;n\" class=\"wp-image-8853\"\/><figcaption class=\"wp-element-caption\">Papel\/Cart\u00f3n<\/figcaption><\/figure>\n\n\n\n<figure class=\"wp-block-image aligncenter size-thumbnail is-resized\"><img decoding=\"async\" width=\"150\" height=\"150\" src=\"https:\/\/obera.fr\/wp-content\/uploads\/2023\/02\/sans-titre-2023-02-14t101712.416-150x150.png\" alt=\"Autom&#xF3;vil\" class=\"wp-image-18834\"\/><figcaption class=\"wp-element-caption\">Autom\u00f3vil<\/figcaption><\/figure>\n<\/div>\n<\/div>\n<\/div>\n<\/div>\n\n<figure class=\"wp-block-table\"><table class=\"has-fixed-layout\"><thead><tr><th><br\/>100<\/th><th>200<\/th><th>300<\/th><th>400<\/th><th>500<\/th><th>600<\/th><th>700<\/th><th>800<\/th><\/tr><\/thead><tbody><tr><td>Caudal m\u00e1ximo m3\/h<\/td><td>1.000<\/td><td>2.000<\/td><td>3.000<\/td><td>3.200<\/td><td>4.000<\/td><td>5.5000<\/td><td>7.000<\/td><td>8.000<\/td><\/tr><tr><td>Di\u00e1metro de conexi\u00f3n \/ salida mm<\/td><td>100<\/td><td>150<\/td><td>180<\/td><td>250\/315<\/td><td>250\/315<\/td><td>315\/355<\/td><td>315\/400<\/td><td>355\/400<\/td><\/tr><tr><td>Depresi\u00f3n m\u00e1xima Pa<\/td><td>1.400<\/td><td>1.600<\/td><td>2.300<\/td><td>3.150<\/td><td>3.400<\/td><td>3.400<\/td><td>3.400<\/td><td>3.950<\/td><\/tr><tr><td>Tensi\u00f3n de alimentaci\u00f3n V<\/td><td>400<\/td><td>400<\/td><td>400<\/td><td>400<\/td><td>400<\/td><td>400<\/td><td>400<\/td><td>400<\/td><\/tr><tr><td>Potencia kW<\/td><td>0.5<\/td><td>1.1<\/td><td>2.2<\/td><td>3.0<\/td><td>4.0<\/td><td>5.5<\/td><td>5.5<\/td><td>7.5<\/td><\/tr><tr><td>Dimensiones (L\/A\/H)<\/td><td>535x450x480<\/td><td>595x520x555<\/td><td>640x535x610<\/td><td>711x700x1.012<\/td><td>711x700x1.012<\/td><td>737x700x1.062<\/td><td>762x700x1.062<\/td><td>820&#215;1.000&#215;1.198<\/td><\/tr><tr><td>Nivel sonoro dB(A)<\/td><td>80<\/td><td>82<\/td><td>84<\/td><td>84<\/td><td>84<\/td><td>84<\/td><td>83<\/td><td>84<\/td><\/tr><\/tbody><\/table><\/figure>\n\n<div class=\"wp-block-buttons is-content-justification-center is-layout-flex wp-container-core-buttons-is-layout-a89b3969 wp-block-buttons-is-layout-flex\">\n<div class=\"wp-block-button\"><a class=\"wp-block-button__link wp-element-button\" href=\"https:\/\/obera.fr\/wp-content\/uploads\/2024\/04\/obera_brochure-rg-100-800-fr.pdf\">DESCARGAR LA FICHA DE PRODUCTO<\/a><\/div>\n<\/div>\n\n<h2 class=\"wp-block-heading\">An\u00e1lisis de las ventajas de los ventiladores RG 100 a RG 800<\/h2>\n\n<p>Las ventajas son, en primer lugar, humanas, ya que es una soluci\u00f3n que mejora considerablemente la calidad del aire y la seguridad de sus equipos. Tambi\u00e9n para la comodidad de los trabajadores, el nivel sonoro sigue siendo bajo para garantizar la productividad de los empleados. <\/p>\n\n<p>Una buena extracci\u00f3n de polvo y humos tambi\u00e9n permite reducir los riesgos de incendio y explosi\u00f3n, que pueden producirse cuando el polvo entra en contacto con chispas u obstruye las m\u00e1quinas de producci\u00f3n.<\/p>\n\n<p>Por \u00faltimo, a pesar de su dise\u00f1o compacto, los ventiladores de aspiraci\u00f3n de la gama RG son todos eficientes y representan una baja inversi\u00f3n para disfrutar de un aire descontaminado en sus talleres.<\/p>\n\n<div class=\"wp-block-columns is-layout-flex wp-container-core-columns-is-layout-28f84493 wp-block-columns-is-layout-flex\">\n<div class=\"wp-block-column is-layout-flow wp-block-column-is-layout-flow\" style=\"flex-basis:33.34%\">\n<h3 class=\"wp-block-heading\">Ventajas :<\/h3>\n\n\n\n<ul class=\"wp-block-list\">\n<li>Bajos costes de explotaci\u00f3n;<\/li>\n\n\n\n<li>Construcci\u00f3n robusta.<\/li>\n<\/ul>\n<\/div>\n\n\n\n<div class=\"wp-block-column is-layout-flow wp-block-column-is-layout-flow\" style=\"flex-basis:33.34%\">\n<h3 class=\"wp-block-heading\">Caracter\u00edsticas especiales:<\/h3>\n\n\n\n<ul class=\"wp-block-list\">\n<li>Dise\u00f1o compacto;<\/li>\n\n\n\n<li>Aspiraci\u00f3n de uno o varios puestos de trabajo o m\u00e1quinas;<\/li>\n\n\n\n<li>Posibilidad de combinaci\u00f3n con un colector de polvo o sistema de evacuaci\u00f3n de captaci\u00f3n.<\/li>\n<\/ul>\n<\/div>\n\n\n\n<div class=\"wp-block-column is-layout-flow wp-block-column-is-layout-flow\" style=\"flex-basis:33.33%\">\n<h3 class=\"wp-block-heading\">Caracter\u00edsticas :<\/h3>\n\n\n\n<ul class=\"wp-block-list\">\n<li>Amplia gama de potencias de motor para adaptarse a las necesidades de los industriales;<\/li>\n\n\n\n<li>Opcional: acero inoxidable alimentario, corriente alterna (RG 100 y RG 200), motor a la izquierda, di\u00e1metro de salida variable, caja insonorizada y estanca para su instalaci\u00f3n en exteriores.<\/li>\n<\/ul>\n<\/div>\n<\/div>\n\n<div class=\"wp-block-buttons is-horizontal is-content-justification-center is-layout-flex wp-container-core-buttons-is-layout-03627597 wp-block-buttons-is-layout-flex\">\n<div class=\"wp-block-button has-custom-width wp-block-button__width-100\"><a class=\"wp-block-button__link wp-element-button\" href=\"https:\/\/obera.fr\/es\/contacta-con-nosotros\/\">M\u00e1s informaci\u00f3n<\/a><\/div>\n<\/div>\n\n<h2 class=\"wp-block-heading\">Los otros aspiradores industriales de la gama<\/h2>\n\n<div class=\"wp-block-columns is-layout-flex wp-container-core-columns-is-layout-28f84493 wp-block-columns-is-layout-flex\">\n<div class=\"wp-block-column is-layout-flow wp-block-column-is-layout-flow\">\n<figure class=\"wp-block-image aligncenter size-full is-resized\"><img decoding=\"async\" width=\"566\" height=\"671\" src=\"https:\/\/obera.fr\/wp-content\/uploads\/2024\/10\/w2-xr-2.png\" alt=\"Aspiradoras industriales\" class=\"wp-image-35431\" style=\"aspect-ratio:1;object-fit:cover;width:282px;height:auto\" srcset=\"https:\/\/obera.fr\/wp-content\/uploads\/2024\/10\/w2-xr-2.png 566w, https:\/\/obera.fr\/wp-content\/uploads\/2024\/10\/w2-xr-2-253x300.png 253w\" sizes=\"(max-width: 566px) 100vw, 566px\" \/><figcaption class=\"wp-element-caption\">W2 XR<\/figcaption><\/figure>\n<\/div>\n\n\n\n<div class=\"wp-block-column is-layout-flow wp-block-column-is-layout-flow\">\n<figure class=\"wp-block-image aligncenter size-full is-resized\"><img decoding=\"async\" width=\"711\" height=\"622\" src=\"https:\/\/obera.fr\/wp-content\/uploads\/2024\/10\/w2.png\" alt=\"Aspiradoras industriales\" class=\"wp-image-35424\" style=\"object-fit:cover;width:300px;height:300px\" srcset=\"https:\/\/obera.fr\/wp-content\/uploads\/2024\/10\/w2.png 711w, https:\/\/obera.fr\/wp-content\/uploads\/2024\/10\/w2-300x262.png 300w\" sizes=\"(max-width: 711px) 100vw, 711px\" \/><figcaption class=\"wp-element-caption\">W2<\/figcaption><\/figure>\n<\/div>\n\n\n\n<div class=\"wp-block-column is-layout-flow wp-block-column-is-layout-flow\">\n<figure class=\"wp-block-image aligncenter size-full is-resized\"><img decoding=\"async\" width=\"658\" height=\"652\" src=\"https:\/\/obera.fr\/wp-content\/uploads\/2024\/10\/w3.png\" alt=\"w3\" class=\"wp-image-35427\" style=\"object-fit:cover;width:300px;height:300px\" srcset=\"https:\/\/obera.fr\/wp-content\/uploads\/2024\/10\/w3.png 658w, https:\/\/obera.fr\/wp-content\/uploads\/2024\/10\/w3-300x297.png 300w, https:\/\/obera.fr\/wp-content\/uploads\/2024\/10\/w3-150x150.png 150w, https:\/\/obera.fr\/wp-content\/uploads\/2024\/10\/w3-24x24.png 24w, https:\/\/obera.fr\/wp-content\/uploads\/2024\/10\/w3-48x48.png 48w, https:\/\/obera.fr\/wp-content\/uploads\/2024\/10\/w3-96x96.png 96w\" sizes=\"(max-width: 658px) 100vw, 658px\" \/><figcaption class=\"wp-element-caption\">W3<\/figcaption><\/figure>\n<\/div>\n<\/div>\n\n<p><\/p>\n","protected":false},"excerpt":{"rendered":"<p>Nuestra gama de ventiladores compactos RG 100 a RG 800 garantiza un entorno m\u00e1s saludable al aspirar y propulsar el aire contaminado presente en sus espacios de trabajo. Serie RG: funcionamiento y utilizaci\u00f3n de los ventiladores de extracci\u00f3n Los ventiladores de la serie RG (100, 200, 300, 400, 500, 600, 700, 800) son soluciones de extracci\u00f3n de polvo, humos industriales y cualquier otro contaminante generado por sus unidades de producci\u00f3n. Permiten la circulaci\u00f3n de un aire saneado y la despresurizaci\u00f3n. Polivalente y compacto, el sistema aspira el aire creando una depresi\u00f3n en la entrada del ventilador (rotaci\u00f3n de la rueda &#8230; <\/p>\n<p class=\"read-more-container\"><a title=\"Ventiladores de aspiraci\u00f3n: la gama EUROSOG RG 100-800\" class=\"read-more button\" href=\"https:\/\/obera.fr\/es\/produits\/aspirateurs-industriels\/ventilateurs-aspiration-gamme-eurosog-rg-100-800\/#more-45325\" aria-label=\"Leer m\u00e1s sobre Ventiladores de aspiraci\u00f3n: la gama EUROSOG RG 100-800\">Lire la suite<\/a><\/p>\n","protected":false},"author":4,"featured_media":83751,"parent":48457,"menu_order":0,"comment_status":"closed","ping_status":"closed","template":"","meta":{"_acf_changed":false,"_seopress_robots_primary_cat":"","_seopress_titles_title":"Ventiladores de aspiraci\u00f3n EUROSOG RG - OberA","_seopress_titles_desc":"Descubra las unidades de aspiraci\u00f3n RG 100 a RG 800. De dise\u00f1o compacto, est\u00e1n concebidos para mejorar considerablemente la calidad del aire mediante la extracci\u00f3n de polvo, olores, humos y gases.","_seopress_robots_index":"","footnotes":""},"class_list":{"0":"post-45325","1":"page","2":"type-page","3":"status-publish","4":"has-post-thumbnail","6":"no-featured-image-padding","7":"resize-featured-image"},"acf":[],"_links":{"self":[{"href":"https:\/\/obera.fr\/es\/wp-json\/wp\/v2\/pages\/45325","targetHints":{"allow":["GET"]}}],"collection":[{"href":"https:\/\/obera.fr\/es\/wp-json\/wp\/v2\/pages"}],"about":[{"href":"https:\/\/obera.fr\/es\/wp-json\/wp\/v2\/types\/page"}],"author":[{"embeddable":true,"href":"https:\/\/obera.fr\/es\/wp-json\/wp\/v2\/users\/4"}],"replies":[{"embeddable":true,"href":"https:\/\/obera.fr\/es\/wp-json\/wp\/v2\/comments?post=45325"}],"version-history":[{"count":9,"href":"https:\/\/obera.fr\/es\/wp-json\/wp\/v2\/pages\/45325\/revisions"}],"predecessor-version":[{"id":140651,"href":"https:\/\/obera.fr\/es\/wp-json\/wp\/v2\/pages\/45325\/revisions\/140651"}],"up":[{"embeddable":true,"href":"https:\/\/obera.fr\/es\/wp-json\/wp\/v2\/pages\/48457"}],"wp:featuredmedia":[{"embeddable":true,"href":"https:\/\/obera.fr\/es\/wp-json\/wp\/v2\/media\/83751"}],"wp:attachment":[{"href":"https:\/\/obera.fr\/es\/wp-json\/wp\/v2\/media?parent=45325"}],"curies":[{"name":"wp","href":"https:\/\/api.w.org\/{rel}","templated":true}]}}