{"id":46647,"date":"2020-08-26T12:44:59","date_gmt":"2020-08-26T10:44:59","guid":{"rendered":"https:\/\/obera.fr\/srf-k\/"},"modified":"2025-06-27T15:37:50","modified_gmt":"2025-06-27T13:37:50","slug":"srf-k","status":"publish","type":"page","link":"https:\/\/obera.fr\/es\/produits\/depoussiereurs-industriels\/mobiles\/srf-k\/","title":{"rendered":"SRF-K"},"content":{"rendered":"\n<h2 class=\"wp-block-heading\" id=\"extracteur-de-fumees-de-soudure-pour-un-large-choix-d-application\">Extractor de humos de soldadura para una amplia gama de aplicaciones<\/h2>\n\n<div class=\"wp-block-columns is-layout-flex wp-container-core-columns-is-layout-28f84493 wp-block-columns-is-layout-flex\">\n<div class=\"wp-block-column is-layout-flow wp-block-column-is-layout-flow\" style=\"flex-basis:33.33%\">\n<figure class=\"wp-block-image aligncenter size-large is-resized\"><img decoding=\"async\" width=\"819\" height=\"1024\" src=\"https:\/\/obera.fr\/wp-content\/uploads\/2025\/05\/srf-k-1-819x1024.png\" alt=\"Aspirador m&#xF3;vil SRF-K\" class=\"wp-image-104035\" style=\"width:266px;height:auto\" srcset=\"https:\/\/obera.fr\/wp-content\/uploads\/2025\/05\/srf-k-1-819x1024.png 819w, https:\/\/obera.fr\/wp-content\/uploads\/2025\/05\/srf-k-1-240x300.png 240w, https:\/\/obera.fr\/wp-content\/uploads\/2025\/05\/srf-k-1-768x960.png 768w, https:\/\/obera.fr\/wp-content\/uploads\/2025\/05\/srf-k-1.png 1080w\" sizes=\"(max-width: 819px) 100vw, 819px\" \/><figcaption class=\"wp-element-caption\">SRF-K<\/figcaption><\/figure>\n<\/div>\n\n\n\n<div class=\"wp-block-column is-layout-flow wp-block-column-is-layout-flow\" style=\"flex-basis:66.66%\">\n<p><strong>Los humos de soldadura<\/strong> se filtran al 99,9%, y el aire filtrado puede reintroducirse en el espacio de trabajo.  <\/p>\n\n\n\n<p>Gracias a su gran caudal de aspiraci\u00f3n, es f\u00e1cil filtrar grandes vol\u00famenes de humo. Su cartucho filtrante limpiable reduce considerablemente los costes de mantenimiento. <\/p>\n\n\n\n<p>El modelo m\u00e1s potente de la gama, el SRF K-15, puede equiparse con dos brazos de aspiraci\u00f3n. Tambi\u00e9n hay un<a href=\"https:\/\/obera.fr\/es\/produits\/depoussiereurs-industriels\/petits\/srf-t\/\">aspirador de humos de soldadura port\u00e1til<\/a>, el SRF-T. <\/p>\n\n\n\n<hr class=\"wp-block-separator has-text-color has-black-color has-css-opacity has-black-background-color has-background is-style-dots\"\/>\n\n\n\n<div class=\"wp-block-columns is-layout-flex wp-container-core-columns-is-layout-28f84493 wp-block-columns-is-layout-flex\">\n<div class=\"wp-block-column is-layout-flow wp-block-column-is-layout-flow\" style=\"flex-basis:33.33%\">\n<div class=\"wp-block-buttons is-layout-flex wp-block-buttons-is-layout-flex\">\n<div class=\"wp-block-button\"><a class=\"wp-block-button__link wp-element-button\" href=\"https:\/\/obera.fr\/wp-content\/uploads\/2025\/05\/brochure-srf-k-10-15-fr.pdf\">DESCARGAR EL FOLLETO<\/a><\/div>\n<\/div>\n<\/div>\n\n\n\n<div class=\"wp-block-column is-layout-flow wp-block-column-is-layout-flow\" style=\"flex-basis:33.34%\">\n<div class=\"wp-block-buttons is-horizontal is-content-justification-center is-layout-flex wp-container-core-buttons-is-layout-03627597 wp-block-buttons-is-layout-flex\">\n<div class=\"wp-block-button has-custom-width wp-block-button__width-100\"><a class=\"wp-block-button__link wp-element-button\" href=\"https:\/\/obera.fr\/es\/contacta-con-nosotros\/\">M\u00e1s informaci\u00f3n<\/a><\/div>\n<\/div>\n<\/div>\n\n\n\n<div class=\"wp-block-column is-layout-flow wp-block-column-is-layout-flow\" style=\"flex-basis:33.34%\">\n<div class=\"wp-block-buttons is-content-justification-center is-layout-flex wp-container-core-buttons-is-layout-a89b3969 wp-block-buttons-is-layout-flex\">\n<div class=\"wp-block-button btn-devis-source\"><a class=\"wp-block-button__link wp-element-button\" href=\"https:\/\/obera.fr\/es\/devis\/\">Pide un presupuesto<\/a><\/div>\n<\/div>\n\n\n<script>\r\ndocument.addEventListener('DOMContentLoaded', function() {\r\n    \/\/ 1. On cherche le titre H1 de la page\r\n    var h1 = document.querySelector('h1');\r\n    var productTitle = h1 ? h1.innerText.trim() : \"\";\r\n\r\n    \/\/ 2. On cherche les boutons via la classe CSS .btn-devis-source\r\n    var buttons = document.querySelectorAll('.btn-devis-source a');\r\n\r\n    \/\/ 3. Si on a le titre et les boutons, on ajoute le param\u00e8tre\r\n    if (buttons.length > 0 && productTitle !== \"\") {\r\n        var encodedTitle = encodeURIComponent(productTitle);\r\n\r\n        buttons.forEach(function(btn) {\r\n            var currentHref = btn.getAttribute('href');\r\n            \r\n            \/\/ S\u00e9curit\u00e9 pour ne pas ajouter le param\u00e8tre 2 fois\r\n            if (currentHref.indexOf('sujet=') === -1) {\r\n                var separator = currentHref.indexOf('?') !== -1 ? '&' : '?';\r\n                var newLink = currentHref + separator + 'sujet=' + encodedTitle;\r\n                \r\n                btn.setAttribute('href', newLink);\r\n            }\r\n        });\r\n    }\r\n});\r\n<\/script><\/div>\n<\/div>\n<\/div>\n<\/div>\n\n<figure class=\"wp-block-gallery has-nested-images columns-default is-cropped wp-block-gallery-1 is-layout-flex wp-block-gallery-is-layout-flex\">\n<figure class=\"wp-block-image size-large\"><img decoding=\"async\" width=\"1024\" height=\"576\" data-id=\"1686\" src=\"https:\/\/obera.fr\/wp-content\/uploads\/2020\/11\/49-srf-k-1024x576.jpg\" alt=\"49 Srf K\" class=\"wp-image-1686\" srcset=\"https:\/\/obera.fr\/wp-content\/uploads\/2020\/11\/49-srf-k-1024x576.jpg 1024w, https:\/\/obera.fr\/wp-content\/uploads\/2020\/11\/49-srf-k-300x169.jpg 300w, https:\/\/obera.fr\/wp-content\/uploads\/2020\/11\/49-srf-k-768x432.jpg 768w, https:\/\/obera.fr\/wp-content\/uploads\/2020\/11\/49-srf-k.jpg 1200w\" sizes=\"(max-width: 1024px) 100vw, 1024px\" \/><\/figure>\n\n\n\n<figure class=\"wp-block-image size-large\"><img decoding=\"async\" width=\"1024\" height=\"576\" data-id=\"1685\" src=\"https:\/\/obera.fr\/wp-content\/uploads\/2020\/11\/48-srf-k-1024x576.jpg\" alt=\"48 Srf K\" class=\"wp-image-1685\" srcset=\"https:\/\/obera.fr\/wp-content\/uploads\/2020\/11\/48-srf-k-1024x576.jpg 1024w, https:\/\/obera.fr\/wp-content\/uploads\/2020\/11\/48-srf-k-300x169.jpg 300w, https:\/\/obera.fr\/wp-content\/uploads\/2020\/11\/48-srf-k-768x432.jpg 768w, https:\/\/obera.fr\/wp-content\/uploads\/2020\/11\/48-srf-k.jpg 1280w\" sizes=\"(max-width: 1024px) 100vw, 1024px\" \/><\/figure>\n\n\n\n<figure class=\"wp-block-image size-large\"><img decoding=\"async\" width=\"1024\" height=\"683\" data-id=\"104141\" src=\"https:\/\/obera.fr\/wp-content\/uploads\/2025\/05\/srf-k-entsorgungssack-anbringen-_0022-1024x683.jpg\" alt=\"Bolsa de recogida de residuos SRF-K\" class=\"wp-image-104141\" srcset=\"https:\/\/obera.fr\/wp-content\/uploads\/2025\/05\/srf-k-entsorgungssack-anbringen-_0022-1024x683.jpg 1024w, https:\/\/obera.fr\/wp-content\/uploads\/2025\/05\/srf-k-entsorgungssack-anbringen-_0022-300x200.jpg 300w, https:\/\/obera.fr\/wp-content\/uploads\/2025\/05\/srf-k-entsorgungssack-anbringen-_0022-768x512.jpg 768w, https:\/\/obera.fr\/wp-content\/uploads\/2025\/05\/srf-k-entsorgungssack-anbringen-_0022-1536x1024.jpg 1536w, https:\/\/obera.fr\/wp-content\/uploads\/2025\/05\/srf-k-entsorgungssack-anbringen-_0022.jpg 1920w\" sizes=\"(max-width: 1024px) 100vw, 1024px\" \/><\/figure>\n<\/figure>\n\n<h3 class=\"wp-block-heading\" id=\"avantages\">Beneficios<\/h3>\n\n<div class=\"wp-block-columns is-layout-flex wp-container-core-columns-is-layout-28f84493 wp-block-columns-is-layout-flex\">\n<div class=\"wp-block-column is-layout-flow wp-block-column-is-layout-flow\">\n<h4 class=\"wp-block-heading has-text-align-center\" id=\"avantages\"><strong>Beneficios<\/strong><\/h4>\n\n\n\n<ul class=\"wp-block-list\">\n<li>Alto rendimiento de extracci\u00f3n en dos puntos<\/li>\n\n\n\n<li>M\u00f3vil y vers\u00e1til<\/li>\n\n\n\n<li>Compacto y f\u00e1cil de usar<\/li>\n\n\n\n<li>Bajos costes de mantenimiento gracias a su filtro limpiable<\/li>\n\n\n\n<li>F\u00e1cil eliminaci\u00f3n de residuos<\/li>\n<\/ul>\n<\/div>\n\n\n\n<div class=\"wp-block-column is-layout-flow wp-block-column-is-layout-flow\">\n<h4 class=\"wp-block-heading has-text-align-center\" id=\"particularites\"><strong>Caracter\u00edsticas especiales<\/strong><\/h4>\n\n\n\n<ul class=\"wp-block-list\">\n<li>Limpieza manual del filtro con pistola de aire comprimido o limpieza autom\u00e1tica del filtro<\/li>\n\n\n\n<li>Cartucho filtrante limpiable para una mayor duraci\u00f3n<\/li>\n<\/ul>\n<\/div>\n\n\n\n<div class=\"wp-block-column is-layout-flow wp-block-column-is-layout-flow\">\n<h4 class=\"wp-block-heading has-text-align-center\" id=\"caracteristiques\"><strong>Caracter\u00edsticas<\/strong><\/h4>\n\n\n\n<ul class=\"wp-block-list\">\n<li>Puede funcionar de forma continua o intermitente<\/li>\n<\/ul>\n<\/div>\n<\/div>\n\n<h2 class=\"wp-block-heading\" id=\"dans-quels-secteurs-industriels-l-utiliser\">\u00bfEn qu\u00e9 sectores industriales se utiliza?<\/h2>\n\n<div class=\"wp-block-columns is-layout-flex wp-container-core-columns-is-layout-28f84493 wp-block-columns-is-layout-flex\">\n<div class=\"wp-block-column is-layout-flow wp-block-column-is-layout-flow\">\n<h3 class=\"wp-block-heading has-text-align-center\" id=\"polluants\">Contaminantes<\/h3>\n\n\n\n<hr class=\"wp-block-separator has-css-opacity is-style-wide\"\/>\n\n\n\n<div class=\"wp-block-columns is-layout-flex wp-container-core-columns-is-layout-28f84493 wp-block-columns-is-layout-flex\">\n<div class=\"wp-block-column is-layout-flow wp-block-column-is-layout-flow\">\n<figure class=\"wp-block-image aligncenter size-large\"><img decoding=\"async\" width=\"70\" height=\"70\" src=\"https:\/\/obera.fr\/wp-content\/uploads\/2020\/08\/industrie-fumees.jpg\" alt=\"Humo industrial\" class=\"wp-image-722\"\/><figcaption class=\"wp-element-caption\">Humos<\/figcaption><\/figure>\n<\/div>\n\n\n\n<div class=\"wp-block-column is-layout-flow wp-block-column-is-layout-flow\"><\/div>\n<\/div>\n<\/div>\n\n\n\n<div class=\"wp-block-column is-layout-flow wp-block-column-is-layout-flow\">\n<h3 class=\"wp-block-heading has-text-align-center\" id=\"industries\">Industrias<\/h3>\n\n\n\n<hr class=\"wp-block-separator has-css-opacity is-style-wide\"\/>\n\n\n\n<div class=\"wp-block-columns is-layout-flex wp-container-core-columns-is-layout-28f84493 wp-block-columns-is-layout-flex\">\n<div class=\"wp-block-column is-layout-flow wp-block-column-is-layout-flow\">\n<figure class=\"wp-block-image aligncenter size-large\"><img decoding=\"async\" width=\"70\" height=\"70\" src=\"https:\/\/obera.fr\/wp-content\/uploads\/2020\/08\/industrie-metallurgie.jpg\" alt=\"Industria metal&#xFA;rgica\" class=\"wp-image-673\"\/><figcaption class=\"wp-element-caption\">Metalurgia<\/figcaption><\/figure>\n<\/div>\n\n\n\n<div class=\"wp-block-column is-layout-flow wp-block-column-is-layout-flow\"><\/div>\n<\/div>\n<\/div>\n<\/div>\n\n<h2 class=\"wp-block-heading\" id=\"caracteristiques-techniques\">Especificaciones t\u00e9cnicas<\/h2>\n\n<figure class=\"wp-block-table\"><table class=\"has-fixed-layout\"><thead><tr><th>Dispositivo<\/th><th><\/th><th>SRF K-10<\/th><th>SRF K-15<\/th><\/tr><\/thead><tbody><tr><td>Flujo<\/td><td>m3\/h<\/td><td>950<\/td><td>1 600<\/td><\/tr><tr><td>Di\u00e1metro de entrada<\/td><td>mm<\/td><td>140<\/td><td>2&#215;140<\/td><\/tr><tr><td>presi\u00f3n negativa m\u00e1xima<\/td><td>Pa<\/td><td>2 800<\/td><td>2 800<\/td><\/tr><tr><td>Tensi\u00f3n de alimentaci\u00f3n<\/td><td>V<\/td><td>230<\/td><td>400<\/td><\/tr><tr><td>Potencia<\/td><td>kW<\/td><td>1.3<\/td><td>2.2<\/td><\/tr><tr><td>Superficie filtrante<\/td><td>m\u00b2<\/td><td>10<\/td><td>15<\/td><\/tr><tr><td>Dimensiones<\/td><td>l\/L\/h (mm)<\/td><td>946x761x1361<\/td><td>946x761x1361<\/td><\/tr><tr><td>Peso<\/td><td>kg<\/td><td>69<\/td><td>74<\/td><\/tr><tr><td>Nivel sonoro<\/td><td>dB(A)<\/td><td>72<\/td><td>77<\/td><\/tr><\/tbody><\/table><\/figure>\n\n<div class=\"wp-block-buttons is-content-justification-center is-layout-flex wp-container-core-buttons-is-layout-a89b3969 wp-block-buttons-is-layout-flex\">\n<div class=\"wp-block-button is-style-outline is-style-outline--2\"><a class=\"wp-block-button__link wp-element-button\" href=\"https:\/\/obera.fr\/wp-content\/uploads\/2024\/03\/srf-k-10-15.pdf\">Descargar la ficha de producto<\/a><\/div>\n<\/div>\n\n<h3 class=\"wp-block-heading\" id=\"en-option\">Opcional<\/h3>\n\n<div class=\"wp-block-columns is-layout-flex wp-container-core-columns-is-layout-28f84493 wp-block-columns-is-layout-flex\">\n<div class=\"wp-block-column is-layout-flow wp-block-column-is-layout-flow\">\n<figure class=\"wp-block-image aligncenter size-large is-resized\"><img decoding=\"async\" width=\"1024\" height=\"549\" src=\"https:\/\/obera.fr\/wp-content\/uploads\/2025\/03\/charbon-actif-mix-1024x549.jpg\" alt=\"mezcla de carb&#xF3;n activado\" class=\"wp-image-76515\" style=\"width:198px;height:auto\" srcset=\"https:\/\/obera.fr\/wp-content\/uploads\/2025\/03\/charbon-actif-mix-1024x549.jpg 1024w, https:\/\/obera.fr\/wp-content\/uploads\/2025\/03\/charbon-actif-mix-300x161.jpg 300w, https:\/\/obera.fr\/wp-content\/uploads\/2025\/03\/charbon-actif-mix-768x412.jpg 768w, https:\/\/obera.fr\/wp-content\/uploads\/2025\/03\/charbon-actif-mix.jpg 1200w\" sizes=\"(max-width: 1024px) 100vw, 1024px\" \/><figcaption class=\"wp-element-caption\">Filtro de carb\u00f3n activado<\/figcaption><\/figure>\n<\/div>\n\n\n\n<div class=\"wp-block-column is-layout-flow wp-block-column-is-layout-flow\"><\/div>\n\n\n\n<div class=\"wp-block-column is-layout-flow wp-block-column-is-layout-flow\"><\/div>\n<\/div>\n\n<div class=\"wp-block-columns is-layout-flex wp-container-core-columns-is-layout-28f84493 wp-block-columns-is-layout-flex\">\n<div class=\"wp-block-column is-layout-flow wp-block-column-is-layout-flow\"><\/div>\n\n\n\n<div class=\"wp-block-column is-layout-flow wp-block-column-is-layout-flow\"><\/div>\n\n\n\n<div class=\"wp-block-column is-layout-flow wp-block-column-is-layout-flow\"><\/div>\n<\/div>\n\n<h3 class=\"wp-block-heading\" id=\"accessoires\">Accesorios<\/h3>\n\n<figure class=\"wp-block-gallery aligncenter has-nested-images columns-5 wp-block-gallery-3 is-layout-flex wp-block-gallery-is-layout-flex\">\n<figure class=\"wp-block-image size-large\"><img decoding=\"async\" width=\"100\" height=\"100\" data-id=\"665\" src=\"https:\/\/obera.fr\/wp-content\/uploads\/2020\/08\/accessoires-gaines.jpg\" alt=\"Accesorios Conductos\" class=\"wp-image-665\"\/><figcaption class=\"wp-element-caption\">Conductos<\/figcaption><\/figure>\n\n\n\n<figure class=\"wp-block-image size-large\"><img decoding=\"async\" width=\"100\" height=\"100\" data-id=\"664\" src=\"https:\/\/obera.fr\/wp-content\/uploads\/2020\/08\/accessoires-adaptateur-de-gaines.jpg\" alt=\"Accesorios Adaptadores para conductos\" class=\"wp-image-664\"\/><figcaption class=\"wp-element-caption\">Adaptador de vaina<\/figcaption><\/figure>\n\n\n\n<figure class=\"wp-block-image size-large\"><img decoding=\"async\" width=\"100\" height=\"100\" data-id=\"663\" src=\"https:\/\/obera.fr\/wp-content\/uploads\/2020\/08\/accessoires-hotte.jpg\" alt=\"Accesorios para el cap&#xF3;\" class=\"wp-image-663\"\/><figcaption class=\"wp-element-caption\">Capucha<\/figcaption><\/figure>\n\n\n\n<figure class=\"wp-block-image size-large\"><img decoding=\"async\" width=\"100\" height=\"100\" data-id=\"662\" src=\"https:\/\/obera.fr\/wp-content\/uploads\/2020\/08\/accessoires-bras.jpg\" alt=\"Accesorios para el brazo\" class=\"wp-image-662\"\/><figcaption class=\"wp-element-caption\">Brazo<\/figcaption><\/figure>\n\n\n\n<figure class=\"wp-block-image size-large\"><img decoding=\"async\" width=\"100\" height=\"100\" data-id=\"1683\" src=\"https:\/\/obera.fr\/wp-content\/uploads\/2020\/11\/51-sac-a-poussiere.jpg\" alt=\"51 Bolsa de polvo\" class=\"wp-image-1683\"\/><figcaption class=\"wp-element-caption\">Bolsa de polvo<\/figcaption><\/figure>\n<\/figure>\n\n<hr class=\"wp-block-separator has-css-opacity is-style-dots\"\/>\n\n<div class=\"wp-block-buttons is-horizontal is-content-justification-center is-layout-flex wp-container-core-buttons-is-layout-03627597 wp-block-buttons-is-layout-flex\">\n<div class=\"wp-block-button has-custom-width wp-block-button__width-100\"><a class=\"wp-block-button__link wp-element-button\" href=\"https:\/\/obera.fr\/es\/contacta-con-nosotros\/\">M\u00e1s informaci\u00f3n<\/a><\/div>\n<\/div>\n\n<h2 class=\"wp-block-heading\" id=\"les-autres-depoussiereurs-mobiles-de-la-marque-obera\">Otros aspiradores m\u00f3viles de la marca oberA<\/h2>\n\n<div class=\"wp-block-columns is-layout-flex wp-container-core-columns-is-layout-28f84493 wp-block-columns-is-layout-flex\">\n<div class=\"wp-block-column is-layout-flow wp-block-column-is-layout-flow\">\n<figure class=\"wp-block-image aligncenter size-medium is-resized\"><a href=\"https:\/\/obera.fr\/produits\/depoussiereurs-industriels\/mobiles\/extracteur-poussiere-dustomat-4\/\"><img decoding=\"async\" width=\"300\" height=\"300\" src=\"https:\/\/obera.fr\/wp-content\/uploads\/2020\/08\/extracteur-poussiere-Dustomat-4-ATEX-300x300.png\" alt=\"Aspirador Dustomat 4 Atex\" class=\"wp-image-677\" style=\"width:auto;height:250px\" srcset=\"https:\/\/obera.fr\/wp-content\/uploads\/2020\/08\/extracteur-poussiere-Dustomat-4-ATEX-300x300.png 300w, https:\/\/obera.fr\/wp-content\/uploads\/2020\/08\/extracteur-poussiere-Dustomat-4-ATEX-150x150.png 150w, https:\/\/obera.fr\/wp-content\/uploads\/2020\/08\/extracteur-poussiere-Dustomat-4-ATEX.png 600w\" sizes=\"(max-width: 300px) 100vw, 300px\" \/><\/a><figcaption class=\"wp-element-caption\">Dustomat 4<\/figcaption><\/figure>\n<\/div>\n\n\n\n<div class=\"wp-block-column is-layout-flow wp-block-column-is-layout-flow\">\n<figure class=\"wp-block-image aligncenter size-medium is-resized\"><a href=\"https:\/\/obera.fr\/produits\/depoussiereurs-industriels\/mobiles\/aspiration-poussiere-dustomat-10\/\"><img decoding=\"async\" width=\"300\" height=\"300\" src=\"https:\/\/obera.fr\/wp-content\/uploads\/2020\/10\/extracteur-poussiere-mobile-DUSTOMAT-10-300x300.png\" alt=\"Aspirador m&#xF3;vil Dustomat 10\" class=\"wp-image-1306\" style=\"width:auto;height:250px\" srcset=\"https:\/\/obera.fr\/wp-content\/uploads\/2020\/10\/extracteur-poussiere-mobile-DUSTOMAT-10-300x300.png 300w, https:\/\/obera.fr\/wp-content\/uploads\/2020\/10\/extracteur-poussiere-mobile-DUSTOMAT-10-150x150.png 150w, https:\/\/obera.fr\/wp-content\/uploads\/2020\/10\/extracteur-poussiere-mobile-DUSTOMAT-10.png 600w\" sizes=\"(max-width: 300px) 100vw, 300px\" \/><\/a><figcaption class=\"wp-element-caption\">DUSTOMAT 10<\/figcaption><\/figure>\n<\/div>\n\n\n\n<div class=\"wp-block-column is-layout-flow wp-block-column-is-layout-flow\">\n<figure class=\"wp-block-image aligncenter size-medium is-resized\"><a href=\"https:\/\/obera.fr\/produits\/depoussiereurs-industriels\/mobiles\/extracteur-poussiere-pulverulente-dustomat-16m\/\"><img decoding=\"async\" width=\"300\" height=\"300\" src=\"https:\/\/obera.fr\/wp-content\/uploads\/2020\/10\/extracteur-poussiere-pulverulente-DUSTOMAT-16-300x300.png\" alt=\"Extractor de Polvo Pulverulento Dustomat 16\" class=\"wp-image-1307\" style=\"width:auto;height:250px\" srcset=\"https:\/\/obera.fr\/wp-content\/uploads\/2020\/10\/extracteur-poussiere-pulverulente-DUSTOMAT-16-300x300.png 300w, https:\/\/obera.fr\/wp-content\/uploads\/2020\/10\/extracteur-poussiere-pulverulente-DUSTOMAT-16-150x150.png 150w, https:\/\/obera.fr\/wp-content\/uploads\/2020\/10\/extracteur-poussiere-pulverulente-DUSTOMAT-16.png 600w\" sizes=\"(max-width: 300px) 100vw, 300px\" \/><\/a><figcaption class=\"wp-element-caption\">DUSTOMAT 16<\/figcaption><\/figure>\n<\/div>\n<\/div>\n\n<div class=\"wp-block-columns is-layout-flex wp-container-core-columns-is-layout-28f84493 wp-block-columns-is-layout-flex\">\n<div class=\"wp-block-column is-layout-flow wp-block-column-is-layout-flow\">\n<figure class=\"wp-block-image aligncenter size-full is-resized\"><a href=\"https:\/\/obera.fr\/produits\/depoussiereurs-industriels\/mobiles\/na-2-2-depoussiereur-a-voie-humide\/\"><img decoding=\"async\" width=\"600\" height=\"600\" src=\"https:\/\/obera.fr\/wp-content\/uploads\/2024\/04\/obera-na-2-2-depoussiereur-a-voie-humide-mobile.jpg\" alt=\"colector de polvo h&#xFA;medo m&#xF3;vil obera na 2 2\" class=\"wp-image-29475\" style=\"width:auto;height:250px\" srcset=\"https:\/\/obera.fr\/wp-content\/uploads\/2024\/04\/obera-na-2-2-depoussiereur-a-voie-humide-mobile.jpg 600w, https:\/\/obera.fr\/wp-content\/uploads\/2024\/04\/obera-na-2-2-depoussiereur-a-voie-humide-mobile-300x300.jpg 300w, https:\/\/obera.fr\/wp-content\/uploads\/2024\/04\/obera-na-2-2-depoussiereur-a-voie-humide-mobile-150x150.jpg 150w\" sizes=\"(max-width: 600px) 100vw, 600px\" \/><\/a><figcaption class=\"wp-element-caption\">NA 2,2<\/figcaption><\/figure>\n<\/div>\n\n\n\n<div class=\"wp-block-column is-layout-flow wp-block-column-is-layout-flow\">\n<figure class=\"wp-block-image aligncenter size-full is-resized\"><a href=\"https:\/\/obera.fr\/produits\/depoussiereurs-industriels\/mobiles\/extracteur-de-poussiere-dustomat-dry\/#more-24274\"><img decoding=\"async\" width=\"320\" height=\"320\" src=\"https:\/\/obera.fr\/wp-content\/uploads\/2023\/09\/dustomat-dry.png\" alt=\"dustomat seco\" class=\"wp-image-24355\" style=\"width:auto;height:250px\" srcset=\"https:\/\/obera.fr\/wp-content\/uploads\/2023\/09\/dustomat-dry.png 320w, https:\/\/obera.fr\/wp-content\/uploads\/2023\/09\/dustomat-dry-300x300.png 300w, https:\/\/obera.fr\/wp-content\/uploads\/2023\/09\/dustomat-dry-150x150.png 150w\" sizes=\"(max-width: 320px) 100vw, 320px\" \/><\/a><figcaption class=\"wp-element-caption\">DUSTOMAT SECO<\/figcaption><\/figure>\n<\/div>\n<\/div>\n\n<p><\/p>\n","protected":false},"excerpt":{"rendered":"<p>Extractor de humos de soldadura para una amplia gama de aplicaciones Los humos de soldadura se filtran al 99,9%, y el aire filtrado puede reintroducirse en el espacio de trabajo. Gracias a su gran caudal de aspiraci\u00f3n, es f\u00e1cil filtrar grandes vol\u00famenes de humo. Su cartucho filtrante limpiable reduce considerablemente los costes de mantenimiento. El modelo m\u00e1s potente de la gama, el SRF K-15, puede equiparse con dos brazos de aspiraci\u00f3n. Tambi\u00e9n hay unaspirador de humos de soldadura port\u00e1til, el SRF-T. Beneficios Beneficios Caracter\u00edsticas especiales Caracter\u00edsticas \u00bfEn qu\u00e9 sectores industriales se utiliza? Contaminantes Industrias Especificaciones t\u00e9cnicas Dispositivo SRF K-10 SRF &#8230; <\/p>\n<p class=\"read-more-container\"><a title=\"SRF-K\" class=\"read-more button\" href=\"https:\/\/obera.fr\/es\/produits\/depoussiereurs-industriels\/mobiles\/srf-k\/#more-46647\" aria-label=\"Leer m\u00e1s sobre SRF-K\">Lire la suite<\/a><\/p>\n","protected":false},"author":4,"featured_media":83751,"parent":46845,"menu_order":0,"comment_status":"closed","ping_status":"closed","template":"","meta":{"_acf_changed":false,"_seopress_robots_primary_cat":"","_seopress_titles_title":"El extractor de humos de soldadura OberA SRF-K","_seopress_titles_desc":"Los humos de soldadura se filtran al 99,9%. El aire filtrado puede reintroducirse en la zona de trabajo. Puede filtrar grandes vol\u00famenes de humos.  ","_seopress_robots_index":"","footnotes":""},"class_list":{"0":"post-46647","1":"page","2":"type-page","3":"status-publish","4":"has-post-thumbnail","6":"no-featured-image-padding","7":"resize-featured-image"},"acf":[],"_links":{"self":[{"href":"https:\/\/obera.fr\/es\/wp-json\/wp\/v2\/pages\/46647","targetHints":{"allow":["GET"]}}],"collection":[{"href":"https:\/\/obera.fr\/es\/wp-json\/wp\/v2\/pages"}],"about":[{"href":"https:\/\/obera.fr\/es\/wp-json\/wp\/v2\/types\/page"}],"author":[{"embeddable":true,"href":"https:\/\/obera.fr\/es\/wp-json\/wp\/v2\/users\/4"}],"replies":[{"embeddable":true,"href":"https:\/\/obera.fr\/es\/wp-json\/wp\/v2\/comments?post=46647"}],"version-history":[{"count":19,"href":"https:\/\/obera.fr\/es\/wp-json\/wp\/v2\/pages\/46647\/revisions"}],"predecessor-version":[{"id":117233,"href":"https:\/\/obera.fr\/es\/wp-json\/wp\/v2\/pages\/46647\/revisions\/117233"}],"up":[{"embeddable":true,"href":"https:\/\/obera.fr\/es\/wp-json\/wp\/v2\/pages\/46845"}],"wp:featuredmedia":[{"embeddable":true,"href":"https:\/\/obera.fr\/es\/wp-json\/wp\/v2\/media\/83751"}],"wp:attachment":[{"href":"https:\/\/obera.fr\/es\/wp-json\/wp\/v2\/media?parent=46647"}],"curies":[{"name":"wp","href":"https:\/\/api.w.org\/{rel}","templated":true}]}}