{"id":47024,"date":"2020-11-11T20:39:11","date_gmt":"2020-11-11T18:39:11","guid":{"rendered":"https:\/\/obera.fr\/aspirador-jumbo-pequeno\/"},"modified":"2025-06-29T21:35:30","modified_gmt":"2025-06-29T19:35:30","slug":"jumbo","status":"publish","type":"page","link":"https:\/\/obera.fr\/es\/produits\/depoussiereurs-industriels\/petits\/jumbo\/","title":{"rendered":"Aspirador Jumbo peque\u00f1o"},"content":{"rendered":"\n<div class=\"wp-block-columns is-layout-flex wp-container-core-columns-is-layout-28f84493 wp-block-columns-is-layout-flex\">\n<div class=\"wp-block-column is-layout-flow wp-block-column-is-layout-flow\" style=\"flex-basis:33.33%\">\n<figure class=\"wp-block-image aligncenter size-medium\"><img decoding=\"async\" width=\"300\" height=\"300\" src=\"https:\/\/obera.fr\/wp-content\/uploads\/2020\/10\/jumbo-300x300.png\" alt=\"Jumbo\" class=\"wp-image-1171\" srcset=\"https:\/\/obera.fr\/wp-content\/uploads\/2020\/10\/jumbo-300x300.png 300w, https:\/\/obera.fr\/wp-content\/uploads\/2020\/10\/jumbo-150x150.png 150w, https:\/\/obera.fr\/wp-content\/uploads\/2020\/10\/jumbo.png 500w\" sizes=\"(max-width: 300px) 100vw, 300px\" \/><\/figure>\n<\/div>\n\n\n\n<div class=\"wp-block-column is-layout-flow wp-block-column-is-layout-flow\" style=\"flex-basis:66.66%\">\n<p>Este peque\u00f1o aspirador es adecuado para una amplia gama de aplicaciones. Su potencia de aspiraci\u00f3n permite manejar de 1 a 2 puestos de trabajo simult\u00e1neamente.<\/p>\n\n\n\n<p>Es especialmente adecuado para contaminantes como polvo fino y grueso, humos, vapores y olores.<\/p>\n\n\n\n<p>Jumbo sustituye a nuestro antiguo aspirador m\u00f3vil obam.  <\/p>\n\n\n\n<div style=\"height:15px\" aria-hidden=\"true\" class=\"wp-block-spacer\"><\/div>\n\n\n\n<div class=\"wp-block-columns is-layout-flex wp-container-core-columns-is-layout-28f84493 wp-block-columns-is-layout-flex\">\n<div class=\"wp-block-column is-layout-flow wp-block-column-is-layout-flow\" style=\"flex-basis:33.34%\">\n<div class=\"wp-block-buttons is-content-justification-center is-layout-flex wp-container-core-buttons-is-layout-a89b3969 wp-block-buttons-is-layout-flex\">\n<div class=\"wp-block-button\"><a class=\"wp-block-button__link wp-element-button\" href=\"https:\/\/obera.fr\/wp-content\/uploads\/2025\/04\/jumbo-.pdf\">Descargar el folleto<\/a><\/div>\n<\/div>\n<\/div>\n\n\n\n<div class=\"wp-block-column is-layout-flow wp-block-column-is-layout-flow\" style=\"flex-basis:33.34%\">\n<div class=\"wp-block-buttons is-horizontal is-content-justification-center is-layout-flex wp-container-core-buttons-is-layout-03627597 wp-block-buttons-is-layout-flex\">\n<div class=\"wp-block-button has-custom-width wp-block-button__width-100\"><a class=\"wp-block-button__link wp-element-button\" href=\"https:\/\/obera.fr\/es\/contacta-con-nosotros\/\">M\u00e1s informaci\u00f3n<\/a><\/div>\n<\/div>\n<\/div>\n\n\n\n<div class=\"wp-block-column is-layout-flow wp-block-column-is-layout-flow\" style=\"flex-basis:33.33%\">\n<div class=\"wp-block-buttons is-content-justification-center is-layout-flex wp-container-core-buttons-is-layout-a89b3969 wp-block-buttons-is-layout-flex\">\n<div class=\"wp-block-button btn-devis-source\"><a class=\"wp-block-button__link wp-element-button\" href=\"https:\/\/obera.fr\/es\/devis\/\">Pide un presupuesto<\/a><\/div>\n<\/div>\n\n\n<script>\r\ndocument.addEventListener('DOMContentLoaded', function() {\r\n    \/\/ 1. On cherche le titre H1 de la page\r\n    var h1 = document.querySelector('h1');\r\n    var productTitle = h1 ? h1.innerText.trim() : \"\";\r\n\r\n    \/\/ 2. On cherche les boutons via la classe CSS .btn-devis-source\r\n    var buttons = document.querySelectorAll('.btn-devis-source a');\r\n\r\n    \/\/ 3. Si on a le titre et les boutons, on ajoute le param\u00e8tre\r\n    if (buttons.length > 0 && productTitle !== \"\") {\r\n        var encodedTitle = encodeURIComponent(productTitle);\r\n\r\n        buttons.forEach(function(btn) {\r\n            var currentHref = btn.getAttribute('href');\r\n            \r\n            \/\/ S\u00e9curit\u00e9 pour ne pas ajouter le param\u00e8tre 2 fois\r\n            if (currentHref.indexOf('sujet=') === -1) {\r\n                var separator = currentHref.indexOf('?') !== -1 ? '&' : '?';\r\n                var newLink = currentHref + separator + 'sujet=' + encodedTitle;\r\n                \r\n                btn.setAttribute('href', newLink);\r\n            }\r\n        });\r\n    }\r\n});\r\n<\/script><\/div>\n<\/div>\n<\/div>\n<\/div>\n\n<h2 class=\"wp-block-heading\" id=\"les-avantages-du-jumbo\">Las ventajas de Jumbo<\/h2>\n\n<div class=\"wp-block-columns is-layout-flex wp-container-core-columns-is-layout-28f84493 wp-block-columns-is-layout-flex\">\n<div class=\"wp-block-column is-layout-flow wp-block-column-is-layout-flow\">\n<h4 class=\"wp-block-heading has-text-align-center\" id=\"avantages\"><strong>Beneficios<\/strong><\/h4>\n\n\n\n<ul class=\"wp-block-list\">\n<li>Ocupa poco espacio<\/li>\n\n\n\n<li>Bajo consumo de energ\u00eda<\/li>\n\n\n\n<li>Muy f\u00e1cil de usar<\/li>\n\n\n\n<li>Silenciador<\/li>\n<\/ul>\n<\/div>\n\n\n\n<div class=\"wp-block-column is-layout-flow wp-block-column-is-layout-flow\">\n<h4 class=\"wp-block-heading has-text-align-center\" id=\"particularites\"><strong>Caracter\u00edsticas especiales<\/strong><\/h4>\n\n\n\n<ul class=\"wp-block-list\">\n<li>Adaptable a una amplia gama de aplicaciones<\/li>\n\n\n\n<li>Se puede utilizar en diferentes posiciones<\/li>\n\n\n\n<li>Asa telesc\u00f3pica para facilitar el transporte<\/li>\n<\/ul>\n<\/div>\n\n\n\n<div class=\"wp-block-column is-layout-flow wp-block-column-is-layout-flow\">\n<h4 class=\"wp-block-heading has-text-align-center\" id=\"caracteristiques\"><strong>Caracter\u00edsticas<\/strong><\/h4>\n\n\n\n<ul class=\"wp-block-list\">\n<li>Muy vers\u00e1til para una amplia gama de aplicaciones<\/li>\n\n\n\n<li>Para la extracci\u00f3n de uno o dos puestos de trabajo<\/li>\n\n\n\n<li>Los filtros pueden reciclarse cuando sea necesario<\/li>\n<\/ul>\n<\/div>\n<\/div>\n\n<h2 class=\"wp-block-heading\" id=\"applications\">Aplicaciones<\/h2>\n\n<div class=\"wp-block-columns is-layout-flex wp-container-core-columns-is-layout-28f84493 wp-block-columns-is-layout-flex\">\n<div class=\"wp-block-column is-layout-flow wp-block-column-is-layout-flow\">\n<h3 class=\"wp-block-heading has-text-align-center\" id=\"polluants\">Contaminantes<\/h3>\n\n\n\n<hr class=\"wp-block-separator has-css-opacity is-style-wide\"\/>\n\n\n\n<div class=\"wp-block-columns is-layout-flex wp-container-core-columns-is-layout-28f84493 wp-block-columns-is-layout-flex\">\n<div class=\"wp-block-column is-layout-flow wp-block-column-is-layout-flow\">\n<figure class=\"wp-block-image aligncenter size-large\"><img decoding=\"async\" width=\"70\" height=\"70\" src=\"https:\/\/obera.fr\/wp-content\/uploads\/2020\/08\/polluants-poussieres.jpg\" alt=\"Contaminantes Polvo\" class=\"wp-image-675\"\/><figcaption class=\"wp-element-caption\">Humos<\/figcaption><\/figure>\n\n\n\n<figure class=\"wp-block-image aligncenter size-large\"><img decoding=\"async\" width=\"70\" height=\"70\" src=\"https:\/\/obera.fr\/wp-content\/uploads\/2020\/08\/industrie-odeur.jpg\" alt=\"Industria Olor\" class=\"wp-image-723\"\/><figcaption class=\"wp-element-caption\">Olores<\/figcaption><\/figure>\n<\/div>\n\n\n\n<div class=\"wp-block-column is-layout-flow wp-block-column-is-layout-flow\">\n<figure class=\"wp-block-image aligncenter size-large\"><img decoding=\"async\" width=\"70\" height=\"70\" src=\"https:\/\/obera.fr\/wp-content\/uploads\/2020\/08\/industrie-fumees.jpg\" alt=\"Humo industrial\" class=\"wp-image-722\"\/><figcaption class=\"wp-element-caption\">Humos<\/figcaption><\/figure>\n\n\n\n<figure class=\"wp-block-image aligncenter size-large\"><img decoding=\"async\" width=\"70\" height=\"70\" src=\"https:\/\/obera.fr\/wp-content\/uploads\/2020\/09\/cov.png\" alt=\"Cov\" class=\"wp-image-959\"\/><figcaption class=\"wp-element-caption\">VOCS<\/figcaption><\/figure>\n<\/div>\n<\/div>\n\n\n\n<p><\/p>\n<\/div>\n\n\n\n<div class=\"wp-block-column is-layout-flow wp-block-column-is-layout-flow\">\n<h3 class=\"wp-block-heading has-text-align-center\" id=\"industries\">Industrias<\/h3>\n\n\n\n<hr class=\"wp-block-separator has-css-opacity is-style-wide\"\/>\n\n\n\n<div class=\"wp-block-columns is-layout-flex wp-container-core-columns-is-layout-28f84493 wp-block-columns-is-layout-flex\">\n<div class=\"wp-block-column is-layout-flow wp-block-column-is-layout-flow\">\n<figure class=\"wp-block-image aligncenter size-large\"><img decoding=\"async\" width=\"70\" height=\"70\" src=\"https:\/\/obera.fr\/wp-content\/uploads\/2020\/08\/industrie-metallurgie.jpg\" alt=\"Industria metal&#xFA;rgica\" class=\"wp-image-673\"\/><figcaption class=\"wp-element-caption\">Metalurgia<\/figcaption><\/figure>\n\n\n\n<figure class=\"wp-block-image aligncenter size-large\"><img decoding=\"async\" width=\"70\" height=\"70\" src=\"https:\/\/obera.fr\/wp-content\/uploads\/2020\/08\/industrie-chimie.jpg\" alt=\"Industria qu&#xED;mica\" class=\"wp-image-725\"\/><figcaption class=\"wp-element-caption\">Qu\u00edmica\/Petroqu\u00edmica<\/figcaption><\/figure>\n\n\n\n<figure class=\"wp-block-image aligncenter size-large\"><img decoding=\"async\" width=\"70\" height=\"70\" src=\"https:\/\/obera.fr\/wp-content\/uploads\/2020\/08\/industrie-bois.jpg\" alt=\"Industria maderera\" class=\"wp-image-672\"\/><figcaption class=\"wp-element-caption\">Carpinter\u00eda<\/figcaption><\/figure>\n\n\n\n<figure class=\"wp-block-image aligncenter size-large\"><img decoding=\"async\" width=\"70\" height=\"70\" src=\"https:\/\/obera.fr\/wp-content\/uploads\/2020\/08\/industrie-papier-carton.jpg\" alt=\"Industria del papel y cart&#xF3;n\" class=\"wp-image-670\"\/><figcaption class=\"wp-element-caption\">Papel\/cart\u00f3n<\/figcaption><\/figure>\n<\/div>\n\n\n\n<div class=\"wp-block-column is-layout-flow wp-block-column-is-layout-flow\">\n<figure class=\"wp-block-image aligncenter size-large\"><img decoding=\"async\" width=\"70\" height=\"70\" src=\"https:\/\/obera.fr\/wp-content\/uploads\/2020\/08\/industrie-plastique.jpg\" alt=\"Industria del pl&#xE1;stico\" class=\"wp-image-669\"\/><figcaption class=\"wp-element-caption\">Pl\u00e1sticos<\/figcaption><\/figure>\n\n\n\n<figure class=\"wp-block-image aligncenter size-large\"><img decoding=\"async\" width=\"70\" height=\"70\" src=\"https:\/\/obera.fr\/wp-content\/uploads\/2020\/08\/industrie-dechets.jpg\" alt=\"Residuos industriales\" class=\"wp-image-726\"\/><figcaption class=\"wp-element-caption\">Recogida y clasificaci\u00f3n de residuos<\/figcaption><\/figure>\n\n\n\n<figure class=\"wp-block-image aligncenter size-large\"><img decoding=\"async\" width=\"70\" height=\"70\" src=\"https:\/\/obera.fr\/wp-content\/uploads\/2020\/08\/industrie-agroalimentaire.jpg\" alt=\"Industria alimentaria\" class=\"wp-image-727\"\/><figcaption class=\"wp-element-caption\">Industria alimentaria<\/figcaption><\/figure>\n\n\n\n<figure class=\"wp-block-image aligncenter size-large\"><img decoding=\"async\" width=\"70\" height=\"70\" src=\"https:\/\/obera.fr\/wp-content\/uploads\/2020\/08\/industrie-textile.jpg\" alt=\"Industria textil\" class=\"wp-image-671\"\/><figcaption class=\"wp-element-caption\">Textiles<\/figcaption><\/figure>\n<\/div>\n<\/div>\n<\/div>\n<\/div>\n\n<div class=\"wp-block-buttons is-horizontal is-content-justification-center is-layout-flex wp-container-core-buttons-is-layout-03627597 wp-block-buttons-is-layout-flex\">\n<div class=\"wp-block-button has-custom-width wp-block-button__width-100\"><a class=\"wp-block-button__link wp-element-button\" href=\"https:\/\/obera.fr\/es\/contacta-con-nosotros\/\">M\u00e1s informaci\u00f3n<\/a><\/div>\n<\/div>\n\n<h2 class=\"wp-block-heading\" id=\"caracteristiques-techniques\">Especificaciones t\u00e9cnicas<\/h2>\n\n<figure class=\"wp-block-table\"><table class=\"has-fixed-layout\"><thead><tr><th>Dispositivo<\/th><th><\/th><th>OB-JUMBO<\/th><\/tr><\/thead><tbody><tr><td>Caudal m\u00e1x.<\/td><td>m3\/h<\/td><td>170<\/td><\/tr><tr><td>Vac\u00edo m\u00e1x.<\/td><td>Pa<\/td><td>2800<\/td><\/tr><tr><td>Tensi\u00f3n de alimentaci\u00f3n<\/td><td>V<\/td><td>230<\/td><\/tr><tr><td>Consumo de energ\u00eda<\/td><td>W<\/td><td>150<\/td><\/tr><tr><td>Dimensiones<\/td><td>l\/L\/h (mm)<\/td><td>450 x 340 x 530<\/td><\/tr><tr><td>Peso<\/td><td>Kg<\/td><td>18<\/td><\/tr><tr><td>Nivel de ruido<\/td><td>dB(A)<\/td><td>49<\/td><\/tr><\/tbody><\/table><\/figure>\n\n<hr class=\"wp-block-separator has-css-opacity is-style-dots\"\/>\n\n<h2 class=\"wp-block-heading\" id=\"les-autres-petits-depoussiereurs-de-la-marque-obera\">Otros plumeros peque\u00f1os de la marca oberA<\/h2>\n\n<div class=\"wp-block-columns is-layout-flex wp-container-core-columns-is-layout-28f84493 wp-block-columns-is-layout-flex\">\n<div class=\"wp-block-column is-layout-flow wp-block-column-is-layout-flow\">\n<figure class=\"wp-block-image aligncenter size-medium\"><a href=\"https:\/\/obera.fr\/produits\/depoussiereurs-industriels\/petits\/srf-t\/\"><img decoding=\"async\" width=\"300\" height=\"300\" src=\"https:\/\/obera.fr\/wp-content\/uploads\/2020\/10\/SRF-T-SF-300x300.png\" alt=\"Srf T Sf\" class=\"wp-image-1310\" srcset=\"https:\/\/obera.fr\/wp-content\/uploads\/2020\/10\/SRF-T-SF-300x300.png 300w, https:\/\/obera.fr\/wp-content\/uploads\/2020\/10\/SRF-T-SF-150x150.png 150w, https:\/\/obera.fr\/wp-content\/uploads\/2020\/10\/SRF-T-SF.png 600w\" sizes=\"(max-width: 300px) 100vw, 300px\" \/><\/a><figcaption class=\"wp-element-caption\">SRF-T<\/figcaption><\/figure>\n<\/div>\n\n\n\n<div class=\"wp-block-column is-layout-flow wp-block-column-is-layout-flow\">\n<figure class=\"wp-block-image aligncenter size-medium\"><a href=\"https:\/\/obera.fr\/produits\/depoussiereurs-industriels\/petits\/tk-serie\/\"><img decoding=\"async\" width=\"300\" height=\"300\" src=\"https:\/\/obera.fr\/wp-content\/uploads\/2020\/11\/tk-series-300x300.jpg\" alt=\"Serie TK\" class=\"wp-image-1607\" srcset=\"https:\/\/obera.fr\/wp-content\/uploads\/2020\/11\/tk-series-300x300.jpg 300w, https:\/\/obera.fr\/wp-content\/uploads\/2020\/11\/tk-series-150x150.jpg 150w, https:\/\/obera.fr\/wp-content\/uploads\/2020\/11\/tk-series.jpg 600w\" sizes=\"(max-width: 300px) 100vw, 300px\" \/><\/a><figcaption class=\"wp-element-caption\">Serie TK<\/figcaption><\/figure>\n<\/div>\n\n\n\n<div class=\"wp-block-column is-layout-flow wp-block-column-is-layout-flow\">\n<figure class=\"wp-block-image aligncenter size-medium\"><a href=\"https:\/\/obera.fr\/produits\/depoussiereurs-industriels\/petits\/aspiration-fumees-soudage-laser-epur-b-ex\/\"><img decoding=\"async\" width=\"300\" height=\"300\" src=\"https:\/\/obera.fr\/wp-content\/uploads\/2023\/10\/epurb-ex-1000-3000-5000-300x300.png\" alt=\"oberA epur b ex 1000 3000 5000\" class=\"wp-image-25016\" srcset=\"https:\/\/obera.fr\/wp-content\/uploads\/2023\/10\/epurb-ex-1000-3000-5000-300x300.png 300w, https:\/\/obera.fr\/wp-content\/uploads\/2023\/10\/epurb-ex-1000-3000-5000-150x150.png 150w, https:\/\/obera.fr\/wp-content\/uploads\/2023\/10\/epurb-ex-1000-3000-5000.png 600w\" sizes=\"(max-width: 300px) 100vw, 300px\" \/><\/a><figcaption class=\"wp-element-caption\">EPUR B EX<\/figcaption><\/figure>\n<\/div>\n<\/div>\n","protected":false},"excerpt":{"rendered":"<p>Este peque\u00f1o aspirador es adecuado para una amplia gama de aplicaciones. Su potencia de aspiraci\u00f3n permite manejar de 1 a 2 puestos de trabajo simult\u00e1neamente. Es especialmente adecuado para contaminantes como polvo fino y grueso, humos, vapores y olores. Jumbo sustituye a nuestro antiguo aspirador m\u00f3vil obam. Las ventajas de Jumbo Beneficios Caracter\u00edsticas especiales Caracter\u00edsticas Aplicaciones Contaminantes Industrias Especificaciones t\u00e9cnicas Dispositivo OB-JUMBO Caudal m\u00e1x. m3\/h 170 Vac\u00edo m\u00e1x. Pa 2800 Tensi\u00f3n de alimentaci\u00f3n V 230 Consumo de energ\u00eda W 150 Dimensiones l\/L\/h (mm) 450 x 340 x 530 Peso Kg 18 Nivel de ruido dB(A) 49 Otros plumeros peque\u00f1os de &#8230; <\/p>\n<p class=\"read-more-container\"><a title=\"Aspirador Jumbo peque\u00f1o\" class=\"read-more button\" href=\"https:\/\/obera.fr\/es\/produits\/depoussiereurs-industriels\/petits\/jumbo\/#more-47024\" aria-label=\"Leer m\u00e1s sobre Aspirador Jumbo peque\u00f1o\">Lire la suite<\/a><\/p>\n","protected":false},"author":4,"featured_media":83751,"parent":48206,"menu_order":0,"comment_status":"closed","ping_status":"closed","template":"","meta":{"_acf_changed":false,"_seopress_robots_primary_cat":"","_seopress_titles_title":"Peque\u00f1o aspirador industrial Jumbo para 1 \u00f3 2 estaciones","_seopress_titles_desc":"Este peque\u00f1o aspirador es adecuado para una amplia gama de aplicaciones. Su potencia de aspiraci\u00f3n permite manejar de 1 a 2 puestos de trabajo simult\u00e1neamente.","_seopress_robots_index":"","footnotes":""},"class_list":{"0":"post-47024","1":"page","2":"type-page","3":"status-publish","4":"has-post-thumbnail","6":"no-featured-image-padding","7":"resize-featured-image"},"acf":[],"_links":{"self":[{"href":"https:\/\/obera.fr\/es\/wp-json\/wp\/v2\/pages\/47024","targetHints":{"allow":["GET"]}}],"collection":[{"href":"https:\/\/obera.fr\/es\/wp-json\/wp\/v2\/pages"}],"about":[{"href":"https:\/\/obera.fr\/es\/wp-json\/wp\/v2\/types\/page"}],"author":[{"embeddable":true,"href":"https:\/\/obera.fr\/es\/wp-json\/wp\/v2\/users\/4"}],"replies":[{"embeddable":true,"href":"https:\/\/obera.fr\/es\/wp-json\/wp\/v2\/comments?post=47024"}],"version-history":[{"count":8,"href":"https:\/\/obera.fr\/es\/wp-json\/wp\/v2\/pages\/47024\/revisions"}],"predecessor-version":[{"id":117488,"href":"https:\/\/obera.fr\/es\/wp-json\/wp\/v2\/pages\/47024\/revisions\/117488"}],"up":[{"embeddable":true,"href":"https:\/\/obera.fr\/es\/wp-json\/wp\/v2\/pages\/48206"}],"wp:featuredmedia":[{"embeddable":true,"href":"https:\/\/obera.fr\/es\/wp-json\/wp\/v2\/media\/83751"}],"wp:attachment":[{"href":"https:\/\/obera.fr\/es\/wp-json\/wp\/v2\/media?parent=47024"}],"curies":[{"name":"wp","href":"https:\/\/api.w.org\/{rel}","templated":true}]}}