{"id":47152,"date":"2021-02-02T16:59:47","date_gmt":"2021-02-02T14:59:47","guid":{"rendered":"https:\/\/obera.fr\/colector-de-polvo-seco-estmac\/"},"modified":"2026-02-09T11:25:44","modified_gmt":"2026-02-09T09:25:44","slug":"depoussiereur-a-sec-estmac","status":"publish","type":"page","link":"https:\/\/obera.fr\/es\/produits\/depoussiereurs-industriels\/fixes\/depoussiereur-a-sec-estmac\/","title":{"rendered":"Colector de polvo seco ESTMAC"},"content":{"rendered":"\n<p>ESTMAC es una gama de <a href=\"https:\/\/obera.fr\/es\/produits\/depoussiereurs-industriels\/\" data-type=\"page\" data-id=\"389\">aspiradores fijos y compactos<\/a> que ofrecen una soluci\u00f3n econ\u00f3mica para aspirar peque\u00f1as y medianas cantidades de <strong>polvo y virutas<\/strong>.  <\/p>\n\n<h2 class=\"wp-block-heading\" id=\"qu-est-ce-que-le-depoussiereur-estmac\">\u00bfQu\u00e9 es el aspirador ESTMAC?<\/h2>\n\n<div class=\"wp-block-columns is-layout-flex wp-container-core-columns-is-layout-28f84493 wp-block-columns-is-layout-flex\">\n<div class=\"wp-block-column is-layout-flow wp-block-column-is-layout-flow\" style=\"flex-basis:33.33%\">\n<figure class=\"wp-block-image aligncenter size-medium\"><img decoding=\"async\" width=\"300\" height=\"264\" src=\"https:\/\/obera.fr\/wp-content\/uploads\/2021\/02\/Depoussiereur-fixe-ESTMAC-300x264.png\" alt=\"Colector de polvo fijo Estmac\" class=\"wp-image-4475\" srcset=\"https:\/\/obera.fr\/wp-content\/uploads\/2021\/02\/Depoussiereur-fixe-ESTMAC-300x264.png 300w, https:\/\/obera.fr\/wp-content\/uploads\/2021\/02\/Depoussiereur-fixe-ESTMAC.png 480w\" sizes=\"(max-width: 300px) 100vw, 300px\" \/><\/figure>\n<\/div>\n\n\n\n<div class=\"wp-block-column is-vertically-aligned-center is-layout-flow wp-block-column-is-layout-flow\" style=\"flex-basis:66.66%\">\n<p>Los colectores de polvo aspiran <strong>polvo seco y escurrido<\/strong> y ofrecen una amplia gama de aplicaciones para muchos sectores.  <\/p>\n\n\n\n<p>Gracias a sus <strong>dimensiones compactas<\/strong>, los colectores de polvo seco ESTMAC pueden instalarse con flexibilidad en lugares cambiantes.<\/p>\n\n\n\n<p>Est\u00e1n equipados con <strong>cartuchos filtrantes limpiables de clase de polvo \u00abM\u00bb<\/strong>, que corresponden a una eficacia de <strong>separaci\u00f3n de part\u00edculas del 99,9%<\/strong>. El preseparador integrado prolonga la vida \u00fatil de los cartuchos filtrantes al separar de antemano las part\u00edculas gruesas. Esto reduce la exposici\u00f3n de los filtros, que solo tienen que filtrar el polvo m\u00e1s fino.<\/p>\n\n\n\n<p>El contenedor de recogida de polvo m\u00f3vil se puede utilizar para <strong>eliminar la suciedad f\u00e1cilmente<\/strong> y de forma segura. La unidad de ventilaci\u00f3n insonorizada est\u00e1 dise\u00f1ada para tener <strong>un caudal de aire m\u00e1ximo con un ruido m\u00ednimo<\/strong>. Esto garantiza un bajo nivel de ruido de funcionamiento.<\/p>\n<\/div>\n<\/div>\n\n<div class=\"wp-block-columns is-layout-flex wp-container-core-columns-is-layout-28f84493 wp-block-columns-is-layout-flex\">\n<div class=\"wp-block-column is-layout-flow wp-block-column-is-layout-flow\" style=\"flex-basis:33.33%\"><\/div>\n\n\n\n<div class=\"wp-block-column is-layout-flow wp-block-column-is-layout-flow\" style=\"flex-basis:33.34%\">\n<div class=\"wp-block-buttons is-horizontal is-content-justification-center is-layout-flex wp-container-core-buttons-is-layout-03627597 wp-block-buttons-is-layout-flex\">\n<div class=\"wp-block-button has-custom-width wp-block-button__width-100\"><a class=\"wp-block-button__link wp-element-button\" href=\"https:\/\/obera.fr\/es\/contacta-con-nosotros\/\">M\u00e1s informaci\u00f3n<\/a><\/div>\n<\/div>\n\n\n\n<p><\/p>\n\n\n\n<div class=\"wp-block-buttons is-content-justification-center is-layout-flex wp-container-core-buttons-is-layout-a89b3969 wp-block-buttons-is-layout-flex\">\n<div class=\"wp-block-button\"><a class=\"wp-block-button__link wp-element-button\" href=\"https:\/\/obera.fr\/wp-content\/uploads\/2025\/04\/brochure-estmac.pdf\">DESCARGAR EL FOLLETO<\/a><\/div>\n<\/div>\n<\/div>\n\n\n\n<div class=\"wp-block-column is-layout-flow wp-block-column-is-layout-flow\" style=\"flex-basis:33.34%\">\n<div class=\"wp-block-buttons is-content-justification-center is-layout-flex wp-container-core-buttons-is-layout-a89b3969 wp-block-buttons-is-layout-flex\">\n<div class=\"wp-block-button btn-devis-source\"><a class=\"wp-block-button__link wp-element-button\" href=\"https:\/\/obera.fr\/es\/devis\/\">Pide un presupuesto<\/a><\/div>\n<\/div>\n\n\n<script>\r\ndocument.addEventListener('DOMContentLoaded', function() {\r\n    \/\/ 1. On cherche le titre H1 de la page\r\n    var h1 = document.querySelector('h1');\r\n    var productTitle = h1 ? h1.innerText.trim() : \"\";\r\n\r\n    \/\/ 2. On cherche les boutons via la classe CSS .btn-devis-source\r\n    var buttons = document.querySelectorAll('.btn-devis-source a');\r\n\r\n    \/\/ 3. Si on a le titre et les boutons, on ajoute le param\u00e8tre\r\n    if (buttons.length > 0 && productTitle !== \"\") {\r\n        var encodedTitle = encodeURIComponent(productTitle);\r\n\r\n        buttons.forEach(function(btn) {\r\n            var currentHref = btn.getAttribute('href');\r\n            \r\n            \/\/ S\u00e9curit\u00e9 pour ne pas ajouter le param\u00e8tre 2 fois\r\n            if (currentHref.indexOf('sujet=') === -1) {\r\n                var separator = currentHref.indexOf('?') !== -1 ? '&' : '?';\r\n                var newLink = currentHref + separator + 'sujet=' + encodedTitle;\r\n                \r\n                btn.setAttribute('href', newLink);\r\n            }\r\n        });\r\n    }\r\n});\r\n<\/script><\/div>\n<\/div>\n\n<h2 class=\"wp-block-heading\" id=\"pour-quelles-utilisations\">\u00bfPara qu\u00e9 usos?<\/h2>\n\n<p>Los <a href=\"https:\/\/obera.fr\/es\/produits\/depoussiereurs-industriels\/petits\/\">peque\u00f1os aspiradores<\/a><strong> <\/strong>est\u00e1n dise\u00f1ados para aspirar eficazmente cantidades peque\u00f1as o medianas de polvo y virutas de metal, polvo y virutas de pl\u00e1stico, polvo mineral, polvo en suspensi\u00f3n y polvo de materiales compuestos.<\/p>\n\n<blockquote class=\"wp-block-quote is-layout-flow wp-block-quote-is-layout-flow\">\n<p>Estos extractores de polvo fijos se pueden conectar directamente a <strong>uno o varios puestos de trabajo<\/strong> o a <strong>una o varias m\u00e1quinas de producci\u00f3n<\/strong>. Tambi\u00e9n pueden estar equipados con un<strong> <\/strong><a href=\"https:\/\/obera.fr\/es\/produits\/bras-dispositifs-captation\/capot-industriel\/\">brazo de aspiraci\u00f3n<\/a> en caso de aspiraci\u00f3n en la fuente.<\/p>\n<\/blockquote>\n\n<p>Estos contaminantes se generan generalmente durante el aserrado, corte, mecanizado, fresado, lijado, pulido o durante la separaci\u00f3n o decantaci\u00f3n de materiales.  <\/p>\n\n<div class=\"wp-block-columns is-layout-flex wp-container-core-columns-is-layout-28f84493 wp-block-columns-is-layout-flex\">\n<div class=\"wp-block-column is-layout-flow wp-block-column-is-layout-flow\">\n<h3 class=\"wp-block-heading has-text-align-center\" id=\"polluants\">CONTAMINANTES<\/h3>\n\n\n\n<hr class=\"wp-block-separator has-css-opacity aligncenter is-style-wide\"\/>\n\n\n\n<div style=\"height:20px\" aria-hidden=\"true\" class=\"wp-block-spacer\"><\/div>\n\n\n\n<div class=\"wp-block-columns is-layout-flex wp-container-core-columns-is-layout-28f84493 wp-block-columns-is-layout-flex\">\n<div class=\"wp-block-column is-layout-flow wp-block-column-is-layout-flow\">\n<figure class=\"wp-block-image aligncenter size-large\"><img decoding=\"async\" width=\"70\" height=\"70\" src=\"https:\/\/obera.fr\/wp-content\/uploads\/2020\/08\/polluants-poussieres.jpg\" alt=\"Metro - Producto\" class=\"wp-image-675\"\/><figcaption class=\"wp-element-caption\">Polvo<\/figcaption><\/figure>\n<\/div>\n\n\n\n<div class=\"wp-block-column is-layout-flow wp-block-column-is-layout-flow\">\n<figure class=\"wp-block-image aligncenter size-large\"><img decoding=\"async\" width=\"70\" height=\"70\" src=\"https:\/\/obera.fr\/wp-content\/uploads\/2020\/08\/polluants-copeaux-bois.jpg\" alt=\"Ilustraci&#xF3;n - Gr&#xE1;ficos vectoriales\" class=\"wp-image-674\"\/><figcaption class=\"wp-element-caption\">Patatas fritas<\/figcaption><\/figure>\n<\/div>\n<\/div>\n<\/div>\n\n\n\n<div class=\"wp-block-column is-layout-flow wp-block-column-is-layout-flow\">\n<h3 class=\"wp-block-heading has-text-align-center\" id=\"industries\">INDUSTRIAS<\/h3>\n\n\n\n<hr class=\"wp-block-separator has-css-opacity aligncenter is-style-wide\"\/>\n\n\n\n<div style=\"height:20px\" aria-hidden=\"true\" class=\"wp-block-spacer\"><\/div>\n\n\n\n<div class=\"wp-block-columns is-layout-flex wp-container-core-columns-is-layout-28f84493 wp-block-columns-is-layout-flex\">\n<div class=\"wp-block-column is-layout-flow wp-block-column-is-layout-flow\">\n<figure class=\"wp-block-image aligncenter size-large\"><img decoding=\"async\" width=\"70\" height=\"70\" src=\"https:\/\/obera.fr\/wp-content\/uploads\/2020\/08\/industrie-metallurgie.jpg\" alt=\"Metalurgia\" class=\"wp-image-673\"\/><figcaption class=\"wp-element-caption\">Metalurgia<\/figcaption><\/figure>\n\n\n\n<figure class=\"wp-block-image aligncenter size-large\"><img decoding=\"async\" width=\"70\" height=\"70\" src=\"https:\/\/obera.fr\/wp-content\/uploads\/2020\/08\/industrie-plastique.jpg\" alt=\"Pl&#xE1;sticos\" class=\"wp-image-669\"\/><figcaption class=\"wp-element-caption\">Pl\u00e1sticos<\/figcaption><\/figure>\n\n\n\n<figure class=\"wp-block-image aligncenter size-large is-resized\"><img decoding=\"async\" width=\"100\" height=\"100\" src=\"https:\/\/obera.fr\/wp-content\/uploads\/2020\/11\/29-materiaux-composites.jpg\" alt=\"Materiales compuestos\" class=\"wp-image-1671\"\/><figcaption class=\"wp-element-caption\">Materiales compuestos<\/figcaption><\/figure>\n<\/div>\n\n\n\n<div class=\"wp-block-column is-layout-flow wp-block-column-is-layout-flow\">\n<figure class=\"wp-block-image aligncenter size-large\"><img decoding=\"async\" width=\"70\" height=\"70\" src=\"https:\/\/obera.fr\/wp-content\/uploads\/2020\/08\/industrie-bois.jpg\" alt=\"Carpinter&#xED;a\" class=\"wp-image-672\"\/><figcaption class=\"wp-element-caption\">Carpinter\u00eda<\/figcaption><\/figure>\n\n\n\n<figure class=\"wp-block-image aligncenter size-large\"><img decoding=\"async\" width=\"70\" height=\"70\" src=\"https:\/\/obera.fr\/wp-content\/uploads\/2020\/08\/industrie-minerai.jpg\" alt=\"Minerales\" class=\"wp-image-724\"\/><figcaption class=\"wp-element-caption\">Minerales<\/figcaption><\/figure>\n\n\n\n<p><\/p>\n<\/div>\n<\/div>\n<\/div>\n<\/div>\n\n<h2 class=\"wp-block-heading\" id=\"quelles-sont-les-caracteristiques\">\u00bfCu\u00e1les son las caracter\u00edsticas?<\/h2>\n\n<p>Esta gama de aspiradores industriales est\u00e1 dise\u00f1ada en versi\u00f3n estacionaria, pero es <strong>f\u00e1cilmente desplazable<\/strong>. Su caudal de aire de hasta <strong>1800 m3\/h<\/strong> le permite aspirar una cantidad media de polvo y virutas. La serie ESTMAC se presenta en dos modelos:<\/p>\n\n<ul class=\"wp-block-list\">\n<li>Colector de polvo <strong>ESTMAC 1500<\/strong> para un caudal de aire de 1500 m3\/h.<\/li>\n\n\n\n<li>Colector de polvo <strong>ESTMAC 1800<\/strong> para un caudal de aire de 1800 m3\/h.  <\/li>\n<\/ul>\n\n<p>Estos aspiradores est\u00e1n dotados de una interesante relaci\u00f3n potencia\/ruido de funcionamiento con un <strong>dise\u00f1o insonorizado<\/strong> de la unidad de ventilaci\u00f3n. La gama ESTMAC tambi\u00e9n est\u00e1 disponible en clase H, lo que permitir\u00e1 tratar los <strong>polvos peligrosos<\/strong> (CMR). En este caso, el aparato est\u00e1 equipado con una etapa de filtraci\u00f3n adicional a saturaci\u00f3n de <strong>clase H14<\/strong>.<\/p>\n\n<p>Tambi\u00e9n se puede a\u00f1adir un preseparador de chispas opcional.<\/p>\n\n<div class=\"wp-block-columns is-layout-flex wp-container-core-columns-is-layout-28f84493 wp-block-columns-is-layout-flex\">\n<div class=\"wp-block-column is-layout-flow wp-block-column-is-layout-flow\" style=\"flex-basis:33.33%\">\n<figure class=\"wp-block-image alignleft size-medium\"><img decoding=\"async\" width=\"300\" height=\"169\" src=\"https:\/\/obera.fr\/wp-content\/uploads\/2021\/02\/Decolmatage-filtre-ESTMAC-300x169.png\" alt=\"Desatasco del filtro Estmac\" class=\"wp-image-4478\" srcset=\"https:\/\/obera.fr\/wp-content\/uploads\/2021\/02\/Decolmatage-filtre-ESTMAC-300x169.png 300w, https:\/\/obera.fr\/wp-content\/uploads\/2021\/02\/Decolmatage-filtre-ESTMAC-1024x575.png 1024w, https:\/\/obera.fr\/wp-content\/uploads\/2021\/02\/Decolmatage-filtre-ESTMAC-768x432.png 768w, https:\/\/obera.fr\/wp-content\/uploads\/2021\/02\/Decolmatage-filtre-ESTMAC-1536x863.png 1536w, https:\/\/obera.fr\/wp-content\/uploads\/2021\/02\/Decolmatage-filtre-ESTMAC.png 1920w\" sizes=\"(max-width: 300px) 100vw, 300px\" \/><figcaption class=\"wp-element-caption\">Desatasco manual rotativo<\/figcaption><\/figure>\n<\/div>\n\n\n\n<div class=\"wp-block-column is-vertically-aligned-center is-layout-flow wp-block-column-is-layout-flow\" style=\"flex-basis:66.66%\">\n<p class=\"has-text-align-left\">Los modelos de aspirador ESTMAC poseen un sistema de <strong>limpieza manual rotativa<\/strong> de los filtros. El filtro se sopla uniformemente gracias a una boquilla rotativa conectada al dep\u00f3sito de aire comprimido.<\/p>\n<\/div>\n<\/div>\n\n<figure class=\"wp-block-table\"><table class=\"has-fixed-layout\"><thead><tr><th>Dispositivo<\/th><th><\/th><th>ESTMAC 1500<\/th><th>ESTMAC 1800<\/th><\/tr><\/thead><tbody><tr><td>Flujo<\/td><td>m3\/h<\/td><td>1 500<\/td><td>1 800<\/td><\/tr><tr><td>Di\u00e1metro de entrada<\/td><td>mm<\/td><td>160<\/td><td>160<\/td><\/tr><tr><td>presi\u00f3n negativa m\u00e1xima<\/td><td>Pa<\/td><td>2 040<\/td><td>2 650<\/td><\/tr><tr><td>Tensi\u00f3n de alimentaci\u00f3n<\/td><td>V<\/td><td>400<\/td><td>400<\/td><\/tr><tr><td>Potencia<\/td><td>kW<\/td><td>1.1<\/td><td>2.2<\/td><\/tr><tr><td>Superficie filtrante<\/td><td>m\u00b2<\/td><td>7.5<\/td><td>15<\/td><\/tr><tr><td>Capacidad de almacenamiento de polvo<\/td><td>l<\/td><td>40<\/td><td>40<\/td><\/tr><tr><td>Dimensiones<\/td><td>l\/L\/h (mm)<\/td><td>650 x 707 x 1490<\/td><td>650 x 707 x 1490<\/td><\/tr><tr><td>Peso<\/td><td>kg<\/td><td>170<\/td><td>180<\/td><\/tr><tr><td>Nivel de ruido<\/td><td>dB(A)<\/td><td>71,3<\/td><td>73.3<\/td><\/tr><\/tbody><\/table><\/figure>\n\n<div class=\"wp-block-buttons is-horizontal is-content-justification-center is-layout-flex wp-container-core-buttons-is-layout-03627597 wp-block-buttons-is-layout-flex\">\n<div class=\"wp-block-button\"><a class=\"wp-block-button__link wp-element-button\" href=\"https:\/\/obera.fr\/wp-content\/uploads\/2025\/04\/brochure-estmac.pdf\">descargar ficha t\u00e9cnica del producto<\/a><\/div>\n<\/div>\n\n<h3 class=\"wp-block-heading\" id=\"quels-sont-les-avantages\">\u00bfCU\u00c1LES SON LOS BENEFICIOS?<\/h3>\n\n<p>Los aspiradores fijos ESTMAC son f\u00e1ciles de usar y mantener. Adem\u00e1s, a pesar de su condici\u00f3n de \u00abcolector de polvo fijo\u00bb, se pueden mover sin mucho esfuerzo.  <\/p>\n\n<p>Su dise\u00f1o de chapa de acero lo convierte en un aspirador robusto, que garantiza una larga vida \u00fatil. El dise\u00f1o insonorizado de los ventiladores garantiza un bajo ruido de funcionamiento, de 71 a 74 dB.<\/p>\n\n<p>El sistema de limpieza manual del filtro rotativo alarga la vida de los cartuchos filtrantes, reduciendo el coste de mantenimiento y los consumibles.  <\/p>\n\n<blockquote class=\"wp-block-quote is-layout-flow wp-block-quote-is-layout-flow\">\n<p>La bandeja de recogida de polvo extra\u00edble hace que la eliminaci\u00f3n del polvo sea f\u00e1cil y segura.<\/p>\n<\/blockquote>\n\n<p>Los captadores de polvo fijos pueden equiparse con un filtro absoluto HEPA de clase H, que ayuda a mejorar la calidad del aire y a cumplir los L\u00edmites de Exposici\u00f3n Profesional<a href=\"https:\/\/obera.fr\/es\/nuestro-consejo\/reglementation-vlep-evaluation-risque-chimique-lieu-de-travail\/\" data-type=\"post\" data-id=\"6575\">(<\/a>LEP).<\/p>\n\n<div class=\"wp-block-columns is-layout-flex wp-container-core-columns-is-layout-28f84493 wp-block-columns-is-layout-flex\">\n<div class=\"wp-block-column is-layout-flow wp-block-column-is-layout-flow\">\n<h4 class=\"wp-block-heading has-text-align-center\" id=\"avantages\"><strong>Beneficios<\/strong><\/h4>\n\n\n\n<ul class=\"wp-block-list\">\n<li>Adecuado para su uso en una variedad de lugares cambiantes<\/li>\n\n\n\n<li>Eliminaci\u00f3n f\u00e1cil y segura del polvo<\/li>\n\n\n\n<li>Bajos costes de funcionamiento y supervisi\u00f3n<\/li>\n\n\n\n<li>Robusto dise\u00f1o de chapa de acero para una larga vida \u00fatil<\/li>\n\n\n\n<li>Bajo ruido de funcionamiento<\/li>\n\n\n\n<li>Utiliza cartuchos filtrantes probados seg\u00fan la clase de polvo \u00abM\u00bb.<\/li>\n\n\n\n<li>F\u00e1cil de usar y mantener<\/li>\n<\/ul>\n<\/div>\n\n\n\n<div class=\"wp-block-column is-layout-flow wp-block-column-is-layout-flow\">\n<h4 class=\"wp-block-heading has-text-align-center\" id=\"particularites\"><strong>Caracter\u00edsticas especiales<\/strong><\/h4>\n\n\n\n<ul class=\"wp-block-list\">\n<li>Separador de impacto integrado para polvo grueso<\/li>\n\n\n\n<li>Modelos especiales<\/li>\n\n\n\n<li>Limpieza de filtros con una boquilla giratoria manual<\/li>\n\n\n\n<li>Carcasa del ventilador insonorizada<\/li>\n\n\n\n<li>Ventilador centr\u00edfugo de alto rendimiento en el lado del aire limpio<\/li>\n\n\n\n<li>Caj\u00f3n recogedor de polvo m\u00f3vil y extra\u00edble con una capacidad aproximada de 40 l<\/li>\n<\/ul>\n<\/div>\n\n\n\n<div class=\"wp-block-column is-layout-flow wp-block-column-is-layout-flow\">\n<h4 class=\"wp-block-heading has-text-align-center\" id=\"caracteristiques\"><strong>Caracter\u00edsticas<\/strong><\/h4>\n\n\n\n<ul class=\"wp-block-list\">\n<li>Ideal para puestos de trabajo individuales y\/o m\u00e1quinas de producci\u00f3n<\/li>\n\n\n\n<li>Extrae el polvo y las virutas de la madera, los pl\u00e1sticos, el metal y los materiales compuestos<\/li>\n\n\n\n<li>Filtraci\u00f3n de clase H (opcional) para manipular polvos peligrosos (CMR)<\/li>\n\n\n\n<li>Posibilidad de instalar un brazo de aspiraci\u00f3n<\/li>\n<\/ul>\n<\/div>\n<\/div>\n\n<h3 class=\"wp-block-heading\" id=\"en-option\">opcional<\/h3>\n\n<div class=\"wp-block-columns is-layout-flex wp-container-core-columns-is-layout-28f84493 wp-block-columns-is-layout-flex\">\n<div class=\"wp-block-column is-layout-flow wp-block-column-is-layout-flow\">\n<figure class=\"wp-block-image aligncenter size-large\"><img decoding=\"async\" width=\"100\" height=\"100\" src=\"https:\/\/obera.fr\/wp-content\/uploads\/2020\/08\/certificat-poussieres-classe-H.jpg\" alt=\"Aspirador - hoover\" class=\"wp-image-666\"\/><figcaption class=\"wp-element-caption\">Certificado de polvo de clase H seg\u00fan EN 60-335-2-69<\/figcaption><\/figure>\n<\/div>\n\n\n\n<div class=\"wp-block-column is-layout-flow wp-block-column-is-layout-flow\">\n<figure class=\"wp-block-image aligncenter size-large\"><img decoding=\"async\" width=\"100\" height=\"100\" src=\"https:\/\/obera.fr\/wp-content\/uploads\/2020\/08\/pre-separateur.jpg\" alt=\"Colector de polvo - polvo\" class=\"wp-image-683\"\/><figcaption class=\"wp-element-caption\">Preseparador complementario para chispas y virutas<\/figcaption><\/figure>\n<\/div>\n\n\n\n<div class=\"wp-block-column is-layout-flow wp-block-column-is-layout-flow\">\n<figure class=\"wp-block-image aligncenter size-large\"><img decoding=\"async\" width=\"100\" height=\"100\" src=\"https:\/\/obera.fr\/wp-content\/uploads\/2020\/09\/Charbon-actif-100x100-1.jpg\" alt=\"Carb&#xF3;n - Mina de carb&#xF3;n\" class=\"wp-image-963\"\/><figcaption class=\"wp-element-caption\">Filtro de carb\u00f3n activado<\/figcaption><\/figure>\n<\/div>\n<\/div>\n\n<h3 class=\"wp-block-heading\" id=\"accessoires\">accesorios<\/h3>\n\n<div class=\"wp-block-columns is-layout-flex wp-container-core-columns-is-layout-28f84493 wp-block-columns-is-layout-flex\">\n<div class=\"wp-block-column is-layout-flow wp-block-column-is-layout-flow\">\n<figure class=\"wp-block-image aligncenter size-full\"><img decoding=\"async\" width=\"100\" height=\"100\" src=\"https:\/\/obera.fr\/wp-content\/uploads\/2020\/08\/accessoires-adaptateur-de-gaines.jpg\" alt=\"Tubo - Tubo\" class=\"wp-image-664\"\/><figcaption class=\"wp-element-caption\">Adaptador de vaina<\/figcaption><\/figure>\n<\/div>\n\n\n\n<div class=\"wp-block-column is-layout-flow wp-block-column-is-layout-flow\">\n<figure class=\"wp-block-image aligncenter size-full\"><img decoding=\"async\" width=\"100\" height=\"100\" src=\"https:\/\/obera.fr\/wp-content\/uploads\/2020\/08\/accessoires-gaines.jpg\" alt=\"Colector de polvo - Filtraci&#xF3;n\" class=\"wp-image-665\"\/><figcaption class=\"wp-element-caption\">Conductos<\/figcaption><\/figure>\n<\/div>\n\n\n\n<div class=\"wp-block-column is-layout-flow wp-block-column-is-layout-flow\">\n<figure class=\"wp-block-image aligncenter size-full\"><img decoding=\"async\" width=\"100\" height=\"100\" src=\"https:\/\/obera.fr\/wp-content\/uploads\/2020\/08\/accessoires-bras.jpg\" alt=\"Colector de polvo - Soldadura\" class=\"wp-image-662\"\/><figcaption class=\"wp-element-caption\">Brazo<\/figcaption><\/figure>\n<\/div>\n\n\n\n<div class=\"wp-block-column is-layout-flow wp-block-column-is-layout-flow\">\n<figure class=\"wp-block-image aligncenter size-full\"><img decoding=\"async\" width=\"100\" height=\"100\" src=\"https:\/\/obera.fr\/wp-content\/uploads\/2020\/08\/accessoires-hotte.jpg\" alt=\"Colector de polvo - Filtro\" class=\"wp-image-663\"\/><figcaption class=\"wp-element-caption\">Capucha<\/figcaption><\/figure>\n<\/div>\n<\/div>\n\n<div class=\"wp-block-buttons is-horizontal is-content-justification-center is-layout-flex wp-container-core-buttons-is-layout-03627597 wp-block-buttons-is-layout-flex\">\n<div class=\"wp-block-button has-custom-width wp-block-button__width-100\"><a class=\"wp-block-button__link wp-element-button\" href=\"https:\/\/obera.fr\/es\/contacta-con-nosotros\/\">M\u00e1s informaci\u00f3n<\/a><\/div>\n<\/div>\n\n<h2 class=\"wp-block-heading\" id=\"les-autres-depoussiereurs-fixes-de-la-marque-obera\">Otros aspiradores fijos de la marca oberA<\/h2>\n\n<div class=\"wp-block-columns is-layout-flex wp-container-core-columns-is-layout-28f84493 wp-block-columns-is-layout-flex\">\n<div class=\"wp-block-column is-layout-flow wp-block-column-is-layout-flow\">\n<figure class=\"wp-block-image aligncenter size-full is-resized\"><a href=\"https:\/\/obera.fr\/es\/produits\/depoussiereurs-industriels\/fixes\/depoussiereur-a-voie-humide-dustomat-hydro\/\"><img decoding=\"async\" width=\"500\" height=\"500\" src=\"https:\/\/obera.fr\/wp-content\/uploads\/2023\/02\/dustomat-hydro.png\" alt=\"dustomat hidro\" class=\"wp-image-19014\" srcset=\"https:\/\/obera.fr\/wp-content\/uploads\/2023\/02\/dustomat-hydro.png 500w, https:\/\/obera.fr\/wp-content\/uploads\/2023\/02\/dustomat-hydro-300x300.png 300w, https:\/\/obera.fr\/wp-content\/uploads\/2023\/02\/dustomat-hydro-150x150.png 150w\" sizes=\"(max-width: 500px) 100vw, 500px\" \/><\/a><figcaption class=\"wp-element-caption\">Dustomat Hidr\u00e1ulico<\/figcaption><\/figure>\n<\/div>\n\n\n\n<div class=\"wp-block-column is-layout-flow wp-block-column-is-layout-flow\">\n<figure class=\"wp-block-image aligncenter size-large is-resized\"><a href=\"https:\/\/obera.fr\/es\/produits\/depoussiereurs-industriels\/fixes\/aspiration-centralisee-industrielle-dustmac\/\"><img decoding=\"async\" width=\"600\" height=\"600\" src=\"https:\/\/obera.fr\/wp-content\/uploads\/2020\/08\/depoussiereur-centralise-filtres-a-manches-DUSTMAC-S.png\" alt=\"Sistema - Dise&#xF1;o del producto\" class=\"wp-image-637\" srcset=\"https:\/\/obera.fr\/wp-content\/uploads\/2020\/08\/depoussiereur-centralise-filtres-a-manches-DUSTMAC-S.png 600w, https:\/\/obera.fr\/wp-content\/uploads\/2020\/08\/depoussiereur-centralise-filtres-a-manches-DUSTMAC-S-300x300.png 300w, https:\/\/obera.fr\/wp-content\/uploads\/2020\/08\/depoussiereur-centralise-filtres-a-manches-DUSTMAC-S-150x150.png 150w\" sizes=\"(max-width: 600px) 100vw, 600px\" \/><\/a><figcaption class=\"wp-element-caption\">DUSTMAC<\/figcaption><\/figure>\n<\/div>\n\n\n\n<div class=\"wp-block-column is-layout-flow wp-block-column-is-layout-flow\"><\/div>\n<\/div>\n","protected":false},"excerpt":{"rendered":"<p>ESTMAC es una gama de aspiradores fijos y compactos que ofrecen una soluci\u00f3n econ\u00f3mica para aspirar peque\u00f1as y medianas cantidades de polvo y virutas. \u00bfQu\u00e9 es el aspirador ESTMAC? Los colectores de polvo aspiran polvo seco y escurrido y ofrecen una amplia gama de aplicaciones para muchos sectores. Gracias a sus dimensiones compactas, los colectores de polvo seco ESTMAC pueden instalarse con flexibilidad en lugares cambiantes. Est\u00e1n equipados con cartuchos filtrantes limpiables de clase de polvo \u00abM\u00bb, que corresponden a una eficacia de separaci\u00f3n de part\u00edculas del 99,9%. El preseparador integrado prolonga la vida \u00fatil de los cartuchos filtrantes al &#8230; <\/p>\n<p class=\"read-more-container\"><a title=\"Colector de polvo seco ESTMAC\" class=\"read-more button\" href=\"https:\/\/obera.fr\/es\/produits\/depoussiereurs-industriels\/fixes\/depoussiereur-a-sec-estmac\/#more-47152\" aria-label=\"Leer m\u00e1s sobre Colector de polvo seco ESTMAC\">Lire la suite<\/a><\/p>\n","protected":false},"author":4,"featured_media":37365,"parent":47215,"menu_order":0,"comment_status":"closed","ping_status":"closed","template":"","meta":{"_acf_changed":false,"_seopress_robots_primary_cat":"","_seopress_titles_title":"Descubre el aspirador seco fijo ESTMAC de OberA","_seopress_titles_desc":"ESTMAC es una gama de aspiradores fijos y compactos capaces de aspirar eficazmente virutas y polvo secos y goteantes.","_seopress_robots_index":"","footnotes":""},"class_list":{"0":"post-47152","1":"page","2":"type-page","3":"status-publish","4":"has-post-thumbnail","6":"no-featured-image-padding","7":"resize-featured-image"},"acf":[],"_links":{"self":[{"href":"https:\/\/obera.fr\/es\/wp-json\/wp\/v2\/pages\/47152","targetHints":{"allow":["GET"]}}],"collection":[{"href":"https:\/\/obera.fr\/es\/wp-json\/wp\/v2\/pages"}],"about":[{"href":"https:\/\/obera.fr\/es\/wp-json\/wp\/v2\/types\/page"}],"author":[{"embeddable":true,"href":"https:\/\/obera.fr\/es\/wp-json\/wp\/v2\/users\/4"}],"replies":[{"embeddable":true,"href":"https:\/\/obera.fr\/es\/wp-json\/wp\/v2\/comments?post=47152"}],"version-history":[{"count":11,"href":"https:\/\/obera.fr\/es\/wp-json\/wp\/v2\/pages\/47152\/revisions"}],"predecessor-version":[{"id":141839,"href":"https:\/\/obera.fr\/es\/wp-json\/wp\/v2\/pages\/47152\/revisions\/141839"}],"up":[{"embeddable":true,"href":"https:\/\/obera.fr\/es\/wp-json\/wp\/v2\/pages\/47215"}],"wp:featuredmedia":[{"embeddable":true,"href":"https:\/\/obera.fr\/es\/wp-json\/wp\/v2\/media\/37365"}],"wp:attachment":[{"href":"https:\/\/obera.fr\/es\/wp-json\/wp\/v2\/media?parent=47152"}],"curies":[{"name":"wp","href":"https:\/\/api.w.org\/{rel}","templated":true}]}}