{"id":47188,"date":"2021-09-17T09:11:07","date_gmt":"2021-09-17T07:11:07","guid":{"rendered":"https:\/\/obera.fr\/sensor-de-co2-obcare\/"},"modified":"2026-02-09T11:25:45","modified_gmt":"2026-02-09T09:25:45","slug":"capteur-co2-obcare","status":"publish","type":"page","link":"https:\/\/obera.fr\/es\/produits\/analyseurs-air\/capteur-co2-obcare\/","title":{"rendered":"Sensor de CO2 OBCARE"},"content":{"rendered":"\n<h2 class=\"wp-block-heading\">Medici\u00f3n de la calidad del aire con sem\u00e1foros<\/h2>\n\n<div class=\"wp-block-columns is-layout-flex wp-container-core-columns-is-layout-28f84493 wp-block-columns-is-layout-flex\">\n<div class=\"wp-block-column is-layout-flow wp-block-column-is-layout-flow\" style=\"flex-basis:33.33%\">\n<figure class=\"wp-block-image aligncenter size-full is-resized\"><img decoding=\"async\" width=\"300\" height=\"212\" src=\"https:\/\/obera.fr\/wp-content\/uploads\/2021\/11\/Capteur_CO2_OBCARE.png\" alt=\"sensor co2 obcare\" class=\"wp-image-7611\" style=\"width:300px;height:212px\"\/><figcaption class=\"wp-element-caption\">OBCARE<\/figcaption><\/figure>\n<\/div>\n\n\n\n<div class=\"wp-block-column is-vertically-aligned-center is-layout-flow wp-block-column-is-layout-flow\" style=\"flex-basis:66.66%\">\n<p>El sensor de CO2 <strong>OBCARE <\/strong>permite supervisar en tiempo real la calidad del aire en espacios cerrados. Su pantalla multicolor con sem\u00e1foros ofrece una visi\u00f3n inmediata de la calidad del aire y muestra la <strong>concentraci\u00f3n de CO2 en ppm<\/strong>. Estos sem\u00e1foros constituyen referencias visuales claras y alertan a los usuarios sobre las medidas que deben tomar: <strong>purificar el aire <\/strong>mediante la instalaci\u00f3n de unidades m\u00f3viles de purificaci\u00f3n del aire y\/o <strong>ventilar de forma natural<\/strong> mediante la ventilaci\u00f3n.<\/p>\n\n\n\n<div class=\"wp-block-columns is-layout-flex wp-container-core-columns-is-layout-28f84493 wp-block-columns-is-layout-flex\">\n<div class=\"wp-block-column is-layout-flow wp-block-column-is-layout-flow\" style=\"flex-basis:33.34%\">\n<div class=\"wp-block-buttons is-content-justification-center is-layout-flex wp-container-core-buttons-is-layout-a89b3969 wp-block-buttons-is-layout-flex\">\n<div class=\"wp-block-button\"><a class=\"wp-block-button__link wp-element-button\" href=\"https:\/\/obera.fr\/wp-content\/uploads\/2025\/06\/brochure-obcare.pdf\">Descargar el folleto<\/a><\/div>\n<\/div>\n<\/div>\n\n\n\n<div class=\"wp-block-column is-layout-flow wp-block-column-is-layout-flow\" style=\"flex-basis:33.34%\">\n<div class=\"wp-block-buttons is-horizontal is-content-justification-center is-layout-flex wp-container-core-buttons-is-layout-03627597 wp-block-buttons-is-layout-flex\">\n<div class=\"wp-block-button\"><a class=\"wp-block-button__link wp-element-button\" href=\"https:\/\/boutique.obera.fr\/52-acheter-capteur-co2-obcare.html\" target=\"_blank\" rel=\"noreferrer noopener\">Comprar el sensor de CO2 OBCARE <\/a><\/div>\n<\/div>\n<\/div>\n\n\n\n<div class=\"wp-block-column is-layout-flow wp-block-column-is-layout-flow\" style=\"flex-basis:33.33%\">\n<div class=\"wp-block-buttons is-content-justification-center is-layout-flex wp-container-core-buttons-is-layout-a89b3969 wp-block-buttons-is-layout-flex\">\n<div class=\"wp-block-button btn-devis-source\"><a class=\"wp-block-button__link wp-element-button\" href=\"https:\/\/obera.fr\/es\/devis\/\">Pide un presupuesto<\/a><\/div>\n<\/div>\n\n\n<script>\r\ndocument.addEventListener('DOMContentLoaded', function() {\r\n    \/\/ 1. On cherche le titre H1 de la page\r\n    var h1 = document.querySelector('h1');\r\n    var productTitle = h1 ? h1.innerText.trim() : \"\";\r\n\r\n    \/\/ 2. On cherche les boutons via la classe CSS .btn-devis-source\r\n    var buttons = document.querySelectorAll('.btn-devis-source a');\r\n\r\n    \/\/ 3. Si on a le titre et les boutons, on ajoute le param\u00e8tre\r\n    if (buttons.length > 0 && productTitle !== \"\") {\r\n        var encodedTitle = encodeURIComponent(productTitle);\r\n\r\n        buttons.forEach(function(btn) {\r\n            var currentHref = btn.getAttribute('href');\r\n            \r\n            \/\/ S\u00e9curit\u00e9 pour ne pas ajouter le param\u00e8tre 2 fois\r\n            if (currentHref.indexOf('sujet=') === -1) {\r\n                var separator = currentHref.indexOf('?') !== -1 ? '&' : '?';\r\n                var newLink = currentHref + separator + 'sujet=' + encodedTitle;\r\n                \r\n                btn.setAttribute('href', newLink);\r\n            }\r\n        });\r\n    }\r\n});\r\n<\/script><\/div>\n<\/div>\n<\/div>\n<\/div>\n\n<h2 class=\"wp-block-heading\">Las ventajas del OBCARE<\/h2>\n\n<div class=\"wp-block-columns is-layout-flex wp-container-core-columns-is-layout-28f84493 wp-block-columns-is-layout-flex\">\n<div class=\"wp-block-column is-layout-flow wp-block-column-is-layout-flow\">\n<h3 class=\"wp-block-heading has-text-align-left\">SENSOR DE CO2<\/h3>\n\n\n\n<p>El sensor de CO2 <strong>OBCARE <\/strong>permite medir la calidad del aire de forma continua. La informaci\u00f3n mostrada en ppm se proporciona en tiempo real. El aparato es f\u00e1cil de poner en marcha y muy f\u00e1cil de desplazar. <\/p>\n<\/div>\n\n\n\n<div class=\"wp-block-column is-layout-flow wp-block-column-is-layout-flow\">\n<h3 class=\"wp-block-heading has-text-align-left\">EJEMPLOS DE INDUSTRIAS<\/h3>\n\n\n\n<ul class=\"wp-block-list\">\n<li>ERP<\/li>\n\n\n\n<li>Oficinas<\/li>\n\n\n\n<li>Gimnasios <\/li>\n\n\n\n<li>Salas de espera<\/li>\n\n\n\n<li>Escuelas<\/li>\n\n\n\n<li>Espacios abiertos<\/li>\n\n\n\n<li>Existencias<\/li>\n<\/ul>\n<\/div>\n<\/div>\n\n<h2 class=\"wp-block-heading\">Tipos de montaje<\/h2>\n\n<p>El aparato de medici\u00f3n de la calidad del aire puede instalarse sobre una mesa o en la pared. Su pie de acero inoxidable (<strong>disponible como opci\u00f3n<\/strong>) permite colocarlo de forma \u00f3ptima dentro de la habitaci\u00f3n. Un buen posicionamiento es esencial y tendr\u00e1 un impacto en la representatividad de las mediciones. En particular, debe evitarse colocar los sensores en las ventanas o en sus proximidades.<\/p>\n\n<blockquote class=\"wp-block-quote is-layout-flow wp-block-quote-is-layout-flow\">\n<p>Recomendamos la <strong>instalaci\u00f3n de un sensor de CO2 por espacio de 40 m\u00b2<\/strong>.<\/p>\n<\/blockquote>\n\n<div class=\"wp-block-buttons is-horizontal is-content-justification-center is-layout-flex wp-container-core-buttons-is-layout-03627597 wp-block-buttons-is-layout-flex\">\n<div class=\"wp-block-button has-custom-width wp-block-button__width-100\"><a class=\"wp-block-button__link wp-element-button\" href=\"https:\/\/obera.fr\/es\/contacta-con-nosotros\/\">M\u00e1s informaci\u00f3n<\/a><\/div>\n<\/div>\n\n<h2 class=\"wp-block-heading\">Caracter\u00edsticas t\u00e9cnicas<\/h2>\n\n<figure class=\"wp-block-table\"><table class=\"has-fixed-layout\"><tbody><tr><td>Sensor de CO2<\/td><td>Tecnolog\u00eda NDIR (sensor infrarrojo no dispersivo) con autocalibraci\u00f3n<br\/>Rango de medici\u00f3n: de 0 a 5000 ppm (+- 60ppm)<\/td><\/tr><tr><td>Sensor de humedad y temperatura<\/td><td>Opcional<\/td><\/tr><tr><td>Visualizaci\u00f3n mediante sem\u00e1foros Verde\/Amarillo\/Rojo<\/td><td>Verde: &lt; 800 ppm<br\/>Amarillo: 800 &#8211; 2000 ppm<br\/>Rojo &gt; 2000 ppm<\/td><\/tr><tr><td>Alarma sonora<\/td><td>Opci\u00f3n<br\/>La alarma suena cada minuto cuando se supera el umbral<\/td><\/tr><tr><td>Cable de alimentaci\u00f3n<\/td><td>Alimentaci\u00f3n de 12 V con conector UE incluido (longitud: 1,5 metros)<\/td><\/tr><tr><td>Fuente de alimentaci\u00f3n<\/td><td>12V &#8211; 34V AC\/DC<\/td><\/tr><tr><td>Potencia absorbida<\/td><td>40 \u2013 80 mA<\/td><\/tr><tr><td>Magnitudes f\u00edsicas medidas<\/td><td>CO2 en ppm<\/td><\/tr><tr><td>Carcasa<\/td><td>Carcasa de ABS, blanco RAL 9010<br\/>Agujeros para montaje en pared<br\/>Dimensiones 87,5 x 87,5 x 30mm<\/td><\/tr><tr><td>Pie para montaje en escritorio<\/td><td>Expositor opcional<br\/>Pie de acero inoxidable<\/td><\/tr><tr><td>\u00cdndice de protecci\u00f3n<\/td><td>IP30<\/td><\/tr><\/tbody><\/table><\/figure>\n\n<div style=\"height:25px\" aria-hidden=\"true\" class=\"wp-block-spacer\"><\/div>\n\n<h2 class=\"wp-block-heading\">Los otros analizadores de aire OberA<\/h2>\n\n<div class=\"wp-block-columns is-layout-flex wp-container-core-columns-is-layout-28f84493 wp-block-columns-is-layout-flex\">\n<div class=\"wp-block-column is-layout-flow wp-block-column-is-layout-flow\">\n<figure class=\"wp-block-image aligncenter size-thumbnail is-resized\"><a href=\"https:\/\/obera.fr\/es\/produits\/analyseurs-air\/compteur-particules\/\"><img decoding=\"async\" width=\"150\" height=\"150\" src=\"https:\/\/obera.fr\/wp-content\/uploads\/2020\/08\/compteur-de-particules-150x150.png\" alt=\"Contador de part&#xED;culas Trotec PC220 - Contador de part&#xED;culas\" class=\"wp-image-714\" style=\"width:150px;height:150px\" srcset=\"https:\/\/obera.fr\/wp-content\/uploads\/2020\/08\/compteur-de-particules-150x150.png 150w, https:\/\/obera.fr\/wp-content\/uploads\/2020\/08\/compteur-de-particules-300x300.png 300w, https:\/\/obera.fr\/wp-content\/uploads\/2020\/08\/compteur-de-particules.png 433w\" sizes=\"(max-width: 150px) 100vw, 150px\" \/><\/a><figcaption class=\"wp-element-caption\">Contador de part\u00edculas<\/figcaption><\/figure>\n<\/div>\n<\/div>\n","protected":false},"excerpt":{"rendered":"<p>Medici\u00f3n de la calidad del aire con sem\u00e1foros El sensor de CO2 OBCARE permite supervisar en tiempo real la calidad del aire en espacios cerrados. Su pantalla multicolor con sem\u00e1foros ofrece una visi\u00f3n inmediata de la calidad del aire y muestra la concentraci\u00f3n de CO2 en ppm. Estos sem\u00e1foros constituyen referencias visuales claras y alertan a los usuarios sobre las medidas que deben tomar: purificar el aire mediante la instalaci\u00f3n de unidades m\u00f3viles de purificaci\u00f3n del aire y\/o ventilar de forma natural mediante la ventilaci\u00f3n. Las ventajas del OBCARE SENSOR DE CO2 El sensor de CO2 OBCARE permite medir la &#8230; <\/p>\n<p class=\"read-more-container\"><a title=\"Sensor de CO2 OBCARE\" class=\"read-more button\" href=\"https:\/\/obera.fr\/es\/produits\/analyseurs-air\/capteur-co2-obcare\/#more-47188\" aria-label=\"Leer m\u00e1s sobre Sensor de CO2 OBCARE\">Lire la suite<\/a><\/p>\n","protected":false},"author":4,"featured_media":83751,"parent":48380,"menu_order":0,"comment_status":"closed","ping_status":"closed","template":"","meta":{"_acf_changed":false,"_seopress_robots_primary_cat":"","_seopress_titles_title":"Sensor de CO2 OBCARE para medir la calidad del aire","_seopress_titles_desc":"Descubra nuestro sensor de CO2, ideal para complementar un tratamiento contra la COVID-19. Indica el nivel de CO2 en ppm e informa de la calidad del aire en directo.","_seopress_robots_index":"","footnotes":""},"class_list":{"0":"post-47188","1":"page","2":"type-page","3":"status-publish","4":"has-post-thumbnail","6":"no-featured-image-padding","7":"resize-featured-image"},"acf":[],"_links":{"self":[{"href":"https:\/\/obera.fr\/es\/wp-json\/wp\/v2\/pages\/47188","targetHints":{"allow":["GET"]}}],"collection":[{"href":"https:\/\/obera.fr\/es\/wp-json\/wp\/v2\/pages"}],"about":[{"href":"https:\/\/obera.fr\/es\/wp-json\/wp\/v2\/types\/page"}],"author":[{"embeddable":true,"href":"https:\/\/obera.fr\/es\/wp-json\/wp\/v2\/users\/4"}],"replies":[{"embeddable":true,"href":"https:\/\/obera.fr\/es\/wp-json\/wp\/v2\/comments?post=47188"}],"version-history":[{"count":6,"href":"https:\/\/obera.fr\/es\/wp-json\/wp\/v2\/pages\/47188\/revisions"}],"predecessor-version":[{"id":141840,"href":"https:\/\/obera.fr\/es\/wp-json\/wp\/v2\/pages\/47188\/revisions\/141840"}],"up":[{"embeddable":true,"href":"https:\/\/obera.fr\/es\/wp-json\/wp\/v2\/pages\/48380"}],"wp:featuredmedia":[{"embeddable":true,"href":"https:\/\/obera.fr\/es\/wp-json\/wp\/v2\/media\/83751"}],"wp:attachment":[{"href":"https:\/\/obera.fr\/es\/wp-json\/wp\/v2\/media?parent=47188"}],"curies":[{"name":"wp","href":"https:\/\/api.w.org\/{rel}","templated":true}]}}