{"id":47215,"date":"2020-08-26T12:34:42","date_gmt":"2020-08-26T10:34:42","guid":{"rendered":"https:\/\/obera.fr\/nuestros-productos\/colectores-de-polvo-industriales\/colectores-de-polvo-fijos\/"},"modified":"2026-02-06T13:13:35","modified_gmt":"2026-02-06T11:13:35","slug":"fixes","status":"publish","type":"page","link":"https:\/\/obera.fr\/es\/produits\/depoussiereurs-industriels\/fixes\/","title":{"rendered":"Colectores de polvo fijos"},"content":{"rendered":"\n<p>Nuestros <strong>aspiradores de polvo fijos<\/strong> son una gama de potentes instalaciones para <strong>desempolvar tus talleres y naves de almacenamiento<\/strong>, as\u00ed como puestos de trabajo fijos, directamente mediante un brazo o campana de aspiraci\u00f3n. Nuestros equipos pueden <strong>tratar polvo fino y virutas<\/strong>, as\u00ed como <strong>neblinas de aceite<\/strong>, <strong>humos<\/strong> y <strong>olores<\/strong>, en una amplia gama de sectores industriales, como metal, pl\u00e1sticos, madera, minerales, textiles, productos qu\u00edmicos y papel\/cart\u00f3n. <\/p>\n\n<blockquote class=\"wp-block-quote is-layout-flow wp-block-quote-is-layout-flow\">\n<p>Los polvos y otros contaminantes deben tratarse porque <strong>representan un riesgo para el cuerpo humano<\/strong>.<\/p>\n<\/blockquote>\n\n<p>Respirar aire contaminado puede causar enfermedades, sobre todo cuando <strong>los contaminantes son cancer\u00edgenos<\/strong>, <strong>mut\u00e1genos<\/strong> o <strong>reprot\u00f3xicos<\/strong>. Tratar el aire contaminado es esencial no s\u00f3lo para proteger a los trabajadores y a los equipos de producci\u00f3n, sino tambi\u00e9n para garantizar la calidad de los productos fabricados y, por supuesto, para cumplir la ley. <\/p>\n\n\n<h2 class=\"wp-block-heading\">Nuestra gama de aspiradores centralizados compactos de polvo seco con bolsas o cartuchos, o aspiradores de polvo h\u00famedo<\/h2>\n\n<div class=\"wp-block-group is-layout-flow wp-block-group-is-layout-flow\">\n<div class=\"wp-block-columns is-layout-flex wp-container-core-columns-is-layout-28f84493 wp-block-columns-is-layout-flex\">\n<div class=\"wp-block-column is-vertically-aligned-top is-layout-flow wp-block-column-is-layout-flow\">\n<h3 class=\"wp-block-heading has-text-align-center\"><strong><a href=\"https:\/\/obera.fr\/es\/produits\/depoussiereurs-industriels\/fixes\/aspiration-centralisee-industrielle-dustmac\/\" data-type=\"URL\" data-id=\"https:\/\/obera.fr\/produits\/depoussiereurs-industriels\/fixes\/aspiration-centralisee-industrielle-dustmac\/\">Serie DUSTMAC<\/a><\/strong><\/h3>\n\n\n\n<figure class=\"wp-block-image aligncenter size-medium\"><a href=\"https:\/\/obera.fr\/es\/produits\/depoussiereurs-industriels\/fixes\/aspiration-centralisee-industrielle-dustmac\/\"><img decoding=\"async\" width=\"300\" height=\"300\" src=\"https:\/\/obera.fr\/wp-content\/uploads\/2020\/08\/depoussiereur-centralise-filtres-a-manches-DUSTMAC-S-300x300.png\" alt=\"Sistema - Dise&#xF1;o del producto\" class=\"wp-image-637\" srcset=\"https:\/\/obera.fr\/wp-content\/uploads\/2020\/08\/depoussiereur-centralise-filtres-a-manches-DUSTMAC-S-300x300.png 300w, https:\/\/obera.fr\/wp-content\/uploads\/2020\/08\/depoussiereur-centralise-filtres-a-manches-DUSTMAC-S-150x150.png 150w, https:\/\/obera.fr\/wp-content\/uploads\/2020\/08\/depoussiereur-centralise-filtres-a-manches-DUSTMAC-S.png 600w\" sizes=\"(max-width: 300px) 100vw, 300px\" \/><\/a><\/figure>\n\n\n\n<p><strong>DUSTMAC Series<\/strong> es un <a href=\"https:\/\/obera.fr\/es\/produits\/depoussiereurs-industriels\/fixes\/aspiration-centralisee-industrielle-dustmac\/\" data-type=\"page\" data-id=\"467\">desempolvador centralizado<\/a> que, debido a su dise\u00f1o modular, permite ser utilizado para una amplia gama de aplicaciones. <strong>Las posibilidades de configuraci\u00f3n son pr\u00e1cticamente ilimitadas<\/strong>, lo que permite una personalizaci\u00f3n total de su equipo seg\u00fan su problem\u00e1tica para una eficacia \u00f3ptima. La limpieza de los cartuchos se realiza autom\u00e1ticamente mediante chorro de aire comprimido (Jet-pulse). <\/p>\n\n\n\n<p>Este aparato est\u00e1 disponible en 3 gamas: DUSTMAC P, DUSTMAC S y DUSTMAC F.<\/p>\n\n\n\n<p><strong>Todos los DUSTMAC <\/strong>est\u00e1n disponibles en diferentes clases de filtraci\u00f3n M o H para<strong> compuestos CMR <\/strong>y en versi\u00f3n <strong>polvo ATEX<\/strong>.<\/p>\n<\/div>\n\n\n\n<div class=\"wp-block-column is-vertically-aligned-top is-layout-flow wp-block-column-is-layout-flow\">\n<h3 class=\"wp-block-heading has-text-align-center\"><strong><a href=\"https:\/\/obera.fr\/es\/produits\/depoussiereurs-industriels\/fixes\/depoussiereur-a-voie-humide-dustomat-hydro\/\" data-type=\"page\" data-id=\"15983\">DUSTOMAT HYDRO<\/a><\/strong><\/h3>\n\n\n\n<figure class=\"wp-block-image aligncenter size-medium\"><a href=\"https:\/\/obera.fr\/es\/produits\/depoussiereurs-industriels\/fixes\/depoussiereur-a-voie-humide-dustomat-hydro\/\"><img decoding=\"async\" width=\"300\" height=\"300\" src=\"https:\/\/obera.fr\/wp-content\/uploads\/2022\/11\/dustomat-hydro-1-300x300.png\" alt=\"dustomat hidro 1\" class=\"wp-image-15989\" srcset=\"https:\/\/obera.fr\/wp-content\/uploads\/2022\/11\/dustomat-hydro-1-300x300.png 300w, https:\/\/obera.fr\/wp-content\/uploads\/2022\/11\/dustomat-hydro-1-150x150.png 150w, https:\/\/obera.fr\/wp-content\/uploads\/2022\/11\/dustomat-hydro-1.png 600w\" sizes=\"(max-width: 300px) 100vw, 300px\" \/><\/a><\/figure>\n\n\n\n<p><strong>El DUSTOMAT HYDRO<\/strong> es una nueva gama de <a href=\"https:\/\/obera.fr\/es\/produits\/depoussiereurs-industriels\/fixes\/depoussiereur-a-voie-humide-dustomat-hydro\/\" data-type=\"page\" data-id=\"15983\">aspiradores de polvo h\u00famedo<\/a> de alto rendimiento, especialmente dise\u00f1ados para aspirar el polvo de uno o varios puestos de trabajo, incluidos los polvos met\u00e1licos, las chispas y los polvos altamente inflamables, sobre todo durante los procesos de amolado, cepillado, pulido o soldadura.<\/p>\n\n\n\n<p>La innovadora tecnolog\u00eda de separaci\u00f3n de agua elimina con seguridad el polvo y las chispas.  <\/p>\n\n\n\n<p>Los separadores funcionan <strong>silenciosamente <\/strong>y est\u00e1n disponibles en dos niveles de potencia, as\u00ed como en <strong>versi\u00f3n ATEX<\/strong>. Gracias a su tecnolog\u00eda, los nuevos separadores funcionan a plena potencia, con un bajo consumo de energ\u00eda. <\/p>\n<\/div>\n<\/div>\n<\/div>\n\n<div class=\"wp-block-group is-layout-flow wp-block-group-is-layout-flow\">\n<div class=\"wp-block-columns is-layout-flex wp-container-core-columns-is-layout-28f84493 wp-block-columns-is-layout-flex\">\n<div class=\"wp-block-column is-layout-flow wp-block-column-is-layout-flow\">\n<h3 class=\"wp-block-heading has-text-align-center\"><a href=\"https:\/\/obera.fr\/es\/produits\/depoussiereurs-industriels\/fixes\/depoussiereur-a-sec-estmac\/\" data-type=\"URL\" data-id=\"https:\/\/obera.fr\/produits\/depoussiereurs-industriels\/fixes\/depoussiereur-a-sec-estmac\/\">ESTMAC<\/a><\/h3>\n\n\n\n<figure class=\"wp-block-image aligncenter size-medium\"><a href=\"https:\/\/obera.fr\/es\/produits\/depoussiereurs-industriels\/fixes\/depoussiereur-a-sec-estmac\/\"><img decoding=\"async\" width=\"300\" height=\"264\" src=\"https:\/\/obera.fr\/wp-content\/uploads\/2021\/02\/Depoussiereur-fixe-ESTMAC-300x264.png\" alt=\"Colector de polvo fijo Estmac\" class=\"wp-image-4475\" srcset=\"https:\/\/obera.fr\/wp-content\/uploads\/2021\/02\/Depoussiereur-fixe-ESTMAC-300x264.png 300w, https:\/\/obera.fr\/wp-content\/uploads\/2021\/02\/Depoussiereur-fixe-ESTMAC.png 480w\" sizes=\"(max-width: 300px) 100vw, 300px\" \/><\/a><\/figure>\n\n\n\n<p><strong>ESTMAC<\/strong> es un <a href=\"https:\/\/obera.fr\/es\/produits\/depoussiereurs-industriels\/fixes\/depoussiereur-a-sec-estmac\/\">desempolvador en seco<\/a> fijo pero <strong>compacto<\/strong>, lo que lo convierte en un aparato relativamente <strong>f\u00e1cil de desplazar<\/strong>. Este desempolvador permite adaptarse a un buen n\u00famero de aplicaciones. <\/p>\n\n\n\n<p>Esta m\u00e1quina es ideal para aspirar <strong>polvo y virutas de<\/strong> metal y pl\u00e1stico, as\u00ed como polvo mineral y materiales compuestos.  <\/p>\n\n\n\n<p>ESTMAC se presenta en 2 potencias:  <\/p>\n\n\n\n<p><strong> ESTMAC 1500<\/strong> con un caudal de aire de 1500 m3\/h para una presi\u00f3n negativa de 2040 Pa y<strong> ESTMAC 1800<\/strong> con un caudal de aire de 1800 m3\/h para una presi\u00f3n negativa de 2650 Pa.<\/p>\n\n\n\n<div style=\"height:25px\" aria-hidden=\"true\" class=\"wp-block-spacer\"><\/div>\n\n\n\n<div class=\"wp-block-columns is-layout-flex wp-container-core-columns-is-layout-28f84493 wp-block-columns-is-layout-flex\">\n<div class=\"wp-block-column is-layout-flow wp-block-column-is-layout-flow\" style=\"flex-basis:60%\">\n<h3 class=\"wp-block-heading\">Alquile sus desempolvadores fijos listos para usar<\/h3>\n\n\n\n<p>Pase a la acci\u00f3n sin CAPEX con el <strong>alquiler de desempolvadores fijos OberA<\/strong>. Nuestras instalaciones centralizadas tratan virutas, polvos finos, nieblas de aceites, humos y olores lo m\u00e1s cerca posible de la fuente (brazos\/campana de extracci\u00f3n) o mediante red de conductos. Seg\u00fan su riesgo, configuramos la tecnolog\u00eda adecuada: DUSTMAC (v\u00eda seca con cartuchos\/mangas, jet-pulse), DUSTOMAT HYDRO (v\u00eda h\u00fameda para chispas y polvos inflamables), o ESTMAC. Opciones ATEX, clases de filtraci\u00f3n M\/H y soluciones a medida para metal, madera, qu\u00edmica, textil, papel\/cart\u00f3n, etc.   <\/p>\n\n\n\n<p><\/p>\n\n\n\n<p>En cuanto al servicio, <strong>todo est\u00e1 llave en mano<\/strong>: auditor\u00eda y dimensionamiento (caudales, velocidades de transporte, puntos de captaci\u00f3n), puesta en servicio, mantenimiento incluido y seguimiento de filtros. \u00bfSu producci\u00f3n evoluciona? Reajustamos la instalaci\u00f3n (aumento\/disminuci\u00f3n de capacidad, adici\u00f3n de puntos de captaci\u00f3n). Y si desea hacer permanente el equipo, <strong>opci\u00f3n de compra con deducci\u00f3n de los alquileres.<\/strong>   <\/p>\n\n\n\n<p><\/p>\n\n\n\n<div class=\"wp-block-buttons is-content-justification-center is-layout-flex wp-container-core-buttons-is-layout-a89b3969 wp-block-buttons-is-layout-flex\">\n<div class=\"wp-block-button\"><a class=\"wp-block-button__link wp-element-button\" href=\"https:\/\/obera.fr\/es\/location-sans-engagement\/\">Solicitar un presupuesto de alquiler<\/a><\/div>\n<\/div>\n<\/div>\n\n\n\n<div class=\"wp-block-column is-vertically-aligned-center is-layout-flow wp-block-column-is-layout-flow\" style=\"flex-basis:30%\">\n<figure class=\"wp-block-image aligncenter size-full\"><img decoding=\"async\" width=\"480\" height=\"423\" src=\"https:\/\/obera.fr\/wp-content\/uploads\/2021\/02\/Depoussiereur-fixe-ESTMAC.png\" alt=\"Colector de polvo fijo Estmac\" class=\"wp-image-4475\" srcset=\"https:\/\/obera.fr\/wp-content\/uploads\/2021\/02\/Depoussiereur-fixe-ESTMAC.png 480w, https:\/\/obera.fr\/wp-content\/uploads\/2021\/02\/Depoussiereur-fixe-ESTMAC-300x264.png 300w\" sizes=\"(max-width: 480px) 100vw, 480px\" \/><\/figure>\n<\/div>\n<\/div>\n<\/div>\n<\/div>\n\n\n\n<div class=\"wp-block-columns is-layout-flex wp-container-core-columns-is-layout-28f84493 wp-block-columns-is-layout-flex\">\n<div class=\"wp-block-column is-layout-flow wp-block-column-is-layout-flow\"><\/div>\n<\/div>\n<\/div>\n\n<h2 class=\"wp-block-heading\"><strong>\u00bfC\u00f3mo elijo el sistema de captaci\u00f3n de polvo adecuado?<\/strong><\/h2>\n\n<p>Es fundamental <strong>elegir el captador de polvo adecuado<\/strong>, de lo contrario el aparato puede desgastarse r\u00e1pidamente y dejar de funcionar. Esto depender\u00e1 del contaminante, su tama\u00f1o, su estado (s\u00f3lido o gaseoso) y su cantidad. Esto te permitir\u00e1 seleccionar el tipo de filtro que debe tener el <a href=\"https:\/\/obera.fr\/es\/produits\/depoussiereurs-industriels\/\" data-type=\"page\" data-id=\"31\">aspirador<\/a>. En segundo lugar, debes averiguar la potencia de la unidad, es decir, su caudal. El caudal de la unidad depender\u00e1 de la cantidad de material que haya que aspirar, de las velocidades que haya que garantizar en el punto de recogida y de las velocidades de transporte que haya que garantizar en las tuber\u00edas hasta las tomas existentes en las m\u00e1quinas de vac\u00edo.    <\/p>\n\n<p>El siguiente paso es decidir qu\u00e9 accesorios instalar en la m\u00e1quina: un conducto para conectarla a la m\u00e1quina de producci\u00f3n, un dispositivo de recogida, un respaldo o incluso un <a href=\"https:\/\/obera.fr\/es\/produits\/bras-dispositifs-captation\/capot-industriel\/\">brazo de aspiraci\u00f3n<\/a> para un puesto de trabajo.<\/p>\n\n<blockquote class=\"wp-block-quote is-layout-flow wp-block-quote-is-layout-flow\">\n<p>Lo mejor es que <strong>preguntes a nuestros expertos<\/strong>, que podr\u00e1n ayudarte con tus proyectos y ofrecerte un producto adaptado a tus necesidades espec\u00edficas.<\/p>\n<\/blockquote>\n\n<div class=\"wp-block-buttons is-horizontal is-content-justification-center is-layout-flex wp-container-core-buttons-is-layout-03627597 wp-block-buttons-is-layout-flex\">\n<div class=\"wp-block-button has-custom-width wp-block-button__width-100\"><a class=\"wp-block-button__link wp-element-button\" href=\"https:\/\/obera.fr\/es\/contacta-con-nosotros\/\">M\u00e1s informaci\u00f3n<\/a><\/div>\n<\/div>\n\n<hr class=\"wp-block-separator has-css-opacity\"\/>\n\n<div class=\"wp-block-group is-layout-flow wp-block-group-is-layout-flow\">\n<h2 class=\"wp-block-heading\">Otras gamas de aspiradores industriales oberA<\/h2>\n\n\n\n<div class=\"wp-block-columns is-layout-flex wp-container-core-columns-is-layout-28f84493 wp-block-columns-is-layout-flex\">\n<div class=\"wp-block-column is-layout-flow wp-block-column-is-layout-flow\">\n<div class=\"wp-block-buttons is-horizontal is-content-justification-center is-layout-flex wp-container-core-buttons-is-layout-03627597 wp-block-buttons-is-layout-flex\">\n<div class=\"wp-block-button\"><a class=\"wp-block-button__link wp-element-button\" href=\"https:\/\/obera.fr\/es\/produits\/depoussiereurs-industriels\/mobiles\/\">Colectores de polvo m\u00f3viles<\/a><\/div>\n<\/div>\n<\/div>\n\n\n\n<div class=\"wp-block-column is-layout-flow wp-block-column-is-layout-flow\">\n<div class=\"wp-block-buttons is-horizontal is-content-justification-center is-layout-flex wp-container-core-buttons-is-layout-03627597 wp-block-buttons-is-layout-flex\">\n<div class=\"wp-block-button\"><a class=\"wp-block-button__link wp-element-button\" href=\"https:\/\/obera.fr\/es\/produits\/depoussiereurs-industriels\/petits\/\">Colectores de polvo peque\u00f1os<\/a><\/div>\n<\/div>\n<\/div>\n<\/div>\n<\/div>\n","protected":false},"excerpt":{"rendered":"<p>Nuestros aspiradores de polvo fijos son una gama de potentes instalaciones para desempolvar tus talleres y naves de almacenamiento, as\u00ed como puestos de trabajo fijos, directamente mediante un brazo o campana de aspiraci\u00f3n. Nuestros equipos pueden tratar polvo fino y virutas, as\u00ed como neblinas de aceite, humos y olores, en una amplia gama de sectores industriales, como metal, pl\u00e1sticos, madera, minerales, textiles, productos qu\u00edmicos y papel\/cart\u00f3n. Los polvos y otros contaminantes deben tratarse porque representan un riesgo para el cuerpo humano. Respirar aire contaminado puede causar enfermedades, sobre todo cuando los contaminantes son cancer\u00edgenos, mut\u00e1genos o reprot\u00f3xicos. Tratar el aire &#8230; <\/p>\n<p class=\"read-more-container\"><a title=\"Colectores de polvo fijos\" class=\"read-more button\" href=\"https:\/\/obera.fr\/es\/produits\/depoussiereurs-industriels\/fixes\/#more-47215\" aria-label=\"Leer m\u00e1s sobre Colectores de polvo fijos\">Lire la suite<\/a><\/p>\n","protected":false},"author":4,"featured_media":103630,"parent":45662,"menu_order":0,"comment_status":"closed","ping_status":"closed","template":"","meta":{"_acf_changed":false,"_seopress_robots_primary_cat":"","_seopress_titles_title":"Aspiradores fijos h\u00famedos\/secos, bolsas\/cartuchos","_seopress_titles_desc":"Limpia el polvo de tus talleres y almacenes, as\u00ed como de los puestos de trabajo, directamente a trav\u00e9s de un brazo o campana de aspiraci\u00f3n con nuestros aspiradores fijos","_seopress_robots_index":"","footnotes":""},"class_list":{"0":"post-47215","1":"page","2":"type-page","3":"status-publish","4":"has-post-thumbnail","6":"no-featured-image-padding","7":"resize-featured-image"},"acf":[],"_links":{"self":[{"href":"https:\/\/obera.fr\/es\/wp-json\/wp\/v2\/pages\/47215","targetHints":{"allow":["GET"]}}],"collection":[{"href":"https:\/\/obera.fr\/es\/wp-json\/wp\/v2\/pages"}],"about":[{"href":"https:\/\/obera.fr\/es\/wp-json\/wp\/v2\/types\/page"}],"author":[{"embeddable":true,"href":"https:\/\/obera.fr\/es\/wp-json\/wp\/v2\/users\/4"}],"replies":[{"embeddable":true,"href":"https:\/\/obera.fr\/es\/wp-json\/wp\/v2\/comments?post=47215"}],"version-history":[{"count":10,"href":"https:\/\/obera.fr\/es\/wp-json\/wp\/v2\/pages\/47215\/revisions"}],"predecessor-version":[{"id":141400,"href":"https:\/\/obera.fr\/es\/wp-json\/wp\/v2\/pages\/47215\/revisions\/141400"}],"up":[{"embeddable":true,"href":"https:\/\/obera.fr\/es\/wp-json\/wp\/v2\/pages\/45662"}],"wp:featuredmedia":[{"embeddable":true,"href":"https:\/\/obera.fr\/es\/wp-json\/wp\/v2\/media\/103630"}],"wp:attachment":[{"href":"https:\/\/obera.fr\/es\/wp-json\/wp\/v2\/media?parent=47215"}],"curies":[{"name":"wp","href":"https:\/\/api.w.org\/{rel}","templated":true}]}}