{"id":48206,"date":"2020-08-26T12:35:06","date_gmt":"2020-08-26T10:35:06","guid":{"rendered":"https:\/\/obera.fr\/nuestros-productos\/colectores-de-polvo-industriales\/pequenos-aspiradores-industriales\/"},"modified":"2026-02-06T13:28:30","modified_gmt":"2026-02-06T11:28:30","slug":"petits","status":"publish","type":"page","link":"https:\/\/obera.fr\/es\/produits\/depoussiereurs-industriels\/petits\/","title":{"rendered":"Peque\u00f1os aspiradores industriales"},"content":{"rendered":"\n\n<h2 class=\"wp-block-heading\">\u00bfQu\u00e9 es un peque\u00f1o aspirador industrial?<\/h2>\n\n<p>Un peque\u00f1o aspirador de polvo es generalmente una <strong>peque\u00f1a unidad de tratamiento de aire con una capacidad de aspiraci\u00f3n de 80 m3\/h a 500 m3\/h<\/strong>. Estos captadores de polvo suelen ser poco ruidosos, m\u00f3viles y f\u00e1ciles de desplazar, y generalmente pueden aspirar una sola m\u00e1quina de producci\u00f3n. Estos aspiradores compactos est\u00e1n equipados con un medio filtrante de saturaci\u00f3n (para el ePUR ex 1000\/3000) o un filtro extra\u00edble manualmente.  <\/p>\n\n<p>Los colectores de polvo peque\u00f1os se utilizan para recoger aire con un contenido de polvo de bajo a medio. Estos colectores de polvo <strong>captan el polvo y los humos<\/strong> de las m\u00e1quinas de grabado por l\u00e1ser, las estaciones de soldadura y las peque\u00f1as estaciones de pesaje. Los colectores de polvo equipados con filtros regenerativos son adecuados para polvos finos y secos, y disponen de una bandeja de retenci\u00f3n de polvo a la que se puede acoplar una bolsa. Esta bolsa permite vaciar f\u00e1cil y limpiamente el polvo recogido.     <\/p>\n\n<p>Los <a href=\"https:\/\/obera.fr\/es\/produits\/depoussiereurs-industriels\/\" data-type=\"page\" data-id=\"31\">modelos de aspiradores de polvo<\/a> equipados con filtros de saturaci\u00f3n (modelo <a href=\"https:\/\/obera.fr\/es\/produits\/depoussiereurs-industriels\/petits\/aspiration-fumees-soudage-laser-epur-b-ex\/\" data-type=\"page\" data-id=\"480\">ePUR ex<\/a>) son adecuados para todo tipo de polvo y humos en peque\u00f1as cantidades. Es el propio filtro el que retiene y almacena el polvo. Cuando el filtro est\u00e1 lleno, debe evacuarse en una bolsa prevista para tal efecto. Los medios filtrantes son de f\u00e1cil acceso en todos nuestros modelos de peque\u00f1os aspiradores de polvo y pueden sustituirse f\u00e1cilmente. Estos aspiradores de polvo permiten captar el <strong>polvo de esmerilado<\/strong>, el polvo de <strong>lijado<\/strong>, el polvo presente en puestos de <strong>dosificaci\u00f3n<\/strong> y de <strong>pesaje<\/strong>.<\/p>\n\n<h2 class=\"wp-block-heading\">Descubre todos nuestros aspiradores compactos peque\u00f1os:<\/h2>\n\n<p><\/p>\n\n<p><\/p>\n\n<div class=\"wp-block-columns is-layout-flex wp-container-core-columns-is-layout-28f84493 wp-block-columns-is-layout-flex\">\n<div class=\"wp-block-column is-layout-flow wp-block-column-is-layout-flow\">\n<h3 class=\"wp-block-heading has-text-align-center\">SERIE TK<\/h3>\n\n\n\n<figure class=\"wp-block-image aligncenter size-full is-resized\"><a href=\"https:\/\/obera.fr\/es\/produits\/depoussiereurs-industriels\/petits\/tk-serie\/\"><img decoding=\"async\" width=\"600\" height=\"600\" src=\"https:\/\/obera.fr\/wp-content\/uploads\/2020\/11\/tk-series.jpg\" alt=\"Laboratorio - material de laboratorio\" class=\"wp-image-1607\" style=\"width:300px;height:300px\" srcset=\"https:\/\/obera.fr\/wp-content\/uploads\/2020\/11\/tk-series.jpg 600w, https:\/\/obera.fr\/wp-content\/uploads\/2020\/11\/tk-series-300x300.jpg 300w, https:\/\/obera.fr\/wp-content\/uploads\/2020\/11\/tk-series-150x150.jpg 150w\" sizes=\"(max-width: 600px) 100vw, 600px\" \/><\/a><figcaption class=\"wp-element-caption\">Serie TK<\/figcaption><\/figure>\n\n\n\n<p>Colectores de polvo <a href=\"https:\/\/obera.fr\/es\/produits\/depoussiereurs-industriels\/petits\/tk-serie\/\" data-type=\"page\" data-id=\"1589\">serie TK<\/a><strong> <\/strong>son aspiradores compactos dise\u00f1ados para aspirar peque\u00f1as cantidades de polvo en aplicaciones industriales o a peque\u00f1a escala, y pueden conectarse directamente a las m\u00e1quinas de producci\u00f3n para captar el polvo en origen. La unidad es ideal para un uso intermitente. Estas unidades son eficaces para tratar el polvo de metal grueso, sobre todo el procedente del amolado de metales en la industria joyera. Es muy f\u00e1cil de usar y de desplazar gracias a su tama\u00f1o y poco peso.     <\/p>\n\n\n\n<p>El peque\u00f1o aspirador TK <strong>4<\/strong> tiene un caudal m\u00e1ximo de 300 m3\/h y el peque\u00f1o aspirador TK 6 tiene un caudal de 450 m3\/h. El aire limpio se descarga directamente en el espacio de trabajo. <\/p>\n<\/div>\n\n\n\n<div class=\"wp-block-column is-layout-flow wp-block-column-is-layout-flow\">\n<h3 class=\"wp-block-heading has-text-align-center\">EPUR Ex 1000-3000-5000<\/h3>\n\n\n\n<figure class=\"wp-block-image aligncenter size-medium is-resized\"><a href=\"https:\/\/obera.fr\/es\/produits\/depoussiereurs-industriels\/petits\/aspiration-fumees-soudage-laser-epur-b-ex\/\"><img decoding=\"async\" width=\"300\" height=\"300\" src=\"https:\/\/obera.fr\/wp-content\/uploads\/2023\/10\/epurb-ex-1000-3000-5000-300x300.png\" alt=\"oberA epur b ex 1000 3000 5000\" class=\"wp-image-25016\" style=\"width:298px;height:auto\" srcset=\"https:\/\/obera.fr\/wp-content\/uploads\/2023\/10\/epurb-ex-1000-3000-5000-300x300.png 300w, https:\/\/obera.fr\/wp-content\/uploads\/2023\/10\/epurb-ex-1000-3000-5000-150x150.png 150w, https:\/\/obera.fr\/wp-content\/uploads\/2023\/10\/epurb-ex-1000-3000-5000.png 600w\" sizes=\"(max-width: 300px) 100vw, 300px\" \/><\/a><figcaption class=\"wp-element-caption\">EPUR EX 1000-3000-5000<\/figcaption><\/figure>\n\n\n\n<p>La gama de <a href=\"https:\/\/obera.fr\/es\/produits\/depoussiereurs-industriels\/petits\/aspiration-fumees-soudage-laser-epur-b-ex\/\" data-type=\"page\" data-id=\"480\">aspiradores EPUR Ex 1000-3000-5000<\/a><strong> <\/strong>son unidades m\u00f3viles de aspiraci\u00f3n equipadas con medios filtrantes de saturaci\u00f3n. Son especialmente adecuados para aspirar humos de soldadura, polvo, vapores, disolventes y gases. Estos aspiradores, muy vers\u00e1tiles, pueden adaptarse a pr\u00e1cticamente cualquier sector industrial, gracias a sus tres etapas de filtraci\u00f3n. Se pueden controlar mediante una pantalla t\u00e1ctil o a distancia para una excelente facilidad de uso. Silenciosos y potentes, pueden aspirar hasta tres peque\u00f1os puestos de trabajo o m\u00e1quinas de producci\u00f3n.    <\/p>\n\n\n\n<p>Estos aspiradores son aptos para su uso en zonas ATEX.  <\/p>\n\n\n\n<p>La ventaja de estas unidades es que ofrecen una gran potencia de aspiraci\u00f3n (hasta 10.000 Pa de vac\u00edo) y son totalmente configurables. De hecho, disponen de dos o tres etapas de filtraci\u00f3n cuyos medios filtrantes pueden adaptarse totalmente a la finura y peligrosidad del polvo (etapas de filtraci\u00f3n que van de G4 a HEPA 14). Tambi\u00e9n es posible elegir una etapa de carb\u00f3n activado especialmente dise\u00f1ada para tratar los contaminantes gaseosos. Tambi\u00e9n se puede utilizar un motor de conmutaci\u00f3n electr\u00f3nica para variar el caudal de 0 a 100%. Los filtros se pueden sustituir de forma limpia y segura, utilizando un kit de sustituci\u00f3n disponible que incluye: tapa del filtro, bolsa herm\u00e9tica desechable, mascarilla de protecci\u00f3n personal y guantes desechables.    <\/p>\n<\/div>\n<\/div>\n\n<p><\/p>\n\n<p><\/p>\n\n<div class=\"wp-block-columns is-layout-flex wp-container-core-columns-is-layout-28f84493 wp-block-columns-is-layout-flex\">\n<div class=\"wp-block-column is-layout-flow wp-block-column-is-layout-flow\">\n<h3 class=\"wp-block-heading has-text-align-center\"><strong>SRF-T<\/strong><\/h3>\n\n\n\n<div class=\"wp-block-columns is-layout-flex wp-container-core-columns-is-layout-28f84493 wp-block-columns-is-layout-flex\">\n<div class=\"wp-block-column is-layout-flow wp-block-column-is-layout-flow\">\n<figure class=\"wp-block-image aligncenter size-large is-resized\"><a href=\"https:\/\/obera.fr\/es\/produits\/depoussiereurs-industriels\/petits\/srf-t\/\"><img decoding=\"async\" width=\"600\" height=\"600\" src=\"https:\/\/obera.fr\/wp-content\/uploads\/2020\/10\/SRF-T-SF.png\" alt=\"Humo - Colector de polvo\" class=\"wp-image-1310\" style=\"width:259px;height:259px\" srcset=\"https:\/\/obera.fr\/wp-content\/uploads\/2020\/10\/SRF-T-SF.png 600w, https:\/\/obera.fr\/wp-content\/uploads\/2020\/10\/SRF-T-SF-300x300.png 300w, https:\/\/obera.fr\/wp-content\/uploads\/2020\/10\/SRF-T-SF-150x150.png 150w\" sizes=\"(max-width: 600px) 100vw, 600px\" \/><\/a><figcaption class=\"wp-element-caption\">SRF-T<\/figcaption><\/figure>\n<\/div>\n<\/div>\n\n\n\n<p>El <a href=\"https:\/\/obera.fr\/es\/produits\/depoussiereurs-industriels\/petits\/srf-t\/\">SRF T es un aparato port\u00e1til<\/a>, dise\u00f1ado para la <strong>aspiraci\u00f3n y la extracci\u00f3n de humos de soldadura<\/strong>. Dispone de una fuerte depresi\u00f3n de aire y, por lo tanto, puede conectarse directamente a las antorchas de soldadura para tratar directamente en la fuente.<\/p>\n\n\n\n<p>Hay varios modelos disponibles, como el <strong>SRF T-2<\/strong>, que conecta un brazo de extracci\u00f3n, y el <strong>SRF T-4<\/strong>, que conecta hasta dos brazos.  <\/p>\n\n\n\n<p>Este dispositivo es especialmente adecuado para aplicaciones como astilleros, estaciones de soldadura de piezas peque\u00f1as y plantas de producci\u00f3n de autom\u00f3viles. Los cartuchos filtrantes se pueden limpiar y reutilizar. <\/p>\n<\/div>\n\n\n\n<div class=\"wp-block-column is-layout-flow wp-block-column-is-layout-flow\">\n<h3 class=\"wp-block-heading has-text-align-center\"><strong>JUMBO<\/strong><\/h3>\n\n\n\n<figure class=\"wp-block-image aligncenter size-large is-resized\"><a href=\"https:\/\/obera.fr\/es\/produits\/depoussiereurs-industriels\/petits\/jumbo\/\"><img decoding=\"async\" width=\"500\" height=\"500\" src=\"https:\/\/obera.fr\/wp-content\/uploads\/2020\/12\/Jumbo2.png\" alt=\"Jumbo2\" class=\"wp-image-3839\" style=\"width:256px;height:auto\" srcset=\"https:\/\/obera.fr\/wp-content\/uploads\/2020\/12\/Jumbo2.png 500w, https:\/\/obera.fr\/wp-content\/uploads\/2020\/12\/Jumbo2-300x300.png 300w, https:\/\/obera.fr\/wp-content\/uploads\/2020\/12\/Jumbo2-150x150.png 150w\" sizes=\"(max-width: 500px) 100vw, 500px\" \/><\/a><figcaption class=\"wp-element-caption\"><a href=\"https:\/\/obera.fr\/es\/produits\/depoussiereurs-industriels\/petits\/jumbo\/\">JUMBO<\/a><\/figcaption><\/figure>\n\n\n\n<p><a href=\"https:\/\/obera.fr\/es\/produits\/depoussiereurs-industriels\/petits\/jumbo\/\">Jumbo <\/a>es un aspirador peque\u00f1o y completo que <strong>puede adaptarse a una amplia gama de aplicaciones.<\/strong> Adem\u00e1s, su caudal de 170 m3\/h y su vac\u00edo de 2800 Pa le permiten aspirar de 1 a 2 puestos de trabajo.<\/p>\n\n\n\n<p>Este peque\u00f1o aspirador est\u00e1 especialmente indicado para aspirar <strong>polvo fino y grueso<\/strong>, as\u00ed como <strong>humos, vapores y olores.<\/strong><\/p>\n\n\n\n<p>Ocupa muy<strong> poco<\/strong> espacio en el suelo y consume muy poca energ\u00eda. Equipada con varias articulaciones, puede aspirar en distintas posiciones y<strong> adaptarse a cualquier situaci\u00f3n.<\/strong> <\/p>\n<\/div>\n<\/div>\n\n<div class=\"wp-block-buttons is-horizontal is-content-justification-center is-layout-flex wp-container-core-buttons-is-layout-03627597 wp-block-buttons-is-layout-flex\">\n<div class=\"wp-block-button has-custom-width wp-block-button__width-100\"><a class=\"wp-block-button__link wp-element-button\" href=\"https:\/\/obera.fr\/es\/contacta-con-nosotros\/\">M\u00e1s informaci\u00f3n<\/a><\/div>\n<\/div>\n\n<div style=\"height:45px\" aria-hidden=\"true\" class=\"wp-block-spacer\"><\/div>\n\n<div class=\"wp-block-columns is-layout-flex wp-container-core-columns-is-layout-28f84493 wp-block-columns-is-layout-flex\">\n<div class=\"wp-block-column is-layout-flow wp-block-column-is-layout-flow\" style=\"flex-basis:60%\">\n<h3 class=\"wp-block-heading\">Alquile sus peque\u00f1os aspiradores de polvo listos para usar<\/h3>\n\n\n\n<p>Gane en <strong>reactividad con el alquiler de peque\u00f1os aspiradores de polvo OberA<\/strong>. Compactos, m\u00f3viles y poco ruidosos, se instalan lo m\u00e1s cerca posible de la fuente para tratar puestos de grabado l\u00e1ser, soldadura, pesaje\/dosificaci\u00f3n o peque\u00f1as m\u00e1quinas. Seg\u00fan el uso, se despliega el modelo adecuado: TK Series (\u2248300\u2013450 m\u00b3\/h) para las necesidades intermitentes, JUMBO (170 m\u00b3\/h) para 1\u20132 puestos, SRF-T para humos de soldadura (conexi\u00f3n de antorcha), o EPUR EX 1000\u20133000\u20135000 para una <strong>configuraci\u00f3n multi-etapas<\/strong>. Versiones ATEX disponibles.   <\/p>\n\n\n\n<p><\/p>\n\n\n\n<p>Nuestros contratos son flexibles (corto\/largo plazo, multi-sitios) con <strong>mantenimiento incluido<\/strong>. Filtraciones configurables de G4 a HEPA 14, carb\u00f3n activo para gases\/olores, depresi\u00f3n hasta 10 000 Pa y variaci\u00f3n de caudal para <strong>adaptarse a sus procesos<\/strong>. Opci\u00f3n de compra posible con deducci\u00f3n de los alquileres.  <\/p>\n\n\n\n<p><\/p>\n\n\n\n<div class=\"wp-block-buttons is-content-justification-center is-layout-flex wp-container-core-buttons-is-layout-a89b3969 wp-block-buttons-is-layout-flex\">\n<div class=\"wp-block-button\"><a class=\"wp-block-button__link wp-element-button\" href=\"https:\/\/obera.fr\/es\/location-sans-engagement\/\">Alquilar un peque\u00f1o aspirador ahora<\/a><\/div>\n<\/div>\n<\/div>\n\n\n\n<div class=\"wp-block-column is-vertically-aligned-center is-layout-flow wp-block-column-is-layout-flow\" style=\"flex-basis:30%\">\n<figure class=\"wp-block-image aligncenter size-full\"><img decoding=\"async\" width=\"300\" height=\"300\" src=\"https:\/\/obera.fr\/wp-content\/uploads\/2022\/11\/petits-depoussiereurs.png\" alt=\"peque&#xF1;os depoussiereurs\" class=\"wp-image-16146\" srcset=\"https:\/\/obera.fr\/wp-content\/uploads\/2022\/11\/petits-depoussiereurs.png 300w, https:\/\/obera.fr\/wp-content\/uploads\/2022\/11\/petits-depoussiereurs-150x150.png 150w\" sizes=\"(max-width: 300px) 100vw, 300px\" \/><\/figure>\n<\/div>\n<\/div>\n\n<div style=\"height:45px\" aria-hidden=\"true\" class=\"wp-block-spacer\"><\/div>\n\n<hr class=\"wp-block-separator has-css-opacity\"\/>\n\n<div class=\"wp-block-group is-layout-flow wp-block-group-is-layout-flow\">\n<h2 class=\"wp-block-heading\">Otras gamas de aspiradores industriales oberA<\/h2>\n\n\n\n<div class=\"wp-block-buttons is-content-justification-center is-layout-flex wp-container-core-buttons-is-layout-a89b3969 wp-block-buttons-is-layout-flex\">\n<div class=\"wp-block-button\"><a class=\"wp-block-button__link wp-element-button\" href=\"https:\/\/obera.fr\/es\/produits\/depoussiereurs-industriels\/mobiles\/\">colectores de polvo m\u00f3viles  <\/a><\/div>\n\n\n\n<div class=\"wp-block-button\"><a class=\"wp-block-button__link wp-element-button\" href=\"https:\/\/obera.fr\/es\/produits\/depoussiereurs-industriels\/fixes\/\"> <strong>Colectores de polvo<\/strong>fijos<\/a><\/div>\n<\/div>\n<\/div>\n\n<p><\/p>\n","protected":false},"excerpt":{"rendered":"<p>\u00bfQu\u00e9 es un peque\u00f1o aspirador industrial? Un peque\u00f1o aspirador de polvo es generalmente una peque\u00f1a unidad de tratamiento de aire con una capacidad de aspiraci\u00f3n de 80 m3\/h a 500 m3\/h. Estos captadores de polvo suelen ser poco ruidosos, m\u00f3viles y f\u00e1ciles de desplazar, y generalmente pueden aspirar una sola m\u00e1quina de producci\u00f3n. Estos aspiradores compactos est\u00e1n equipados con un medio filtrante de saturaci\u00f3n (para el ePUR ex 1000\/3000) o un filtro extra\u00edble manualmente. Los colectores de polvo peque\u00f1os se utilizan para recoger aire con un contenido de polvo de bajo a medio. Estos colectores de polvo captan el polvo &#8230; <\/p>\n<p class=\"read-more-container\"><a title=\"Peque\u00f1os aspiradores industriales\" class=\"read-more button\" href=\"https:\/\/obera.fr\/es\/produits\/depoussiereurs-industriels\/petits\/#more-48206\" aria-label=\"Leer m\u00e1s sobre Peque\u00f1os aspiradores industriales\">Lire la suite<\/a><\/p>\n","protected":false},"author":4,"featured_media":103630,"parent":45662,"menu_order":0,"comment_status":"closed","ping_status":"closed","template":"","meta":{"_acf_changed":false,"_seopress_robots_primary_cat":"","_seopress_titles_title":"Peque\u00f1os aspiradores EPUR B Ex, SRF-T Filtros de bolsa y ePURBOX","_seopress_titles_desc":"Los captadores de polvo peque\u00f1os son peque\u00f1as unidades de tratamiento del aire. Estos aspiradores industriales son silenciosos, m\u00f3viles y f\u00e1ciles de desplazar. ","_seopress_robots_index":"","footnotes":""},"class_list":{"0":"post-48206","1":"page","2":"type-page","3":"status-publish","4":"has-post-thumbnail","6":"no-featured-image-padding","7":"resize-featured-image"},"acf":[],"_links":{"self":[{"href":"https:\/\/obera.fr\/es\/wp-json\/wp\/v2\/pages\/48206","targetHints":{"allow":["GET"]}}],"collection":[{"href":"https:\/\/obera.fr\/es\/wp-json\/wp\/v2\/pages"}],"about":[{"href":"https:\/\/obera.fr\/es\/wp-json\/wp\/v2\/types\/page"}],"author":[{"embeddable":true,"href":"https:\/\/obera.fr\/es\/wp-json\/wp\/v2\/users\/4"}],"replies":[{"embeddable":true,"href":"https:\/\/obera.fr\/es\/wp-json\/wp\/v2\/comments?post=48206"}],"version-history":[{"count":9,"href":"https:\/\/obera.fr\/es\/wp-json\/wp\/v2\/pages\/48206\/revisions"}],"predecessor-version":[{"id":141698,"href":"https:\/\/obera.fr\/es\/wp-json\/wp\/v2\/pages\/48206\/revisions\/141698"}],"up":[{"embeddable":true,"href":"https:\/\/obera.fr\/es\/wp-json\/wp\/v2\/pages\/45662"}],"wp:featuredmedia":[{"embeddable":true,"href":"https:\/\/obera.fr\/es\/wp-json\/wp\/v2\/media\/103630"}],"wp:attachment":[{"href":"https:\/\/obera.fr\/es\/wp-json\/wp\/v2\/media?parent=48206"}],"curies":[{"name":"wp","href":"https:\/\/api.w.org\/{rel}","templated":true}]}}