{"id":48258,"date":"2020-08-26T12:54:02","date_gmt":"2020-08-26T10:54:02","guid":{"rendered":"https:\/\/obera.fr\/nuestros-productos\/colectores-de-polvo-industriales\/pequenos-aspiradores-industriales\/extraccion-de-humos-de-soldadura-y-laser-epur-b-ex\/"},"modified":"2026-03-02T12:23:13","modified_gmt":"2026-03-02T10:23:13","slug":"aspiration-fumees-soudage-laser-epur-b-ex","status":"publish","type":"page","link":"https:\/\/obera.fr\/es\/produits\/depoussiereurs-industriels\/petits\/aspiration-fumees-soudage-laser-epur-b-ex\/","title":{"rendered":"Extracci\u00f3n de humos de soldadura y l\u00e1ser ePUR Ex"},"content":{"rendered":"\n<p><strong>EPUR Ex<\/strong> es una gama de 3 sistemas<a href=\"https:\/\/obera.fr\/es\/produits\/depoussiereurs-industriels\/petits\/\" data-type=\"page\" data-id=\"393\">m\u00f3viles deextracci\u00f3n de aire<\/a> con certificaci\u00f3n ATEX.<\/p>\n\n\n<h2 class=\"wp-block-heading\">\u00bfC\u00f3mo funciona la aspiraci\u00f3n de humos de soldadura\/l\u00e1ser?<\/h2>\n\n<div class=\"wp-block-columns is-layout-flex wp-container-core-columns-is-layout-28f84493 wp-block-columns-is-layout-flex\">\n<div class=\"wp-block-column is-layout-flow wp-block-column-is-layout-flow\" style=\"flex-basis:33.33%\">\n<figure class=\"wp-block-image aligncenter size-full is-resized\"><img decoding=\"async\" width=\"670\" height=\"713\" src=\"https:\/\/obera.fr\/wp-content\/uploads\/2026\/02\/output-4-modifie.png\" alt=\"Cabina m&#xF3;vil ePUR EX&#10;\" class=\"wp-image-144056\" style=\"aspect-ratio:0.9397256050562663;width:313px;height:auto\" srcset=\"https:\/\/obera.fr\/wp-content\/uploads\/2026\/02\/output-4-modifie.png 670w, https:\/\/obera.fr\/wp-content\/uploads\/2026\/02\/output-4-modifie-282x300.png 282w\" sizes=\"(max-width: 670px) 100vw, 670px\" \/><\/figure>\n<\/div>\n\n\n\n<div class=\"wp-block-column is-layout-flow wp-block-column-is-layout-flow\" style=\"flex-basis:66.66%\">\n<p>El funcionamiento es sencillo: <strong>el aire contaminado se aspira directamente a trav\u00e9s de una manguera de aspiraci\u00f3n flexible conectada a la m\u00e1quina<\/strong>, un brazo de aspiraci\u00f3n, una campana extractora o directamente a una m\u00e1quina de producci\u00f3n a trav\u00e9s de una red de conductos.<\/p>\n\n\n\n<p>El<strong>aire contaminado<\/strong> es captado y tratado por las distintas etapas de filtraci\u00f3n.<\/p>\n\n\n\n<p>A continuaci\u00f3n, el<strong>aire purificado<\/strong> se expulsa por la parte inferior de la unidad, directamente a la zona de trabajo o al exterior, mediante una red de conductos de escape.<\/p>\n\n\n\n<div style=\"height:15px\" aria-hidden=\"true\" class=\"wp-block-spacer\"><\/div>\n\n\n\n<div class=\"wp-block-columns is-layout-flex wp-container-core-columns-is-layout-28f84493 wp-block-columns-is-layout-flex\">\n<div class=\"wp-block-column is-layout-flow wp-block-column-is-layout-flow\" style=\"flex-basis:33.34%\">\n<div class=\"wp-block-buttons is-content-justification-center is-layout-flex wp-container-core-buttons-is-layout-a89b3969 wp-block-buttons-is-layout-flex\">\n<div class=\"wp-block-button\"><a class=\"wp-block-button__link wp-element-button\" href=\"https:\/\/obera.fr\/wp-content\/uploads\/2025\/04\/brochure-epur-ex-fr.pdf\">Descargar el folleto<\/a><\/div>\n<\/div>\n<\/div>\n\n\n\n<div class=\"wp-block-column is-layout-flow wp-block-column-is-layout-flow\" style=\"flex-basis:33.34%\">\n<div class=\"wp-block-buttons is-horizontal is-content-justification-center is-layout-flex wp-container-core-buttons-is-layout-03627597 wp-block-buttons-is-layout-flex\">\n<div class=\"wp-block-button has-custom-width wp-block-button__width-100\"><a class=\"wp-block-button__link wp-element-button\" href=\"https:\/\/obera.fr\/es\/contacta-con-nosotros\/\">M\u00e1s informaci\u00f3n<\/a><\/div>\n<\/div>\n<\/div>\n\n\n\n<div class=\"wp-block-column is-layout-flow wp-block-column-is-layout-flow\" style=\"flex-basis:33.33%\">\n<div class=\"wp-block-buttons is-content-justification-center is-layout-flex wp-container-core-buttons-is-layout-a89b3969 wp-block-buttons-is-layout-flex\">\n<div class=\"wp-block-button btn-devis-source\"><a class=\"wp-block-button__link wp-element-button\" href=\"https:\/\/obera.fr\/es\/devis\/\">Pide un presupuesto<\/a><\/div>\n<\/div>\n\n\n<script>\r\ndocument.addEventListener('DOMContentLoaded', function() {\r\n    \/\/ 1. On cherche le titre H1 de la page\r\n    var h1 = document.querySelector('h1');\r\n    var productTitle = h1 ? h1.innerText.trim() : \"\";\r\n\r\n    \/\/ 2. On cherche les boutons via la classe CSS .btn-devis-source\r\n    var buttons = document.querySelectorAll('.btn-devis-source a');\r\n\r\n    \/\/ 3. Si on a le titre et les boutons, on ajoute le param\u00e8tre\r\n    if (buttons.length > 0 && productTitle !== \"\") {\r\n        var encodedTitle = encodeURIComponent(productTitle);\r\n\r\n        buttons.forEach(function(btn) {\r\n            var currentHref = btn.getAttribute('href');\r\n            \r\n            \/\/ S\u00e9curit\u00e9 pour ne pas ajouter le param\u00e8tre 2 fois\r\n            if (currentHref.indexOf('sujet=') === -1) {\r\n                var separator = currentHref.indexOf('?') !== -1 ? '&' : '?';\r\n                var newLink = currentHref + separator + 'sujet=' + encodedTitle;\r\n                \r\n                btn.setAttribute('href', newLink);\r\n            }\r\n        });\r\n    }\r\n});\r\n<\/script><\/div>\n<\/div>\n<\/div>\n<\/div>\n\n<p><\/p>\n\n<h2 class=\"wp-block-heading\">\u00bfPara qu\u00e9 usos?<\/h2>\n\n<p>Estas unidades de aspiraci\u00f3n se han dise\u00f1ado para <strong>aspirar humos de soldadura<\/strong> y <strong>soldaduras<\/strong>, <strong>polvo<\/strong>, <strong>vapores<\/strong>, <strong>disolventes<\/strong>, <strong>gases<\/strong>, <strong>olores<\/strong> y todo tipo de <strong>contaminantes gaseosos<\/strong>. Las unidades van sobre ruedas y pueden utilizarse para aspirar en <a href=\"https:\/\/obera.fr\/es\/produits\/depoussiereurs-industriels\/fixes\/\">puestos de trabajo fijos<\/a> o m\u00f3viles (hasta 3 puestos de trabajo o m\u00e1quinas de producci\u00f3n).  Compactas y que ocupan poco espacio, son adecuadas para todo tipo de industrias. <a href=\"https:\/\/obera.fr\/es\/produits\/atex\/\" data-type=\"page\" data-id=\"372\">Con certificaci\u00f3n ATEX<\/a>, est\u00e1n dise\u00f1ados para su uso en zonas ATEX22.<\/p>\n\n<p>La <strong>gama EPUR<\/strong> Ex est\u00e1 equipada con filtros de saturaci\u00f3n (que se sustituyen cuando se saturan), lo que significa que la carga de polvo o humo es relativamente baja. Para cargas contaminantes m\u00e1s elevadas y grandes cantidades de polvo, deben elegirse medios filtrantes regenerables (desatascables), como las gamas <a href=\"https:\/\/obera.fr\/es\/produits\/depoussiereurs-industriels\/mobiles\/extracteur-poussiere-dustomat-4\/\" data-type=\"page\" data-id=\"440\">DUSTOMAT<\/a> o <a href=\"https:\/\/obera.fr\/es\/produits\/depoussiereurs-industriels\/fixes\/aspiration-centralisee-industrielle-dustmac\/\" data-type=\"page\" data-id=\"467\">DUSTMAC<\/a>&#8230;.. <\/p>\n\n<div class=\"wp-block-columns is-layout-flex wp-container-core-columns-is-layout-28f84493 wp-block-columns-is-layout-flex\">\n<div class=\"wp-block-column is-layout-flow wp-block-column-is-layout-flow\">\n<h3 class=\"wp-block-heading has-text-align-center\">Contaminantes<\/h3>\n\n\n\n<hr class=\"wp-block-separator has-css-opacity is-style-wide\"\/>\n\n\n\n<div class=\"wp-block-columns is-layout-flex wp-container-core-columns-is-layout-28f84493 wp-block-columns-is-layout-flex\">\n<div class=\"wp-block-column is-layout-flow wp-block-column-is-layout-flow\">\n<figure class=\"wp-block-image aligncenter size-large\"><img decoding=\"async\" width=\"70\" height=\"70\" src=\"https:\/\/obera.fr\/wp-content\/uploads\/2020\/08\/industrie-chimie.jpg\" alt=\"Industria qu&#xED;mica\" class=\"wp-image-725\"\/><figcaption class=\"wp-element-caption\">Polvo qu\u00edmico<\/figcaption><\/figure>\n\n\n\n<figure class=\"wp-block-image aligncenter size-large\"><img decoding=\"async\" width=\"70\" height=\"70\" src=\"https:\/\/obera.fr\/wp-content\/uploads\/2020\/08\/industrie-odeur.jpg\" alt=\"Industria Olor\" class=\"wp-image-723\"\/><figcaption class=\"wp-element-caption\">Olores<\/figcaption><\/figure>\n<\/div>\n\n\n\n<div class=\"wp-block-column is-layout-flow wp-block-column-is-layout-flow\">\n<figure class=\"wp-block-image aligncenter size-large\"><img decoding=\"async\" width=\"70\" height=\"70\" src=\"https:\/\/obera.fr\/wp-content\/uploads\/2020\/08\/industrie-fumees.jpg\" alt=\"Humo industrial\" class=\"wp-image-722\"\/><figcaption class=\"wp-element-caption\">Humos<\/figcaption><\/figure>\n\n\n\n<figure class=\"wp-block-image aligncenter size-large\"><img decoding=\"async\" width=\"70\" height=\"70\" src=\"https:\/\/obera.fr\/wp-content\/uploads\/2020\/09\/cov.png\" alt=\"Cov\" class=\"wp-image-959\"\/><figcaption class=\"wp-element-caption\">VOCS<\/figcaption><\/figure>\n<\/div>\n<\/div>\n<\/div>\n\n\n\n<div class=\"wp-block-column is-layout-flow wp-block-column-is-layout-flow\">\n<h3 class=\"wp-block-heading has-text-align-center\">Industrias<\/h3>\n\n\n\n<hr class=\"wp-block-separator has-css-opacity is-style-wide\"\/>\n\n\n\n<p class=\"has-text-align-center\">Adecuado para todo tipo de industria<\/p>\n<\/div>\n<\/div>\n\n<h2 class=\"wp-block-heading\">\u00bfCu\u00e1les son las caracter\u00edsticas de ePUR Ex?<\/h2>\n\n<p>Las <strong>ePUR Ex 1000, 3000 y 5000<\/strong> pueden <strong>contener hasta 3 etapas de filtraci\u00f3n de alto rendimiento<\/strong>. Son posibles varias configuraciones, bien en 2 etapas con un filtro HEPA 13\/14 y 6 kg de carb\u00f3n activado. O en 3 etapas con un primer filtro configurable seg\u00fan tus necesidades, seguido de otro filtro mitad HEPA 13\/14 y mitad de carb\u00f3n activado (3 kg).  <\/p>\n\n<p>En la<strong>ePUR Ex 3000<\/strong>, la unidad media de la gama, encontrar\u00e1s un primer filtro que puede configurarse totalmente para adaptarse a tus necesidades. La segunda caja de filtros es una HEPA 13\/14 con una superficie filtrante de 5,6 m\u00b2. Por \u00faltimo, la tercera caja de filtro es un casete de carb\u00f3n activado que pesa 6 kg. Su caudal m\u00e1ximo es de <strong>260 m3\/h <\/strong>(bajo carga). Pesa 65 kg y mide 99 cm de alto (peso sin filtro).    <\/p>\n\n<p>La<strong>ePUR Ex 5000<\/strong> destaca por su potencia de aspiraci\u00f3n, con un <strong>gran caudal de 2800 m3\/h<\/strong>. Sus filtros son tan personalizables como los de los 2 modelos anteriores. De serie, la m\u00e1quina viene con un prefiltro E10 con una superficie filtrante de 19 m\u00b2 y un filtro HEPA H14 con una superficie filtrante de 20 m\u00b2.  <\/p>\n\n<p>La ePUR Ex 1000 pesa 58 kg para una altura de 63 cm y la ePUR Ex 5000 pesa 240 kg para una altura de 159 cm (peso con filtro).<\/p>\n\n<p>Su nivel de ruido en funcionamiento es relativamente bajo (62db). Sus materiales de acero inoxidable los hacen robustos y fiables. Tambi\u00e9n est\u00e1n equipados con una pantalla de control para facilitar la configuraci\u00f3n.<\/p>\n\n<figure class=\"wp-block-table\"><table class=\"has-fixed-layout\"><thead><tr><th>Dispositivo<\/th><th><\/th><th>ePUR Ex 1000<\/th><th>ePUR Ex 3000<\/th><th>ePUR Ex 5000<\/th><\/tr><\/thead><tbody><tr><td>Flujo<\/td><td>m3\/h<\/td><td>350<\/td><td>460<\/td><td>2.800<\/td><\/tr><tr><td>Di\u00e1metro de entrada<\/td><td>mm<\/td><td>50<\/td><td>50<\/td><td>150<\/td><\/tr><tr><td>presi\u00f3n negativa m\u00e1xima<\/td><td>Pa<\/td><td>10 000<\/td><td>10 000<\/td><td>6000<\/td><\/tr><tr><td>Tensi\u00f3n de alimentaci\u00f3n<\/td><td>V<\/td><td>230 (o 110)<\/td><td>230 (o 110)<\/td><td>400<\/td><\/tr><tr><td>Potencia<\/td><td>kW<\/td><td>1.1<\/td><td>1.1<\/td><td>2.4<\/td><\/tr><tr><td>Superficie filtrante 1\u00aa planta<\/td><td>m\u00b2<\/td><td>2.2<\/td><td>2.5<\/td><td>19<\/td><\/tr><tr><td>Superficie filtrante 2\u00aa planta<\/td><td>m\u00b2<\/td><td>2.8<\/td><td>5.6<\/td><td>20<\/td><\/tr><tr><td>Cantidad de carb\u00f3n activado 3\u00aa etapa<\/td><td>kg<\/td><td>3<\/td><td>5.8<\/td><td>X<\/td><\/tr><tr><td>Dimensiones<\/td><td>l\/L\/h (mm)<\/td><td>436 x 527 x 638<\/td><td>430 x 400 x 996 mm<\/td><td>780 x 970 x 1590<\/td><\/tr><tr><td>Peso (sin filtros)<\/td><td>kg<\/td><td>58<\/td><td>65<\/td><td>240<\/td><\/tr><tr><td>Nivel de ruido<\/td><td>dB(A)<\/td><td>62<\/td><td>62<\/td><td>75<\/td><\/tr><\/tbody><\/table><\/figure>\n\n<h2 class=\"wp-block-heading\">\u00bfCu\u00e1les son las ventajas de nuestros equipos electr\u00f3nicos de aspiraci\u00f3n de humos de soldadura?<\/h2>\n\n<p><\/p>\n\n<div class=\"wp-block-columns is-layout-flex wp-container-core-columns-is-layout-28f84493 wp-block-columns-is-layout-flex\">\n<div class=\"wp-block-column is-layout-flow wp-block-column-is-layout-flow\" style=\"flex-basis:25%\"><\/div>\n\n\n\n<div class=\"wp-block-column is-layout-flow wp-block-column-is-layout-flow\" style=\"flex-basis:50%\">\n<figure class=\"wp-block-embed is-type-video is-provider-youtube wp-block-embed-youtube wp-embed-aspect-16-9 wp-has-aspect-ratio\"><div class=\"wp-block-embed__wrapper\">\n<iframe title=\"TRAITEMENT COV, ODEURS, POUSSI\u00c8RES ET POLLUANTS GAZEUX - ePUR EX1000 - Obera\" width=\"1200\" height=\"675\" src=\"https:\/\/www.youtube.com\/embed\/05A45bNzFEY?feature=oembed\" frameborder=\"0\" allow=\"accelerometer; autoplay; clipboard-write; encrypted-media; gyroscope; picture-in-picture; web-share\" referrerpolicy=\"strict-origin-when-cross-origin\" allowfullscreen><\/iframe>\n<\/div><\/figure>\n\n\n\n<p><\/p>\n<\/div>\n\n\n\n<div class=\"wp-block-column is-layout-flow wp-block-column-is-layout-flow\" style=\"flex-basis:25%\"><\/div>\n<\/div>\n\n<p>Las ventajas son numerosas, pero ante todo la <strong>protecci\u00f3n de los trabajadores<\/strong> contra las numerosas enfermedades respiratorias y cut\u00e1neas a las que est\u00e1n expuestos. Otra ventaja es la protecci\u00f3n de las herramientas de producci\u00f3n, lo que conlleva una reducci\u00f3n de las aver\u00edas y, por tanto, un aumento de su longevidad.  Sus diferentes configuraciones de filtros posibles permiten una adaptaci\u00f3n total a la problem\u00e1tica. <\/p>\n\n<blockquote class=\"wp-block-quote is-layout-flow wp-block-quote-is-layout-flow\">\n<p>Su bajo nivel de ruido de funcionamiento permite instalarlo directamente en la zona de trabajo.  <\/p>\n<\/blockquote>\n\n<p>Los aparatos se han dise\u00f1ado utilizando materiales robustos, como el acero inoxidable, para hacerlos m\u00e1s resistentes. Los filtros se pueden cambiar r\u00e1pida y f\u00e1cilmente. Se utilizan <strong>ventiladores EC de conmutaci\u00f3n<\/strong> electr\u00f3nica para una eficiencia optimizada y un ajuste infinito. El panel de control tambi\u00e9n ofrece una amplia gama de ajustes, incluido el control remoto y la visualizaci\u00f3n del estado de la unidad (filtro obstruido, pinchado, etc.) para una facilidad de uso \u00f3ptima. Por ley, nuestros aparatos te permiten cumplir el L\u00edmite de Exposici\u00f3n Profesional (LPE).    <\/p>\n\n<div class=\"wp-block-columns is-layout-flex wp-container-core-columns-is-layout-28f84493 wp-block-columns-is-layout-flex\">\n<div class=\"wp-block-column is-layout-flow wp-block-column-is-layout-flow\">\n<h3 class=\"wp-block-heading has-text-align-center\">Beneficios<\/h3>\n\n\n\n<ul class=\"wp-block-list\">\n<li>3 etapas de filtraci\u00f3n de alto rendimiento<\/li>\n\n\n\n<li>Silenciador<\/li>\n\n\n\n<li>Sustituci\u00f3n r\u00e1pida y f\u00e1cil de las etapas de filtraci\u00f3n<\/li>\n\n\n\n<li>M\u00f3vil y ahorra espacio<\/li>\n\n\n\n<li>Puede utilizarse para aspirar hasta 3 puestos de trabajo o m\u00e1quinas de producci\u00f3n<\/li>\n<\/ul>\n<\/div>\n\n\n\n<div class=\"wp-block-column is-layout-flow wp-block-column-is-layout-flow\">\n<h3 class=\"wp-block-heading has-text-align-center\">Caracter\u00edsticas especiales<\/h3>\n\n\n\n<ul class=\"wp-block-list\">\n<li>Certificaci\u00f3n ATEX<\/li>\n\n\n\n<li>Ventilador EC de conmutaci\u00f3n electr\u00f3nica para una eficacia optimizada y una ajustabilidad infinita<\/li>\n\n\n\n<li>Configurable con una amplia gama de accesorios<\/li>\n<\/ul>\n<\/div>\n\n\n\n<div class=\"wp-block-column is-layout-flow wp-block-column-is-layout-flow\">\n<h3 class=\"wp-block-heading has-text-align-center\">Caracter\u00edsticas<\/h3>\n\n\n\n<ul class=\"wp-block-list\">\n<li>Mejora significativamente la calidad del aire eliminando olores, COV y otros contaminantes gaseosos.<\/li>\n<\/ul>\n<\/div>\n<\/div>\n\n<h2 class=\"wp-block-heading\">\u00bfC\u00f3mo elijo el sistema de captaci\u00f3n de polvo adecuado?<\/h2>\n\n<p>Es esencial elegir el colector de polvo adecuado para evitar un desgaste prematuro que pueda provocar un mal funcionamiento.<\/p>\n\n<p>La gama ePUR Ex es <strong>potente<\/strong>, <strong>sencilla<\/strong>, <strong>compacta<\/strong> y est\u00e1 equipada con filtros de saturaci\u00f3n. Puedes elegir libremente y con criterio la combinaci\u00f3n de etapas de filtraci\u00f3n para optimizar la vida \u00fatil del medio filtrante. Aseg\u00farate, no obstante, de que los filtros de part\u00edculas de saturaci\u00f3n se adaptan bien a las cantidades de polvo y humos que quieres extraer. Hay otras unidades disponibles con medios filtrantes regenerativos.   <\/p>\n\n<p>Si investigas t\u00fa mismo, aseg\u00farate de averiguar la capacidad de filtrado de la unidad, que depender\u00e1 del contaminante, el tama\u00f1o de las part\u00edculas, el estado (s\u00f3lido o gaseoso) y la concentraci\u00f3n. Esta investigaci\u00f3n te permitir\u00e1 seleccionar el tipo de filtro ideal para tu aspirador. En segundo lugar, averigua la potencia de la unidad, es decir, su caudal. Una vez m\u00e1s, el caudal de la unidad depender\u00e1 de la cantidad de tu contaminante, pero tambi\u00e9n de la superficie de la sala a tratar. Cuanto mayor sea el espacio, mayor ser\u00e1 el caudal necesario.    <\/p>\n\n<p>El siguiente paso es decidir con qu\u00e9 accesorio equipar la m\u00e1quina: un conducto conectado a la m\u00e1quina de producci\u00f3n o un<a href=\"https:\/\/obera.fr\/es\/produits\/bras-dispositifs-captation\/capot-industriel\/\"> brazo de aspiraci\u00f3n<\/a> para un puesto de trabajo.<\/p>\n\n<hr class=\"wp-block-separator has-css-opacity is-style-dots\"\/>\n\n<div class=\"wp-block-buttons is-horizontal is-content-justification-center is-layout-flex wp-container-core-buttons-is-layout-03627597 wp-block-buttons-is-layout-flex\">\n<div class=\"wp-block-button has-custom-width wp-block-button__width-100\"><a class=\"wp-block-button__link wp-element-button\" href=\"https:\/\/obera.fr\/es\/contacta-con-nosotros\/\">M\u00e1s informaci\u00f3n<\/a><\/div>\n<\/div>\n\n<h2 class=\"wp-block-heading\">Otros aspiradores peque\u00f1os de la marca OberA<\/h2>\n\n<div class=\"wp-block-columns is-layout-flex wp-container-core-columns-is-layout-28f84493 wp-block-columns-is-layout-flex\">\n<div class=\"wp-block-column is-layout-flow wp-block-column-is-layout-flow\">\n<figure class=\"wp-block-image aligncenter size-medium\"><a href=\"https:\/\/obera.fr\/es\/produits\/depoussiereurs-industriels\/petits\/jumbo\/\"><img decoding=\"async\" width=\"300\" height=\"300\" src=\"https:\/\/obera.fr\/wp-content\/uploads\/2020\/10\/jumbo-300x300.png\" alt=\"Jumbo\" class=\"wp-image-1171\" srcset=\"https:\/\/obera.fr\/wp-content\/uploads\/2020\/10\/jumbo-300x300.png 300w, https:\/\/obera.fr\/wp-content\/uploads\/2020\/10\/jumbo-150x150.png 150w, https:\/\/obera.fr\/wp-content\/uploads\/2020\/10\/jumbo.png 500w\" sizes=\"(max-width: 300px) 100vw, 300px\" \/><\/a><figcaption class=\"wp-element-caption\">Jumbo<\/figcaption><\/figure>\n<\/div>\n\n\n\n<div class=\"wp-block-column is-layout-flow wp-block-column-is-layout-flow\">\n<figure class=\"wp-block-image aligncenter size-medium\"><a href=\"https:\/\/obera.fr\/es\/produits\/depoussiereurs-industriels\/petits\/tk-serie\/\"><img decoding=\"async\" width=\"300\" height=\"300\" src=\"https:\/\/obera.fr\/wp-content\/uploads\/2020\/11\/tk-series-300x300.jpg\" alt=\"Serie TK\" class=\"wp-image-1607\" srcset=\"https:\/\/obera.fr\/wp-content\/uploads\/2020\/11\/tk-series-300x300.jpg 300w, https:\/\/obera.fr\/wp-content\/uploads\/2020\/11\/tk-series-150x150.jpg 150w, https:\/\/obera.fr\/wp-content\/uploads\/2020\/11\/tk-series.jpg 600w\" sizes=\"(max-width: 300px) 100vw, 300px\" \/><\/a><figcaption class=\"wp-element-caption\">Serie TK<\/figcaption><\/figure>\n<\/div>\n\n\n\n<div class=\"wp-block-column is-layout-flow wp-block-column-is-layout-flow\">\n<figure class=\"wp-block-image aligncenter size-medium\"><a href=\"https:\/\/obera.fr\/es\/produits\/depoussiereurs-industriels\/petits\/srf-t\/\"><img decoding=\"async\" width=\"300\" height=\"300\" src=\"https:\/\/obera.fr\/wp-content\/uploads\/2020\/10\/SRF-T-SF-300x300.png\" alt=\"Srf T Sf\" class=\"wp-image-1310\" srcset=\"https:\/\/obera.fr\/wp-content\/uploads\/2020\/10\/SRF-T-SF-300x300.png 300w, https:\/\/obera.fr\/wp-content\/uploads\/2020\/10\/SRF-T-SF-150x150.png 150w, https:\/\/obera.fr\/wp-content\/uploads\/2020\/10\/SRF-T-SF.png 600w\" sizes=\"(max-width: 300px) 100vw, 300px\" \/><\/a><figcaption class=\"wp-element-caption\">SRF-T<\/figcaption><\/figure>\n<\/div>\n<\/div>\n","protected":false},"excerpt":{"rendered":"<p>EPUR Ex es una gama de 3 sistemasm\u00f3viles deextracci\u00f3n de aire con certificaci\u00f3n ATEX. \u00bfC\u00f3mo funciona la aspiraci\u00f3n de humos de soldadura\/l\u00e1ser? El funcionamiento es sencillo: el aire contaminado se aspira directamente a trav\u00e9s de una manguera de aspiraci\u00f3n flexible conectada a la m\u00e1quina, un brazo de aspiraci\u00f3n, una campana extractora o directamente a una m\u00e1quina de producci\u00f3n a trav\u00e9s de una red de conductos. Elaire contaminado es captado y tratado por las distintas etapas de filtraci\u00f3n. A continuaci\u00f3n, elaire purificado se expulsa por la parte inferior de la unidad, directamente a la zona de trabajo o al exterior, mediante &#8230; <\/p>\n<p class=\"read-more-container\"><a title=\"Extracci\u00f3n de humos de soldadura y l\u00e1ser ePUR Ex\" class=\"read-more button\" href=\"https:\/\/obera.fr\/es\/produits\/depoussiereurs-industriels\/petits\/aspiration-fumees-soudage-laser-epur-b-ex\/#more-48258\" aria-label=\"Leer m\u00e1s sobre Extracci\u00f3n de humos de soldadura y l\u00e1ser ePUR Ex\">Lire la suite<\/a><\/p>\n","protected":false},"author":4,"featured_media":83751,"parent":48206,"menu_order":0,"comment_status":"closed","ping_status":"closed","template":"","meta":{"_acf_changed":false,"_seopress_robots_primary_cat":"","_seopress_titles_title":"Extracci\u00f3n de humos de soldadura y l\u00e1ser ePUR Ex oberA","_seopress_titles_desc":"ePUR Ex 1000 \/ 3000 \/ 5000 es una gama de 3 sistemas m\u00f3viles de extracci\u00f3n de aire con certificaci\u00f3n ATEX. oberUn peque\u00f1o colector de polvo","_seopress_robots_index":"","footnotes":""},"class_list":{"0":"post-48258","1":"page","2":"type-page","3":"status-publish","4":"has-post-thumbnail","6":"no-featured-image-padding","7":"resize-featured-image"},"acf":[],"_links":{"self":[{"href":"https:\/\/obera.fr\/es\/wp-json\/wp\/v2\/pages\/48258","targetHints":{"allow":["GET"]}}],"collection":[{"href":"https:\/\/obera.fr\/es\/wp-json\/wp\/v2\/pages"}],"about":[{"href":"https:\/\/obera.fr\/es\/wp-json\/wp\/v2\/types\/page"}],"author":[{"embeddable":true,"href":"https:\/\/obera.fr\/es\/wp-json\/wp\/v2\/users\/4"}],"replies":[{"embeddable":true,"href":"https:\/\/obera.fr\/es\/wp-json\/wp\/v2\/comments?post=48258"}],"version-history":[{"count":15,"href":"https:\/\/obera.fr\/es\/wp-json\/wp\/v2\/pages\/48258\/revisions"}],"predecessor-version":[{"id":145526,"href":"https:\/\/obera.fr\/es\/wp-json\/wp\/v2\/pages\/48258\/revisions\/145526"}],"up":[{"embeddable":true,"href":"https:\/\/obera.fr\/es\/wp-json\/wp\/v2\/pages\/48206"}],"wp:featuredmedia":[{"embeddable":true,"href":"https:\/\/obera.fr\/es\/wp-json\/wp\/v2\/media\/83751"}],"wp:attachment":[{"href":"https:\/\/obera.fr\/es\/wp-json\/wp\/v2\/media?parent=48258"}],"curies":[{"name":"wp","href":"https:\/\/api.w.org\/{rel}","templated":true}]}}