{"id":48611,"date":"2020-08-26T12:33:11","date_gmt":"2020-08-26T10:33:11","guid":{"rendered":"https:\/\/obera.fr\/nuestros-productos\/filtros-de-neblina-de-aceite\/"},"modified":"2025-04-22T09:38:12","modified_gmt":"2025-04-22T07:38:12","slug":"filtres-brouillard-huile","status":"publish","type":"page","link":"https:\/\/obera.fr\/es\/produits\/filtres-brouillard-huile\/","title":{"rendered":"Filtros de neblina de aceite"},"content":{"rendered":"\n<p>Un filtro de <strong>neblina de aceite<\/strong> de alto rendimiento que se conecta directamente a la m\u00e1quina de producci\u00f3n.<\/p>\n\n<h2 class=\"wp-block-heading\" id=\"notre-gamme-de-filtres-a-brouillard-d-huile\">Nuestra gama de filtros de neblina de aceite<\/h2>\n\n<div class=\"wp-block-columns is-layout-flex wp-container-core-columns-is-layout-28f84493 wp-block-columns-is-layout-flex\">\n<div class=\"wp-block-column is-vertically-aligned-top is-layout-flow wp-block-column-is-layout-flow\">\n<h3 class=\"wp-block-heading has-text-align-center\" id=\"oilmac\"><a href=\"https:\/\/obera.fr\/es\/produits\/filtres-brouillard-huile\/oilmac\/\">Oilmac<\/a><\/h3>\n\n\n\n<figure class=\"wp-block-image aligncenter size-medium\"><a href=\"https:\/\/obera.fr\/produits\/filtres-brouillard-huile\/oilmac\/\"><img decoding=\"async\" width=\"300\" height=\"300\" src=\"https:\/\/obera.fr\/wp-content\/uploads\/2020\/08\/filtre-compact-OILMAC-300x300.png\" alt=\"Filtro compacto Oilmac\" class=\"wp-image-641\" srcset=\"https:\/\/obera.fr\/wp-content\/uploads\/2020\/08\/filtre-compact-OILMAC-300x300.png 300w, https:\/\/obera.fr\/wp-content\/uploads\/2020\/08\/filtre-compact-OILMAC-150x150.png 150w, https:\/\/obera.fr\/wp-content\/uploads\/2020\/08\/filtre-compact-OILMAC.png 600w\" sizes=\"(max-width: 300px) 100vw, 300px\" \/><\/a><\/figure>\n\n\n\n<p><strong>OILMAC <\/strong>es un <a href=\"https:\/\/obera.fr\/es\/produits\/filtres-brouillard-huile\/oilmac\/\" data-type=\"page\" data-id=\"585\">filtro compacto y potente<\/a> capaz de tratar nieblas, humos y aerosoles de aceite y emulsiones. Suele instalarse directamente en la m\u00e1quina de producci\u00f3n y conectarse mediante un conducto flexible.   <\/p>\n\n\n\n<p>Gracias a un sistema de filtraci\u00f3n de alto rendimiento de cuatro etapas, que incluye un filtro terminal HEPA 13, las part\u00edculas se filtran al 99,95% y el aire puede reintroducirse directamente en el espacio de trabajo. El mantenimiento se reduce porque los filtros pueden sustituirse sin herramientas. <\/p>\n<\/div>\n\n\n\n<div class=\"wp-block-column is-vertically-aligned-top is-layout-flow wp-block-column-is-layout-flow\">\n<h3 class=\"wp-block-heading has-text-align-center\" id=\"afs\"><a href=\"https:\/\/obera.fr\/es\/produits\/filtres-brouillard-huile\/afs\/\">AFS<\/a><\/h3>\n\n\n\n<figure class=\"wp-block-image aligncenter size-medium\"><a href=\"https:\/\/obera.fr\/produits\/filtres-brouillard-huile\/afs\/\"><img decoding=\"async\" width=\"300\" height=\"300\" src=\"https:\/\/obera.fr\/wp-content\/uploads\/2020\/08\/AFS-installation-centralisee-brouillards-huiles-300x300.png\" alt=\"Afs Instalaci&#xF3;n Centralizada Brouillards Huiles\" class=\"wp-image-643\" srcset=\"https:\/\/obera.fr\/wp-content\/uploads\/2020\/08\/AFS-installation-centralisee-brouillards-huiles-300x300.png 300w, https:\/\/obera.fr\/wp-content\/uploads\/2020\/08\/AFS-installation-centralisee-brouillards-huiles-150x150.png 150w, https:\/\/obera.fr\/wp-content\/uploads\/2020\/08\/AFS-installation-centralisee-brouillards-huiles.png 433w\" sizes=\"(max-width: 300px) 100vw, 300px\" \/><\/a><\/figure>\n\n\n\n<p><strong>AFS<\/strong> es una <a href=\"https:\/\/obera.fr\/es\/produits\/filtres-brouillard-huile\/afs\/\" data-type=\"page\" data-id=\"590\">instalaci\u00f3n centralizada para nieblas de aceite y emulsiones, humos y aerosoles<\/a>. Es una soluci\u00f3n a medida para instalar directamente en tus centros de mecanizado. Esta unidad tiene 5 etapas de filtraci\u00f3n, incluido un filtro final absoluto tipo HEPA 13, que garantiza una eficacia de filtraci\u00f3n de part\u00edculas del 99,95%.    <\/p>\n\n\n\n<p>Son posibles distintas configuraciones: reciclaje y reintroducci\u00f3n del aire filtrado en el edificio o evacuaci\u00f3n del aire filtrado e introducci\u00f3n de aire fresco con recuperaci\u00f3n de las calor\u00edas mediante un intercambiador de calor. Ambas configuraciones aprovechan al m\u00e1ximo el calor contenido en los flujos de aire extra\u00eddo. <\/p>\n\n\n\n<p><\/p>\n<\/div>\n<\/div>\n\n<div class=\"wp-block-buttons is-horizontal is-content-justification-center is-layout-flex wp-container-core-buttons-is-layout-03627597 wp-block-buttons-is-layout-flex\">\n<div class=\"wp-block-button has-custom-width wp-block-button__width-100\"><a class=\"wp-block-button__link wp-element-button\" href=\"https:\/\/obera.fr\/es\/contacta-con-nosotros\/\">M\u00e1s informaci\u00f3n<\/a><\/div>\n<\/div>\n","protected":false},"excerpt":{"rendered":"<p>Un filtro de neblina de aceite de alto rendimiento que se conecta directamente a la m\u00e1quina de producci\u00f3n. Nuestra gama de filtros de neblina de aceite Oilmac OILMAC es un filtro compacto y potente capaz de tratar nieblas, humos y aerosoles de aceite y emulsiones. Suele instalarse directamente en la m\u00e1quina de producci\u00f3n y conectarse mediante un conducto flexible. Gracias a un sistema de filtraci\u00f3n de alto rendimiento de cuatro etapas, que incluye un filtro terminal HEPA 13, las part\u00edculas se filtran al 99,95% y el aire puede reintroducirse directamente en el espacio de trabajo. El mantenimiento se reduce porque &#8230; <\/p>\n<p class=\"read-more-container\"><a title=\"Filtros de neblina de aceite\" class=\"read-more button\" href=\"https:\/\/obera.fr\/es\/produits\/filtres-brouillard-huile\/#more-48611\" aria-label=\"Leer m\u00e1s sobre Filtros de neblina de aceite\">Lire la suite<\/a><\/p>\n","protected":false},"author":4,"featured_media":83751,"parent":37908,"menu_order":10,"comment_status":"closed","ping_status":"closed","template":"","meta":{"_acf_changed":false,"_seopress_robots_primary_cat":"","_seopress_titles_title":"Filtres \u00e0 brouillard d\u2019huile industriels - oberA","_seopress_titles_desc":"Retrouvez notre gamme de filtres \u00e0 brouillard d'huile haute performance \u00e0 connecter directement sur la machine de production, OILMAC et AFS.","_seopress_robots_index":"","footnotes":""},"class_list":{"0":"post-48611","1":"page","2":"type-page","3":"status-publish","4":"has-post-thumbnail","6":"no-featured-image-padding","7":"resize-featured-image"},"acf":[],"_links":{"self":[{"href":"https:\/\/obera.fr\/es\/wp-json\/wp\/v2\/pages\/48611","targetHints":{"allow":["GET"]}}],"collection":[{"href":"https:\/\/obera.fr\/es\/wp-json\/wp\/v2\/pages"}],"about":[{"href":"https:\/\/obera.fr\/es\/wp-json\/wp\/v2\/types\/page"}],"author":[{"embeddable":true,"href":"https:\/\/obera.fr\/es\/wp-json\/wp\/v2\/users\/4"}],"replies":[{"embeddable":true,"href":"https:\/\/obera.fr\/es\/wp-json\/wp\/v2\/comments?post=48611"}],"version-history":[{"count":3,"href":"https:\/\/obera.fr\/es\/wp-json\/wp\/v2\/pages\/48611\/revisions"}],"predecessor-version":[{"id":65844,"href":"https:\/\/obera.fr\/es\/wp-json\/wp\/v2\/pages\/48611\/revisions\/65844"}],"up":[{"embeddable":true,"href":"https:\/\/obera.fr\/es\/wp-json\/wp\/v2\/pages\/37908"}],"wp:featuredmedia":[{"embeddable":true,"href":"https:\/\/obera.fr\/es\/wp-json\/wp\/v2\/media\/83751"}],"wp:attachment":[{"href":"https:\/\/obera.fr\/es\/wp-json\/wp\/v2\/media?parent=48611"}],"curies":[{"name":"wp","href":"https:\/\/api.w.org\/{rel}","templated":true}]}}