{"id":48719,"date":"2020-08-26T12:33:34","date_gmt":"2020-08-26T10:33:34","guid":{"rendered":"https:\/\/obera.fr\/nuestros-productos\/tuberias-de-aspiracion-industriales\/"},"modified":"2025-04-22T09:39:09","modified_gmt":"2025-04-22T07:39:09","slug":"tuyauteries-industrielles","status":"publish","type":"page","link":"https:\/\/obera.fr\/es\/produits\/tuyauteries-industrielles\/","title":{"rendered":"Tuber\u00edas de aspiraci\u00f3n industriales"},"content":{"rendered":"\n<p>Las tuber\u00edas de aspiraci\u00f3n industrial son un elemento crucial en el campo del tratamiento del aire industrial, ya que permiten transportar diversos contaminantes, como humos, polvo, gases de escape, etc. Sin embargo, elegir las tuber\u00edas adecuadas es esencial para garantizar un rendimiento \u00f3ptimo del sistema de aspiraci\u00f3n. <\/p>\n\n<p>Una amplia gama de tuber\u00edas para transportar polvo y contaminantes.<\/p>\n\n<h2 class=\"wp-block-heading\">Nuestra gama de tubos de aspiraci\u00f3n<\/h2>\n\n<div class=\"wp-block-columns is-layout-flex wp-container-core-columns-is-layout-28f84493 wp-block-columns-is-layout-flex\">\n<div class=\"wp-block-column is-layout-flow wp-block-column-is-layout-flow\">\n<h3 class=\"wp-block-heading has-text-align-center\"><a href=\"https:\/\/obera.fr\/es\/produits\/tuyauteries-industrielles\/gaines-lisses-acier\/\"><br\/>Conductos lisos de acero Red de alta presi\u00f3n<\/a><\/h3>\n\n\n\n<figure class=\"wp-block-image aligncenter size-medium is-resized\"><a href=\"https:\/\/obera.fr\/produits\/tuyauteries-industrielles\/gaines-lisses-acier\/\"><img decoding=\"async\" width=\"300\" height=\"300\" src=\"https:\/\/obera.fr\/wp-content\/uploads\/2020\/11\/Gaines-lisses-300x300.jpg\" alt=\"Vainas lisas\" class=\"wp-image-1735\" style=\"width:225px;height:225px\" srcset=\"https:\/\/obera.fr\/wp-content\/uploads\/2020\/11\/Gaines-lisses-300x300.jpg 300w, https:\/\/obera.fr\/wp-content\/uploads\/2020\/11\/Gaines-lisses-150x150.jpg 150w, https:\/\/obera.fr\/wp-content\/uploads\/2020\/11\/Gaines-lisses.jpg 433w\" sizes=\"(max-width: 300px) 100vw, 300px\" \/><\/a><\/figure>\n<\/div>\n\n\n\n<div class=\"wp-block-column is-layout-flow wp-block-column-is-layout-flow\">\n<h3 class=\"wp-block-heading has-text-align-center\"><a href=\"https:\/\/obera.fr\/es\/produits\/tuyauteries-industrielles\/gaines-spiralees\/\">Conductos en espiral para humos y vapores<\/a><\/h3>\n\n\n\n<figure class=\"wp-block-image aligncenter size-large is-resized\"><a href=\"https:\/\/obera.fr\/produits\/tuyauteries-industrielles\/gaines-spiralees\/\"><img decoding=\"async\" src=\"https:\/\/obera.fr\/wp-content\/uploads\/2024\/02\/sr.webp\" alt=\"Vainas en espiral\" style=\"aspect-ratio:1;width:223px;height:auto\"\/><\/a><\/figure>\n<\/div>\n\n\n\n<div class=\"wp-block-column is-layout-flow wp-block-column-is-layout-flow\">\n<h3 class=\"wp-block-heading has-text-align-center\"><a href=\"https:\/\/obera.fr\/es\/produits\/tuyauteries-industrielles\/basse-moyenne-haute-pression\/\">Tuber\u00edas de recogida de polvo de baja, media y alta presi\u00f3n<\/a><\/h3>\n\n\n\n<figure class=\"wp-block-image aligncenter size-medium is-resized\"><a href=\"https:\/\/obera.fr\/produits\/tuyauteries-industrielles\/basse-moyenne-haute-pression\/\"><img decoding=\"async\" width=\"220\" height=\"300\" src=\"https:\/\/obera.fr\/wp-content\/uploads\/2020\/11\/Tuyauterie-basse-moyenne-haute-pression-220x300.jpg\" alt=\"Baja Media Alta Presi&#xF3;n Tuber&#xED;as\" class=\"wp-image-1734\" style=\"width:165px;height:225px\" srcset=\"https:\/\/obera.fr\/wp-content\/uploads\/2020\/11\/Tuyauterie-basse-moyenne-haute-pression-220x300.jpg 220w, https:\/\/obera.fr\/wp-content\/uploads\/2020\/11\/Tuyauterie-basse-moyenne-haute-pression.jpg 428w\" sizes=\"(max-width: 220px) 100vw, 220px\" \/><\/a><\/figure>\n<\/div>\n<\/div>\n\n<p>Hay varios tipos de tuber\u00edas industriales, como los conductos en espiral, los conductos lisos y las tuber\u00edas de baja, media y alta presi\u00f3n. Cada uno de estos tipos de tuber\u00edas ofrece ventajas e inconvenientes espec\u00edficos en funci\u00f3n de las necesidades de la aplicaci\u00f3n. <\/p>\n\n<h3 class=\"wp-block-heading\">Vainas lisas<\/h3>\n\n<p>Los conductos lisos ofrecen una baja resistencia al flujo para un m\u00e1ximo rendimiento de aspiraci\u00f3n. Tambi\u00e9n son f\u00e1ciles de limpiar, lo que los hace ideales para aplicaciones en las que la higiene es primordial. Sin embargo, son menos flexibles que los conductos en espiral, lo que puede dificultar su instalaci\u00f3n.  <\/p>\n\n<h3 class=\"wp-block-heading\">Vainas en espiral<\/h3>\n\n<p>Los conductos en espiral son ideales para aplicaciones que requieren una gran flexibilidad, ya que pueden doblarse y retorcerse sin agrietarse ni deformarse. Tambi\u00e9n son resistentes a las vibraciones y los choques, lo que los hace adecuados para su uso en entornos agitados. Sin embargo, los conductos en espiral tienen una mayor resistencia al flujo que los conductos lisos, lo que puede provocar p\u00e9rdidas de presi\u00f3n y reducir el rendimiento de la aspiraci\u00f3n.  <\/p>\n\n<h3 class=\"wp-block-heading\">Tuber\u00edas de baja, media y alta presi\u00f3n<\/h3>\n\n<p>Por \u00faltimo, las tuber\u00edas de baja, media y alta presi\u00f3n ofrecen ventajas espec\u00edficas en funci\u00f3n de las necesidades de la aplicaci\u00f3n. Las tuber\u00edas de baja presi\u00f3n son adecuadas para aplicaciones en las que la presi\u00f3n de aspiraci\u00f3n es baja, mientras que las tuber\u00edas de media y alta presi\u00f3n son necesarias para aplicaciones en las que la presi\u00f3n de aspiraci\u00f3n es m\u00e1s alta. Por tanto, elegir la tuber\u00eda adecuada es esencial para garantizar un rendimiento \u00f3ptimo del sistema de aspiraci\u00f3n.  <\/p>\n\n<h2 class=\"wp-block-heading\">Conclusi\u00f3n<\/h2>\n\n<p>En conclusi\u00f3n, la elecci\u00f3n de la tuber\u00eda industrial adecuada es esencial para garantizar un rendimiento \u00f3ptimo del sistema de aspiraci\u00f3n en el tratamiento industrial del aire. Los conductos en espiral, los conductos lisos y las tuber\u00edas de baja, media y alta presi\u00f3n ofrecen ventajas espec\u00edficas en funci\u00f3n de las necesidades de la aplicaci\u00f3n, y es importante considerar detenidamente cada opci\u00f3n antes de hacer una elecci\u00f3n definitiva. <\/p>\n\n<div class=\"wp-block-buttons is-horizontal is-content-justification-center is-layout-flex wp-container-core-buttons-is-layout-03627597 wp-block-buttons-is-layout-flex\">\n<div class=\"wp-block-button has-custom-width wp-block-button__width-100\"><a class=\"wp-block-button__link wp-element-button\" href=\"https:\/\/obera.fr\/es\/contacta-con-nosotros\/\">M\u00e1s informaci\u00f3n<\/a><\/div>\n<\/div>\n","protected":false},"excerpt":{"rendered":"<p>Las tuber\u00edas de aspiraci\u00f3n industrial son un elemento crucial en el campo del tratamiento del aire industrial, ya que permiten transportar diversos contaminantes, como humos, polvo, gases de escape, etc. Sin embargo, elegir las tuber\u00edas adecuadas es esencial para garantizar un rendimiento \u00f3ptimo del sistema de aspiraci\u00f3n. Una amplia gama de tuber\u00edas para transportar polvo y contaminantes. Nuestra gama de tubos de aspiraci\u00f3n Conductos lisos de acero Red de alta presi\u00f3n Conductos en espiral para humos y vapores Tuber\u00edas de recogida de polvo de baja, media y alta presi\u00f3n Hay varios tipos de tuber\u00edas industriales, como los conductos en espiral, &#8230; <\/p>\n<p class=\"read-more-container\"><a title=\"Tuber\u00edas de aspiraci\u00f3n industriales\" class=\"read-more button\" href=\"https:\/\/obera.fr\/es\/produits\/tuyauteries-industrielles\/#more-48719\" aria-label=\"Leer m\u00e1s sobre Tuber\u00edas de aspiraci\u00f3n industriales\">Lire la suite<\/a><\/p>\n","protected":false},"author":4,"featured_media":83751,"parent":37908,"menu_order":11,"comment_status":"closed","ping_status":"closed","template":"","meta":{"_acf_changed":false,"_seopress_robots_primary_cat":"","_seopress_titles_title":"Tuyauteries industrielles: acheminer poussi\u00e8res \/ polluants","_seopress_titles_desc":"Une large gamme de tuyauterie afin d\u2019acheminer les poussi\u00e8res et polluants : Gaines lisses en acier, spiral\u00e9es et tuyauterie basse, moyenne et haute pression.","_seopress_robots_index":"","footnotes":""},"class_list":{"0":"post-48719","1":"page","2":"type-page","3":"status-publish","4":"has-post-thumbnail","6":"no-featured-image-padding","7":"resize-featured-image"},"acf":[],"_links":{"self":[{"href":"https:\/\/obera.fr\/es\/wp-json\/wp\/v2\/pages\/48719","targetHints":{"allow":["GET"]}}],"collection":[{"href":"https:\/\/obera.fr\/es\/wp-json\/wp\/v2\/pages"}],"about":[{"href":"https:\/\/obera.fr\/es\/wp-json\/wp\/v2\/types\/page"}],"author":[{"embeddable":true,"href":"https:\/\/obera.fr\/es\/wp-json\/wp\/v2\/users\/4"}],"replies":[{"embeddable":true,"href":"https:\/\/obera.fr\/es\/wp-json\/wp\/v2\/comments?post=48719"}],"version-history":[{"count":3,"href":"https:\/\/obera.fr\/es\/wp-json\/wp\/v2\/pages\/48719\/revisions"}],"predecessor-version":[{"id":65801,"href":"https:\/\/obera.fr\/es\/wp-json\/wp\/v2\/pages\/48719\/revisions\/65801"}],"up":[{"embeddable":true,"href":"https:\/\/obera.fr\/es\/wp-json\/wp\/v2\/pages\/37908"}],"wp:featuredmedia":[{"embeddable":true,"href":"https:\/\/obera.fr\/es\/wp-json\/wp\/v2\/media\/83751"}],"wp:attachment":[{"href":"https:\/\/obera.fr\/es\/wp-json\/wp\/v2\/media?parent=48719"}],"curies":[{"name":"wp","href":"https:\/\/api.w.org\/{rel}","templated":true}]}}