{"id":61348,"date":"2020-08-26T12:43:50","date_gmt":"2020-08-26T10:43:50","guid":{"rendered":"https:\/\/obera.fr\/produits\/tratamiento-de-cov-y-olores\/filtre-anti-poussiere-epur010-b-ca\/"},"modified":"2025-12-30T12:04:58","modified_gmt":"2025-12-30T10:04:58","slug":"filtre-anti-poussiere-epur010-b-ca","status":"publish","type":"page","link":"https:\/\/obera.fr\/es\/produits\/traitement-cov\/filtre-anti-poussiere-epur010-b-ca\/","title":{"rendered":"ePUR010 B CA filtro industrial de polvo, olores y COV"},"content":{"rendered":"\n<p>Nuestro <strong>filtro industrial de polvo y COV ePUR010 B CA<\/strong> es una unidad m\u00f3vil de aspiraci\u00f3n de carb\u00f3n activo capaz de tratar una corriente de aire que contenga polvo, part\u00edculas finas y gases contaminantes.<\/p>\n\n\n\n\n\n\n<h2 class=\"wp-block-heading\" id=\"comment-fonctionne-notre-appareil\"><strong>\u00bfC\u00f3mo funciona nuestro dispositivo?<\/strong><\/h2>\n\n\n\n<div class=\"wp-block-columns is-layout-flex wp-container-core-columns-is-layout-28f84493 wp-block-columns-is-layout-flex\">\n<div class=\"wp-block-column is-layout-flow wp-block-column-is-layout-flow\" style=\"flex-basis:33.33%\">\n<figure class=\"wp-block-image aligncenter size-medium\"><img decoding=\"async\" width=\"300\" height=\"300\" src=\"https:\/\/obera.fr\/wp-content\/uploads\/2020\/09\/ePUR010B-CA-300x300.png\" alt=\"ePUR010 B CA\" class=\"wp-image-1038\" srcset=\"https:\/\/obera.fr\/wp-content\/uploads\/2020\/09\/ePUR010B-CA-300x300.png 300w, https:\/\/obera.fr\/wp-content\/uploads\/2020\/09\/ePUR010B-CA-150x150.png 150w, https:\/\/obera.fr\/wp-content\/uploads\/2020\/09\/ePUR010B-CA.png 433w\" sizes=\"(max-width: 300px) 100vw, 300px\" \/><figcaption class=\"wp-element-caption\">ePUR010 B CA<\/figcaption><\/figure>\n<\/div>\n\n\n\n<div class=\"wp-block-column is-layout-flow wp-block-column-is-layout-flow\" style=\"flex-basis:66.66%\">\n<p>El funcionamiento de este filtro industrial es sencillo: el aire contaminado se recoge en origen mediante <strong>una manguera flexible, un conducto, un brazo de aspiraci\u00f3n o una campana extractora<\/strong>. El sistema tiene 2 \u00f3 3 etapas de filtraci\u00f3n. Las part\u00edculas y el polvo son retenidos por las 2 primeras etapas de filtraci\u00f3n configurables (prefiltro configurable de G3 a F7) y un filtro principal (configurable de F8 a filtraci\u00f3n absoluta HEPA H14).    <\/p>\n\n\n\n<p>Los <strong><a href=\"https:\/\/obera.fr\/es\/produits\/traitement-cov\/\" data-type=\"URL\" data-id=\"https:\/\/obera.fr\/produits\/traitement-cov\/\">contaminantes gaseosos, los olores y los COV<\/a><\/strong> son tratados por un filtro terminal de carb\u00f3n activado. A continuaci\u00f3n, el aire purificado se descarga en la zona de trabajo a trav\u00e9s de la parte inferior de la unidad. La obstrucci\u00f3n de las dos primeras etapas del filtro (prefiltro y filtro principal) se controla mediante una medici\u00f3n de la ca\u00edda de presi\u00f3n.  <\/p>\n\n\n\n<p>Cuando el nivel de obstrucci\u00f3n supera el umbral establecido (ca\u00edda de presi\u00f3n), se enciende una luz roja de advertencia para indicar la necesidad de sustituir el medio filtrante. Este sistema de filtrado industrial est\u00e1 equipado con un <strong>ventilador de conmutaci\u00f3n electr\u00f3nica de alta eficacia<\/strong> que permite ajustar el caudal de aire de 0 a 100%. <\/p>\n\n\n\n<hr class=\"wp-block-separator has-css-opacity is-style-dots\"\/>\n\n\n\n<div class=\"wp-block-columns is-layout-flex wp-container-core-columns-is-layout-28f84493 wp-block-columns-is-layout-flex\">\n<div class=\"wp-block-column is-layout-flow wp-block-column-is-layout-flow\" style=\"flex-basis:33.33%\">\n<div class=\"wp-block-buttons is-layout-flex wp-block-buttons-is-layout-flex\">\n<div class=\"wp-block-button\"><a class=\"wp-block-button__link wp-element-button\" href=\"https:\/\/obera.fr\/wp-content\/uploads\/2025\/04\/en-brochure-epur-10-bca.pdf\">DESCARGAR EL FOLLETO<\/a><\/div>\n<\/div>\n<\/div>\n\n\n\n<div class=\"wp-block-column is-layout-flow wp-block-column-is-layout-flow\" style=\"flex-basis:33.34%\">\n<div class=\"wp-block-buttons is-horizontal is-content-justification-center is-layout-flex wp-container-core-buttons-is-layout-03627597 wp-block-buttons-is-layout-flex\">\n<div class=\"wp-block-button has-custom-width wp-block-button__width-100\"><a class=\"wp-block-button__link wp-element-button\" href=\"https:\/\/obera.fr\/es\/contacta-con-nosotros\/\">M\u00e1s informaci\u00f3n<\/a><\/div>\n<\/div>\n<\/div>\n\n\n\n<div class=\"wp-block-column is-layout-flow wp-block-column-is-layout-flow\" style=\"flex-basis:33.34%\">\n<div class=\"wp-block-buttons is-content-justification-center is-layout-flex wp-container-core-buttons-is-layout-a89b3969 wp-block-buttons-is-layout-flex\">\n<div class=\"wp-block-button btn-devis-source\"><a class=\"wp-block-button__link wp-element-button\" href=\"https:\/\/obera.fr\/es\/devis\/\">Pide un presupuesto<\/a><\/div>\n<\/div>\n\n\n<script>\r\ndocument.addEventListener('DOMContentLoaded', function() {\r\n    \/\/ 1. On cherche le titre H1 de la page\r\n    var h1 = document.querySelector('h1');\r\n    var productTitle = h1 ? h1.innerText.trim() : \"\";\r\n\r\n    \/\/ 2. On cherche les boutons via la classe CSS .btn-devis-source\r\n    var buttons = document.querySelectorAll('.btn-devis-source a');\r\n\r\n    \/\/ 3. Si on a le titre et les boutons, on ajoute le param\u00e8tre\r\n    if (buttons.length > 0 && productTitle !== \"\") {\r\n        var encodedTitle = encodeURIComponent(productTitle);\r\n\r\n        buttons.forEach(function(btn) {\r\n            var currentHref = btn.getAttribute('href');\r\n            \r\n            \/\/ S\u00e9curit\u00e9 pour ne pas ajouter le param\u00e8tre 2 fois\r\n            if (currentHref.indexOf('sujet=') === -1) {\r\n                var separator = currentHref.indexOf('?') !== -1 ? '&' : '?';\r\n                var newLink = currentHref + separator + 'sujet=' + encodedTitle;\r\n                \r\n                btn.setAttribute('href', newLink);\r\n            }\r\n        });\r\n    }\r\n});\r\n<\/script><\/div>\n<\/div>\n<\/div>\n<\/div>\n\n\n\n<h2 class=\"wp-block-heading\" id=\"quels-polluants-traiter-avec-notre-filtre-industriel-anti-poussiere-odeurs-et-cov\">\u00bfQu\u00e9 contaminantes pueden tratarse con nuestros filtros industriales de polvo, olores y COV?<\/h2>\n\n\n\n<p>El ePUR010 B CA se ha dise\u00f1ado espec\u00edficamente para el <strong>tratamiento combinado de polvo, olores, humo, COV y otros contaminantes gaseosos<\/strong>.<\/p>\n\n\n\n<blockquote class=\"wp-block-quote is-layout-flow wp-block-quote-is-layout-flow\">\n<p>Lee tambi\u00e9n: <a href=\"https:\/\/obera.fr\/es\/nuestro-consejo\/traitement-odeurs-industrielles\/\" data-type=\"post\" data-id=\"8636\">\u00bfC\u00f3mo tratar los olores industriales y los COV?<\/a><\/p>\n<\/blockquote>\n\n\n\n<h2 class=\"wp-block-heading\" id=\"pour-quelles-utilisations-est-prevu-notre-appareil-de-filtration-anti-poussiere-odeurs-et-cov\">\u00bfPara qu\u00e9 est\u00e1n dise\u00f1adas nuestras unidades de filtraci\u00f3n de polvo, olores y COV?<\/h2>\n\n\n\n<p>Se adapta perfectamente a <strong>todo tipo de industrias<\/strong>, y ya ha demostrado su eficacia en la industria <strong>electr\u00f3nica<\/strong>, la industria <strong>del cuero<\/strong>, la industria de <strong>art\u00edculos de lujo<\/strong> y prendas de vestir, la industria <strong>cosm\u00e9tica<\/strong> y <strong>joyera<\/strong>, <strong>laboratorios<\/strong>, el sector <strong>educativo<\/strong>, <strong>museos<\/strong> y <strong>talleres de restauraci\u00f3n de arte<\/strong>, e industrias para procesos como :<\/p>\n\n\n\n<ul class=\"wp-block-list\">\n<li>Humos l\u00e1ser<\/li>\n\n\n\n<li>Encolado<\/li>\n\n\n\n<li>Abrir<\/li>\n\n\n\n<li>Limpieza con disolventes<\/li>\n\n\n\n<li>Decapado<\/li>\n\n\n\n<li>Pulido<\/li>\n\n\n\n<li>Desbarbado, etc.<\/li>\n<\/ul>\n\n\n\n<div class=\"wp-block-columns is-layout-flex wp-container-core-columns-is-layout-28f84493 wp-block-columns-is-layout-flex\">\n<div class=\"wp-block-column is-layout-flow wp-block-column-is-layout-flow\">\n<h3 class=\"wp-block-heading has-text-align-center\" id=\"polluants\">Contaminantes<\/h3>\n\n\n\n<hr class=\"wp-block-separator has-css-opacity is-style-wide\"\/>\n\n\n\n<div class=\"wp-block-columns is-layout-flex wp-container-core-columns-is-layout-28f84493 wp-block-columns-is-layout-flex\">\n<div class=\"wp-block-column is-layout-flow wp-block-column-is-layout-flow\">\n<figure class=\"wp-block-image aligncenter size-large\"><img decoding=\"async\" width=\"70\" height=\"70\" src=\"https:\/\/obera.fr\/wp-content\/uploads\/2020\/08\/polluants-poussieres.jpg\" alt=\"Contaminantes Polvo\" class=\"wp-image-675\"\/><figcaption class=\"wp-element-caption\">Polvo qu\u00edmico<\/figcaption><\/figure>\n\n\n\n<figure class=\"wp-block-image aligncenter size-large\"><img decoding=\"async\" width=\"70\" height=\"70\" src=\"https:\/\/obera.fr\/wp-content\/uploads\/2020\/08\/industrie-fumees.jpg\" alt=\"Humo industrial\" class=\"wp-image-722\"\/><figcaption class=\"wp-element-caption\">Humos<\/figcaption><\/figure>\n<\/div>\n\n\n\n<div class=\"wp-block-column is-layout-flow wp-block-column-is-layout-flow\">\n<figure class=\"wp-block-image aligncenter size-large\"><img decoding=\"async\" width=\"70\" height=\"70\" src=\"https:\/\/obera.fr\/wp-content\/uploads\/2020\/10\/industrie-aerosols.jpg\" alt=\"Aerosoles industriales\" class=\"wp-image-1201\"\/><figcaption class=\"wp-element-caption\">VOCS<\/figcaption><\/figure>\n\n\n\n<figure class=\"wp-block-image aligncenter size-large\"><img decoding=\"async\" width=\"70\" height=\"70\" src=\"https:\/\/obera.fr\/wp-content\/uploads\/2020\/08\/industrie-odeur.jpg\" alt=\"Industria Olor\" class=\"wp-image-723\"\/><figcaption class=\"wp-element-caption\">Olores<\/figcaption><\/figure>\n<\/div>\n<\/div>\n<\/div>\n\n\n\n<div class=\"wp-block-column is-layout-flow wp-block-column-is-layout-flow\">\n<h3 class=\"wp-block-heading has-text-align-center\" id=\"industries\">Industrias<\/h3>\n\n\n\n<hr class=\"wp-block-separator has-css-opacity is-style-wide\"\/>\n\n\n\n<div class=\"wp-block-columns is-layout-flex wp-container-core-columns-is-layout-28f84493 wp-block-columns-is-layout-flex\">\n<div class=\"wp-block-column is-layout-flow wp-block-column-is-layout-flow\">\n<figure class=\"wp-block-image aligncenter size-large\"><img decoding=\"async\" width=\"70\" height=\"70\" src=\"https:\/\/obera.fr\/wp-content\/uploads\/2020\/08\/industrie-metallurgie.jpg\" alt=\"Industria metal\u00fargica\" class=\"wp-image-673\"\/><figcaption class=\"wp-element-caption\">Metalurgia<\/figcaption><\/figure>\n\n\n\n<figure class=\"wp-block-image aligncenter size-large\"><img decoding=\"async\" width=\"70\" height=\"70\" src=\"https:\/\/obera.fr\/wp-content\/uploads\/2020\/08\/industrie-bois.jpg\" alt=\"Industria maderera\" class=\"wp-image-672\"\/><figcaption class=\"wp-element-caption\">Carpinter\u00eda<\/figcaption><\/figure>\n<\/div>\n\n\n\n<div class=\"wp-block-column is-layout-flow wp-block-column-is-layout-flow\">\n<figure class=\"wp-block-image aligncenter size-large\"><img decoding=\"async\" width=\"70\" height=\"70\" src=\"https:\/\/obera.fr\/wp-content\/uploads\/2020\/08\/industrie-chimie.jpg\" alt=\"Industria qu\u00edmica\" class=\"wp-image-725\"\/><figcaption class=\"wp-element-caption\">Qu\u00edmica\/Petroqu\u00edmica<\/figcaption><\/figure>\n<\/div>\n<\/div>\n<\/div>\n<\/div>\n\n\n\n<h2 class=\"wp-block-heading\" id=\"quelles-sont-les-caracteristiques-de-notre-filtre-anti-poussiere-odeurs-et-cov-industriel\">\u00bfCu\u00e1les son las caracter\u00edsticas de nuestro filtro industrial de polvo, olores y COV?<\/h2>\n\n\n\n<p>Nuestro <strong>filtro industrial de polvo, olores y COV<\/strong> est\u00e1 dise\u00f1ado para proporcionar una gran potencia de aspiraci\u00f3n, lo que le permite aspirar hasta 1000 m3\/h sin brazo y 150 m3\/h con brazo. Su nivel de ruido de funcionamiento es especialmente bajo (63 dB). <\/p>\n\n\n\n<p>Consta de una etapa de prefiltraci\u00f3n y dos etapas de filtraci\u00f3n (1 filtro principal de polvo + 1 filtro principal de carb\u00f3n activado). Los medios filtrantes de part\u00edculas son filtros de saturaci\u00f3n, por lo que deben sustituirse cuando se saturen. Si la cantidad de polvo es demasiado grande, este tipo de medios filtrantes puede resultar inadecuado, por lo que es aconsejable elegir un modelo de aspirador con sistema de limpieza y medios filtrantes regenerables.  <\/p>\n\n\n\n<p>Las configuraciones de filtro posibles en este aparato son las siguientes:<\/p>\n\n\n\n<div class=\"wp-block-columns is-layout-flex wp-container-core-columns-is-layout-28f84493 wp-block-columns-is-layout-flex\">\n<div class=\"wp-block-column is-layout-flow wp-block-column-is-layout-flow\">\n<h3 class=\"wp-block-heading\" id=\"prefiltration\">Prefiltraci\u00f3n<\/h3>\n\n\n\n<ul class=\"wp-block-list\">\n<li><strong>ISO Filtro de aire grueso al 50%<\/strong> (eficacia antigua clase de filtraci\u00f3n G3) de malla met\u00e1lica lavable de aluminio o acero, especialmente adecuado para aceites, grasas y polvos pegajosos o para separar chispas.<\/li>\n\n\n\n<li><strong>Filtro de aire ISO Grueso 90% a ISO PM10 85%<\/strong> (eficacia anteriormente clase G4, M5 y F7) filtro y marco de fibra de poli\u00e9ster. Estos filtros de aire separan el polvo y las part\u00edculas finas y gruesas para proteger los filtros de las etapas posteriores. <\/li>\n<\/ul>\n<\/div>\n\n\n\n<div class=\"wp-block-column is-layout-flow wp-block-column-is-layout-flow\">\n<h3 class=\"wp-block-heading\" id=\"filtre-principal-1\">Filtro principal 1<\/h3>\n\n\n\n<ul class=\"wp-block-list\">\n<li><strong>Filtro de aire ISO PM1 65% a ISO PM1 85%<\/strong> (eficacia anterior clase de filtraci\u00f3n F8 y F9) Filtro 100% poli\u00e9ster, totalmente reciclable, para una filtraci\u00f3n eficaz sin posible desprendimiento de fibras de vidrio.<\/li>\n\n\n\n<li><strong>Filtro de aire de alta eficacia<\/strong> (eficacia absoluta del filtro HEPA E11 a H14) para la filtraci\u00f3n eficaz de part\u00edculas ultrafinas y, posiblemente, polvo CMR. Los filtros E11 tienen una ca\u00edda de presi\u00f3n muy baja y son 100% de poli\u00e9ster para garantizar un aire sano sin desprendimiento de part\u00edculas de fibra de vidrio. Por encima de E11, los filtros absolutos son de fibra de vidrio.  <\/li>\n<\/ul>\n\n\n\n<h3 class=\"wp-block-heading\" id=\"filtre-principal-2\">Filtro principal 2<\/h3>\n\n\n\n<ul class=\"wp-block-list\">\n<li>Hay disponible una amplia <strong>gama de adsorbentes de alta eficacia<\/strong> para tratar una gran variedad de COV, olores y otros contaminantes gaseosos. Las cargas de carb\u00f3n activado van de 6,5 kg a 15 kg. Los cartuchos son reutilizables y reciclables.  <\/li>\n<\/ul>\n<\/div>\n<\/div>\n\n\n\n<p>La etapa de prefiltraci\u00f3n separa las part\u00edculas gruesas, protegiendo el filtro principal de carb\u00f3n activado. Puedes seleccionar el tipo de carb\u00f3n activado en funci\u00f3n de los contaminantes a tratar, para una eficacia \u00f3ptima. La unidad est\u00e1 montada sobre ruedas y pesa s\u00f3lo 20 kg, por lo que es f\u00e1cil de manejar.  <\/p>\n\n\n\n<p>El filtro de polvo, olores y COV ePUR 10 B CA es un <strong>sistema industrial ligero<\/strong> (fabricado totalmente en aluminio) y m\u00f3vil (sobre ruedas) que puede colocarse f\u00e1cilmente lo m\u00e1s cerca posible de los medios de producci\u00f3n, para captar los contaminantes presentes en origen y limpiar as\u00ed el aire lo m\u00e1s cerca posible del operario.<\/p>\n\n\n\n<figure class=\"wp-block-table\"><table class=\"has-fixed-layout\"><thead><tr><th>Dispositivo<\/th><th><\/th><th>ePUR010B CA<br>Con brazo<\/th><th>ePUR010B CA<br>Sin brazo<\/th><\/tr><\/thead><tbody><tr><td>Flujo<\/td><td>m3\/h<\/td><td>150<\/td><td>1 000<\/td><\/tr><tr><td>Intensidad<\/td><td>A<\/td><td>0.7<\/td><td>0.7<\/td><\/tr><tr><td>Tensi\u00f3n de alimentaci\u00f3n<\/td><td>V<\/td><td>230<\/td><td>230<\/td><\/tr><tr><td>Potencia<\/td><td>kW<\/td><td>0.08<\/td><td>0.08<\/td><\/tr><tr><td>Dimensiones<\/td><td>l\/L\/h (mm)<\/td><td>660 x 370 x 780 mm<\/td><td>660 x 370 x 780 mm<\/td><\/tr><tr><td>Carga de carb\u00f3n activado<\/td><td>kg<\/td><td>7.5<\/td><td>7.5<\/td><\/tr><tr><td>Nivel de ruido<\/td><td>dB(A)<\/td><td>63<\/td><td>63<\/td><\/tr><\/tbody><\/table><\/figure>\n\n\n\n<div class=\"wp-block-buttons is-horizontal is-content-justification-center is-layout-flex wp-container-core-buttons-is-layout-03627597 wp-block-buttons-is-layout-flex\">\n<div class=\"wp-block-button\"><a class=\"wp-block-button__link wp-element-button\" href=\"https:\/\/obera.fr\/wp-content\/uploads\/2024\/02\/brochure-epur-10-bca.pdf\">descargar ficha t\u00e9cnica del producto<\/a><\/div>\n<\/div>\n\n\n\n<h2 class=\"wp-block-heading\" id=\"quels-sont-les-avantages-de-notre-filtre-anti-poussiere-odeurs-et-cov-industriel\">\u00bfCu\u00e1les son las ventajas de nuestros filtros industriales de polvo, olores y COV?<\/h2>\n\n\n\n<p>Estos sistemas de filtraci\u00f3n mejoran significativamente la calidad del aire en los puestos de trabajo, reduciendo el riesgo de exposici\u00f3n de los empleados. Otra ventaja es la <strong>protecci\u00f3n de la maquinaria de producci\u00f3n<\/strong>, que <strong>reduce las aver\u00edas<\/strong> y alarga su vida \u00fatil.   <\/p>\n\n\n\n<blockquote class=\"wp-block-quote is-layout-flow wp-block-quote-is-layout-flow\">\n<p>Estos sistemas de tratamiento del aire son <strong>especialmente silenciosos<\/strong>, lo que permite instalarlos directamente en la zona de trabajo.  <\/p>\n<\/blockquote>\n\n\n\n<p>El prefiltro protege al filtro principal de carb\u00f3n activado de las part\u00edculas gruesas, garantizando su longevidad. Los filtros se cambian r\u00e1pida y f\u00e1cilmente con una sola llave hexagonal. Sus ruedas y su peso de 20 kg facilitan su maniobrabilidad. Como exige la normativa, nuestros equipos te permiten cumplir los Valores L\u00edmite de Exposici\u00f3n Profesional<a href=\"https:\/\/obera.fr\/conseils\/reglementation-vlep-evaluation-risque-chimique-lieu-de-travail\/\" data-type=\"post\" data-id=\"6575\">(<\/a>VLEP), <a href=\"https:\/\/obera.fr\/es\/nuestro-consejo\/qualite-l-air-interieur-critere-essentiel-industrie\/\" data-type=\"post\" data-id=\"5884\">mejorando as\u00ed la calidad del aire<\/a>.   <\/p>\n\n\n\n<div class=\"wp-block-columns is-layout-flex wp-container-core-columns-is-layout-28f84493 wp-block-columns-is-layout-flex\">\n<div class=\"wp-block-column is-layout-flow wp-block-column-is-layout-flow\">\n<h3 class=\"wp-block-heading has-text-align-center\" id=\"avantages\">Beneficios<\/h3>\n\n\n\n<ul class=\"wp-block-list\">\n<li>Plug &amp; Play: s\u00f3lo tienes que enchufarlo a la red el\u00e9ctrica y ya est\u00e1 listo para usar<\/li>\n\n\n\n<li>Potente y silencioso<\/li>\n\n\n\n<li>Sin instalaci\u00f3n ni conductos de extracci\u00f3n<\/li>\n\n\n\n<li>Dise\u00f1ado para que sea f\u00e1cil de mover gracias a sus ruedas<\/li>\n\n\n\n<li>Consumo de energ\u00eda muy bajo (menos que una aspiradora dom\u00e9stica)<\/li>\n<\/ul>\n<\/div>\n\n\n\n<div class=\"wp-block-column is-layout-flow wp-block-column-is-layout-flow\">\n<h3 class=\"wp-block-heading has-text-align-center\" id=\"particularites\">Caracter\u00edsticas especiales<\/h3>\n\n\n\n<ul class=\"wp-block-list\">\n<li>Cartuchos cargados con carb\u00f3n activado seleccionados en funci\u00f3n de los contaminantes a tratar.<\/li>\n\n\n\n<li>Cartuchos reutilizables y reciclables<\/li>\n\n\n\n<li>Cambia t\u00fa mismo el medio filtrante en s\u00f3lo 5 minutos, con una sola llave Allen.<\/li>\n\n\n\n<li>Se conecta a una toma est\u00e1ndar de 220 V<\/li>\n<\/ul>\n<\/div>\n\n\n\n<div class=\"wp-block-column is-layout-flow wp-block-column-is-layout-flow\">\n<h3 class=\"wp-block-heading has-text-align-center\" id=\"caracteristiques\">Caracter\u00edsticas<\/h3>\n\n\n\n<ul class=\"wp-block-list\">\n<li>Mejora significativamente la calidad del aire en los talleres de producci\u00f3n complementando los sistemas existentes<\/li>\n\n\n\n<li>Captura los contaminantes en origen<\/li>\n\n\n\n<li>Puede equiparse con varias campanas o campanas modulares<\/li>\n<\/ul>\n<\/div>\n<\/div>\n\n\n\n<div class=\"wp-block-buttons is-horizontal is-content-justification-center is-layout-flex wp-container-core-buttons-is-layout-03627597 wp-block-buttons-is-layout-flex\">\n<div class=\"wp-block-button has-custom-width wp-block-button__width-100\"><a class=\"wp-block-button__link wp-element-button\" href=\"https:\/\/obera.fr\/es\/contacta-con-nosotros\/\">M\u00e1s informaci\u00f3n<\/a><\/div>\n<\/div>\n\n\n\n<h2 class=\"wp-block-heading\" id=\"les-autres-produits-de-traitement-des-polluants-gazeux-obera\">Otros productos de tratamiento de contaminantes gaseosos oberA<\/h2>\n\n\n\n<div class=\"wp-block-columns is-layout-flex wp-container-core-columns-is-layout-28f84493 wp-block-columns-is-layout-flex\">\n<div class=\"wp-block-column is-layout-flow wp-block-column-is-layout-flow\">\n<figure class=\"wp-block-image aligncenter size-medium is-resized\"><a href=\"https:\/\/obera.fr\/produits\/traitement-cov\/aspiration-mobile-odeurs-epur-box\/\"><img decoding=\"async\" width=\"300\" height=\"300\" src=\"https:\/\/obera.fr\/wp-content\/uploads\/2020\/09\/ePUR-BOX-SF-300x300.png\" alt=\"Epur Caja Sf\" class=\"wp-image-1036\" srcset=\"https:\/\/obera.fr\/wp-content\/uploads\/2020\/09\/ePUR-BOX-SF-300x300.png 300w, https:\/\/obera.fr\/wp-content\/uploads\/2020\/09\/ePUR-BOX-SF-150x150.png 150w, https:\/\/obera.fr\/wp-content\/uploads\/2020\/09\/ePUR-BOX-SF.png 600w\" sizes=\"(max-width: 300px) 100vw, 300px\" \/><\/a><figcaption class=\"wp-element-caption\">CAJA ePUR<\/figcaption><\/figure>\n\n\n\n<figure class=\"wp-block-image aligncenter size-full is-resized\"><a href=\"https:\/\/obera.fr\/produits\/purificateurs-air\/professionnel-epur-ca\/\"><img decoding=\"async\" width=\"500\" height=\"500\" src=\"https:\/\/obera.fr\/wp-content\/uploads\/2022\/02\/EPUR30-CA.png\" alt=\"epur30 ca\" class=\"wp-image-8923\" srcset=\"https:\/\/obera.fr\/wp-content\/uploads\/2022\/02\/EPUR30-CA.png 500w, https:\/\/obera.fr\/wp-content\/uploads\/2022\/02\/EPUR30-CA-300x300.png 300w, https:\/\/obera.fr\/wp-content\/uploads\/2022\/02\/EPUR30-CA-150x150.png 150w\" sizes=\"(max-width: 500px) 100vw, 500px\" \/><\/a><figcaption class=\"wp-element-caption\">ePUR CA<\/figcaption><\/figure>\n<\/div>\n\n\n\n<div class=\"wp-block-column is-layout-flow wp-block-column-is-layout-flow\">\n<figure class=\"wp-block-image aligncenter size-full is-resized\"><a href=\"https:\/\/obera.fr\/produits\/depoussiereurs-industriels\/petits\/aspiration-fumees-soudage-laser-epur-b-ex\/\"><img decoding=\"async\" width=\"600\" height=\"600\" src=\"https:\/\/obera.fr\/wp-content\/uploads\/2023\/10\/epurb-ex-1000-3000-5000.png\" alt=\"oberA epur b ex 1000 3000 5000\" class=\"wp-image-25016\" srcset=\"https:\/\/obera.fr\/wp-content\/uploads\/2023\/10\/epurb-ex-1000-3000-5000.png 600w, https:\/\/obera.fr\/wp-content\/uploads\/2023\/10\/epurb-ex-1000-3000-5000-300x300.png 300w, https:\/\/obera.fr\/wp-content\/uploads\/2023\/10\/epurb-ex-1000-3000-5000-150x150.png 150w\" sizes=\"(max-width: 600px) 100vw, 600px\" \/><\/a><figcaption class=\"wp-element-caption\">ePUR B EX<\/figcaption><\/figure>\n<\/div>\n\n\n\n<div class=\"wp-block-column is-layout-flow wp-block-column-is-layout-flow\">\n<figure class=\"wp-block-image aligncenter size-full is-resized\"><a href=\"https:\/\/obera.fr\/produits\/traitement-cov\/filtre-atex-mobile-mobfan-4500\/\"><img decoding=\"async\" width=\"500\" height=\"500\" src=\"https:\/\/obera.fr\/wp-content\/uploads\/2022\/03\/Filtre-mobile-ATEX-MOBFAN4500.png\" alt=\"filtro m\u00f3vil atex mobfan4500\" class=\"wp-image-9464\" srcset=\"https:\/\/obera.fr\/wp-content\/uploads\/2022\/03\/Filtre-mobile-ATEX-MOBFAN4500.png 500w, https:\/\/obera.fr\/wp-content\/uploads\/2022\/03\/Filtre-mobile-ATEX-MOBFAN4500-300x300.png 300w, https:\/\/obera.fr\/wp-content\/uploads\/2022\/03\/Filtre-mobile-ATEX-MOBFAN4500-150x150.png 150w\" sizes=\"(max-width: 500px) 100vw, 500px\" \/><\/a><figcaption class=\"wp-element-caption\">MOBFAN 4500<\/figcaption><\/figure>\n<\/div>\n<\/div>\n\n\n\n<p><\/p>\n","protected":false},"excerpt":{"rendered":"<p>Nuestro filtro industrial de polvo y COV ePUR010 B CA es una unidad m\u00f3vil de aspiraci\u00f3n de carb\u00f3n activo capaz de tratar una corriente de aire que contenga polvo, part\u00edculas finas y gases contaminantes. \u00bfC\u00f3mo funciona nuestro dispositivo? El funcionamiento de este filtro industrial es sencillo: el aire contaminado se recoge en origen mediante una manguera flexible, un conducto, un brazo de aspiraci\u00f3n o una campana extractora. El sistema tiene 2 \u00f3 3 etapas de filtraci\u00f3n. Las part\u00edculas y el polvo son retenidos por las 2 primeras etapas de filtraci\u00f3n configurables (prefiltro configurable de G3 a F7) y un filtro &#8230; <\/p>\n<p class=\"read-more-container\"><a title=\"ePUR010 B CA filtro industrial de polvo, olores y COV\" class=\"read-more button\" href=\"https:\/\/obera.fr\/es\/produits\/traitement-cov\/filtre-anti-poussiere-epur010-b-ca\/#more-61348\" aria-label=\"Leer m\u00e1s sobre ePUR010 B CA filtro industrial de polvo, olores y COV\">Lire la suite<\/a><\/p>\n","protected":false},"author":4,"featured_media":83751,"parent":46454,"menu_order":0,"comment_status":"closed","ping_status":"closed","template":"","meta":{"_acf_changed":false,"_seopress_robots_primary_cat":"","_seopress_titles_title":"ePUR010 B CA filtro industrial de polvo, olores y COV","_seopress_titles_desc":"El filtro industrial ePUR010 B CA es una unidad m\u00f3vil de aspiraci\u00f3n de carb\u00f3n activo que trata el aire que contiene polvo, part\u00edculas finas y gases contaminantes.","_seopress_robots_index":"","footnotes":""},"class_list":{"0":"post-61348","1":"page","2":"type-page","3":"status-publish","4":"has-post-thumbnail","6":"no-featured-image-padding","7":"resize-featured-image"},"acf":[],"_links":{"self":[{"href":"https:\/\/obera.fr\/es\/wp-json\/wp\/v2\/pages\/61348","targetHints":{"allow":["GET"]}}],"collection":[{"href":"https:\/\/obera.fr\/es\/wp-json\/wp\/v2\/pages"}],"about":[{"href":"https:\/\/obera.fr\/es\/wp-json\/wp\/v2\/types\/page"}],"author":[{"embeddable":true,"href":"https:\/\/obera.fr\/es\/wp-json\/wp\/v2\/users\/4"}],"replies":[{"embeddable":true,"href":"https:\/\/obera.fr\/es\/wp-json\/wp\/v2\/comments?post=61348"}],"version-history":[{"count":8,"href":"https:\/\/obera.fr\/es\/wp-json\/wp\/v2\/pages\/61348\/revisions"}],"predecessor-version":[{"id":87897,"href":"https:\/\/obera.fr\/es\/wp-json\/wp\/v2\/pages\/61348\/revisions\/87897"}],"up":[{"embeddable":true,"href":"https:\/\/obera.fr\/es\/wp-json\/wp\/v2\/pages\/46454"}],"wp:featuredmedia":[{"embeddable":true,"href":"https:\/\/obera.fr\/es\/wp-json\/wp\/v2\/media\/83751"}],"wp:attachment":[{"href":"https:\/\/obera.fr\/es\/wp-json\/wp\/v2\/media?parent=61348"}],"curies":[{"name":"wp","href":"https:\/\/api.w.org\/{rel}","templated":true}]}}