{"id":62070,"date":"2021-07-23T14:22:11","date_gmt":"2021-07-23T12:22:11","guid":{"rendered":"https:\/\/obera.fr\/achat-merci\/"},"modified":"2025-02-17T11:38:17","modified_gmt":"2025-02-17T09:38:17","slug":"achat-merci","status":"publish","type":"page","link":"https:\/\/obera.fr\/es\/achat-merci\/","title":{"rendered":"Gracias por hacer tu pedido en obera.fr"},"content":{"rendered":"\n<p>Mientras esperas a recibir tu pedido, puedes leer las \u00faltimas entradas del blog<\/p>\n<ul class=\"wp-block-latest-posts__list is-grid columns-2 wp-block-latest-posts\"><li><div class=\"wp-block-latest-posts__featured-image aligncenter\"><a href=\"https:\/\/obera.fr\/es\/extraccion-de-materiales\/las-soluciones-de-aspiracion-y-desempolvado-industrial-para-la-extraccion-de-materiales\/\" aria-label=\"Las soluciones de aspiraci\u00f3n y desempolvado industrial para la extracci\u00f3n de materiales\"><img decoding=\"async\" width=\"1024\" height=\"576\" src=\"https:\/\/obera.fr\/wp-content\/uploads\/2025\/08\/extraction-materiaux-1024x576.jpg\" class=\"attachment-large size-large wp-post-image\" alt=\"extracci\u00f3n materiales\" style=\"max-width:500px;\" srcset=\"https:\/\/obera.fr\/wp-content\/uploads\/2025\/08\/extraction-materiaux-1024x576.jpg 1024w, https:\/\/obera.fr\/wp-content\/uploads\/2025\/08\/extraction-materiaux-300x169.jpg 300w, https:\/\/obera.fr\/wp-content\/uploads\/2025\/08\/extraction-materiaux-768x432.jpg 768w, https:\/\/obera.fr\/wp-content\/uploads\/2025\/08\/extraction-materiaux-1536x864.jpg 1536w, https:\/\/obera.fr\/wp-content\/uploads\/2025\/08\/extraction-materiaux.jpg 1600w\" sizes=\"(max-width: 1024px) 100vw, 1024px\" \/><\/a><\/div><a class=\"wp-block-latest-posts__post-title\" href=\"https:\/\/obera.fr\/es\/extraccion-de-materiales\/las-soluciones-de-aspiracion-y-desempolvado-industrial-para-la-extraccion-de-materiales\/\">Las soluciones de aspiraci\u00f3n y desempolvado industrial para la extracci\u00f3n de materiales<\/a><div class=\"wp-block-latest-posts__post-excerpt\">La extracci\u00f3n de materiales genera inevitablemente residuos que es indispensable controlar para proteger la salud y la seguridad de los trabajadores.<\/div><\/li>\n<li><div class=\"wp-block-latest-posts__featured-image aligncenter\"><a href=\"https:\/\/obera.fr\/es\/electronica-electricidad\/las-soluciones-de-aspiracion-y-filtracion-de-obera-para-la-industria-electronica\/\" aria-label=\"Las soluciones de aspiraci\u00f3n y filtraci\u00f3n de OberA para la industria electr\u00f3nica\"><img decoding=\"async\" width=\"1024\" height=\"576\" src=\"https:\/\/obera.fr\/wp-content\/uploads\/2025\/08\/electricite-electronique-1024x576.jpg\" class=\"attachment-large size-large wp-post-image\" alt=\"electricidad electr\u00f3nica\" style=\"max-width:500px;\" srcset=\"https:\/\/obera.fr\/wp-content\/uploads\/2025\/08\/electricite-electronique-1024x576.jpg 1024w, https:\/\/obera.fr\/wp-content\/uploads\/2025\/08\/electricite-electronique-300x169.jpg 300w, https:\/\/obera.fr\/wp-content\/uploads\/2025\/08\/electricite-electronique-768x432.jpg 768w, https:\/\/obera.fr\/wp-content\/uploads\/2025\/08\/electricite-electronique-1536x864.jpg 1536w, https:\/\/obera.fr\/wp-content\/uploads\/2025\/08\/electricite-electronique.jpg 1600w\" sizes=\"(max-width: 1024px) 100vw, 1024px\" \/><\/a><\/div><a class=\"wp-block-latest-posts__post-title\" href=\"https:\/\/obera.fr\/es\/electronica-electricidad\/las-soluciones-de-aspiracion-y-filtracion-de-obera-para-la-industria-electronica\/\">Las soluciones de aspiraci\u00f3n y filtraci\u00f3n de OberA para la industria electr\u00f3nica<\/a><div class=\"wp-block-latest-posts__post-excerpt\">En la industria electr\u00f3nica, la calidad del aire impacta directamente en la fiabilidad de los componentes y la salud de los operarios.<\/div><\/li>\n<li><div class=\"wp-block-latest-posts__featured-image aligncenter\"><a href=\"https:\/\/obera.fr\/es\/restauradores-de-obras-de-arte-y-artistas\/la-importancia-de-la-aspiracion-y-la-filtracion-en-el-ambito-artistico\/\" aria-label=\"La importancia de la aspiraci\u00f3n y la filtraci\u00f3n en el \u00e1mbito art\u00edstico\"><img decoding=\"async\" width=\"1024\" height=\"576\" src=\"https:\/\/obera.fr\/wp-content\/uploads\/2025\/08\/restaurateurs-oeuvre-art-1024x576.jpg\" class=\"attachment-large size-large wp-post-image\" alt=\"restauradores obra arte\" style=\"max-width:500px;\" srcset=\"https:\/\/obera.fr\/wp-content\/uploads\/2025\/08\/restaurateurs-oeuvre-art-1024x576.jpg 1024w, https:\/\/obera.fr\/wp-content\/uploads\/2025\/08\/restaurateurs-oeuvre-art-300x169.jpg 300w, https:\/\/obera.fr\/wp-content\/uploads\/2025\/08\/restaurateurs-oeuvre-art-768x432.jpg 768w, https:\/\/obera.fr\/wp-content\/uploads\/2025\/08\/restaurateurs-oeuvre-art-1536x864.jpg 1536w, https:\/\/obera.fr\/wp-content\/uploads\/2025\/08\/restaurateurs-oeuvre-art.jpg 1600w\" sizes=\"(max-width: 1024px) 100vw, 1024px\" \/><\/a><\/div><a class=\"wp-block-latest-posts__post-title\" href=\"https:\/\/obera.fr\/es\/restauradores-de-obras-de-arte-y-artistas\/la-importancia-de-la-aspiracion-y-la-filtracion-en-el-ambito-artistico\/\">La importancia de la aspiraci\u00f3n y la filtraci\u00f3n en el \u00e1mbito art\u00edstico<\/a><div class=\"wp-block-latest-posts__post-excerpt\">La restauraci\u00f3n de obras y la creaci\u00f3n art\u00edstica exponen diariamente a los profesionales a disolventes, resinas y polvo fino que es absolutamente necesario controlar.<\/div><\/li>\n<li><div class=\"wp-block-latest-posts__featured-image aligncenter\"><a href=\"https:\/\/obera.fr\/es\/ejercito-y-defensa\/soluciones-de-aspiracion-y-filtracion-de-contaminantes-para-el-sector-militar\/\" aria-label=\"Soluciones de aspiraci\u00f3n y filtraci\u00f3n de contaminantes para el sector militar\"><img decoding=\"async\" width=\"1024\" height=\"576\" src=\"https:\/\/obera.fr\/wp-content\/uploads\/2025\/08\/armee-defense-1024x576.jpg\" class=\"attachment-large size-large wp-post-image\" alt=\"armee defense\" style=\"max-width:500px;\" srcset=\"https:\/\/obera.fr\/wp-content\/uploads\/2025\/08\/armee-defense-1024x576.jpg 1024w, https:\/\/obera.fr\/wp-content\/uploads\/2025\/08\/armee-defense-300x169.jpg 300w, https:\/\/obera.fr\/wp-content\/uploads\/2025\/08\/armee-defense-768x432.jpg 768w, https:\/\/obera.fr\/wp-content\/uploads\/2025\/08\/armee-defense-1536x864.jpg 1536w, https:\/\/obera.fr\/wp-content\/uploads\/2025\/08\/armee-defense.jpg 1600w\" sizes=\"(max-width: 1024px) 100vw, 1024px\" \/><\/a><\/div><a class=\"wp-block-latest-posts__post-title\" href=\"https:\/\/obera.fr\/es\/ejercito-y-defensa\/soluciones-de-aspiracion-y-filtracion-de-contaminantes-para-el-sector-militar\/\">Soluciones de aspiraci\u00f3n y filtraci\u00f3n de contaminantes para el sector militar<\/a><div class=\"wp-block-latest-posts__post-excerpt\">Las infraestructuras militares requieren un control absoluto del entorno de trabajo para proteger la salud de los operarios y la longevidad de los equipos t\u00e1cticos.<\/div><\/li>\n<li><div class=\"wp-block-latest-posts__featured-image aligncenter\"><a href=\"https:\/\/obera.fr\/es\/sante\/las-soluciones-de-aspiracion-filtracion-y-purificacion-de-obera-para-la-salud\/\" aria-label=\"Las soluciones de aspiraci\u00f3n, filtraci\u00f3n y purificaci\u00f3n de OberA para la salud\"><img decoding=\"async\" width=\"1024\" height=\"682\" src=\"https:\/\/obera.fr\/wp-content\/uploads\/2025\/06\/masque-classique-1024x682.webp\" class=\"attachment-large size-large wp-post-image\" alt=\"mascarilla cl\u00e1sica\" style=\"max-width:500px;\" srcset=\"https:\/\/obera.fr\/wp-content\/uploads\/2025\/06\/masque-classique-1024x682.webp 1024w, https:\/\/obera.fr\/wp-content\/uploads\/2025\/06\/masque-classique-300x200.webp 300w, https:\/\/obera.fr\/wp-content\/uploads\/2025\/06\/masque-classique-768x512.webp 768w, https:\/\/obera.fr\/wp-content\/uploads\/2025\/06\/masque-classique.webp 1280w\" sizes=\"(max-width: 1024px) 100vw, 1024px\" \/><\/a><\/div><a class=\"wp-block-latest-posts__post-title\" href=\"https:\/\/obera.fr\/es\/sante\/las-soluciones-de-aspiracion-filtracion-y-purificacion-de-obera-para-la-salud\/\">Las soluciones de aspiraci\u00f3n, filtraci\u00f3n y purificaci\u00f3n de OberA para la salud<\/a><div class=\"wp-block-latest-posts__post-excerpt\">Mejorar la calidad del aire interior se ha convertido en un importante reto de salud p\u00fablica para proteger a los colaboradores en cualquier entorno industrial o terciario.<\/div><\/li>\n<li><a class=\"wp-block-latest-posts__post-title\" href=\"https:\/\/obera.fr\/es\/prensa\/el-53-de-los-empleados-considera-que-su-empresa-no-esta-preparada-para-gestionar-eficazmente-los-episodios-de-calor-intenso\/\">El 53% de los empleados considera que su empresa no est\u00e1 preparada para gestionar eficazmente los episodios de calor intenso<\/a><div class=\"wp-block-latest-posts__post-excerpt\">OberA ha realizado una encuesta a 4.203 personas en activo en Francia para comprender mejor c\u00f3mo perciben y viven los empleados los episodios de calor intenso en su lugar de trabajo<\/div><\/li>\n<li><div class=\"wp-block-latest-posts__featured-image aligncenter\"><a href=\"https:\/\/obera.fr\/es\/materiales-composites\/emisiones-de-cov-durante-la-infusion-de-composites\/\" aria-label=\"Emisiones de COV durante la infusi\u00f3n de composites\"><img decoding=\"async\" width=\"1024\" height=\"181\" src=\"https:\/\/obera.fr\/wp-content\/uploads\/2026\/03\/industrie-composite-opti-1024x181.jpg\" class=\"attachment-large size-large wp-post-image\" alt=\"industrie composite opti\" style=\"max-width:500px;\" srcset=\"https:\/\/obera.fr\/wp-content\/uploads\/2026\/03\/industrie-composite-opti-1024x181.jpg 1024w, https:\/\/obera.fr\/wp-content\/uploads\/2026\/03\/industrie-composite-opti-300x53.jpg 300w, https:\/\/obera.fr\/wp-content\/uploads\/2026\/03\/industrie-composite-opti-768x136.jpg 768w, https:\/\/obera.fr\/wp-content\/uploads\/2026\/03\/industrie-composite-opti-1536x272.jpg 1536w, https:\/\/obera.fr\/wp-content\/uploads\/2026\/03\/industrie-composite-opti.jpg 1980w\" sizes=\"(max-width: 1024px) 100vw, 1024px\" \/><\/a><\/div><a class=\"wp-block-latest-posts__post-title\" href=\"https:\/\/obera.fr\/es\/materiales-composites\/emisiones-de-cov-durante-la-infusion-de-composites\/\">Emisiones de COV durante la infusi\u00f3n de composites<\/a><div class=\"wp-block-latest-posts__post-excerpt\">La infusi\u00f3n al vac\u00edo es un proceso ampliamente utilizado para fabricar piezas de composite de gran dimensi\u00f3n. Este proceso consiste en impregnar las fibras de refuerzo con una resina l\u00edquida aspirada al vac\u00edo. <\/div><\/li>\n<li><div class=\"wp-block-latest-posts__featured-image aligncenter\"><a href=\"https:\/\/obera.fr\/es\/materiales-composites\/vapores-de-resina-epoxi-en-la-industria-de-los-composites\/\" aria-label=\"Vapores de resina epoxi en la industria de los composites\"><img decoding=\"async\" width=\"1024\" height=\"181\" src=\"https:\/\/obera.fr\/wp-content\/uploads\/2026\/03\/materiaux-composites-opti-1024x181.jpg\" class=\"attachment-large size-large wp-post-image\" alt=\"materiales composites optimizados\" style=\"max-width:500px;\" srcset=\"https:\/\/obera.fr\/wp-content\/uploads\/2026\/03\/materiaux-composites-opti-1024x181.jpg 1024w, https:\/\/obera.fr\/wp-content\/uploads\/2026\/03\/materiaux-composites-opti-300x53.jpg 300w, https:\/\/obera.fr\/wp-content\/uploads\/2026\/03\/materiaux-composites-opti-768x136.jpg 768w, https:\/\/obera.fr\/wp-content\/uploads\/2026\/03\/materiaux-composites-opti-1536x272.jpg 1536w, https:\/\/obera.fr\/wp-content\/uploads\/2026\/03\/materiaux-composites-opti.jpg 1980w\" sizes=\"(max-width: 1024px) 100vw, 1024px\" \/><\/a><\/div><a class=\"wp-block-latest-posts__post-title\" href=\"https:\/\/obera.fr\/es\/materiales-composites\/vapores-de-resina-epoxi-en-la-industria-de-los-composites\/\">Vapores de resina epoxi en la industria de los composites<\/a><div class=\"wp-block-latest-posts__post-excerpt\">Las resinas epoxi se utilizan ampliamente en la fabricaci\u00f3n de composites de alto rendimiento mec\u00e1nico.<\/div><\/li>\n<\/ul>","protected":false},"excerpt":{"rendered":"<p>Mientras esperas a recibir tu pedido, puedes leer las \u00faltimas entradas del blog<\/p>\n","protected":false},"author":4,"featured_media":0,"parent":0,"menu_order":0,"comment_status":"closed","ping_status":"closed","template":"","meta":{"_acf_changed":false,"_seopress_robots_primary_cat":"","_seopress_titles_title":"","_seopress_titles_desc":"","_seopress_robots_index":"s\u00ed","footnotes":""},"class_list":{"0":"post-62070","1":"page","2":"type-page","3":"status-publish","5":"no-featured-image-padding"},"acf":[],"_links":{"self":[{"href":"https:\/\/obera.fr\/es\/wp-json\/wp\/v2\/pages\/62070","targetHints":{"allow":["GET"]}}],"collection":[{"href":"https:\/\/obera.fr\/es\/wp-json\/wp\/v2\/pages"}],"about":[{"href":"https:\/\/obera.fr\/es\/wp-json\/wp\/v2\/types\/page"}],"author":[{"embeddable":true,"href":"https:\/\/obera.fr\/es\/wp-json\/wp\/v2\/users\/4"}],"replies":[{"embeddable":true,"href":"https:\/\/obera.fr\/es\/wp-json\/wp\/v2\/comments?post=62070"}],"version-history":[{"count":1,"href":"https:\/\/obera.fr\/es\/wp-json\/wp\/v2\/pages\/62070\/revisions"}],"predecessor-version":[{"id":62072,"href":"https:\/\/obera.fr\/es\/wp-json\/wp\/v2\/pages\/62070\/revisions\/62072"}],"wp:attachment":[{"href":"https:\/\/obera.fr\/es\/wp-json\/wp\/v2\/media?parent=62070"}],"curies":[{"name":"wp","href":"https:\/\/api.w.org\/{rel}","templated":true}]}}