{"id":65208,"date":"2024-04-05T22:42:52","date_gmt":"2024-04-05T20:42:52","guid":{"rendered":"https:\/\/obera.fr\/produits\/aspirateurs-industriels\/w2-haute-filtration-polyvalence\/"},"modified":"2026-02-05T18:17:24","modified_gmt":"2026-02-05T16:17:24","slug":"w2-haute-filtration-polyvalence","status":"publish","type":"page","link":"https:\/\/obera.fr\/es\/produits\/aspirateurs-industriels\/w2-haute-filtration-polyvalence\/","title":{"rendered":"Aspirador industrial W2"},"content":{"rendered":"\n<p>Compacto y m\u00f3vil, el <a href=\"https:\/\/obera.fr\/es\/produits\/aspirateurs-industriels\/\" data-type=\"page\" data-id=\"41\">aspirador industrial<\/a> W2 es uno de los equipos m\u00e1s eficaces del mercado, reconocido por su solidez, su alta capacidad de filtraci\u00f3n y su rendimiento.<\/p>\n\n<h2 class=\"wp-block-heading\">Aspirador industrial W2 h\u00famedo y seco: \u00bfcu\u00e1l es su funcionamiento y su \u00e1mbito de aplicaci\u00f3n?<\/h2>\n\n<div class=\"wp-block-columns is-layout-flex wp-container-core-columns-is-layout-28f84493 wp-block-columns-is-layout-flex\">\n<div class=\"wp-block-column is-layout-flow wp-block-column-is-layout-flow\" style=\"flex-basis:33.33%\">\n<figure class=\"wp-block-image size-full is-resized\"><img decoding=\"async\" width=\"711\" height=\"622\" src=\"https:\/\/obera.fr\/wp-content\/uploads\/2024\/10\/w2.png\" alt=\"Aspiradoras industriales\" class=\"wp-image-35424\" style=\"object-fit:cover;width:300px;height:300px\" srcset=\"https:\/\/obera.fr\/wp-content\/uploads\/2024\/10\/w2.png 711w, https:\/\/obera.fr\/wp-content\/uploads\/2024\/10\/w2-300x262.png 300w\" sizes=\"(max-width: 711px) 100vw, 711px\" \/><\/figure>\n<\/div>\n\n\n\n<div class=\"wp-block-column is-layout-flow wp-block-column-is-layout-flow\" style=\"flex-basis:66.66%\">\n<p>El <strong>aspirador industrial W2 h\u00famedo y seco<\/strong> obtiene su principal ventaja de su polivalencia. Su potencia de aspiraci\u00f3n permite levantar y aspirar materiales s\u00f3lidos y l\u00edquidos simult\u00e1neamente. Integra dos motores monof\u00e1sicos de tipo by-pass protegidos por una s\u00f3lida cabeza de motor de acero y provistos de un revestimiento interno insonorizante. El aspirador est\u00e1 dotado de un sistema de separaci\u00f3n agua\/polvo para filtrar los l\u00edquidos de las part\u00edculas secas. Las part\u00edculas de polvo aspiradas se almacenan en un dep\u00f3sito de acero, mientras que los l\u00edquidos se recogen en un reservorio.<\/p>\n\n\n\n<p>En cuanto a su \u00e1mbito de aplicaci\u00f3n, el modelo de aspirador industrial W2 es ideal para la <strong>limpieza<\/strong> y la <strong>manipulaci\u00f3n<\/strong> de <strong>peque\u00f1as y medianas cantidades de polvo<\/strong>. Tambi\u00e9n es eficaz para la aspiraci\u00f3n de materiales s\u00f3lidos y l\u00edquidos. Una polivalencia que lo convierte en un equipo perfecto para todo tipo de industria. Se muestra particularmente eficaz en la industria qu\u00edmica y farmac\u00e9utica, alimentaria, molinera, as\u00ed como en las panader\u00edas y para la limpieza de hornos.<\/p>\n\n\n\n<div class=\"wp-block-columns is-layout-flex wp-container-core-columns-is-layout-28f84493 wp-block-columns-is-layout-flex\">\n<div class=\"wp-block-column is-layout-flow wp-block-column-is-layout-flow\">\n<div class=\"wp-block-buttons is-layout-flex wp-block-buttons-is-layout-flex\">\n<div class=\"wp-block-button\"><a class=\"wp-block-button__link wp-element-button\" href=\"https:\/\/obera.fr\/wp-content\/uploads\/2025\/06\/brochure-w2-fr.pdf\">DESCARGAR EL FOLLETO<\/a><\/div>\n<\/div>\n<\/div>\n\n\n\n<div class=\"wp-block-column is-layout-flow wp-block-column-is-layout-flow\">\n<div class=\"wp-block-buttons is-horizontal is-content-justification-center is-layout-flex wp-container-core-buttons-is-layout-03627597 wp-block-buttons-is-layout-flex\">\n<div class=\"wp-block-button has-custom-width wp-block-button__width-100\"><a class=\"wp-block-button__link wp-element-button\" href=\"https:\/\/obera.fr\/es\/contacta-con-nosotros\/\">M\u00e1s informaci\u00f3n<\/a><\/div>\n<\/div>\n<\/div>\n\n\n\n<div class=\"wp-block-column is-layout-flow wp-block-column-is-layout-flow\">\n<div class=\"wp-block-buttons is-content-justification-center is-layout-flex wp-container-core-buttons-is-layout-a89b3969 wp-block-buttons-is-layout-flex\">\n<div class=\"wp-block-button btn-devis-source\"><a class=\"wp-block-button__link wp-element-button\" href=\"https:\/\/obera.fr\/es\/devis\/\">Pide un presupuesto<\/a><\/div>\n<\/div>\n\n\n<script>\r\ndocument.addEventListener('DOMContentLoaded', function() {\r\n    \/\/ 1. On cherche le titre H1 de la page\r\n    var h1 = document.querySelector('h1');\r\n    var productTitle = h1 ? h1.innerText.trim() : \"\";\r\n\r\n    \/\/ 2. On cherche les boutons via la classe CSS .btn-devis-source\r\n    var buttons = document.querySelectorAll('.btn-devis-source a');\r\n\r\n    \/\/ 3. Si on a le titre et les boutons, on ajoute le param\u00e8tre\r\n    if (buttons.length > 0 && productTitle !== \"\") {\r\n        var encodedTitle = encodeURIComponent(productTitle);\r\n\r\n        buttons.forEach(function(btn) {\r\n            var currentHref = btn.getAttribute('href');\r\n            \r\n            \/\/ S\u00e9curit\u00e9 pour ne pas ajouter le param\u00e8tre 2 fois\r\n            if (currentHref.indexOf('sujet=') === -1) {\r\n                var separator = currentHref.indexOf('?') !== -1 ? '&' : '?';\r\n                var newLink = currentHref + separator + 'sujet=' + encodedTitle;\r\n                \r\n                btn.setAttribute('href', newLink);\r\n            }\r\n        });\r\n    }\r\n});\r\n<\/script><\/div>\n<\/div>\n<\/div>\n<\/div>\n\n<h2 class=\"wp-block-heading\">Aspirador industrial W2: alta filtraci\u00f3n, alta movilidad\u2026 todas sus caracter\u00edsticas t\u00e9cnicas<\/h2>\n\n<p>El aspirador industrial W2 no tiene nada que envidiar a los modelos m\u00e1s imponentes: <strong>su potencia de aspiraci\u00f3n con una superficie filtrante de 20.000 cm2<\/strong> confiere a este equipo una alta filtraci\u00f3n, adem\u00e1s de una alta movilidad. Con un caudal de aire de 360 m3\/h, el aspirador garantiza una filtraci\u00f3n aumentada para mejorar la calidad del aire circundante y aspirar m\u00e1s r\u00e1pidamente la suciedad. <\/p>\n\n<p>Dotado de un filtro de bolsas de poli\u00e9ster de 420 mm y de una concepci\u00f3n en acero industrial (motor, c\u00e1mara de filtrado, contenedor y chasis), el equipo ofrece una durabilidad m\u00e1xima. Sus dos motores monof\u00e1sicos est\u00e1n calibrados para un servicio continuo, 7 d\u00edas a la semana, 24 horas al d\u00eda. Otra ventaja es que el aspirador dispone de un sistema de sacudida para desprender los materiales depositados y evitar la obstrucci\u00f3n del aparato.<\/p>\n\n<p>Otra caracter\u00edstica t\u00e9cnica esencial: su eficacia de filtraci\u00f3n hasta 3 micras y su pocket filter, que asegura una retenci\u00f3n elevada del polvo, garantizan al aspirador W2 la pureza del aire expulsado.<\/p>\n\n<p>El aspirador h\u00famedo y seco W2 se entrega con <strong>accesorios dedicados a los profesionales de la limpieza<\/strong> (tubo de aspiraci\u00f3n flexible, cepillos, boquilla, adaptadores).<\/p>\n\n<blockquote class=\"wp-block-quote is-layout-flow wp-block-quote-is-layout-flow\">\n<p>Las opciones: el aspirador industrial W2 existe en versi\u00f3n <strong>zona ATEX 22<\/strong> para limpiar con total seguridad los entornos que generan polvo explosivo. Tambi\u00e9n puede integrar filtros nomex (resistencia al calor hasta 250\u00b0), Hepa H14, clase M PTFE, clase L, M o incluso M Tefl\u00f3n hidr\u00f3fobo-ole\u00f3fobo. Seg\u00fan su industria, nuestros equipos le aconsejar\u00e1n sobre el filtro m\u00e1s adaptado a sus unidades de producci\u00f3n.<\/p>\n<\/blockquote>\n\n<h3 class=\"wp-block-heading has-text-align-center\">INDUSTRIAS<\/h3>\n\n<div class=\"wp-block-columns is-layout-flex wp-container-core-columns-is-layout-28f84493 wp-block-columns-is-layout-flex\">\n<div class=\"wp-block-column is-layout-flow wp-block-column-is-layout-flow\">\n<hr class=\"wp-block-separator has-alpha-channel-opacity\"\/>\n\n\n\n<div class=\"wp-block-columns is-layout-flex wp-container-core-columns-is-layout-28f84493 wp-block-columns-is-layout-flex\">\n<div class=\"wp-block-column is-layout-flow wp-block-column-is-layout-flow\">\n<figure class=\"wp-block-image aligncenter size-thumbnail is-resized\"><img decoding=\"async\" width=\"150\" height=\"150\" src=\"https:\/\/obera.fr\/wp-content\/uploads\/2022\/02\/Textile-150x150.png\" alt=\"textil\" class=\"wp-image-8855\"\/><figcaption class=\"wp-element-caption\">Textiles<\/figcaption><\/figure>\n\n\n\n<figure class=\"wp-block-image aligncenter size-thumbnail is-resized\"><img decoding=\"async\" width=\"150\" height=\"150\" src=\"https:\/\/obera.fr\/wp-content\/uploads\/2022\/02\/Plastique-150x150.png\" alt=\"pl&#xE1;stico\" class=\"wp-image-8854\"\/><figcaption class=\"wp-element-caption\">Pl\u00e1stico<\/figcaption><\/figure>\n<\/div>\n\n\n\n<div class=\"wp-block-column is-layout-flow wp-block-column-is-layout-flow\">\n<figure class=\"wp-block-image aligncenter size-thumbnail is-resized\"><img decoding=\"async\" width=\"150\" height=\"150\" src=\"https:\/\/obera.fr\/wp-content\/uploads\/2022\/02\/MINERAIS-150x150.png\" alt=\"minerales\" class=\"wp-image-8847\"\/><figcaption class=\"wp-element-caption\">Minerales<\/figcaption><\/figure>\n\n\n\n<figure class=\"wp-block-image aligncenter size-thumbnail is-resized\"><img decoding=\"async\" width=\"150\" height=\"150\" src=\"https:\/\/obera.fr\/wp-content\/uploads\/2022\/02\/Metalurgie-150x150.png\" alt=\"metalurgia\" class=\"wp-image-8857\"\/><figcaption class=\"wp-element-caption\">Metalurgia<\/figcaption><\/figure>\n\n\n\n<figure class=\"wp-block-image aligncenter size-thumbnail is-resized\"><img decoding=\"async\" width=\"150\" height=\"150\" src=\"https:\/\/obera.fr\/wp-content\/uploads\/2023\/02\/sans-titre-2023-02-14t102211.641-150x150.png\" alt=\"Agricultura\" class=\"wp-image-18828\"\/><figcaption class=\"wp-element-caption\">Agricultura<\/figcaption><\/figure>\n<\/div>\n<\/div>\n<\/div>\n\n\n\n<div class=\"wp-block-column is-layout-flow wp-block-column-is-layout-flow\">\n<hr class=\"wp-block-separator has-alpha-channel-opacity\"\/>\n\n\n\n<div class=\"wp-block-columns is-layout-flex wp-container-core-columns-is-layout-28f84493 wp-block-columns-is-layout-flex\">\n<div class=\"wp-block-column is-layout-flow wp-block-column-is-layout-flow\">\n<figure class=\"wp-block-image aligncenter size-thumbnail is-resized\"><img decoding=\"async\" width=\"150\" height=\"150\" src=\"https:\/\/obera.fr\/wp-content\/uploads\/2022\/02\/Chimie-150x150.png\" alt=\"qu&#xED;mica\" class=\"wp-image-8846\"\/><figcaption class=\"wp-element-caption\">Qu\u00edmica<\/figcaption><\/figure>\n\n\n\n<figure class=\"wp-block-image aligncenter size-thumbnail is-resized\"><img decoding=\"async\" width=\"150\" height=\"150\" src=\"https:\/\/obera.fr\/wp-content\/uploads\/2022\/02\/Travail-du-bois-150x150.png\" alt=\"carpinter&#xED;a\" class=\"wp-image-8856\"\/><figcaption class=\"wp-element-caption\">Carpinter\u00eda<\/figcaption><\/figure>\n\n\n\n<figure class=\"wp-block-image aligncenter size-thumbnail is-resized\"><img decoding=\"async\" width=\"150\" height=\"150\" src=\"https:\/\/obera.fr\/wp-content\/uploads\/2023\/02\/sans-titre-2023-02-14t101920.185-150x150.png\" alt=\"Aviaci&#xF3;n\" class=\"wp-image-18831\"\/><figcaption class=\"wp-element-caption\">Aviaci\u00f3n<\/figcaption><\/figure>\n<\/div>\n\n\n\n<div class=\"wp-block-column is-layout-flow wp-block-column-is-layout-flow\">\n<figure class=\"wp-block-image aligncenter size-thumbnail is-resized\"><img decoding=\"async\" width=\"150\" height=\"150\" src=\"https:\/\/obera.fr\/wp-content\/uploads\/2022\/02\/AGROALIMENTAIRE-150x150.png\" alt=\"agroalimentario\" class=\"wp-image-8844\"\/><figcaption class=\"wp-element-caption\">Industria alimentaria<\/figcaption><\/figure>\n\n\n\n<figure class=\"wp-block-image aligncenter size-thumbnail is-resized\"><img decoding=\"async\" width=\"150\" height=\"150\" src=\"https:\/\/obera.fr\/wp-content\/uploads\/2022\/02\/Papier-carton-150x150.png\" alt=\"papel y cart&#xF3;n\" class=\"wp-image-8853\"\/><figcaption class=\"wp-element-caption\">Papel\/Cart\u00f3n<\/figcaption><\/figure>\n\n\n\n<figure class=\"wp-block-image aligncenter size-thumbnail is-resized\"><img decoding=\"async\" width=\"150\" height=\"150\" src=\"https:\/\/obera.fr\/wp-content\/uploads\/2023\/02\/sans-titre-2023-02-14t101712.416-150x150.png\" alt=\"Autom&#xF3;vil\" class=\"wp-image-18834\"\/><figcaption class=\"wp-element-caption\">Autom\u00f3vil<\/figcaption><\/figure>\n<\/div>\n<\/div>\n<\/div>\n<\/div>\n\n<figure class=\"wp-block-table\"><table class=\"has-fixed-layout\"><tbody><tr><td>Tensi\u00f3n<\/td><td>V-HZ<\/td><td>230-50<\/td><\/tr><tr><td>Potencia<\/td><td>kW<\/td><td>2&#215;1.1<\/td><\/tr><tr><td>Depresi\u00f3n m\u00e1xima<\/td><td>Pa<\/td><td>2.400 Pa<\/td><\/tr><tr><td>Caudal de aire m\u00e1x.<\/td><td>m3\/h<\/td><td>360<\/td><\/tr><tr><td>Di\u00e1metro de la embocadura<\/td><td>mm<\/td><td>50<\/td><\/tr><tr><td>Tipo de filtro<\/td><td><\/td><td>De mangas en estrella<\/td><\/tr><tr><td>Superficie<\/td><td>cm2<\/td><td>20.000<\/td><\/tr><tr><td>Sistema de limpieza<\/td><td><\/td><td>Manual<\/td><\/tr><tr><td>Dep\u00f3sito de recogida<\/td><td><\/td><td>Acero<\/td><\/tr><tr><td>Sistema de vaciado<\/td><td><\/td><td>Dep\u00f3sito extra\u00edble<\/td><\/tr><tr><td>Capacidad<\/td><td>litro<\/td><td>40<\/td><\/tr><tr><td>Dimensiones<\/td><td>cm<\/td><td>55x63x115<\/td><\/tr><\/tbody><\/table><\/figure>\n\n<div class=\"wp-block-buttons is-content-justification-center is-layout-flex wp-container-core-buttons-is-layout-a89b3969 wp-block-buttons-is-layout-flex\">\n<div class=\"wp-block-button\"><a class=\"wp-block-button__link wp-element-button\" href=\"https:\/\/obera.fr\/wp-content\/uploads\/2024\/04\/obera_brochure-w2-fr.pdf\">DESCARGAR LA FICHA DE PRODUCTO<\/a><\/div>\n<\/div>\n\n<h2 class=\"wp-block-heading\">Rendimiento y polivalencia: todas las ventajas del aspirador W2<\/h2>\n\n<p>El modelo W2 combina la comodidad de uso de un equipo compacto con la potencia de un aspirador industrial. Adem\u00e1s de su alta movilidad y su rendimiento de aspiraci\u00f3n, su revestimiento insonorizante minimiza el ruido durante su uso para no incomodar al operador y a los dem\u00e1s empleados presentes en el taller. Tambi\u00e9n para la comodidad de uso, su \u00e1rea de salida dirigida hacia abajo impide remover el polvo en la superficie y molestar al operador.<\/p>\n\n<p>El aspirador no requiere mantenimiento, est\u00e1 provisto de un sacudidor de filtro de desplazamiento vertical para evitar la saturaci\u00f3n y, sobre todo, facilitar su limpieza manual.<\/p>\n\n<p>Por \u00faltimo, su polivalencia es su principal ventaja, ya que la aspiraci\u00f3n de materiales s\u00f3lidos y l\u00edquidos permite una multitud de usos: limpieza de suelos, paredes, obras de construcci\u00f3n, talleres, m\u00e1quinas, equipos CHR, etc.<\/p>\n\n<div class=\"wp-block-columns is-layout-flex wp-container-core-columns-is-layout-28f84493 wp-block-columns-is-layout-flex\">\n<div class=\"wp-block-column is-layout-flow wp-block-column-is-layout-flow\" style=\"flex-basis:33.34%\">\n<h3 class=\"wp-block-heading\">Ventajas :<\/h3>\n\n\n\n<ul class=\"wp-block-list\">\n<li>Sistema de alta filtraci\u00f3n para aspirar polvo s\u00f3lido y l\u00edquidos simult\u00e1neamente;<\/li>\n\n\n\n<li>Ultracompacto y m\u00f3vil;<\/li>\n\n\n\n<li>Poco ruido durante el uso. <\/li>\n<\/ul>\n<\/div>\n\n\n\n<div class=\"wp-block-column is-layout-flow wp-block-column-is-layout-flow\" style=\"flex-basis:33.34%\">\n<h3 class=\"wp-block-heading\">Caracter\u00edsticas especiales:<\/h3>\n\n\n\n<ul class=\"wp-block-list\">\n<li>Dos motores monof\u00e1sicos con interruptores independientes;<\/li>\n\n\n\n<li>Opcional: filtro Hepa H14, clase M, L, M Tefl\u00f3n hidr\u00f3fobo-ole\u00f3fobo, M PTFE, filtro nomex;<\/li>\n\n\n\n<li>Versi\u00f3n ATEX zona 22 disponible.<\/li>\n<\/ul>\n<\/div>\n\n\n\n<div class=\"wp-block-column is-layout-flow wp-block-column-is-layout-flow\" style=\"flex-basis:33.33%\">\n<h3 class=\"wp-block-heading\">Caracter\u00edsticas :<\/h3>\n\n\n\n<ul class=\"wp-block-list\">\n<li>Indicador de filtro obstruido con piloto luminoso;<\/li>\n\n\n\n<li>Protecci\u00f3n de la unidad de aspiraci\u00f3n con su filtro en estrella (poli\u00e9ster).<\/li>\n<\/ul>\n<\/div>\n<\/div>\n\n<h2 class=\"wp-block-heading\">\u00bfDesea probar el aspirador industrial W2 en su centro de producci\u00f3n?<\/h2>\n\n<p>\u00a1Pruebe la soluci\u00f3n en sus talleres! Proponemos en todas nuestras soluciones una fase de prueba con opci\u00f3n de compra durante una duraci\u00f3n media de 1 mes. Al t\u00e9rmino de la prueba, o bien lo adopta, o bien le proponemos una soluci\u00f3n m\u00e1s adaptada a sus necesidades.<\/p>\n\n<div class=\"wp-block-buttons is-content-justification-center is-layout-flex wp-container-core-buttons-is-layout-a89b3969 wp-block-buttons-is-layout-flex\">\n<div class=\"wp-block-button\"><a class=\"wp-block-button__link wp-element-button\" href=\"https:\/\/obera.fr\/es\/contact\/\">PRUEBE EL ASPIRADOR W2<\/a><\/div>\n<\/div>\n\n<h2 class=\"wp-block-heading\">Los otros aspiradores industriales de la gama<\/h2>\n\n<div class=\"wp-block-columns is-layout-flex wp-container-core-columns-is-layout-28f84493 wp-block-columns-is-layout-flex\">\n<div class=\"wp-block-column is-layout-flow wp-block-column-is-layout-flow\">\n<figure class=\"wp-block-image aligncenter size-full is-resized\"><a href=\"https:\/\/obera.fr\/es\/produits\/aspirateurs-industriels\/w2-xr-atex-22\/\"><img decoding=\"async\" width=\"566\" height=\"671\" src=\"https:\/\/obera.fr\/wp-content\/uploads\/2024\/10\/w2-xr-2.png\" alt=\"Aspiradoras industriales\" class=\"wp-image-35431\" style=\"object-fit:cover;width:300px;height:300px\" srcset=\"https:\/\/obera.fr\/wp-content\/uploads\/2024\/10\/w2-xr-2.png 566w, https:\/\/obera.fr\/wp-content\/uploads\/2024\/10\/w2-xr-2-253x300.png 253w\" sizes=\"(max-width: 566px) 100vw, 566px\" \/><\/a><figcaption class=\"wp-element-caption\">W2 XR<\/figcaption><\/figure>\n<\/div>\n\n\n\n<div class=\"wp-block-column is-layout-flow wp-block-column-is-layout-flow\">\n<figure class=\"wp-block-image aligncenter size-full\"><a href=\"https:\/\/obera.fr\/es\/produits\/aspirateurs-industriels\/ventilateurs-aspiration-gamme-eurosog-rg-100-800\/\"><img decoding=\"async\" width=\"600\" height=\"600\" src=\"https:\/\/obera.fr\/wp-content\/uploads\/2024\/04\/obera-ventilateur-aspiration-rg-300-400.jpg\" alt=\"obera ventilador aspiraci&#xF3;n rg 300 400\" class=\"wp-image-29437\" srcset=\"https:\/\/obera.fr\/wp-content\/uploads\/2024\/04\/obera-ventilateur-aspiration-rg-300-400.jpg 600w, https:\/\/obera.fr\/wp-content\/uploads\/2024\/04\/obera-ventilateur-aspiration-rg-300-400-300x300.jpg 300w, https:\/\/obera.fr\/wp-content\/uploads\/2024\/04\/obera-ventilateur-aspiration-rg-300-400-150x150.jpg 150w\" sizes=\"(max-width: 600px) 100vw, 600px\" \/><\/a><figcaption class=\"wp-element-caption\">RG 300\/400<\/figcaption><\/figure>\n<\/div>\n\n\n\n<div class=\"wp-block-column is-layout-flow wp-block-column-is-layout-flow\">\n<figure class=\"wp-block-image aligncenter size-full is-resized\"><a href=\"https:\/\/obera.fr\/es\/produits\/aspirateurs-industriels\/w3-pour-nettoyage-general\/\"><img decoding=\"async\" width=\"658\" height=\"652\" src=\"https:\/\/obera.fr\/wp-content\/uploads\/2024\/10\/w3.png\" alt=\"w3\" class=\"wp-image-35427\" style=\"object-fit:cover;width:300px;height:300px\" srcset=\"https:\/\/obera.fr\/wp-content\/uploads\/2024\/10\/w3.png 658w, https:\/\/obera.fr\/wp-content\/uploads\/2024\/10\/w3-300x297.png 300w, https:\/\/obera.fr\/wp-content\/uploads\/2024\/10\/w3-150x150.png 150w, https:\/\/obera.fr\/wp-content\/uploads\/2024\/10\/w3-24x24.png 24w, https:\/\/obera.fr\/wp-content\/uploads\/2024\/10\/w3-48x48.png 48w, https:\/\/obera.fr\/wp-content\/uploads\/2024\/10\/w3-96x96.png 96w\" sizes=\"(max-width: 658px) 100vw, 658px\" \/><\/a><figcaption class=\"wp-element-caption\">W3<\/figcaption><\/figure>\n<\/div>\n<\/div>\n","protected":false},"excerpt":{"rendered":"<p>Compacto y m\u00f3vil, el aspirador industrial W2 es uno de los equipos m\u00e1s eficaces del mercado, reconocido por su solidez, su alta capacidad de filtraci\u00f3n y su rendimiento. Aspirador industrial W2 h\u00famedo y seco: \u00bfcu\u00e1l es su funcionamiento y su \u00e1mbito de aplicaci\u00f3n? El aspirador industrial W2 h\u00famedo y seco obtiene su principal ventaja de su polivalencia. Su potencia de aspiraci\u00f3n permite levantar y aspirar materiales s\u00f3lidos y l\u00edquidos simult\u00e1neamente. Integra dos motores monof\u00e1sicos de tipo by-pass protegidos por una s\u00f3lida cabeza de motor de acero y provistos de un revestimiento interno insonorizante. El aspirador est\u00e1 dotado de un sistema &#8230; <\/p>\n<p class=\"read-more-container\"><a title=\"Aspirador industrial W2\" class=\"read-more button\" href=\"https:\/\/obera.fr\/es\/produits\/aspirateurs-industriels\/w2-haute-filtration-polyvalence\/#more-65208\" aria-label=\"Leer m\u00e1s sobre Aspirador industrial W2\">Lire la suite<\/a><\/p>\n","protected":false},"author":4,"featured_media":83751,"parent":48457,"menu_order":0,"comment_status":"closed","ping_status":"closed","template":"","meta":{"_acf_changed":false,"_seopress_robots_primary_cat":"","_seopress_titles_title":"Aspirador industrial W2: alta filtraci\u00f3n y polivalencia","_seopress_titles_desc":"Opte por la serie W2, provista de un sistema de alta filtraci\u00f3n para la aspiraci\u00f3n simult\u00e1nea de polvo s\u00f3lido y l\u00edquidos.","_seopress_robots_index":"","footnotes":""},"class_list":{"0":"post-65208","1":"page","2":"type-page","3":"status-publish","4":"has-post-thumbnail","6":"no-featured-image-padding","7":"resize-featured-image"},"acf":[],"_links":{"self":[{"href":"https:\/\/obera.fr\/es\/wp-json\/wp\/v2\/pages\/65208","targetHints":{"allow":["GET"]}}],"collection":[{"href":"https:\/\/obera.fr\/es\/wp-json\/wp\/v2\/pages"}],"about":[{"href":"https:\/\/obera.fr\/es\/wp-json\/wp\/v2\/types\/page"}],"author":[{"embeddable":true,"href":"https:\/\/obera.fr\/es\/wp-json\/wp\/v2\/users\/4"}],"replies":[{"embeddable":true,"href":"https:\/\/obera.fr\/es\/wp-json\/wp\/v2\/comments?post=65208"}],"version-history":[{"count":8,"href":"https:\/\/obera.fr\/es\/wp-json\/wp\/v2\/pages\/65208\/revisions"}],"predecessor-version":[{"id":140653,"href":"https:\/\/obera.fr\/es\/wp-json\/wp\/v2\/pages\/65208\/revisions\/140653"}],"up":[{"embeddable":true,"href":"https:\/\/obera.fr\/es\/wp-json\/wp\/v2\/pages\/48457"}],"wp:featuredmedia":[{"embeddable":true,"href":"https:\/\/obera.fr\/es\/wp-json\/wp\/v2\/media\/83751"}],"wp:attachment":[{"href":"https:\/\/obera.fr\/es\/wp-json\/wp\/v2\/media?parent=65208"}],"curies":[{"name":"wp","href":"https:\/\/api.w.org\/{rel}","templated":true}]}}