{"id":67265,"date":"2025-01-17T11:13:01","date_gmt":"2025-01-17T09:13:01","guid":{"rendered":"https:\/\/obera.fr\/produits\/depoussiereurs-industriels\/dustlight\/"},"modified":"2025-07-11T11:17:53","modified_gmt":"2025-07-11T09:17:53","slug":"dustlight","status":"publish","type":"page","link":"https:\/\/obera.fr\/es\/produits\/depoussiereurs-industriels\/dustlight\/","title":{"rendered":"Controla tu entorno de trabajo con Dustlight"},"content":{"rendered":"\n<div class=\"wp-block-columns is-layout-flex wp-container-core-columns-is-layout-28f84493 wp-block-columns-is-layout-flex\">\n<div class=\"wp-block-column is-layout-flow wp-block-column-is-layout-flow\">\n<div class=\"wp-block-media-text has-media-on-the-right is-stacked-on-mobile\" style=\"grid-template-columns:auto 33%\"><div class=\"wp-block-media-text__content\">\n<p>OberA se enorgullece de presentar el <strong>Dustlight<\/strong>, un innovador analizador port\u00e1til dise\u00f1ado para detectar y analizar con precisi\u00f3n el polvo fino.  <\/p>\n\n\n\n<p>Compacto, fiable y f\u00e1cil de usar, este aparato es la herramienta ideal para los profesionales e industriales que deseen controlar la calidad del aire e identificar las part\u00edculas en suspensi\u00f3n.<\/p>\n<\/div><figure class=\"wp-block-media-text__media\"><img decoding=\"async\" src=\"https:\/\/lh7-rt.googleusercontent.com\/docsz\/AD_4nXePsRD5Y4gAIBhHibguQOn0U6fgzh-p6iUVppCy2PUUWG4S_QIvoTfNJeagK6httptlC4XtT9kmxghV9258tIgq2J0QFwvU7BowEB_Xe_4_rgzVdEW0mM97dpA7WZj9dGkQUsTtMadi1obMqCXsxII?key=QO8r7RmlolM9MhCfcv5-73XE\" alt=\"Prevenci\u00f3n de los riesgos relacionados con el polvo | Travail-emploi.gouv.fr | Minist\u00e8re du Travail, de la Sant\u00e9, des Solidarit\u00e9s et des Familles\"\/><\/figure><\/div>\n\n\n\n<div style=\"height:41px\" aria-hidden=\"true\" class=\"wp-block-spacer\"><\/div>\n\n\n\n<div class=\"wp-block-buttons is-content-justification-center is-layout-flex wp-container-core-buttons-is-layout-a89b3969 wp-block-buttons-is-layout-flex\">\n<div class=\"wp-block-button\"><a class=\"wp-block-button__link has-text-align-center wp-element-button\" href=\"https:\/\/obera.fr\/formulaire-dustlight\/\">PRUEBA GRATUITA DE 20 D\u00cdAS<\/a><\/div>\n<\/div>\n<\/div>\n<\/div>\n\n<p><\/p>\n\n<p><\/p>\n\n<h2 class=\"wp-block-heading\">Prot\u00e9gete del peligro invisible del polvo respirable en el lugar de trabajo<\/h2>\n\n<figure class=\"wp-block-image aligncenter is-resized\"><img decoding=\"async\" src=\"https:\/\/lh7-rt.googleusercontent.com\/docsz\/AD_4nXcOS0Hfg67TC29tD0YKTlwhEbY82uCB9DoKqHN4byLMiiWnWb6_cUR2kTh4CxjF9WQI7qzrJx1chS1E8L9qU3zGeBgcCaStWF9a7mYnCr73_ylzp9tDc1LItbkRpO8_Eg6aBoXNFQRLSfcDQnw1RmM?key=QO8r7RmlolM9MhCfcv5-73XE\" alt=\"Una imagen con texto, Dispositivos electr&#xF3;nicos, Dispositivos electr&#xF3;nicos, Captura de pantalla&#10;&#10;Descripci&#xF3;n generada autom&#xE1;ticamente\" style=\"width:617px;height:auto\"\/><figcaption class=\"wp-element-caption\"><strong>Analizador port\u00e1til de polvo fino<\/strong><\/figcaption><\/figure>\n\n<p>Utiliza el medidor Dustlight para medir con precisi\u00f3n las concentraciones de polvo  <\/p>\n\n<p>en entornos industriales y protege tu salud y la de tus empleados.<\/p>\n\n<p><\/p>\n\n<p>El polvo fino respirable puede causar graves problemas de salud, como enfermedades respiratorias, problemas cardiovasculares y c\u00e1ncer.<\/p>\n\n<p><\/p>\n\n<p>Con <strong>Dustlight<\/strong>, puedes minimizar eficazmente estos riesgos midiendo la exposici\u00f3n al polvo y tomando las medidas de protecci\u00f3n adecuadas.<\/p>\n\n<p><\/p>\n\n<p><strong>Dustlight<\/strong> mide la exposici\u00f3n al polvo cada segundo.  <\/p>\n\n<p>Los valores se pueden ver en nuestro smartphone y en nuestra aplicaci\u00f3n web, y se pueden descargar como informe.  <\/p>\n\n<p><\/p>\n\n<h2 class=\"wp-block-heading\">Crea un entorno de trabajo seguro e invierte en la salud de tus empleados con el monitor de polvo Dustlight.<\/h2>\n\n<p><\/p>\n\n<p><strong>\u00a1Enci\u00e9ndelo y trabaja con total seguridad!<\/strong><\/p>\n\n<p><\/p>\n\n<ul class=\"wp-block-list\">\n<li><strong>Mapea y controla en tiempo real las concentraciones de polvo<\/strong>: <strong>PM10, PM2,5 y PM1 <\/strong> <\/li>\n\n\n\n<li><strong>Alertar r\u00e1pidamente a las personas de la necesidad de llevar protecci\u00f3n respiratoria<\/strong><\/li>\n\n\n\n<li><strong>Hacer visible el riesgo de exposici\u00f3n a polvos peligrosos (CMR)<\/strong><\/li>\n\n\n\n<li><strong>Identificar las fuentes de contaminaci\u00f3n y hacerlas visibles para poder tratarlas con mayor eficacia.<\/strong><\/li>\n\n\n\n<li><strong>Proteger a los operarios en f\u00e1bricas y obras<\/strong><\/li>\n\n\n\n<li><strong>Identificaci\u00f3n del polvo respirable<\/strong><\/li>\n\n\n\n<li><strong>Anticiparse a las medidas reglamentarias<\/strong><\/li>\n\n\n\n<li><strong>Validar una soluci\u00f3n implantada<\/strong><\/li>\n<\/ul>\n\n<div class=\"wp-block-media-text has-media-on-the-right is-stacked-on-mobile\" style=\"grid-template-columns:auto 20%\"><div class=\"wp-block-media-text__content\">\n<p class=\"has-text-align-center\"><strong>Soluci\u00f3n innovadora  <\/strong><\/p>\n\n\n\n<p class=\"has-text-align-center\"><strong>Ayuda a identificar situaciones cr\u00edticas en tiempo real,<\/strong> <strong>ayudando a proteger<\/strong> <strong>la salud de los trabajadores: PREVENCI\u00d3N <\/strong> <\/p>\n<\/div><figure class=\"wp-block-media-text__media\"><img decoding=\"async\" src=\"https:\/\/lh7-rt.googleusercontent.com\/docsz\/AD_4nXeMFP13jbj-PgQg3zsXKleNzM21nevJo4ZMdadvv0-GNt5HN84xZQB6mAnWebn-wFPR-rT_1JpVNez2htbLY9d4Ve75JkuKUHIqs0fLQs9OeMiTljWOFxzfyO-fptezwx-JAYi4g5NCkfxQYE6Rrw?key=QO8r7RmlolM9MhCfcv5-73XE\" alt=\"Click Fast - Correa pectoral\"\/><\/figure><\/div>\n\n<h3 class=\"wp-block-heading\">Sencillo, fiable y robusto<\/h3>\n\n<p>Detecci\u00f3n inmediata: una medici\u00f3n muy eficaz y precisa.<\/p>\n\n<p>Evaluaci\u00f3n r\u00e1pida de la carga de polvo con indicaci\u00f3n en color y aviso ac\u00fastico.<\/p>\n\n<p>Un sistema de sem\u00e1foro que te da una indicaci\u00f3n r\u00e1pida y clara cuando se superan los valores l\u00edmite, para que puedas tomar medidas inmediatas.<\/p>\n\n<h3 class=\"wp-block-heading\">Campos de aplicaci\u00f3n<\/h3>\n\n<ul class=\"wp-block-list\">\n<li>Industria maderera: algoritmo especial para medir el polvo de madera dura y blanda<\/li>\n\n\n\n<li>Soldadura: control de los humos de soldadura y del polvo met\u00e1lico.<\/li>\n\n\n\n<li>Medici\u00f3n adecuada para sustancias como s\u00edlice y polvos<\/li>\n\n\n\n<li>Industria alimentaria<\/li>\n\n\n\n<li>Configurable para aplicaciones espec\u00edficas<\/li>\n<\/ul>\n\n<h3 class=\"wp-block-heading\">Tecnolog\u00eda e innovaci\u00f3n<\/h3>\n\n<ul class=\"wp-block-list\">\n<li>Sensor fotom\u00e9trico l\u00e1ser<\/li>\n\n\n\n<li>Detecci\u00f3n r\u00e1pida y precisa de part\u00edculas<\/li>\n\n\n\n<li>Protecci\u00f3n de los sensores<\/li>\n\n\n\n<li>Flujo de aire filtrado y sistema de limpieza autom\u00e1tica para prolongar la vida \u00fatil.<\/li>\n<\/ul>\n\n<h3 class=\"wp-block-heading\">Probado y aprobado<\/h3>\n\n<p>Validado por el Instituto de Investigaci\u00f3n sobre Sustancias Peligrosas (IGF)  <\/p>\n\n<p><\/p>\n\n<figure class=\"wp-block-image aligncenter is-resized\"><img decoding=\"async\" src=\"https:\/\/lh7-rt.googleusercontent.com\/docsz\/AD_4nXdpqfRaq3oGk9dAXgZ7x3rjs5SzASfAHYKydUkBgvmnTjZ5JgpSdlKbZKnVxPfWPOjTUifc5SLMAcyDv4ciV6yYT5AQcLkpX61KeDgoaoVP7TC-bwCWL_w0JA6woMYYZDAlgg7ewWyzWQmlIVx4LA?key=QO8r7RmlolM9MhCfcv5-73XE\" alt=\"Medidor de polvo respirable Dustlight para controlar la calidad del aire en el lugar de trabajo, robusto y port&#xE1;til para uso industrial. El LED verde indica una exposici&#xF3;n al polvo por debajo del valor umbral. \" style=\"width:458px;height:auto\"\/><\/figure>\n\n<h2 class=\"wp-block-heading\">Caracter\u00edsticas principales<\/h2>\n\n<h3 class=\"wp-block-heading\">Medidas precisas<\/h3>\n\n<p>Control del polvo PM10, PM2,5 y PM1 con una resoluci\u00f3n de 1 \u00b5g\/m\u00b3.<\/p>\n\n<h3 class=\"wp-block-heading\">Sistema de Alerta Visual  <\/h3>\n\n<ul class=\"wp-block-list\">\n<li>Indicador LED y se\u00f1al luminosa (verde, amarillo, rojo) en funci\u00f3n de los valores l\u00edmite<\/li>\n\n\n\n<li>TRGS 900 (equivalente a VLEP en Alemania)<\/li>\n\n\n\n<li>Visualizaci\u00f3n de la carga actual de polvo respirable<\/li>\n\n\n\n<li>Duraci\u00f3n de la bater\u00eda hasta 40 horas (modo eco) + estado de carga<\/li>\n<\/ul>\n\n<h3 class=\"wp-block-heading\">Robustez<\/h3>\n\n<ul class=\"wp-block-list\">\n<li>Equipos avanzados de protecci\u00f3n contra el polvo  <\/li>\n\n\n\n<li>para una vida \u00fatil m\u00e1xima (prefiltros, aire filtrado, autolimpieza)<\/li>\n\n\n\n<li>Sistema de protecci\u00f3n patentado para sensores permanentemente limpios<\/li>\n\n\n\n<li>Toma de carga a prueba de polvo<\/li>\n<\/ul>\n\n<h3 class=\"wp-block-heading\">Montaje modular<\/h3>\n\n<ul class=\"wp-block-list\">\n<li>Sistema adaptable patentado Klick-Fast (clip, tira de velcro, parche)<\/li>\n<\/ul>\n\n<h3 class=\"wp-block-heading\">Datos t\u00e9cnicos<\/h3>\n\n<ul class=\"wp-block-list\">\n<li>Dimensiones: 69 x 69 x 32,5 mm (sin clip)<\/li>\n\n\n\n<li>Peso: 149 g<\/li>\n\n\n\n<li>Bater\u00eda: de iones de litio, a<\/li>\n\n\n\n<li>Grado de protecci\u00f3n: IP4X<\/li>\n\n\n\n<li>Temperatura de funcionamiento : -10 a +50 \u00b0C<\/li>\n\n\n\n<li>Intervalo de medida: 0 &#8211; 10.000 \u00b5g\/m\u00b3.<\/li>\n\n\n\n<li>Servicios asociados<\/li>\n\n\n\n<li>Configuraciones espec\u00edficas: Adaptaci\u00f3n a entornos espec\u00edficos  <\/li>\n\n\n\n<li>(por ejemplo, madera, soldadura).<\/li>\n\n\n\n<li>Mantenimiento: Servicio anual que incluye limpieza, recalibrado y actualizaciones de software.<\/li>\n<\/ul>\n\n<h2 class=\"wp-block-heading\">Dustlight ya est\u00e1 disponible a trav\u00e9s de la nueva aplicaci\u00f3n web y la app para smartphone.  <\/h2>\n\n<ul class=\"wp-block-list\">\n<li>Tecnolog\u00eda de medici\u00f3n de \u00faltima generaci\u00f3n que registra los niveles de polvo al segundo.  <\/li>\n\n\n\n<li>Sistema de alerta integrado para ayudar a cumplir las normas de calidad del aire<\/li>\n\n\n\n<li>Ajuste individual de los valores l\u00edmite en la aplicaci\u00f3n y en la aplicaci\u00f3n web<\/li>\n\n\n\n<li>Avisos sonoros y en color en cuanto se superen los valores l\u00edmite que t\u00fa mismo establezcas, para poder tomar decisiones en una fase temprana<\/li>\n\n\n\n<li>Informes avanzados y an\u00e1lisis de datos &#8211; descarga directa de los informes de evaluaci\u00f3n de riesgos &#8211; importante apoyo para los informes ESG.\n<ul class=\"wp-block-list\">\n<li>Formato CSV o PDF<\/li>\n<\/ul>\n<\/li>\n<\/ul>\n\n<figure class=\"wp-block-image aligncenter is-resized\"><img decoding=\"async\" src=\"https:\/\/lh7-rt.googleusercontent.com\/docsz\/AD_4nXfpUeAu-RQ97rEMo0ogKOvI3id8fXZbwSMJwAgs-GtmaJ_Q5nyjpb40R12sTCs5kSWbL5tB4dLEl37jMKzpdX0-E-_fW3yQnN7Lb1c_7lYFSPlGmw0UjR5Ubi1ZHw8JTmPjIJIIkzYCGP9bS9qSE6Y?key=QO8r7RmlolM9MhCfcv5-73XE\" alt=\"Una imagen que contiene texto, multimedia, dispositivos electr&#xF3;nicos, software&#10;&#10;Descripci&#xF3;n generada autom&#xE1;ticamente\" style=\"width:800px;height:auto\"\/><\/figure>\n\n<p class=\"has-text-align-center\"><strong>Pide hoy tu Dustlight  <\/strong><\/p>\n\n<p class=\"has-text-align-center\"><strong>\u00a1y garantiza un entorno de trabajo m\u00e1s seguro!<\/strong><\/p>\n\n<div class=\"wp-block-buttons is-content-justification-center is-layout-flex wp-container-core-buttons-is-layout-a89b3969 wp-block-buttons-is-layout-flex\">\n<div class=\"wp-block-button\"><a class=\"wp-block-button__link has-text-align-center wp-element-button\" href=\"https:\/\/obera.fr\/formulaire-dustlight\/\">PRUEBA GRATUITA DE 20 D\u00cdAS<\/a><\/div>\n<\/div>\n","protected":false},"excerpt":{"rendered":"<p>OberA se enorgullece de presentar el Dustlight, un innovador analizador port\u00e1til dise\u00f1ado para detectar y analizar con precisi\u00f3n el polvo fino. Compacto, fiable y f\u00e1cil de usar, este aparato es la herramienta ideal para los profesionales e industriales que deseen controlar la calidad del aire e identificar las part\u00edculas en suspensi\u00f3n. Prot\u00e9gete del peligro invisible del polvo respirable en el lugar de trabajo Utiliza el medidor Dustlight para medir con precisi\u00f3n las concentraciones de polvo en entornos industriales y protege tu salud y la de tus empleados. El polvo fino respirable puede causar graves problemas de salud, como enfermedades respiratorias, &#8230; <\/p>\n<p class=\"read-more-container\"><a title=\"Controla tu entorno de trabajo con Dustlight\" class=\"read-more button\" href=\"https:\/\/obera.fr\/es\/produits\/depoussiereurs-industriels\/dustlight\/#more-67265\" aria-label=\"Leer m\u00e1s sobre Controla tu entorno de trabajo con Dustlight\">Lire la suite<\/a><\/p>\n","protected":false},"author":4,"featured_media":103630,"parent":45662,"menu_order":0,"comment_status":"closed","ping_status":"closed","template":"","meta":{"_acf_changed":false,"_seopress_robots_primary_cat":"","_seopress_titles_title":"Controla tu entorno de trabajo con Dustlight","_seopress_titles_desc":"Descubre el Dustlight de OberA, un analizador port\u00e1til preciso y compacto para detectar polvo fino. Ideal para controlar la calidad del aire. ","_seopress_robots_index":"","footnotes":""},"class_list":{"0":"post-67265","1":"page","2":"type-page","3":"status-publish","4":"has-post-thumbnail","6":"no-featured-image-padding","7":"resize-featured-image"},"acf":[],"_links":{"self":[{"href":"https:\/\/obera.fr\/es\/wp-json\/wp\/v2\/pages\/67265","targetHints":{"allow":["GET"]}}],"collection":[{"href":"https:\/\/obera.fr\/es\/wp-json\/wp\/v2\/pages"}],"about":[{"href":"https:\/\/obera.fr\/es\/wp-json\/wp\/v2\/types\/page"}],"author":[{"embeddable":true,"href":"https:\/\/obera.fr\/es\/wp-json\/wp\/v2\/users\/4"}],"replies":[{"embeddable":true,"href":"https:\/\/obera.fr\/es\/wp-json\/wp\/v2\/comments?post=67265"}],"version-history":[{"count":1,"href":"https:\/\/obera.fr\/es\/wp-json\/wp\/v2\/pages\/67265\/revisions"}],"predecessor-version":[{"id":67270,"href":"https:\/\/obera.fr\/es\/wp-json\/wp\/v2\/pages\/67265\/revisions\/67270"}],"up":[{"embeddable":true,"href":"https:\/\/obera.fr\/es\/wp-json\/wp\/v2\/pages\/45662"}],"wp:featuredmedia":[{"embeddable":true,"href":"https:\/\/obera.fr\/es\/wp-json\/wp\/v2\/media\/103630"}],"wp:attachment":[{"href":"https:\/\/obera.fr\/es\/wp-json\/wp\/v2\/media?parent=67265"}],"curies":[{"name":"wp","href":"https:\/\/api.w.org\/{rel}","templated":true}]}}