{"id":115371,"date":"2025-06-26T12:05:10","date_gmt":"2025-06-26T10:05:10","guid":{"rendered":"https:\/\/obera.fr\/clearbox\/"},"modified":"2025-06-26T12:09:59","modified_gmt":"2025-06-26T10:09:59","slug":"clearbox","status":"publish","type":"page","link":"https:\/\/obera.fr\/et\/clearbox\/","title":{"rendered":"Clearbox"},"content":{"rendered":"\n<div class=\"wp-block-columns is-layout-flex wp-container-core-columns-is-layout-28f84493 wp-block-columns-is-layout-flex\">\n<div class=\"wp-block-column is-layout-flow wp-block-column-is-layout-flow\" style=\"flex-basis:33.33%\">\n<figure class=\"wp-block-image aligncenter size-medium\"><img decoding=\"async\" width=\"300\" height=\"267\" src=\"https:\/\/obera.fr\/wp-content\/uploads\/2025\/06\/clearbox-300x267.png\" alt=\"clearbox\" class=\"wp-image-109012\" srcset=\"https:\/\/obera.fr\/wp-content\/uploads\/2025\/06\/clearbox-300x267.png 300w, https:\/\/obera.fr\/wp-content\/uploads\/2025\/06\/clearbox.png 534w\" sizes=\"(max-width: 300px) 100vw, 300px\" \/><figcaption class=\"wp-element-caption\">Clearbox<\/figcaption><\/figure>\n<\/div>\n\n\n\n<div class=\"wp-block-column is-layout-flow wp-block-column-is-layout-flow\" style=\"flex-basis:66.66%\">\n<p class=\"has-drop-cap\"><\/p>\n\n\n\n<hr class=\"wp-block-separator has-text-color has-black-color has-css-opacity has-black-background-color has-background is-style-dots\"\/>\n\n\n\n<div class=\"wp-block-columns is-layout-flex wp-container-core-columns-is-layout-28f84493 wp-block-columns-is-layout-flex\">\n<div class=\"wp-block-column is-layout-flow wp-block-column-is-layout-flow\" style=\"flex-basis:33.33%\">\n<div class=\"wp-block-buttons is-layout-flex wp-block-buttons-is-layout-flex\">\n<div class=\"wp-block-button\"><a class=\"wp-block-button__link wp-element-button\" href=\"https:\/\/obera.fr\/wp-content\/uploads\/2025\/06\/fr-caisson-mobile-daspiration-clearbox-1.pdf\">LAE ALLA BRO\u0160\u00dc\u00dcR<\/a><\/div>\n<\/div>\n<\/div>\n\n\n\n<div class=\"wp-block-column is-layout-flow wp-block-column-is-layout-flow\" style=\"flex-basis:33.34%\">\n<div class=\"wp-block-buttons is-horizontal is-content-justification-center is-layout-flex wp-container-core-buttons-is-layout-03627597 wp-block-buttons-is-layout-flex\">\n<div class=\"wp-block-button has-custom-width wp-block-button__width-100\"><a class=\"wp-block-button__link wp-element-button\" href=\"https:\/\/obera.fr\/et\/votke-meiega-uhendust\/\">Lisateavet<\/a><\/div>\n<\/div>\n<\/div>\n\n\n\n<div class=\"wp-block-column is-layout-flow wp-block-column-is-layout-flow\" style=\"flex-basis:33.34%\">\n<div class=\"wp-block-buttons is-content-justification-center is-layout-flex wp-container-core-buttons-is-layout-a89b3969 wp-block-buttons-is-layout-flex\">\n<div class=\"wp-block-button btn-devis-source\"><a class=\"wp-block-button__link wp-element-button\" href=\"https:\/\/obera.fr\/et\/devis\/\">Taotlege hinnapakkumist<\/a><\/div>\n<\/div>\n\n\n<script>\r\ndocument.addEventListener('DOMContentLoaded', function() {\r\n    \/\/ 1. On cherche le titre H1 de la page\r\n    var h1 = document.querySelector('h1');\r\n    var productTitle = h1 ? h1.innerText.trim() : \"\";\r\n\r\n    \/\/ 2. On cherche les boutons via la classe CSS .btn-devis-source\r\n    var buttons = document.querySelectorAll('.btn-devis-source a');\r\n\r\n    \/\/ 3. Si on a le titre et les boutons, on ajoute le param\u00e8tre\r\n    if (buttons.length > 0 && productTitle !== \"\") {\r\n        var encodedTitle = encodeURIComponent(productTitle);\r\n\r\n        buttons.forEach(function(btn) {\r\n            var currentHref = btn.getAttribute('href');\r\n            \r\n            \/\/ S\u00e9curit\u00e9 pour ne pas ajouter le param\u00e8tre 2 fois\r\n            if (currentHref.indexOf('sujet=') === -1) {\r\n                var separator = currentHref.indexOf('?') !== -1 ? '&' : '?';\r\n                var newLink = currentHref + separator + 'sujet=' + encodedTitle;\r\n                \r\n                btn.setAttribute('href', newLink);\r\n            }\r\n        });\r\n    }\r\n});\r\n<\/script><\/div>\n<\/div>\n\n\n\n<p><\/p>\n<\/div>\n<\/div>\n\n<p>Clearbox on Prantsusmaal toodetud <strong>mobiilne v\u00e4ljat\u00f5mbeseade<\/strong>, millel on 5-aastane garantii ja suure j\u00f5udlusega vooluhulk. See on spetsiaalselt kavandatud lenduvate orgaaniliste \u00fchendite (VOC), gaaside, l\u00f5hnade, lahustite, tolmu ja suitsu t\u00f6\u00f6tlemiseks.   <\/p>\n\n<p><\/p>\n\n<p>See seade pakub erinevaid filtreerimistasemeid, 2 kuni 3 astmestikku, ja seda saab konfigureerida vastavalt teie konkreetsetele vajadustele, tagades optimaalse t\u00f5hususe<strong>saasteainete k\u00f5rvaldamisel<\/strong>. See on varustatud eelfiltriga G4, F9 kuni H14 k\u00fcllastusfiltritega tolmu ja suitsu jaoks ning v\u00f5ib sisaldada aktiivs\u00fctt <strong>gaaside ja lenduvate orgaaniliste \u00fchendite puhastamiseks<\/strong>.   <\/p>\n\n<p><\/p>\n\n<p>Veelgi enam, see on saadaval kolmes versioonis: imemisvarrega, toruga sisselaskeava v\u00f5i <strong>imemislaua kujul<\/strong>. Saadaval on ka ATEX tolmuversioon. <\/p>\n\n<div class=\"wp-block-columns is-layout-flex wp-container-core-columns-is-layout-28f84493 wp-block-columns-is-layout-flex\">\n<div class=\"wp-block-column is-layout-flow wp-block-column-is-layout-flow\">\n<h2 class=\"wp-block-heading has-text-align-center\"><strong>Eelised<\/strong><\/h2>\n\n\n\n<ul class=\"wp-block-list\">\n<li>V\u00e4ga k\u00f5rge ventilaator<\/li>\n\n\n\n<li>tulemuslikkus<\/li>\n\n\n\n<li>Summuti<\/li>\n\n\n\n<li>Mobiilne, kerge ja h\u00f5lpsasti k\u00e4sitsetav<br\/><\/li>\n\n\n\n<li>V\u00e4ike jalaj\u00e4lg<br\/><\/li>\n\n\n\n<li>Lihtne hooldus<br\/>filtrid<\/li>\n\n\n\n<li>Vooluhulk reguleeritav vahemikus 0 kuni<br\/>100%.<\/li>\n\n\n\n<li>Toiteallikas koos<br\/>standardse 230V pistikupesaga<\/li>\n<\/ul>\n<\/div>\n\n\n\n<div class=\"wp-block-column is-layout-flow wp-block-column-is-layout-flow\">\n<h2 class=\"wp-block-heading has-text-align-center\"><strong>Eriomadused<\/strong><\/h2>\n\n\n\n<ul class=\"wp-block-list\">\n<li>Asendamine<\/li>\n\n\n\n<li>suure j\u00f5udlusega filtri meedia<\/li>\n\n\n\n<li>lihtne<\/li>\n\n\n\n<li>T\u00e4iendatav ja konfigureeritav<br\/><\/li>\n\n\n\n<li>K\u00f5rge adsorptsiooniv\u00f5ime<br\/><\/li>\n\n\n\n<li>Tundide arvesti<\/li>\n\n\n\n<li>M\u00f5\u00f5tmine<br\/>mustuse m\u00f5\u00f5tmine<br\/>filtritel<\/li>\n\n\n\n<li>Vooluhulga seadistus<br\/>0 kuni 100%.<\/li>\n\n\n\n<li>Plug &amp; Play s\u00fcsteem<\/li>\n\n\n\n<li>ATEX-variant<br\/>tolm<\/li>\n<\/ul>\n<\/div>\n\n\n\n<div class=\"wp-block-column is-layout-flow wp-block-column-is-layout-flow\">\n<h2 class=\"wp-block-heading has-text-align-center\"><strong>Omadused<\/strong><\/h2>\n\n\n\n<ul class=\"wp-block-list\">\n<li>Maksimaalne vooluhulk :<\/li>\n\n\n\n<li>2000m3\/h<\/li>\n\n\n\n<li>Paigaldatud v\u00f5imsus:<br\/>750W<\/li>\n\n\n\n<li>Toide: 230V<\/li>\n\n\n\n<li>M\u00f5\u00f5tmed: 710 x<br\/>710 x 2050<\/li>\n\n\n\n<li>Kaal: 70kg<\/li>\n\n\n\n<li>M\u00fcratase:<br\/>72Db<\/li>\n<\/ul>\n<\/div>\n<\/div>\n\n<h2 class=\"wp-block-heading\">Milleks?<\/h2>\n\n<p><strong>Clearbox on k\u00e4ep\u00e4rane <\/strong>, kompaktne seade, mis on m\u00f5eldud gaasiliste saasteainete, l\u00f5hnade, tolmu ja suitsu t\u00f5husaks p\u00fc\u00fcdmiseks ja t\u00f6\u00f6tlemiseks. Ratastega varustatud seade on <strong>h\u00f5lpsasti paigaldatav mis tahes t\u00f6\u00f6ruumi<\/strong> ning sellega saab t\u00f6\u00f6delda nii statsionaarseid kui ka liikuvaid t\u00f6\u00f6kohti. <\/p>\n\n<p><br\/>Clearbox on varustatud <strong>G4 eelfilteriga, F9 kuni H14 k\u00fcllastusfiltritega <\/strong>ja vajadusel aktiivs\u00f6ega. See on saadaval ka ATEX tolmuversioonina. Seadme n\u00f5uetekohaseks toimimiseks on oluline filtrite regulaarne hooldus.  <\/p>\n\n<div class=\"wp-block-columns is-layout-flex wp-container-core-columns-is-layout-28f84493 wp-block-columns-is-layout-flex\">\n<div class=\"wp-block-column is-layout-flow wp-block-column-is-layout-flow\">\n<h3 class=\"wp-block-heading has-text-align-center\">Saasteained<\/h3>\n\n\n\n<hr class=\"wp-block-separator has-css-opacity is-style-wide\"\/>\n\n\n\n<div class=\"wp-block-columns is-layout-flex wp-container-core-columns-is-layout-28f84493 wp-block-columns-is-layout-flex\">\n<div class=\"wp-block-column is-layout-flow wp-block-column-is-layout-flow\">\n<figure class=\"wp-block-image aligncenter size-large\"><img decoding=\"async\" width=\"70\" height=\"70\" src=\"https:\/\/obera.fr\/wp-content\/uploads\/2020\/08\/industrie-fumees.jpg\" alt=\"T&#xF6;&#xF6;stuse suitsu\" class=\"wp-image-722\"\/><figcaption class=\"wp-element-caption\">Aurud<\/figcaption><\/figure>\n<\/div>\n\n\n\n<div class=\"wp-block-column is-layout-flow wp-block-column-is-layout-flow\">\n<figure class=\"wp-block-image aligncenter size-large\"><img decoding=\"async\" width=\"70\" height=\"70\" src=\"https:\/\/obera.fr\/wp-content\/uploads\/2020\/08\/polluants-poussieres.jpg\" alt=\"Saasteained Tolm\" class=\"wp-image-675\"\/><figcaption class=\"wp-element-caption\">Tolm<\/figcaption><\/figure>\n<\/div>\n<\/div>\n\n\n\n<div class=\"wp-block-columns is-layout-flex wp-container-core-columns-is-layout-28f84493 wp-block-columns-is-layout-flex\">\n<div class=\"wp-block-column is-layout-flow wp-block-column-is-layout-flow\">\n<figure class=\"wp-block-image aligncenter size-large\"><img decoding=\"async\" width=\"70\" height=\"70\" src=\"https:\/\/obera.fr\/wp-content\/uploads\/2020\/08\/industrie-odeur.jpg\" alt=\"T&#xF6;&#xF6;stuse l&#xF5;hn\" class=\"wp-image-723\"\/><figcaption class=\"wp-element-caption\">L\u00f5hnad<\/figcaption><\/figure>\n<\/div>\n\n\n\n<div class=\"wp-block-column is-layout-flow wp-block-column-is-layout-flow\">\n<figure class=\"wp-block-image aligncenter size-large is-resized\"><img decoding=\"async\" width=\"70\" height=\"70\" src=\"https:\/\/obera.fr\/wp-content\/uploads\/2020\/10\/industrie-aerosols.jpg\" alt=\"T&#xF6;&#xF6;stuse aerosoolid\" class=\"wp-image-1201\" style=\"width:70px;height:auto\"\/><figcaption class=\"wp-element-caption\">VOCS<\/figcaption><\/figure>\n<\/div>\n<\/div>\n<\/div>\n\n\n\n<div class=\"wp-block-column is-layout-flow wp-block-column-is-layout-flow\">\n<h3 class=\"wp-block-heading has-text-align-center\">T\u00f6\u00f6stusharud<\/h3>\n\n\n\n<hr class=\"wp-block-separator has-css-opacity is-style-wide\"\/>\n\n\n\n<div class=\"wp-block-columns is-layout-flex wp-container-core-columns-is-layout-28f84493 wp-block-columns-is-layout-flex\">\n<div class=\"wp-block-column is-layout-flow wp-block-column-is-layout-flow\" style=\"flex-basis:100%\">\n<div style=\"height:47px\" aria-hidden=\"true\" class=\"wp-block-spacer\"><\/div>\n\n\n\n<p class=\"has-text-align-center\">Sobib igat liiki t\u00f6\u00f6stusele<\/p>\n<\/div>\n\n\n\n<div class=\"wp-block-column is-layout-flow wp-block-column-is-layout-flow\"><\/div>\n<\/div>\n<\/div>\n<\/div>\n\n<div class=\"wp-block-buttons is-horizontal is-content-justification-center is-layout-flex wp-container-core-buttons-is-layout-03627597 wp-block-buttons-is-layout-flex\">\n<div class=\"wp-block-button has-custom-width wp-block-button__width-100\"><a class=\"wp-block-button__link wp-element-button\" href=\"https:\/\/obera.fr\/et\/votke-meiega-uhendust\/\">Lisateavet<\/a><\/div>\n<\/div>\n\n<h2 class=\"wp-block-heading\">Millised on Clearboxi funktsioonid?<\/h2>\n\n<p>Clearbox on Prantsusmaal toodetud <strong>mobiilne imemisseade<\/strong>, millel on 5-aastane garantii ja suure j\u00f5udlusega vooluhulk 2000 m\u00b3\/h. Sellel on 3 k\u00f5rgtehnoloogilise filtreerimise taset, mida saab konfigureerida vastavalt teie vajadustele. Saadaval on 2 <strong>filtreerimistaset koos eelfiltri G4 <\/strong>ja k\u00fcllastusfiltriga F9 kuni H14 v\u00f5i 3 taset koos aktiivs\u00f6ega.    <\/p>\n\n<p><\/p>\n\n<p>Lisaks sellele on see saadaval kolmes versioonis: imemisvarrega, toruga sisselaskeava v\u00f5i <strong>imemislaua kujul<\/strong> ning seda saab kohandada ka ATEX tolmuversiooniks. T\u00e4nu suurele adsorptsiooniv\u00f5imsusele eemaldab see maksimaalse arvu saasteaineid.   <\/p>\n\n<p><\/p>\n\n<p>Seadme t\u00f5rgeteta t\u00f6\u00f6 tagamiseks on oluline filtri regulaarne vahetus. Sisseehitatud <strong>filtri ummistumise m\u00f5\u00f5tmise s\u00fcsteem<\/strong> n\u00e4itab, millal on aeg filtreid vahetada, ja filtrikandja vahetus on lihtne. <\/p>\n\n<p><\/p>\n\n<p>See seade on Plug and Play, mist\u00f5ttu on seda lihtne paigaldada. Ratastega varustatud ja <strong>eriti kompaktse konstruktsiooniga<\/strong> seade on kergesti man\u00f6\u00f6verdatav ja sobib igasse t\u00f6\u00f6keskkonda. <\/p>\n\n<p><\/p>\n\n<figure class=\"wp-block-table\"><table class=\"has-fixed-layout\"><tbody><tr><td><strong>Seade  <\/strong><\/td><td><\/td><td><strong>K\u00e4ega  <\/strong><\/td><td><strong>Toruga sissep\u00e4\u00e4s  <\/strong><\/td><td><strong>Tabel<\/strong><\/td><\/tr><tr><td>Maksimaalne vooluhulk  <\/td><td>m3\/h  <\/td><td>2000  <\/td><td>2500  <\/td><td>5000<\/td><\/tr><tr><td>Voolu reguleerimine<\/td><td>%\u00a0<\/td><td>0-100  <\/td><td>0-100  <\/td><td>0-100<\/td><\/tr><tr><td>Paigaldatud v\u00f5imsus<\/td><td>W  <\/td><td>750  <\/td><td>750  <\/td><td>750<\/td><\/tr><tr><td>Toiteallikas  <\/td><td>V  <\/td><td>230  <\/td><td>230  <\/td><td>230<\/td><\/tr><tr><td>\u00dcldised m\u00f5\u00f5tmed (WxLxH)<\/td><td>mm  <\/td><td>710x710x2050  <\/td><td>710x710x2050  <\/td><td>710x710x2050<\/td><\/tr><tr><td>Kaal  <\/td><td>kg  <\/td><td>70  <\/td><td>75  <\/td><td>75<\/td><\/tr><tr><td>M\u00fcratase  <\/td><td>dB  <\/td><td>72  <\/td><td>72  <\/td><td>72<\/td><\/tr><\/tbody><\/table><\/figure>\n","protected":false},"excerpt":{"rendered":"<p>Clearbox on Prantsusmaal toodetud mobiilne v\u00e4ljat\u00f5mbeseade, millel on 5-aastane garantii ja suure j\u00f5udlusega vooluhulk. See on spetsiaalselt kavandatud lenduvate orgaaniliste \u00fchendite (VOC), gaaside, l\u00f5hnade, lahustite, tolmu ja suitsu t\u00f6\u00f6tlemiseks. See seade pakub erinevaid filtreerimistasemeid, 2 kuni 3 astmestikku, ja seda saab konfigureerida vastavalt teie konkreetsetele vajadustele, tagades optimaalse t\u00f5hususesaasteainete k\u00f5rvaldamisel. See on varustatud eelfiltriga G4, F9 kuni H14 k\u00fcllastusfiltritega tolmu ja suitsu jaoks ning v\u00f5ib sisaldada aktiivs\u00fctt gaaside ja lenduvate orgaaniliste \u00fchendite puhastamiseks. Veelgi enam, see on saadaval kolmes versioonis: imemisvarrega, toruga sisselaskeava v\u00f5i imemislaua kujul. Saadaval on ka ATEX tolmuversioon. Eelised Eriomadused Omadused Milleks? Clearbox on k\u00e4ep\u00e4rane , kompaktne &#8230; <\/p>\n<p class=\"read-more-container\"><a title=\"Clearbox\" class=\"read-more button\" href=\"https:\/\/obera.fr\/et\/clearbox\/#more-115371\" aria-label=\"Read more about Clearbox\">Lire la suite<\/a><\/p>\n","protected":false},"author":4,"featured_media":0,"parent":0,"menu_order":0,"comment_status":"closed","ping_status":"closed","template":"","meta":{"_acf_changed":false,"_seopress_robots_primary_cat":"","_seopress_titles_title":"Clearbox: suure j\u00f5udlusega mobiilne imemisseade","_seopress_titles_desc":"Avastage Clearbox, suure j\u00f5udlusega mobiilne VOC-, gaasi-, suitsu- ja tolmueemaldusseade. Valmistatud Prantsusmaal, 5-aastane garantii, konfigureeritav ja kompaktne. ","_seopress_robots_index":"","footnotes":""},"class_list":{"0":"post-115371","1":"page","2":"type-page","3":"status-publish","5":"no-featured-image-padding"},"acf":[],"_links":{"self":[{"href":"https:\/\/obera.fr\/et\/wp-json\/wp\/v2\/pages\/115371","targetHints":{"allow":["GET"]}}],"collection":[{"href":"https:\/\/obera.fr\/et\/wp-json\/wp\/v2\/pages"}],"about":[{"href":"https:\/\/obera.fr\/et\/wp-json\/wp\/v2\/types\/page"}],"author":[{"embeddable":true,"href":"https:\/\/obera.fr\/et\/wp-json\/wp\/v2\/users\/4"}],"replies":[{"embeddable":true,"href":"https:\/\/obera.fr\/et\/wp-json\/wp\/v2\/comments?post=115371"}],"version-history":[{"count":3,"href":"https:\/\/obera.fr\/et\/wp-json\/wp\/v2\/pages\/115371\/revisions"}],"predecessor-version":[{"id":115375,"href":"https:\/\/obera.fr\/et\/wp-json\/wp\/v2\/pages\/115371\/revisions\/115375"}],"wp:attachment":[{"href":"https:\/\/obera.fr\/et\/wp-json\/wp\/v2\/media?parent=115371"}],"curies":[{"name":"wp","href":"https:\/\/api.w.org\/{rel}","templated":true}]}}