{"id":115407,"date":"2025-06-26T12:11:21","date_gmt":"2025-06-26T10:11:21","guid":{"rendered":"https:\/\/obera.fr\/produits\/caissons-mobiles-aspiration\/clearbox\/"},"modified":"2025-07-08T12:07:12","modified_gmt":"2025-07-08T10:07:12","slug":"clearbox","status":"publish","type":"page","link":"https:\/\/obera.fr\/et\/produits\/caissons-mobiles-aspiration\/clearbox\/","title":{"rendered":"Clearbox"},"content":{"rendered":"\n<p>Clearbox on <strong>Prantsusmaal toodetud mobiilne v\u00e4ljat\u00f5mbeseade<\/strong>, millel on 5-aastane garantii ja suure j\u00f5udlusega vooluhulk. See on spetsiaalselt kavandatud lenduvate orgaaniliste \u00fchendite (VOC), gaaside, l\u00f5hnade, lahustite, tolmu ja suitsu t\u00f6\u00f6tlemiseks. <\/p>\n\n\n<div class=\"wp-block-columns is-layout-flex wp-container-core-columns-is-layout-28f84493 wp-block-columns-is-layout-flex\">\n<div class=\"wp-block-column is-layout-flow wp-block-column-is-layout-flow\">\n<p>See seade <strong>pakub erinevaid filtreerimistasemeid<\/strong>, 2 kuni 3 astmestikku, ja seda saab konfigureerida vastavalt teie konkreetsetele vajadustele, tagades optimaalse t\u00f5hususe saasteainete k\u00f5rvaldamisel. See on varustatud eelfiltriga G4, F9 kuni H14 k\u00fcllastusfiltritega tolmu ja suitsu jaoks ning v\u00f5ib sisaldada aktiivs\u00fctt <strong>gaaside ja lenduvate orgaaniliste \u00fchendite puhastamiseks<\/strong>. <\/p>\n\n\n\n<p><br\/>Veelgi enam, see on saadaval kolmes versioonis: imemisvarrega, toruga sisselaskeava v\u00f5i imemislaua kujul. Saadaval on ka <strong>ATEX tolmuversioon<\/strong>. <\/p>\n\n\n\n<div class=\"wp-block-columns is-layout-flex wp-container-core-columns-is-layout-28f84493 wp-block-columns-is-layout-flex\">\n<div class=\"wp-block-column is-layout-flow wp-block-column-is-layout-flow\">\n<figure class=\"wp-block-image aligncenter size-large\"><img decoding=\"async\" width=\"1024\" height=\"1024\" src=\"https:\/\/obera.fr\/wp-content\/uploads\/2025\/07\/clearbox-bras-1024x1024.png\" alt=\"clearbox arm\" class=\"wp-image-120328\" srcset=\"https:\/\/obera.fr\/wp-content\/uploads\/2025\/07\/clearbox-bras-1024x1024.png 1024w, https:\/\/obera.fr\/wp-content\/uploads\/2025\/07\/clearbox-bras-300x300.png 300w, https:\/\/obera.fr\/wp-content\/uploads\/2025\/07\/clearbox-bras-150x150.png 150w, https:\/\/obera.fr\/wp-content\/uploads\/2025\/07\/clearbox-bras-768x768.png 768w, https:\/\/obera.fr\/wp-content\/uploads\/2025\/07\/clearbox-bras.png 1200w\" sizes=\"(max-width: 1024px) 100vw, 1024px\" \/><figcaption class=\"wp-element-caption\">CLEARBOX BRS<\/figcaption><\/figure>\n<\/div>\n\n\n\n<div class=\"wp-block-column is-layout-flow wp-block-column-is-layout-flow\">\n<figure class=\"wp-block-image aligncenter size-large\"><img decoding=\"async\" width=\"1024\" height=\"1024\" src=\"https:\/\/obera.fr\/wp-content\/uploads\/2025\/07\/clearbox-entree-tubee-82-1-1024x1024.png\" alt=\"clearboxi toru sisselaskeava 82\" class=\"wp-image-120351\" srcset=\"https:\/\/obera.fr\/wp-content\/uploads\/2025\/07\/clearbox-entree-tubee-82-1-1024x1024.png 1024w, https:\/\/obera.fr\/wp-content\/uploads\/2025\/07\/clearbox-entree-tubee-82-1-300x300.png 300w, https:\/\/obera.fr\/wp-content\/uploads\/2025\/07\/clearbox-entree-tubee-82-1-150x150.png 150w, https:\/\/obera.fr\/wp-content\/uploads\/2025\/07\/clearbox-entree-tubee-82-1-768x768.png 768w, https:\/\/obera.fr\/wp-content\/uploads\/2025\/07\/clearbox-entree-tubee-82-1.png 1200w\" sizes=\"(max-width: 1024px) 100vw, 1024px\" \/><figcaption class=\"wp-element-caption\">CLEARBOX TB<\/figcaption><\/figure>\n<\/div>\n\n\n\n<div class=\"wp-block-column is-layout-flow wp-block-column-is-layout-flow\">\n<figure class=\"wp-block-image aligncenter size-large\"><img decoding=\"async\" width=\"1024\" height=\"1024\" src=\"https:\/\/obera.fr\/wp-content\/uploads\/2025\/07\/clearbox-table-1024x1024.png\" alt=\"clearbox tabel\" class=\"wp-image-120374\" srcset=\"https:\/\/obera.fr\/wp-content\/uploads\/2025\/07\/clearbox-table-1024x1024.png 1024w, https:\/\/obera.fr\/wp-content\/uploads\/2025\/07\/clearbox-table-300x300.png 300w, https:\/\/obera.fr\/wp-content\/uploads\/2025\/07\/clearbox-table-150x150.png 150w, https:\/\/obera.fr\/wp-content\/uploads\/2025\/07\/clearbox-table-768x768.png 768w, https:\/\/obera.fr\/wp-content\/uploads\/2025\/07\/clearbox-table.png 1200w\" sizes=\"(max-width: 1024px) 100vw, 1024px\" \/><figcaption class=\"wp-element-caption\">CLEARBOX TSP<\/figcaption><\/figure>\n<\/div>\n<\/div>\n\n\n\n<p><\/p>\n\n\n\n<hr class=\"wp-block-separator has-css-opacity is-style-dots\"\/>\n\n\n\n<div class=\"wp-block-columns is-layout-flex wp-container-core-columns-is-layout-28f84493 wp-block-columns-is-layout-flex\">\n<div class=\"wp-block-column is-layout-flow wp-block-column-is-layout-flow\" style=\"flex-basis:33.33%\">\n<div class=\"wp-block-buttons is-layout-flex wp-block-buttons-is-layout-flex\">\n<div class=\"wp-block-button\"><a class=\"wp-block-button__link wp-element-button\" href=\"https:\/\/obera.fr\/wp-content\/uploads\/2025\/06\/fr-caisson-mobile-daspiration-clearbox.pdf\">LAE ALLA BRO\u0160\u00dc\u00dcR<\/a><\/div>\n<\/div>\n<\/div>\n\n\n\n<div class=\"wp-block-column is-layout-flow wp-block-column-is-layout-flow\" style=\"flex-basis:33.34%\">\n<div class=\"wp-block-buttons is-horizontal is-content-justification-center is-layout-flex wp-container-core-buttons-is-layout-03627597 wp-block-buttons-is-layout-flex\">\n<div class=\"wp-block-button has-custom-width wp-block-button__width-100\"><a class=\"wp-block-button__link wp-element-button\" href=\"https:\/\/obera.fr\/et\/votke-meiega-uhendust\/\">Lisateavet<\/a><\/div>\n<\/div>\n<\/div>\n\n\n\n<div class=\"wp-block-column is-layout-flow wp-block-column-is-layout-flow\" style=\"flex-basis:33.34%\">\n<div class=\"wp-block-buttons is-content-justification-center is-layout-flex wp-container-core-buttons-is-layout-a89b3969 wp-block-buttons-is-layout-flex\">\n<div class=\"wp-block-button btn-devis-source\"><a class=\"wp-block-button__link wp-element-button\" href=\"https:\/\/obera.fr\/et\/devis\/\">Taotlege hinnapakkumist<\/a><\/div>\n<\/div>\n\n\n<script>\r\ndocument.addEventListener('DOMContentLoaded', function() {\r\n    \/\/ 1. On cherche le titre H1 de la page\r\n    var h1 = document.querySelector('h1');\r\n    var productTitle = h1 ? h1.innerText.trim() : \"\";\r\n\r\n    \/\/ 2. On cherche les boutons via la classe CSS .btn-devis-source\r\n    var buttons = document.querySelectorAll('.btn-devis-source a');\r\n\r\n    \/\/ 3. Si on a le titre et les boutons, on ajoute le param\u00e8tre\r\n    if (buttons.length > 0 && productTitle !== \"\") {\r\n        var encodedTitle = encodeURIComponent(productTitle);\r\n\r\n        buttons.forEach(function(btn) {\r\n            var currentHref = btn.getAttribute('href');\r\n            \r\n            \/\/ S\u00e9curit\u00e9 pour ne pas ajouter le param\u00e8tre 2 fois\r\n            if (currentHref.indexOf('sujet=') === -1) {\r\n                var separator = currentHref.indexOf('?') !== -1 ? '&' : '?';\r\n                var newLink = currentHref + separator + 'sujet=' + encodedTitle;\r\n                \r\n                btn.setAttribute('href', newLink);\r\n            }\r\n        });\r\n    }\r\n});\r\n<\/script><\/div>\n<\/div>\n<\/div>\n<\/div>\n\n<div class=\"wp-block-columns is-layout-flex wp-container-core-columns-is-layout-28f84493 wp-block-columns-is-layout-flex\">\n<div class=\"wp-block-column is-layout-flow wp-block-column-is-layout-flow\" style=\"flex-basis:33.34%\">\n<p><\/p>\n\n\n\n<h3 class=\"wp-block-heading\">Eelised<\/h3>\n\n\n\n<ul class=\"wp-block-list\">\n<li>V\u00e4ga suure kasuteguriga ventilaator<\/li>\n\n\n\n<li>Summuti<\/li>\n\n\n\n<li>Mobiilne, kerge ja h\u00f5lpsasti k\u00e4sitsetav<\/li>\n\n\n\n<li>V\u00e4ike jalaj\u00e4lg<\/li>\n\n\n\n<li>Lihtne filtri hooldus<\/li>\n\n\n\n<li>Vooluhulk reguleeritav vahemikus 0-100%.<\/li>\n\n\n\n<li>Toiteallikas standardse 230V pistikupesaga<\/li>\n<\/ul>\n<\/div>\n\n\n\n<div class=\"wp-block-column is-layout-flow wp-block-column-is-layout-flow\" style=\"flex-basis:33.34%\">\n<p><\/p>\n\n\n\n<h3 class=\"wp-block-heading\">Eriomadused<\/h3>\n\n\n\n<ul class=\"wp-block-list\">\n<li>Lihtne filtrimaterjali vahetus<\/li>\n\n\n\n<li>T\u00e4iendatav ja konfigureeritav<\/li>\n\n\n\n<li>K\u00f5rge adsorptsiooniv\u00f5ime<\/li>\n\n\n\n<li>Tundide arvesti<\/li>\n\n\n\n<li>Filtri ummistumise m\u00f5\u00f5tmine<\/li>\n\n\n\n<li>Vooluhulga reguleerimine vahemikus 0-100%.<\/li>\n\n\n\n<li>Plug &amp; Play s\u00fcsteem<\/li>\n\n\n\n<li>ATEX tolmuv\u00f5imalus<\/li>\n<\/ul>\n<\/div>\n\n\n\n<div class=\"wp-block-column is-layout-flow wp-block-column-is-layout-flow\" style=\"flex-basis:33.33%\">\n<p><\/p>\n\n\n\n<h3 class=\"wp-block-heading\">Omadused<\/h3>\n\n\n\n<ul class=\"wp-block-list\">\n<li>Maksimaalne vooluhulk : 2000m3\/h<\/li>\n\n\n\n<li>Paigaldatud v\u00f5imsus: 750W<\/li>\n\n\n\n<li>Toide: 230V<\/li>\n\n\n\n<li>M\u00f5\u00f5tmed: 710 x710 x 2050<\/li>\n\n\n\n<li>Kaal: 70kg<\/li>\n\n\n\n<li>M\u00fcratase: 72 dB<\/li>\n<\/ul>\n<\/div>\n<\/div>\n\n<h2 class=\"wp-block-heading\">Milleks?<\/h2>\n\n<p><strong>Clearbox on k\u00e4ep\u00e4rane, kompaktne seade<\/strong>, mis on m\u00f5eldud gaasiliste saasteainete, l\u00f5hnade, tolmu ja suitsu t\u00f5husaks p\u00fc\u00fcdmiseks ja t\u00f6\u00f6tlemiseks. Ratastega varustatud seade on h\u00f5lpsasti paigaldatav mis tahes t\u00f6\u00f6ruumi ning sellega saab <strong>t\u00f6\u00f6delda nii statsionaarseid kui ka liikuvaid t\u00f6\u00f6kohti<\/strong>. <\/p>\n\n<p><br\/><strong>Clearbox on varustatud G4 eelfilteriga<\/strong>, F9 kuni H14 k\u00fcllastusfiltritega ja vajadusel aktiivs\u00f6ega. See on saadaval ka ATEX tolmuversioonina. Filtrite korrap\u00e4rane hooldamine on seadme n\u00f5uetekohaseks toimimiseks h\u00e4davajalik.  <\/p>\n\n<div class=\"wp-block-columns is-layout-flex wp-container-core-columns-is-layout-28f84493 wp-block-columns-is-layout-flex\">\n<div class=\"wp-block-column is-layout-flow wp-block-column-is-layout-flow\">\n<h3 class=\"wp-block-heading has-text-align-center\">Saasteained<\/h3>\n\n\n\n<div class=\"wp-block-columns is-layout-flex wp-container-core-columns-is-layout-28f84493 wp-block-columns-is-layout-flex\">\n<div class=\"wp-block-column is-layout-flow wp-block-column-is-layout-flow\">\n<figure class=\"wp-block-image aligncenter size-large\"><img decoding=\"async\" width=\"70\" height=\"70\" src=\"https:\/\/obera.fr\/wp-content\/uploads\/2021\/03\/industrie-fumees.jpg\" alt=\"t&#xF6;&#xF6;stushapnikud\" class=\"wp-image-4971\"\/><figcaption class=\"wp-element-caption\">Aurud<\/figcaption><\/figure>\n\n\n\n<figure class=\"wp-block-image aligncenter size-large\"><img decoding=\"async\" width=\"70\" height=\"70\" src=\"https:\/\/obera.fr\/wp-content\/uploads\/2020\/09\/cov.png\" alt=\"Cov\" class=\"wp-image-959\"\/><figcaption class=\"wp-element-caption\">VOCS<\/figcaption><\/figure>\n<\/div>\n\n\n\n<div class=\"wp-block-column is-layout-flow wp-block-column-is-layout-flow\">\n<figure class=\"wp-block-image aligncenter size-large\"><img decoding=\"async\" width=\"70\" height=\"70\" src=\"https:\/\/obera.fr\/wp-content\/uploads\/2021\/03\/polluants-poussieres-1.jpg\" alt=\"tolmu saasteained 1\" class=\"wp-image-4969\"\/><figcaption class=\"wp-element-caption\">Tolm<\/figcaption><\/figure>\n\n\n\n<figure class=\"wp-block-image aligncenter size-full is-resized\"><img decoding=\"async\" width=\"512\" height=\"512\" src=\"https:\/\/obera.fr\/wp-content\/uploads\/2025\/06\/gaz-naturel.png\" alt=\"maagaas\" class=\"wp-image-108886\" style=\"width:75px;height:auto\" srcset=\"https:\/\/obera.fr\/wp-content\/uploads\/2025\/06\/gaz-naturel.png 512w, https:\/\/obera.fr\/wp-content\/uploads\/2025\/06\/gaz-naturel-300x300.png 300w, https:\/\/obera.fr\/wp-content\/uploads\/2025\/06\/gaz-naturel-150x150.png 150w\" sizes=\"(max-width: 512px) 100vw, 512px\" \/><figcaption class=\"wp-element-caption\">Gaas<\/figcaption><\/figure>\n<\/div>\n<\/div>\n<\/div>\n\n\n\n<div class=\"wp-block-column is-layout-flow wp-block-column-is-layout-flow\">\n<h3 class=\"wp-block-heading has-text-align-center\">t\u00f6\u00f6stusharud<\/h3>\n\n\n\n<div class=\"wp-block-columns is-layout-flex wp-container-core-columns-is-layout-28f84493 wp-block-columns-is-layout-flex\">\n<div class=\"wp-block-column is-layout-flow wp-block-column-is-layout-flow\">\n<figure class=\"wp-block-image aligncenter size-large\"><img decoding=\"async\" width=\"70\" height=\"70\" src=\"https:\/\/obera.fr\/wp-content\/uploads\/2020\/08\/industrie-metallurgie.jpg\" alt=\"Metallurgiat&#xF6;&#xF6;stus\" class=\"wp-image-673\"\/><figcaption class=\"wp-element-caption\">Metallurgia<\/figcaption><\/figure>\n\n\n\n<figure class=\"wp-block-image aligncenter size-large\"><img decoding=\"async\" width=\"70\" height=\"70\" src=\"https:\/\/obera.fr\/wp-content\/uploads\/2020\/08\/industrie-plastique.jpg\" alt=\"Plastit&#xF6;&#xF6;stus\" class=\"wp-image-669\"\/><figcaption class=\"wp-element-caption\">Plastid<\/figcaption><\/figure>\n\n\n\n<figure class=\"wp-block-image aligncenter size-large\"><img decoding=\"async\" width=\"70\" height=\"70\" src=\"https:\/\/obera.fr\/wp-content\/uploads\/2020\/08\/industrie-minerai.jpg\" alt=\"Maagit&#xF6;&#xF6;stus\" class=\"wp-image-724\"\/><figcaption class=\"wp-element-caption\">Mineraalid<\/figcaption><\/figure>\n\n\n\n<figure class=\"wp-block-image aligncenter size-large\"><img decoding=\"async\" width=\"70\" height=\"70\" src=\"https:\/\/obera.fr\/wp-content\/uploads\/2020\/08\/industrie-papier-carton.jpg\" alt=\"Paberi- ja papit&#xF6;&#xF6;stus\" class=\"wp-image-670\"\/><figcaption class=\"wp-element-caption\">Paber\/papp<\/figcaption><\/figure>\n<\/div>\n\n\n\n<div class=\"wp-block-column is-layout-flow wp-block-column-is-layout-flow\">\n<figure class=\"wp-block-image aligncenter size-large\"><img decoding=\"async\" width=\"70\" height=\"70\" src=\"https:\/\/obera.fr\/wp-content\/uploads\/2020\/08\/industrie-bois.jpg\" alt=\"Puidut&#xF6;&#xF6;stus\" class=\"wp-image-672\"\/><figcaption class=\"wp-element-caption\">Puidut\u00f6\u00f6tlemine<\/figcaption><\/figure>\n\n\n\n<figure class=\"wp-block-image aligncenter size-large\"><img decoding=\"async\" width=\"70\" height=\"70\" src=\"https:\/\/obera.fr\/wp-content\/uploads\/2020\/08\/industrie-textile.jpg\" alt=\"Tekstiilit&#xF6;&#xF6;stus\" class=\"wp-image-671\"\/><figcaption class=\"wp-element-caption\">Tekstiilid<\/figcaption><\/figure>\n\n\n\n<figure class=\"wp-block-image aligncenter size-large\"><img decoding=\"async\" width=\"70\" height=\"70\" src=\"https:\/\/obera.fr\/wp-content\/uploads\/2020\/08\/industrie-chimie.jpg\" alt=\"Keemiat&#xF6;&#xF6;stus\" class=\"wp-image-725\"\/><figcaption class=\"wp-element-caption\">Kemikaalid\/Petrokeemia<\/figcaption><\/figure>\n\n\n\n<figure class=\"wp-block-image aligncenter size-large\"><img decoding=\"async\" width=\"70\" height=\"70\" src=\"https:\/\/obera.fr\/wp-content\/uploads\/2020\/08\/industrie-dechets.jpg\" alt=\"T&#xF6;&#xF6;stuse j&#xE4;&#xE4;tmed\" class=\"wp-image-726\"\/><figcaption class=\"wp-element-caption\">J\u00e4\u00e4tmete kogumine ja sorteerimine<\/figcaption><\/figure>\n<\/div>\n<\/div>\n<\/div>\n<\/div>\n\n<h2 class=\"wp-block-heading\">Millised on Clearboxi funktsioonid?<\/h2>\n\n<p><br\/><strong>Clearbox on<\/strong> Prantsusmaal toodetud <strong>mobiilne imemisseade<\/strong>, millel on 5-aastane garantii ja suure j\u00f5udlusega vooluhulk 2000 m3\/h. Sellel on 3 k\u00f5rgtehnoloogilise filtreerimise taset, mida saab konfigureerida vastavalt teie vajadustele. Saadaval on <strong>2 filtreerimistaset koos eelfiltri G4<\/strong> ja k\u00fcllastusfiltriga F9 kuni H14 v\u00f5i 3 taset koos aktiivs\u00f6ega.  <\/p>\n\n<p><br\/>Lisaks sellele on see saadaval kolmes versioonis:<strong> imemisvarrega<\/strong>, toruga sisselaskeava v\u00f5i <strong>imemislaua<\/strong> kujul ning seda saab kohandada ka ATEX tolmuversiooniks. T\u00e4nu suurele adsorptsiooniv\u00f5imsusele eemaldab see maksimaalse arvu saasteaineid. <\/p>\n\n<p><br\/>Seadme t\u00f5rgeteta t\u00f6\u00f6 tagamiseks on oluline<strong> filtri regulaarne vahetus<\/strong>. Sisseehitatud filtri ummistumise m\u00f5\u00f5tmise s\u00fcsteem n\u00e4itab, millal on aeg filtreid vahetada, ja filtrikandja vahetus on lihtne. <\/p>\n\n<p><\/p>\n\n<p>See on <strong>Plug and Play<\/strong>, nii et seda on lihtne paigaldada. T\u00e4nu ratastele ja eriti kompaktsele konstruktsioonile on seda lihtne man\u00f6\u00f6verdada ja see sobib igasse t\u00f6\u00f6keskkonda. <\/p>\n\n<figure class=\"wp-block-table\"><table class=\"has-fixed-layout\"><thead><tr><th class=\"has-text-align-center\" data-align=\"center\">Seade<\/th><th class=\"has-text-align-center\" data-align=\"center\"><\/th><th class=\"has-text-align-center\" data-align=\"center\">K\u00e4ega<\/th><th class=\"has-text-align-center\" data-align=\"center\">Toruga sissep\u00e4\u00e4s<\/th><th class=\"has-text-align-center\" data-align=\"center\">Tabel<\/th><\/tr><\/thead><tbody><tr><td class=\"has-text-align-center\" data-align=\"center\">Maksimaalne vooluhulk<\/td><td class=\"has-text-align-center\" data-align=\"center\">m3\/h<\/td><td class=\"has-text-align-center\" data-align=\"center\">2000<\/td><td class=\"has-text-align-center\" data-align=\"center\">2500<\/td><td class=\"has-text-align-center\" data-align=\"center\">5000<\/td><\/tr><tr><td class=\"has-text-align-center\" data-align=\"center\">Voolu reguleerimine<\/td><td class=\"has-text-align-center\" data-align=\"center\">%<\/td><td class=\"has-text-align-center\" data-align=\"center\">0-100<\/td><td class=\"has-text-align-center\" data-align=\"center\">0-100<\/td><td class=\"has-text-align-center\" data-align=\"center\">0-100<\/td><\/tr><tr><td class=\"has-text-align-center\" data-align=\"center\">Paigaldatud v\u00f5imsus<\/td><td class=\"has-text-align-center\" data-align=\"center\">W<\/td><td class=\"has-text-align-center\" data-align=\"center\">750<\/td><td class=\"has-text-align-center\" data-align=\"center\">750<\/td><td class=\"has-text-align-center\" data-align=\"center\">750<\/td><\/tr><tr><td class=\"has-text-align-center\" data-align=\"center\">Toiteallikas<\/td><td class=\"has-text-align-center\" data-align=\"center\">V<\/td><td class=\"has-text-align-center\" data-align=\"center\">230<\/td><td class=\"has-text-align-center\" data-align=\"center\">230<\/td><td class=\"has-text-align-center\" data-align=\"center\">230<\/td><\/tr><tr><td class=\"has-text-align-center\" data-align=\"center\">\u00dcldised m\u00f5\u00f5tmed (WxLxH)<\/td><td class=\"has-text-align-center\" data-align=\"center\">Mm<\/td><td class=\"has-text-align-center\" data-align=\"center\">710x710x2050<\/td><td class=\"has-text-align-center\" data-align=\"center\">710x710x2050<\/td><td class=\"has-text-align-center\" data-align=\"center\">710x710x2050<\/td><\/tr><tr><td class=\"has-text-align-center\" data-align=\"center\">Kaal<\/td><td class=\"has-text-align-center\" data-align=\"center\">kg<\/td><td class=\"has-text-align-center\" data-align=\"center\">70<\/td><td class=\"has-text-align-center\" data-align=\"center\">75<\/td><td class=\"has-text-align-center\" data-align=\"center\">75<\/td><\/tr><tr><td class=\"has-text-align-center\" data-align=\"center\">M\u00fcratase<\/td><td class=\"has-text-align-center\" data-align=\"center\">dB<\/td><td class=\"has-text-align-center\" data-align=\"center\">72<\/td><td class=\"has-text-align-center\" data-align=\"center\">72<\/td><td class=\"has-text-align-center\" data-align=\"center\">72<\/td><\/tr><\/tbody><\/table><\/figure>\n\n<p><\/p>\n","protected":false},"excerpt":{"rendered":"<p>Clearbox on Prantsusmaal toodetud mobiilne v\u00e4ljat\u00f5mbeseade, millel on 5-aastane garantii ja suure j\u00f5udlusega vooluhulk. See on spetsiaalselt kavandatud lenduvate orgaaniliste \u00fchendite (VOC), gaaside, l\u00f5hnade, lahustite, tolmu ja suitsu t\u00f6\u00f6tlemiseks. See seade pakub erinevaid filtreerimistasemeid, 2 kuni 3 astmestikku, ja seda saab konfigureerida vastavalt teie konkreetsetele vajadustele, tagades optimaalse t\u00f5hususe saasteainete k\u00f5rvaldamisel. See on varustatud eelfiltriga G4, F9 kuni H14 k\u00fcllastusfiltritega tolmu ja suitsu jaoks ning v\u00f5ib sisaldada aktiivs\u00fctt gaaside ja lenduvate orgaaniliste \u00fchendite puhastamiseks. Veelgi enam, see on saadaval kolmes versioonis: imemisvarrega, toruga sisselaskeava v\u00f5i imemislaua kujul. Saadaval on ka ATEX tolmuversioon. Eelised Eriomadused Omadused Milleks? Clearbox on k\u00e4ep\u00e4rane, kompaktne &#8230; <\/p>\n<p class=\"read-more-container\"><a title=\"Clearbox\" class=\"read-more button\" href=\"https:\/\/obera.fr\/et\/produits\/caissons-mobiles-aspiration\/clearbox\/#more-115407\" aria-label=\"Read more about Clearbox\">Lire la suite<\/a><\/p>\n","protected":false},"author":4,"featured_media":103617,"parent":50557,"menu_order":0,"comment_status":"closed","ping_status":"closed","template":"","meta":{"_acf_changed":false,"_seopress_robots_primary_cat":"","_seopress_titles_title":"Clearbox: mobiilne VOC-ekstraheerimis\u00fcksus","_seopress_titles_desc":"Clearboxi mobiilne imemisseade: lenduvate orgaaniliste \u00fchendite, aurude ja l\u00f5hnade suure t\u00f5hususega filtreerimine. Kompaktne, vaikne, konfigureeritav ja 5-aastane garantii. ","_seopress_robots_index":"","footnotes":""},"class_list":{"0":"post-115407","1":"page","2":"type-page","3":"status-publish","4":"has-post-thumbnail","6":"no-featured-image-padding","7":"resize-featured-image"},"acf":[],"_links":{"self":[{"href":"https:\/\/obera.fr\/et\/wp-json\/wp\/v2\/pages\/115407","targetHints":{"allow":["GET"]}}],"collection":[{"href":"https:\/\/obera.fr\/et\/wp-json\/wp\/v2\/pages"}],"about":[{"href":"https:\/\/obera.fr\/et\/wp-json\/wp\/v2\/types\/page"}],"author":[{"embeddable":true,"href":"https:\/\/obera.fr\/et\/wp-json\/wp\/v2\/users\/4"}],"replies":[{"embeddable":true,"href":"https:\/\/obera.fr\/et\/wp-json\/wp\/v2\/comments?post=115407"}],"version-history":[{"count":2,"href":"https:\/\/obera.fr\/et\/wp-json\/wp\/v2\/pages\/115407\/revisions"}],"predecessor-version":[{"id":120467,"href":"https:\/\/obera.fr\/et\/wp-json\/wp\/v2\/pages\/115407\/revisions\/120467"}],"up":[{"embeddable":true,"href":"https:\/\/obera.fr\/et\/wp-json\/wp\/v2\/pages\/50557"}],"wp:featuredmedia":[{"embeddable":true,"href":"https:\/\/obera.fr\/et\/wp-json\/wp\/v2\/media\/103617"}],"wp:attachment":[{"href":"https:\/\/obera.fr\/et\/wp-json\/wp\/v2\/media?parent=115407"}],"curies":[{"name":"wp","href":"https:\/\/api.w.org\/{rel}","templated":true}]}}