{"id":50335,"date":"2024-10-01T16:55:25","date_gmt":"2024-10-01T14:55:25","guid":{"rendered":"https:\/\/obera.fr\/iseseisvad-imemislauad\/"},"modified":"2025-06-30T10:17:15","modified_gmt":"2025-06-30T08:17:15","slug":"table-autonome","status":"publish","type":"page","link":"https:\/\/obera.fr\/et\/produits\/tables-aspirantes\/table-autonome\/","title":{"rendered":"Iseseisvad imemislauad"},"content":{"rendered":"\n<h2 class=\"wp-block-heading\">Miks valida iseseisev vaakumlaud?<\/h2>\n\n<div class=\"wp-block-columns are-vertically-aligned-center is-layout-flex wp-container-core-columns-is-layout-28f84493 wp-block-columns-is-layout-flex\">\n<div class=\"wp-block-column is-vertically-aligned-center is-layout-flow wp-block-column-is-layout-flow\" style=\"flex-basis:33.33%\">\n<figure class=\"wp-block-image aligncenter size-full is-resized\"><img decoding=\"async\" width=\"800\" height=\"800\" src=\"https:\/\/obera.fr\/wp-content\/uploads\/2022\/05\/Sans-titre-61.jpg\" alt=\"Iseseisvad imemislauad\" class=\"wp-image-12901\" srcset=\"https:\/\/obera.fr\/wp-content\/uploads\/2022\/05\/Sans-titre-61.jpg 800w, https:\/\/obera.fr\/wp-content\/uploads\/2022\/05\/Sans-titre-61-300x300.jpg 300w, https:\/\/obera.fr\/wp-content\/uploads\/2022\/05\/Sans-titre-61-150x150.jpg 150w, https:\/\/obera.fr\/wp-content\/uploads\/2022\/05\/Sans-titre-61-768x768.jpg 768w\" sizes=\"(max-width: 800px) 100vw, 800px\" \/><\/figure>\n\n\n\n<div class=\"wp-block-columns is-layout-flex wp-container-core-columns-is-layout-28f84493 wp-block-columns-is-layout-flex\">\n<div class=\"wp-block-column is-layout-flow wp-block-column-is-layout-flow\">\n<figure class=\"wp-block-image size-full is-resized\"><img decoding=\"async\" width=\"800\" height=\"800\" src=\"https:\/\/obera.fr\/wp-content\/uploads\/2022\/05\/Sans-titre-59.jpg\" alt=\"Iseseisvad vaakumlaudad 1\" class=\"wp-image-12904\" srcset=\"https:\/\/obera.fr\/wp-content\/uploads\/2022\/05\/Sans-titre-59.jpg 800w, https:\/\/obera.fr\/wp-content\/uploads\/2022\/05\/Sans-titre-59-300x300.jpg 300w, https:\/\/obera.fr\/wp-content\/uploads\/2022\/05\/Sans-titre-59-150x150.jpg 150w, https:\/\/obera.fr\/wp-content\/uploads\/2022\/05\/Sans-titre-59-768x768.jpg 768w\" sizes=\"(max-width: 800px) 100vw, 800px\" \/><\/figure>\n<\/div>\n\n\n\n<div class=\"wp-block-column is-layout-flow wp-block-column-is-layout-flow\">\n<figure class=\"wp-block-image size-medium is-resized\"><img decoding=\"async\" width=\"300\" height=\"300\" src=\"https:\/\/obera.fr\/wp-content\/uploads\/2022\/05\/Sans-titre-63-300x300.jpg\" alt=\"Iseseisvad vaakumlauad 2\" class=\"wp-image-12895\" srcset=\"https:\/\/obera.fr\/wp-content\/uploads\/2022\/05\/Sans-titre-63-300x300.jpg 300w, https:\/\/obera.fr\/wp-content\/uploads\/2022\/05\/Sans-titre-63-150x150.jpg 150w, https:\/\/obera.fr\/wp-content\/uploads\/2022\/05\/Sans-titre-63-768x768.jpg 768w, https:\/\/obera.fr\/wp-content\/uploads\/2022\/05\/Sans-titre-63.jpg 800w\" sizes=\"(max-width: 300px) 100vw, 300px\" \/><\/figure>\n<\/div>\n\n\n\n<div class=\"wp-block-column is-layout-flow wp-block-column-is-layout-flow\">\n<figure class=\"wp-block-image size-full is-resized\"><img decoding=\"async\" width=\"800\" height=\"800\" src=\"https:\/\/obera.fr\/wp-content\/uploads\/2022\/05\/Sans-titre-64.jpg\" alt=\"Iseseisvad vaakumlauad 3\" class=\"wp-image-12892\" srcset=\"https:\/\/obera.fr\/wp-content\/uploads\/2022\/05\/Sans-titre-64.jpg 800w, https:\/\/obera.fr\/wp-content\/uploads\/2022\/05\/Sans-titre-64-300x300.jpg 300w, https:\/\/obera.fr\/wp-content\/uploads\/2022\/05\/Sans-titre-64-150x150.jpg 150w, https:\/\/obera.fr\/wp-content\/uploads\/2022\/05\/Sans-titre-64-768x768.jpg 768w\" sizes=\"(max-width: 800px) 100vw, 800px\" \/><\/figure>\n<\/div>\n<\/div>\n<\/div>\n\n\n\n<div class=\"wp-block-column is-vertically-aligned-center is-layout-flow wp-block-column-is-layout-flow\" style=\"flex-basis:66.66%\">\n<h3 class=\"wp-block-heading\">KUIDAS see toimib?  <\/h3>\n\n\n\n<p>Saastevaba keskkonna s\u00e4ilitamiseks tuleb saasteaineid sisaldavaid osakesi t\u00f5husalt \u00e4ra p\u00fc\u00fcda. T\u00e4nu \u00fchtlasele filtreerimisele altpoolt ja eestpoolt ei hinga operaator m\u00fcrgiseid aineid sisse. Pingi saab kohandada eri t\u00fc\u00fcpi platvormide ja v\u00f5rega, s\u00f5ltuvalt teostatavast t\u00f6\u00f6st, et tagada saasteainete t\u00f5hus t\u00f6\u00f6tlemine. Erinevalt <a href=\"https:\/\/obera.fr\/et\/produits\/tables-aspirantes\/\" data-type=\"page\" data-id=\"489\">tavap\u00e4rastest imemislaudadest<\/a> on neil sisseehitatud imes\u00fcsteem ja neid ei ole vaja \u00fchendada \u00f5huk\u00e4itlusseadmega.   <\/p>\n\n\n\n<p><\/p>\n\n\n\n<h3 class=\"wp-block-heading\">Automaatne filtri puhastamine<\/h3>\n\n\n\n<p>Iseseisev vaakumlaud on varustatud automaatse filtripuhastuss\u00fcsteemiga. See puhastab suru\u00f5hupaaki kasutades filtripatareid, mis muudab t\u00f6\u00f6protsessi operaatori jaoks lihtsamaks ja s\u00e4\u00e4stab aega. HEPA-filtreerimine on valikuline.  <\/p>\n\n\n\n<div class=\"wp-block-columns is-layout-flex wp-container-core-columns-is-layout-28f84493 wp-block-columns-is-layout-flex\">\n<div class=\"wp-block-column is-layout-flow wp-block-column-is-layout-flow\">\n<div class=\"wp-block-buttons is-content-justification-center is-layout-flex wp-container-core-buttons-is-layout-a89b3969 wp-block-buttons-is-layout-flex\">\n<div class=\"wp-block-button is-style-fill\"><a class=\"wp-block-button__link wp-element-button\" href=\"https:\/\/obera.fr\/wp-content\/uploads\/2025\/08\/brochure-table-aspirante-autonome-en.pdf\">Laadige alla tootekirjeldus<\/a><\/div>\n<\/div>\n<\/div>\n\n\n\n<div class=\"wp-block-column is-layout-flow wp-block-column-is-layout-flow\">\n<div class=\"wp-block-buttons is-horizontal is-content-justification-center is-layout-flex wp-container-core-buttons-is-layout-03627597 wp-block-buttons-is-layout-flex\">\n<div class=\"wp-block-button has-custom-width wp-block-button__width-100\"><a class=\"wp-block-button__link wp-element-button\" href=\"https:\/\/obera.fr\/et\/votke-meiega-uhendust\/\">Lisateavet<\/a><\/div>\n<\/div>\n<\/div>\n\n\n\n<div class=\"wp-block-column is-layout-flow wp-block-column-is-layout-flow\">\n<div class=\"wp-block-buttons is-content-justification-center is-layout-flex wp-container-core-buttons-is-layout-a89b3969 wp-block-buttons-is-layout-flex\">\n<div class=\"wp-block-button btn-devis-source\"><a class=\"wp-block-button__link wp-element-button\" href=\"https:\/\/obera.fr\/et\/devis\/\">Taotlege hinnapakkumist<\/a><\/div>\n<\/div>\n\n\n<script>\r\ndocument.addEventListener('DOMContentLoaded', function() {\r\n    \/\/ 1. On cherche le titre H1 de la page\r\n    var h1 = document.querySelector('h1');\r\n    var productTitle = h1 ? h1.innerText.trim() : \"\";\r\n\r\n    \/\/ 2. On cherche les boutons via la classe CSS .btn-devis-source\r\n    var buttons = document.querySelectorAll('.btn-devis-source a');\r\n\r\n    \/\/ 3. Si on a le titre et les boutons, on ajoute le param\u00e8tre\r\n    if (buttons.length > 0 && productTitle !== \"\") {\r\n        var encodedTitle = encodeURIComponent(productTitle);\r\n\r\n        buttons.forEach(function(btn) {\r\n            var currentHref = btn.getAttribute('href');\r\n            \r\n            \/\/ S\u00e9curit\u00e9 pour ne pas ajouter le param\u00e8tre 2 fois\r\n            if (currentHref.indexOf('sujet=') === -1) {\r\n                var separator = currentHref.indexOf('?') !== -1 ? '&' : '?';\r\n                var newLink = currentHref + separator + 'sujet=' + encodedTitle;\r\n                \r\n                btn.setAttribute('href', newLink);\r\n            }\r\n        });\r\n    }\r\n});\r\n<\/script><\/div>\n<\/div>\n<\/div>\n<\/div>\n\n<div class=\"wp-block-columns is-layout-flex wp-container-core-columns-is-layout-28f84493 wp-block-columns-is-layout-flex\">\n<div class=\"wp-block-column is-layout-flow wp-block-column-is-layout-flow\" style=\"flex-basis:25%\"><\/div>\n\n\n\n<div class=\"wp-block-column is-layout-flow wp-block-column-is-layout-flow\" style=\"flex-basis:50%\">\n<figure class=\"wp-block-embed is-type-video is-provider-youtube wp-block-embed-youtube wp-embed-aspect-16-9 wp-has-aspect-ratio\"><div class=\"wp-block-embed__wrapper\">\n<iframe title=\"Table Aspirante Autonome - Obera\" width=\"1200\" height=\"675\" src=\"https:\/\/www.youtube.com\/embed\/CvznCWlnJBA?feature=oembed\" frameborder=\"0\" allow=\"accelerometer; autoplay; clipboard-write; encrypted-media; gyroscope; picture-in-picture; web-share\" referrerpolicy=\"strict-origin-when-cross-origin\" allowfullscreen><\/iframe>\n<\/div><\/figure>\n<\/div>\n\n\n\n<div class=\"wp-block-column is-layout-flow wp-block-column-is-layout-flow\" style=\"flex-basis:25%\"><\/div>\n<\/div>\n\n<p><\/p>\n\n<h2 class=\"wp-block-heading\">Milleks?<\/h2>\n\n<p>Iseseisvad vaakumlauad on ideaalne lahendus lihvimiseks, keevitamiseks, v\u00e4rvimiseks, liimide pealekandmiseks ja k\u00f5ikideks protsessideks, mis tekitavad suitsu ja tolmu, mille sissehingamine v\u00f5ib olla ohtlik operaatori tervisele.<\/p>\n\n<div class=\"wp-block-columns is-layout-flex wp-container-core-columns-is-layout-28f84493 wp-block-columns-is-layout-flex\">\n<div class=\"wp-block-column is-layout-flow wp-block-column-is-layout-flow\">\n<figure class=\"wp-block-image aligncenter size-full is-resized\"><img decoding=\"async\" width=\"800\" height=\"500\" src=\"https:\/\/obera.fr\/wp-content\/uploads\/2022\/05\/Sffans-titre.png\" alt=\"sffans pealkiri\" class=\"wp-image-12913\" srcset=\"https:\/\/obera.fr\/wp-content\/uploads\/2022\/05\/Sffans-titre.png 800w, https:\/\/obera.fr\/wp-content\/uploads\/2022\/05\/Sffans-titre-300x188.png 300w, https:\/\/obera.fr\/wp-content\/uploads\/2022\/05\/Sffans-titre-768x480.png 768w\" sizes=\"(max-width: 800px) 100vw, 800px\" \/><\/figure>\n<\/div>\n\n\n\n<div class=\"wp-block-column is-layout-flow wp-block-column-is-layout-flow\">\n<figure class=\"wp-block-image aligncenter size-full is-resized\"><img decoding=\"async\" width=\"800\" height=\"500\" src=\"https:\/\/obera.fr\/wp-content\/uploads\/2022\/05\/dfSans-titre.png\" alt=\"pealkirjata dfs\" class=\"wp-image-12919\" srcset=\"https:\/\/obera.fr\/wp-content\/uploads\/2022\/05\/dfSans-titre.png 800w, https:\/\/obera.fr\/wp-content\/uploads\/2022\/05\/dfSans-titre-300x188.png 300w, https:\/\/obera.fr\/wp-content\/uploads\/2022\/05\/dfSans-titre-768x480.png 768w\" sizes=\"(max-width: 800px) 100vw, 800px\" \/><\/figure>\n<\/div>\n\n\n\n<div class=\"wp-block-column is-layout-flow wp-block-column-is-layout-flow\">\n<figure class=\"wp-block-image aligncenter size-full is-resized\"><img decoding=\"async\" width=\"800\" height=\"500\" src=\"https:\/\/obera.fr\/wp-content\/uploads\/2022\/05\/Sans-titre.png\" alt=\"pealkirjata\" class=\"wp-image-12916\" srcset=\"https:\/\/obera.fr\/wp-content\/uploads\/2022\/05\/Sans-titre.png 800w, https:\/\/obera.fr\/wp-content\/uploads\/2022\/05\/Sans-titre-300x188.png 300w, https:\/\/obera.fr\/wp-content\/uploads\/2022\/05\/Sans-titre-768x480.png 768w\" sizes=\"(max-width: 800px) 100vw, 800px\" \/><\/figure>\n<\/div>\n<\/div>\n\n<div class=\"wp-block-columns is-layout-flex wp-container-core-columns-is-layout-28f84493 wp-block-columns-is-layout-flex\">\n<div class=\"wp-block-column is-layout-flow wp-block-column-is-layout-flow\">\n<div style=\"height:42px\" aria-hidden=\"true\" class=\"wp-block-spacer\"><\/div>\n\n\n\n<h3 class=\"wp-block-heading has-text-align-center\" id=\"polluants\">Saasteained<\/h3>\n\n\n\n<hr class=\"wp-block-separator has-css-opacity is-style-wide\"\/>\n\n\n\n<div class=\"wp-block-columns is-layout-flex wp-container-core-columns-is-layout-28f84493 wp-block-columns-is-layout-flex\">\n<div class=\"wp-block-column is-layout-flow wp-block-column-is-layout-flow\">\n<figure class=\"wp-block-image aligncenter size-large\"><img decoding=\"async\" width=\"70\" height=\"70\" src=\"https:\/\/obera.fr\/wp-content\/uploads\/2020\/08\/polluants-poussieres.jpg\" alt=\"Saasteained Tolm\" class=\"wp-image-675\"\/><figcaption class=\"wp-element-caption\">Tolm<\/figcaption><\/figure>\n\n\n\n<figure class=\"wp-block-image aligncenter size-large\"><img decoding=\"async\" width=\"70\" height=\"70\" src=\"https:\/\/obera.fr\/wp-content\/uploads\/2020\/08\/industrie-fumees.jpg\" alt=\"T&#xF6;&#xF6;stuse suitsu\" class=\"wp-image-722\"\/><figcaption class=\"wp-element-caption\">Aurud<\/figcaption><\/figure>\n\n\n\n<figure class=\"wp-block-image aligncenter size-large\"><img decoding=\"async\" width=\"70\" height=\"70\" src=\"https:\/\/obera.fr\/wp-content\/uploads\/2020\/08\/industrie-brouillard-huile.jpg\" alt=\"T&#xF6;&#xF6;stuse udu&#xF5;li\" class=\"wp-image-721\"\/><figcaption class=\"wp-element-caption\">\u00d5liudu<\/figcaption><\/figure>\n<\/div>\n\n\n\n<div class=\"wp-block-column is-layout-flow wp-block-column-is-layout-flow\">\n<figure class=\"wp-block-image aligncenter size-large\"><img decoding=\"async\" width=\"70\" height=\"70\" src=\"https:\/\/obera.fr\/wp-content\/uploads\/2020\/08\/polluants-copeaux-bois.jpg\" alt=\"Saasteained Puiduhake\" class=\"wp-image-674\"\/><figcaption class=\"wp-element-caption\">Chips<\/figcaption><\/figure>\n\n\n\n<figure class=\"wp-block-image aligncenter size-large\"><img decoding=\"async\" width=\"70\" height=\"70\" src=\"https:\/\/obera.fr\/wp-content\/uploads\/2020\/08\/industrie-odeur.jpg\" alt=\"T&#xF6;&#xF6;stuse l&#xF5;hn\" class=\"wp-image-723\"\/><figcaption class=\"wp-element-caption\">L\u00f5hnad<\/figcaption><\/figure>\n\n\n\n<figure class=\"wp-block-image aligncenter size-large\"><img decoding=\"async\" width=\"70\" height=\"70\" src=\"https:\/\/obera.fr\/wp-content\/uploads\/2020\/09\/cov.png\" alt=\"Cov\" class=\"wp-image-959\"\/><figcaption class=\"wp-element-caption\">VOCS<\/figcaption><\/figure>\n<\/div>\n<\/div>\n<\/div>\n\n\n\n<div class=\"wp-block-column is-layout-flow wp-block-column-is-layout-flow\">\n<div style=\"height:42px\" aria-hidden=\"true\" class=\"wp-block-spacer\"><\/div>\n\n\n\n<h3 class=\"wp-block-heading has-text-align-center\" id=\"industries\">T\u00f6\u00f6stusharud<\/h3>\n\n\n\n<hr class=\"wp-block-separator has-css-opacity is-style-wide\"\/>\n\n\n\n<div class=\"wp-block-columns is-layout-flex wp-container-core-columns-is-layout-28f84493 wp-block-columns-is-layout-flex\">\n<div class=\"wp-block-column is-layout-flow wp-block-column-is-layout-flow\">\n<figure class=\"wp-block-image aligncenter size-large\"><img decoding=\"async\" width=\"70\" height=\"70\" src=\"https:\/\/obera.fr\/wp-content\/uploads\/2020\/08\/industrie-metallurgie.jpg\" alt=\"Metallurgiat&#xF6;&#xF6;stus\" class=\"wp-image-673\"\/><figcaption class=\"wp-element-caption\">Metallurgia<\/figcaption><\/figure>\n\n\n\n<figure class=\"wp-block-image aligncenter size-large\"><img decoding=\"async\" width=\"70\" height=\"70\" src=\"https:\/\/obera.fr\/wp-content\/uploads\/2020\/08\/industrie-plastique.jpg\" alt=\"Plastit&#xF6;&#xF6;stus\" class=\"wp-image-669\"\/><figcaption class=\"wp-element-caption\">Plastid<\/figcaption><\/figure>\n\n\n\n<figure class=\"wp-block-image aligncenter size-large\"><img decoding=\"async\" width=\"70\" height=\"70\" src=\"https:\/\/obera.fr\/wp-content\/uploads\/2020\/08\/industrie-minerai.jpg\" alt=\"Maagit&#xF6;&#xF6;stus\" class=\"wp-image-724\"\/><figcaption class=\"wp-element-caption\">Mineraalid<\/figcaption><\/figure>\n\n\n\n<figure class=\"wp-block-image aligncenter size-large\"><img decoding=\"async\" width=\"70\" height=\"70\" src=\"https:\/\/obera.fr\/wp-content\/uploads\/2020\/08\/industrie-papier-carton.jpg\" alt=\"Paberi- ja papit&#xF6;&#xF6;stus\" class=\"wp-image-670\"\/><figcaption class=\"wp-element-caption\">Paber\/papp<\/figcaption><\/figure>\n<\/div>\n\n\n\n<div class=\"wp-block-column is-layout-flow wp-block-column-is-layout-flow\">\n<figure class=\"wp-block-image aligncenter size-large\"><img decoding=\"async\" width=\"70\" height=\"70\" src=\"https:\/\/obera.fr\/wp-content\/uploads\/2020\/08\/industrie-bois.jpg\" alt=\"Puidut&#xF6;&#xF6;stus\" class=\"wp-image-672\"\/><figcaption class=\"wp-element-caption\">Puidut\u00f6\u00f6tlemine<\/figcaption><\/figure>\n\n\n\n<figure class=\"wp-block-image aligncenter size-large\"><img decoding=\"async\" width=\"70\" height=\"70\" src=\"https:\/\/obera.fr\/wp-content\/uploads\/2020\/08\/industrie-textile.jpg\" alt=\"Tekstiilit&#xF6;&#xF6;stus\" class=\"wp-image-671\"\/><figcaption class=\"wp-element-caption\">Tekstiilid<\/figcaption><\/figure>\n\n\n\n<figure class=\"wp-block-image aligncenter size-large\"><img decoding=\"async\" width=\"70\" height=\"70\" src=\"https:\/\/obera.fr\/wp-content\/uploads\/2020\/08\/industrie-chimie.jpg\" alt=\"Keemiat&#xF6;&#xF6;stus\" class=\"wp-image-725\"\/><figcaption class=\"wp-element-caption\">Kemikaalid\/Petrokeemia<\/figcaption><\/figure>\n\n\n\n<figure class=\"wp-block-image aligncenter size-large\"><img decoding=\"async\" width=\"70\" height=\"70\" src=\"https:\/\/obera.fr\/wp-content\/uploads\/2020\/08\/industrie-dechets.jpg\" alt=\"T&#xF6;&#xF6;stuse j&#xE4;&#xE4;tmed\" class=\"wp-image-726\"\/><figcaption class=\"wp-element-caption\">J\u00e4\u00e4tmete kogumine ja sorteerimine<\/figcaption><\/figure>\n<\/div>\n<\/div>\n<\/div>\n<\/div>\n\n<h2 class=\"wp-block-heading\">Meie vabalt seisvate imemislaudade omadused<\/h2>\n\n<p>Meie iseseisvad imemislauad on valmistatud suurep\u00e4rasest materjalist ja on \u00e4\u00e4rmiselt vastupidavad. Nende suurus varieerub s\u00f5ltuvalt mudelist. Nende t\u00f6\u00f6pind (pikkus x laius) on vahemikus 1000 x 1500 mm kuni 1000 x 2500 mm. Laua alumises osas on sahtlid j\u00e4medate j\u00e4\u00e4tmete kogumiseks. Laua saab kohandada eri t\u00fc\u00fcpi platvormide ja restidega, s\u00f5ltuvalt tehtavast t\u00f6\u00f6st.    <\/p>\n\n<h3 class=\"wp-block-heading\">Automaatne filtri puhastamine<\/h3>\n\n<p>Iseseisvad imemislauad on varustatud sobiva filtripinnaga padrunfiltriga. Puhastuss\u00fcsteem on automaatne: suru\u00f5hupaak puhastab padrunit, mis teeb t\u00f6\u00f6protsessi operaatori jaoks lihtsamaks ja s\u00e4\u00e4stab aega. L\u00f5ppfiltreerimine HEPA-filtriga on valikuline. <\/p>\n\n<h3 class=\"wp-block-heading\">S\u00e4del\u00f5ikur<\/h3>\n\n<p>Oluline roll on standardselt paigaldatud s\u00e4del\u00f5ikuril, mis on sama pikk kui t\u00f6\u00f6tasapind. See kaitseb padrunit s\u00e4demete ja t\u00fcmpsuvate esemete eest. Samuti takistab see, et v\u00e4ljav\u00f5etud osakesed ummistaksid filtri. BAS-V integreeritud ventilaator teeb sellest tervikliku ja mitmek\u00fclgse masina.   <\/p>\n\n<h3 class=\"wp-block-heading\">V\u00d5IMALIK<\/h3>\n\n<ul class=\"wp-block-list\">\n<li>ATEX 20-22 vastavus<\/li>\n\n\n\n<li>HEPA filtreerimine<\/li>\n\n\n\n<li>304\/316 roostevabast terasest<\/li>\n\n\n\n<li>Raskeid keskkondi taluv v\u00e4rv<\/li>\n\n\n\n<li>T\u00e4itmine eriterastega (Corten)<\/li>\n\n\n\n<li>Tulet\u00f5rjes\u00fcsteem<\/li>\n\n\n\n<li>Vaikne.<\/li>\n<\/ul>\n\n<div class=\"wp-block-buttons is-content-justification-center is-layout-flex wp-container-core-buttons-is-layout-a89b3969 wp-block-buttons-is-layout-flex\">\n<div class=\"wp-block-button is-style-fill\"><a class=\"wp-block-button__link wp-element-button\" href=\"https:\/\/obera.fr\/wp-content\/uploads\/2025\/08\/brochure-table-aspirante-autonome-en.pdf\">Laadige alla tootekirjeldus<\/a><\/div>\n<\/div>\n\n<h2 class=\"wp-block-heading\">Millised on meie eraldiseisvate imemislaudade eelised?<\/h2>\n\n<p>Iseseisvad imemislauad kaitsevad operaatorit hingamisteede ja nahahaiguste ohu eest. Neid on eri suuruses, et pakkuda tervislikku t\u00f6\u00f6kohta, mis on kohandatud operaatori vajadustele.   <\/p>\n\n<p>J\u00e4rgige <a href=\"https:\/\/obera.fr\/et\/meie-nouanne\/reglementation-vlep-evaluation-risque-chimique-lieu-de-travail\/\" data-type=\"post\" data-id=\"6575\">t\u00f6\u00f6keskkonna piirv\u00e4\u00e4rtusi (OELV<\/a> ) ja kaitske oma t\u00f6\u00f6tajaid nende t\u00f6\u00f6ruumis.  <\/p>\n\n<div class=\"wp-block-columns is-layout-flex wp-container-core-columns-is-layout-28f84493 wp-block-columns-is-layout-flex\">\n<div class=\"wp-block-column is-layout-flow wp-block-column-is-layout-flow\">\n<h3 class=\"wp-block-heading has-text-align-center\" id=\"avantages\">Eelised<\/h3>\n\n\n\n<ul class=\"wp-block-list\">\n<li>Ei ole vaja \u00fchendada ventilaatorit v\u00f5i tolmukogujat<\/li>\n\n\n\n<li>Sobib ideaalselt t\u00f6\u00f6deldavate detailide eemaldamiseks, lihvimiseks, lihvimiseks v\u00f5i keevitamiseks.<\/li>\n\n\n\n<li>Sobib liimimiseks, lakkimiseks jne.<\/li>\n<\/ul>\n<\/div>\n\n\n\n<div class=\"wp-block-column is-layout-flow wp-block-column-is-layout-flow\">\n<h3 class=\"wp-block-heading has-text-align-center\" id=\"particularites\">Eriomadused<\/h3>\n\n\n\n<ul class=\"wp-block-list\">\n<li>Automaatne filtri puhastamine<\/li>\n\n\n\n<li>S\u00e4del\u00f5ikur<\/li>\n\n\n\n<li>J\u00e4medate j\u00e4\u00e4tmete kogumise sahtlisse<\/li>\n<\/ul>\n<\/div>\n\n\n\n<div class=\"wp-block-column is-layout-flow wp-block-column-is-layout-flow\">\n<h3 class=\"wp-block-heading has-text-align-center\" id=\"caracteristiques\">Omadused<\/h3>\n\n\n\n<ul class=\"wp-block-list\">\n<li>Turvaline t\u00f6\u00f6koht<\/li>\n\n\n\n<li>Kompaktne lahendus<\/li>\n\n\n\n<li>Avar t\u00f6\u00f6pind<\/li>\n\n\n\n<li>Vastupidavad materjalid<\/li>\n\n\n\n<li>J\u00e4medad j\u00e4\u00e4tmed, mida on lihtne k\u00f5rvaldada<\/li>\n<\/ul>\n<\/div>\n<\/div>\n\n<div class=\"wp-block-buttons is-horizontal is-content-justification-center is-layout-flex wp-container-core-buttons-is-layout-03627597 wp-block-buttons-is-layout-flex\">\n<div class=\"wp-block-button has-custom-width wp-block-button__width-100\"><a class=\"wp-block-button__link wp-element-button\" href=\"https:\/\/obera.fr\/et\/votke-meiega-uhendust\/\">Lisateavet<\/a><\/div>\n<\/div>\n\n<h2 class=\"wp-block-heading\">Muud oberA imemislauad<\/h2>\n\n<div class=\"wp-block-columns is-layout-flex wp-container-core-columns-is-layout-28f84493 wp-block-columns-is-layout-flex\">\n<div class=\"wp-block-column is-layout-flow wp-block-column-is-layout-flow\">\n<figure class=\"wp-block-image aligncenter size-thumbnail is-resized\"><a href=\"https:\/\/obera.fr\/produits\/tables-aspirantes\/table-rotative-360\/\"><img decoding=\"async\" width=\"150\" height=\"150\" src=\"https:\/\/obera.fr\/wp-content\/uploads\/2021\/03\/Table_aspirante_360-150x150.png\" alt=\"360&#xB0; imemislaud\" class=\"wp-image-4952\"\/><\/a><figcaption class=\"wp-element-caption\">360\u00b0 imemislaud<\/figcaption><\/figure>\n<\/div>\n\n\n\n<div class=\"wp-block-column is-layout-flow wp-block-column-is-layout-flow\">\n<figure class=\"wp-block-image aligncenter size-thumbnail is-resized\"><a href=\"https:\/\/obera.fr\/produits\/tables-aspirantes\/table-aspirante-a-at\/\"><img decoding=\"async\" width=\"150\" height=\"150\" src=\"https:\/\/obera.fr\/wp-content\/uploads\/2020\/10\/table-SF-150x150.png\" alt=\"imemislauad\" class=\"wp-image-1179\" srcset=\"https:\/\/obera.fr\/wp-content\/uploads\/2020\/10\/table-SF-150x150.png 150w, https:\/\/obera.fr\/wp-content\/uploads\/2020\/10\/table-SF-300x300.png 300w, https:\/\/obera.fr\/wp-content\/uploads\/2020\/10\/table-SF.png 433w\" sizes=\"(max-width: 150px) 100vw, 150px\" \/><\/a><figcaption class=\"wp-element-caption\">A &amp; AT imemislaud<\/figcaption><\/figure>\n<\/div>\n\n\n\n<div class=\"wp-block-column is-layout-flow wp-block-column-is-layout-flow\">\n<figure class=\"wp-block-image aligncenter size-thumbnail\"><img decoding=\"async\" width=\"150\" height=\"150\" src=\"https:\/\/obera.fr\/wp-content\/uploads\/2024\/05\/epurbox-tsp-150x150.png\" alt=\"epurbox tsp\" class=\"wp-image-30348\" srcset=\"https:\/\/obera.fr\/wp-content\/uploads\/2024\/05\/epurbox-tsp-150x150.png 150w, https:\/\/obera.fr\/wp-content\/uploads\/2024\/05\/epurbox-tsp-300x300.png 300w, https:\/\/obera.fr\/wp-content\/uploads\/2024\/05\/epurbox-tsp-1024x1024.png 1024w, https:\/\/obera.fr\/wp-content\/uploads\/2024\/05\/epurbox-tsp-768x768.png 768w, https:\/\/obera.fr\/wp-content\/uploads\/2024\/05\/epurbox-tsp.png 1200w\" sizes=\"(max-width: 150px) 100vw, 150px\" \/><figcaption class=\"wp-element-caption\">ePURBOX Atex<\/figcaption><\/figure>\n<\/div>\n<\/div>\n","protected":false},"excerpt":{"rendered":"<p>Miks valida iseseisev vaakumlaud? KUIDAS see toimib? Saastevaba keskkonna s\u00e4ilitamiseks tuleb saasteaineid sisaldavaid osakesi t\u00f5husalt \u00e4ra p\u00fc\u00fcda. T\u00e4nu \u00fchtlasele filtreerimisele altpoolt ja eestpoolt ei hinga operaator m\u00fcrgiseid aineid sisse. Pingi saab kohandada eri t\u00fc\u00fcpi platvormide ja v\u00f5rega, s\u00f5ltuvalt teostatavast t\u00f6\u00f6st, et tagada saasteainete t\u00f5hus t\u00f6\u00f6tlemine. Erinevalt tavap\u00e4rastest imemislaudadest on neil sisseehitatud imes\u00fcsteem ja neid ei ole vaja \u00fchendada \u00f5huk\u00e4itlusseadmega. Automaatne filtri puhastamine Iseseisev vaakumlaud on varustatud automaatse filtripuhastuss\u00fcsteemiga. See puhastab suru\u00f5hupaaki kasutades filtripatareid, mis muudab t\u00f6\u00f6protsessi operaatori jaoks lihtsamaks ja s\u00e4\u00e4stab aega. HEPA-filtreerimine on valikuline. Milleks? Iseseisvad vaakumlauad on ideaalne lahendus lihvimiseks, keevitamiseks, v\u00e4rvimiseks, liimide pealekandmiseks ja k\u00f5ikideks protsessideks, mis &#8230; <\/p>\n<p class=\"read-more-container\"><a title=\"Iseseisvad imemislauad\" class=\"read-more button\" href=\"https:\/\/obera.fr\/et\/produits\/tables-aspirantes\/table-autonome\/#more-50335\" aria-label=\"Read more about Iseseisvad imemislauad\">Lire la suite<\/a><\/p>\n","protected":false},"author":4,"featured_media":83738,"parent":51791,"menu_order":0,"comment_status":"closed","ping_status":"closed","template":"","meta":{"_acf_changed":false,"_seopress_robots_primary_cat":"","_seopress_titles_title":"Iseseisvad imemislauad kaitsevad operaatorit","_seopress_titles_desc":"Avastage OberA iseseisvad vaakumlauad. Need vaakumlauad ei vaja tolmukogumisseadmeid ja kaitsevad operaatorit tema t\u00f6\u00f6kohal. ","_seopress_robots_index":"","footnotes":""},"class_list":{"0":"post-50335","1":"page","2":"type-page","3":"status-publish","4":"has-post-thumbnail","6":"no-featured-image-padding","7":"resize-featured-image"},"acf":[],"_links":{"self":[{"href":"https:\/\/obera.fr\/et\/wp-json\/wp\/v2\/pages\/50335","targetHints":{"allow":["GET"]}}],"collection":[{"href":"https:\/\/obera.fr\/et\/wp-json\/wp\/v2\/pages"}],"about":[{"href":"https:\/\/obera.fr\/et\/wp-json\/wp\/v2\/types\/page"}],"author":[{"embeddable":true,"href":"https:\/\/obera.fr\/et\/wp-json\/wp\/v2\/users\/4"}],"replies":[{"embeddable":true,"href":"https:\/\/obera.fr\/et\/wp-json\/wp\/v2\/comments?post=50335"}],"version-history":[{"count":4,"href":"https:\/\/obera.fr\/et\/wp-json\/wp\/v2\/pages\/50335\/revisions"}],"predecessor-version":[{"id":117834,"href":"https:\/\/obera.fr\/et\/wp-json\/wp\/v2\/pages\/50335\/revisions\/117834"}],"up":[{"embeddable":true,"href":"https:\/\/obera.fr\/et\/wp-json\/wp\/v2\/pages\/51791"}],"wp:featuredmedia":[{"embeddable":true,"href":"https:\/\/obera.fr\/et\/wp-json\/wp\/v2\/media\/83738"}],"wp:attachment":[{"href":"https:\/\/obera.fr\/et\/wp-json\/wp\/v2\/media?parent=50335"}],"curies":[{"name":"wp","href":"https:\/\/api.w.org\/{rel}","templated":true}]}}