{"id":50557,"date":"2024-05-07T15:48:45","date_gmt":"2024-05-07T13:48:45","guid":{"rendered":"https:\/\/obera.fr\/mobiilsed-imemisseadmed\/"},"modified":"2025-11-15T17:25:13","modified_gmt":"2025-11-15T15:25:13","slug":"caissons-mobiles-aspiration","status":"publish","type":"page","link":"https:\/\/obera.fr\/et\/produits\/caissons-mobiles-aspiration\/","title":{"rendered":"Mobiilsed imemisseadmed"},"content":{"rendered":"\n\n<h2 class=\"wp-block-heading\">Mis on mobiilne imemisseade?<\/h2>\n\n<p>Mobiilne imemisseade, mida nimetatakse ka mobiilseks<strong> filtreerimisseadmeks, mobiilseks imemisseadmeks<\/strong> v\u00f5i mobiilseks filtreerimisseadmeks, on \u00fcldiselt v\u00e4ike mobiilne seade saasteainete eraldamiseks nende tekkekohas ja filtreerimiseks. See on tavaliselt varustatud seadmel <a href=\"https:\/\/obera.fr\/et\/produits\/bras-dispositifs-captation\/capot-industriel\/\">oleva kogumisvarrega<\/a> v\u00f5i toruga sisselaskeava, mis v\u00f5imaldab \u00fchendada \u00fche v\u00f5i mitu imemisvoolikut masina, kapuutsi, <strong>v\u00e4ikese imemislaua<\/strong> v\u00f5i kaugemate k\u00e4sivarrega. <\/p>\n\n<p><\/p>\n\n<div class=\"wp-block-columns is-layout-flex wp-container-core-columns-is-layout-28f84493 wp-block-columns-is-layout-flex\">\n<div class=\"wp-block-column is-layout-flow wp-block-column-is-layout-flow\" style=\"flex-basis:66.66%\">\n<p>Mobiilsed imemisseadmed koosnevad kogumisvarrest v\u00f5i torustikust, mitme astmega korpusest, k\u00fcllastusfiltritest ja <strong>tsentrifugaalventilaatorist, mis on tavaliselt \u00fchefaasiline<\/strong>. Korpused on lihtsaks liikumiseks varustatud ratastega. Kogumisseadme (k\u00e4e, laua jne.) poolt sisse imetud \u00f5hk siseneb korpusesse ja l\u00e4bib j\u00e4rjest peenema mehaanilise filtreerimise astmed, \u00fche v\u00f5i mitu molekulaarfiltreerimise astet (aktiivs\u00fcsi) ja l\u00f5puks suure t\u00f5hususega HEPA-filtreerimise astme, kui <strong>imetud toode on ohtlik ja n\u00f5uab HEPA-filtreerimist <\/strong>, et anda hoonesse puhas \u00f5hk.  <\/p>\n\n\n\n<p><\/p>\n<\/div>\n\n\n\n<div class=\"wp-block-column is-layout-flow wp-block-column-is-layout-flow\" style=\"flex-basis:33.33%\">\n<figure class=\"wp-block-image aligncenter size-large is-resized\"><img decoding=\"async\" width=\"1024\" height=\"549\" src=\"https:\/\/obera.fr\/wp-content\/uploads\/2025\/03\/charbon-actif-purple-1024x549.png\" alt=\"lilla aktiivs&#xFC;si\" class=\"wp-image-76468\" style=\"width:269px;height:auto\" srcset=\"https:\/\/obera.fr\/wp-content\/uploads\/2025\/03\/charbon-actif-purple-1024x549.png 1024w, https:\/\/obera.fr\/wp-content\/uploads\/2025\/03\/charbon-actif-purple-300x161.png 300w, https:\/\/obera.fr\/wp-content\/uploads\/2025\/03\/charbon-actif-purple-768x412.png 768w, https:\/\/obera.fr\/wp-content\/uploads\/2025\/03\/charbon-actif-purple.png 1200w\" sizes=\"(max-width: 1024px) 100vw, 1024px\" \/><\/figure>\n<\/div>\n<\/div>\n\n<p>Imemisseadmed on saadaval v\u00e4ga v\u00e4ikeste vooluhulkadega 80-300m3\/h peenimemiseks t\u00f6\u00f6kohal (liimimine, jootmine, elektroonika keevitamine, peenlihvimine v\u00f5i lihvimine jne), kuni 3000 m3\/h vooluhulkadega mitme t\u00f6\u00f6koha imemiseks \u00fche seadmega v\u00f5i suuremate t\u00f6\u00f6pindade imemiseks (imemistagused, suuremad kogumisvarred). <strong>Seadmed on tavaliselt varustatud potentsiomeetriga <\/strong>, mille abil saab reguleerida tsentrifugaalventilaatori imemisvoolu vastavalt imemisvajadusele. <\/p>\n\n<p>Mobiilseid imemisseadmeid kasutatakse selliste saasteainete nagu suitsu, tolmu, gaasiliste saasteainete, aurude, lahustite, LO\u00dc-de ja l\u00f5hnade eemaldamiseks. Kaissonp\u00f5him\u00f5te v\u00f5imaldab <strong>mitme j\u00e4rjestikuse filtreerimisetapi \u00fclesseadmist<\/strong>, et t\u00f6\u00f6delda   <\/p>\n\n<h2 class=\"wp-block-heading\" id=\"a-quelles-utilisations-conviennent-elles\">Meie valikus olevad mobiilsed imemisseadmed  <\/h2>\n\n<div style=\"height:37px\" aria-hidden=\"true\" class=\"wp-block-spacer\"><\/div>\n\n<div class=\"wp-block-columns is-layout-flex wp-container-core-columns-is-layout-28f84493 wp-block-columns-is-layout-flex\">\n<div class=\"wp-block-column is-layout-flow wp-block-column-is-layout-flow\">\n<h3 class=\"wp-block-heading has-text-align-center\">ePURBox ATEX<\/h3>\n\n\n\n<p class=\"has-text-align-center\"><strong>Modulaarsus ja mitmek\u00fclgsus<\/strong><\/p>\n\n\n\n<p class=\"has-text-align-center\">Tolmu, suitsu, aurude ja lahustite t\u00f6\u00f6tlemine.<\/p>\n\n\n\n<figure class=\"wp-block-image aligncenter size-medium is-resized\"><a href=\"https:\/\/obera.fr\/et\/produits\/caissons-mobiles-aspiration\/epurbox-atex\/#more-115628\"><img decoding=\"async\" width=\"300\" height=\"300\" src=\"https:\/\/obera.fr\/wp-content\/uploads\/2025\/10\/visuel-epurbox-brs-logo-atex-300x300.png\" alt=\"visuaal epurbox brs logo atex\" class=\"wp-image-130378\" style=\"width:315px;height:auto\" srcset=\"https:\/\/obera.fr\/wp-content\/uploads\/2025\/10\/visuel-epurbox-brs-logo-atex-300x300.png 300w, https:\/\/obera.fr\/wp-content\/uploads\/2025\/10\/visuel-epurbox-brs-logo-atex-1024x1024.png 1024w, https:\/\/obera.fr\/wp-content\/uploads\/2025\/10\/visuel-epurbox-brs-logo-atex-150x150.png 150w, https:\/\/obera.fr\/wp-content\/uploads\/2025\/10\/visuel-epurbox-brs-logo-atex-768x768.png 768w, https:\/\/obera.fr\/wp-content\/uploads\/2025\/10\/visuel-epurbox-brs-logo-atex.png 1200w\" sizes=\"(max-width: 300px) 100vw, 300px\" \/><\/a><\/figure>\n\n\n\n<p class=\"has-text-align-center\">Maksimaalne vooluhulk 1200 m3\/h &#8211; Toru- v\u00f5i varrukav\u00e4ljund<\/p>\n<\/div>\n\n\n\n<div class=\"wp-block-column is-layout-flow wp-block-column-is-layout-flow\">\n<h3 class=\"wp-block-heading has-text-align-center\">Clearbox<\/h3>\n\n\n\n<p class=\"has-text-align-center\">Suitsu, aurude ja lahustite t\u00f6\u00f6tlemine<\/p>\n\n\n\n<figure class=\"wp-block-image aligncenter size-medium is-resized\"><a href=\"https:\/\/obera.fr\/et\/produits\/caissons-mobiles-aspiration\/clearbox\/\"><img decoding=\"async\" width=\"300\" height=\"300\" src=\"https:\/\/obera.fr\/wp-content\/uploads\/2025\/10\/visuel-clearbox-brs-300x300.png\" alt=\"visuaal clearbox brs\" class=\"wp-image-129934\" style=\"object-fit:cover;width:335px;height:auto\" srcset=\"https:\/\/obera.fr\/wp-content\/uploads\/2025\/10\/visuel-clearbox-brs-300x300.png 300w, https:\/\/obera.fr\/wp-content\/uploads\/2025\/10\/visuel-clearbox-brs-1024x1024.png 1024w, https:\/\/obera.fr\/wp-content\/uploads\/2025\/10\/visuel-clearbox-brs-150x150.png 150w, https:\/\/obera.fr\/wp-content\/uploads\/2025\/10\/visuel-clearbox-brs-768x768.png 768w, https:\/\/obera.fr\/wp-content\/uploads\/2025\/10\/visuel-clearbox-brs.png 1200w\" sizes=\"(max-width: 300px) 100vw, 300px\" \/><\/a><\/figure>\n\n\n\n<p class=\"has-text-align-center\">Maksimaalne vooluhulk 2000m3\/h<\/p>\n<\/div>\n<\/div>\n\n<div style=\"height:58px\" aria-hidden=\"true\" class=\"wp-block-spacer\"><\/div>\n\n<div style=\"height:58px\" aria-hidden=\"true\" class=\"wp-block-spacer\"><\/div>\n\n<div class=\"wp-block-columns is-layout-flex wp-container-core-columns-is-layout-28f84493 wp-block-columns-is-layout-flex\">\n<div class=\"wp-block-column is-layout-flow wp-block-column-is-layout-flow\">\n<h3 class=\"wp-block-heading has-text-align-center\">ePUR EX<\/h3>\n\n\n\n<p class=\"has-text-align-center\">Suitsu, aurude ja lahustite t\u00f6\u00f6tlemine<\/p>\n\n\n\n<figure class=\"wp-block-image aligncenter size-medium is-resized\"><a href=\"https:\/\/obera.fr\/et\/produits\/depoussiereurs-industriels\/petits\/aspiration-fumees-soudage-laser-epur-b-ex\/\"><img decoding=\"async\" width=\"300\" height=\"300\" src=\"https:\/\/obera.fr\/wp-content\/uploads\/2023\/10\/epurb-ex-1000-3000-5000-300x300.png\" alt=\"oberA epur b ex 1000 3000 5000\" class=\"wp-image-25016\" style=\"object-fit:cover\" srcset=\"https:\/\/obera.fr\/wp-content\/uploads\/2023\/10\/epurb-ex-1000-3000-5000-300x300.png 300w, https:\/\/obera.fr\/wp-content\/uploads\/2023\/10\/epurb-ex-1000-3000-5000-150x150.png 150w, https:\/\/obera.fr\/wp-content\/uploads\/2023\/10\/epurb-ex-1000-3000-5000.png 600w\" sizes=\"(max-width: 300px) 100vw, 300px\" \/><\/a><\/figure>\n\n\n\n<p class=\"has-text-align-center\">Maksimaalne vooluhulk 350 &#8211; 2800 m3\/h<\/p>\n<\/div>\n\n\n\n<div class=\"wp-block-column is-layout-flow wp-block-column-is-layout-flow\">\n<h3 class=\"wp-block-heading has-text-align-center\">Jumbo<\/h3>\n\n\n\n<p class=\"has-text-align-center\">Suitsu, aurude ja lahustite t\u00f6\u00f6tlemine<\/p>\n\n\n\n<figure class=\"wp-block-image aligncenter size-full is-resized\"><a href=\"https:\/\/obera.fr\/et\/produits\/depoussiereurs-industriels\/petits\/jumbo\/\"><img decoding=\"async\" width=\"500\" height=\"500\" src=\"https:\/\/obera.fr\/wp-content\/uploads\/2020\/10\/jumbo.png\" alt=\"Jumbo\" class=\"wp-image-1171\" style=\"width:302px;height:auto\" srcset=\"https:\/\/obera.fr\/wp-content\/uploads\/2020\/10\/jumbo.png 500w, https:\/\/obera.fr\/wp-content\/uploads\/2020\/10\/jumbo-300x300.png 300w, https:\/\/obera.fr\/wp-content\/uploads\/2020\/10\/jumbo-150x150.png 150w\" sizes=\"(max-width: 500px) 100vw, 500px\" \/><\/a><\/figure>\n\n\n\n<p class=\"has-text-align-center\">Maksimaalne vooluhulk 170 m3\/h<\/p>\n<\/div>\n<\/div>\n\n<div style=\"height:58px\" aria-hidden=\"true\" class=\"wp-block-spacer\"><\/div>\n\n<div class=\"wp-block-columns is-layout-flex wp-container-core-columns-is-layout-28f84493 wp-block-columns-is-layout-flex\">\n<div class=\"wp-block-column is-layout-flow wp-block-column-is-layout-flow\">\n<h3 class=\"wp-block-heading has-text-align-center\">ePUR010 CA<\/h3>\n\n\n\n<p class=\"has-text-align-center\">Suitsu, aurude ja lahustite t\u00f6\u00f6tlemine<\/p>\n\n\n\n<figure class=\"wp-block-image aligncenter size-medium is-resized\"><a href=\"https:\/\/obera.fr\/produits\/traitement-cov\/filtre-anti-poussiere-epur010-b-ca\/\"><img decoding=\"async\" width=\"221\" height=\"300\" src=\"https:\/\/obera.fr\/wp-content\/uploads\/2022\/02\/EPUR010-B-CA-221x300.png\" alt=\"epur010 b ca\" class=\"wp-image-8919\" style=\"object-fit:cover;width:239px;height:auto\" srcset=\"https:\/\/obera.fr\/wp-content\/uploads\/2022\/02\/EPUR010-B-CA-221x300.png 221w, https:\/\/obera.fr\/wp-content\/uploads\/2022\/02\/EPUR010-B-CA-753x1024.png 753w, https:\/\/obera.fr\/wp-content\/uploads\/2022\/02\/EPUR010-B-CA-768x1044.png 768w, https:\/\/obera.fr\/wp-content\/uploads\/2022\/02\/EPUR010-B-CA-1130x1536.png 1130w, https:\/\/obera.fr\/wp-content\/uploads\/2022\/02\/EPUR010-B-CA-1507x2048.png 1507w, https:\/\/obera.fr\/wp-content\/uploads\/2022\/02\/EPUR010-B-CA.png 1788w\" sizes=\"(max-width: 221px) 100vw, 221px\" \/><\/a><\/figure>\n\n\n\n<p class=\"has-text-align-center\">Maksimaalne vooluhulk 150 m3\/h<\/p>\n<\/div>\n<\/div>\n\n<p class=\"has-text-align-center\"><\/p>\n\n<p><\/p>\n\n<div class=\"wp-block-buttons is-horizontal is-content-justification-center is-layout-flex wp-container-core-buttons-is-layout-03627597 wp-block-buttons-is-layout-flex\">\n<div class=\"wp-block-button has-custom-width wp-block-button__width-100\"><a class=\"wp-block-button__link wp-element-button\" href=\"https:\/\/obera.fr\/et\/votke-meiega-uhendust\/\">Lisateavet<\/a><\/div>\n<\/div>\n\n<h2 class=\"wp-block-heading\">Miks kasutada mobiilset imemisseadet?<\/h2>\n\n<p>Mobiilset imiboksi kasutatakse tavaliselt <strong>saasteainete p\u00fc\u00fcdmiseks t\u00f6\u00f6kohal<\/strong>. Mobiilset filtrikasti saab h\u00f5lpsasti \u00fchest t\u00f6\u00f6kohast teise liigutada. Lisaks sellele, kui kliendil ei ole l\u00e4hedal asuvat v\u00e4ljat\u00f5mbev\u00f5rku, on mobiilset v\u00e4ljat\u00f5mbeplokki lihtsam paigutada kui tsentraalse v\u00e4ljat\u00f5mbes\u00fcsteemi toruv\u00f5rku. Samamoodi on sageli raske<strong>saasteainet v\u00e4ljapoole evakueerida<\/strong>, mist\u00f5ttu mobiilne korpus p\u00fc\u00fcab toote kinni seal, kus see tekib, filtreerib selle ja juhatab t\u00f6\u00f6deldud \u00f5hu ise v\u00e4lja. Filtreerimine peaks olema kohandatud vastavalt saasteainetele ning eelk\u00f5ige tuleks valida HEPA H13 v\u00f5i H14 k\u00f5rgt\u00f5husat filtreerimist, kui on vaja filtreerida CMR-\u00fchendeid. Enamik mobiilseid filtreerimisseadmeid saab<strong> varustada<\/strong> puhta<strong> \u00f5hu v\u00e4ljalaskeavadega<\/strong>, kui klient soovib puhastatud \u00f5hku v\u00e4ljutada v\u00e4ljapoole.     <\/p>\n\n<h2 class=\"wp-block-heading\">Milliseid rakendusi h\u00f5lmavad mobiilsed filtreerimisseadmed?<\/h2>\n\n<div class=\"wp-block-columns is-layout-flex wp-container-core-columns-is-layout-28f84493 wp-block-columns-is-layout-flex\">\n<div class=\"wp-block-column is-layout-flow wp-block-column-is-layout-flow\" style=\"flex-basis:33.33%\">\n<figure class=\"wp-block-image aligncenter size-large is-resized\"><img decoding=\"async\" width=\"1024\" height=\"1024\" src=\"https:\/\/obera.fr\/wp-content\/uploads\/2025\/03\/2-1024x1024.png\" alt=\"OberA lahendus\" class=\"wp-image-77618\" style=\"width:271px;height:auto\" srcset=\"https:\/\/obera.fr\/wp-content\/uploads\/2025\/03\/2-1024x1024.png 1024w, https:\/\/obera.fr\/wp-content\/uploads\/2025\/03\/2-300x300.png 300w, https:\/\/obera.fr\/wp-content\/uploads\/2025\/03\/2-150x150.png 150w, https:\/\/obera.fr\/wp-content\/uploads\/2025\/03\/2-768x768.png 768w, https:\/\/obera.fr\/wp-content\/uploads\/2025\/03\/2.png 1200w\" sizes=\"(max-width: 1024px) 100vw, 1024px\" \/><\/figure>\n<\/div>\n\n\n\n<div class=\"wp-block-column is-layout-flow wp-block-column-is-layout-flow\" style=\"flex-basis:66.66%\">\n<ul class=\"wp-block-list\">\n<li><strong>Mobiilseid ekstraheerimisseadmeid <\/strong>kasutatakse \u00fcldiselt j\u00e4rgmistes rakendustes:<\/li>\n\n\n\n<li>Jootmine, jootmine, elektroonikat\u00f6\u00f6stus<\/li>\n\n\n\n<li>Laboratooriumid, vedelate, vaigu v\u00f5i pulbriliste kemikaalide k\u00e4itlemine, doseerimine ja dekanteerimine<\/li>\n\n\n\n<li>Ehted<\/li>\n\n\n\n<li>Lasermasin (kartongi, plasti, &#8230;.)<\/li>\n\n\n\n<li>Lisanditootmine (3D masin jne)<\/li>\n\n\n\n<li><strong>Liimimisjaamad<\/strong><\/li>\n\n\n\n<li>Osade puhastamine ja rasvatustamine ;<\/li>\n\n\n\n<li>Kunstiteoste restaureerimine, vernissage<\/li>\n\n\n\n<li>V\u00e4ikeste metall-, komposiit- v\u00f5i plastmassist detailide <strong>lihvimine, lihvimine, eemaldamine, poleerimine ja<\/strong> kammide eemaldamine.<\/li>\n<\/ul>\n<\/div>\n<\/div>\n\n<h2 class=\"wp-block-heading\">Kuidas ma valin oma mobiilse imemisseadme?<\/h2>\n\n<p><strong>\u00d5ige v\u00e4ljat\u00f5mbeseade valimiseks<\/strong> peate k\u00f5igepealt kindlaks tegema, millist t\u00fc\u00fcpi saasteaineid tuleb t\u00f6\u00f6delda. Kui tegemist on ainult tolmu v\u00f5i suitsuga, piisab mehaanilisest filtreerimisastmest. Kui on vaja t\u00f6\u00f6delda auru, lahusteid v\u00f5i LO\u00dcsid, tuleks kasutada aktiivs\u00f6efiltreid. \u00dcha sagedamini tekitavad protsessid m\u00f5lemat, kuna <g id=\"gid_1\">materjali<\/g> kuumutamine <g id=\"gid_1\">aurustab materjalid ja eraldab saasteaineid<\/g> aurude (tahked ained) ja gaaside (tavaliselt LO\u00dc-d) kujul. Sellistel juhtudel on vaja kombineerida tahkete osakeste filtreerimise astmeid (mehaanilised filtrid) ja molekulaarfiltreerimise astmeid (aktiivs\u00f6e).    <\/p>\n\n<p>Veelgi enam, kui saasteained on m\u00fcrgised, peate valima sobiva HEPA-filtri. Kui seade peab eemaldama plahvatusohtlikke tolmu v\u00f5i gaase, tuleb valida <strong>riskidele kohandatud ATEX-seade<\/strong>. <\/p>\n\n<p>Seadme valikul on ilmselgelt m\u00e4\u00e4ravaks teguriks imivoolukiirus. Me saame teid aidata selle m\u00e4\u00e4ramisel. <\/p>\n\n<h2 class=\"wp-block-heading\">Kasutus- ja hoolduskulud<\/h2>\n\n<p><strong>Mobiilsed v\u00e4ljat\u00f5mbeseadmed<\/strong> on varustatud k\u00fcllastusfiltritega. S\u00f5ltuvalt t\u00f6\u00f6deldava tolmu ja suitsu osakeste suurusest tuleb valida \u00f5ige filtrite kombinatsioon. <\/p>\n\n<p>Mida t\u00f5husamad on filtrid, seda kallimad on need. Seet\u00f5ttu on eesm\u00e4rk k\u00fcllastada<strong> \u00fclemisi astmeid<\/strong> v\u00f5imalikult palju,<strong> et s\u00e4ilitada<\/strong> k\u00f5ige t\u00e4psemad<strong> filtrid<\/strong>. V\u00f5imaluse korral tuleks suurendada eelfiltreerimisastmeid (nt G4, M6, F9&#8230;, et kaitsta k\u00f5rgtehnoloogilisi HEPA-filtreid H13 v\u00f5i H14). Filtrite kasutusiga s\u00f5ltub saasteainete kogusest, kasutusajast ja saasteainete osakeste suurusjaotusest. M\u00f5nel juhul on v\u00f5imalik m\u00f5\u00f5tmine, et valida \u00f5iged filtreerimisastmed.    <\/p>\n","protected":false},"excerpt":{"rendered":"<p>Mis on mobiilne imemisseade? Mobiilne imemisseade, mida nimetatakse ka mobiilseks filtreerimisseadmeks, mobiilseks imemisseadmeks v\u00f5i mobiilseks filtreerimisseadmeks, on \u00fcldiselt v\u00e4ike mobiilne seade saasteainete eraldamiseks nende tekkekohas ja filtreerimiseks. See on tavaliselt varustatud seadmel oleva kogumisvarrega v\u00f5i toruga sisselaskeava, mis v\u00f5imaldab \u00fchendada \u00fche v\u00f5i mitu imemisvoolikut masina, kapuutsi, v\u00e4ikese imemislaua v\u00f5i kaugemate k\u00e4sivarrega. Mobiilsed imemisseadmed koosnevad kogumisvarrest v\u00f5i torustikust, mitme astmega korpusest, k\u00fcllastusfiltritest ja tsentrifugaalventilaatorist, mis on tavaliselt \u00fchefaasiline. Korpused on lihtsaks liikumiseks varustatud ratastega. Kogumisseadme (k\u00e4e, laua jne.) poolt sisse imetud \u00f5hk siseneb korpusesse ja l\u00e4bib j\u00e4rjest peenema mehaanilise filtreerimise astmed, \u00fche v\u00f5i mitu molekulaarfiltreerimise astet (aktiivs\u00fcsi) ja l\u00f5puks suure t\u00f5hususega &#8230; <\/p>\n<p class=\"read-more-container\"><a title=\"Mobiilsed imemisseadmed\" class=\"read-more button\" href=\"https:\/\/obera.fr\/et\/produits\/caissons-mobiles-aspiration\/#more-50557\" aria-label=\"Read more about Mobiilsed imemisseadmed\">Lire la suite<\/a><\/p>\n","protected":false},"author":4,"featured_media":83738,"parent":51915,"menu_order":0,"comment_status":"closed","ping_status":"closed","template":"","meta":{"_acf_changed":false,"_seopress_robots_primary_cat":"","_seopress_titles_title":"oberA mobiilsed imemisseadmed","_seopress_titles_desc":"Meie mobiilsete imemisseadmete valik: ePURBox: modulaarsus ja mitmek\u00fclgsus, ePUR010 B CA, Jumbo ja EPUR B EX.","_seopress_robots_index":"","footnotes":""},"class_list":{"0":"post-50557","1":"page","2":"type-page","3":"status-publish","4":"has-post-thumbnail","6":"no-featured-image-padding","7":"resize-featured-image"},"acf":[],"_links":{"self":[{"href":"https:\/\/obera.fr\/et\/wp-json\/wp\/v2\/pages\/50557","targetHints":{"allow":["GET"]}}],"collection":[{"href":"https:\/\/obera.fr\/et\/wp-json\/wp\/v2\/pages"}],"about":[{"href":"https:\/\/obera.fr\/et\/wp-json\/wp\/v2\/types\/page"}],"author":[{"embeddable":true,"href":"https:\/\/obera.fr\/et\/wp-json\/wp\/v2\/users\/4"}],"replies":[{"embeddable":true,"href":"https:\/\/obera.fr\/et\/wp-json\/wp\/v2\/comments?post=50557"}],"version-history":[{"count":19,"href":"https:\/\/obera.fr\/et\/wp-json\/wp\/v2\/pages\/50557\/revisions"}],"predecessor-version":[{"id":132929,"href":"https:\/\/obera.fr\/et\/wp-json\/wp\/v2\/pages\/50557\/revisions\/132929"}],"up":[{"embeddable":true,"href":"https:\/\/obera.fr\/et\/wp-json\/wp\/v2\/pages\/51915"}],"wp:featuredmedia":[{"embeddable":true,"href":"https:\/\/obera.fr\/et\/wp-json\/wp\/v2\/media\/83738"}],"wp:attachment":[{"href":"https:\/\/obera.fr\/et\/wp-json\/wp\/v2\/media?parent=50557"}],"curies":[{"name":"wp","href":"https:\/\/api.w.org\/{rel}","templated":true}]}}