{"id":50604,"date":"2024-05-07T09:40:58","date_gmt":"2024-05-07T07:40:58","guid":{"rendered":"https:\/\/obera.fr\/mobiilsed-imemisseadmed\/epurbox-tsp-mobiilne-tabel\/"},"modified":"2025-06-30T14:00:34","modified_gmt":"2025-06-30T12:00:34","slug":"epurbox-tsp","status":"publish","type":"page","link":"https:\/\/obera.fr\/et\/produits\/caissons-mobiles-aspiration\/epurbox-tsp\/","title":{"rendered":"EpurBox TSP"},"content":{"rendered":"\n<div class=\"wp-block-columns is-layout-flex wp-container-core-columns-is-layout-28f84493 wp-block-columns-is-layout-flex\">\n<div class=\"wp-block-column is-vertically-aligned-top is-layout-flow wp-block-column-is-layout-flow\" style=\"flex-basis:33.33%\">\n<figure class=\"wp-block-image aligncenter size-full is-resized\"><img decoding=\"async\" width=\"1200\" height=\"1200\" src=\"https:\/\/obera.fr\/wp-content\/uploads\/2024\/05\/epurbox-tsp.png\" alt=\"epurbox tsp imemislaud\" class=\"wp-image-30348\" style=\"width:296px;height:346px\" srcset=\"https:\/\/obera.fr\/wp-content\/uploads\/2024\/05\/epurbox-tsp.png 1200w, https:\/\/obera.fr\/wp-content\/uploads\/2024\/05\/epurbox-tsp-300x300.png 300w, https:\/\/obera.fr\/wp-content\/uploads\/2024\/05\/epurbox-tsp-1024x1024.png 1024w, https:\/\/obera.fr\/wp-content\/uploads\/2024\/05\/epurbox-tsp-150x150.png 150w, https:\/\/obera.fr\/wp-content\/uploads\/2024\/05\/epurbox-tsp-768x768.png 768w\" sizes=\"(max-width: 1200px) 100vw, 1200px\" \/><figcaption class=\"wp-element-caption\">ePURbox TSP<\/figcaption><\/figure>\n<\/div>\n\n\n\n<div class=\"wp-block-column is-layout-flow wp-block-column-is-layout-flow\" style=\"flex-basis:66.66%\">\n<p><strong>ePURBOXi imemislaud<\/strong> on otse ePURBOXi seadmesse integreeritud. Sellel on oma filtreerimiss\u00fcsteem ja ventilaator l\u00f5hnade ja lenduvate orgaaniliste \u00fchendite t\u00f6\u00f6tlemiseks. Tagaseina kattekate tagab v\u00e4ga t\u00f5husa imemise ja saasteainete p\u00fc\u00fcdmise kogu imemislaua pinnal.  <\/p>\n\n\n\n<p>J\u00e4medad osakesed filtreeritakse eelnevalt integreeritud eelfilteriga (G4), et pikendada aktiivs\u00f6ekassettide kasutusiga.<\/p>\n\n\n\n<p>K\u00fclgmiste seinte kattekihid tagavad v\u00e4ga hea l\u00f5hnade kinnip\u00fc\u00fcdmise laua pinnal. L\u00f5puks filtreeritakse protsessi\u00f5hk aktiivs\u00f6e (t\u00fc\u00fcp A) abil ja seda saab uuesti t\u00f6\u00f6ruumi juhtida. <\/p>\n\n\n\n<hr class=\"wp-block-separator has-css-opacity is-style-dots\"\/>\n\n\n\n<div class=\"wp-block-columns is-layout-flex wp-container-core-columns-is-layout-28f84493 wp-block-columns-is-layout-flex\">\n<div class=\"wp-block-column is-layout-flow wp-block-column-is-layout-flow\" style=\"flex-basis:33.33%\">\n<div class=\"wp-block-buttons is-layout-flex wp-block-buttons-is-layout-flex\">\n<div class=\"wp-block-button\"><a class=\"wp-block-button__link wp-element-button\" href=\"https:\/\/obera.fr\/wp-content\/uploads\/2025\/04\/brochure-epurbox-tsp-atex-fr.pdf\">LAE ALLA BRO\u0160\u00dc\u00dcR<\/a><\/div>\n<\/div>\n<\/div>\n\n\n\n<div class=\"wp-block-column is-layout-flow wp-block-column-is-layout-flow\" style=\"flex-basis:33.34%\">\n<div class=\"wp-block-buttons is-horizontal is-content-justification-center is-layout-flex wp-container-core-buttons-is-layout-03627597 wp-block-buttons-is-layout-flex\">\n<div class=\"wp-block-button has-custom-width wp-block-button__width-100\"><a class=\"wp-block-button__link wp-element-button\" href=\"https:\/\/obera.fr\/et\/votke-meiega-uhendust\/\">Lisateavet<\/a><\/div>\n<\/div>\n<\/div>\n\n\n\n<div class=\"wp-block-column is-layout-flow wp-block-column-is-layout-flow\" style=\"flex-basis:33.34%\">\n<div class=\"wp-block-buttons is-content-justification-center is-layout-flex wp-container-core-buttons-is-layout-a89b3969 wp-block-buttons-is-layout-flex\">\n<div class=\"wp-block-button btn-devis-source\"><a class=\"wp-block-button__link wp-element-button\" href=\"https:\/\/obera.fr\/et\/devis\/\">Taotlege hinnapakkumist<\/a><\/div>\n<\/div>\n\n\n<script>\r\ndocument.addEventListener('DOMContentLoaded', function() {\r\n    \/\/ 1. On cherche le titre H1 de la page\r\n    var h1 = document.querySelector('h1');\r\n    var productTitle = h1 ? h1.innerText.trim() : \"\";\r\n\r\n    \/\/ 2. On cherche les boutons via la classe CSS .btn-devis-source\r\n    var buttons = document.querySelectorAll('.btn-devis-source a');\r\n\r\n    \/\/ 3. Si on a le titre et les boutons, on ajoute le param\u00e8tre\r\n    if (buttons.length > 0 && productTitle !== \"\") {\r\n        var encodedTitle = encodeURIComponent(productTitle);\r\n\r\n        buttons.forEach(function(btn) {\r\n            var currentHref = btn.getAttribute('href');\r\n            \r\n            \/\/ S\u00e9curit\u00e9 pour ne pas ajouter le param\u00e8tre 2 fois\r\n            if (currentHref.indexOf('sujet=') === -1) {\r\n                var separator = currentHref.indexOf('?') !== -1 ? '&' : '?';\r\n                var newLink = currentHref + separator + 'sujet=' + encodedTitle;\r\n                \r\n                btn.setAttribute('href', newLink);\r\n            }\r\n        });\r\n    }\r\n});\r\n<\/script><\/div>\n<\/div>\n\n\n\n<div style=\"height:45px\" aria-hidden=\"true\" class=\"wp-block-spacer\"><\/div>\n<\/div>\n<\/div>\n\n<div class=\"wp-block-columns is-layout-flex wp-container-core-columns-is-layout-28f84493 wp-block-columns-is-layout-flex\">\n<div class=\"wp-block-column is-layout-flow wp-block-column-is-layout-flow\" style=\"flex-basis:33.34%\">\n<h3 class=\"wp-block-heading\">Eelised<\/h3>\n\n\n\n<ul class=\"wp-block-list\">\n<li>V\u00e4ga suure kasuteguriga ventilaator<\/li>\n\n\n\n<li>Summuti<\/li>\n\n\n\n<li>Mobiilne, kerge, kergesti k\u00e4sitsetav<\/li>\n\n\n\n<li>V\u00e4ike jalaj\u00e4lg<\/li>\n\n\n\n<li>Lihtne filtri hooldus<\/li>\n\n\n\n<li>Vooluhulk reguleeritav vahemikus 0-100%.<\/li>\n\n\n\n<li>Plug &amp; Play s\u00fcsteem<\/li>\n<\/ul>\n<\/div>\n\n\n\n<div class=\"wp-block-column is-layout-flow wp-block-column-is-layout-flow\" style=\"flex-basis:33.34%\">\n<h3 class=\"wp-block-heading\">Eriomadused<\/h3>\n\n\n\n<ul class=\"wp-block-list\">\n<li>Lihtne filtrimaterjali vahetus<\/li>\n\n\n\n<li>T\u00e4iendatav ja konfigureeritav<\/li>\n\n\n\n<li>Atex 2 gaas \/ Atex 22 tolm<\/li>\n\n\n\n<li>K\u00f5rge adsorptsiooniv\u00f5ime<\/li>\n\n\n\n<li>Tundide arvesti<\/li>\n\n\n\n<li>M\u00e4\u00e4rdunud filtri indikaator<\/li>\n\n\n\n<li>220V<\/li>\n<\/ul>\n<\/div>\n\n\n\n<div class=\"wp-block-column is-layout-flow wp-block-column-is-layout-flow\" style=\"flex-basis:33.33%\">\n<h3 class=\"wp-block-heading\">Omadused<\/h3>\n\n\n\n<ul class=\"wp-block-list\">\n<li>Maksimaalne vooluhulk 1200 m3\/h<\/li>\n\n\n\n<li>sisselaskeava l\u00e4bim\u00f5\u00f5t 140 mm<\/li>\n\n\n\n<li>Maksimaalne vaakum 1350 Pa<\/li>\n\n\n\n<li>V\u00f5imsus 0,75 kW<\/li>\n\n\n\n<li>15 kg aktiivs\u00f6efilter<\/li>\n\n\n\n<li>M\u00f5\u00f5tmed: 700 x 710 x 1060 mm<\/li>\n\n\n\n<li>Kaal 90 kg<\/li>\n\n\n\n<li>M\u00fcratase 68 db<\/li>\n<\/ul>\n<\/div>\n<\/div>\n\n<h3 class=\"wp-block-heading\">Eelised<\/h3>\n\n<p>ePURBOXi v\u00e4ljat\u00f5mbelaua on kavandatud <strong>mobiilseks kasutamiseks ja sobib pidevaks t\u00f6\u00f6ks<\/strong>. T\u00e4nu selle tugevale konstruktsioonile on ekstraheerimislaud kompaktne ja h\u00f5lpsasti k\u00e4sitsetav. Protsessi k\u00e4igus kogutud j\u00e4\u00e4tmete lihtsaks ja puhtaks k\u00f5rvaldamiseks on resti all sahtli. EC-tehnoloogia tagab<strong> vaikse <\/strong>ja \u00f6konoomse<strong> t\u00f6\u00f6 <\/strong>.   <\/p>\n\n<h3 class=\"wp-block-heading\">Eriomadused<\/h3>\n\n<p>ePURBOXi imemislaual on pidev \u00f5huvoolu reguleerimise nupp. <strong>Saate \u00f5huvoolu k\u00e4sitsi reguleerida <\/strong>vastavalt vajadusele, kasutades <strong>p\u00f6\u00f6rlevat nuppu <\/strong>. Samuti on olemas t\u00f6\u00f6tundide loendur, et te teaksite, kui kaua on n\u00e4iteks filtrid sees olnud, et te teaksite, millal neid vahetada.  <\/p>\n\n<h3 class=\"wp-block-heading\">Omadused<\/h3>\n\n<p><strong> ePURBOXi imemislaua<\/strong> konstruktsioonis kasutatud materjalid muudavad selle vastupidavaks ja kergesti k\u00e4sitsetavaks. Selle liikuvus ja m\u00f5\u00f5tmed muudavad selle laua t\u00f5husaks t\u00f6\u00f6lauaks. <\/p>\n\n<h3 class=\"wp-block-heading\">Milliseid saasteaineid saab ePURBOXi tabeliga t\u00f6\u00f6delda?<\/h3>\n\n<p>ePURBOX TSP imemislaud on efektiivne .<\/p>\n\n<ul class=\"wp-block-list\">\n<li>Lihvimisel ja lihvimisel tekkivad osakesed.<\/li>\n\n\n\n<li>Peen ja \u00fclipeen tolm ;<\/li>\n\n\n\n<li>Metallsuitsud ;<\/li>\n\n\n\n<li>Kahjulikud gaasid ja aurud ;<\/li>\n<\/ul>\n\n<p><\/p>\n\n<div class=\"wp-block-columns is-layout-flex wp-container-core-columns-is-layout-28f84493 wp-block-columns-is-layout-flex\">\n<div class=\"wp-block-column is-layout-flow wp-block-column-is-layout-flow\" style=\"flex-basis:25%\"><\/div>\n\n\n\n<div class=\"wp-block-column is-layout-flow wp-block-column-is-layout-flow\" style=\"flex-basis:50%\">\n<figure class=\"wp-block-embed is-type-video is-provider-youtube wp-block-embed-youtube wp-embed-aspect-16-9 wp-has-aspect-ratio\"><div class=\"wp-block-embed__wrapper\">\n<iframe title=\"Caisson mobile d&#039;aspiration - ePURbox Atex - OberA\" width=\"1200\" height=\"675\" src=\"https:\/\/www.youtube.com\/embed\/vpDttbOwJGQ?start=1&#038;feature=oembed\" frameborder=\"0\" allow=\"accelerometer; autoplay; clipboard-write; encrypted-media; gyroscope; picture-in-picture; web-share\" referrerpolicy=\"strict-origin-when-cross-origin\" allowfullscreen><\/iframe>\n<\/div><\/figure>\n\n\n\n<p><\/p>\n<\/div>\n\n\n\n<div class=\"wp-block-column is-layout-flow wp-block-column-is-layout-flow\" style=\"flex-basis:25%\"><\/div>\n<\/div>\n\n<h2 class=\"wp-block-heading\">ATEXi imemislaudade t\u00f6\u00f6stuslikud rakendused<\/h2>\n\n<div class=\"wp-block-columns is-layout-flex wp-container-core-columns-is-layout-28f84493 wp-block-columns-is-layout-flex\">\n<div class=\"wp-block-column is-layout-flow wp-block-column-is-layout-flow\">\n<h3 class=\"wp-block-heading has-text-align-center\">Saasteained<\/h3>\n\n\n\n<div class=\"wp-block-columns is-layout-flex wp-container-core-columns-is-layout-28f84493 wp-block-columns-is-layout-flex\">\n<div class=\"wp-block-column is-layout-flow wp-block-column-is-layout-flow\">\n<figure class=\"wp-block-image aligncenter size-large\"><img decoding=\"async\" width=\"70\" height=\"70\" src=\"https:\/\/obera.fr\/wp-content\/uploads\/2021\/03\/industrie-fumees.jpg\" alt=\"t&#xF6;&#xF6;stushapnikud\" class=\"wp-image-4971\"\/><figcaption class=\"wp-element-caption\">Aurud<\/figcaption><\/figure>\n\n\n\n<figure class=\"wp-block-image aligncenter size-large\"><img decoding=\"async\" width=\"70\" height=\"70\" src=\"https:\/\/obera.fr\/wp-content\/uploads\/2021\/03\/industrie-odeur-2.jpg\" alt=\"l&#xF5;hnat&#xF6;&#xF6;stus 2\" class=\"wp-image-4972\"\/><figcaption class=\"wp-element-caption\">L\u00f5hnad<\/figcaption><\/figure>\n<\/div>\n\n\n\n<div class=\"wp-block-column is-layout-flow wp-block-column-is-layout-flow\">\n<figure class=\"wp-block-image aligncenter size-large\"><img decoding=\"async\" width=\"70\" height=\"70\" src=\"https:\/\/obera.fr\/wp-content\/uploads\/2021\/03\/polluants-poussieres-1.jpg\" alt=\"tolmu saasteained 1\" class=\"wp-image-4969\"\/><figcaption class=\"wp-element-caption\">Tolm<\/figcaption><\/figure>\n<\/div>\n<\/div>\n\n\n\n<p><\/p>\n<\/div>\n\n\n\n<div class=\"wp-block-column is-layout-flow wp-block-column-is-layout-flow\">\n<h3 class=\"wp-block-heading has-text-align-center\">t\u00f6\u00f6stusharud<\/h3>\n\n\n\n<div class=\"wp-block-columns is-layout-flex wp-container-core-columns-is-layout-28f84493 wp-block-columns-is-layout-flex\">\n<div class=\"wp-block-column is-layout-flow wp-block-column-is-layout-flow\">\n<figure class=\"wp-block-image aligncenter size-large\"><img decoding=\"async\" width=\"70\" height=\"70\" src=\"https:\/\/obera.fr\/wp-content\/uploads\/2021\/03\/industrie-metallurgie-1.jpg\" alt=\"metallurgiat&#xF6;&#xF6;stus 1\" class=\"wp-image-4975\"\/><figcaption class=\"wp-element-caption\">Metallurgia<\/figcaption><\/figure>\n\n\n\n<figure class=\"wp-block-image aligncenter size-large\"><img decoding=\"async\" width=\"70\" height=\"70\" src=\"https:\/\/obera.fr\/wp-content\/uploads\/2021\/03\/industrie-textile.jpg\" alt=\"tekstiilit&#xF6;&#xF6;stus\" class=\"wp-image-4980\"\/><figcaption class=\"wp-element-caption\">Tekstiilid<\/figcaption><\/figure>\n\n\n\n<figure class=\"wp-block-image aligncenter size-large\"><img decoding=\"async\" width=\"70\" height=\"70\" src=\"https:\/\/obera.fr\/wp-content\/uploads\/2021\/03\/industrie-chimie-1.jpg\" alt=\"keemiat&#xF6;&#xF6;stus 1\" class=\"wp-image-4981\"\/><figcaption class=\"wp-element-caption\">Keemia<\/figcaption><\/figure>\n\n\n\n<figure class=\"wp-block-image aligncenter size-large\"><img decoding=\"async\" width=\"70\" height=\"70\" src=\"https:\/\/obera.fr\/wp-content\/uploads\/2021\/03\/industrie-minerai.jpg\" alt=\"mineraalide t&#xF6;&#xF6;stus\" class=\"wp-image-4977\"\/><figcaption class=\"wp-element-caption\">Mineraalid<\/figcaption><\/figure>\n<\/div>\n\n\n\n<div class=\"wp-block-column is-layout-flow wp-block-column-is-layout-flow\">\n<figure class=\"wp-block-image aligncenter size-large\"><img decoding=\"async\" width=\"70\" height=\"70\" src=\"https:\/\/obera.fr\/wp-content\/uploads\/2020\/08\/industrie-bois.jpg\" alt=\"PARAMEDIINIKUMITEADUSE JA JUHTIMISE INSTITUUT - Juhtimine\" class=\"wp-image-672\"\/><figcaption class=\"wp-element-caption\">Puidut\u00f6\u00f6tlemine<\/figcaption><\/figure>\n\n\n\n<figure class=\"wp-block-image aligncenter size-large\"><img decoding=\"async\" width=\"70\" height=\"70\" src=\"https:\/\/obera.fr\/wp-content\/uploads\/2021\/03\/industrie-plastique.jpg\" alt=\"plastit&#xF6;&#xF6;stus\" class=\"wp-image-4976\"\/><figcaption class=\"wp-element-caption\">Plastid<\/figcaption><\/figure>\n\n\n\n<figure class=\"wp-block-image aligncenter size-large\"><img decoding=\"async\" width=\"70\" height=\"70\" src=\"https:\/\/obera.fr\/wp-content\/uploads\/2021\/03\/industrie-papier-carton.jpg\" alt=\"paberi- ja papit&#xF6;&#xF6;stus\" class=\"wp-image-4982\"\/><figcaption class=\"wp-element-caption\">Paber\/papp<\/figcaption><\/figure>\n\n\n\n<figure class=\"wp-block-image aligncenter size-large\"><img decoding=\"async\" width=\"70\" height=\"70\" src=\"https:\/\/obera.fr\/wp-content\/uploads\/2020\/08\/industrie-dechets.jpg\" alt=\"Toode - kaubam&#xE4;rk\" class=\"wp-image-726\"\/><figcaption class=\"wp-element-caption\">J\u00e4\u00e4tmete kogumine ja sorteerimine<\/figcaption><\/figure>\n<\/div>\n<\/div>\n<\/div>\n<\/div>\n\n<p>Lennundust\u00f6\u00f6stuses kasutatakse <strong>ePURbox TSP mobiilset tolmueemaldusseadet<\/strong> alumiiniumosade lihvimiseks, mis tekitavad peent tolmu. Need alumiiniumipulbrid kujutavad endast ohtu operaatorite tervisele ja <strong>ATEX-i ohu<\/strong>. Valides ePURbox ATEX TSP mudeli, on tootja oluliselt v\u00e4hendanud p\u00f5levate tolmudega seotud riske ja t\u00e4itnud oma paindlikkuse vajaduse, valides mobiilse seadme.  <\/p>\n\n<div class=\"wp-block-buttons is-horizontal is-content-justification-center is-layout-flex wp-container-core-buttons-is-layout-03627597 wp-block-buttons-is-layout-flex\">\n<div class=\"wp-block-button has-custom-width wp-block-button__width-100\"><a class=\"wp-block-button__link wp-element-button\" href=\"https:\/\/obera.fr\/et\/votke-meiega-uhendust\/\">Lisateavet<\/a><\/div>\n<\/div>\n\n<figure class=\"wp-block-table\"><table class=\"has-fixed-layout\"><thead><tr><th>Toode<\/th><th><\/th><th>ePURbox<\/th><\/tr><\/thead><tbody><tr><td>Maksimaalne \u00f5huvooluhulk<\/td><td>m3\/h<\/td><td>1200<\/td><\/tr><tr><td>Toitepinge<\/td><td>V<\/td><td>220<\/td><\/tr><tr><td>V\u00f5imsus<\/td><td>kW<\/td><td>0.75<\/td><\/tr><tr><td>Imipind<\/td><td>mm<\/td><td>570 x 460<\/td><\/tr><tr><td>Aktiivs\u00f6efilter<\/td><td>kg<\/td><td>15<\/td><\/tr><tr><td>M\u00f5\u00f5tmed<\/td><td>mm (pikkus x laius x k\u00f5rgus)<\/td><td>700 x 710 x 1060 mm<\/td><\/tr><tr><td>Kaal<\/td><td>kg<\/td><td>90<\/td><\/tr><tr><td>M\u00fcratase<\/td><td>dB(A)<\/td><td>68<\/td><\/tr><\/tbody><\/table><\/figure>\n","protected":false},"excerpt":{"rendered":"<p>ePURBOXi imemislaud on otse ePURBOXi seadmesse integreeritud. Sellel on oma filtreerimiss\u00fcsteem ja ventilaator l\u00f5hnade ja lenduvate orgaaniliste \u00fchendite t\u00f6\u00f6tlemiseks. Tagaseina kattekate tagab v\u00e4ga t\u00f5husa imemise ja saasteainete p\u00fc\u00fcdmise kogu imemislaua pinnal. J\u00e4medad osakesed filtreeritakse eelnevalt integreeritud eelfilteriga (G4), et pikendada aktiivs\u00f6ekassettide kasutusiga. K\u00fclgmiste seinte kattekihid tagavad v\u00e4ga hea l\u00f5hnade kinnip\u00fc\u00fcdmise laua pinnal. L\u00f5puks filtreeritakse protsessi\u00f5hk aktiivs\u00f6e (t\u00fc\u00fcp A) abil ja seda saab uuesti t\u00f6\u00f6ruumi juhtida. Eelised Eriomadused Omadused Eelised ePURBOXi v\u00e4ljat\u00f5mbelaua on kavandatud mobiilseks kasutamiseks ja sobib pidevaks t\u00f6\u00f6ks. T\u00e4nu selle tugevale konstruktsioonile on ekstraheerimislaud kompaktne ja h\u00f5lpsasti k\u00e4sitsetav. Protsessi k\u00e4igus kogutud j\u00e4\u00e4tmete lihtsaks ja puhtaks k\u00f5rvaldamiseks on resti all &#8230; <\/p>\n<p class=\"read-more-container\"><a title=\"EpurBox TSP\" class=\"read-more button\" href=\"https:\/\/obera.fr\/et\/produits\/caissons-mobiles-aspiration\/epurbox-tsp\/#more-50604\" aria-label=\"Read more about EpurBox TSP\">Lire la suite<\/a><\/p>\n","protected":false},"author":4,"featured_media":83738,"parent":50557,"menu_order":0,"comment_status":"closed","ping_status":"closed","template":"","meta":{"_acf_changed":false,"_seopress_robots_primary_cat":"","_seopress_titles_title":"Table mobile ePURBOX TSP - oberA","_seopress_titles_desc":"","_seopress_robots_index":"","footnotes":""},"class_list":{"0":"post-50604","1":"page","2":"type-page","3":"status-publish","4":"has-post-thumbnail","6":"no-featured-image-padding","7":"resize-featured-image"},"acf":[],"_links":{"self":[{"href":"https:\/\/obera.fr\/et\/wp-json\/wp\/v2\/pages\/50604","targetHints":{"allow":["GET"]}}],"collection":[{"href":"https:\/\/obera.fr\/et\/wp-json\/wp\/v2\/pages"}],"about":[{"href":"https:\/\/obera.fr\/et\/wp-json\/wp\/v2\/types\/page"}],"author":[{"embeddable":true,"href":"https:\/\/obera.fr\/et\/wp-json\/wp\/v2\/users\/4"}],"replies":[{"embeddable":true,"href":"https:\/\/obera.fr\/et\/wp-json\/wp\/v2\/comments?post=50604"}],"version-history":[{"count":19,"href":"https:\/\/obera.fr\/et\/wp-json\/wp\/v2\/pages\/50604\/revisions"}],"predecessor-version":[{"id":116239,"href":"https:\/\/obera.fr\/et\/wp-json\/wp\/v2\/pages\/50604\/revisions\/116239"}],"up":[{"embeddable":true,"href":"https:\/\/obera.fr\/et\/wp-json\/wp\/v2\/pages\/50557"}],"wp:featuredmedia":[{"embeddable":true,"href":"https:\/\/obera.fr\/et\/wp-json\/wp\/v2\/media\/83738"}],"wp:attachment":[{"href":"https:\/\/obera.fr\/et\/wp-json\/wp\/v2\/media?parent=50604"}],"curies":[{"name":"wp","href":"https:\/\/api.w.org\/{rel}","templated":true}]}}