{"id":50653,"date":"2024-04-05T23:11:29","date_gmt":"2024-04-05T21:11:29","guid":{"rendered":"https:\/\/obera.fr\/valjatombeventilaatorid-eurosog-rg-100-800-seeria\/"},"modified":"2025-06-03T11:41:52","modified_gmt":"2025-06-03T09:41:52","slug":"ventilateurs-aspiration-gamme-eurosog-rg-100-800","status":"publish","type":"page","link":"https:\/\/obera.fr\/et\/produits\/aspirateurs-industriels\/ventilateurs-aspiration-gamme-eurosog-rg-100-800\/","title":{"rendered":"V\u00e4ljat\u00f5mbeventilaatorid: EUROSOG RG 100-800 seeria"},"content":{"rendered":"\n<p>Meie kompaktsete ventilaatorite RG 100 kuni RG 800 valik tagab tervislikuma keskkonna, t\u00f5mmates v\u00e4lja ja paisates v\u00e4lja teie t\u00f6\u00f6ruumides oleva saastunud \u00f5hu.<\/p>\n\n\n\n<h2 class=\"wp-block-heading\">RG-seeria: heitgaasiventilaatorite t\u00f6\u00f6 ja kasutamine<\/h2>\n\n\n\n<div class=\"wp-block-columns is-layout-flex wp-container-core-columns-is-layout-28f84493 wp-block-columns-is-layout-flex\">\n<div class=\"wp-block-column is-layout-flow wp-block-column-is-layout-flow\" style=\"flex-basis:33.33%\">\n<figure class=\"wp-block-image size-full\"><img decoding=\"async\" width=\"600\" height=\"600\" src=\"https:\/\/obera.fr\/wp-content\/uploads\/2024\/04\/obera-ventilateur-aspiration-rg-300-400.jpg\" alt=\"obera imemisventilaator rg 300 400\" class=\"wp-image-29437\" srcset=\"https:\/\/obera.fr\/wp-content\/uploads\/2024\/04\/obera-ventilateur-aspiration-rg-300-400.jpg 600w, https:\/\/obera.fr\/wp-content\/uploads\/2024\/04\/obera-ventilateur-aspiration-rg-300-400-300x300.jpg 300w, https:\/\/obera.fr\/wp-content\/uploads\/2024\/04\/obera-ventilateur-aspiration-rg-300-400-150x150.jpg 150w\" sizes=\"(max-width: 600px) 100vw, 600px\" \/><\/figure>\n<\/div>\n\n\n\n<div class=\"wp-block-column is-layout-flow wp-block-column-is-layout-flow\" style=\"flex-basis:66.66%\">\n<p>RG-seeria ventilaatorid (100, 200, 300, 400, 500, 600, 700, 800) on lahendused tolmu, t\u00f6\u00f6stusliku suitsu ja muude tootmisseadmete poolt tekitatud saasteainete v\u00e4ljat\u00f5mbamiseks. Need v\u00f5imaldavad puhastatud \u00f5hu ringlust ja r\u00f5hu langetamist. Mitmek\u00fclgne ja kompaktne s\u00fcsteem t\u00f5mbab \u00f5hku sisse, tekitades vaakumi ventilaatori sisselaskeava juures (tiiviku p\u00f6\u00f6rlemine), kasutades korpuse sees olevat elektrimootorit. Karbi kanaliseerib ja paiskab sisse t\u00f5mmatud \u00f5hku v\u00e4ljavoolu suunas (v\u00e4ljapoole), et see t\u00f6\u00f6ruumist \u00e4ra viia. RG-seeria saab korraga vaakumida \u00fchte v\u00f5i mitut t\u00f6\u00f6jaama\/masinat.  <\/p>\n\n\n\n<p>Mis eesm\u00e4rgil? See seade sobib ideaalselt igat liiki t\u00f6\u00f6stusele ning on v\u00f5imeline eemaldama tolmu, gaase, l\u00f5hnu ja suitsu. Need v\u00f5ivad olla varustatud filtritega, et p\u00fc\u00fcda peeneid osakesi.<\/p>\n\n\n\n<div class=\"wp-block-columns is-layout-flex wp-container-core-columns-is-layout-28f84493 wp-block-columns-is-layout-flex\">\n<div class=\"wp-block-column is-layout-flow wp-block-column-is-layout-flow\" style=\"flex-basis:30%\">\n<div class=\"wp-block-buttons is-layout-flex wp-block-buttons-is-layout-flex\">\n<div class=\"wp-block-button\"><a class=\"wp-block-button__link wp-element-button\" href=\"https:\/\/obera.fr\/wp-content\/uploads\/2025\/06\/brochure-rg-100-800-en.pdf\">LAE ALLA BRO\u0160\u00dc\u00dcR<\/a><\/div>\n<\/div>\n<\/div>\n\n\n\n<div class=\"wp-block-column is-layout-flow wp-block-column-is-layout-flow\" style=\"flex-basis:30%\">\n<div class=\"wp-block-buttons is-layout-flex wp-block-buttons-is-layout-flex\">\n<div class=\"wp-block-button\"><a class=\"wp-block-button__link wp-element-button\" href=\"https:\/\/obera.fr\/contact\/\">VAJATE INDIVIDUAALSET N\u00d5USTAMIST?<\/a><\/div>\n<\/div>\n<\/div>\n\n\n\n<div class=\"wp-block-column is-layout-flow wp-block-column-is-layout-flow\" style=\"flex-basis:30%\">\n<div class=\"wp-block-buttons is-content-justification-center is-layout-flex wp-container-core-buttons-is-layout-a89b3969 wp-block-buttons-is-layout-flex\">\n<div class=\"wp-block-button btn-devis-source\"><a class=\"wp-block-button__link wp-element-button\" href=\"https:\/\/obera.fr\/et\/devis\/\">Taotlege hinnapakkumist<\/a><\/div>\n<\/div>\n\n\n<script>\r\ndocument.addEventListener('DOMContentLoaded', function() {\r\n    \/\/ 1. On cherche le titre H1 de la page\r\n    var h1 = document.querySelector('h1');\r\n    var productTitle = h1 ? h1.innerText.trim() : \"\";\r\n\r\n    \/\/ 2. On cherche les boutons via la classe CSS .btn-devis-source\r\n    var buttons = document.querySelectorAll('.btn-devis-source a');\r\n\r\n    \/\/ 3. Si on a le titre et les boutons, on ajoute le param\u00e8tre\r\n    if (buttons.length > 0 && productTitle !== \"\") {\r\n        var encodedTitle = encodeURIComponent(productTitle);\r\n\r\n        buttons.forEach(function(btn) {\r\n            var currentHref = btn.getAttribute('href');\r\n            \r\n            \/\/ S\u00e9curit\u00e9 pour ne pas ajouter le param\u00e8tre 2 fois\r\n            if (currentHref.indexOf('sujet=') === -1) {\r\n                var separator = currentHref.indexOf('?') !== -1 ? '&' : '?';\r\n                var newLink = currentHref + separator + 'sujet=' + encodedTitle;\r\n                \r\n                btn.setAttribute('href', newLink);\r\n            }\r\n        });\r\n    }\r\n});\r\n<\/script><\/div>\n<\/div>\n<\/div>\n<\/div>\n\n\n\n<h2 class=\"wp-block-heading\">Millised on OberA imeventilaatorite tehnilised omadused?<\/h2>\n\n\n\n<p>RG-seeria pakub mootorite v\u00f5imsuste valikut alates 0,55 kW kuni 7,5 kW. See v\u00f5imaldab teil leida teie pindala jaoks k\u00f5ige paremini sobivaim v\u00e4ljat\u00f5mbeventilaatori mudel.  <\/p>\n\n\n\n<p>Korrosiooniohu ja tolmu p\u00f5hjustatud kahjustuste vastu v\u00f5itlemiseks on ventilaatorid valmistatud vastupidavatest materjalidest ja on saadaval roostevabast terasest versioonina toiduainetet\u00f6\u00f6stuse jaoks (valikuline). Teine v\u00f5imalus on s\u00e4demekindel versioon tegevuseks, mis tekitab tuleohtlikku tolmu.<\/p>\n\n\n\n<blockquote class=\"wp-block-quote is-layout-flow wp-block-quote-is-layout-flow\">\n<p>Hea teada: meie v\u00e4ljat\u00f5mbelahendusi saab kombineerida meie p\u00fc\u00fcdmise evakueerimiss\u00fcsteemidega. S\u00f5ltuvalt teie vajadustest (saasteaine t\u00fc\u00fcp, pindala, tegevusvaldkond) anname teile n\u00f5u, milline on parim v\u00f5imalik kombinatsioon, et tagada \u00f5hu parim v\u00f5imalik v\u00e4ljat\u00f5mbamine ja uuendamine.<\/p>\n<\/blockquote>\n\n\n\n<p>RG 100 kuni RG 800 ventilaatorite m\u00f5\u00f5tmed on v\u00e4ikesed: alates L535 x S450 x K480 k\u00f5ige kompaktsema versiooni puhul kuni L820 x S1 000 x H1 198 suurima mudeli puhul on need siiski seadmed, mis n\u00f5uavad v\u00e4ga v\u00e4he ruumi. T\u00f6\u00f6tajate mugavuse tagamiseks on nende m\u00fcratase 83 dB(A) kuni 84 dB(A).<\/p>\n\n\n\n<h3 class=\"wp-block-heading has-text-align-center\">INDUSTRIES<\/h3>\n\n\n\n<div class=\"wp-block-columns is-layout-flex wp-container-core-columns-is-layout-28f84493 wp-block-columns-is-layout-flex\">\n<div class=\"wp-block-column is-layout-flow wp-block-column-is-layout-flow\">\n<hr class=\"wp-block-separator has-alpha-channel-opacity\"\/>\n\n\n\n<div class=\"wp-block-columns is-layout-flex wp-container-core-columns-is-layout-28f84493 wp-block-columns-is-layout-flex\">\n<div class=\"wp-block-column is-layout-flow wp-block-column-is-layout-flow\">\n<figure class=\"wp-block-image aligncenter size-thumbnail is-resized\"><img decoding=\"async\" width=\"150\" height=\"150\" src=\"https:\/\/obera.fr\/wp-content\/uploads\/2022\/02\/Textile-150x150.png\" alt=\"tekstiil\" class=\"wp-image-8855\"\/><figcaption class=\"wp-element-caption\">Tekstiilid<\/figcaption><\/figure>\n\n\n\n<figure class=\"wp-block-image aligncenter size-thumbnail is-resized\"><img decoding=\"async\" width=\"150\" height=\"150\" src=\"https:\/\/obera.fr\/wp-content\/uploads\/2022\/02\/Plastique-150x150.png\" alt=\"plastist\" class=\"wp-image-8854\"\/><figcaption class=\"wp-element-caption\">Plastist<\/figcaption><\/figure>\n<\/div>\n\n\n\n<div class=\"wp-block-column is-layout-flow wp-block-column-is-layout-flow\">\n<figure class=\"wp-block-image aligncenter size-thumbnail is-resized\"><img decoding=\"async\" width=\"150\" height=\"150\" src=\"https:\/\/obera.fr\/wp-content\/uploads\/2022\/02\/MINERAIS-150x150.png\" alt=\"Maagid\" class=\"wp-image-8847\"\/><figcaption class=\"wp-element-caption\">Mineraalid<\/figcaption><\/figure>\n\n\n\n<figure class=\"wp-block-image aligncenter size-thumbnail is-resized\"><img decoding=\"async\" width=\"150\" height=\"150\" src=\"https:\/\/obera.fr\/wp-content\/uploads\/2022\/02\/Metalurgie-150x150.png\" alt=\"metallurgia\" class=\"wp-image-8857\"\/><figcaption class=\"wp-element-caption\">Metallurgia<\/figcaption><\/figure>\n\n\n\n<figure class=\"wp-block-image aligncenter size-thumbnail is-resized\"><img decoding=\"async\" width=\"150\" height=\"150\" src=\"https:\/\/obera.fr\/wp-content\/uploads\/2023\/02\/sans-titre-2023-02-14t102211.641-150x150.png\" alt=\"P\u00f5llumajandus\" class=\"wp-image-18828\"\/><figcaption class=\"wp-element-caption\">P\u00f5llumajandus<\/figcaption><\/figure>\n<\/div>\n<\/div>\n<\/div>\n\n\n\n<div class=\"wp-block-column is-layout-flow wp-block-column-is-layout-flow\">\n<hr class=\"wp-block-separator has-alpha-channel-opacity\"\/>\n\n\n\n<div class=\"wp-block-columns is-layout-flex wp-container-core-columns-is-layout-28f84493 wp-block-columns-is-layout-flex\">\n<div class=\"wp-block-column is-layout-flow wp-block-column-is-layout-flow\">\n<figure class=\"wp-block-image aligncenter size-thumbnail is-resized\"><img decoding=\"async\" width=\"150\" height=\"150\" src=\"https:\/\/obera.fr\/wp-content\/uploads\/2022\/02\/Chimie-150x150.png\" alt=\"keemia\" class=\"wp-image-8846\"\/><figcaption class=\"wp-element-caption\">Keemia<\/figcaption><\/figure>\n\n\n\n<figure class=\"wp-block-image aligncenter size-thumbnail is-resized\"><img decoding=\"async\" width=\"150\" height=\"150\" src=\"https:\/\/obera.fr\/wp-content\/uploads\/2022\/02\/Travail-du-bois-150x150.png\" alt=\"puidut\u00f6\u00f6tlemine\" class=\"wp-image-8856\"\/><figcaption class=\"wp-element-caption\">Puidut\u00f6\u00f6tlemine<\/figcaption><\/figure>\n\n\n\n<figure class=\"wp-block-image aligncenter size-thumbnail is-resized\"><img decoding=\"async\" width=\"150\" height=\"150\" src=\"https:\/\/obera.fr\/wp-content\/uploads\/2023\/02\/sans-titre-2023-02-14t101920.185-150x150.png\" alt=\"Lennundus\" class=\"wp-image-18831\"\/><figcaption class=\"wp-element-caption\">Lennundus<\/figcaption><\/figure>\n<\/div>\n\n\n\n<div class=\"wp-block-column is-layout-flow wp-block-column-is-layout-flow\">\n<figure class=\"wp-block-image aligncenter size-thumbnail is-resized\"><img decoding=\"async\" width=\"150\" height=\"150\" src=\"https:\/\/obera.fr\/wp-content\/uploads\/2022\/02\/AGROALIMENTAIRE-150x150.png\" alt=\"p\u00f5llumajandus- ja toiduainet\u00f6\u00f6stus\" class=\"wp-image-8844\"\/><figcaption class=\"wp-element-caption\">Toiduainet\u00f6\u00f6stus<\/figcaption><\/figure>\n\n\n\n<figure class=\"wp-block-image aligncenter size-thumbnail is-resized\"><img decoding=\"async\" width=\"150\" height=\"150\" src=\"https:\/\/obera.fr\/wp-content\/uploads\/2022\/02\/Papier-carton-150x150.png\" alt=\"paber ja papp\" class=\"wp-image-8853\"\/><figcaption class=\"wp-element-caption\">Paber\/papp<\/figcaption><\/figure>\n\n\n\n<figure class=\"wp-block-image aligncenter size-thumbnail is-resized\"><img decoding=\"async\" width=\"150\" height=\"150\" src=\"https:\/\/obera.fr\/wp-content\/uploads\/2023\/02\/sans-titre-2023-02-14t101712.416-150x150.png\" alt=\"Autot\u00f6\u00f6stus\" class=\"wp-image-18834\"\/><figcaption class=\"wp-element-caption\">Autot\u00f6\u00f6stus<\/figcaption><\/figure>\n<\/div>\n<\/div>\n<\/div>\n<\/div>\n\n\n\n<figure class=\"wp-block-table\"><table class=\"has-fixed-layout\"><thead><tr><th><br>100<\/th><th>200<\/th><th>300<\/th><th>400<\/th><th>500<\/th><th>600<\/th><th>700<\/th><th>800<\/th><\/tr><\/thead><tbody><tr><td>Maksimaalne vooluhulk m3\/h<\/td><td>1.000<\/td><td>2.000<\/td><td>3.000<\/td><td>3.200<\/td><td>4.000<\/td><td>5.5000<\/td><td>7.000<\/td><td>8.000<\/td><\/tr><tr><td>\u00dchendus\/v\u00e4ljalaskeava l\u00e4bim\u00f5\u00f5t mm<\/td><td>100<\/td><td>150<\/td><td>180<\/td><td>250\/315<\/td><td>250\/315<\/td><td>315\/355<\/td><td>315\/400<\/td><td>355\/400<\/td><\/tr><tr><td>Maksimaalne vaakum Pa<\/td><td>1.400<\/td><td>1.600<\/td><td>2.300<\/td><td>3.150<\/td><td>3.400<\/td><td>3.400<\/td><td>3.400<\/td><td>3.950<\/td><\/tr><tr><td>Toitepinge V<\/td><td>400<\/td><td>400<\/td><td>400<\/td><td>400<\/td><td>400<\/td><td>400<\/td><td>400<\/td><td>400<\/td><\/tr><tr><td>V\u00f5imsus kW<\/td><td>0.5<\/td><td>1.1<\/td><td>2.2<\/td><td>3.0<\/td><td>4.0<\/td><td>5.5<\/td><td>5.5<\/td><td>7.5<\/td><\/tr><tr><td>M\u00f5\u00f5tmed (pikkus\/k\u00f5rgus)<\/td><td>535x450x480<\/td><td>595x520x555<\/td><td>640x535x610<\/td><td>711x700x1.012<\/td><td>711x700x1.012<\/td><td>737x700x1.062<\/td><td>762x700x1.062<\/td><td>820&#215;1,000&#215;1,198<\/td><\/tr><tr><td>M\u00fcratase dB(A)<\/td><td>80<\/td><td>82<\/td><td>84<\/td><td>84<\/td><td>84<\/td><td>84<\/td><td>83<\/td><td>84<\/td><\/tr><\/tbody><\/table><\/figure>\n\n\n\n<div class=\"wp-block-buttons is-content-justification-center is-layout-flex wp-container-core-buttons-is-layout-a89b3969 wp-block-buttons-is-layout-flex\">\n<div class=\"wp-block-button\"><a class=\"wp-block-button__link wp-element-button\" href=\"https:\/\/obera.fr\/wp-content\/uploads\/2024\/04\/obera_brochure-rg-100-800-fr.pdf\">TOOTE ANDMELEHE ALLALAADIMINE<\/a><\/div>\n<\/div>\n\n\n\n<h2 class=\"wp-block-heading\">Keskenduge RG 100 kuni RG 800 ventilaatorite eelistele<\/h2>\n\n\n\n<p>Kasu on eelk\u00f5ige inimlik, sest see on lahendus, mis parandab m\u00e4rkimisv\u00e4\u00e4rselt \u00f5hukvaliteeti ja teie meeskondade ohutust. T\u00f6\u00f6tajate mugavuse huvides j\u00e4\u00e4b m\u00fcratase madalaks, et tagada t\u00f6\u00f6tajate tootlikkus.  <\/p>\n\n\n\n<p>Hea tolmu- ja suitsueemaldus v\u00e4hendab ka tulekahju- ja plahvatusohtu, mis v\u00f5ib tekkida, kui tolm puutub kokku s\u00e4demetega v\u00f5i ummistab tootmisseadmeid.<\/p>\n\n\n\n<p>L\u00f5puks, vaatamata oma kompaktsele konstruktsioonile on k\u00f5ik RG-seeria v\u00e4ljat\u00f5mbeventilaatorid suure j\u00f5udlusega ja kujutavad endast v\u00e4ikest investeeringut, kui tegemist on puhta \u00f5hu nautimisega teie t\u00f6\u00f6kodades.<\/p>\n\n\n\n<div class=\"wp-block-columns is-layout-flex wp-container-core-columns-is-layout-28f84493 wp-block-columns-is-layout-flex\">\n<div class=\"wp-block-column is-layout-flow wp-block-column-is-layout-flow\" style=\"flex-basis:33.34%\">\n<h3 class=\"wp-block-heading\">Eelised :<\/h3>\n\n\n\n<ul class=\"wp-block-list\">\n<li>Madalad tegevuskulud ;<\/li>\n\n\n\n<li>Vastupidav konstruktsioon.<\/li>\n<\/ul>\n<\/div>\n\n\n\n<div class=\"wp-block-column is-layout-flow wp-block-column-is-layout-flow\" style=\"flex-basis:33.34%\">\n<h3 class=\"wp-block-heading\">Eriomadused:<\/h3>\n\n\n\n<ul class=\"wp-block-list\">\n<li>Kompaktne disain ;<\/li>\n\n\n\n<li>\u00dche v\u00f5i mitme t\u00f6\u00f6koha v\u00f5i masina tolmuimeja;<\/li>\n\n\n\n<li>Saab kombineerida tolmukogumis- v\u00f5i tolmueemalduss\u00fcsteemiga.<\/li>\n<\/ul>\n<\/div>\n\n\n\n<div class=\"wp-block-column is-layout-flow wp-block-column-is-layout-flow\" style=\"flex-basis:33.33%\">\n<h3 class=\"wp-block-heading\">Omadused :<\/h3>\n\n\n\n<ul class=\"wp-block-list\">\n<li>Lai valik mootorite j\u00f5udlust, et rahuldada t\u00f6\u00f6stusklientide vajadusi;<\/li>\n\n\n\n<li>Lisav\u00f5imalused: toiduks kasutatav roostevaba teras, vahelduvvool (RG 100 ja RG 200), vasakpoolne mootor, reguleeritav v\u00e4ljalaskeava l\u00e4bim\u00f5\u00f5t, helikindel ja tihendatud korpus v\u00e4litingimustesse paigaldamiseks.<\/li>\n<\/ul>\n<\/div>\n<\/div>\n\n\n\n<div class=\"wp-block-buttons is-horizontal is-content-justification-center is-layout-flex wp-container-core-buttons-is-layout-03627597 wp-block-buttons-is-layout-flex\">\n<div class=\"wp-block-button has-custom-width wp-block-button__width-100\"><a class=\"wp-block-button__link wp-element-button\" href=\"https:\/\/obera.fr\/et\/votke-meiega-uhendust\/\">Lisateavet<\/a><\/div>\n<\/div>\n\n\n\n<h2 class=\"wp-block-heading\">Muud t\u00f6\u00f6stuslikud tolmuimejad tootesarjas<\/h2>\n\n\n\n<div class=\"wp-block-columns is-layout-flex wp-container-core-columns-is-layout-28f84493 wp-block-columns-is-layout-flex\">\n<div class=\"wp-block-column is-layout-flow wp-block-column-is-layout-flow\">\n<figure class=\"wp-block-image aligncenter size-full is-resized\"><img decoding=\"async\" width=\"566\" height=\"671\" src=\"https:\/\/obera.fr\/wp-content\/uploads\/2024\/10\/w2-xr-2.png\" alt=\"T\u00f6\u00f6stuslikud tolmuimejad\" class=\"wp-image-35431\" style=\"aspect-ratio:1;object-fit:cover;width:282px;height:auto\" srcset=\"https:\/\/obera.fr\/wp-content\/uploads\/2024\/10\/w2-xr-2.png 566w, https:\/\/obera.fr\/wp-content\/uploads\/2024\/10\/w2-xr-2-253x300.png 253w\" sizes=\"(max-width: 566px) 100vw, 566px\" \/><figcaption class=\"wp-element-caption\">W2 XR<\/figcaption><\/figure>\n<\/div>\n\n\n\n<div class=\"wp-block-column is-layout-flow wp-block-column-is-layout-flow\">\n<figure class=\"wp-block-image aligncenter size-full is-resized\"><img decoding=\"async\" width=\"711\" height=\"622\" src=\"https:\/\/obera.fr\/wp-content\/uploads\/2024\/10\/w2.png\" alt=\"T\u00f6\u00f6stuslikud tolmuimejad\" class=\"wp-image-35424\" style=\"object-fit:cover;width:300px;height:300px\" srcset=\"https:\/\/obera.fr\/wp-content\/uploads\/2024\/10\/w2.png 711w, https:\/\/obera.fr\/wp-content\/uploads\/2024\/10\/w2-300x262.png 300w\" sizes=\"(max-width: 711px) 100vw, 711px\" \/><figcaption class=\"wp-element-caption\">W2<\/figcaption><\/figure>\n<\/div>\n\n\n\n<div class=\"wp-block-column is-layout-flow wp-block-column-is-layout-flow\">\n<figure class=\"wp-block-image aligncenter size-full is-resized\"><img decoding=\"async\" width=\"658\" height=\"652\" src=\"https:\/\/obera.fr\/wp-content\/uploads\/2024\/10\/w3.png\" alt=\"w3\" class=\"wp-image-35427\" style=\"object-fit:cover;width:300px;height:300px\" srcset=\"https:\/\/obera.fr\/wp-content\/uploads\/2024\/10\/w3.png 658w, https:\/\/obera.fr\/wp-content\/uploads\/2024\/10\/w3-300x297.png 300w, https:\/\/obera.fr\/wp-content\/uploads\/2024\/10\/w3-150x150.png 150w, https:\/\/obera.fr\/wp-content\/uploads\/2024\/10\/w3-24x24.png 24w, https:\/\/obera.fr\/wp-content\/uploads\/2024\/10\/w3-48x48.png 48w, https:\/\/obera.fr\/wp-content\/uploads\/2024\/10\/w3-96x96.png 96w\" sizes=\"(max-width: 658px) 100vw, 658px\" \/><figcaption class=\"wp-element-caption\">W3<\/figcaption><\/figure>\n<\/div>\n<\/div>\n\n\n\n<p><\/p>\n","protected":false},"excerpt":{"rendered":"<p>Meie kompaktsete ventilaatorite RG 100 kuni RG 800 valik tagab tervislikuma keskkonna, t\u00f5mmates v\u00e4lja ja paisates v\u00e4lja teie t\u00f6\u00f6ruumides oleva saastunud \u00f5hu. RG-seeria: heitgaasiventilaatorite t\u00f6\u00f6 ja kasutamine RG-seeria ventilaatorid (100, 200, 300, 400, 500, 600, 700, 800) on lahendused tolmu, t\u00f6\u00f6stusliku suitsu ja muude tootmisseadmete poolt tekitatud saasteainete v\u00e4ljat\u00f5mbamiseks. Need v\u00f5imaldavad puhastatud \u00f5hu ringlust ja r\u00f5hu langetamist. Mitmek\u00fclgne ja kompaktne s\u00fcsteem t\u00f5mbab \u00f5hku sisse, tekitades vaakumi ventilaatori sisselaskeava juures (tiiviku p\u00f6\u00f6rlemine), kasutades korpuse sees olevat elektrimootorit. Karbi kanaliseerib ja paiskab sisse t\u00f5mmatud \u00f5hku v\u00e4ljavoolu suunas (v\u00e4ljapoole), et see t\u00f6\u00f6ruumist \u00e4ra viia. RG-seeria saab korraga vaakumida \u00fchte v\u00f5i mitut t\u00f6\u00f6jaama\/masinat. Mis &#8230; <\/p>\n<p class=\"read-more-container\"><a title=\"V\u00e4ljat\u00f5mbeventilaatorid: EUROSOG RG 100-800 seeria\" class=\"read-more button\" href=\"https:\/\/obera.fr\/et\/produits\/aspirateurs-industriels\/ventilateurs-aspiration-gamme-eurosog-rg-100-800\/#more-50653\" aria-label=\"Read more about V\u00e4ljat\u00f5mbeventilaatorid: EUROSOG RG 100-800 seeria\">Lire la suite<\/a><\/p>\n","protected":false},"author":4,"featured_media":83738,"parent":52204,"menu_order":0,"comment_status":"closed","ping_status":"closed","template":"","meta":{"_acf_changed":false,"_seopress_robots_primary_cat":"","_seopress_titles_title":"EUROSOG RG imemisventilaatorid - OberA","_seopress_titles_desc":"Avastage imemisseadmed RG 100 kuni RG 800. Need on m\u00f5eldud \u00f5hu kvaliteedi m\u00e4rkimisv\u00e4\u00e4rseks parandamiseks, eemaldades tolmu, l\u00f5hnad, aurud ja gaasid.","_seopress_robots_index":"","footnotes":""},"class_list":{"0":"post-50653","1":"page","2":"type-page","3":"status-publish","4":"has-post-thumbnail","6":"no-featured-image-padding","7":"resize-featured-image"},"acf":[],"_links":{"self":[{"href":"https:\/\/obera.fr\/et\/wp-json\/wp\/v2\/pages\/50653","targetHints":{"allow":["GET"]}}],"collection":[{"href":"https:\/\/obera.fr\/et\/wp-json\/wp\/v2\/pages"}],"about":[{"href":"https:\/\/obera.fr\/et\/wp-json\/wp\/v2\/types\/page"}],"author":[{"embeddable":true,"href":"https:\/\/obera.fr\/et\/wp-json\/wp\/v2\/users\/4"}],"replies":[{"embeddable":true,"href":"https:\/\/obera.fr\/et\/wp-json\/wp\/v2\/comments?post=50653"}],"version-history":[{"count":7,"href":"https:\/\/obera.fr\/et\/wp-json\/wp\/v2\/pages\/50653\/revisions"}],"predecessor-version":[{"id":107665,"href":"https:\/\/obera.fr\/et\/wp-json\/wp\/v2\/pages\/50653\/revisions\/107665"}],"up":[{"embeddable":true,"href":"https:\/\/obera.fr\/et\/wp-json\/wp\/v2\/pages\/52204"}],"wp:featuredmedia":[{"embeddable":true,"href":"https:\/\/obera.fr\/et\/wp-json\/wp\/v2\/media\/83738"}],"wp:attachment":[{"href":"https:\/\/obera.fr\/et\/wp-json\/wp\/v2\/media?parent=50653"}],"curies":[{"name":"wp","href":"https:\/\/api.w.org\/{rel}","templated":true}]}}