{"id":50679,"date":"2024-04-05T22:55:29","date_gmt":"2024-04-05T20:55:29","guid":{"rendered":"https:\/\/obera.fr\/toostuslik-tolmuimeja-w2-xr\/"},"modified":"2025-06-03T10:19:18","modified_gmt":"2025-06-03T08:19:18","slug":"w2-xr-atex-22","status":"publish","type":"page","link":"https:\/\/obera.fr\/et\/produits\/aspirateurs-industriels\/w2-xr-atex-22\/","title":{"rendered":"T\u00f6\u00f6stuslik tolmuimeja W2 XR"},"content":{"rendered":"\n<p>Avastage t\u00f6\u00f6stuslik tolmuimeja W2 XR tahkete ainete ja vedelike plahvatuskindlaks imemiseks. Kompaktsed, mobiilsed ja suure j\u00f5udlusega seadmed, mis v\u00e4hendavad s\u00fcttimis- ja plahvatusohtu teie tootmis\u00fcksustes.<\/p>\n\n\n\n<h2 class=\"wp-block-heading\">W2 XR t\u00f6\u00f6stuslik tolmuimeja ATEX tsooni 22 sertifikaadiga: p\u00f5him\u00f5te ja kasutamine<\/h2>\n\n\n\n<div class=\"wp-block-columns is-layout-flex wp-container-core-columns-is-layout-28f84493 wp-block-columns-is-layout-flex\">\n<div class=\"wp-block-column is-layout-flow wp-block-column-is-layout-flow\" style=\"flex-basis:33.33%\">\n<figure class=\"wp-block-image size-full is-resized\"><img decoding=\"async\" width=\"566\" height=\"671\" src=\"https:\/\/obera.fr\/wp-content\/uploads\/2024\/10\/w2-xr-2.png\" alt=\"T\u00f6\u00f6stuslikud tolmuimejad\" class=\"wp-image-35431\" style=\"object-fit:cover;width:300px;height:300px\" srcset=\"https:\/\/obera.fr\/wp-content\/uploads\/2024\/10\/w2-xr-2.png 566w, https:\/\/obera.fr\/wp-content\/uploads\/2024\/10\/w2-xr-2-253x300.png 253w\" sizes=\"(max-width: 566px) 100vw, 566px\" \/><\/figure>\n<\/div>\n\n\n\n<div class=\"wp-block-column is-layout-flow wp-block-column-is-layout-flow\" style=\"flex-basis:66.66%\">\n<p><strong>W2 XR m\u00e4rg- ja kuivt\u00f6\u00f6tlemisega t\u00f6\u00f6stuslik tolmuimeja<\/strong> on m\u00f5eldud plahvatuskindlate tahkete ainete ja vedelike tolmuimejaks. Selle konstruktsioon on kavandatud nii, et t\u00e4nu antistaatilisele pol\u00fcesterkott-filtrile (filtri\u00fcksuse kaitse) ei teki staatilist elektrit. \u00dclekuumenemise v\u00e4ltimiseks on seade varustatud \u00fchefaasilise harjadeta mootoriga, mis tekitab v\u00e4hem soojust ja h\u00f5\u00f5rdumist kui harjamootor. See konstruktsioon vastab t\u00e4ielikult ATEXi eeskirjadele klassi 22 tsoonide jaoks.   <\/p>\n\n\n\n<p>Milleks? Seeria W2 XR on kalibreeritud riskide minimeerimiseks plahvatusohtlikes keskkondades: keemiat\u00f6\u00f6stusettev\u00f5tted, toiduainet\u00f6\u00f6stusettev\u00f5tted, puidut\u00f6\u00f6stusettev\u00f5tted, metallit\u00f6\u00f6stusettev\u00f5tted, energiatootmisettev\u00f5tted jne. T\u00f6\u00f6stuslik tolmuimeja W2 XR vastab k\u00f5ikide t\u00f6\u00f6stusharude n\u00f5uetele, kus tekib p\u00f5levat tolmu, mis on samuti kahjulik operaatorite tervisele. <\/p>\n\n\n\n<div class=\"wp-block-columns is-layout-flex wp-container-core-columns-is-layout-28f84493 wp-block-columns-is-layout-flex\">\n<div class=\"wp-block-column is-layout-flow wp-block-column-is-layout-flow\">\n<div class=\"wp-block-buttons is-layout-flex wp-block-buttons-is-layout-flex\">\n<div class=\"wp-block-button\"><a class=\"wp-block-button__link wp-element-button\" href=\"https:\/\/obera.fr\/wp-content\/uploads\/2025\/06\/brochure-w2-xr-en.pdf\">LAE ALLA BRO\u0160\u00dc\u00dcR<\/a><\/div>\n<\/div>\n<\/div>\n\n\n\n<div class=\"wp-block-column is-layout-flow wp-block-column-is-layout-flow\">\n<div class=\"wp-block-buttons is-layout-flex wp-block-buttons-is-layout-flex\">\n<div class=\"wp-block-button\"><a class=\"wp-block-button__link wp-element-button\" href=\"https:\/\/obera.fr\/contact\/\">VAJATE INDIVIDUAALSET N\u00d5USTAMIST?<\/a><\/div>\n<\/div>\n<\/div>\n\n\n\n<div class=\"wp-block-column is-layout-flow wp-block-column-is-layout-flow\">\n<div class=\"wp-block-buttons is-content-justification-center is-layout-flex wp-container-core-buttons-is-layout-a89b3969 wp-block-buttons-is-layout-flex\">\n<div class=\"wp-block-button btn-devis-source\"><a class=\"wp-block-button__link wp-element-button\" href=\"https:\/\/obera.fr\/et\/devis\/\">Taotlege hinnapakkumist<\/a><\/div>\n<\/div>\n\n\n<script>\r\ndocument.addEventListener('DOMContentLoaded', function() {\r\n    \/\/ 1. On cherche le titre H1 de la page\r\n    var h1 = document.querySelector('h1');\r\n    var productTitle = h1 ? h1.innerText.trim() : \"\";\r\n\r\n    \/\/ 2. On cherche les boutons via la classe CSS .btn-devis-source\r\n    var buttons = document.querySelectorAll('.btn-devis-source a');\r\n\r\n    \/\/ 3. Si on a le titre et les boutons, on ajoute le param\u00e8tre\r\n    if (buttons.length > 0 && productTitle !== \"\") {\r\n        var encodedTitle = encodeURIComponent(productTitle);\r\n\r\n        buttons.forEach(function(btn) {\r\n            var currentHref = btn.getAttribute('href');\r\n            \r\n            \/\/ S\u00e9curit\u00e9 pour ne pas ajouter le param\u00e8tre 2 fois\r\n            if (currentHref.indexOf('sujet=') === -1) {\r\n                var separator = currentHref.indexOf('?') !== -1 ? '&' : '?';\r\n                var newLink = currentHref + separator + 'sujet=' + encodedTitle;\r\n                \r\n                btn.setAttribute('href', newLink);\r\n            }\r\n        });\r\n    }\r\n});\r\n<\/script><\/div>\n<\/div>\n<\/div>\n<\/div>\n\n\n\n<h2 class=\"wp-block-heading\">Millised on t\u00f6\u00f6stusliku tolmuimeja W2 XR tehnilised n\u00e4itajad?<\/h2>\n\n\n\n<p>T\u00f6\u00f6stuslik tolmuimeja W2 XR toodab kuni 215 m3\/h \u00f5huvoolu ja 1,1 kW v\u00f5imsust, mis annab talle suure imemisv\u00f5imsuse. See on varustatud vertikaalse nihkega puhastuss\u00fcsteemiga, mis h\u00f5lbustab puhastamist ja tagab maksimaalse kasutusaja. <a href=\"https:\/\/obera.fr\/et\/produits\/aspirateurs-industriels\/\" data-type=\"page\" data-id=\"41\">Tolmuimejal<\/a> on 40-liitrine mahuti ja eemaldatav t\u00fchjenduss\u00fcsteem pr\u00fcgikasti liigutamiseks j\u00e4\u00e4tmek\u00e4itluskohta. K\u00f5ikide t\u00f6\u00f6stusharude n\u00f5uetele vastamiseks on imemis-, filtreerimis- ja kogumis\u00fcksused valmistatud roostevabast terasest.  <\/p>\n\n\n\n<p>Seestpoolt on imi\u00fcksus helikindel ja filtri\u00fcksus on kaitstud antistaatilise pol\u00fcesterkoti filtriga. Imus\u00fcsteemil on filtri alla paigutatud 50 l\u00e4bim\u00f5\u00f5duga sisselaskeava, mis v\u00f5imaldab imeda korraga tolmu, tahkeid aineid ja vedelikke.<\/p>\n\n\n\n<p>Boonus puhastust\u00f6\u00f6tajatele: tolmuimeja on varustatud selliste tarvikutega nagu paindlik imemisvoolik, teleskoopvarras, harjad ja l\u00f5hep\u00fc\u00fcdja.<\/p>\n\n\n\n<blockquote class=\"wp-block-quote is-layout-flow wp-block-quote-is-layout-flow\">\n<p>Millised on v\u00f5imalused? Tolmuimeja W2 XR ATEX-versioonil on mitmeid valikuid, mis vastavad teie vajadustele: nomexfilter (kuumakindel kuni 250\u00b0), Hepa H14 absoluutne filter, lisakorv, M-klassi filter, M PTFE, M vee-oleofoobne teflon, L- ja M-klassi antistaatiline, roostevabast terasest mahuti ja filtrikamber, maandus. K\u00fcsige meie meeskonnalt n\u00f5u, millised on teie t\u00f6\u00f6stusharu jaoks sobivaimad v\u00f5imalused.<\/p>\n<\/blockquote>\n\n\n\n<h3 class=\"wp-block-heading has-text-align-center\">INDUSTRIES<\/h3>\n\n\n\n<div class=\"wp-block-columns is-layout-flex wp-container-core-columns-is-layout-28f84493 wp-block-columns-is-layout-flex\">\n<div class=\"wp-block-column is-layout-flow wp-block-column-is-layout-flow\">\n<hr class=\"wp-block-separator has-alpha-channel-opacity\"\/>\n\n\n\n<div class=\"wp-block-columns is-layout-flex wp-container-core-columns-is-layout-28f84493 wp-block-columns-is-layout-flex\">\n<div class=\"wp-block-column is-layout-flow wp-block-column-is-layout-flow\">\n<figure class=\"wp-block-image aligncenter size-thumbnail is-resized\"><img decoding=\"async\" width=\"150\" height=\"150\" src=\"https:\/\/obera.fr\/wp-content\/uploads\/2022\/02\/Textile-150x150.png\" alt=\"tekstiil\" class=\"wp-image-8855\"\/><figcaption class=\"wp-element-caption\">Tekstiilid<\/figcaption><\/figure>\n\n\n\n<figure class=\"wp-block-image aligncenter size-thumbnail is-resized\"><img decoding=\"async\" width=\"150\" height=\"150\" src=\"https:\/\/obera.fr\/wp-content\/uploads\/2022\/02\/Plastique-150x150.png\" alt=\"plastist\" class=\"wp-image-8854\"\/><figcaption class=\"wp-element-caption\">Plastist<\/figcaption><\/figure>\n<\/div>\n\n\n\n<div class=\"wp-block-column is-layout-flow wp-block-column-is-layout-flow\">\n<figure class=\"wp-block-image aligncenter size-thumbnail is-resized\"><img decoding=\"async\" width=\"150\" height=\"150\" src=\"https:\/\/obera.fr\/wp-content\/uploads\/2022\/02\/MINERAIS-150x150.png\" alt=\"Maagid\" class=\"wp-image-8847\"\/><figcaption class=\"wp-element-caption\">Mineraalid<\/figcaption><\/figure>\n\n\n\n<figure class=\"wp-block-image aligncenter size-thumbnail is-resized\"><img decoding=\"async\" width=\"150\" height=\"150\" src=\"https:\/\/obera.fr\/wp-content\/uploads\/2022\/02\/Metalurgie-150x150.png\" alt=\"metallurgia\" class=\"wp-image-8857\"\/><figcaption class=\"wp-element-caption\">Metallurgia<\/figcaption><\/figure>\n\n\n\n<figure class=\"wp-block-image aligncenter size-thumbnail is-resized\"><img decoding=\"async\" width=\"150\" height=\"150\" src=\"https:\/\/obera.fr\/wp-content\/uploads\/2023\/02\/sans-titre-2023-02-14t102211.641-150x150.png\" alt=\"P\u00f5llumajandus\" class=\"wp-image-18828\"\/><figcaption class=\"wp-element-caption\">P\u00f5llumajandus<\/figcaption><\/figure>\n<\/div>\n<\/div>\n<\/div>\n\n\n\n<div class=\"wp-block-column is-layout-flow wp-block-column-is-layout-flow\">\n<hr class=\"wp-block-separator has-alpha-channel-opacity\"\/>\n\n\n\n<div class=\"wp-block-columns is-layout-flex wp-container-core-columns-is-layout-28f84493 wp-block-columns-is-layout-flex\">\n<div class=\"wp-block-column is-layout-flow wp-block-column-is-layout-flow\">\n<figure class=\"wp-block-image aligncenter size-thumbnail is-resized\"><img decoding=\"async\" width=\"150\" height=\"150\" src=\"https:\/\/obera.fr\/wp-content\/uploads\/2022\/02\/Chimie-150x150.png\" alt=\"keemia\" class=\"wp-image-8846\"\/><figcaption class=\"wp-element-caption\">Keemia<\/figcaption><\/figure>\n\n\n\n<figure class=\"wp-block-image aligncenter size-thumbnail is-resized\"><img decoding=\"async\" width=\"150\" height=\"150\" src=\"https:\/\/obera.fr\/wp-content\/uploads\/2022\/02\/Travail-du-bois-150x150.png\" alt=\"puidut\u00f6\u00f6tlemine\" class=\"wp-image-8856\"\/><figcaption class=\"wp-element-caption\">Puidut\u00f6\u00f6tlemine<\/figcaption><\/figure>\n\n\n\n<figure class=\"wp-block-image aligncenter size-thumbnail is-resized\"><img decoding=\"async\" width=\"150\" height=\"150\" src=\"https:\/\/obera.fr\/wp-content\/uploads\/2023\/02\/sans-titre-2023-02-14t101920.185-150x150.png\" alt=\"Lennundus\" class=\"wp-image-18831\"\/><figcaption class=\"wp-element-caption\">Lennundus<\/figcaption><\/figure>\n<\/div>\n\n\n\n<div class=\"wp-block-column is-layout-flow wp-block-column-is-layout-flow\">\n<figure class=\"wp-block-image aligncenter size-thumbnail is-resized\"><img decoding=\"async\" width=\"150\" height=\"150\" src=\"https:\/\/obera.fr\/wp-content\/uploads\/2022\/02\/AGROALIMENTAIRE-150x150.png\" alt=\"p\u00f5llumajandus- ja toiduainet\u00f6\u00f6stus\" class=\"wp-image-8844\"\/><figcaption class=\"wp-element-caption\">Toiduainet\u00f6\u00f6stus<\/figcaption><\/figure>\n\n\n\n<figure class=\"wp-block-image aligncenter size-thumbnail is-resized\"><img decoding=\"async\" width=\"150\" height=\"150\" src=\"https:\/\/obera.fr\/wp-content\/uploads\/2022\/02\/Papier-carton-150x150.png\" alt=\"paber ja papp\" class=\"wp-image-8853\"\/><figcaption class=\"wp-element-caption\">Paber\/papp<\/figcaption><\/figure>\n\n\n\n<figure class=\"wp-block-image aligncenter size-thumbnail is-resized\"><img decoding=\"async\" width=\"150\" height=\"150\" src=\"https:\/\/obera.fr\/wp-content\/uploads\/2023\/02\/sans-titre-2023-02-14t101712.416-150x150.png\" alt=\"Autot\u00f6\u00f6stus\" class=\"wp-image-18834\"\/><figcaption class=\"wp-element-caption\">Autot\u00f6\u00f6stus<\/figcaption><\/figure>\n<\/div>\n<\/div>\n<\/div>\n<\/div>\n\n\n\n<table id=\"tablepress-198\" class=\"tablepress tablepress-id-198\">\n<tbody class=\"row-striping row-hover\">\n<tr class=\"row-1\">\n\t<td class=\"column-1\">Zones ATEX<\/td><td class=\"column-2\"><\/td><td class=\"column-3\">22<\/td>\n<\/tr>\n<tr class=\"row-2\">\n\t<td class=\"column-1\">Marquage<\/td><td class=\"column-2\"><\/td><td class=\"column-3\">EX II 3D Ex tc IIIB T135\u00b0C X Dc<\/td>\n<\/tr>\n<tr class=\"row-3\">\n\t<td class=\"column-1\">Tension<\/td><td class=\"column-2\">V-HZ<\/td><td class=\"column-3\">230<\/td>\n<\/tr>\n<tr class=\"row-4\">\n\t<td class=\"column-1\">Puissance<\/td><td class=\"column-2\">kW<\/td><td class=\"column-3\">1.1<\/td>\n<\/tr>\n<tr class=\"row-5\">\n\t<td class=\"column-1\">Protection \u00e9lectrique<\/td><td class=\"column-2\">IP<\/td><td class=\"column-3\">55<\/td>\n<\/tr>\n<tr class=\"row-6\">\n\t<td class=\"column-1\">D\u00e9pression maximum<\/td><td class=\"column-2\">Pa<\/td><td class=\"column-3\">2.250 Pa<\/td>\n<\/tr>\n<tr class=\"row-7\">\n\t<td class=\"column-1\">D\u00e9bit d\u2019air max<\/td><td class=\"column-2\">m3\/h<\/td><td class=\"column-3\">215<\/td>\n<\/tr>\n<tr class=\"row-8\">\n\t<td class=\"column-1\">Diam\u00e8tre embouchure<\/td><td class=\"column-2\">mm<\/td><td class=\"column-3\">50<\/td>\n<\/tr>\n<tr class=\"row-9\">\n\t<td class=\"column-1\">Type de filtre<\/td><td class=\"column-2\"><\/td><td class=\"column-3\">\u00c0 poches en \u00e9toile<\/td>\n<\/tr>\n<tr class=\"row-10\">\n\t<td class=\"column-1\">Surface<\/td><td class=\"column-2\">cm2<\/td><td class=\"column-3\">20.000<\/td>\n<\/tr>\n<tr class=\"row-11\">\n\t<td class=\"column-1\">Syst\u00e8me de nettoyage<\/td><td class=\"column-2\"><\/td><td class=\"column-3\">Manuel<\/td>\n<\/tr>\n<tr class=\"row-12\">\n\t<td class=\"column-1\">Bac de r\u00e9colte<\/td><td class=\"column-2\"><\/td><td class=\"column-3\">Acier<\/td>\n<\/tr>\n<tr class=\"row-13\">\n\t<td class=\"column-1\">Syst\u00e8me de vidange<\/td><td class=\"column-2\"><\/td><td class=\"column-3\">Bac d\u00e9crochable<\/td>\n<\/tr>\n<tr class=\"row-14\">\n\t<td class=\"column-1\">Capacit\u00e9<\/td><td class=\"column-2\">litre<\/td><td class=\"column-3\">40<\/td>\n<\/tr>\n<tr class=\"row-15\">\n\t<td class=\"column-1\">Dimensions<\/td><td class=\"column-2\">cm<\/td><td class=\"column-3\">55x63x124<\/td>\n<\/tr>\n<\/tbody>\n<\/table>\n\n\n\n\n<div class=\"wp-block-buttons is-content-justification-center is-layout-flex wp-container-core-buttons-is-layout-a89b3969 wp-block-buttons-is-layout-flex\">\n<div class=\"wp-block-button\"><a class=\"wp-block-button__link wp-element-button\" href=\"https:\/\/obera.fr\/wp-content\/uploads\/2024\/04\/obera_brochure-w2-xr-fr.pdf\">TOOTE ANDMELEHE ALLALAADIMINE<\/a><\/div>\n<\/div>\n\n\n\n<h2 class=\"wp-block-heading\">W2 XR tolmuimeja: kompaktse, suure filtratsiooniga tolmuimeja eelised<\/h2>\n\n\n\n<p>T\u00f6\u00f6stuslik tolmuimeja W2 XR pakub k\u00f5iki W2-seeria eeliseid, nimelt suurt liikuvust, mis v\u00f5imaldab operaatoritel h\u00f5lpsasti ja mugavalt kasutada. M\u00fcra summutav vooder mootori \u00fcmber, et v\u00e4hendada m\u00fcra nii palju kui v\u00f5imalik ja v\u00e4ltida meeskondade h\u00e4irimist.  <\/p>\n\n\n\n<p>Selle mitmek\u00fclgsus on ilmselgelt peamine kriteerium t\u00f6\u00f6sturite jaoks, kuna selle m\u00e4rg-kuiv tehnoloogia koos ATEX-konformsusega t\u00e4hendab, et see saab t\u00f6\u00f6delda tolmu, tahkeid aineid ja plahvatuskindlaid vedelikke. Samuti on seda lihtne hooldada t\u00e4nu sisseehitatud filtri raputajale, mis muudab puhastamise lihtsaks. K\u00f5ik, mida operaator peab tegema, on aktiveerida raputusvahendi hoob koheseks k\u00e4sitsi puhastamiseks.<\/p>\n\n\n\n<p>L\u00f5puks on W2 XR-seeria peamine eelis selle ATEX tsooni 22 sertifikaat. Selle t\u00f6\u00f6stusliku tolmuimejaga t\u00e4idate oma n\u00f5uetele vastavuse kohustusi. ATEX tsooni 22 sertifikaadiga tolmuimeja kasutamine on oluline, et tagada teie meeskondade ja vara ohutus.  <\/p>\n\n\n\n<div class=\"wp-block-columns is-layout-flex wp-container-core-columns-is-layout-28f84493 wp-block-columns-is-layout-flex\">\n<div class=\"wp-block-column is-layout-flow wp-block-column-is-layout-flow\" style=\"flex-basis:33.34%\">\n<h3 class=\"wp-block-heading\">Eelised :<\/h3>\n\n\n\n<ul class=\"wp-block-list\">\n<li>Kompaktne ja mobiilne tolmuimeja;<\/li>\n\n\n\n<li>V\u00e4henenud allergiate ja hingamisteede haiguste risk;<\/li>\n\n\n\n<li>Vastab ATEX-m\u00e4\u00e4ruste n\u00f5uetele.<\/li>\n<\/ul>\n<\/div>\n\n\n\n<div class=\"wp-block-column is-layout-flow wp-block-column-is-layout-flow\" style=\"flex-basis:33.34%\">\n<h3 class=\"wp-block-heading\">Eriomadused:<\/h3>\n\n\n\n<ul class=\"wp-block-list\">\n<li>ATEX tsooni 22 n\u00f5uetele vastav, osakeste, tahkete ainete ja vedelike plahvatuskindel imemine.<\/li>\n<\/ul>\n<\/div>\n\n\n\n<div class=\"wp-block-column is-layout-flow wp-block-column-is-layout-flow\" style=\"flex-basis:33.33%\">\n<h3 class=\"wp-block-heading\">Omadused :<\/h3>\n\n\n\n<ul class=\"wp-block-list\">\n<li>Antistaatiline pol\u00fcesterkoti filter;<\/li>\n\n\n\n<li>\u00dchefaasiline harjadeta mootor ;<\/li>\n\n\n\n<li>Sulgemiss\u00fcsteem koos m\u00e4rgutulega.<\/li>\n<\/ul>\n<\/div>\n<\/div>\n\n\n\n<h2 class=\"wp-block-heading\">Kas teil on ikka veel kahtlusi W2 XR tolmuimeja t\u00f5hususe suhtes teie t\u00f6\u00f6stuses?<\/h2>\n\n\n\n<p>OberAs teame, et plahvatusohu tase tsoonis 22 s\u00f5ltub mitmest tegurist: tolmu liik, kogus, s\u00fcttimisallikad jne. Et v\u00f5tta vastu \u00f5ige v\u00e4ljat\u00f5mbelahendus, teeme teie t\u00f6\u00f6kodades diagnoosi ja pakume teile seadme testimist koos ostuv\u00f5imalusega.<\/p>\n\n\n\n<div class=\"wp-block-buttons is-content-justification-center is-layout-flex wp-container-core-buttons-is-layout-a89b3969 wp-block-buttons-is-layout-flex\">\n<div class=\"wp-block-button\"><a class=\"wp-block-button__link wp-element-button\" href=\"https:\/\/obera.fr\/et\/contact\/\">TESTIDA W2 XR TOLMUIMEJAT<\/a><\/div>\n<\/div>\n\n\n\n<h2 class=\"wp-block-heading\">Muud t\u00f6\u00f6stuslikud tolmuimejad tootesarjas<\/h2>\n\n\n\n<div class=\"wp-block-columns is-layout-flex wp-container-core-columns-is-layout-28f84493 wp-block-columns-is-layout-flex\">\n<div class=\"wp-block-column is-layout-flow wp-block-column-is-layout-flow\">\n<figure class=\"wp-block-image aligncenter size-full is-resized\"><a href=\"https:\/\/obera.fr\/produits\/aspirateurs-industriels\/ventilateurs-aspiration-gamme-eurosog-rg-100-800\/\"><img decoding=\"async\" width=\"600\" height=\"600\" src=\"https:\/\/obera.fr\/wp-content\/uploads\/2024\/04\/obera-ventilateur-aspiration-rg-300-400.jpg\" alt=\"obera imemisventilaator rg 300 400\" class=\"wp-image-29437\" style=\"width:349px;height:auto\" srcset=\"https:\/\/obera.fr\/wp-content\/uploads\/2024\/04\/obera-ventilateur-aspiration-rg-300-400.jpg 600w, https:\/\/obera.fr\/wp-content\/uploads\/2024\/04\/obera-ventilateur-aspiration-rg-300-400-300x300.jpg 300w, https:\/\/obera.fr\/wp-content\/uploads\/2024\/04\/obera-ventilateur-aspiration-rg-300-400-150x150.jpg 150w\" sizes=\"(max-width: 600px) 100vw, 600px\" \/><\/a><figcaption class=\"wp-element-caption\">RG 300\/400<\/figcaption><\/figure>\n<\/div>\n\n\n\n<div class=\"wp-block-column is-layout-flow wp-block-column-is-layout-flow\">\n<figure class=\"wp-block-image aligncenter size-full is-resized\"><a href=\"https:\/\/obera.fr\/produits\/aspirateurs-industriels\/w2-haute-filtration-polyvalence\/\"><img decoding=\"async\" width=\"711\" height=\"622\" src=\"https:\/\/obera.fr\/wp-content\/uploads\/2024\/10\/w2.png\" alt=\"T\u00f6\u00f6stuslikud tolmuimejad\" class=\"wp-image-35424\" style=\"object-fit:cover;width:300px;height:300px\" srcset=\"https:\/\/obera.fr\/wp-content\/uploads\/2024\/10\/w2.png 711w, https:\/\/obera.fr\/wp-content\/uploads\/2024\/10\/w2-300x262.png 300w\" sizes=\"(max-width: 711px) 100vw, 711px\" \/><\/a><figcaption class=\"wp-element-caption\">W2<\/figcaption><\/figure>\n<\/div>\n\n\n\n<div class=\"wp-block-column is-layout-flow wp-block-column-is-layout-flow\">\n<figure class=\"wp-block-image aligncenter size-full is-resized\"><a href=\"https:\/\/obera.fr\/produits\/aspirateurs-industriels\/w3-pour-nettoyage-general\/\"><img decoding=\"async\" width=\"658\" height=\"652\" src=\"https:\/\/obera.fr\/wp-content\/uploads\/2024\/10\/w3.png\" alt=\"w3\" class=\"wp-image-35427\" style=\"object-fit:cover;width:300px;height:300px\" srcset=\"https:\/\/obera.fr\/wp-content\/uploads\/2024\/10\/w3.png 658w, https:\/\/obera.fr\/wp-content\/uploads\/2024\/10\/w3-300x297.png 300w, https:\/\/obera.fr\/wp-content\/uploads\/2024\/10\/w3-150x150.png 150w, https:\/\/obera.fr\/wp-content\/uploads\/2024\/10\/w3-24x24.png 24w, https:\/\/obera.fr\/wp-content\/uploads\/2024\/10\/w3-48x48.png 48w, https:\/\/obera.fr\/wp-content\/uploads\/2024\/10\/w3-96x96.png 96w\" sizes=\"(max-width: 658px) 100vw, 658px\" \/><\/a><figcaption class=\"wp-element-caption\">W3<\/figcaption><\/figure>\n<\/div>\n<\/div>\n","protected":false},"excerpt":{"rendered":"<p>Avastage t\u00f6\u00f6stuslik tolmuimeja W2 XR tahkete ainete ja vedelike plahvatuskindlaks imemiseks. Kompaktsed, mobiilsed ja suure j\u00f5udlusega seadmed, mis v\u00e4hendavad s\u00fcttimis- ja plahvatusohtu teie tootmis\u00fcksustes. W2 XR t\u00f6\u00f6stuslik tolmuimeja ATEX tsooni 22 sertifikaadiga: p\u00f5him\u00f5te ja kasutamine W2 XR m\u00e4rg- ja kuivt\u00f6\u00f6tlemisega t\u00f6\u00f6stuslik tolmuimeja on m\u00f5eldud plahvatuskindlate tahkete ainete ja vedelike tolmuimejaks. Selle konstruktsioon on kavandatud nii, et t\u00e4nu antistaatilisele pol\u00fcesterkott-filtrile (filtri\u00fcksuse kaitse) ei teki staatilist elektrit. \u00dclekuumenemise v\u00e4ltimiseks on seade varustatud \u00fchefaasilise harjadeta mootoriga, mis tekitab v\u00e4hem soojust ja h\u00f5\u00f5rdumist kui harjamootor. See konstruktsioon vastab t\u00e4ielikult ATEXi eeskirjadele klassi 22 tsoonide jaoks. Milleks? Seeria W2 XR on kalibreeritud riskide minimeerimiseks plahvatusohtlikes &#8230; <\/p>\n<p class=\"read-more-container\"><a title=\"T\u00f6\u00f6stuslik tolmuimeja W2 XR\" class=\"read-more button\" href=\"https:\/\/obera.fr\/et\/produits\/aspirateurs-industriels\/w2-xr-atex-22\/#more-50679\" aria-label=\"Read more about T\u00f6\u00f6stuslik tolmuimeja W2 XR\">Lire la suite<\/a><\/p>\n","protected":false},"author":4,"featured_media":83738,"parent":52204,"menu_order":0,"comment_status":"closed","ping_status":"closed","template":"","meta":{"_acf_changed":false,"_seopress_robots_primary_cat":"","_seopress_titles_title":"T\u00f6\u00f6stuslik tolmuimeja W2 XR ATEX 22 oberA","_seopress_titles_desc":"Avastage W2 XR-seeria kompaktne ja suure j\u00f5udlusega seade tahkete ainete ja plahvatuskindlate vedelike imemiseks. Seadmed, mida saate testida koos ostuv\u00f5imalusega t\u00e4nu OberA-le.","_seopress_robots_index":"","footnotes":""},"class_list":{"0":"post-50679","1":"page","2":"type-page","3":"status-publish","4":"has-post-thumbnail","6":"no-featured-image-padding","7":"resize-featured-image"},"acf":[],"_links":{"self":[{"href":"https:\/\/obera.fr\/et\/wp-json\/wp\/v2\/pages\/50679","targetHints":{"allow":["GET"]}}],"collection":[{"href":"https:\/\/obera.fr\/et\/wp-json\/wp\/v2\/pages"}],"about":[{"href":"https:\/\/obera.fr\/et\/wp-json\/wp\/v2\/types\/page"}],"author":[{"embeddable":true,"href":"https:\/\/obera.fr\/et\/wp-json\/wp\/v2\/users\/4"}],"replies":[{"embeddable":true,"href":"https:\/\/obera.fr\/et\/wp-json\/wp\/v2\/comments?post=50679"}],"version-history":[{"count":7,"href":"https:\/\/obera.fr\/et\/wp-json\/wp\/v2\/pages\/50679\/revisions"}],"predecessor-version":[{"id":107249,"href":"https:\/\/obera.fr\/et\/wp-json\/wp\/v2\/pages\/50679\/revisions\/107249"}],"up":[{"embeddable":true,"href":"https:\/\/obera.fr\/et\/wp-json\/wp\/v2\/pages\/52204"}],"wp:featuredmedia":[{"embeddable":true,"href":"https:\/\/obera.fr\/et\/wp-json\/wp\/v2\/media\/83738"}],"wp:attachment":[{"href":"https:\/\/obera.fr\/et\/wp-json\/wp\/v2\/media?parent=50679"}],"curies":[{"name":"wp","href":"https:\/\/api.w.org\/{rel}","templated":true}]}}