{"id":50693,"date":"2024-04-05T22:42:52","date_gmt":"2024-04-05T20:42:52","guid":{"rendered":"https:\/\/obera.fr\/w2-toostuslik-tolmuimeja\/"},"modified":"2025-06-03T10:39:25","modified_gmt":"2025-06-03T08:39:25","slug":"w2-haute-filtration-polyvalence","status":"publish","type":"page","link":"https:\/\/obera.fr\/et\/produits\/aspirateurs-industriels\/w2-haute-filtration-polyvalence\/","title":{"rendered":"W2 t\u00f6\u00f6stuslik tolmuimeja"},"content":{"rendered":"\n<p>Kompaktne ja mobiilne<a href=\"https:\/\/obera.fr\/et\/produits\/aspirateurs-industriels\/\" data-type=\"page\" data-id=\"41\">t\u00f6\u00f6stuslik tolmuimeja<\/a> W2 on \u00fcks t\u00f5husamaid seadmeid turul, mis on tuntud oma vastupidavuse, suure filtreerimisv\u00f5imsuse ja j\u00f5udluse poolest.<\/p>\n\n\n\n<h2 class=\"wp-block-heading\">W2 m\u00e4rg- ja kuivt\u00f6\u00f6taimurid: kuidas nad t\u00f6\u00f6tavad ja kus neid kasutatakse?<\/h2>\n\n\n\n<div class=\"wp-block-columns is-layout-flex wp-container-core-columns-is-layout-28f84493 wp-block-columns-is-layout-flex\">\n<div class=\"wp-block-column is-layout-flow wp-block-column-is-layout-flow\" style=\"flex-basis:33.33%\">\n<figure class=\"wp-block-image size-full is-resized\"><img decoding=\"async\" width=\"711\" height=\"622\" src=\"https:\/\/obera.fr\/wp-content\/uploads\/2024\/10\/w2.png\" alt=\"T\u00f6\u00f6stuslikud tolmuimejad\" class=\"wp-image-35424\" style=\"object-fit:cover;width:300px;height:300px\" srcset=\"https:\/\/obera.fr\/wp-content\/uploads\/2024\/10\/w2.png 711w, https:\/\/obera.fr\/wp-content\/uploads\/2024\/10\/w2-300x262.png 300w\" sizes=\"(max-width: 711px) 100vw, 711px\" \/><\/figure>\n<\/div>\n\n\n\n<div class=\"wp-block-column is-layout-flow wp-block-column-is-layout-flow\" style=\"flex-basis:66.66%\">\n<p><strong>T\u00f6\u00f6stusliku tolmuimeja W2<\/strong> peamine eelis on selle mitmek\u00fclgsus. Selle imemisv\u00f5imsus t\u00e4hendab, et see suudab samaaegselt t\u00f5sta ja tolmuimeerida nii tahkeid kui ka vedelaid materjale. Sellel on kaks \u00fchefaasilist m\u00f6\u00f6davoolumootorit, mis on kaitstud tugeva terasest mootoripeaga ja seestpoolt helikindlalt. Tolmuimejal on vee ja tolmu eralduss\u00fcsteem, mis filtreerib vedelikud kuivadest osakestest. Tolmuosakesi hoitakse teraskonteineris, vedelikud aga kogutakse mahutisse.    <\/p>\n\n\n\n<p>T\u00f6\u00f6stuslik tolmuimeja W2 sobib ideaalselt <strong>v\u00e4ikeste ja keskmiste tolmukoguste<\/strong> <strong>puhastamiseks<\/strong> ja <strong>k\u00e4itlemiseks<\/strong>. See on t\u00f5hus ka tahkete ja vedelate materjalide imemiseks. T\u00e4nu oma mitmek\u00fclgsusele sobib see ideaalselt igat liiki t\u00f6\u00f6stuses. Eriti t\u00f5hus on see keemiat\u00f6\u00f6stuses, farmaatsiat\u00f6\u00f6stuses, toiduainet\u00f6\u00f6stuses ja jahvatuses, samuti pagarit\u00f6\u00f6stuses ja ahjupuhastuses.   <\/p>\n\n\n\n<div class=\"wp-block-columns is-layout-flex wp-container-core-columns-is-layout-28f84493 wp-block-columns-is-layout-flex\">\n<div class=\"wp-block-column is-layout-flow wp-block-column-is-layout-flow\">\n<div class=\"wp-block-buttons is-layout-flex wp-block-buttons-is-layout-flex\">\n<div class=\"wp-block-button\"><a class=\"wp-block-button__link wp-element-button\" href=\"https:\/\/obera.fr\/wp-content\/uploads\/2025\/06\/brochure-w2-en.pdf\">LAE ALLA BRO\u0160\u00dc\u00dcR<\/a><\/div>\n<\/div>\n<\/div>\n\n\n\n<div class=\"wp-block-column is-layout-flow wp-block-column-is-layout-flow\">\n<div class=\"wp-block-buttons is-horizontal is-content-justification-center is-layout-flex wp-container-core-buttons-is-layout-03627597 wp-block-buttons-is-layout-flex\">\n<div class=\"wp-block-button has-custom-width wp-block-button__width-100\"><a class=\"wp-block-button__link wp-element-button\" href=\"https:\/\/obera.fr\/et\/votke-meiega-uhendust\/\">Lisateavet<\/a><\/div>\n<\/div>\n<\/div>\n\n\n\n<div class=\"wp-block-column is-layout-flow wp-block-column-is-layout-flow\">\n<div class=\"wp-block-buttons is-content-justification-center is-layout-flex wp-container-core-buttons-is-layout-a89b3969 wp-block-buttons-is-layout-flex\">\n<div class=\"wp-block-button btn-devis-source\"><a class=\"wp-block-button__link wp-element-button\" href=\"https:\/\/obera.fr\/et\/devis\/\">Taotlege hinnapakkumist<\/a><\/div>\n<\/div>\n\n\n<script>\r\ndocument.addEventListener('DOMContentLoaded', function() {\r\n    \/\/ 1. On cherche le titre H1 de la page\r\n    var h1 = document.querySelector('h1');\r\n    var productTitle = h1 ? h1.innerText.trim() : \"\";\r\n\r\n    \/\/ 2. On cherche les boutons via la classe CSS .btn-devis-source\r\n    var buttons = document.querySelectorAll('.btn-devis-source a');\r\n\r\n    \/\/ 3. Si on a le titre et les boutons, on ajoute le param\u00e8tre\r\n    if (buttons.length > 0 && productTitle !== \"\") {\r\n        var encodedTitle = encodeURIComponent(productTitle);\r\n\r\n        buttons.forEach(function(btn) {\r\n            var currentHref = btn.getAttribute('href');\r\n            \r\n            \/\/ S\u00e9curit\u00e9 pour ne pas ajouter le param\u00e8tre 2 fois\r\n            if (currentHref.indexOf('sujet=') === -1) {\r\n                var separator = currentHref.indexOf('?') !== -1 ? '&' : '?';\r\n                var newLink = currentHref + separator + 'sujet=' + encodedTitle;\r\n                \r\n                btn.setAttribute('href', newLink);\r\n            }\r\n        });\r\n    }\r\n});\r\n<\/script><\/div>\n<\/div>\n<\/div>\n<\/div>\n\n\n\n<h2 class=\"wp-block-heading\">T\u00f6\u00f6stuslik tolmuimeja W2: k\u00f5rge filtratsioon, suur liikuvus&#8230; k\u00f5ik selle tehnilised omadused<\/h2>\n\n\n\n<p>T\u00f6\u00f6stuslik tolmuimeja W2 ei ole suurematele mudelitele midagi kadestada:<strong> selle imemisv\u00f5imsus ja 20 000 cm2 filtreerimispind<\/strong> annavad sellele seadmele nii suure filtreerimisv\u00f5ime kui ka suure liikuvuse. Tolmuimeja \u00f5huvoolukiirus on 360 m3\/h, mis tagab t\u00e4iustatud filtreerimise, et parandada \u00fcmbritseva \u00f5hu kvaliteeti ja eemaldada mustus kiiremini.   <\/p>\n\n\n\n<p>Seadme 420 mm pol\u00fcesterkott-filter ja t\u00f6\u00f6stuslik teraskonstruktsioon (mootor, filtrikamber, konteiner ja raam) tagavad maksimaalse vastupidavuse. Selle kaks \u00fchefaasilist mootorit on arvestatud pidevaks t\u00f6\u00f6ks 24\/7. Veel \u00fcks eelis on see, et tolmuimejal on ummistumise eemaldamise s\u00fcsteem, mis eemaldab ladestunud materjalid ja hoiab \u00e4ra seadme ummistumise.<\/p>\n\n\n\n<p>Veel \u00fcks oluline tehniline omadus: kuni 3 mikroni filtreerimistulemus ja taskufilter, mis tagab suure tolmu kinnipidamise, tagavad W2 tolmuimeja poolt v\u00e4ljapaisatava \u00f5hu puhtuse.<\/p>\n\n\n\n<p>M\u00e4rg- ja kuivtolmuimeja W2 on varustatud <strong>professionaalidele m\u00f5eldud lisatarvikutega<\/strong> (paindlik imemisvoolik, harjad, otsik, adapterid).<\/p>\n\n\n\n<blockquote class=\"wp-block-quote is-layout-flow wp-block-quote-is-layout-flow\">\n<p>Valikud: t\u00f6\u00f6stuslik tolmuimeja W2 on saadaval <strong>ATEX 22 tsooni<\/strong> versioonina, mis v\u00f5imaldab ohutut puhastamist keskkondades, kus tekib plahvatusohtlik tolm. Samuti saab seda varustada nomex-filtritega (kuumakindel kuni 250\u00b0), Hepa H14, klassi M PTFE, klassi L, M v\u00f5i M vee-oleofoobse tefloniga. S\u00f5ltuvalt teie t\u00f6\u00f6stusharust annavad meie meeskonnad teile n\u00f5u, milline filter sobib teie tootmis\u00fcksustele k\u00f5ige paremini.  <\/p>\n<\/blockquote>\n\n\n\n<h3 class=\"wp-block-heading has-text-align-center\">INDUSTRIES<\/h3>\n\n\n\n<div class=\"wp-block-columns is-layout-flex wp-container-core-columns-is-layout-28f84493 wp-block-columns-is-layout-flex\">\n<div class=\"wp-block-column is-layout-flow wp-block-column-is-layout-flow\">\n<hr class=\"wp-block-separator has-alpha-channel-opacity\"\/>\n\n\n\n<div class=\"wp-block-columns is-layout-flex wp-container-core-columns-is-layout-28f84493 wp-block-columns-is-layout-flex\">\n<div class=\"wp-block-column is-layout-flow wp-block-column-is-layout-flow\">\n<figure class=\"wp-block-image aligncenter size-thumbnail is-resized\"><img decoding=\"async\" width=\"150\" height=\"150\" src=\"https:\/\/obera.fr\/wp-content\/uploads\/2022\/02\/Textile-150x150.png\" alt=\"tekstiil\" class=\"wp-image-8855\"\/><figcaption class=\"wp-element-caption\">Tekstiilid<\/figcaption><\/figure>\n\n\n\n<figure class=\"wp-block-image aligncenter size-thumbnail is-resized\"><img decoding=\"async\" width=\"150\" height=\"150\" src=\"https:\/\/obera.fr\/wp-content\/uploads\/2022\/02\/Plastique-150x150.png\" alt=\"plastist\" class=\"wp-image-8854\"\/><figcaption class=\"wp-element-caption\">Plastist<\/figcaption><\/figure>\n<\/div>\n\n\n\n<div class=\"wp-block-column is-layout-flow wp-block-column-is-layout-flow\">\n<figure class=\"wp-block-image aligncenter size-thumbnail is-resized\"><img decoding=\"async\" width=\"150\" height=\"150\" src=\"https:\/\/obera.fr\/wp-content\/uploads\/2022\/02\/MINERAIS-150x150.png\" alt=\"Maagid\" class=\"wp-image-8847\"\/><figcaption class=\"wp-element-caption\">Mineraalid<\/figcaption><\/figure>\n\n\n\n<figure class=\"wp-block-image aligncenter size-thumbnail is-resized\"><img decoding=\"async\" width=\"150\" height=\"150\" src=\"https:\/\/obera.fr\/wp-content\/uploads\/2022\/02\/Metalurgie-150x150.png\" alt=\"metallurgia\" class=\"wp-image-8857\"\/><figcaption class=\"wp-element-caption\">Metallurgia<\/figcaption><\/figure>\n\n\n\n<figure class=\"wp-block-image aligncenter size-thumbnail is-resized\"><img decoding=\"async\" width=\"150\" height=\"150\" src=\"https:\/\/obera.fr\/wp-content\/uploads\/2023\/02\/sans-titre-2023-02-14t102211.641-150x150.png\" alt=\"P\u00f5llumajandus\" class=\"wp-image-18828\"\/><figcaption class=\"wp-element-caption\">P\u00f5llumajandus<\/figcaption><\/figure>\n<\/div>\n<\/div>\n<\/div>\n\n\n\n<div class=\"wp-block-column is-layout-flow wp-block-column-is-layout-flow\">\n<hr class=\"wp-block-separator has-alpha-channel-opacity\"\/>\n\n\n\n<div class=\"wp-block-columns is-layout-flex wp-container-core-columns-is-layout-28f84493 wp-block-columns-is-layout-flex\">\n<div class=\"wp-block-column is-layout-flow wp-block-column-is-layout-flow\">\n<figure class=\"wp-block-image aligncenter size-thumbnail is-resized\"><img decoding=\"async\" width=\"150\" height=\"150\" src=\"https:\/\/obera.fr\/wp-content\/uploads\/2022\/02\/Chimie-150x150.png\" alt=\"keemia\" class=\"wp-image-8846\"\/><figcaption class=\"wp-element-caption\">Keemia<\/figcaption><\/figure>\n\n\n\n<figure class=\"wp-block-image aligncenter size-thumbnail is-resized\"><img decoding=\"async\" width=\"150\" height=\"150\" src=\"https:\/\/obera.fr\/wp-content\/uploads\/2022\/02\/Travail-du-bois-150x150.png\" alt=\"puidut\u00f6\u00f6tlemine\" class=\"wp-image-8856\"\/><figcaption class=\"wp-element-caption\">Puidut\u00f6\u00f6tlemine<\/figcaption><\/figure>\n\n\n\n<figure class=\"wp-block-image aligncenter size-thumbnail is-resized\"><img decoding=\"async\" width=\"150\" height=\"150\" src=\"https:\/\/obera.fr\/wp-content\/uploads\/2023\/02\/sans-titre-2023-02-14t101920.185-150x150.png\" alt=\"Lennundus\" class=\"wp-image-18831\"\/><figcaption class=\"wp-element-caption\">Lennundus<\/figcaption><\/figure>\n<\/div>\n\n\n\n<div class=\"wp-block-column is-layout-flow wp-block-column-is-layout-flow\">\n<figure class=\"wp-block-image aligncenter size-thumbnail is-resized\"><img decoding=\"async\" width=\"150\" height=\"150\" src=\"https:\/\/obera.fr\/wp-content\/uploads\/2022\/02\/AGROALIMENTAIRE-150x150.png\" alt=\"p\u00f5llumajandus- ja toiduainet\u00f6\u00f6stus\" class=\"wp-image-8844\"\/><figcaption class=\"wp-element-caption\">Toiduainet\u00f6\u00f6stus<\/figcaption><\/figure>\n\n\n\n<figure class=\"wp-block-image aligncenter size-thumbnail is-resized\"><img decoding=\"async\" width=\"150\" height=\"150\" src=\"https:\/\/obera.fr\/wp-content\/uploads\/2022\/02\/Papier-carton-150x150.png\" alt=\"paber ja papp\" class=\"wp-image-8853\"\/><figcaption class=\"wp-element-caption\">Paber\/papp<\/figcaption><\/figure>\n\n\n\n<figure class=\"wp-block-image aligncenter size-thumbnail is-resized\"><img decoding=\"async\" width=\"150\" height=\"150\" src=\"https:\/\/obera.fr\/wp-content\/uploads\/2023\/02\/sans-titre-2023-02-14t101712.416-150x150.png\" alt=\"Autot\u00f6\u00f6stus\" class=\"wp-image-18834\"\/><figcaption class=\"wp-element-caption\">Autot\u00f6\u00f6stus<\/figcaption><\/figure>\n<\/div>\n<\/div>\n<\/div>\n<\/div>\n\n\n\n<figure class=\"wp-block-table\"><table class=\"has-fixed-layout\"><tbody><tr><td>Pinge<\/td><td>V-HZ<\/td><td>230-50<\/td><\/tr><tr><td>V\u00f5imsus<\/td><td>kW<\/td><td>2&#215;1.1<\/td><\/tr><tr><td>Maksimaalne depressioon<\/td><td>Pa<\/td><td>2400 Pa<\/td><\/tr><tr><td>Maksimaalne \u00f5huvool<\/td><td>m3\/h<\/td><td>360<\/td><\/tr><tr><td>Suuosa l\u00e4bim\u00f5\u00f5t<\/td><td>mm<\/td><td>50<\/td><\/tr><tr><td>Filtri t\u00fc\u00fcp<\/td><td><\/td><td>T\u00e4htede taskutega<\/td><\/tr><tr><td>Pind<\/td><td>cm2<\/td><td>20.000<\/td><\/tr><tr><td>Puhastuss\u00fcsteem<\/td><td><\/td><td>Manuel<\/td><\/tr><tr><td>Saagikoristuskonteiner<\/td><td><\/td><td>Teras<\/td><\/tr><tr><td>Drenaa\u017eis\u00fcsteem<\/td><td><\/td><td>Eemaldatav pr\u00fcgikast<\/td><\/tr><tr><td>V\u00f5imsus<\/td><td>liiter<\/td><td>40<\/td><\/tr><tr><td>M\u00f5\u00f5tmed<\/td><td>cm<\/td><td>55x63x115<\/td><\/tr><\/tbody><\/table><\/figure>\n\n\n\n<div class=\"wp-block-buttons is-content-justification-center is-layout-flex wp-container-core-buttons-is-layout-a89b3969 wp-block-buttons-is-layout-flex\">\n<div class=\"wp-block-button\"><a class=\"wp-block-button__link wp-element-button\" href=\"https:\/\/obera.fr\/wp-content\/uploads\/2024\/04\/obera_brochure-w2-fr.pdf\">TOOTE ANDMELEHE ALLALAADIMINE<\/a><\/div>\n<\/div>\n\n\n\n<h2 class=\"wp-block-heading\">V\u00f5imas ja mitmek\u00fclgne: k\u00f5ik W2 tolmuimeja eelised<\/h2>\n\n\n\n<p>W2 \u00fchendab endas kompaktse masina kasutusmugavuse ja t\u00f6\u00f6stusliku tolmuimeja v\u00f5imsuse. Lisaks suurele liikuvusele ja imemisv\u00f5imsusele v\u00e4hendab selle helisummutav kate kasutamise ajal m\u00fcra, et mitte h\u00e4irida operaatorit v\u00f5i teisi t\u00f6\u00f6koja t\u00f6\u00f6tajaid. Kasutamise lihtsustamiseks takistab selle allapoole suunatud v\u00e4ljalaskeava, et tolm ei seguneks pinnale ja ei satuks operaatori teele.<\/p>\n\n\n\n<p>Tolmuimeja ei vaja hooldust ja on varustatud vertikaalse filtri raputajaga, mis takistab filtri k\u00fcllastumist ja eelk\u00f5ige lihtsustab k\u00e4sitsi puhastamist.<\/p>\n\n\n\n<p>Viimane, kuid mitte v\u00e4hem t\u00e4htis eelis on selle mitmek\u00fclgsus, sest t\u00e4nu tahkete ja vedelate materjalide imemisele saab seda kasutada mitmel otstarbel: p\u00f5randate, seinte, ehitusplatside, t\u00f6\u00f6kodade, masinate, toitlustusseadmete jne. puhastamiseks.<\/p>\n\n\n\n<div class=\"wp-block-columns is-layout-flex wp-container-core-columns-is-layout-28f84493 wp-block-columns-is-layout-flex\">\n<div class=\"wp-block-column is-layout-flow wp-block-column-is-layout-flow\" style=\"flex-basis:33.34%\">\n<h3 class=\"wp-block-heading\">Eelised :<\/h3>\n\n\n\n<ul class=\"wp-block-list\">\n<li>K\u00f5rge filtreerimiss\u00fcsteem tahke ja vedela tolmu samaaegseks v\u00e4ljat\u00f5mbamiseks;<\/li>\n\n\n\n<li>\u00dclimalt kompaktne ja mobiilne;<\/li>\n\n\n\n<li>V\u00e4ga vaikne kasutamisel.  <\/li>\n<\/ul>\n<\/div>\n\n\n\n<div class=\"wp-block-column is-layout-flow wp-block-column-is-layout-flow\" style=\"flex-basis:33.34%\">\n<h3 class=\"wp-block-heading\">Eriomadused:<\/h3>\n\n\n\n<ul class=\"wp-block-list\">\n<li>Kaks \u00fchefaasilist mootorit s\u00f5ltumatute l\u00fclititega;<\/li>\n\n\n\n<li>Valikuline: Hepa H14 filter, klass M, L, M vee-oleofoobne teflon, M PTFE, nomex filter;<\/li>\n\n\n\n<li>Saadaval on ATEX tsooni 22 versioon.<\/li>\n<\/ul>\n<\/div>\n\n\n\n<div class=\"wp-block-column is-layout-flow wp-block-column-is-layout-flow\" style=\"flex-basis:33.33%\">\n<h3 class=\"wp-block-heading\">Omadused :<\/h3>\n\n\n\n<ul class=\"wp-block-list\">\n<li>Ummistunud filtri m\u00e4rgutuli ;<\/li>\n\n\n\n<li>Imemisseadme kaitse koos selle t\u00e4rnifiltriga (pol\u00fcester).<\/li>\n<\/ul>\n<\/div>\n<\/div>\n\n\n\n<h2 class=\"wp-block-heading\">Kas soovite testida t\u00f6\u00f6stuslikku tolmuimejat W2 oma tootmiskohas?<\/h2>\n\n\n\n<p>Katsetage lahendust oma t\u00f6\u00f6kodades! K\u00f5ikide meie lahenduste puhul pakume testperioodi koos ostuv\u00f5imalusega keskmiselt 1 kuu jooksul. Testi l\u00f5pus kas v\u00f5tate selle kasutusele v\u00f5i soovitame teile lahenduse, mis sobib paremini teie vajadustele.<\/p>\n\n\n\n<div class=\"wp-block-buttons is-content-justification-center is-layout-flex wp-container-core-buttons-is-layout-a89b3969 wp-block-buttons-is-layout-flex\">\n<div class=\"wp-block-button\"><a class=\"wp-block-button__link wp-element-button\" href=\"https:\/\/obera.fr\/et\/contact\/\">TESTIDA W2 TOLMUIMEJAT<\/a><\/div>\n<\/div>\n\n\n\n<h2 class=\"wp-block-heading\">Muud t\u00f6\u00f6stuslikud tolmuimejad tootesarjas<\/h2>\n\n\n\n<div class=\"wp-block-columns is-layout-flex wp-container-core-columns-is-layout-28f84493 wp-block-columns-is-layout-flex\">\n<div class=\"wp-block-column is-layout-flow wp-block-column-is-layout-flow\">\n<figure class=\"wp-block-image aligncenter size-full is-resized\"><a href=\"https:\/\/obera.fr\/produits\/aspirateurs-industriels\/w2-xr-atex-22\/\"><img decoding=\"async\" width=\"566\" height=\"671\" src=\"https:\/\/obera.fr\/wp-content\/uploads\/2024\/10\/w2-xr-2.png\" alt=\"T\u00f6\u00f6stuslikud tolmuimejad\" class=\"wp-image-35431\" style=\"object-fit:cover;width:300px;height:300px\" srcset=\"https:\/\/obera.fr\/wp-content\/uploads\/2024\/10\/w2-xr-2.png 566w, https:\/\/obera.fr\/wp-content\/uploads\/2024\/10\/w2-xr-2-253x300.png 253w\" sizes=\"(max-width: 566px) 100vw, 566px\" \/><\/a><figcaption class=\"wp-element-caption\">W2 XR<\/figcaption><\/figure>\n<\/div>\n\n\n\n<div class=\"wp-block-column is-layout-flow wp-block-column-is-layout-flow\">\n<figure class=\"wp-block-image aligncenter size-full\"><a href=\"https:\/\/obera.fr\/produits\/aspirateurs-industriels\/ventilateurs-aspiration-gamme-eurosog-rg-100-800\/\"><img decoding=\"async\" width=\"600\" height=\"600\" src=\"https:\/\/obera.fr\/wp-content\/uploads\/2024\/04\/obera-ventilateur-aspiration-rg-300-400.jpg\" alt=\"obera imemisventilaator rg 300 400\" class=\"wp-image-29437\" srcset=\"https:\/\/obera.fr\/wp-content\/uploads\/2024\/04\/obera-ventilateur-aspiration-rg-300-400.jpg 600w, https:\/\/obera.fr\/wp-content\/uploads\/2024\/04\/obera-ventilateur-aspiration-rg-300-400-300x300.jpg 300w, https:\/\/obera.fr\/wp-content\/uploads\/2024\/04\/obera-ventilateur-aspiration-rg-300-400-150x150.jpg 150w\" sizes=\"(max-width: 600px) 100vw, 600px\" \/><\/a><figcaption class=\"wp-element-caption\">RG 300\/400<\/figcaption><\/figure>\n<\/div>\n\n\n\n<div class=\"wp-block-column is-layout-flow wp-block-column-is-layout-flow\">\n<figure class=\"wp-block-image aligncenter size-full is-resized\"><a href=\"https:\/\/obera.fr\/produits\/aspirateurs-industriels\/w3-pour-nettoyage-general\/\"><img decoding=\"async\" width=\"658\" height=\"652\" src=\"https:\/\/obera.fr\/wp-content\/uploads\/2024\/10\/w3.png\" alt=\"w3\" class=\"wp-image-35427\" style=\"object-fit:cover;width:300px;height:300px\" srcset=\"https:\/\/obera.fr\/wp-content\/uploads\/2024\/10\/w3.png 658w, https:\/\/obera.fr\/wp-content\/uploads\/2024\/10\/w3-300x297.png 300w, https:\/\/obera.fr\/wp-content\/uploads\/2024\/10\/w3-150x150.png 150w, https:\/\/obera.fr\/wp-content\/uploads\/2024\/10\/w3-24x24.png 24w, https:\/\/obera.fr\/wp-content\/uploads\/2024\/10\/w3-48x48.png 48w, https:\/\/obera.fr\/wp-content\/uploads\/2024\/10\/w3-96x96.png 96w\" sizes=\"(max-width: 658px) 100vw, 658px\" \/><\/a><figcaption class=\"wp-element-caption\">W3<\/figcaption><\/figure>\n<\/div>\n<\/div>\n","protected":false},"excerpt":{"rendered":"<p>Kompaktne ja mobiilnet\u00f6\u00f6stuslik tolmuimeja W2 on \u00fcks t\u00f5husamaid seadmeid turul, mis on tuntud oma vastupidavuse, suure filtreerimisv\u00f5imsuse ja j\u00f5udluse poolest. W2 m\u00e4rg- ja kuivt\u00f6\u00f6taimurid: kuidas nad t\u00f6\u00f6tavad ja kus neid kasutatakse? T\u00f6\u00f6stusliku tolmuimeja W2 peamine eelis on selle mitmek\u00fclgsus. Selle imemisv\u00f5imsus t\u00e4hendab, et see suudab samaaegselt t\u00f5sta ja tolmuimeerida nii tahkeid kui ka vedelaid materjale. Sellel on kaks \u00fchefaasilist m\u00f6\u00f6davoolumootorit, mis on kaitstud tugeva terasest mootoripeaga ja seestpoolt helikindlalt. Tolmuimejal on vee ja tolmu eralduss\u00fcsteem, mis filtreerib vedelikud kuivadest osakestest. Tolmuosakesi hoitakse teraskonteineris, vedelikud aga kogutakse mahutisse. T\u00f6\u00f6stuslik tolmuimeja W2 sobib ideaalselt v\u00e4ikeste ja keskmiste tolmukoguste puhastamiseks ja k\u00e4itlemiseks. See &#8230; <\/p>\n<p class=\"read-more-container\"><a title=\"W2 t\u00f6\u00f6stuslik tolmuimeja\" class=\"read-more button\" href=\"https:\/\/obera.fr\/et\/produits\/aspirateurs-industriels\/w2-haute-filtration-polyvalence\/#more-50693\" aria-label=\"Read more about W2 t\u00f6\u00f6stuslik tolmuimeja\">Lire la suite<\/a><\/p>\n","protected":false},"author":4,"featured_media":83738,"parent":52204,"menu_order":0,"comment_status":"closed","ping_status":"closed","template":"","meta":{"_acf_changed":false,"_seopress_robots_primary_cat":"","_seopress_titles_title":"W2 t\u00f6\u00f6stuslik tolmuimeja: k\u00f5rge filtratsioon ja mitmek\u00fclgsus","_seopress_titles_desc":"Valige W2-seeria, millel on k\u00f5rge filtreerimiss\u00fcsteem tahke ja vedela tolmu samaaegseks eemaldamiseks.","_seopress_robots_index":"","footnotes":""},"class_list":{"0":"post-50693","1":"page","2":"type-page","3":"status-publish","4":"has-post-thumbnail","6":"no-featured-image-padding","7":"resize-featured-image"},"acf":[],"_links":{"self":[{"href":"https:\/\/obera.fr\/et\/wp-json\/wp\/v2\/pages\/50693","targetHints":{"allow":["GET"]}}],"collection":[{"href":"https:\/\/obera.fr\/et\/wp-json\/wp\/v2\/pages"}],"about":[{"href":"https:\/\/obera.fr\/et\/wp-json\/wp\/v2\/types\/page"}],"author":[{"embeddable":true,"href":"https:\/\/obera.fr\/et\/wp-json\/wp\/v2\/users\/4"}],"replies":[{"embeddable":true,"href":"https:\/\/obera.fr\/et\/wp-json\/wp\/v2\/comments?post=50693"}],"version-history":[{"count":12,"href":"https:\/\/obera.fr\/et\/wp-json\/wp\/v2\/pages\/50693\/revisions"}],"predecessor-version":[{"id":107406,"href":"https:\/\/obera.fr\/et\/wp-json\/wp\/v2\/pages\/50693\/revisions\/107406"}],"up":[{"embeddable":true,"href":"https:\/\/obera.fr\/et\/wp-json\/wp\/v2\/pages\/52204"}],"wp:featuredmedia":[{"embeddable":true,"href":"https:\/\/obera.fr\/et\/wp-json\/wp\/v2\/media\/83738"}],"wp:attachment":[{"href":"https:\/\/obera.fr\/et\/wp-json\/wp\/v2\/media?parent=50693"}],"curies":[{"name":"wp","href":"https:\/\/api.w.org\/{rel}","templated":true}]}}