{"id":50709,"date":"2024-04-05T23:01:46","date_gmt":"2024-04-05T21:01:46","guid":{"rendered":"https:\/\/obera.fr\/w3-toostuslik-tolmuimeja\/"},"modified":"2025-06-03T11:16:32","modified_gmt":"2025-06-03T09:16:32","slug":"w3-pour-nettoyage-general","status":"publish","type":"page","link":"https:\/\/obera.fr\/et\/produits\/aspirateurs-industriels\/w3-pour-nettoyage-general\/","title":{"rendered":"W3 t\u00f6\u00f6stuslik tolmuimeja"},"content":{"rendered":"\n<p>Suure j\u00f5udlusega ja h\u00f5lpsasti kasutatav <a href=\"https:\/\/obera.fr\/et\/produits\/aspirateurs-industriels\/\" data-type=\"page\" data-id=\"41\">tolmuimeja<\/a> W3 t\u00f6\u00f6stuslik tolmuimeja on \u00fcldpuhastuseks h\u00e4davajalik, mida saab kohandada vastavalt igale vajadusele.<\/p>\n\n\n\n<h2 class=\"wp-block-heading\">T\u00f6\u00f6stusliku tolmuimeja W3 p\u00f5him\u00f5te ja kasutamine<\/h2>\n\n\n\n<div class=\"wp-block-columns is-layout-flex wp-container-core-columns-is-layout-28f84493 wp-block-columns-is-layout-flex\">\n<div class=\"wp-block-column is-layout-flow wp-block-column-is-layout-flow\" style=\"flex-basis:33.33%\">\n<figure class=\"wp-block-image aligncenter size-full is-resized\"><img decoding=\"async\" width=\"658\" height=\"652\" src=\"https:\/\/obera.fr\/wp-content\/uploads\/2024\/10\/w3.png\" alt=\"T\u00f6\u00f6stuslikud tolmuimejad\" class=\"wp-image-35427\" style=\"object-fit:cover;width:300px;height:300px\" srcset=\"https:\/\/obera.fr\/wp-content\/uploads\/2024\/10\/w3.png 658w, https:\/\/obera.fr\/wp-content\/uploads\/2024\/10\/w3-300x297.png 300w, https:\/\/obera.fr\/wp-content\/uploads\/2024\/10\/w3-150x150.png 150w, https:\/\/obera.fr\/wp-content\/uploads\/2024\/10\/w3-24x24.png 24w, https:\/\/obera.fr\/wp-content\/uploads\/2024\/10\/w3-48x48.png 48w, https:\/\/obera.fr\/wp-content\/uploads\/2024\/10\/w3-96x96.png 96w\" sizes=\"(max-width: 658px) 100vw, 658px\" \/><\/figure>\n<\/div>\n\n\n\n<div class=\"wp-block-column is-layout-flow wp-block-column-is-layout-flow\" style=\"flex-basis:66.66%\">\n<p><strong>T\u00f6\u00f6stuslik tolmuimeja W3<\/strong> on tuntud oma mitmek\u00fclgsuse ja vaikse t\u00f6\u00f6 poolest. Sellel on kolm v\u00f5imsat m\u00f6\u00f6davoolumootorit, mis imevad \u00f5hku sisse ja jagavad selle kaheks vooluks: \u00fchte voolu kasutatakse mootori jahutamiseks, teist aga tolmu ja tahkete ainete v\u00e4lja imemiseks. See imus\u00fcsteem mitte ainult ei takista mootori ummistumist, vaid hoiab ka peenosakesi kinni, juhtides \u00f5huvoolu l\u00e4bi tolmufiltri. W3-seeria m\u00f6\u00f6davoolumootorid pakuvad suurt imemisv\u00f5imsust, v\u00e4hem hooldust ja pikemat seadme kasutusiga (v\u00e4iksem \u00fclekuumenemise ja ummistumise oht).   <\/p>\n\n\n\n<p>Milleks see on? Mitmek\u00fclgne, vilgas ja praktiline \u00fchefaasiline tolmuimeja W3 sobib ideaalselt \u00fcldpuhastuseks: p\u00f5randate, seinte, ehitusplatside, t\u00f6\u00f6kodade, tootmismasinate jne puhastamiseks. See on ka suurep\u00e4rane valik peene tolmu ja allergeensete osakeste imemiseks. T\u00e4nu selle konstruktsioonile ja laiale valikule kohandamisv\u00f5imalustele on seda lihtne kohandada k\u00f5ikidele t\u00f6\u00f6stussektoritele. See on eriti t\u00f5hus tolmu ja tahkete osakeste imemiseks mehaanilistes t\u00f6\u00f6kodades, toiduainete t\u00f6\u00f6tlemise ettev\u00f5tetes, tislerit\u00f6\u00f6kodades, k\u00e4sit\u00f6\u00f6kodades, liivapritsit\u00f6\u00f6kodades, tsemendit\u00f6\u00f6del ja pinnat\u00f6\u00f6tluses.   <\/p>\n\n\n\n<div class=\"wp-block-columns is-layout-flex wp-container-core-columns-is-layout-28f84493 wp-block-columns-is-layout-flex\">\n<div class=\"wp-block-column is-layout-flow wp-block-column-is-layout-flow\">\n<div class=\"wp-block-buttons is-layout-flex wp-block-buttons-is-layout-flex\">\n<div class=\"wp-block-button\"><a class=\"wp-block-button__link wp-element-button\" href=\"https:\/\/obera.fr\/wp-content\/uploads\/2025\/06\/brochure-w3-en.pdf\">LAE ALLA BRO\u0160\u00dc\u00dcR<\/a><\/div>\n<\/div>\n<\/div>\n\n\n\n<div class=\"wp-block-column is-layout-flow wp-block-column-is-layout-flow\">\n<div class=\"wp-block-buttons is-layout-flex wp-block-buttons-is-layout-flex\">\n<div class=\"wp-block-button\"><a class=\"wp-block-button__link wp-element-button\" href=\"https:\/\/obera.fr\/contact\/\">VAJATE INDIVIDUAALSET N\u00d5USTAMIST?<\/a><\/div>\n<\/div>\n<\/div>\n\n\n\n<div class=\"wp-block-column is-layout-flow wp-block-column-is-layout-flow\">\n<div class=\"wp-block-buttons is-content-justification-center is-layout-flex wp-container-core-buttons-is-layout-a89b3969 wp-block-buttons-is-layout-flex\">\n<div class=\"wp-block-button btn-devis-source\"><a class=\"wp-block-button__link wp-element-button\" href=\"https:\/\/obera.fr\/et\/devis\/\">Taotlege hinnapakkumist<\/a><\/div>\n<\/div>\n\n\n<script>\r\ndocument.addEventListener('DOMContentLoaded', function() {\r\n    \/\/ 1. On cherche le titre H1 de la page\r\n    var h1 = document.querySelector('h1');\r\n    var productTitle = h1 ? h1.innerText.trim() : \"\";\r\n\r\n    \/\/ 2. On cherche les boutons via la classe CSS .btn-devis-source\r\n    var buttons = document.querySelectorAll('.btn-devis-source a');\r\n\r\n    \/\/ 3. Si on a le titre et les boutons, on ajoute le param\u00e8tre\r\n    if (buttons.length > 0 && productTitle !== \"\") {\r\n        var encodedTitle = encodeURIComponent(productTitle);\r\n\r\n        buttons.forEach(function(btn) {\r\n            var currentHref = btn.getAttribute('href');\r\n            \r\n            \/\/ S\u00e9curit\u00e9 pour ne pas ajouter le param\u00e8tre 2 fois\r\n            if (currentHref.indexOf('sujet=') === -1) {\r\n                var separator = currentHref.indexOf('?') !== -1 ? '&' : '?';\r\n                var newLink = currentHref + separator + 'sujet=' + encodedTitle;\r\n                \r\n                btn.setAttribute('href', newLink);\r\n            }\r\n        });\r\n    }\r\n});\r\n<\/script><\/div>\n<\/div>\n<\/div>\n<\/div>\n\n\n\n<h2 class=\"wp-block-heading\">\u00dcldine puhastamine: W3 tolmuimeja omadused<\/h2>\n\n\n\n<p>T\u00f6\u00f6stuslik tolmuimeja W3 on saadaval kahes versioonis. See on varustatud kolme \u00fchefaasilise mootoriga, mille v\u00f5imsus on 65-liitrise versiooni puhul 1,1 kW ja 100-liitrise versiooni puhul 1,3 kW. See tehniline erip\u00e4ra muudab masina eriti t\u00f5husaks suure erikaaluga materjalide (kruus, liiv, naelad, kruvid, klaaspuru) imemiseks. Tolmuimeja maksimaalne vaakum on 2400 kuni 3600 Pa ja maksimaalne vooluhulk 540 m3\/h kuni 450 m3\/h, s\u00f5ltuvalt valitud versioonist.<\/p>\n\n\n\n<p>Vaatamata oma 3 m\u00f6\u00f6davoolumootorile on t\u00f6\u00f6stuslik tolmuimeja W3 vaikne. Imu\u00fcksus on helikindel, et v\u00e4hendada m\u00fcra miinimumini.<\/p>\n\n\n\n<p>Vastupidava imemisseadme pea on tugevast terasest. Filtri\u00fcksus on samuti valmistatud roostevabast terasest (filtrikamber), nagu ka selle ratastega salv ja \u0161assii.  <\/p>\n\n\n\n<p>L\u00f5puks on filtri\u00fcksus varustatud pol\u00fcesterkottfiltriga, mis tagab kaitse ja suure tolmupidavuse. Suur 2 m2 suurune pindala ja k\u00f5rge filtratsioonit\u00f5husus (3 mikronit) tagavad ka v\u00e4ljamineva \u00f5hu puhtuse.<\/p>\n\n\n\n<p>W3 tolmuimeja sisaldab puhastust\u00f6\u00f6tajatele m\u00f5eldud tarvikuid: paindlik imemisvoolik, harjad, l\u00f5hep\u00fc\u00fcdja jne.<\/p>\n\n\n\n<blockquote class=\"wp-block-quote is-layout-flow wp-block-quote-is-layout-flow\">\n<p>Saadaval olevad versioonid: t\u00f6\u00f6stuslik tolmuimeja W3 on saadaval kahes versioonis! \u00dcks mahutab 65 liitrit, teine 100 liitrit. See on saadaval ka 3 \u00fchefaasilise, kolmeastmelise mootoriga, et tulla toime suure erikaaluga materjalide imemisega.<\/p>\n<\/blockquote>\n\n\n\n<h3 class=\"wp-block-heading has-text-align-center\">Valikuline<\/h3>\n\n\n\n<div class=\"wp-block-columns is-layout-flex wp-container-core-columns-is-layout-28f84493 wp-block-columns-is-layout-flex\">\n<div class=\"wp-block-column is-layout-flow wp-block-column-is-layout-flow\" style=\"flex-basis:50%\">\n<ul class=\"wp-block-list\">\n<li>Nomex filter &#8211; kuumakindel kuni 250\u00b0;<\/li>\n\n\n\n<li>Hepa H14 absoluutne filter ;<\/li>\n\n\n\n<li>M-klassi PTFE-filter ;<\/li>\n\n\n\n<li>M-klassi vee-oleofoobne teflonfilter ;  <\/li>\n\n\n\n<li>M-klassi antistaatiline filter ;<\/li>\n<\/ul>\n<\/div>\n\n\n\n<div class=\"wp-block-column is-layout-flow wp-block-column-is-layout-flow\" style=\"flex-basis:50%\">\n<ul class=\"wp-block-list\">\n<li>Roostevabast terasest mahuti ja filtrikamber;<\/li>\n\n\n\n<li>Maandus ;<\/li>\n\n\n\n<li>Grillitud korv t\u00fchjendusklapiga ja tasemeindikaatoriga ;<\/li>\n\n\n\n<li>Kottkonteiner pikk matt 20mt ;<\/li>\n\n\n\n<li>Ts\u00fcklon filtri kaitseks.<\/li>\n<\/ul>\n<\/div>\n<\/div>\n\n\n\n<h3 class=\"wp-block-heading has-text-align-center\">INDUSTRIES<\/h3>\n\n\n\n<div class=\"wp-block-columns is-layout-flex wp-container-core-columns-is-layout-28f84493 wp-block-columns-is-layout-flex\">\n<div class=\"wp-block-column is-layout-flow wp-block-column-is-layout-flow\">\n<hr class=\"wp-block-separator has-alpha-channel-opacity\"\/>\n\n\n\n<div class=\"wp-block-columns is-layout-flex wp-container-core-columns-is-layout-28f84493 wp-block-columns-is-layout-flex\">\n<div class=\"wp-block-column is-layout-flow wp-block-column-is-layout-flow\">\n<figure class=\"wp-block-image aligncenter size-thumbnail is-resized\"><img decoding=\"async\" width=\"150\" height=\"150\" src=\"https:\/\/obera.fr\/wp-content\/uploads\/2022\/02\/Textile-150x150.png\" alt=\"tekstiil\" class=\"wp-image-8855\"\/><figcaption class=\"wp-element-caption\">Tekstiilid<\/figcaption><\/figure>\n\n\n\n<figure class=\"wp-block-image aligncenter size-thumbnail is-resized\"><img decoding=\"async\" width=\"150\" height=\"150\" src=\"https:\/\/obera.fr\/wp-content\/uploads\/2022\/02\/Plastique-150x150.png\" alt=\"plastist\" class=\"wp-image-8854\"\/><figcaption class=\"wp-element-caption\">Plastist<\/figcaption><\/figure>\n<\/div>\n\n\n\n<div class=\"wp-block-column is-layout-flow wp-block-column-is-layout-flow\">\n<figure class=\"wp-block-image aligncenter size-thumbnail is-resized\"><img decoding=\"async\" width=\"150\" height=\"150\" src=\"https:\/\/obera.fr\/wp-content\/uploads\/2022\/02\/MINERAIS-150x150.png\" alt=\"Maagid\" class=\"wp-image-8847\"\/><figcaption class=\"wp-element-caption\">Mineraalid<\/figcaption><\/figure>\n\n\n\n<figure class=\"wp-block-image aligncenter size-thumbnail is-resized\"><img decoding=\"async\" width=\"150\" height=\"150\" src=\"https:\/\/obera.fr\/wp-content\/uploads\/2022\/02\/Metalurgie-150x150.png\" alt=\"metallurgia\" class=\"wp-image-8857\"\/><figcaption class=\"wp-element-caption\">Metallurgia<\/figcaption><\/figure>\n\n\n\n<figure class=\"wp-block-image aligncenter size-thumbnail is-resized\"><img decoding=\"async\" width=\"150\" height=\"150\" src=\"https:\/\/obera.fr\/wp-content\/uploads\/2023\/02\/sans-titre-2023-02-14t102211.641-150x150.png\" alt=\"P\u00f5llumajandus\" class=\"wp-image-18828\"\/><figcaption class=\"wp-element-caption\">P\u00f5llumajandus<\/figcaption><\/figure>\n<\/div>\n<\/div>\n<\/div>\n\n\n\n<div class=\"wp-block-column is-layout-flow wp-block-column-is-layout-flow\">\n<hr class=\"wp-block-separator has-alpha-channel-opacity\"\/>\n\n\n\n<div class=\"wp-block-columns is-layout-flex wp-container-core-columns-is-layout-28f84493 wp-block-columns-is-layout-flex\">\n<div class=\"wp-block-column is-layout-flow wp-block-column-is-layout-flow\">\n<figure class=\"wp-block-image aligncenter size-thumbnail is-resized\"><img decoding=\"async\" width=\"150\" height=\"150\" src=\"https:\/\/obera.fr\/wp-content\/uploads\/2022\/02\/Chimie-150x150.png\" alt=\"keemia\" class=\"wp-image-8846\"\/><figcaption class=\"wp-element-caption\">Keemia<\/figcaption><\/figure>\n\n\n\n<figure class=\"wp-block-image aligncenter size-thumbnail is-resized\"><img decoding=\"async\" width=\"150\" height=\"150\" src=\"https:\/\/obera.fr\/wp-content\/uploads\/2022\/02\/Travail-du-bois-150x150.png\" alt=\"puidut\u00f6\u00f6tlemine\" class=\"wp-image-8856\"\/><figcaption class=\"wp-element-caption\">Puidut\u00f6\u00f6tlemine<\/figcaption><\/figure>\n\n\n\n<figure class=\"wp-block-image aligncenter size-thumbnail is-resized\"><img decoding=\"async\" width=\"150\" height=\"150\" src=\"https:\/\/obera.fr\/wp-content\/uploads\/2023\/02\/sans-titre-2023-02-14t101920.185-150x150.png\" alt=\"Lennundus\" class=\"wp-image-18831\"\/><figcaption class=\"wp-element-caption\">Lennundus<\/figcaption><\/figure>\n<\/div>\n\n\n\n<div class=\"wp-block-column is-layout-flow wp-block-column-is-layout-flow\">\n<figure class=\"wp-block-image aligncenter size-thumbnail is-resized\"><img decoding=\"async\" width=\"150\" height=\"150\" src=\"https:\/\/obera.fr\/wp-content\/uploads\/2022\/02\/AGROALIMENTAIRE-150x150.png\" alt=\"p\u00f5llumajandus- ja toiduainet\u00f6\u00f6stus\" class=\"wp-image-8844\"\/><figcaption class=\"wp-element-caption\">Toiduainet\u00f6\u00f6stus<\/figcaption><\/figure>\n\n\n\n<figure class=\"wp-block-image aligncenter size-thumbnail is-resized\"><img decoding=\"async\" width=\"150\" height=\"150\" src=\"https:\/\/obera.fr\/wp-content\/uploads\/2022\/02\/Papier-carton-150x150.png\" alt=\"paber ja papp\" class=\"wp-image-8853\"\/><figcaption class=\"wp-element-caption\">Paber\/papp<\/figcaption><\/figure>\n\n\n\n<figure class=\"wp-block-image aligncenter size-thumbnail is-resized\"><img decoding=\"async\" width=\"150\" height=\"150\" src=\"https:\/\/obera.fr\/wp-content\/uploads\/2023\/02\/sans-titre-2023-02-14t101712.416-150x150.png\" alt=\"Autot\u00f6\u00f6stus\" class=\"wp-image-18834\"\/><figcaption class=\"wp-element-caption\">Autot\u00f6\u00f6stus<\/figcaption><\/figure>\n<\/div>\n<\/div>\n<\/div>\n<\/div>\n\n\n\n<figure class=\"wp-block-table\"><table class=\"has-fixed-layout\"><tbody><tr><td>Pinge<\/td><td>V-HZ<\/td><td>230<\/td><td>230-50<\/td><\/tr><tr><td>V\u00f5imsus<\/td><td>kW<\/td><td>3&#215;1.1<\/td><td>3&#215;1.3<\/td><\/tr><tr><td>Maksimaalne depressioon<\/td><td>Pa<\/td><td>2400 Pa<\/td><td>3600 Pa<\/td><\/tr><tr><td>Maksimaalne \u00f5huvool<\/td><td>m3\/h<\/td><td>540<\/td><td>450<\/td><\/tr><tr><td>Suuosa l\u00e4bim\u00f5\u00f5t<\/td><td>mm<\/td><td>80<\/td><td>80<\/td><\/tr><tr><td>Filtri t\u00fc\u00fcp<\/td><td><\/td><td>T\u00e4htede taskutega<\/td><td>T\u00e4htede taskutega<\/td><\/tr><tr><td>Pind<\/td><td>cm2<\/td><td>20.000<\/td><td>20.000<\/td><\/tr><tr><td>Puhastuss\u00fcsteem<\/td><td><\/td><td>Manuel<\/td><td>Manuel<\/td><\/tr><tr><td>Saagikoristuskonteiner<\/td><td><\/td><td>Teras<\/td><td>Teras<\/td><\/tr><tr><td>Drenaa\u017eis\u00fcsteem<\/td><td><\/td><td>Eemaldatav pr\u00fcgikast<\/td><td>Eemaldatav pr\u00fcgikast<\/td><\/tr><tr><td>V\u00f5imsus<\/td><td>liiter<\/td><td>65\/100<\/td><td>65\/100<\/td><\/tr><tr><td>M\u00f5\u00f5tmed<\/td><td>cm<\/td><td>58x60x135cm<\/td><td>58x60x145cm<\/td><\/tr><tr><td>Filtreerimisseadmed &#8211; klass<\/td><td><\/td><td><\/td><td>Polyester-L<\/td><\/tr><\/tbody><\/table><\/figure>\n\n\n\n<div class=\"wp-block-buttons is-content-justification-center is-layout-flex wp-container-core-buttons-is-layout-a89b3969 wp-block-buttons-is-layout-flex\">\n<div class=\"wp-block-button\"><a class=\"wp-block-button__link wp-element-button\" href=\"https:\/\/obera.fr\/wp-content\/uploads\/2024\/04\/obera_brochure-w3-fr.pdf\">TOOTE ANDMELEHE ALLALAADIMINE<\/a><\/div>\n<\/div>\n\n\n\n<h2 class=\"wp-block-heading\">W3 tolmuimeja eelised<\/h2>\n\n\n\n<p>W3-seeria on eriti populaarne oma kasutusmugavuse t\u00f5ttu. K\u00f5ik on loodud selleks, et lihtsustada operaatori \u00fcldpuhastusteenust nii palju kui v\u00f5imalik. Sellel on vaakummanomeeter koos m\u00e4rgutulega, et tuvastada filtri k\u00fcllastumist. Mootori peas on kaks k\u00e4epidet, et filtri vahetamisel oleks lihtne t\u00f5sta. \u00dchefaasiline tolmuimeja on varustatud ka k\u00e4sitsi puhastuss\u00fcsteemiga, mida saab aktiveerida \u00fche l\u00fclitiga, nii et pinnatehnikud saavad nautida maksimaalset tolmuimeja j\u00f5udlust.<\/p>\n\n\n\n<div class=\"wp-block-columns is-layout-flex wp-container-core-columns-is-layout-28f84493 wp-block-columns-is-layout-flex\">\n<div class=\"wp-block-column is-layout-flow wp-block-column-is-layout-flow\" style=\"flex-basis:33.34%\">\n<h3 class=\"wp-block-heading\">Eelised :<\/h3>\n\n\n\n<ul class=\"wp-block-list\">\n<li>Vaakummanomeeter koos m\u00e4rgutulega filtri k\u00fcllastumise ennetamiseks;<\/li>\n\n\n\n<li>Allapoole suunatud \u00f5hu v\u00e4ljavool ;<\/li>\n\n\n\n<li>Kompaktne, mobiilne ja h\u00f5lpsasti k\u00e4sitsetav;<\/li>\n\n\n\n<li>Mitmek\u00fclgne ja vaikne.<\/li>\n<\/ul>\n<\/div>\n\n\n\n<div class=\"wp-block-column is-layout-flow wp-block-column-is-layout-flow\" style=\"flex-basis:33.34%\">\n<h3 class=\"wp-block-heading\">Eriomadused:<\/h3>\n\n\n\n<ul class=\"wp-block-list\">\n<li>Kolm \u00fchefaasilist s\u00f5ltumatu l\u00fclitiga \u0161untmootorit;<\/li>\n\n\n\n<li>Pol\u00fcestrist t\u00e4rnifilter ;<\/li>\n\n\n\n<li>Saadaval on lai valik filtreid.<\/li>\n<\/ul>\n<\/div>\n\n\n\n<div class=\"wp-block-column is-layout-flow wp-block-column-is-layout-flow\" style=\"flex-basis:33.33%\">\n<h3 class=\"wp-block-heading\">Omadused :<\/h3>\n\n\n\n<ul class=\"wp-block-list\">\n<li>Saadaval 65-liitrine v\u00f5i 100-liitrine versioon;<\/li>\n\n\n\n<li>Saadaval on 3-astmeline versioon;<\/li>\n\n\n\n<li>Imemisseadme kaitse koos selle t\u00e4rnifiltriga (pol\u00fcester).<\/li>\n<\/ul>\n<\/div>\n<\/div>\n\n\n\n<h2 class=\"wp-block-heading\">\u00dchefaasilise t\u00f6\u00f6stusliku tolmuimeja testimine \u00fcldpuhastuseks<\/h2>\n\n\n\n<p>Pakume teie t\u00f6\u00f6kodades t\u00e4iemahulist testi, mille ostmise v\u00f5imalus kestab keskmiselt 1 kuu.<\/p>\n\n\n\n<div class=\"wp-block-buttons is-content-justification-center is-layout-flex wp-container-core-buttons-is-layout-a89b3969 wp-block-buttons-is-layout-flex\">\n<div class=\"wp-block-button\"><a class=\"wp-block-button__link wp-element-button\" href=\"https:\/\/obera.fr\/et\/contact\/\">TESTIDA W2 TOLMUIMEJAT<\/a><\/div>\n<\/div>\n\n\n\n<h2 class=\"wp-block-heading\">Muud t\u00f6\u00f6stuslikud tolmuimejad tootesarjas<\/h2>\n\n\n\n<div class=\"wp-block-columns is-layout-flex wp-container-core-columns-is-layout-28f84493 wp-block-columns-is-layout-flex\">\n<div class=\"wp-block-column is-layout-flow wp-block-column-is-layout-flow\">\n<figure class=\"wp-block-image aligncenter size-full is-resized\"><a href=\"https:\/\/obera.fr\/produits\/aspirateurs-industriels\/w2-xr-atex-22\/\"><img decoding=\"async\" width=\"566\" height=\"671\" src=\"https:\/\/obera.fr\/wp-content\/uploads\/2024\/10\/w2-xr-2.png\" alt=\"T\u00f6\u00f6stuslikud tolmuimejad\" class=\"wp-image-35431\" style=\"object-fit:cover;width:300px;height:300px\" srcset=\"https:\/\/obera.fr\/wp-content\/uploads\/2024\/10\/w2-xr-2.png 566w, https:\/\/obera.fr\/wp-content\/uploads\/2024\/10\/w2-xr-2-253x300.png 253w\" sizes=\"(max-width: 566px) 100vw, 566px\" \/><\/a><figcaption class=\"wp-element-caption\">W2 XR<\/figcaption><\/figure>\n<\/div>\n\n\n\n<div class=\"wp-block-column is-layout-flow wp-block-column-is-layout-flow\">\n<figure class=\"wp-block-image aligncenter size-full is-resized\"><a href=\"https:\/\/obera.fr\/produits\/aspirateurs-industriels\/w2-haute-filtration-polyvalence\/\"><img decoding=\"async\" width=\"711\" height=\"622\" src=\"https:\/\/obera.fr\/wp-content\/uploads\/2024\/10\/w2.png\" alt=\"T\u00f6\u00f6stuslikud tolmuimejad\" class=\"wp-image-35424\" style=\"width:343px;height:auto\" srcset=\"https:\/\/obera.fr\/wp-content\/uploads\/2024\/10\/w2.png 711w, https:\/\/obera.fr\/wp-content\/uploads\/2024\/10\/w2-300x262.png 300w\" sizes=\"(max-width: 711px) 100vw, 711px\" \/><\/a><figcaption class=\"wp-element-caption\">W2<\/figcaption><\/figure>\n<\/div>\n\n\n\n<div class=\"wp-block-column is-layout-flow wp-block-column-is-layout-flow\">\n<figure class=\"wp-block-image aligncenter size-full is-resized\"><a href=\"https:\/\/obera.fr\/produits\/aspirateurs-industriels\/ventilateurs-aspiration-gamme-eurosog-rg-100-800\/\"><img decoding=\"async\" width=\"600\" height=\"600\" src=\"https:\/\/obera.fr\/wp-content\/uploads\/2024\/04\/obera-ventilateur-aspiration-rg-300-400.jpg\" alt=\"obera imemisventilaator rg 300 400\" class=\"wp-image-29437\" style=\"object-fit:cover;width:300px;height:300px\" srcset=\"https:\/\/obera.fr\/wp-content\/uploads\/2024\/04\/obera-ventilateur-aspiration-rg-300-400.jpg 600w, https:\/\/obera.fr\/wp-content\/uploads\/2024\/04\/obera-ventilateur-aspiration-rg-300-400-300x300.jpg 300w, https:\/\/obera.fr\/wp-content\/uploads\/2024\/04\/obera-ventilateur-aspiration-rg-300-400-150x150.jpg 150w\" sizes=\"(max-width: 600px) 100vw, 600px\" \/><\/a><figcaption class=\"wp-element-caption\">RG 300\/400<\/figcaption><\/figure>\n<\/div>\n<\/div>\n","protected":false},"excerpt":{"rendered":"<p>Suure j\u00f5udlusega ja h\u00f5lpsasti kasutatav tolmuimeja W3 t\u00f6\u00f6stuslik tolmuimeja on \u00fcldpuhastuseks h\u00e4davajalik, mida saab kohandada vastavalt igale vajadusele. T\u00f6\u00f6stusliku tolmuimeja W3 p\u00f5him\u00f5te ja kasutamine T\u00f6\u00f6stuslik tolmuimeja W3 on tuntud oma mitmek\u00fclgsuse ja vaikse t\u00f6\u00f6 poolest. Sellel on kolm v\u00f5imsat m\u00f6\u00f6davoolumootorit, mis imevad \u00f5hku sisse ja jagavad selle kaheks vooluks: \u00fchte voolu kasutatakse mootori jahutamiseks, teist aga tolmu ja tahkete ainete v\u00e4lja imemiseks. See imus\u00fcsteem mitte ainult ei takista mootori ummistumist, vaid hoiab ka peenosakesi kinni, juhtides \u00f5huvoolu l\u00e4bi tolmufiltri. W3-seeria m\u00f6\u00f6davoolumootorid pakuvad suurt imemisv\u00f5imsust, v\u00e4hem hooldust ja pikemat seadme kasutusiga (v\u00e4iksem \u00fclekuumenemise ja ummistumise oht). Milleks see on? Mitmek\u00fclgne, vilgas &#8230; <\/p>\n<p class=\"read-more-container\"><a title=\"W3 t\u00f6\u00f6stuslik tolmuimeja\" class=\"read-more button\" href=\"https:\/\/obera.fr\/et\/produits\/aspirateurs-industriels\/w3-pour-nettoyage-general\/#more-50709\" aria-label=\"Read more about W3 t\u00f6\u00f6stuslik tolmuimeja\">Lire la suite<\/a><\/p>\n","protected":false},"author":4,"featured_media":83738,"parent":52204,"menu_order":0,"comment_status":"closed","ping_status":"closed","template":"","meta":{"_acf_changed":false,"_seopress_robots_primary_cat":"","_seopress_titles_title":"W3 t\u00f6\u00f6stuslik tolmuimeja \u00fcldpuhastuseks OberA","_seopress_titles_desc":"W3-seeria seadmetel on 3 \u00fchefaasilist mootorit, mis \u00fchendavad endas j\u00f5udluse ja kasutusmugavuse.","_seopress_robots_index":"","footnotes":""},"class_list":{"0":"post-50709","1":"page","2":"type-page","3":"status-publish","4":"has-post-thumbnail","6":"no-featured-image-padding","7":"resize-featured-image"},"acf":[],"_links":{"self":[{"href":"https:\/\/obera.fr\/et\/wp-json\/wp\/v2\/pages\/50709","targetHints":{"allow":["GET"]}}],"collection":[{"href":"https:\/\/obera.fr\/et\/wp-json\/wp\/v2\/pages"}],"about":[{"href":"https:\/\/obera.fr\/et\/wp-json\/wp\/v2\/types\/page"}],"author":[{"embeddable":true,"href":"https:\/\/obera.fr\/et\/wp-json\/wp\/v2\/users\/4"}],"replies":[{"embeddable":true,"href":"https:\/\/obera.fr\/et\/wp-json\/wp\/v2\/comments?post=50709"}],"version-history":[{"count":14,"href":"https:\/\/obera.fr\/et\/wp-json\/wp\/v2\/pages\/50709\/revisions"}],"predecessor-version":[{"id":107545,"href":"https:\/\/obera.fr\/et\/wp-json\/wp\/v2\/pages\/50709\/revisions\/107545"}],"up":[{"embeddable":true,"href":"https:\/\/obera.fr\/et\/wp-json\/wp\/v2\/pages\/52204"}],"wp:featuredmedia":[{"embeddable":true,"href":"https:\/\/obera.fr\/et\/wp-json\/wp\/v2\/media\/83738"}],"wp:attachment":[{"href":"https:\/\/obera.fr\/et\/wp-json\/wp\/v2\/media?parent=50709"}],"curies":[{"name":"wp","href":"https:\/\/api.w.org\/{rel}","templated":true}]}}